{"id":1990,"date":"2023-02-16T17:05:08","date_gmt":"2023-02-16T17:05:08","guid":{"rendered":"https:\/\/www.eco-innovation.eu\/?page_id=1990"},"modified":"2023-03-17T15:29:54","modified_gmt":"2023-03-17T15:29:54","slug":"nuubu","status":"publish","type":"page","link":"https:\/\/www.eco-innovation.eu\/sv\/nuubu\/","title":{"rendered":"K\u00f6p NUUBU pl\u00e5ster &#8211; Review &#038; Omd\u00f6me Sverige &#8211; Utv\u00e4rdering: Ingen bluff"},"content":{"rendered":"<p><img loading=\"lazy\" decoding=\"async\" class=\"aligncenter size-full wp-image-297\" src=\"https:\/\/www.kisswin.de\/wp-content\/uploads\/2022\/08\/Nuubu-Pflaster-kaufen.jpg\" alt=\"Buy Nuubu Patches\" width=\"600\" height=\"600\" \/><\/p>\n<p><big><strong>Nuubu pl\u00e5ster hj\u00e4lper till att avgifta kroppen. Det <span style=\"colour: #008000;\">naturliga asiatiska s\u00e4ttet att dra ut gifter ur kroppen<\/span> f\u00f6rb\u00e4ttrar det allm\u00e4nna v\u00e4lbefinnandet. Metoden \u00e4r en naturlig och milj\u00f6v\u00e4nlig typ av behandling som alternativt avl\u00e4gsnar kroppens gifter och fr\u00e4mjar anv\u00e4ndarens h\u00e4lsa. Om du k\u00e4nner dig tr\u00f6tt, stressad eller utmattad \u00e4r du inte ensam.<\/strong><\/big>.<\/p>\n<div class=\"sue-section\" data-url=\"\" data-target=\"blank\" style=\"margin:0px 0px 0px 0px;border-top:1px solid #cccccc;border-bottom:1px solid #cccccc\"><div class=\"sue-section-background\" style=\"background-color:#ebebeb;background-position:left top;\"><\/div><div class=\"sue-section-content sue-content-wrap\" style=\"padding:30px 0px 30px 0px;max-width:960px;text-align:left;color:#333333;text-shadow:0px 1px 10px #ffffff\">\n<h2>NUUBU pl\u00e5ster &#8211; Review &amp; Omd\u00f6me<\/h2>\n<div class=\"su-list\" style=\"margin-left:0px\">\n<ul>\n<li><i class=\"sui sui-check\" style=\"color:#00a303\"><\/i> Naturliga aktiva ingredienser vars effektivitet har varit k\u00e4nd i \u00e5rhundraden<\/li>\n<li><i class=\"sui sui-check\" style=\"color:#00a303\"><\/i> Nuubu \u00e4r en v\u00e4lrenommerad detoxprodukt (det \u00e4r ingen bluff, prenumerationsf\u00e4lla eller f\u00f6rfalskning)<\/li>\n<li><i class=\"sui sui-check\" style=\"color:#00a303\"><\/i> Excellenta vittnesm\u00e5l fr\u00e5n kunder p\u00e5 Youtube och i forumet<\/li>\n<li><i class=\"sui sui-check\" style=\"color:#00a303\"><\/i> Den aktuella Detox-testvinnaren p\u00e5 m\u00e5nga portaler med mycket bra betyg<\/li>\n<li><i class=\"sui sui-check\" style=\"color:#00a303\"><\/i> L\u00e4mplig f\u00f6r kvinnor och m\u00e4n<\/li>\n<li><i class=\"sui sui-check\" style=\"color:#00a303\"><\/i> <strong>F\u00f6r en kort tid best\u00e4llning med 70% rabatt<\/strong><\/li>\n<\/ul>\n<\/div>\n<h2>K\u00f6p NUUBU pl\u00e5ster<\/h2>\n<div class=\"su-button-center\"><a href=\"https:\/\/www.eco-innovation.eu\/go\/nuubu-se\" class=\"su-button su-button-style-soft\" style=\"color:#FFFFFF;background-color:#fb5a00;border-color:#c94800;border-radius:9px;-moz-border-radius:9px;-webkit-border-radius:9px\" target=\"_blank\" rel=\"nofollow\"><span style=\"color:#FFFFFF;padding:8px 24px;font-size:18px;line-height:27px;border-color:#fd8c4d;border-radius:9px;-moz-border-radius:9px;-webkit-border-radius:9px;text-shadow:none;-moz-text-shadow:none;-webkit-text-shadow:none\"><i class=\"sui sui-check-circle\" style=\"font-size:18px;color:#FFFFFF\"><\/i> K\u00f6p Nuubu plaster 70 % rabatt (officiell butik)<\/span><\/a><\/div>\n<\/div><\/div>\n<p>&nbsp;<\/p>\n\n<p>&nbsp;<\/p>\n<a href=\"javascript:;\" class=\"sue-icon sue-icon-no-url\" style=\"font-size:16px;color:#333333;margin:0px 20px 20px 0px\" target=\"_blank\"><\/a>\n<h2>Seri\u00f6st eller bluff?<\/h2>\n<p><strong>\u00c4r Nuubu seri\u00f6s eller falsk?<\/strong><\/p>\n<div class=\"su-list\" style=\"margin-left:0px\">\n<ul>\n<li><i class=\"sui sui-arrow-circle-right\" style=\"color:#2452BE\"><\/i> Nuubu har klarat <strong>fake check<\/strong>. Produkten har skickats. Nuubu \u00e4r inte en falsk butik.<\/li>\n<li><i class=\"sui sui-arrow-circle-right\" style=\"color:#2452BE\"><\/i> Nuubu \u00e4r seri\u00f6s.<\/li>\n<li><i class=\"sui sui-arrow-circle-right\" style=\"color:#2452BE\"><\/i> <strong>Se upp f\u00f6r f\u00f6rfalskningar och bedr\u00e4gerier fr\u00e5n Nuubu, best\u00e4ll endast fr\u00e5n den officiella butiken.<\/strong><\/li>\n<\/ul>\n<\/div>\n[\/su_section]\n<p>&nbsp;<\/p>\n<h2>Nuubu Deep Cleansing Foot Pads Review and Experience<\/h2>\n<p>Dagens livsstil \u00e4r s\u00e4rskilt p\u00e5frestande f\u00f6r m\u00e4nniskokroppen. Vanliga konsekvenser \u00e4r lite s\u00f6mn, huvudv\u00e4rk och oundviklig stress. Behandling med Nuubu fotkuddar och deras v\u00e4rdefulla aktiva ingredienser kan f\u00f6rb\u00e4ttra den allm\u00e4nna h\u00e4lsan. Skadliga element som ackumuleras i din organism och p\u00e5verkar ditt v\u00e4lbefinnande kan avl\u00e4gsnas genom behandlingen.<\/p>\n<p>Den st\u00f6rsta m\u00e4ngden gifter i kroppen finns i f\u00f6tterna. Efter att ha applicerat Nuubu Detox Patch visas ett m\u00f6rkt lager av uts\u00f6ndrade gifter p\u00e5 insidan av pl\u00e5stret. N\u00e4r det avl\u00e4gsnas k\u00e4nner kunderna en behaglig k\u00e4nsla och upplever ett mer avslappnat sinnestillst\u00e5nd.<\/p>\n<p>&nbsp;<\/p>\n<p>Nuubu dm:s metod best\u00e5r av kunskap som samlats i \u00e5rhundraden och str\u00e4cker sig \u00f6ver m\u00e5nga generationer. Denna metod f\u00f6r avgiftning g\u00e5r tillbaka till en l\u00e5ng asiatisk tradition. Enligt japansk medicinsk vetenskap finns det \u00f6ver 360 akupunkturpunkter i kroppen och cirka 60 av dem p\u00e5 fotsulan. Nuubu-produkterna kombinerar den traditionella l\u00e4kekonsten med moderna metoder. Pl\u00e5stren ska visa effekt efter bara n\u00e5gra f\u00e5 appliceringar. Det finns inga tidsbegr\u00e4nsningar f\u00f6r hur l\u00e4nge de kan anv\u00e4ndas. Detta \u00e4r upp till anv\u00e4ndaren att best\u00e4mma, vanligtvis uppst\u00e5r ett tillfredsst\u00e4llande resultat efter mindre \u00e4n 10 dagar, vid daglig anv\u00e4ndning.<\/p>\n<div class=\"sue-icon-panel\" data-url=\"\" data-target=\"self\" style=\"background-color:#f4fff4;color:#333333;border-radius:21px;-moz-border-radius:21px;-webkit-border-radius:21px;box-shadow:0px 1px 2px #eeeeeeee;-moz-box-shadow:0px 1px 2px #eeeeeeee;-webkit-box-shadow:0px 1px 2px #eeeeeeee;border:1px solid #cccccc\"><div class=\"sue-icon-panel-head\"><i class=\"sui sui-leaf\" style=\"font-size:49px;color:#006d0a\"><\/i><\/div><div class=\"sue-icon-panel-content sue-content-wrap\" style=\"text-align:center\">\n<h2>Ingredienser och sammans\u00e4ttning<\/h2>\n<p>Nuubu pl\u00e5ster har ett antal naturliga ingredienser. Dessa har en positiv effekt p\u00e5 kroppen och befriar den fr\u00e5n lagrade gifter. De aktiva ingredienserna i produkten f\u00f6rb\u00e4ttrar anv\u00e4ndarnas s\u00f6mn. Dessutom ger produkten \u00f6kade energiniv\u00e5er och ger avslappning samt inre lugn.<\/p>\n<h3>Loquatblad<\/h3>\n<p>Loquatblad har en antibakteriell effekt och hj\u00e4lper till att absorbera d\u00e5lig lukt. Dessutom har de en behaglig doft som \u00e4r uppfriskande. De har en gynnsam effekt mot hudsjukdomar och p\u00e5skyndar s\u00e5rl\u00e4kningsprocessen i huden. Dessutom har bladen ett h\u00f6gt inneh\u00e5ll av antioxidanter som f\u00f6ryngrar hudens utseende. V\u00e4xtens best\u00e5ndsdel amygdalin st\u00f6der leverns funktion. \u00c4mnet aktiverar organet och fr\u00e4mjar eliminering av skadliga \u00e4mnen och avfallsprodukter.<\/p>\n<h3>Bambuvin\u00e4ger<\/h3>\n<p>Bambusvin\u00e4ger inneh\u00e5ller h\u00e4lsofr\u00e4mjande mikroorganismer som fr\u00e4mjar matsm\u00e4ltning och cellf\u00f6r\u00f6kning samt tarm- och munh\u00e4lsa och avl\u00e4gsnar d\u00e5lig lukt. Den aktiva ingrediensen erh\u00e5lls genom f\u00f6rkolning av bambuplantan och har avgiftande och mineraliserande egenskaper.<\/p>\n<h3>Vitamin C<\/h3>\n<p>Vitamin C \u00e4r en antioxidant som bidrar till att st\u00e4rka immunf\u00f6rsvaret. Dessutom bidrar vitaminet till att minska tr\u00f6tthet och underl\u00e4ttar kroppens absorption av j\u00e4rn. \u00c4mnet hj\u00e4lper kroppens celler att skydda sig mot oxidativ stress.<\/p>\n<h3>Tr\u00e4v\u00e4ttika<\/h3>\n<p>Tr\u00e4vin\u00e4ger anses vara en antibakteriell v\u00e4tska som fr\u00e4mjar absorptionen av svett och avfallsprodukter fr\u00e5n \u00e4mnesoms\u00e4ttningen samt fukt fr\u00e5n porerna. \u00c4mnet framst\u00e4lls genom destillation av tr\u00e4.<\/p>\n<h3>Turmalin<\/h3>\n<p>Turmalin \u00e4r ett mineral som st\u00f6der avgiftningsprocesser i kroppen och st\u00e4rker organ som njurar och lever. Det m\u00e4nskliga nervsystemet slappnar av genom ingrediensen och s\u00e4gs ge positiv energi. Den helande stenen har en st\u00e4rkande effekt p\u00e5 kroppens muskler.<\/p>\n<h3>Anion<\/h3>\n<p>Anjon \u00e4r ett negativt jonpulver som ger en h\u00e4lsosam pH-niv\u00e5 och reglerar syrehalten i blodet. Det st\u00f6der det m\u00e4nskliga immunsystemet och minskar m\u00e4ngden fria syreradikaler i kroppen.<\/p>\n<h3>Houttuynia Cordata<\/h3>\n<p>Houttuynia Cordata har m\u00e5nga f\u00f6rdelaktiga egenskaper och \u00e4r antiobesitas (mot fetma), antiviral, antibakteriell och hepatoprotektiv (leverskyddande). Detta v\u00e4xtbaserade antibiotikum anv\u00e4nds fr\u00e4mst vid infektioner och kroniska inflammationer. V\u00e4xten har v\u00e4rdefulla ingredienser som cyanidin, flavonoider och eteriska oljor.<\/p>\n<h3>Dextrin<\/h3>\n<p>Dextrin \u00e4r en aktiv ingrediens som fungerar som ett fibertillskott och f\u00f6rst\u00e4rker effekterna av andra ingredienser. \u00c4mnet bidrar till tillv\u00e4xten av h\u00e4lsobringande bakterier i tarmen och st\u00f6djer immunf\u00f6rsvaret. Dessutom f\u00f6rb\u00e4ttrar dextrin kroppens f\u00f6rm\u00e5ga att regenerera.<\/p>\n<\/div><\/div>\n<h2>Var kan man k\u00f6pa Nuubu-pl\u00e5ster?<\/h2>\n<p><strong>Var kan man k\u00f6pa? F\u00e5 det l\u00e4gsta priset h\u00e4r:<\/strong><\/p>\n<a href=\"https:\/\/www.eco-innovation.eu\/go\/nuubu-se\" class=\"su-button su-button-style-default\" style=\"color:#FFFFFF;background-color:#2D89EF;border-color:#246ec0;border-radius:10px;-moz-border-radius:10px;-webkit-border-radius:10px\" target=\"_blank\" rel=\"nofollow\"><span style=\"color:#FFFFFF;padding:0px 26px;font-size:20px;line-height:40px;border-color:#6cadf4;border-radius:10px;-moz-border-radius:10px;-webkit-border-radius:10px;text-shadow:none;-moz-text-shadow:none;-webkit-text-shadow:none\"> K\u00f6p NUUBU direkt fr\u00e5n tillverkaren.<br \/>\nF\u00e5 70% rabatt<\/span><\/a>\n<h2>Broschyr: till\u00e4mpning och anv\u00e4ndning<\/h2>\n<p>Toxiner i m\u00e4nniskokroppen utl\u00f6ser en rad olika symtom. Dessa inkluderar d\u00e5lig koncentration, irritabilitet, utmattning eller tr\u00f6tthet samt muskelv\u00e4rk och inre oro som utl\u00f6ses av stress. Detoxpl\u00e5stret appliceras p\u00e5 foten och drar ut gifter ur kroppen genom att aktivera svettk\u00f6rtlarna. Pl\u00e5stren absorberar skadliga f\u00f6roreningar n\u00e4r de appliceras. M\u00e4nniskokroppen \u00e4r laddad med gifter och metaboliskt avfall. Dessa leder till stress och cirkulationsproblem.<\/p>\n<p>Metoden f\u00f6r avgiftning f\u00f6rb\u00e4ttrar det allm\u00e4nna v\u00e4lbefinnandet. Ett holistiskt s\u00e4tt att l\u00e4ka st\u00e5r i fokus. Orsaken och inte symtomen ska behandlas f\u00f6r att f\u00e5 kropp, sj\u00e4l och ande i harmoni. Pl\u00e5stren inneh\u00e5ller olika v\u00e4xtbaserade l\u00e4kemedel som f\u00e5r full effekt n\u00e5gra timmar efter att de applicerats p\u00e5 fotsulan och absorberar gifterna. Produkten \u00e4r tillverkad av rena, naturliga \u00f6rter och utan kemiska tillsatser. Pl\u00e5stren har ingen skadlig toxicitet eller biverkningar. Tack vare det noggranna urvalet av de b\u00e4sta ingredienserna med \u00f6rter fr\u00e5n avl\u00e4gsna bergsomr\u00e5den i \u00d6stasien tolereras produkten v\u00e4l. Med hj\u00e4lp av pl\u00e5stren kan du \u00e5terg\u00e5 till en mer harmonisk livsstil.<\/p>\n<div class=\"su-button-center\"><a href=\"https:\/\/www.eco-innovation.eu\/go\/nuubu-se\" class=\"su-button su-button-style-soft\" style=\"color:#FFFFFF;background-color:#fb5a00;border-color:#c94800;border-radius:9px;-moz-border-radius:9px;-webkit-border-radius:9px\" target=\"_blank\" rel=\"nofollow\"><span style=\"color:#FFFFFF;padding:8px 24px;font-size:18px;line-height:27px;border-color:#fd8c4d;border-radius:9px;-moz-border-radius:9px;-webkit-border-radius:9px;text-shadow:none;-moz-text-shadow:none;-webkit-text-shadow:none\"><i class=\"sui sui-check-circle\" style=\"font-size:18px;color:#FFFFFF\"><\/i> K\u00f6p Nuubu plaster 70 % rabatt (officiell butik)<\/span><\/a><\/div>\n<p>&nbsp;<\/p>\n<h3>Anvisningar f\u00f6r anv\u00e4ndning<\/h3>\n<ol>\n<li>I det f\u00f6rsta appliceringssteget placerar du pl\u00e5stret p\u00e5 mitten av foten, med den mjuka sidan liggande p\u00e5 huden.<\/li>\n<li>I det andra steget applicerar du n\u00e4sta pl\u00e5ster p\u00e5 den andra foten eller en annan del av kroppen. Du best\u00e4mmer sj\u00e4lv var p\u00e5 kroppen du drar ut gifterna. Foten \u00e4r b\u00e4st, eftersom det \u00e4r d\u00e4r de flesta skadliga \u00e4mnena finns i kroppen.<\/li>\n<li>Det tredje steget \u00e4r att l\u00e5ta pl\u00e5stret sitta kvar i 6 till 8 timmar. Det \u00e4r b\u00e4st om du anv\u00e4nder produkten innan du g\u00e5r och l\u00e4gger dig.<\/li>\n<li>F\u00f6r att slutf\u00f6ra behandlingen tar du bort pl\u00e5stren efter att den effektiva tiden har g\u00e5tt ut. Tv\u00e4tta de behandlade omr\u00e5dena noggrant efter\u00e5t s\u00e5 att inga rester finns kvar p\u00e5 huden.<\/li>\n<\/ol>\n<p>Efter daglig anv\u00e4ndning i 10 dagar minskar m\u00e4ngden gifter som dras ut ur kroppen avsev\u00e4rt. Avfallsprodukterna och gifterna kan identifieras genom en m\u00f6rk missf\u00e4rgning av pl\u00e5stret. Senast efter den 10:e anv\u00e4ndningsdagen b\u00f6r pl\u00e5stret visa mindre missf\u00e4rgning efter anv\u00e4ndning.<\/p>\n<p>&nbsp;<\/p>\n<p><a href=\"https:\/\/https:\/\/www.eco-innovation.eu\/go\/nuubu-se\" target=\"_blank\" rel=\"nofollow noopener\"><img loading=\"lazy\" decoding=\"async\" class=\"aligncenter size-full wp-image-289\" src=\"https:\/\/www.kisswin.de\/wp-content\/uploads\/2022\/08\/nuubu-pflaster-bei-dm-kaufen.jpg\" alt=\"\" width=\"700\" height=\"453\" \/><\/a><\/p>\n<h2>Apotek<\/h2>\n<p><strong>K\u00f6p Nuubu-pl\u00e5ster p\u00e5 det officiella apoteket:<\/strong><\/p>\n<a href=\"https:\/\/www.eco-innovation.eu\/go\/nuubu-se\" class=\"su-button su-button-style-default\" style=\"color:#FFFFFF;background-color:#2D89EF;border-color:#246ec0;border-radius:10px;-moz-border-radius:10px;-webkit-border-radius:10px\" target=\"_blank\" rel=\"nofollow\"><span style=\"color:#FFFFFF;padding:0px 26px;font-size:20px;line-height:40px;border-color:#6cadf4;border-radius:10px;-moz-border-radius:10px;-webkit-border-radius:10px;text-shadow:none;-moz-text-shadow:none;-webkit-text-shadow:none\"> K\u00f6p NUUBU direkt fr\u00e5n tillverkaren.<br \/>\nF\u00e5 70% rabatt<\/span><\/a>\n<p>&nbsp;<\/p>\n<div class=\"sue-section\" data-url=\"\" data-target=\"blank\" style=\"margin:0px 0px 0px 0px;border-top:1px solid #cccccc;border-bottom:1px solid #cccccc\"><div class=\"sue-section-background\" style=\"background-color:#f8f8f8f8;background-position:left top;\"><\/div><div class=\"sue-section-content sue-content-wrap\" style=\"padding:30px 0px 30px 0px;max-width:960px;text-align:left;color:#333333;text-shadow:0px 1px 10px #ffffffffff\">\n<h2>Vittnesm\u00e5l, omd\u00f6men och recensioner p\u00e5 forumet<\/h2>\n<p>Pl\u00e5stren \u00e4r l\u00e4tta att best\u00e4lla online och n\u00e5r kunden inom tv\u00e5 till tre arbetsdagar. Dessutom har du m\u00f6jlighet att betala med Klarna f\u00f6rst efter att du f\u00e5tt varan.<\/p>\n<div class=\"su-list\" style=\"margin-left:0px\">\n<ul>\n<li><i class=\"sui sui-user\" style=\"color:#2452BE\"><\/i> Ett stort antal positiva recensioner bekr\u00e4ftar den lovande effekten av Nuubus produkter. Det rapporteras att genom regelbunden anv\u00e4ndning har kundernas fysiska och psykiska h\u00e4lsa f\u00f6rb\u00e4ttrats avsev\u00e4rt.<\/li>\n<li><i class=\"sui sui-user\" style=\"color:#2452BE\"><\/i> Detox Foot Patch dm \u00f6vertygar kunderna med sin enkla till\u00e4mpning och effektiva verkningsmekanism. Anv\u00e4ndarna \u00e4r \u00f6vertygade om produktens kvalitet och entusiastiska \u00f6ver pl\u00e5strens effektivitet. Pl\u00e5stret har rent naturliga ingredienser och avgiftningsmetoden har ett traditionellt v\u00e4rde, vilket kunderna uppskattar.<\/li>\n<li><i class=\"sui sui-user\" style=\"color:#2452BE\"><\/i> Det allm\u00e4nna v\u00e4lbefinnandet \u00f6kar och positiva h\u00e4lsoeffekter rapporteras konsekvent. Enligt anv\u00e4ndarna \u00e4r det en effektiv behandlingsmetod som f\u00f6rb\u00e4ttrar h\u00e4lsotillst\u00e5ndet utan m\u00e4rkbara biverkningar. Kundtj\u00e4nsten \u00e4r mycket tillfredsst\u00e4llande och svarar snabbt.<\/li>\n<li><i class=\"sui sui-user\" style=\"color:#2452BE\"><\/i> Om det uppst\u00e5r problem med best\u00e4llningen, betalningen eller varorna i <a href=\"https:\/\/www.versandapotheke.net\/nuubu-pflaster\/\" target=\"_blank\" rel=\"noopener\">Nuubu Plaster Pharmacy<\/a> kontaktas man direkt och Nuubu avg\u00f6r ofta gener\u00f6st till kundens f\u00f6rdel.<\/li>\n<li><i class=\"sui sui-user\" style=\"color:#2452BE\"><\/i> Anv\u00e4ndarna beskriver ett betydligt f\u00f6rb\u00e4ttrat s\u00f6mnm\u00f6nster och en behaglig efterverkan av pl\u00e5stren efter att de avl\u00e4gsnats fr\u00e5n foten.<\/li>\n<\/ul>\n<\/div>\n<p><strong>Sammanfattningsvis \u00e4r Nuubus kunder n\u00f6jda med aspekterna kvalitet, effekt, pris-prestanda och kundservice och skulle rekommendera produkten till andra.<\/strong>.<\/p>\n<h3>Negativa erfarenheter?<\/h3>\n<p>Negativa erfarenheter av Nuubu detox-patcherna finns endast sporadiskt p\u00e5 forumet. Vissa klagar p\u00e5 att produkten ofta \u00e4r sluts\u00e5ld<\/div><\/div>.<\/p>\n<p>&nbsp;<\/p>\n<h2>K\u00f6p Nuubu Plaster billigt i Sverige<\/h2>\n<p><a href=\"https:\/\/nuubu.se\/\" target=\"_blank\" rel=\"noopener\"><strong>Nuubu-pl\u00e5ster kan endast k\u00f6pas i den officiella n\u00e4tbutiken.<\/strong><\/a><\/p>\n<div class=\"su-button-center\"><a href=\"https:\/\/www.eco-innovation.eu\/go\/nuubu-se\" class=\"su-button su-button-style-soft\" style=\"color:#FFFFFF;background-color:#fb5a00;border-color:#c94800;border-radius:9px;-moz-border-radius:9px;-webkit-border-radius:9px\" target=\"_blank\" rel=\"nofollow\"><span style=\"color:#FFFFFF;padding:8px 24px;font-size:18px;line-height:27px;border-color:#fd8c4d;border-radius:9px;-moz-border-radius:9px;-webkit-border-radius:9px;text-shadow:none;-moz-text-shadow:none;-webkit-text-shadow:none\"><i class=\"sui sui-check-circle\" style=\"font-size:18px;color:#FFFFFF\"><\/i> K\u00f6p Nuubu plaster 70 % rabatt (officiell butik)<\/span><\/a><\/div>\n","protected":false},"excerpt":{"rendered":"<p>Nuubu pl\u00e5ster hj\u00e4lper till att avgifta kroppen. Det naturliga asiatiska s\u00e4ttet att dra ut gifter ur kroppen f\u00f6rb\u00e4ttrar det allm\u00e4nna v\u00e4lbefinnandet. Metoden \u00e4r en naturlig och milj\u00f6v\u00e4nlig typ av behandling som alternativt avl\u00e4gsnar kroppens gifter och fr\u00e4mjar anv\u00e4ndarens h\u00e4lsa. Om du k\u00e4nner dig tr\u00f6tt, stressad eller utmattad \u00e4r du inte ensam.. &nbsp; &nbsp; Seri\u00f6st eller &#8230; <a title=\"K\u00f6p NUUBU pl\u00e5ster &#8211; Review &#038; Omd\u00f6me Sverige &#8211; Utv\u00e4rdering: Ingen bluff\" class=\"read-more\" href=\"https:\/\/www.eco-innovation.eu\/sv\/nuubu\/\" aria-label=\"Mer p\u00e5 K\u00f6p NUUBU pl\u00e5ster &#8211; Review &#038; Omd\u00f6me Sverige &#8211; Utv\u00e4rdering: Ingen bluff\">L\u00e4s mer<\/a><\/p>\n","protected":false},"author":1,"featured_media":0,"parent":0,"menu_order":0,"comment_status":"closed","ping_status":"closed","template":"","meta":{"footnotes":""},"class_list":["post-1990","page","type-page","status-publish"],"_links":{"self":[{"href":"https:\/\/www.eco-innovation.eu\/sv\/wp-json\/wp\/v2\/pages\/1990","targetHints":{"allow":["GET"]}}],"collection":[{"href":"https:\/\/www.eco-innovation.eu\/sv\/wp-json\/wp\/v2\/pages"}],"about":[{"href":"https:\/\/www.eco-innovation.eu\/sv\/wp-json\/wp\/v2\/types\/page"}],"author":[{"embeddable":true,"href":"https:\/\/www.eco-innovation.eu\/sv\/wp-json\/wp\/v2\/users\/1"}],"replies":[{"embeddable":true,"href":"https:\/\/www.eco-innovation.eu\/sv\/wp-json\/wp\/v2\/comments?post=1990"}],"version-history":[{"count":5,"href":"https:\/\/www.eco-innovation.eu\/sv\/wp-json\/wp\/v2\/pages\/1990\/revisions"}],"predecessor-version":[{"id":2021,"href":"https:\/\/www.eco-innovation.eu\/sv\/wp-json\/wp\/v2\/pages\/1990\/revisions\/2021"}],"wp:attachment":[{"href":"https:\/\/www.eco-innovation.eu\/sv\/wp-json\/wp\/v2\/media?parent=1990"}],"curies":[{"name":"wp","href":"https:\/\/api.w.org\/{rel}","templated":true}]}}