{"id":1945,"date":"2023-01-26T19:32:10","date_gmt":"2023-01-26T19:32:10","guid":{"rendered":"https:\/\/www.eco-innovation.eu\/?page_id=1945"},"modified":"2023-01-26T19:32:10","modified_gmt":"2023-01-26T19:32:10","slug":"klaudena","status":"publish","type":"page","link":"https:\/\/www.eco-innovation.eu\/sv\/klaudena\/","title":{"rendered":"K\u00f6p Klaudena Sittdyna &#8211; Omd\u00f6me &#038; Review &#8211; Sverige"},"content":{"rendered":"<p><strong>Alla k\u00e4nner till den sm\u00e4rta som uppst\u00e5r efter att ha suttit l\u00e4nge, \u00e4ven hos personer som \u00e4r friska i sig sj\u00e4lva: Ryggsm\u00e4rta, h\u00f6ftsm\u00e4rta och sp\u00e4nningshuvudv\u00e4rk p\u00e5 grund av den allt s\u00e4mre h\u00e5llningen under timmarna; kramper i benen \u00e4r ocks\u00e5 typiska besv\u00e4r &#8211; vid n\u00e5gon tidpunkt vet du inte l\u00e4ngre hur du ska sitta och forts\u00e4tta arbeta.<\/strong><\/p>\n<p>Samma sak g\u00e4ller f\u00f6rst\u00e5s f\u00f6r l\u00e5nga flygresor eller bilresor, d\u00e4r r\u00f6relsefriheten \u00e4r avsev\u00e4rt begr\u00e4nsad; att st\u00e5 upp emellan\u00e5t ger bara kortvarig lindring, s\u00e5 att man efter en l\u00e5ng tids sittande egentligen bara \u00e4r tr\u00f6tt. Att v\u00e4nta i en bil i en trafikstockning kan ocks\u00e5 leda till obehagliga sm\u00e4rtor i rygg och l\u00e4ndrygg, s\u00e5 att \u00e4ven bilresan till kontoret eller hemresan fr\u00e5n en avkopplande semester blir en tortyr.<\/p>\n<p>Att ta sm\u00e4rtstillande medel \u00e4r ingen bra l\u00f6sning i l\u00e4ngden. Sjukgymnastik och massage \u00e4r s\u00e4kert till hj\u00e4lp i detta fall, men de \u00e4r tidskr\u00e4vande och kan vara mycket dyra. Alla ovan n\u00e4mnda metoder har ocks\u00e5 nackdelen att de hj\u00e4lper f\u00f6rst i efterhand &#8211; det b\u00e4sta vore att f\u00f6rebygga sm\u00e4rtan fr\u00e5n b\u00f6rjan! <strong>Den nya ergonomiskt formade Klaudena-sittdynan erbjuder effektiv hj\u00e4lp &#8211; med hj\u00e4lp av den kan b\u00e5de sm\u00e4rta och skador p\u00e5 h\u00e5llningen f\u00f6rebyggas p\u00e5 b\u00e4sta m\u00f6jliga s\u00e4tt.<\/strong><\/p>\n<div class=\"sue-icon-panel\" data-url=\"\" data-target=\"self\" style=\"background-color:#fbfb;color:#333333;border-radius:6px;-moz-border-radius:6px;-webkit-border-radius:6px;box-shadow:2px 2px 2px 2px #eeeeeeee;-moz-box-shadow:2px 2px 2px 2px #eeeeeeee;-webkit-box-shadow:2px 2px 2px 2px #eeeeeeee;border:2px dotted #cccc\"><div class=\"sue-icon-panel-head\"><i class=\"sui sui-search\" style=\"font-size:31px;color:#005300\"><\/i><\/div><div class=\"sue-icon-panel-content sue-content-wrap\" style=\"text-align:left\">\n<h2>Klaudena sittkudde testar och recenserar<\/h2>\n<div class=\"su-list\" style=\"margin-left:0px\">\n<ul>\n<li><i class=\"sui sui-caret-right\" style=\"color:#113116\"><\/i> <strong>\ud83c\uddea\ud83c\uddfa Producerad i Europeiska unionen<\/strong><\/li>\n<li><i class=\"sui sui-caret-right\" style=\"color:#113116\"><\/i> En v\u00e4lrenommerad produkt (inte en falsk butik eller bluff)<\/li>\n<li><i class=\"sui sui-caret-right\" style=\"color:#113116\"><\/i> Reducerar trycket och minskar d\u00e4rmed <strong>effektivt sm\u00e4rta vid sittande<\/strong><\/li>\n<li><i class=\"sui sui-caret-right\" style=\"color:#113116\"><\/i> F\u00f6rmedlad av rent <strong>Memory Foam<\/strong> (h\u00f6gkvalitativt memory foam)<\/li>\n<li><i class=\"sui sui-caret-right\" style=\"color:#113116\"><\/i> L\u00e5ter luften cirkulera, s\u00e5 att kudden h\u00e5ller sig andningsbar och sval<\/li>\n<li><i class=\"sui sui-caret-right\" style=\"color:#113116\"><\/i> <strong>Ergonomisk design<\/strong> som h\u00e5ller ryggraden uppr\u00e4tt<\/li>\n<li><i class=\"sui sui-caret-right\" style=\"color:#113116\"><\/i> Varje l\u00e4ttvikt &#8211; l\u00e4tt att transportera<\/li>\n<li><i class=\"sui sui-caret-right\" style=\"color:#113116\"><\/i> Med anti-slip-noppar h\u00e5ller kudden sig p\u00e5 plats<\/li>\n<li><i class=\"sui sui-caret-right\" style=\"color:#113116\"><\/i> V\u00e4ldigt <strong>positiva recensioner<\/strong> och vittnesm\u00e5l fr\u00e5n kunder i forumet (se nedan)<\/li>\n<li><i class=\"sui sui-caret-right\" style=\"color:#113116\"><\/i> Expressleverans i Sverige<\/li>\n<li><i class=\"sui sui-caret-right\" style=\"color:#113116\"><\/i> <big><strong>F\u00f6rsvaras under <a href=\"https:\/\/www.eco-innovation.eu\/go\/klaudena-se\" target=\"_blank\" rel=\"nofollow noopener\">en kort tid med h\u00f6g rabatt direkt fr\u00e5n tillverkaren<\/a><\/strong><\/big><\/li>\n<\/ul>\n<\/div>\n<p style=\"text-align: center;\"><big><strong>Bed\u00f6mning: \u2b50\u2b50\u2b50\u2b50\u2b50 (4,9 av 5 stj\u00e4rnor &#8211; <span style=\"color: #008000;\"> MYCKET GODT<\/span>)<\/strong><\/big><\/p>\n<h2 style=\"text-align: center;\">K\u00f6p Klaudena billigt<\/h2>\n<a href=\"https:\/\/www.eco-innovation.eu\/go\/klaudena-se\" class=\"su-button su-button-style-soft\" style=\"color:#FFFFFF;background-color:#fb5a00;border-color:#c94800;border-radius:9px;-moz-border-radius:9px;-webkit-border-radius:9px\" target=\"_blank\" rel=\"nofollow\"><span style=\"color:#FFFFFF;padding:8px 24px;font-size:18px;line-height:27px;border-color:#fd8c4d;border-radius:9px;-moz-border-radius:9px;-webkit-border-radius:9px;text-shadow:none;-moz-text-shadow:none;-webkit-text-shadow:none\"><i class=\"sui sui-check-circle\" style=\"font-size:18px;color:#FFFFFF\"><\/i> K\u00f6p KLAUDENA direkt fr\u00e5n tillverkaren.<br \/>\nF\u00e5 en h\u00f6g rabatt<\/span><\/a>\n<p>&nbsp;<\/p>\n<\/div><\/div>\n<p>&nbsp;<\/p>\n<p><a href=\"https:\/\/www.eco-innovation.eu\/go\/klaudena-se\" target=\"_blank\" rel=\"nofollow noopener\"><img loading=\"lazy\" decoding=\"async\" class=\"aligncenter size-full wp-image-1796\" src=\"https:\/\/www.eco-innovation.eu\/wp-content\/uploads\/2022\/12\/Klaudena-Seat-Cushion.jpg\" alt=\"Klaudena sittdyna\" width=\"600\" height=\"517\" srcset=\"https:\/\/www.eco-innovation.eu\/wp-content\/uploads\/2022\/12\/Klaudena-Seat-Cushion.jpg 600w, https:\/\/www.eco-innovation.eu\/wp-content\/uploads\/2022\/12\/Klaudena-Seat-Cushion-300x259.jpg 300w\" sizes=\"auto, (max-width: 600px) 100vw, 600px\" \/><\/a><\/p>\n<h2><\/h2>\n\n<h2>Vad \u00e4r Klaudena?<\/h2>\n<p><strong>Klaudena \u00e4r en ergonomiskt formad sittdyna tillverkad av f\u00f6rstklassigt minnesskum.<\/strong><\/p>\n<p>Tack vare detta <strong>speciella material inuti dynan<\/strong> anpassar sig Klaudenas sittdyna optimalt till anv\u00e4ndarens individuella kroppsform. Denna individualitet g\u00f6r anpassningen av s\u00e4tet mycket mer personlig \u00e4n de ergonomiskt byggda skrivbordsstolar som erbjuds i specialbutiker. Detta \u00e4r m\u00f6jligt eftersom skummet i sittdynan deformeras och <strong>trycket fr\u00e5n kroppsvikten p\u00e5 dynan f\u00f6rdelas j\u00e4mnt<\/strong>.<\/p>\n<p>Detta specialalternativ finns inte i kontorsstolar eller andra ergonomiskt formade sittm\u00f6bler och k\u00e4nslan n\u00e4r man sitter \u00e4r d\u00e4rf\u00f6r oundvikligen helt annorlunda. Minnesskummet, som komprimeras individuellt av kroppsvikten, avl\u00e4gsnar i h\u00f6g grad trycket fr\u00e5n de annars s\u00e4rskilt belastade kroppsdelarna n\u00e4r man sitter.<\/p>\n<p>P\u00e5 s\u00e5 s\u00e4tt f\u00f6rhindras cirkulationsproblem och kramper i benen. <strong>Du sitter bekv\u00e4mt och f\u00f6rhindrar samtidigt sm\u00e4rta som vanligtvis uppst\u00e5r efter att ha suttit f\u00f6r l\u00e4nge<\/strong> eftersom ryggraden avlastas av den uppr\u00e4tta h\u00e5llningen n\u00e4r du anv\u00e4nder den s\u00e4rskilt anpassade sitsen.<\/p>\n<h2>Vem passar Klaudena sittdyna?<\/h2>\n<p><strong>Klaudenas sittdyna \u00e4r l\u00e4mplig f\u00f6r alla som regelbundet tillbringar<\/strong> (m\u00e5ste tillbringa) mycket tid sittande &#8211; oavsett om det \u00e4r p\u00e5 kontoret, vid studier, i bilen, i lastbilen eller till och med i \u00f6verv\u00e4gande stillasittande fritidsaktiviteter som s\u00f6mnad, hantverk eller filmvisning. Musiker har vanligtvis redan en uppr\u00e4tt h\u00e5llning &#8211; s\u00e4rskilt de som har uppt\u00e4ckt ett bl\u00e5sinstrument f\u00f6r sig sj\u00e4lva, eftersom en god lufttillf\u00f6rsel och effektiv andning helt enkelt \u00e4r n\u00f6dv\u00e4ndig h\u00e4r. Men de kan ocks\u00e5 dra nytta av Klaudenas sittkudde, s\u00e4rskilt de som inte l\u00e4ngre \u00e4r s\u00e5 bra p\u00e5 f\u00f6tterna och hellre sitter \u00e4n st\u00e5r n\u00e4r de tr\u00e4nar. Det \u00e4r sj\u00e4lvklart att en bra sittplats \u00e4r viktig f\u00f6r sittande musiker som cellospelare, trummisar, gitarrister och pianister, s\u00e4rskilt eftersom professionella musiker m\u00e5ste \u00f6va i timmar varje dag.<\/p>\n<p>Det \u00e4r dock inte bara vuxna med sk\u00e4rmarbete p\u00e5 kontoret eller hemmakontoret som har nytta av bekv\u00e4ma sittplatser, utan \u00e4ven elever och studenter som sitter mycket i skolan eller universitetet. Samtidigt l\u00e4r sig barn och ungdomar att en god h\u00e5llning \u00e4r viktig \u00e4ven n\u00e4r de sitter, eftersom den automatiskt utmanas och uppmuntras av sittdynan. Felaktig h\u00e5llning, som kan visa sig med en b\u00f6jd rygg inte bara n\u00e4r man sitter utan ocks\u00e5 n\u00e4r man st\u00e5r, korrigeras p\u00e5 s\u00e5 s\u00e4tt hos unga m\u00e4nniskor innan de ens utvecklas.<\/p>\n<p>Med regelbunden anv\u00e4ndning av sittdynan sitter och st\u00e5r man ocks\u00e5 rakt annars p\u00e5 grund av vaneeffekten &#8211; den uppr\u00e4ttst\u00e5ende h\u00e5llningen leder till <strong>st\u00e4rkning av mag- och ryggmusklerna<\/strong>. Detta f\u00f6rhindrar den typiska ryggsm\u00e4rtan som vanligtvis uppst\u00e5r till f\u00f6ljd av d\u00e5lig h\u00e5llning n\u00e4r du sitter. Klaudena-sittdynan \u00e4r f\u00f6rresten s\u00e4rskilt f\u00f6rdelaktig f\u00f6r \u00f6verviktiga personer vars leder redan \u00e4r h\u00e5rt belastade p\u00e5 grund av den \u00f6kade vikten och vanligtvis redan \u00e4r n\u00e5got skadade av den tunga belastningen.<\/p>\n<p>Klaudena-sittdynan l\u00e4mpar sig ocks\u00e5 v\u00e4l f\u00f6r \u00e4ldre personer som till exempel lider av sv\u00e5ra sm\u00e4rtor p\u00e5 grund av osteoporos. En ergonomiskt utformad sits som varken \u00e4r f\u00f6r h\u00e5rd eller f\u00f6r mjuk \u00e4r mycket f\u00f6rdelaktig f\u00f6r s\u00e5dana sjukdomsrelaterade besv\u00e4r i r\u00f6relseapparaten. P\u00e5 samma s\u00e4tt ger sittdynan en behaglig avkoppling vid muskelv\u00e4rk. S\u00e4rskilt s\u00e4ngliggande personer som redan riskerar att f\u00e5 liggs\u00e5r kommer att uppskatta minnesskummet i sittdynan som anpassar sig till kroppens form. En halkfri sits som anpassar sig till kroppens form \u00e4r lika viktig f\u00f6r paraplegiker som sitter fast i sin rullstol och vars muskler redan lider av sp\u00e4nningar och avsp\u00e4nning p\u00e5 grund av bristen p\u00e5 r\u00f6relse.<\/p>\n<p>En annan grupp m\u00e4nniskor som eventuellt kan dra nytta av Klaudena-sittdynan \u00e4r personer med lindriga hemorrojder, \u00e4ven om det i enskilda fall \u00e4r tillr\u00e5dligt att r\u00e5dg\u00f6ra med den behandlande l\u00e4karen. Ett specialanpassat s\u00e4te \u00e4r ocks\u00e5 till stor nytta f\u00f6r patienter med diskbr\u00e5ck, eftersom de vanligtvis har sv\u00e5rt att sitta l\u00e4nge. Den ortopediska Klaudena-sittdynan kan ocks\u00e5 anv\u00e4ndas f\u00f6r att h\u00e5lla ut i l\u00e5ngvarigt stillasittande, till exempel p\u00e5 teatern, d\u00e4r det inte \u00e4r m\u00f6jligt att resa sig d\u00e5 och d\u00e5. Eftersom den \u00e4r l\u00e4tt att transportera tack vare sin l\u00e5ga vikt och beh\u00e4ndiga storlek \u00e4r den inget problem n\u00e4r du bes\u00f6ker teatern.<\/p>\n<p><a href=\"https:\/\/www.eco-innovation.eu\/go\/klaudena-se\" target=\"_blank\" rel=\"nofollow noopener\"><img loading=\"lazy\" decoding=\"async\" class=\"aligncenter size-full wp-image-1814\" src=\"https:\/\/www.eco-innovation.eu\/wp-content\/uploads\/2022\/12\/Klaudena-Sitzkissen-Test-Erfahrungen-Bewertung.jpg\" alt=\"Klaudena sittdyna Test Experience Review\" width=\"600\" height=\"413\" srcset=\"https:\/\/www.eco-innovation.eu\/wp-content\/uploads\/2022\/12\/Klaudena-Sitzkissen-Test-Erfahrungen-Bewertung.jpg 600w, https:\/\/www.eco-innovation.eu\/wp-content\/uploads\/2022\/12\/Klaudena-Sitzkissen-Test-Erfahrungen-Bewertung-300x207.jpg 300w\" sizes=\"auto, (max-width: 600px) 100vw, 600px\" \/><\/a><\/p>\n<h2>Vilka f\u00f6rdelar erbjuder den?<\/h2>\n<p>Klaudenas sittdyna med sitt <strong>kvalitetsmaterial<\/strong> ger en bekv\u00e4m k\u00e4nsla och en bra h\u00e5llning n\u00e4r du sitter. Detta minskar sannolikheten f\u00f6r att du g\u00e5r hem med rygg-, nack- och muskelv\u00e4rk och sp\u00e4nningar efter en l\u00e5ng dag p\u00e5 kontoret. Sp\u00e4nningshuvudv\u00e4rk kan ocks\u00e5 f\u00f6rebyggas genom att h\u00e5lla en uppr\u00e4tt h\u00e5llning n\u00e4r du sitter, eftersom anv\u00e4ndningen av den ergonomiskt formade sittdynan garanterar ett stressfritt arbete. P\u00e5 s\u00e5 s\u00e4tt kan behovet av sm\u00e4rtstillande medel, som ofta tas s\u00e4rskilt vid rygg-, nack- och sp\u00e4nningshuvudv\u00e4rk, minskas avsev\u00e4rt, vilket leder till en f\u00f6rb\u00e4ttring av det allm\u00e4nna h\u00e4lsotillst\u00e5ndet. Dessutom f\u00f6rb\u00e4ttras kvaliteten p\u00e5 anv\u00e4ndarens s\u00f6mn, eftersom den vanliga sm\u00e4rtan i ryggraden inte l\u00e4ngre f\u00f6rekommer efter l\u00e5ngvarigt sittande, vilket g\u00f6r det m\u00f6jligt att sova avslappnat och sm\u00e4rtfritt, och tack vare den goda \u00e5terh\u00e4mtningen har den en positiv effekt p\u00e5 n\u00e4sta dag.<\/p>\n<p><strong>Den ortopediska sittdynan st\u00e4rker mag- och ryggmusklerna<\/strong> eftersom b\u00e5da beh\u00f6vs n\u00e4r man sitter i uppr\u00e4tt st\u00e4llning och st\u00e4rks automatiskt och relativt enkelt n\u00e4r man anv\u00e4nder den regelbundet. Detta f\u00f6rhindrar ocks\u00e5 ytterligare skador p\u00e5 h\u00e5llningen som orsakas av att sitta i en obekv\u00e4m st\u00e4llning under l\u00e5nga perioder. N\u00e4r du v\u00e4l har hittat en bra sittst\u00e4llning med dynan, som anpassar sig till din egen kroppsform tack vare det speciella innermaterialet, \u00e4r det inte l\u00e4ngre n\u00f6dv\u00e4ndigt att s\u00f6ka efter en bekv\u00e4m h\u00e5llning genom att hela tiden \u00e4ndra positionen, vilket \u00e4r irriterande och koncentrerande. Du kan koncentrera dig p\u00e5 ditt arbete i lugn och ro, utan att distraheras av v\u00e4rk och sm\u00e4rta eller av att st\u00e4ndigt \u00e4ndra din sittst\u00e4llning. P\u00e5 s\u00e5 s\u00e4tt kan du anv\u00e4nda din arbetstid p\u00e5 ett mycket mer produktivt s\u00e4tt och kanske till och med slippa ytterligare nervpirrande \u00f6vertid, som du ocks\u00e5 skulle beh\u00f6va sitta ner.<\/p>\n<p><strong>Den uppr\u00e4ttst\u00e5ende h\u00e5llningen ger ocks\u00e5 optimal ventilation f\u00f6r lungorna<\/strong> eftersom de har tillr\u00e4ckligt med utrymme f\u00f6r att expandera i br\u00f6stet n\u00e4r du andas in. Detta leder till att hela kroppen f\u00e5r en god syretillf\u00f6rsel, vilket ocks\u00e5 fr\u00e4mjar mental prestation och koncentration samt sm\u00e4rtfrihet.<\/p>\n<p>P\u00e5 samma s\u00e4tt leder densiteten hos minnesskummet, som \u00e4r anpassat till kroppsvikten, till <strong>avlastning av ben\u00e5drorna<\/strong>, s\u00e5 att obehagliga kramper i benen och d\u00e5lig blodcirkulation f\u00f6rhindras av den bekv\u00e4ma sittytan. Som vanligt m\u00e5ste dock den korrekta sitth\u00f6jden iakttas s\u00e5 att b\u00e5da f\u00f6tterna st\u00e5r p\u00e5 golvet med t\u00e5rna och h\u00e4larna. En annan f\u00f6rdel med en bra h\u00e5llning n\u00e4r du sitter \u00e4r att matsm\u00e4ltningen f\u00f6rb\u00e4ttras. Att sitta med b\u00f6jd rygg under l\u00e5nga perioder &#8211; s\u00e4rskilt efter en m\u00e5ltid &#8211; kan leda till halsbr\u00e4nna och matsm\u00e4ltningsorganen, t.ex. mage och tarmar, kan inte fungera ordentligt i ett ihoptryckt tillst\u00e5nd. Om det inte finns tillr\u00e4ckligt med tid f\u00f6r en matsm\u00e4ltningspromenad under lunchrasten kan du \u00e5tminstone f\u00f6rebygga de negativa konsekvenserna av en begr\u00e4nsad peristaltik i matsm\u00e4ltningsorganen genom att inta en uppr\u00e4tt h\u00e5llning n\u00e4r du sitter med hj\u00e4lp av en sittdyna.<\/p>\n<p>Klaudena-sittdynan \u00e4r ocks\u00e5 <strong>mycket praktisk<\/strong>, <strong>l\u00e4tt att transportera<\/strong> tack vare sin l\u00e5ga vikt, och den luftgenomsl\u00e4ppliga designen ger en behaglig <strong>kylk\u00e4nsla \u00e4ven n\u00e4r du sitter l\u00e4nge<\/strong>. Dessutom \u00e4r \u00f6verdraget avtagbart och kan tv\u00e4ttas. Detta \u00e4r s\u00e4rskilt praktiskt om du anv\u00e4nder sittdynan utanf\u00f6r dina egna fyra v\u00e4ggar: Sittplatser p\u00e5 bussar, t\u00e5g eller flygplan anv\u00e4nds av m\u00e5nga m\u00e4nniskor och reng\u00f6rs s\u00e4llan. Om du vill resa p\u00e5 ett s\u00e4rskilt hygieniskt s\u00e4tt kan du anv\u00e4nda Klaudena-sittdynan \u00e4ven i trafikerade transportmedel utan att beh\u00f6va oroa dig, eftersom du alltid sitter p\u00e5 din egen rena sits. Efter\u00e5t tar du helt enkelt av \u00f6verdraget med hj\u00e4lp av den fastsydda dragkedjan och tv\u00e4ttar det.<\/p>\n<h2>Hur \u00e4r den konstruerad?<\/h2>\n<p><strong>Inv\u00e4ndigt best\u00e5r Klaudena-sittdynan av minnesskum<\/strong>, som i m\u00e5nga \u00e5r har anv\u00e4nts framg\u00e5ngsrikt som fyllnadsmaterial i madrasser, eftersom liggkomforten har visat sig vara extremt bra. Detta beror p\u00e5 att materialet deformeras av kroppsv\u00e4rmen och trycket fr\u00e5n kroppsvikten och d\u00e4rmed anpassar sig optimalt till anv\u00e4ndarens specifika kroppsform. Det minnesskum som anv\u00e4nds i Klaudena-sittdynan har testats i flera \u00e5r f\u00f6r att visa att det l\u00e4mpar sig som sovunderlag.<\/p>\n<p>Den l\u00e5nga anv\u00e4ndningstiden med en genomsnittlig liggtid p\u00e5 sju till \u00e5tta timmar motsvarar ungef\u00e4r l\u00e4ngden p\u00e5 en arbetsdag och \u00e4r d\u00e4rf\u00f6r verkligen j\u00e4mf\u00f6rbar. Problemet med att materialet v\u00e4rms upp f\u00f6r mycket, vilket ibland \u00e4r ett problem med madrasser, har ocks\u00e5 beaktats och eliminerats vid tillverkningen av Klaudena-sittdynan &#8211; den \u00e4r <strong>luftgenomsl\u00e4pplig<\/strong> s\u00e5 att luften kan cirkulera \u00e4ven i dynans material och du inte svettas som en f\u00f6ljd av detta. Minnesskummet i kudden \u00e4r ocks\u00e5 extremt <strong>l\u00e4tt och d\u00e4rf\u00f6r l\u00e4tt att transportera<\/strong>, s\u00e5 den kan ocks\u00e5 anv\u00e4ndas p\u00e5 resor.<\/p>\n<p>Materialet som anv\u00e4nds f\u00f6r \u00f6verdraget har <strong>fina nubbar<\/strong> p\u00e5 undersidan och garanterar d\u00e4rf\u00f6r <strong>glidstyrka<\/strong> f\u00f6r kudden p\u00e5 i stort sett alla ytor. Ovansidan glider inte heller n\u00e4r man sitter, vilket s\u00e4llan \u00e4r fallet t.ex. med de sl\u00e4ta l\u00e4der- eller l\u00e4derimitationssitsar som ofta anv\u00e4nds som material f\u00f6r kontorsstolar, d\u00e4r man finner lite grepp med sl\u00e4ta kl\u00e4dmaterial. Klaudenas sittdyna \u00e4r annorlunda: Det halkfria \u00f6verdraget stabiliserar och fixerar h\u00e5llningen eftersom materialet inte glider och du inte oavsiktligt \u00e4ndrar din sittst\u00e4llning.<\/p>\n<h3>Omslag<\/h3>\n<p>En annan f\u00f6rdel \u00e4r att <strong>\u00f6verdraget kan tas av och tv\u00e4ttas<\/strong>; f\u00f6r detta \u00e4ndam\u00e5l har det en dragkedja, vilket \u00e4r mycket praktiskt och bidrar till att denna kvalitetsprodukt h\u00e5ller l\u00e4nge. \u00c5 ena sidan f\u00f6rblir sittdynan hygieniskt ren och \u00e5 andra sidan beh\u00f6ver den inte bytas ut omedelbart, vilket naturligtvis \u00e4r mycket mer milj\u00f6v\u00e4nligt och ytterst relevant i tider av klimatf\u00f6r\u00e4ndringar och resursbrist.<\/p>\n<p><a href=\"https:\/\/www.eco-innovation.eu\/go\/klaudena-se\" target=\"_blank\" rel=\"nofollow noopener\"><img loading=\"lazy\" decoding=\"async\" class=\"aligncenter size-full wp-image-1828\" src=\"https:\/\/www.eco-innovation.eu\/wp-content\/uploads\/2022\/12\/Klaudena-Review.jpg\" alt=\"Klaudena Review\" width=\"600\" height=\"600\" srcset=\"https:\/\/www.eco-innovation.eu\/wp-content\/uploads\/2022\/12\/Klaudena-Review.jpg 600w, https:\/\/www.eco-innovation.eu\/wp-content\/uploads\/2022\/12\/Klaudena-Review-300x300.jpg 300w, https:\/\/www.eco-innovation.eu\/wp-content\/uploads\/2022\/12\/Klaudena-Review-150x150.jpg 150w\" sizes=\"auto, (max-width: 600px) 100vw, 600px\" \/><\/a><\/p>\n<h2>S\u00e4rskilda funktioner<\/h2>\n<p>En av de speciella egenskaperna hos Klaudena-sittdynan \u00e4r den <strong>genomt\u00e4nkta designen<\/strong> in i minsta detalj och den resulterande komforten vid anv\u00e4ndning. Tack vare sin l\u00e5ga vikt kan du ta den med dig \u00f6verallt &#8211; till kontoret, p\u00e5 flyget eller i bilen. Dessutom \u00e4r \u00f6verdraget avtagbart och tv\u00e4ttbart med hj\u00e4lp av dragkedjan. Den f\u00f6rstklassiga kvaliteten p\u00e5 det minnesskum som anv\u00e4nds garanterar ett bekv\u00e4mt sittande, eftersom det anpassar sig till den individuella kroppsformen. Materialets luftgenomsl\u00e4pplighet garanterar ocks\u00e5 en god kylning och f\u00f6rhindrar svettning, som annars ofta uppst\u00e5r med de olika sittalternativen eller deras kl\u00e4dsel p\u00e5 grund av materialet.<\/p>\n<h2>Stiftung Warentest<\/h2>\n<p><strong>Har Stiftung Warentest redan testat Klaudena-sittdynan?<\/strong><\/p>\n<p>Nej, Stiftung Warentest har aldrig testat ergonomiska sittkuddar.<\/p>\n<h2>Klaudena erfarenhetsrapporter och anv\u00e4ndarbeh\u00f6righet i forumet<\/h2>\n<p>.<br \/>\n<strong>F\u00f6r Klaudenas sittdyna finns det m\u00e5nga genomg\u00e5ende goda recensioner fr\u00e5n verifierade anv\u00e4ndare p\u00e5 forum och p\u00e5 bed\u00f6mningsportaler. De bekr\u00e4ftar de egenskaper och f\u00f6rdelar som tillverkaren redan har n\u00e4mnt.<\/strong><\/p>\n<div class=\"su-list\" style=\"margin-left:0px\">\n<ul>\n<li><i class=\"sui sui-user\" style=\"color:#113116\"><\/i> Till exempel uppskattar anv\u00e4ndaren Julia F. s\u00e4rskilt att hon kan anv\u00e4nda Klaudena-sittdynan p\u00e5 sitt kontor hemma i st\u00e4llet f\u00f6r att beh\u00f6va k\u00f6pa en dyr ergonomisk kontorsstol till sitt hem. P\u00e5 s\u00e5 s\u00e4tt kan hon f\u00f6rebygga ryggsm\u00e4rtor som hon annars skulle f\u00e5 redan fr\u00e5n b\u00f6rjan.<\/li>\n<li><i class=\"sui sui-user\" style=\"color:#113116\"><\/i> Lena P. och Manuela M. \u00e4r ocks\u00e5 entusiastiska anv\u00e4ndare av sittdynan p\u00e5 kontoret, s\u00e5 \u00e4ven tolvtimmars arbetsdagar \u00e4r inte l\u00e4ngre ett problem f\u00f6r dem.<\/li>\n<li><i class=\"sui sui-user\" style=\"color:#113116\"><\/i> F\u00f6r Gabriele J. \u00e4r sittdynan en av de tio b\u00e4sta produkterna p\u00e5 n\u00e4tet och enligt egen utsago planerar hon till och med att ge bort Klaudena-sittdynan till alla familjemedlemmar och till sin \u00f6verordnade!<\/li>\n<li><i class=\"sui sui-user\" style=\"color:#113116\"><\/i> Heidemarie L. skulle d\u00e4remot vilja ha flera omslag att byta, eftersom hon anv\u00e4nder den regelbundet. Huruvida tillverkaren erbjuder extra skydd \u00e4r tyv\u00e4rr inte noterat p\u00e5 f\u00f6retagets webbplats, men ett motsvarande erbjudande skulle s\u00e4kert vara av intresse f\u00f6r andra anv\u00e4ndare.<\/li>\n<li><i class=\"sui sui-user\" style=\"color:#113116\"><\/i> Elfriede T. bekr\u00e4ftar den svala, luftgenomsl\u00e4ppliga sittytan, \u00e4ven om hon till en b\u00f6rjan var tveksam till detta p\u00e5 grund av minnesskummet i Klaudena-sittdynan.<\/li>\n<li><i class=\"sui sui-user\" style=\"color:#113116\"><\/i> Wolfgang T. reser tydligen mycket i jobbet &#8211; han ber\u00f6mmer kuddens f\u00f6rdelar n\u00e4r det g\u00e4ller sm\u00e4rta i rygg och nacke, som han redan hade lidit av i m\u00e5nga \u00e5r, och s\u00e4ger att han nu m\u00e5ste ta betydligt f\u00e4rre pauser fr\u00e5n k\u00f6rningen. Dessutom anser han att sittdynan \u00e4r orsaken till hans vilsamma s\u00f6mn.<\/li>\n<li><i class=\"sui sui-user\" style=\"color:#113116\"><\/i> Ewin S. \u00e4r ocks\u00e5 n\u00f6jd med sin Klaudena-sittdyna; han arbetar mycket mer produktivt med den eftersom han kan sitta l\u00e4nge utan att ha ont.<\/li>\n<\/ul>\n<\/div>\n<h2>K\u00f6p Klaudena sittdyna till b\u00e4sta pris<\/h2>\n<p><strong>K\u00f6p Klaudena till b\u00e4sta pris i <\/strong>Sverige.<\/p>\n<a href=\"https:\/\/www.eco-innovation.eu\/go\/klaudena-se\" class=\"su-button su-button-style-soft\" style=\"color:#FFFFFF;background-color:#fb5a00;border-color:#c94800;border-radius:9px;-moz-border-radius:9px;-webkit-border-radius:9px\" target=\"_blank\" rel=\"nofollow\"><span style=\"color:#FFFFFF;padding:8px 24px;font-size:18px;line-height:27px;border-color:#fd8c4d;border-radius:9px;-moz-border-radius:9px;-webkit-border-radius:9px;text-shadow:none;-moz-text-shadow:none;-webkit-text-shadow:none\"><i class=\"sui sui-check-circle\" style=\"font-size:18px;color:#FFFFFF\"><\/i> K\u00f6p KLAUDENA direkt fr\u00e5n tillverkaren.<br \/>\nF\u00e5 en h\u00f6g rabatt<\/span><\/a>\n","protected":false},"excerpt":{"rendered":"<p>Alla k\u00e4nner till den sm\u00e4rta som uppst\u00e5r efter att ha suttit l\u00e4nge, \u00e4ven hos personer som \u00e4r friska i sig sj\u00e4lva: Ryggsm\u00e4rta, h\u00f6ftsm\u00e4rta och sp\u00e4nningshuvudv\u00e4rk p\u00e5 grund av den allt s\u00e4mre h\u00e5llningen under timmarna; kramper i benen \u00e4r ocks\u00e5 typiska besv\u00e4r &#8211; vid n\u00e5gon tidpunkt vet du inte l\u00e4ngre hur du ska sitta och forts\u00e4tta &#8230; <a title=\"K\u00f6p Klaudena Sittdyna &#8211; Omd\u00f6me &#038; Review &#8211; Sverige\" class=\"read-more\" href=\"https:\/\/www.eco-innovation.eu\/sv\/klaudena\/\" aria-label=\"Mer p\u00e5 K\u00f6p Klaudena Sittdyna &#8211; Omd\u00f6me &#038; Review &#8211; Sverige\">L\u00e4s mer<\/a><\/p>\n","protected":false},"author":1,"featured_media":1794,"parent":0,"menu_order":0,"comment_status":"closed","ping_status":"closed","template":"","meta":{"footnotes":""},"class_list":["post-1945","page","type-page","status-publish","has-post-thumbnail"],"_links":{"self":[{"href":"https:\/\/www.eco-innovation.eu\/sv\/wp-json\/wp\/v2\/pages\/1945","targetHints":{"allow":["GET"]}}],"collection":[{"href":"https:\/\/www.eco-innovation.eu\/sv\/wp-json\/wp\/v2\/pages"}],"about":[{"href":"https:\/\/www.eco-innovation.eu\/sv\/wp-json\/wp\/v2\/types\/page"}],"author":[{"embeddable":true,"href":"https:\/\/www.eco-innovation.eu\/sv\/wp-json\/wp\/v2\/users\/1"}],"replies":[{"embeddable":true,"href":"https:\/\/www.eco-innovation.eu\/sv\/wp-json\/wp\/v2\/comments?post=1945"}],"version-history":[{"count":2,"href":"https:\/\/www.eco-innovation.eu\/sv\/wp-json\/wp\/v2\/pages\/1945\/revisions"}],"predecessor-version":[{"id":1948,"href":"https:\/\/www.eco-innovation.eu\/sv\/wp-json\/wp\/v2\/pages\/1945\/revisions\/1948"}],"wp:featuredmedia":[{"embeddable":true,"href":"https:\/\/www.eco-innovation.eu\/sv\/wp-json\/wp\/v2\/media\/1794"}],"wp:attachment":[{"href":"https:\/\/www.eco-innovation.eu\/sv\/wp-json\/wp\/v2\/media?parent=1945"}],"curies":[{"name":"wp","href":"https:\/\/api.w.org\/{rel}","templated":true}]}}