{"id":1766,"date":"2022-12-11T16:21:38","date_gmt":"2022-12-11T16:21:38","guid":{"rendered":"https:\/\/www.eco-innovation.eu\/?page_id=1766"},"modified":"2023-04-15T10:16:08","modified_gmt":"2023-04-15T10:16:08","slug":"huusk","status":"publish","type":"page","link":"https:\/\/www.eco-innovation.eu\/sv\/huusk\/","title":{"rendered":"Huusk Omd\u00f6me &#038; Review \u2013 K\u00f6p Huusk Japan Kniv: Pris, Trustpilot Sverige"},"content":{"rendered":"<p><strong>Huusk k\u00f6kskniven \u00e4r en m\u00e5ngsidig kniv fr\u00e5n Japan. Bladet \u00e4r tillverkat av h\u00f6gkvalitativt rostfritt st\u00e5l och garanterar en l\u00e5ng livsl\u00e4ngd. St\u00e5let \u00e4r rostfritt. Dessutom har kvalitetskniven ett mycket praktiskt, l\u00e4tt b\u00f6jt handtag i ek. Den \u00e4r h\u00e5rda tr\u00e4slag i en m\u00f6rkbrun nyans.<\/strong><\/p>\n<div class=\"sue-section\" data-url=\"\" data-target=\"blank\" style=\"margin:0px 0px 0px 0px;border-top:1px solid #cccccc;border-bottom:1px solid #cccccc\"><div class=\"sue-section-background\" style=\"background-color:#f8f8f8;background-position:left top;\"><\/div><div class=\"sue-section-content sue-content-wrap\" style=\"padding:30px 0px 30px 0px;max-width:960px;text-align:left;color:#333333;text-shadow:0px 1px 10px #ffffffffff\">\n<h2>HUUSK-knivtest<\/h2>\n<div class=\"su-list\" style=\"margin-left:0px\">\n<ul>\n<li><i class=\"sui sui-caret-right\" style=\"color:#113116\"><\/i> F\u00f6rberedd enligt traditionell japansk smide<\/li>\n<li><i class=\"sui sui-caret-right\" style=\"color:#113116\"><\/i> Universell kniv f\u00f6r alla uppgifter i k\u00f6ket<\/li>\n<li><i class=\"sui sui-caret-right\" style=\"color:#113116\"><\/i> Huusk ligger mycket bra i handen &#8211; mycket bra kontroll n\u00e4r du sk\u00e4r mat<\/li>\n<li><i class=\"sui sui-caret-right\" style=\"color:#113116\"><\/i> V\u00e4ldigt bra kvalitet.\u00a0 Anv\u00e4ndning av f\u00f6rstklassiga material<\/li>\n<li><i class=\"sui sui-caret-right\" style=\"color:#113116\"><\/i> Handgjord f\u00f6r hand, med strikt kvalitetskontroll<\/li>\n<li><i class=\"sui sui-caret-right\" style=\"color:#113116\"><\/i> V\u00e4ldigt positiva recensioner i matlagningsforum och fr\u00e5n kockar p\u00e5 Instagram och Youtube<\/li>\n<\/ul>\n<\/div>\n<h2>Rating<\/h2>\n<p style=\"text-align: center;\"><big><strong>\u2b50\u2b50\u2b50\u2b50\u2b50 (4,9 av 5 stj\u00e4rnor &#8211; <span style=\"color: #008000;\">EXCELLENT<\/span><\/strong><\/big>)<\/p>\n<h2>K\u00f6p Huusk-knivar<\/h2>\n<div class=\"su-button-center\"><a href=\"https:\/\/www.eco-innovation.eu\/go\/huusk-se\" class=\"su-button su-button-style-soft\" style=\"color:#FFFFFF;background-color:#fb5a00;border-color:#c94800;border-radius:9px;-moz-border-radius:9px;-webkit-border-radius:9px\" target=\"_blank\" rel=\"nofollow\"><span style=\"color:#FFFFFF;padding:8px 24px;font-size:18px;line-height:27px;border-color:#fd8c4d;border-radius:9px;-moz-border-radius:9px;-webkit-border-radius:9px;text-shadow:none;-moz-text-shadow:none;-webkit-text-shadow:none\"><i class=\"sui sui-check-circle\" style=\"font-size:18px;color:#FFFFFF\"><\/i> Best\u00e4ll HUUSK-knivar direkt fr\u00e5n tillverkaren (prisneds\u00e4ttning)<\/span><\/a><\/div>\n<\/div><\/div>\n<p>&nbsp;<\/p>\n\n<h2>Huusk k\u00f6kskniv granskning och erfarenhet<\/h2>\n<p>Det f\u00f6rstklassiga materialet k\u00e4nns bekv\u00e4mt i handen, greppar s\u00e4kert och ger ett perfekt grepp. Kniven har ett svart hamrat blad med en silverf\u00e4rgad sk\u00e4ryta. Knivens blad slutar i en spets. Huusk-m\u00e4rket tillverkar sina knivar med hj\u00e4lp av tekniker som inspirerats av sekelgammal japansk smide.<\/p>\n<h3>Framst\u00e4llning<\/h3>\n<p>Tillverkningsprocessen omfattar 138 steg och inkluderar noggrant utf\u00f6rda tillverkningssteg samt omfattande material- och produkttester. Huusk-m\u00e4rket st\u00e5r f\u00f6r h\u00f6gkvalitativa varor och bygger p\u00e5 gammal teknik i kombination med de senaste tillverkningsmetoderna. Kniven symboliserar passionen f\u00f6r matlagningskonsten och har utformats f\u00f6r detta \u00e4ndam\u00e5l. Produkten syftar till att revolutionera marknaden som en specialiserad k\u00f6kskniv med ett exceptionellt blad.<\/p>\n<p><a href=\"https:\/\/www.eco-innovation.eu\/go\/huusk-se\" target=\"_blank\" rel=\"nofollow noopener\"><img loading=\"lazy\" decoding=\"async\" class=\"aligncenter size-full wp-image-1320\" src=\"https:\/\/www.eco-innovation.eu\/wp-content\/uploads\/2022\/10\/huusk.jpg\" alt=\"Huusk\" width=\"600\" height=\"423\" srcset=\"https:\/\/www.eco-innovation.eu\/wp-content\/uploads\/2022\/10\/huusk.jpg 600w, https:\/\/www.eco-innovation.eu\/wp-content\/uploads\/2022\/10\/huusk-300x212.jpg 300w\" sizes=\"auto, (max-width: 600px) 100vw, 600px\" \/><\/a><\/p>\n<h3>Vikt och m\u00e5tt<\/h3>\n<p>Kniven v\u00e4ger cirka 252 gram och har en l\u00e4ngd p\u00e5 cirka 28 centimeter. Bladet \u00e4r 15,5 centimeter l\u00e5ngt och har en maximal tjocklek p\u00e5 5 millimeter p\u00e5 bladets baksida. Handtagets tjocklek \u00e4r 27 millimeter och handtaget \u00e4r nitat av h\u00f6gkvalitativt ekfat. <a href=\"https:\/\/huusk.se\/\" target=\"_blank\" rel=\"noopener\">Huusk-knivens<\/a> handtag \u00e4r koniskt format och ligger perfekt i handen. Bladets h\u00e5rdhet \u00e4r 58-60 HRC (Rockwell-h\u00e5rdhet).<\/p>\n<h3>Sk\u00e4rpa och material<\/h3>\n<p>En genomsnittlig k\u00f6kskniv har ett v\u00e4rde p\u00e5 53-57 HRC. Fr\u00e5n v\u00e4rdet 60 HRC \u00e4r det en h\u00f6gre kategori av bladst\u00e5l. Bladet har d\u00e4rf\u00f6r en s\u00e4rskilt h\u00e5rd egg och l\u00e5ng sk\u00e4rbarhet.<\/p>\n<h3>Slipning av knivar av puusk<\/h3>\n<p>En kniv med denna Rockwellh\u00e5rdhet kan slipas med en slipsten med diamantkorn. P\u00e5 grund av knivens goda egenskaper beh\u00f6ver den s\u00e4llan slipas och slipas. Bladmaterialet \u00e4r tillverkat av kraftigt slipat 5Cr15-st\u00e5l, vilket \u00e4r idealiskt f\u00f6r att g\u00f6ra k\u00f6ksknivar.<\/p>\n<h3>Santoku blad<\/h3>\n<p>I Japan kallas bladet i k\u00f6ksknivar f\u00f6r santoku, en kniv med de tre dygderna. De tre dygderna \u00e4r livsmedelskategorierna k\u00f6tt, fisk och gr\u00f6nsaker. Den h\u00e4r typen av k\u00f6kskniv har som specialitet att snabbt sk\u00e4ra de finaste remsorna. Bladst\u00e5let viks flera g\u00e5nger f\u00f6r att skapa en speciell h\u00e5rdhet, robusthet och motst\u00e5ndskraft mot brott. Materialet i santokuknivar \u00e4r vanligtvis Damaskusst\u00e5l, som \u00e4r k\u00e4nt f\u00f6r sin flexibilitet och sk\u00e4rmh\u00e5llning.<\/p>\n<p>&nbsp;<\/p>\n<a href=\"https:\/\/www.eco-innovation.eu\/go\/huusk-se\" class=\"su-button su-button-style-soft\" style=\"color:#FFFFFF;background-color:#fb5a00;border-color:#c94800;border-radius:9px;-moz-border-radius:9px;-webkit-border-radius:9px\" target=\"_blank\" rel=\"nofollow\"><span style=\"color:#FFFFFF;padding:8px 24px;font-size:18px;line-height:27px;border-color:#fd8c4d;border-radius:9px;-moz-border-radius:9px;-webkit-border-radius:9px;text-shadow:none;-moz-text-shadow:none;-webkit-text-shadow:none\"><i class=\"sui sui-check-circle\" style=\"font-size:18px;color:#FFFFFF\"><\/i> Best\u00e4ll HUUSK-knivar direkt fr\u00e5n tillverkaren (prisneds\u00e4ttning)<\/span><\/a>\n<p>&nbsp;<\/p>\n<h2>Huusk Japan k\u00f6ksknivtest<\/h2>\n<p>K\u00f6kskniven \u00e4r helt unik p\u00e5 m\u00e5nga s\u00e4tt. Den k\u00e4nnetecknas av sin unika balans och kontroll. Bladet har ett precisionsskuret h\u00e5l i korsningen med handtaget, som skapas med laser. Den \u00e4r avsedd f\u00f6r pekfingret och ger s\u00e4rskilt bra kontroll. Dessutom \u00e4r bladet s\u00e4rskilt vasst och d\u00e4rf\u00f6r m\u00e5ngsidigt i k\u00f6ket.<\/p>\n<p>Konventionella k\u00f6ksknivar \u00e4r ibland vassa, men \u00e4r mer k\u00e4nsliga f\u00f6r rost eller flisor och l\u00e4ttare att bryta s\u00f6nder. Huusk-m\u00e4rket har lyckats kombinera sk\u00e4rpa och robusthet i en och samma kniv. En original Santoku ska kombinera dessa v\u00e4rden, inklusive komfort, och ge optimala sk\u00e4rresultat n\u00e4r den anv\u00e4nds i k\u00f6ket. Bladet har en utpr\u00e4glad kurva och handtaget av ek med en upph\u00e4ngnings\u00f6gla f\u00f6r kniven \u00e4r s\u00e4rskilt sl\u00e5ende.<\/p>\n<p>Handtaget \u00e4r oljat med \u00f6ppen por\u00f6sitet, vilket ger eken en vacker nyans. Bladets baksida och bolsteret \u00e4r j\u00e4mf\u00f6relsevis breda och v\u00e4larbetade. Fingrarna har en optimal kontaktyta och kniven ligger perfekt i handen. Dessutom har kniven ett vackert utseende och ger ett robust och felfritt intryck. Produkten \u00e4r k\u00e4nd f\u00f6r sin kvalitet och finns i Tyskland till ett \u00f6verkomligt pris, s\u00e4rskilt n\u00e4r kniven k\u00f6ps i ett set.<\/p>\n<h2>Vad kan den anv\u00e4ndas till?<\/h2>\n<div class=\"su-list\" style=\"margin-left:0px\">\n<ul>\n<li><i class=\"sui sui-caret-right\" style=\"color:#113116\"><\/i> K\u00f6kskniven \u00e4r i princip avsedd f\u00f6r <strong>anv\u00e4ndning i k\u00f6ket<\/strong> och anses vara en representant f\u00f6r den traditionella santoku-kniven. Den \u00e4r fr\u00e4mst popul\u00e4r bland amat\u00f6rkockar och fans av det japanska k\u00f6ket. Bladet sk\u00e4r mat av alla slag tillf\u00f6rlitligt och utan problem.<\/li>\n<li><i class=\"sui sui-caret-right\" style=\"color:#113116\"><\/i> Knivens tunga och skarpa blad g\u00f6r den perfekt f\u00f6r <strong>hackning av \u00f6rter<\/strong>. L\u00f6k kan ocks\u00e5 hackas snabbt och effektivt. Oavsett om du vill hacka tomater, paprika eller mor\u00f6tter kan kniven sk\u00e4ra mycket tunna remsor tack vare sin sk\u00e4rpa.<\/li>\n<li><i class=\"sui sui-caret-right\" style=\"color:#113116\"><\/i> Huusk-kniven \u00e4r en absolut <strong>allroundare<\/strong> bland olika typer av knivar. Den kan anv\u00e4ndas i k\u00f6ket, i tr\u00e4dg\u00e5rden eller till och med utomhus f\u00f6r att sk\u00e4ra frukt och gr\u00f6nsaker. Fisk- och k\u00f6ttprodukter kan l\u00e4tt sk\u00e4ras med kniven.<\/li>\n<li><i class=\"sui sui-caret-right\" style=\"color:#113116\"><\/i> Den kan ocks\u00e5 anv\u00e4ndas som en <strong>stekkniv<\/strong> och ger ett gott intryck direkt vid bordet. F\u00f6r stek\u00e4lskare \u00e4r produkten ett anv\u00e4ndbart och praktiskt verktyg i k\u00f6ket. Tack vare bladets tjocklek och stabilitet \u00e4r Huusk-kniven perfekt l\u00e4mpad f\u00f6r urbening.<\/li>\n<li><i class=\"sui sui-caret-right\" style=\"color:#113116\"><\/i> I <strong>outdoorsektorn<\/strong> kan kniven anv\u00e4ndas flexibelt i naturen eller i skogen. S\u00e4rskilt n\u00e4r du campar \u00e4r det ett v\u00e4rdefullt och popul\u00e4rt verktyg. Bladets robusthet g\u00f6r kniven praktisk f\u00f6r utomhusbruk och m\u00e5ngsidig. Dess sl\u00e5ende utseende \u00e4r ett vanligt samtals\u00e4mne bland v\u00e4nner n\u00e4r den tas fram.<\/li>\n<\/ul>\n<\/div>\n<p>&nbsp;<\/p>\n<h2>Huusk vittnesm\u00e5l och recensioner fr\u00e5n kunder i forumet<\/h2>\n<div class=\"su-list\" style=\"margin-left:0px\">\n<ul>\n<li><i class=\"sui sui-user\" style=\"color:#113116\"><\/i> Kunderna rapporterar positiva erfarenheter av produkten. Kniven \u00e4r mycket vass till att b\u00f6rja med och kan enkelt slipas om det beh\u00f6vs. Kvaliteten och utf\u00f6randet \u00e4r oklanderligt. Den rustika kniven \u00e4r \u00f6vertygande n\u00e4r det g\u00e4ller f\u00f6rh\u00e5llandet mellan pris och prestanda. Priserna f\u00f6r produkten i set om 2, 3 eller 4 \u00e4r lockande och utm\u00e4rkta f\u00f6r den kvalitet som erbjuds. Utseendet \u00e4r \u00f6vertygande med ett originellt och typiskt utseende av en handsmidd japansk k\u00f6kskniv.<\/li>\n<li><i class=\"sui sui-user\" style=\"color:#113116\"><\/i> Den ergonomiska utformningen av handtaget \u00e4r allm\u00e4nt ber\u00f6md, liksom hur v\u00e4lbalanserad kniven \u00e4r. Handtaget \u00e4r mycket smidigt och ligger bra i handen. Ett tips f\u00f6r att h\u00e5lla tr\u00e4handtaget snyggt \u00e4r att regelbundet gnugga in det med l\u00e4mplig olja. Trots sin robusthet b\u00f6r kniven behandlas med omsorg f\u00f6r att h\u00e5lla den vass.<\/li>\n<li><i class=\"sui sui-user\" style=\"color:#113116\"><\/i> Knivens vikt k\u00e4nns bra i handen och bidrar till enkel hantering och utm\u00e4rkt kontroll vid sk\u00e4rning. Huusk-produktens vassa kant klarar alla uppgifter i k\u00f6ket och h\u00e5ller sig vass l\u00e4nge. F\u00f6r m\u00e5nga kunder \u00e4r det den b\u00e4sta kniven f\u00f6r alla k\u00f6kssnitten.<\/li>\n<li><i class=\"sui sui-user\" style=\"color:#113116\"><\/i> Inom den h\u00f6ga kvaliteten \u00e4r konsumenterna helt \u00f6vertygade om produktens helhetspaket. Den klassiska japanska k\u00f6kskniven g\u00f6r produkten unik. Huusk-kniven \u00e4r h\u00e5llbar och imponerande tillverkad.<\/li>\n<li><i class=\"sui sui-user\" style=\"color:#113116\"><\/i> Produkten \u00e4r p\u00e5litlig och m\u00e5ngsidig i k\u00f6ket. Den \u00e4r perfekt f\u00f6r att hacka gr\u00f6nsaker och \u00f6rter. Kniven \u00e4r ocks\u00e5 en perfekt present till v\u00e4nner vid speciella tillf\u00e4llen. Speciellt f\u00f6r sportfiskare, j\u00e4gare och hobbykockar \u00e4r den en idealisk g\u00e5va eller souvenir. Huusks leverans av kniven \u00e4r snabb och p\u00e5litlig. Sammantaget rekommenderas k\u00f6kskniven av m\u00e5nga kunder.<\/li>\n<\/ul>\n<\/div>\n<h2>K\u00f6p Huusk-kniv till b\u00e4sta pris<\/h2>\n<a href=\"https:\/\/www.eco-innovation.eu\/go\/huusk-se\" class=\"su-button su-button-style-soft\" style=\"color:#FFFFFF;background-color:#fb5a00;border-color:#c94800;border-radius:9px;-moz-border-radius:9px;-webkit-border-radius:9px\" target=\"_blank\" rel=\"nofollow\"><span style=\"color:#FFFFFF;padding:8px 24px;font-size:18px;line-height:27px;border-color:#fd8c4d;border-radius:9px;-moz-border-radius:9px;-webkit-border-radius:9px;text-shadow:none;-moz-text-shadow:none;-webkit-text-shadow:none\"><i class=\"sui sui-check-circle\" style=\"font-size:18px;color:#FFFFFF\"><\/i> Best\u00e4ll HUUSK-knivar direkt fr\u00e5n tillverkaren (prisneds\u00e4ttning)<\/span><\/a>\n","protected":false},"excerpt":{"rendered":"<p>Huusk k\u00f6kskniven \u00e4r en m\u00e5ngsidig kniv fr\u00e5n Japan. Bladet \u00e4r tillverkat av h\u00f6gkvalitativt rostfritt st\u00e5l och garanterar en l\u00e5ng livsl\u00e4ngd. St\u00e5let \u00e4r rostfritt. Dessutom har kvalitetskniven ett mycket praktiskt, l\u00e4tt b\u00f6jt handtag i ek. Den \u00e4r h\u00e5rda tr\u00e4slag i en m\u00f6rkbrun nyans. &nbsp; Huusk k\u00f6kskniv granskning och erfarenhet Det f\u00f6rstklassiga materialet k\u00e4nns bekv\u00e4mt i handen, &#8230; <a title=\"Huusk Omd\u00f6me &#038; Review \u2013 K\u00f6p Huusk Japan Kniv: Pris, Trustpilot Sverige\" class=\"read-more\" href=\"https:\/\/www.eco-innovation.eu\/sv\/huusk\/\" aria-label=\"Mer p\u00e5 Huusk Omd\u00f6me &#038; Review \u2013 K\u00f6p Huusk Japan Kniv: Pris, Trustpilot Sverige\">L\u00e4s mer<\/a><\/p>\n","protected":false},"author":1,"featured_media":1393,"parent":0,"menu_order":0,"comment_status":"closed","ping_status":"closed","template":"","meta":{"footnotes":""},"class_list":["post-1766","page","type-page","status-publish","has-post-thumbnail"],"_links":{"self":[{"href":"https:\/\/www.eco-innovation.eu\/sv\/wp-json\/wp\/v2\/pages\/1766","targetHints":{"allow":["GET"]}}],"collection":[{"href":"https:\/\/www.eco-innovation.eu\/sv\/wp-json\/wp\/v2\/pages"}],"about":[{"href":"https:\/\/www.eco-innovation.eu\/sv\/wp-json\/wp\/v2\/types\/page"}],"author":[{"embeddable":true,"href":"https:\/\/www.eco-innovation.eu\/sv\/wp-json\/wp\/v2\/users\/1"}],"replies":[{"embeddable":true,"href":"https:\/\/www.eco-innovation.eu\/sv\/wp-json\/wp\/v2\/comments?post=1766"}],"version-history":[{"count":3,"href":"https:\/\/www.eco-innovation.eu\/sv\/wp-json\/wp\/v2\/pages\/1766\/revisions"}],"predecessor-version":[{"id":2066,"href":"https:\/\/www.eco-innovation.eu\/sv\/wp-json\/wp\/v2\/pages\/1766\/revisions\/2066"}],"wp:featuredmedia":[{"embeddable":true,"href":"https:\/\/www.eco-innovation.eu\/sv\/wp-json\/wp\/v2\/media\/1393"}],"wp:attachment":[{"href":"https:\/\/www.eco-innovation.eu\/sv\/wp-json\/wp\/v2\/media?parent=1766"}],"curies":[{"name":"wp","href":"https:\/\/api.w.org\/{rel}","templated":true}]}}