{"id":1037,"date":"2022-09-05T09:10:41","date_gmt":"2022-09-05T09:10:41","guid":{"rendered":"https:\/\/www.eco-innovation.eu\/?page_id=1037"},"modified":"2022-09-05T09:10:41","modified_gmt":"2022-09-05T09:10:41","slug":"derila","status":"publish","type":"page","link":"https:\/\/www.eco-innovation.eu\/sv\/derila\/","title":{"rendered":"Derila Kudde Pillow Omd\u00f6me &#038; Review &#8211; K\u00f6p Derila Kuddar: Pris, Trustpilot Sverige"},"content":{"rendered":"<p><img loading=\"lazy\" decoding=\"async\" class=\"aligncenter size-full wp-image-1071\" src=\"https:\/\/www.eco-innovation.eu\/wp-content\/uploads\/2022\/08\/derila.jpg\" alt=\"Derila\" width=\"610\" height=\"545\" srcset=\"https:\/\/www.eco-innovation.eu\/wp-content\/uploads\/2022\/08\/derila.jpg 610w, https:\/\/www.eco-innovation.eu\/wp-content\/uploads\/2022\/08\/derila-300x268.jpg 300w\" sizes=\"auto, (max-width: 610px) 100vw, 610px\" \/><br \/>\n<strong>Derila-kudden \u00e4r en ergonomiskt formad kudde med h\u00f6g \u00e5terst\u00e4llningsf\u00f6rm\u00e5ga. Den anpassar sig till alla sovpositioner tack vare k\u00e4rnan i minnesskum. Den speciella skumk\u00e4rnan \u00e5terg\u00e5r till sin gamla form efter varje omplacering. Alla typer av s\u00f6mnare f\u00e5r allts\u00e5 verkligt st\u00f6d f\u00f6r nacken och samtidigt avlastas ryggraden. Med Derila fungerar det verkligen i alla sovpositioner. S\u00e5 mycket anpassningsf\u00f6rm\u00e5ga i en kudde har ett s\u00e4llsynt v\u00e4rde.<\/strong><\/p>\n<div class=\"sue-section\" data-url=\"\" data-target=\"blank\" style=\"margin:0px 0px 0px 0px;border-top:1px solid #cccccc;border-bottom:1px solid #cccccc\"><div class=\"sue-section-background\" style=\"background-color:#f8f8f8;background-position:left top;\"><\/div><div class=\"sue-section-content sue-content-wrap\" style=\"padding:30px 0px 30px 0px;max-width:960px;text-align:left;color:#333333;text-shadow:0px 1px 10px #ffffffffff\">\n<h2>Review, omd\u00f6me och utv\u00e4rdering av Derila Pillow<\/h2>\n<div class=\"su-list\" style=\"margin-left:0px\">\n<ul>\n<li><i class=\"sui sui-check\" style=\"color:#113116\"><\/i> <strong>Egonomisk form f\u00f6r vilsam s\u00f6mn<\/strong><br \/>\nDen ergonomiska formen anpassar sig perfekt till huvudets och nackens konturer tack vare det speciella skummet. P\u00e5 s\u00e5 s\u00e4tt st\u00f6der den hela kroppens naturliga h\u00e5llning.<\/li>\n<li><i class=\"sui sui-check\" style=\"color:#113116\"><\/i> <strong>L\u00e4mplig f\u00f6r alla sovpositioner<\/strong><br \/>\nDesignen \u00e4r idealisk f\u00f6r mag-, sido- och ryggsovare. Tack vare det h\u00f6gkvalitativa minnesskummet anpassar den sig till huvudets och nackens form i alla l\u00e4gen. Om du minskar trycket str\u00e4cker sig skummet l\u00e5ngsamt tillbaka till sin ursprungliga form.<\/li>\n<li><i class=\"sui sui-check\" style=\"color:#113116\"><\/i> <strong>L\u00e4mplig f\u00f6r tv\u00e4ttmaskin och giftfri.<\/strong><br \/>\nEtt utbytbart \u00f6rngott ing\u00e5r i paketet. Den kan enkelt tv\u00e4ttas i tv\u00e4ttmaskinen och \u00e4r fri fr\u00e5n gifter.<\/li>\n<li><i class=\"sui sui-check\" style=\"color:#113116\"><\/i> <strong>Bra v\u00e4rde f\u00f6r pengarna<\/strong><br \/>\nDerila-kudden \u00e4r betydligt billigare \u00e4n j\u00e4mf\u00f6rbara produkter p\u00e5 marknaden.<\/li>\n<li><i class=\"sui sui-check\" style=\"color:#113116\"><\/i> <strong>Extremt h\u00f6g kvalitet<\/strong><br \/>\nTack vare det goda hantverket \u00e4r kudden mycket h\u00e5llbar.<\/li>\n<li><i class=\"sui sui-check\" style=\"color:#113116\"><\/i> <strong>Tillg\u00e4nglig till ett reducerat pris under en kort tid<\/strong><br \/>\nUpp till 50 % rabatt<\/li>\n<\/ul>\n<p style=\"text-align: center;\"><big><strong>V\u00e5rt betyg: <span style=\"color: #008000;\">MYCKET GODT<\/span> (\u2b50\u2b50\u2b50\u2b50\u2b50 4,9 av 5 stj\u00e4rnor)<\/strong><\/big><\/p>\n<\/div>\n<h2>K\u00f6p Derila Kuddar<\/h2>\n<a href=\"https:\/\/www.eco-innovation.eu\/go\/derila-se\" class=\"su-button su-button-style-soft\" style=\"color:#FFFFFF;background-color:#fb5a00;border-color:#c94800;border-radius:9px;-moz-border-radius:9px;-webkit-border-radius:9px\" target=\"_blank\" rel=\"nofollow\"><span style=\"color:#FFFFFF;padding:8px 24px;font-size:18px;line-height:27px;border-color:#fd8c4d;border-radius:9px;-moz-border-radius:9px;-webkit-border-radius:9px;text-shadow:none;-moz-text-shadow:none;-webkit-text-shadow:none\"><i class=\"sui sui-check-circle\" style=\"font-size:18px;color:#FFFFFF\"><\/i> Best\u00e4ll Derila direkt fr\u00e5n tillverkaren (upp till -50% prisneds\u00e4ttning)<\/span><\/a>\n<p>&nbsp;<\/p>\n<h2>Priser<\/h2>\n<p>Kostnader och priser f\u00f6r Derila<\/p>\n<div class=\"su-list\" style=\"margin-left:0px\">\n<p>1 Derila-kudde f\u00f6r 39,95 euro<br \/>\n2 Derila kudde f\u00f6r 69,96 \u20ac<br \/>\n3 Derila-kuddar f\u00f6r 89,94 \u20ac.<br \/>\n4 Derila kuddar f\u00f6r 99,96 \u20ac (h\u00f6gsta rabatt)<\/p>\n<\/div>\n<\/div><\/div>\n<p>&nbsp;<\/p>\n\n<p>&nbsp;<\/p>\n<p><a href=\"https:\/\/www.eco-innovation.eu\/go\/derila-se\" target=\"_blank\" rel=\"nofollow noopener\"><img loading=\"lazy\" decoding=\"async\" class=\"aligncenter size-full wp-image-1072\" src=\"https:\/\/www.eco-innovation.eu\/wp-content\/uploads\/2022\/08\/Derila-Memory-Foam-Pillow.jpg\" alt=\"Derila Memory Foam Pillow\" width=\"610\" height=\"418\" srcset=\"https:\/\/www.eco-innovation.eu\/wp-content\/uploads\/2022\/08\/Derila-Memory-Foam-Pillow.jpg 610w, https:\/\/www.eco-innovation.eu\/wp-content\/uploads\/2022\/08\/Derila-Memory-Foam-Pillow-300x206.jpg 300w\" sizes=\"auto, (max-width: 610px) 100vw, 610px\" \/><\/a><\/p>\n<p>&nbsp;<\/p>\n<h2>Omd\u00f6me och erfarenheter fr\u00e5n Derila-kudden<\/h2>\n<p>Medan du med konventionella kuddar kan v\u00e4lja att ligga f\u00f6r platt eller med huvudet p\u00e5 n\u00e5got s\u00e4tt upp\u00e5t, st\u00f6ds huvudet med Derila-kudden p\u00e5 ett s\u00e5dant s\u00e4tt att nackmusklerna inte kan sp\u00e4nnas. Nacken st\u00f6ds och avlastas av kuddens ergonomiska form. Samtidigt \u00e4r den \u00f6vre delen av ryggraden inte vriden, \u00f6verstr\u00e4ckt eller komprimerad, utan avlastad. Det g\u00f6r att du slipper axelbesv\u00e4r, armar somnar och sm\u00e4rtsamma sp\u00e4nningar i \u00f6vre delen av ryggen.<\/p>\n<p>S\u00f6mnen ska vara vilsam f\u00f6r hela organismen. I m\u00e5nga fall \u00e4r det dock inte tillr\u00e4ckligt. M\u00e5nga tar med sig ilska och stress in i sovrummet. Madrassen \u00e4r f\u00f6r fast, f\u00f6r mjuk eller redan ganska sliten. Huvudets position \u00e4r inte optimal. S\u00f6mnkudden st\u00f6djer antingen inte nacken och huvudet alls &#8211; eller s\u00e5 st\u00f6djer den dem p\u00e5 fel st\u00e4llen. Hur kan du vilja \u00e5terh\u00e4mta dig fr\u00e5n detta? Med Derila Memory Foam-kudden tar du det f\u00f6rsta steget mot b\u00e4ttre och djupare s\u00f6mn. Det viktigaste \u00e4r att du vaknar upp igen utan sm\u00e4rta, blockeringar och sp\u00e4nningar.<\/p>\n<p>Ju \u00e4ldre en person blir, desto mer sm\u00e4rta uppst\u00e5r av sig sj\u00e4lv. Som en klok person b\u00f6r man skona sig sj\u00e4lv fr\u00e5n sm\u00e4rta som kan f\u00f6rhindras. Derila-kudden \u00e4r tillverkad av f\u00f6roreningsfria och h\u00f6gkvalitativa material. Minnesskummet ger en h\u00f6g \u00e5terst\u00e4llningsf\u00f6rm\u00e5ga. Tack vare sina speciella egenskaper har den tillr\u00e4cklig anpassningsf\u00f6rm\u00e5ga till olika sovpositioner. Derila-kuddens ytterh\u00f6lje \u00e4r avtagbart. Den kan tv\u00e4ttas s\u00e5 ofta du vill.<\/p>\n<p>Med Derila nackkudden Sverige kanske du f\u00f6r f\u00f6rsta g\u00e5ngen kommer att uppleva att du sover djupt och ljudligt som en bebis. Det kan dock ta n\u00e5gra dagar innan du v\u00e4njer dig vid den nya kuddeformen. \u00c4ven om din kropp var tvungen att v\u00e4nja sig vid den gamla nackkudden och nu gn\u00e4ller, kommer den s\u00e4kert snart att v\u00e4nja sig vid den ergonomiska placeringen. Bel\u00f6ningen f\u00f6r anstr\u00e4ngningen \u00e4r att den vanliga sp\u00e4nningsv\u00e4rken gradvis f\u00f6rsvinner. Kom ih\u00e5g att du tillbringar en tredjedel av ditt liv sovande i s\u00e4ngen.<\/p>\n<p>Under dina yngre \u00e5r kan du till\u00e5ta dig sj\u00e4lv att synda som fel kuddar. Men om du h\u00e5ller fast vid det du \u00e4r van vid kommer det att kosta dig en massa sk\u00e4mtsamma mediciner senare i livet. Skummet i Derila Memory Foam-kudden garanterar bekv\u00e4m s\u00f6mn med sin anpassningsf\u00f6rm\u00e5ga och flexibilitet, samtidigt som det ger st\u00f6d &#8211; precis d\u00e4r det beh\u00f6vs. Att ta h\u00e4nsyn till sin m\u00e4nskliga anatomi \u00e4r b\u00f6rjan p\u00e5 en livsl\u00e5ng v\u00e4nskap.<\/p>\n<p>&nbsp;<\/p>\n<div class=\"sue-icon-panel\" data-url=\"\" data-target=\"self\" style=\"background-color:#ffffff;color:#333333;border-radius:0px;-moz-border-radius:0px;-webkit-border-radius:0px;box-shadow:0px 1px 2px #eeeeeeee;-moz-box-shadow:0px 1px 2px #eeeeeeee;-webkit-box-shadow:0px 1px 2px #eeeeeeee;border:1px solid #cccccc\"><div class=\"sue-icon-panel-head\"><i class=\"sui sui-warning\" style=\"font-size:31px;color:#a40016\"><\/i><\/div><div class=\"sue-icon-panel-content sue-content-wrap\" style=\"text-align:center\">\n<h2>Falskt och bluff<\/h2>\n<ul>\n<li>Akta dig f\u00f6r falska erbjudanden p\u00e5 plattformar som Amazon och Ebay.<\/li>\n<li>Den ursprungliga Derila-kudden finns endast tillg\u00e4nglig p\u00e5 den officiella webbplatsen.<\/li>\n<\/ul>\n<\/div><\/div>\n<p>&nbsp;<\/p>\n<h2>Vem passar Derila f\u00f6r?<\/h2>\n<p>Denna fr\u00e5ga \u00e4r \u00f6verfl\u00f6dig. Till skillnad fr\u00e5n de flesta andra ergonomiska nackkuddar \u00e4r Derila l\u00e4mplig f\u00f6r alla sovpositioner. D\u00e4rf\u00f6r \u00e4r den l\u00e4mplig f\u00f6r alla typer av sovande utan \u00e5tskillnad. Detta beror p\u00e5 dess geniala design och konstruktion. Den har utvecklats i enlighet med de senaste ergonomiska r\u00f6nen.<\/p>\n<p>Ingen annan kudde p\u00e5 marknaden \u00e4r lika l\u00e4mplig f\u00f6r alla sovpositioner. Det \u00e4r inte om\u00f6jligt att hitta en optimal konstruktion f\u00f6r alla typer av sovande. Du beh\u00f6ver bara ta reda p\u00e5 vilka funktioner en viss typ av sovande beh\u00f6ver f\u00f6r att bekv\u00e4mt st\u00f6dja huvudet, nacken och ryggraden samtidigt som du avlastar honom eller henne. I slut\u00e4ndan finner man att dessa villkor kan genomf\u00f6ras med en enda kudde.<\/p>\n<p>Derila-s\u00f6mnkudden Reddit garanterar optimal s\u00f6mnkvalitet i alla situationer och i alla sovpositioner. Den passar alla vuxna tack vare sin geniala form.<\/p>\n<p><a href=\"https:\/\/www.eco-innovation.eu\/go\/derila-se\" target=\"_blank\" rel=\"nofollow noopener\"><img loading=\"lazy\" decoding=\"async\" class=\"aligncenter size-full wp-image-1073\" src=\"https:\/\/www.eco-innovation.eu\/wp-content\/uploads\/2022\/08\/Derila-Test-Review.jpg\" alt=\"Derila Test Review\" width=\"520\" height=\"520\" srcset=\"https:\/\/www.eco-innovation.eu\/wp-content\/uploads\/2022\/08\/Derila-Test-Review.jpg 520w, https:\/\/www.eco-innovation.eu\/wp-content\/uploads\/2022\/08\/Derila-Test-Review-300x300.jpg 300w, https:\/\/www.eco-innovation.eu\/wp-content\/uploads\/2022\/08\/Derila-Test-Review-150x150.jpg 150w\" sizes=\"auto, (max-width: 520px) 100vw, 520px\" \/><\/a><\/p>\n<h2>Vilka \u00e4r f\u00f6rdelarna med Derila Memory Foam-kudden?<\/h2>\n<p>Den st\u00f6rsta f\u00f6rdelen med Derila-kudden \u00e4r att den f\u00f6rb\u00e4ttrar s\u00f6mnens kvalitet och djup. Den andra f\u00f6rdelen \u00e4r att du slipper sm\u00e4rta och sp\u00e4nningar. Kuddens ergonomiska utformning s\u00e4kerst\u00e4ller detta. Den skiljer sig fr\u00e5n andra ergonomiska kuddar. Dessa har vanligtvis en mer eller mindre uttalad v\u00e5gform. Vissa kuddar kallar sig ergonomiska. De \u00e4r dock helt platta. I det h\u00e4r fallet \u00e4r det knappast f\u00f6rst\u00e5eligt att den kallas ergonomisk.<\/p>\n<p>Derila Memory Foam Pillow Trustpilot har ocks\u00e5 en igenk\u00e4nnbar v\u00e5gform. Den h\u00e4r har dock en platt h\u00e5lighet f\u00f6r halsen. Den har ocks\u00e5 utsk\u00e4rningar f\u00f6r axlarna som \u00e4r anpassade till anatomin. Detta resulterar i en n\u00e5got annorlunda form som ligger n\u00e4rmare den m\u00e4nskliga anatomin. Du kan alltid k\u00e4nna igen en Derila-kudde p\u00e5 dessa genomt\u00e4nkta detaljer. Derila-kudden \u00e4r utformad s\u00e5 att du enkelt kan ta med den i bagaget.<\/p>\n<p>Som vi alla vet har hotell, pensionat och semesterrum aldrig bra kuddar. D\u00e5lig s\u00f6mnkvalitet och st\u00e4ndiga sp\u00e4nningar kan verkligen f\u00f6rst\u00f6ra din semester &#8211; men Derila-kudden g\u00f6r slut p\u00e5 det. Som \u00e4ldre person har du mer komfort. Dessutom \u00f6nskar du att du inte hade gett upp att bli av med obekv\u00e4ma kuddar n\u00e4r du var yngre.<\/p>\n<h2>Hur \u00e4r den konstruerad?<\/h2>\n<p>Derila-kudden best\u00e5r av tre lager: en inre k\u00e4rna av minnesskum, ovanp\u00e5 vilken det finns ett tunt men behagligt mjukt och fast sytt \u00f6verdrag. Kudden har som yttre lager ett avtagbart \u00f6verdrag som \u00e4r tv\u00e4ttbart. Du kan helt enkelt tv\u00e4tta \u00f6verdraget i tv\u00e4ttmaskinen. Det f\u00f6rstklassiga fj\u00e4drande skummet, \u00e4ven k\u00e4nt som memory foam, ger flexibel anpassningsf\u00f6rm\u00e5ga. Den \u00e5terg\u00e5r alltid till sin ursprungliga form. Det g\u00f6r att den ger ett tillr\u00e4ckligt djupt sjunkande djup, men ocks\u00e5 tillr\u00e4ckligt st\u00f6d.<\/p>\n<h2>Specialfunktioner<\/h2>\n<p>Derila har ett avtagbart \u00f6verdrag som kan tv\u00e4ttas i tv\u00e4ttmaskinen. Detta \u00e4r inte fallet med alla ergonomiska kuddar. Vanliga kuddar \u00e4r fyllda med fj\u00e4drar, dun eller kapokfibrer. Vissa inneh\u00e5ller boveteskal. Dessa kuddar \u00e4r s\u00e4rskilt obekv\u00e4ma. Dessutom blir skalen dammiga efter ett tag.<\/p>\n<p>K\u00e4rnan i Derila-kudden best\u00e5r av flexibelt, anpassningsbart minnesskum: ett skum med h\u00f6g elasticitet och flexibilitet. Memoryskum deformeras under tryck. Den ger s\u00e5 mycket som du beh\u00f6ver, men st\u00f6der dig \u00e4nd\u00e5. N\u00e4r du reser dig upp eller v\u00e4nder dig om i s\u00f6mnen \u00e5terg\u00e5r den till sin ursprungliga form inom n\u00e5gra sekunder. Den &#8221;minns&#8221; denna form &#8211; permanent.<\/p>\n<h2>Amazon?<\/h2>\n<p><strong>Kan jag k\u00f6pa Derila-kudden p\u00e5 Amazon?<\/strong><\/p>\n<p>Nej, du kan inte k\u00f6pa den d\u00e4r.<\/p>\n<h2>Pris f\u00f6r Derila<\/h2>\n<p>F\u00f6rdelen med detta skum \u00e4r att det anpassar sig g\u00e5ng p\u00e5 g\u00e5ng till dina individuella behov, din speciella position och din anatomi. Tillsammans med Derila-kuddens ergonomiska och anatomiskt korrekta form ger detta ett oslagbart bekv\u00e4mt huvudst\u00f6d f\u00f6r s\u00f6mnen. Du kan f\u00f6r n\u00e4rvarande f\u00e5 den h\u00e4r kudden f\u00f6r fantastiska 39,95 euro med 50 procents rabatt p\u00e5 priset. Detta g\u00e4ller dock bara under en kort tid. D\u00e4refter kostar Derila Memory Foam Pillow 79,90 euro igen.<\/p>\n<div class=\"sue-section\" data-url=\"\" data-target=\"blank\" style=\"margin:0px 0px 0px 0px;border-top:1px solid #cccccc;border-bottom:1px solid #cccccc\"><div class=\"sue-section-background\" style=\"background-color:#f8f8f8;background-position:left top;\"><\/div><div class=\"sue-section-content sue-content-wrap\" style=\"padding:30px 0px 30px 0px;max-width:960px;text-align:left;color:#333333;text-shadow:0px 1px 10px #ffffffffff\">\n<h2>Derila recensioner, Reviews, vittnesm\u00e5l och betyg<\/h2>\n<div class=\"su-list\" style=\"margin-left:0px\">\n<ul>\n<li><i class=\"sui sui-users\" style=\"color:#113116\"><\/i> Anv\u00e4ndarnas fr\u00e5gor och kommentarer \u00e4r ibland mycket intressanta. Till exempel fr\u00e5gade n\u00e5gon tillverkaren om Derila-kudden kunde anv\u00e4ndas vid stillasittande arbete och d\u00e5lig h\u00e5llning. Svaret fr\u00e5n tillverkarna lyder: Om du sitter vid ditt kontorsbord i timmar under dagen i en obekv\u00e4m h\u00e5llning beh\u00f6ver du desto mer en kudde p\u00e5 natten som avlastar nacke och ryggrad och str\u00e4cker ut de intervertebrala diskarna tillbaka till en sm\u00e4rtfri position.<br \/>\nTillverkaren svarade: &#8221;Derila har utvecklats av de b\u00e4sta specialisterna f\u00f6r att ge ett perfekt st\u00f6d f\u00f6r huvudet och axlarna p\u00e5 natten. \u00c4ven om du har ett fysiskt kr\u00e4vande arbete eller slavar framf\u00f6r en sk\u00e4rm hela dagen kan Derila ge dig perfekt vila under natten.&#8221; Detta hj\u00e4lper i sin tur till att bli av med den vanliga sm\u00e4rtan i nacke, axlar och rygg. Det \u00e4r otroligt, eller hur, vilket tillst\u00e5nd av sm\u00e4rta man kan v\u00e4nja sig vid med \u00e5ren. L\u00e5t mig s\u00e4ga dig att din vanliga sm\u00e4rtniv\u00e5 inte p\u00e5 n\u00e5got s\u00e4tt \u00e4r of\u00f6r\u00e4nderlig.<\/li>\n<li><i class=\"sui sui-users\" style=\"color:#113116\"><\/i> En k\u00f6pare vid namn Sienna rapporterade: &#8221;Jag brukade ha sv\u00e5rt att somna. Jag v\u00e4nde och vred mig i timmar och vaknade upp med s\u00e5 sv\u00e5ra nacksm\u00e4rtor att min livskvalitet p\u00e5verkades. Jag har provat s\u00e5 m\u00e5nga olika medel, madrasser och kuddar. Ingenting verkade fungera. Tills jag hittade Derila. Efter den f\u00f6rsta natten vaknade jag upp och k\u00e4nde en enorm skillnad. Det var fantastiskt. Jag har inte haft n\u00e5got obehag eller sm\u00e4rta i nacken sedan dess.&#8221;<\/li>\n<li><i class=\"sui sui-users\" style=\"color:#113116\"><\/i> Paul s\u00e4ger: &#8221;Du kan faktiskt vila hela natten i olika sovpositioner utan de vanliga nacksp\u00e4rrarna, axelsm\u00e4rtorna eller besv\u00e4ren i \u00f6vre delen av ryggen. Minns du hur det k\u00e4nns att vakna upp p\u00e5 morgonen utan sm\u00e4rta? Om inte, kanske du vill prova Derila-kudden. Du kanske kommer att uppleva ditt bl\u00e5 mirakel. Det \u00e4r trots allt den bl\u00e5 k\u00e4rnan av minnesskum som fick det att k\u00e4nnas s\u00e5.&#8221;<\/li>\n<\/ul>\n<\/div>\n<\/div><\/div>\n<h2>Derila Memory Foam-kuddar k\u00f6per billigt online (s\u00e4nkt pris).<\/h2>\n<p>Om du k\u00f6per flera kuddar p\u00e5 en g\u00e5ng till specialpriset blir det \u00e4nnu billigare. Expressleverans i Sverige.<\/p>\n<a href=\"https:\/\/www.eco-innovation.eu\/go\/derila-se\" class=\"su-button su-button-style-soft\" style=\"color:#FFFFFF;background-color:#fb5a00;border-color:#c94800;border-radius:9px;-moz-border-radius:9px;-webkit-border-radius:9px\" target=\"_blank\" rel=\"nofollow\"><span style=\"color:#FFFFFF;padding:8px 24px;font-size:18px;line-height:27px;border-color:#fd8c4d;border-radius:9px;-moz-border-radius:9px;-webkit-border-radius:9px;text-shadow:none;-moz-text-shadow:none;-webkit-text-shadow:none\"><i class=\"sui sui-check-circle\" style=\"font-size:18px;color:#FFFFFF\"><\/i> Best\u00e4ll Derila direkt fr\u00e5n tillverkaren (upp till -50% prisneds\u00e4ttning)<\/span><\/a>\n","protected":false},"excerpt":{"rendered":"<p>Derila-kudden \u00e4r en ergonomiskt formad kudde med h\u00f6g \u00e5terst\u00e4llningsf\u00f6rm\u00e5ga. Den anpassar sig till alla sovpositioner tack vare k\u00e4rnan i minnesskum. Den speciella skumk\u00e4rnan \u00e5terg\u00e5r till sin gamla form efter varje omplacering. Alla typer av s\u00f6mnare f\u00e5r allts\u00e5 verkligt st\u00f6d f\u00f6r nacken och samtidigt avlastas ryggraden. Med Derila fungerar det verkligen i alla sovpositioner. S\u00e5 mycket &#8230; <a title=\"Derila Kudde Pillow Omd\u00f6me &#038; Review &#8211; K\u00f6p Derila Kuddar: Pris, Trustpilot Sverige\" class=\"read-more\" href=\"https:\/\/www.eco-innovation.eu\/sv\/derila\/\" aria-label=\"Mer p\u00e5 Derila Kudde Pillow Omd\u00f6me &#038; Review &#8211; K\u00f6p Derila Kuddar: Pris, Trustpilot Sverige\">L\u00e4s mer<\/a><\/p>\n","protected":false},"author":1,"featured_media":0,"parent":0,"menu_order":0,"comment_status":"closed","ping_status":"closed","template":"","meta":{"footnotes":""},"class_list":["post-1037","page","type-page","status-publish"],"_links":{"self":[{"href":"https:\/\/www.eco-innovation.eu\/sv\/wp-json\/wp\/v2\/pages\/1037","targetHints":{"allow":["GET"]}}],"collection":[{"href":"https:\/\/www.eco-innovation.eu\/sv\/wp-json\/wp\/v2\/pages"}],"about":[{"href":"https:\/\/www.eco-innovation.eu\/sv\/wp-json\/wp\/v2\/types\/page"}],"author":[{"embeddable":true,"href":"https:\/\/www.eco-innovation.eu\/sv\/wp-json\/wp\/v2\/users\/1"}],"replies":[{"embeddable":true,"href":"https:\/\/www.eco-innovation.eu\/sv\/wp-json\/wp\/v2\/comments?post=1037"}],"version-history":[{"count":3,"href":"https:\/\/www.eco-innovation.eu\/sv\/wp-json\/wp\/v2\/pages\/1037\/revisions"}],"predecessor-version":[{"id":1102,"href":"https:\/\/www.eco-innovation.eu\/sv\/wp-json\/wp\/v2\/pages\/1037\/revisions\/1102"}],"wp:attachment":[{"href":"https:\/\/www.eco-innovation.eu\/sv\/wp-json\/wp\/v2\/media?parent=1037"}],"curies":[{"name":"wp","href":"https:\/\/api.w.org\/{rel}","templated":true}]}}