{"id":1771,"date":"2022-12-12T12:10:45","date_gmt":"2022-12-12T12:10:45","guid":{"rendered":"https:\/\/www.eco-innovation.eu\/?page_id=1771"},"modified":"2022-12-12T12:13:34","modified_gmt":"2022-12-12T12:13:34","slug":"huusk","status":"publish","type":"page","link":"https:\/\/www.eco-innovation.eu\/sk\/huusk\/","title":{"rendered":"K\u00fapi\u0165 no\u017ee Huusk Japan &#8211; Recenze, Opinie, Cena &#038; Reklama &#8211; Slovensko"},"content":{"rendered":"<p><strong>Kuchy\u0148sk\u00fd n\u00f4\u017e Huusk je univerz\u00e1lny n\u00f4\u017e z Japonska. \u010cepe\u013e je vyroben\u00e1 z kvalitnej nehrdzavej\u00facej ocele a zaru\u010duje dlh\u00fa \u017eivotnos\u0165. Oce\u013e je nehrdzavej\u00faca. Okrem toho m\u00e1 tento kvalitn\u00fd n\u00f4\u017e ve\u013emi praktick\u00fa, mierne zakriven\u00fa dubov\u00fa rukov\u00e4\u0165. Je to tvrd\u00e9 drevo v tmavohnedom odtieni.<\/strong><\/p>\n<div class=\"sue-section\" data-url=\"\" data-target=\"blank\" style=\"margin:0px 0px 0px 0px;border-top:1px solid #cccccc;border-bottom:1px solid #cccccc\"><div class=\"sue-section-background\" style=\"background-color:#f8f8f8;background-position:left top;\"><\/div><div class=\"sue-section-content sue-content-wrap\" style=\"padding:30px 0px 30px 0px;max-width:960px;text-align:left;color:#333333;text-shadow:0px 1px 10px #ffffff\">\n<h2>Huusk No\u017ee Recenze &amp; Opinie<\/h2>\n<div class=\"su-list\" style=\"margin-left:0px\">\n<ul>\n<li><i class=\"sui sui-caret-right\" style=\"color:#113116\"><\/i> Vyroben\u00e9 pod\u013ea tradi\u010dn\u00e9ho japonsk\u00e9ho kovania<\/li>\n<li><i class=\"sui sui-caret-right\" style=\"color:#113116\"><\/i> Univerz\u00e1lny n\u00f4\u017e na v\u0161etky \u00falohy v kuchyni<\/li>\n<li><i class=\"sui sui-caret-right\" style=\"color:#113116\"><\/i> Huusk ve\u013emi dobre padne do ruky &#8211; ve\u013emi dobr\u00e9 ovl\u00e1danie pri kr\u00e1jan\u00ed potrav\u00edn<\/li>\n<li><i class=\"sui sui-caret-right\" style=\"color:#113116\"><\/i> Ve\u013emi dobr\u00e1 kvalita.\u00a0 Pou\u017eitie prvotriednych materi\u00e1lov<\/li>\n<li><i class=\"sui sui-caret-right\" style=\"color:#113116\"><\/i> Vyroben\u00e9 ru\u010dne, s pr\u00edsnou kontrolou kvality<\/li>\n<li><i class=\"sui sui-caret-right\" style=\"color:#113116\"><\/i> Ve\u013emi pozit\u00edvne recenzie na kuch\u00e1rskych f\u00f3rach a od \u0161\u00e9fkuch\u00e1rov na Instagrame a Youtube<\/li>\n<\/ul>\n<\/div>\n<h2>Hodnotenie<\/h2>\n<p style=\"text-align: center;\"><big><strong>\u2b50\u2b50\u2b50\u2b50\u2b50 (4,9 z 5 hviezdi\u010diek &#8211; <span style=\"color: #008000;\">VYBORN\u00c9<\/span><\/strong><\/big>)<\/p>\n<h2>K\u00fapi\u0165 no\u017ee Huusk<\/h2>\n<div class=\"su-button-center\"><a href=\"https:\/\/www.eco-innovation.eu\/go\/huusk-sk\" class=\"su-button su-button-style-soft\" style=\"color:#FFFFFF;background-color:#fb5a00;border-color:#c94800;border-radius:9px;-moz-border-radius:9px;-webkit-border-radius:9px\" target=\"_blank\" rel=\"nofollow\"><span style=\"color:#FFFFFF;padding:8px 24px;font-size:18px;line-height:27px;border-color:#fd8c4d;border-radius:9px;-moz-border-radius:9px;-webkit-border-radius:9px;text-shadow:none;-moz-text-shadow:none;-webkit-text-shadow:none\"><i class=\"sui sui-check-circle\" style=\"font-size:18px;color:#FFFFFF\"><\/i> Objedn\u00e1vajte no\u017ee HUUSK priamo od v\u00fdrobcu (zn\u00ed\u017eenie ceny)<\/span><\/a><\/div>\n<\/div><\/div>\n<p>&nbsp;<\/p>\n\n<h2>Recenzia a sk\u00fasenosti s kuchynsk\u00fdm no\u017eom Huusk<\/h2>\n<p>Prvotriedny materi\u00e1l je pr\u00edjemn\u00fd do ruky, pevne sa dr\u017e\u00ed a poskytuje dokonal\u00fd \u00fachop. N\u00f4\u017e m\u00e1 \u010diernu kladivkov\u00fa \u010depe\u013e so striebornou reznou plochou. \u010cepe\u013e no\u017ea je zakon\u010den\u00e1 hrotom. Zna\u010dka Huusk vyr\u00e1ba svoje no\u017ee technikami in\u0161pirovan\u00fdmi st\u00e1ro\u010diami japonsk\u00e9ho kov\u00e1\u010dstva.<\/p>\n<h3>V\u00fdroba<\/h3>\n<p>V\u00fdrobn\u00fd proces pozost\u00e1va zo 138 krokov a zah\u0155\u0148a starostlivo vykonan\u00e9 v\u00fdrobn\u00e9 kroky, ako aj rozsiahle testovanie materi\u00e1lov a v\u00fdrobkov. Zna\u010dka Huusk je symbolom vysokokvalitn\u00e9ho tovaru a spolieha sa na osved\u010den\u00e9 techniky v kombin\u00e1cii s najnov\u0161\u00edmi v\u00fdrobn\u00fdmi postupmi. N\u00f4\u017e symbolizuje v\u00e1\u0161e\u0148 pre kuch\u00e1rske umenie a bol navrhnut\u00fd na tento \u00fa\u010del. Cie\u013eom tohto v\u00fdrobku je revolu\u010dne zmeni\u0165 trh ako \u0161pecializovan\u00fd kuchynsk\u00fd n\u00f4\u017e s v\u00fdnimo\u010dnou \u010depe\u013eou.<\/p>\n<p><a href=\"https:\/\/www.eco-innovation.eu\/go\/huusk-sk\" target=\"_blank\" rel=\"nofollow noopener\"><img loading=\"lazy\" decoding=\"async\" class=\"aligncenter size-full wp-image-1320\" src=\"https:\/\/www.eco-innovation.eu\/wp-content\/uploads\/2022\/10\/huusk.jpg\" alt=\"Huusk\" width=\"600\" height=\"423\" srcset=\"https:\/\/www.eco-innovation.eu\/wp-content\/uploads\/2022\/10\/huusk.jpg 600w, https:\/\/www.eco-innovation.eu\/wp-content\/uploads\/2022\/10\/huusk-300x212.jpg 300w\" sizes=\"auto, (max-width: 600px) 100vw, 600px\" \/><\/a><\/p>\n<h3>Hmotnos\u0165 a rozmery<\/h3>\n<p>N\u00f4\u017e v\u00e1\u017ei pribli\u017ene 252 gramov a m\u00e1 d\u013a\u017eku pribli\u017ene 28 centimetrov. D\u013a\u017eka \u010depele je 15,5 centimetra a maxim\u00e1lna hr\u00fabka na zadnej strane \u010depele je 5 milimetrov. Hr\u00fabka rukov\u00e4te je 27 milimetrov a rukov\u00e4\u0165 je nitovan\u00e1 z kvalitn\u00e9ho dubov\u00e9ho dreva. Rukov\u00e4\u0165 no\u017ea Huusk Team je k\u00f3nicky tvarovan\u00e1 a perfektne padne do ruky. Tvrdos\u0165 \u010depele je 58 a\u017e 60 HRC (tvrdos\u0165 pod\u013ea Rockwella).<\/p>\n<h3>Ostros\u0165 a materi\u00e1l<\/h3>\n<p>Priemern\u00fd kuchynsk\u00fd n\u00f4\u017e m\u00e1 hodnotu 53 a\u017e 57 HRC. Od hodnoty 60 HRC ide o vy\u0161\u0161iu kateg\u00f3riu \u010depe\u013eovej ocele. \u010cepe\u013e tak s\u013eubuje mimoriadne tvrd\u00e9 ostrie a dlh\u00fa \u017eivotnos\u0165 pri rezan\u00ed.<\/p>\n<h3>Br\u00fasenie no\u017eov na huusky<\/h3>\n<p>N\u00f4\u017e s touto tvrdos\u0165ou pod\u013ea Rockwella mo\u017eno naostri\u0165 br\u00fasnym kame\u0148om s diamantovou zrnitos\u0165ou. V\u010faka priazniv\u00fdm vlastnostiam no\u017ea ho treba zriedkakedy br\u00fasi\u0165 a honova\u0165. Materi\u00e1l \u010depele je vyroben\u00fd zo silno br\u00fasenej ocele 5Cr15, ktor\u00e1 je ide\u00e1lna na v\u00fdrobu kuchynsk\u00fdch no\u017eov.<\/p>\n<h3>Santoku \u010depe\u013e<\/h3>\n<p>Tvar \u010depele univerz\u00e1lnych kuchynsk\u00fdch no\u017eov v Japonsku sa naz\u00fdva santoku, n\u00f4\u017e troch cnost\u00ed. Tieto tri cnosti predstavuj\u00fa kateg\u00f3rie potrav\u00edn: m\u00e4so, ryby a zelenina. Zvl\u00e1\u0161tnou discipl\u00ednou tohto typu kuchynsk\u00e9ho no\u017ea je r\u00fdchle kr\u00e1janie najjemnej\u0161\u00edch pr\u00fa\u017ekov. Oce\u013e \u010depele je nieko\u013ekokr\u00e1t prehnut\u00e1, aby sa dosiahla mimoriadna tvrdos\u0165, pevnos\u0165 a odolnos\u0165 proti zlomeniu. Materi\u00e1lom no\u017eov santoku je zvy\u010dajne dama\u0161kov\u00e1 oce\u013e, ktor\u00e1 je zn\u00e1ma svojou pru\u017enos\u0165ou a odolnos\u0165ou ostria.<\/p>\n<div class=\"su-button-center\"><a href=\"https:\/\/www.eco-innovation.eu\/go\/huusk-sk\" class=\"su-button su-button-style-soft\" style=\"color:#FFFFFF;background-color:#fb5a00;border-color:#c94800;border-radius:9px;-moz-border-radius:9px;-webkit-border-radius:9px\" target=\"_blank\" rel=\"nofollow\"><span style=\"color:#FFFFFF;padding:8px 24px;font-size:18px;line-height:27px;border-color:#fd8c4d;border-radius:9px;-moz-border-radius:9px;-webkit-border-radius:9px;text-shadow:none;-moz-text-shadow:none;-webkit-text-shadow:none\"><i class=\"sui sui-check-circle\" style=\"font-size:18px;color:#FFFFFF\"><\/i> Objedn\u00e1vajte no\u017ee HUUSK priamo od v\u00fdrobcu (zn\u00ed\u017eenie ceny)<\/span><\/a><\/div>\n<p>&nbsp;<\/p>\n<h2>Huusk Japan No\u017ee Recenze &amp; Opinie<\/h2>\n<p>Kuchynsk\u00fd n\u00f4\u017e je v mnoh\u00fdch oh\u013eadoch \u00faplne jedine\u010dn\u00fd. Vyzna\u010duje sa jedine\u010dnou vyv\u00e1\u017eenos\u0165ou a ovl\u00e1dan\u00edm. \u010cepe\u013e m\u00e1 v mieste spojenia s rukov\u00e4\u0165ou presne vyrezan\u00fd otvor, ktor\u00fd je vytvoren\u00fd laserom. Je ur\u010den\u00fd pre ukazov\u00e1k a umo\u017e\u0148uje mimoriadne dobr\u00e9 ovl\u00e1danie. Okrem toho je \u010depe\u013e mimoriadne ostr\u00e1, a preto je v kuchyni v\u0161estranne pou\u017eite\u013en\u00e1.<\/p>\n<p>Be\u017en\u00e9 kuchynsk\u00e9 no\u017ee s\u00fa niekedy ostr\u00e9, ale n\u00e1chylnej\u0161ie na hrdzu alebo od\u0161tiepenie a \u013eah\u0161ie sa l\u00e1mu. Zna\u010dke Huusk sa podarilo spoji\u0165 ostros\u0165 a robustnos\u0165 v jednom no\u017ei. Origin\u00e1lny n\u00f4\u017e Santoku by mal sp\u00e1ja\u0165 tieto hodnoty vr\u00e1tane komfortu a poskytova\u0165 optim\u00e1lne v\u00fdsledky rezania pri pou\u017e\u00edvan\u00ed v kuchyni. V\u00fdrazn\u00fd obl\u00fd tvar \u010depele a rukov\u00e4\u0165 z dubov\u00e9ho dreva vr\u00e1tane p\u00fatka na zavesenie no\u017ea s\u00fa mimoriadne n\u00e1padn\u00e9.<\/p>\n<p>Rukov\u00e4\u0165 je naolejovan\u00e1 otvoren\u00fdmi p\u00f3rmi, \u010do dod\u00e1va dubu pekn\u00fd odtie\u0148. Zadn\u00e1 \u010das\u0165 \u010depele a z\u00e1\u0161tita s\u00fa pomerne \u0161irok\u00e9 a dobre opracovan\u00e9. Prsty maj\u00fa optim\u00e1lnu sty\u010dn\u00fa plochu a n\u00f4\u017e dokonale padne do ruky. Okrem toho m\u00e1 n\u00f4\u017e kr\u00e1sny vzh\u013ead a p\u00f4sob\u00ed robustn\u00fdm a bezchybn\u00fdm dojmom. V\u00fdrobok je zn\u00e1my svojou kvalitou a je dostupn\u00fd v Nemecku za prijate\u013en\u00fa cenu, najm\u00e4 ak sa n\u00f4\u017e kupuje v s\u00faprave.<\/p>\n<h2>Na \u010do sa d\u00e1 pou\u017ei\u0165?<\/h2>\n<div class=\"su-list\" style=\"margin-left:0px\">\n<ul>\n<li><i class=\"sui sui-caret-right\" style=\"color:#113116\"><\/i> Kuchynsk\u00fd n\u00f4\u017e je v podstate ur\u010den\u00fd na <strong>pou\u017e\u00edvanie v kuchyni<\/strong> a pova\u017euje sa za z\u00e1stupcu tradi\u010dn\u00e9ho no\u017ea santoku. Je ob\u013e\u00faben\u00e1 najm\u00e4 medzi amat\u00e9rskymi kuch\u00e1rmi a fan\u00fa\u0161ikmi japonskej kuchyne. \u010cepe\u013e spo\u013eahlivo a bez probl\u00e9mov kr\u00e1ja potraviny ak\u00e9hoko\u013evek druhu.<\/li>\n<li><i class=\"sui sui-caret-right\" style=\"color:#113116\"><\/i> Ta\u017ek\u00e1 a ostr\u00e1 \u010depe\u013e no\u017ea je ide\u00e1lna na <strong>sekacie pr\u00e1ce s bylinkami<\/strong>. Cibu\u013eu mo\u017eno tie\u017e r\u00fdchlo a efekt\u00edvne nakr\u00e1ja\u0165. \u010ci u\u017e chcete nakr\u00e1ja\u0165 paradajky, papriku alebo mrkvu, n\u00f4\u017e dok\u00e1\u017ee v\u010faka svojej ostrosti nakr\u00e1ja\u0165 tenk\u00e9 p\u00e1siky.<\/li>\n<li><i class=\"sui sui-caret-right\" style=\"color:#113116\"><\/i> N\u00f4\u017e Huusk je absol\u00fatne <strong>v\u0161estrann\u00fd<\/strong> medzi r\u00f4znymi typmi no\u017eov. M\u00f4\u017eete ho pou\u017ei\u0165 v kuchyni, na z\u00e1hrade alebo aj v pr\u00edrode na kr\u00e1janie ovocia alebo zeleniny. Ryby a m\u00e4sov\u00e9 v\u00fdrobky sa daj\u00fa \u013eahko kr\u00e1ja\u0165 no\u017eom.<\/li>\n<li><i class=\"sui sui-caret-right\" style=\"color:#113116\"><\/i> D\u00e1 sa pou\u017ei\u0165 aj ako <strong>steakov\u00fd n\u00f4\u017e<\/strong> a rob\u00ed dobr\u00fd dojem priamo pri stole. Pre milovn\u00edkov steakov je tento v\u00fdrobok u\u017eito\u010dn\u00fdm a praktick\u00fdm n\u00e1strojom v kuchyni. V\u010faka hr\u00fabke \u010depele a jej stabilite je n\u00f4\u017e Huusk optim\u00e1lne vhodn\u00fd na vykos\u0165ovanie.<\/li>\n<li><i class=\"sui sui-caret-right\" style=\"color:#113116\"><\/i> V <strong>outdoorovom sektore<\/strong> mo\u017eno n\u00f4\u017e flexibilne pou\u017e\u00edva\u0165 v pr\u00edrode alebo v lese. Najm\u00e4 pri kempovan\u00ed je to cenn\u00fd a ob\u013e\u00faben\u00fd n\u00e1stroj. V\u010faka robustnosti \u010depele je n\u00f4\u017e praktick\u00fd na vonkaj\u0161ie pou\u017eitie a v\u0161estrann\u00fd. Jeho n\u00e1padn\u00fd vzh\u013ead je \u010dastou t\u00e9mou rozhovorov medzi priate\u013emi, ke\u010f je vy\u0148at\u00fd.<\/li>\n<\/ul>\n<\/div>\n<p>&nbsp;<\/p>\n<h2>Ohlasy a recenzie z\u00e1kazn\u00edkov na f\u00f3re<\/h2>\n<div class=\"su-list\" style=\"margin-left:0px\">\n<ul>\n<li><i class=\"sui sui-user\" style=\"color:#113116\"><\/i> Z\u00e1kazn\u00edci uv\u00e1dzaj\u00fa pozit\u00edvne sk\u00fasenosti s produktom. N\u00f4\u017e je na za\u010diatku ve\u013emi ostr\u00fd a v pr\u00edpade potreby sa d\u00e1 \u013eahko naostri\u0165. Kvalita a spracovanie s\u00fa dokonal\u00e9. N\u00f4\u017e rustic je presved\u010div\u00fd z h\u013eadiska pomeru ceny a v\u00fdkonu. Ceny v\u00fdrobku v s\u00faprav\u00e1ch po 2, 3 alebo 4 kusoch s\u00fa l\u00e1kav\u00e9 a vynikaj\u00face vzh\u013eadom na pon\u00fakan\u00fa kvalitu. Vzh\u013ead je presved\u010div\u00fd s origin\u00e1lnym a typick\u00fdm vzh\u013eadom ru\u010dne kovan\u00e9ho japonsk\u00e9ho kuchynsk\u00e9ho no\u017ea.<\/li>\n<li><i class=\"sui sui-user\" style=\"color:#113116\"><\/i> Viac sa chv\u00e1li ergon\u00f3mia rukov\u00e4te, ako aj to, ako dobre je n\u00f4\u017e vyv\u00e1\u017een\u00fd. Rukov\u00e4\u0165 je ve\u013emi hladk\u00e1 a pr\u00edjemn\u00e1 do ruky. Jedn\u00fdm z tipov na udr\u017eanie dobr\u00e9ho vzh\u013eadu drevenej rukov\u00e4te je pravideln\u00e9 natieranie vhodn\u00fdm olejom. Okrem toho je potrebn\u00e9 s no\u017eom napriek jeho robustnosti zaobch\u00e1dza\u0165 opatrne, aby zostal ostr\u00fd.<\/li>\n<li><i class=\"sui sui-user\" style=\"color:#113116\"><\/i> Hmotnos\u0165 no\u017ea sa dobre dr\u017e\u00ed v ruke a prispieva k \u013eahkej manipul\u00e1cii, ako aj k vynikaj\u00facej kontrole pri rezan\u00ed. Ostr\u00e1 hrana v\u00fdrobku Huusk zvl\u00e1dne v\u0161etky \u00falohy v kuchyni a zostane dlho ostr\u00e1. Pre mnoh\u00fdch z\u00e1kazn\u00edkov je to n\u00f4\u017e, ktor\u00fd si vyberaj\u00fa na v\u0161etky kuchynsk\u00e9 rezy.<\/li>\n<li><i class=\"sui sui-user\" style=\"color:#113116\"><\/i> Okrem vysokej kvality spotrebite\u013eov \u00faplne presved\u010d\u00ed aj celkov\u00e9 balenie v\u00fdrobku. Klasick\u00fd vzh\u013ead japonsk\u00e9ho kuchynsk\u00e9ho no\u017ea rob\u00ed tento v\u00fdrobok jedine\u010dn\u00fdm. N\u00f4\u017e Huusk je odoln\u00fd a p\u00f4sobivo spracovan\u00fd.<\/li>\n<li><i class=\"sui sui-user\" style=\"color:#113116\"><\/i> V\u00fdrobok je spo\u013eahliv\u00fd a v\u0161estrann\u00fd v kuchyni. Je ide\u00e1lny na sekanie zeleniny a byliniek. N\u00f4\u017e je tie\u017e ide\u00e1lnym dar\u010dekom pre priate\u013eov pri \u0161peci\u00e1lnych pr\u00edle\u017eitostiach. Je ide\u00e1lnym dar\u010dekom alebo suven\u00edrom najm\u00e4 pre ryb\u00e1rov, po\u013eovn\u00edkov alebo hobby kuch\u00e1rov. Preprava no\u017ea od spolo\u010dnosti Huusk je r\u00fdchla a spo\u013eahliv\u00e1. Celkovo kuchynsk\u00fd n\u00f4\u017e odpor\u00fa\u010da ve\u013emi ve\u013ea z\u00e1kazn\u00edkov.<\/li>\n<\/ul>\n<\/div>\n<h2>K\u00fapte n\u00f4\u017e Huusk za najlep\u0161iu cenu<\/h2>\n<div class=\"su-button-center\"><a href=\"https:\/\/www.eco-innovation.eu\/go\/huusk-sk\" class=\"su-button su-button-style-soft\" style=\"color:#FFFFFF;background-color:#fb5a00;border-color:#c94800;border-radius:9px;-moz-border-radius:9px;-webkit-border-radius:9px\" target=\"_blank\" rel=\"nofollow\"><span style=\"color:#FFFFFF;padding:8px 24px;font-size:18px;line-height:27px;border-color:#fd8c4d;border-radius:9px;-moz-border-radius:9px;-webkit-border-radius:9px;text-shadow:none;-moz-text-shadow:none;-webkit-text-shadow:none\"><i class=\"sui sui-check-circle\" style=\"font-size:18px;color:#FFFFFF\"><\/i> Objedn\u00e1vajte no\u017ee HUUSK priamo od v\u00fdrobcu (zn\u00ed\u017eenie ceny)<\/span><\/a><\/div>\n","protected":false},"excerpt":{"rendered":"<p>Kuchy\u0148sk\u00fd n\u00f4\u017e Huusk je univerz\u00e1lny n\u00f4\u017e z Japonska. \u010cepe\u013e je vyroben\u00e1 z kvalitnej nehrdzavej\u00facej ocele a zaru\u010duje dlh\u00fa \u017eivotnos\u0165. Oce\u013e je nehrdzavej\u00faca. Okrem toho m\u00e1 tento kvalitn\u00fd n\u00f4\u017e ve\u013emi praktick\u00fa, mierne zakriven\u00fa dubov\u00fa rukov\u00e4\u0165. Je to tvrd\u00e9 drevo v tmavohnedom odtieni. &nbsp; Recenzia a sk\u00fasenosti s kuchynsk\u00fdm no\u017eom Huusk Prvotriedny materi\u00e1l je pr\u00edjemn\u00fd do ruky, &#8230; <a title=\"K\u00fapi\u0165 no\u017ee Huusk Japan &#8211; Recenze, Opinie, Cena &#038; Reklama &#8211; Slovensko\" class=\"read-more\" href=\"https:\/\/www.eco-innovation.eu\/sk\/huusk\/\" aria-label=\"More on K\u00fapi\u0165 no\u017ee Huusk Japan &#8211; Recenze, Opinie, Cena &#038; Reklama &#8211; Slovensko\">Read more<\/a><\/p>\n","protected":false},"author":1,"featured_media":1391,"parent":0,"menu_order":0,"comment_status":"closed","ping_status":"closed","template":"","meta":{"footnotes":""},"class_list":["post-1771","page","type-page","status-publish","has-post-thumbnail"],"_links":{"self":[{"href":"https:\/\/www.eco-innovation.eu\/sk\/wp-json\/wp\/v2\/pages\/1771","targetHints":{"allow":["GET"]}}],"collection":[{"href":"https:\/\/www.eco-innovation.eu\/sk\/wp-json\/wp\/v2\/pages"}],"about":[{"href":"https:\/\/www.eco-innovation.eu\/sk\/wp-json\/wp\/v2\/types\/page"}],"author":[{"embeddable":true,"href":"https:\/\/www.eco-innovation.eu\/sk\/wp-json\/wp\/v2\/users\/1"}],"replies":[{"embeddable":true,"href":"https:\/\/www.eco-innovation.eu\/sk\/wp-json\/wp\/v2\/comments?post=1771"}],"version-history":[{"count":4,"href":"https:\/\/www.eco-innovation.eu\/sk\/wp-json\/wp\/v2\/pages\/1771\/revisions"}],"predecessor-version":[{"id":1775,"href":"https:\/\/www.eco-innovation.eu\/sk\/wp-json\/wp\/v2\/pages\/1771\/revisions\/1775"}],"wp:featuredmedia":[{"embeddable":true,"href":"https:\/\/www.eco-innovation.eu\/sk\/wp-json\/wp\/v2\/media\/1391"}],"wp:attachment":[{"href":"https:\/\/www.eco-innovation.eu\/sk\/wp-json\/wp\/v2\/media?parent=1771"}],"curies":[{"name":"wp","href":"https:\/\/api.w.org\/{rel}","templated":true}]}}