{"id":1538,"date":"2022-12-07T14:20:36","date_gmt":"2022-12-07T14:20:36","guid":{"rendered":"https:\/\/www.eco-innovation.eu\/?page_id=1538"},"modified":"2022-12-07T14:26:47","modified_gmt":"2022-12-07T14:26:47","slug":"nuubu-detox-naplaste","status":"publish","type":"page","link":"https:\/\/www.eco-innovation.eu\/sk\/nuubu-detox-naplaste\/","title":{"rendered":"Nuubu detox naplaste recenzie &#8211; Najlep\u0161ia cena &#8211; Deep Cleansing"},"content":{"rendered":"<p><img loading=\"lazy\" decoding=\"async\" class=\"aligncenter size-full wp-image-1554\" src=\"https:\/\/www.eco-innovation.eu\/wp-content\/uploads\/2022\/12\/nuubu-naplaste-cena.jpg\" alt=\"nuubu naplaste cena\" width=\"600\" height=\"191\" srcset=\"https:\/\/www.eco-innovation.eu\/wp-content\/uploads\/2022\/12\/nuubu-naplaste-cena.jpg 600w, https:\/\/www.eco-innovation.eu\/wp-content\/uploads\/2022\/12\/nuubu-naplaste-cena-300x96.jpg 300w\" sizes=\"auto, (max-width: 600px) 100vw, 600px\" \/><\/p>\n<p>&nbsp;<\/p>\n<p><strong>N\u00e1plasti Nuubu pom\u00e1haj\u00fa detoxikova\u0165 telo. Prirodzen\u00fd \u00e1zijsk\u00fd sp\u00f4sob odv\u00e1dzania tox\u00ednov z tela zlep\u0161uje celkov\u00fa pohodu. Met\u00f3da je pr\u00edrodn\u00e1 a ekologick\u00e1 lie\u010dba, ktor\u00e1 alternat\u00edvne odstra\u0148uje tox\u00edny z tela a podporuje zdravie pou\u017e\u00edvate\u013ea. Ak sa c\u00edtite unaven\u00ed, vystresovan\u00ed alebo vy\u010derpan\u00ed, nie ste sami.<\/strong><\/p>\n<div class=\"sue-section\" data-url=\"\" data-target=\"blank\" style=\"margin:0px 0px 0px 0px;border-top:1px solid #cccccc;border-bottom:1px solid #cccccc\"><div class=\"sue-section-background\" style=\"background-color:#ebebeb;background-position:left top;\"><\/div><div class=\"sue-section-content sue-content-wrap\" style=\"padding:30px 0px 30px 0px;max-width:960px;text-align:left;color:#333333;text-shadow:0px 1px 10px #ffffff\">\n<h2>NUUBU naplaste recenzie<\/h2>\n<p><strong>Hlavn\u00e9 v\u00fdhody<\/strong><\/p>\n<div class=\"su-list\" style=\"margin-left:0px\">\n<ul>\n<li><i class=\"sui sui-check\" style=\"color:#113116\"><\/i> Pr\u00edrodn\u00e9 \u00fa\u010dinn\u00e9 l\u00e1tky, ktor\u00fdch \u00fa\u010dinnos\u0165 je zn\u00e1ma u\u017e po st\u00e1ro\u010dia<\/li>\n<li><i class=\"sui sui-check\" style=\"color:#113116\"><\/i> Nuubu je renomovan\u00fd detoxika\u010dn\u00fd produkt (nie je to podvod, pasca na predplatn\u00e9 alebo falo\u0161n\u00fd produkt)<\/li>\n<li><i class=\"sui sui-check\" style=\"color:#113116\"><\/i> Vynikaj\u00face referencie od z\u00e1kazn\u00edkov na Youtube a vo f\u00f3re<\/li>\n<li><i class=\"sui sui-check\" style=\"color:#113116\"><\/i> Aktu\u00e1lny v\u00ed\u0165az testu Detox na mnoh\u00fdch port\u00e1loch s ve\u013emi dobr\u00fdm hodnoten\u00edm<\/li>\n<li><i class=\"sui sui-check\" style=\"color:#113116\"><\/i> Vhodn\u00e9 pre \u017eeny a mu\u017eov<\/li>\n<li><i class=\"sui sui-check\" style=\"color:#113116\"><\/i> <a href=\"https:\/\/www.eco-innovation.eu\/go\/nuubu-sk\" target=\"_blank\" rel=\"nofollow noopener\"><strong>Objedn\u00e1vka na kr\u00e1tky \u010das so z\u013eavou 70%<\/strong><\/a><\/li>\n<\/ul>\n<\/div>\n<div class=\"su-button-center\"><a href=\"https:\/\/www.eco-innovation.eu\/go\/nuubu-sk\" class=\"su-button su-button-style-soft\" style=\"color:#FFFFFF;background-color:#fb5a00;border-color:#c94800;border-radius:9px;-moz-border-radius:9px;-webkit-border-radius:9px\" target=\"_blank\" rel=\"nofollow\"><span style=\"color:#FFFFFF;padding:8px 24px;font-size:18px;line-height:27px;border-color:#fd8c4d;border-radius:9px;-moz-border-radius:9px;-webkit-border-radius:9px;text-shadow:none;-moz-text-shadow:none;-webkit-text-shadow:none\"><i class=\"sui sui-check-circle\" style=\"font-size:18px;color:#FFFFFF\"><\/i> K\u00fapte si NUUBU priamo od v\u00fdrobcu. Z\u00edskajte 70% z\u013eavu<\/span><\/a><\/div>\n<\/div><\/div>\n<p>&nbsp;<\/p>\n\n<p>&nbsp;<\/p>\n<h2>V\u00e1\u017ene alebo falo\u0161ne?<\/h2>\n<p><strong>Je Nuubu seri\u00f3zny alebo falo\u0161n\u00fd?<\/strong><\/p>\n<ul>\n<li>Nuubu pre\u0161iel falo\u0161nou kontrolou. V\u00fdrobok sa dod\u00e1va. Nuubu nie je falo\u0161n\u00fd obchod.<\/li>\n<li>Nuubu m\u00e1 dobr\u00fa poves\u0165.<\/li>\n<li>Pozor na falzifik\u00e1ty a podvody Nuubu, objedn\u00e1vajte len z ofici\u00e1lneho obchodu.<\/li>\n<\/ul>\n<p><a href=\"https:\/\/www.eco-innovation.eu\/go\/nuubu-sk\" target=\"_blank\" rel=\"nofollow noopener\"><img loading=\"lazy\" decoding=\"async\" class=\"aligncenter size-full wp-image-1541\" src=\"https:\/\/www.eco-innovation.eu\/wp-content\/uploads\/2022\/12\/nuubu-slovakia.jpg\" alt=\"nuubu slovakia\" width=\"650\" height=\"518\" srcset=\"https:\/\/www.eco-innovation.eu\/wp-content\/uploads\/2022\/12\/nuubu-slovakia.jpg 650w, https:\/\/www.eco-innovation.eu\/wp-content\/uploads\/2022\/12\/nuubu-slovakia-300x239.jpg 300w\" sizes=\"auto, (max-width: 650px) 100vw, 650px\" \/><\/a><\/p>\n<h2>Nuubu H\u013abkov\u00e9 \u010distiace podlo\u017eky pod nohy recenzia a sk\u00fasenosti<\/h2>\n<p>Dne\u0161n\u00fd \u017eivotn\u00fd \u0161t\u00fdl je pre \u013eudsk\u00fd organizmus mimoriadne stresuj\u00faci. \u010cast\u00fdmi d\u00f4sledkami s\u00fa m\u00e1lo sp\u00e1nku, bolesti hlavy a nevyhnutn\u00fd stres. Lie\u010dba vank\u00fa\u0161ikmi na nohy Nuubu a ich cenn\u00fdmi \u00fa\u010dinn\u00fdmi l\u00e1tkami m\u00f4\u017ee zlep\u0161i\u0165 celkov\u00fd zdravotn\u00fd stav. \u0160kodliv\u00e9 prvky, ktor\u00e9 sa hromadia vo va\u0161om organizme a ovplyv\u0148uj\u00fa va\u0161u pohodu, m\u00f4\u017eu by\u0165 odstr\u00e1nen\u00e9 lie\u010dbou.<\/p>\n<p>Najv\u00e4\u010d\u0161ie mno\u017estvo tox\u00ednov v tele sa nach\u00e1dza v chodidl\u00e1ch. Po aplik\u00e1cii n\u00e1plasti Nuubu Detox sa na vn\u00fatornej strane n\u00e1plasti objav\u00ed tmav\u00e1 vrstva vylu\u010dovan\u00fdch tox\u00ednov. Po odstr\u00e1nen\u00ed z\u00e1kazn\u00edci poci\u0165uj\u00fa pr\u00edjemn\u00fd pocit a za\u017e\u00edvaj\u00fa uvo\u013enenej\u0161\u00ed stav mysle.<\/p>\n<h2>Nuubu Recenzie testov<\/h2>\n<p>Met\u00f3da Nuubu dm je zalo\u017een\u00e1 na vedomostiach, ktor\u00e9 sa zhroma\u017e\u010fovali po st\u00e1ro\u010dia a pre\u0161li mnoh\u00fdmi gener\u00e1ciami. T\u00e1to met\u00f3da detoxik\u00e1cie m\u00e1 dlh\u00fa \u00e1zijsk\u00fa trad\u00edciu. Japonsk\u00e1 medic\u00edna uv\u00e1dza, \u017ee v tele je viac ako 360 akupunkt\u00farnych bodov a pribli\u017ene 60 z nich sa nach\u00e1dza na chodidle. V\u00fdrobky Nuubu sp\u00e1jaj\u00fa tradi\u010dn\u00e9 techniky lie\u010denia s modern\u00fdmi pr\u00edstupmi. \u00da\u010dinok n\u00e1plast\u00ed by sa mal prejavi\u0165 u\u017e po nieko\u013ek\u00fdch aplik\u00e1ci\u00e1ch. Neexistuj\u00fa \u017eiadne \u010dasov\u00e9 obmedzenia, pokia\u013e ide o d\u013a\u017eku ich pou\u017e\u00edvania. Je to na zv\u00e1\u017een\u00ed pou\u017e\u00edvate\u013ea, zvy\u010dajne sa uspokojiv\u00fd v\u00fdsledok dosiahne po menej ako 10 d\u0148och pri ka\u017edodennom pou\u017e\u00edvan\u00ed.<\/p>\n<p>&nbsp;<\/p>\n<div class=\"sue-icon-panel\" data-url=\"\" data-target=\"self\" style=\"background-color:#f1fff1;color:#333333;border-radius:0px;-moz-border-radius:0px;-webkit-border-radius:0px;box-shadow:0px 1px 2px #eeeeee;-moz-box-shadow:0px 1px 2px #eeeeee;-webkit-box-shadow:0px 1px 2px #eeeeee;border:1px solid #cccccc\"><div class=\"sue-icon-panel-head\"><i class=\"sui sui-leaf\" style=\"font-size:31px;color:#00810a\"><\/i><\/div><div class=\"sue-icon-panel-content sue-content-wrap\" style=\"text-align:center\">\n<h2>Zlo\u017eky a zlo\u017eenie<\/h2>\n<p>N\u00e1plasti Nuubu obsahuj\u00fa mno\u017estvo pr\u00edrodn\u00fdch zlo\u017eiek. Tie maj\u00fa pozit\u00edvny vplyv na telo a zbavuj\u00fa ho ulo\u017een\u00fdch tox\u00ednov. \u00da\u010dinn\u00e9 zlo\u017eky v\u00fdrobku zlep\u0161uj\u00fa sp\u00e1nok pou\u017e\u00edvate\u013eov. Okrem toho v\u00fdrobok poskytuje zv\u00fd\u0161en\u00fa hladinu energie a zabezpe\u010duje relax\u00e1ciu, ako aj vn\u00fatorn\u00fd pokoj.<\/p>\n<h3>Listy loquatu<\/h3>\n<p>Listy lokvy maj\u00fa antibakteri\u00e1lny \u00fa\u010dinok a pom\u00e1haj\u00fa absorbova\u0165 nepr\u00edjemn\u00e9 pachy. Okrem toho maj\u00fa pr\u00edjemn\u00fa osvie\u017euj\u00facu v\u00f4\u0148u. Maj\u00fa priazniv\u00fd \u00fa\u010dinok proti ko\u017en\u00fdm chorob\u00e1m a ur\u00fdch\u013euj\u00fa proces hojenia r\u00e1n na poko\u017eke. Okrem toho maj\u00fa listy vysok\u00fd obsah antioxidantov, ktor\u00e9 omladzuj\u00fa vzh\u013ead poko\u017eky. Rastlinn\u00e1 zlo\u017eka amygdal\u00edn podporuje funkciu pe\u010dene. L\u00e1tka aktivuje org\u00e1n a podporuje vylu\u010dovanie \u0161kodliv\u00fdch l\u00e1tok a odpadov\u00fdch produktov.<\/p>\n<h3>Bambusov\u00fd ocot<\/h3>\n<p>Bambusov\u00fd ocot obsahuje zdraviu prospe\u0161n\u00e9 mikroorganizmy, ktor\u00e9 podporuj\u00fa tr\u00e1venie a rozmno\u017eovanie buniek, ako aj zdravie \u010driev a \u00fastnej dutiny a odstra\u0148uj\u00fa nepr\u00edjemn\u00fd z\u00e1pach. \u00da\u010dinn\u00e1 l\u00e1tka sa z\u00edskava zuho\u013enaten\u00edm bambusovej rastliny a m\u00e1 detoxika\u010dn\u00e9 a mineraliza\u010dn\u00e9 vlastnosti.<\/p>\n<h3>Vitam\u00edn C<\/h3>\n<p>Vitam\u00edn C je antioxidant, ktor\u00fd pom\u00e1ha posil\u0148ova\u0165 imunitn\u00fd syst\u00e9m. Okrem toho vitam\u00edn pom\u00e1ha zni\u017eova\u0165 \u00fanavu a u\u013eah\u010duje vstreb\u00e1vanie \u017eeleza v tele. T\u00e1to l\u00e1tka pom\u00e1ha telesn\u00fdm bunk\u00e1m chr\u00e1ni\u0165 sa pred oxida\u010dn\u00fdm stresom.<\/p>\n<h3>Ocot z dreva<\/h3>\n<p>Drevn\u00fd ocot sa pova\u017euje za antibakteri\u00e1lnu tekutinu, ktor\u00e1 podporuje vstreb\u00e1vanie potu a odpadov\u00fdch produktov metabolizmu, ako aj vlhkosti z p\u00f3rov. L\u00e1tka sa vyr\u00e1ba destil\u00e1ciou dreva.<\/p>\n<h3>Turmal\u00edn<\/h3>\n<p>Turmal\u00edn je miner\u00e1l, ktor\u00fd podporuje detoxika\u010dn\u00e9 procesy v tele a posil\u0148uje org\u00e1ny, ako s\u00fa obli\u010dky a pe\u010de\u0148. T\u00e1to zlo\u017eka uvo\u013e\u0148uje \u013eudsk\u00fd nervov\u00fd syst\u00e9m a \u00fadajne dod\u00e1va pozit\u00edvnu energiu. Lie\u010div\u00fd kame\u0148 m\u00e1 posil\u0148uj\u00faci \u00fa\u010dinok na svaly tela.<\/p>\n<h3>Ani\u00f3n<\/h3>\n<p>Ani\u00f3n je z\u00e1porn\u00fd i\u00f3nov\u00fd pr\u00e1\u0161ok, ktor\u00fd zabezpe\u010duje zdrav\u00fa hodnotu pH a reguluje obsah kysl\u00edka v krvi. Podporuje imunitn\u00fd syst\u00e9m \u010dloveka a zni\u017euje mno\u017estvo vo\u013en\u00fdch kysl\u00edkov\u00fdch radik\u00e1lov v tele.<\/p>\n<h3>Houttuynia Cordata<\/h3>\n<p>Houttuynia Cordata m\u00e1 mnoho prospe\u0161n\u00fdch vlastnost\u00ed a p\u00f4sob\u00ed proti obezite, antiv\u00edrusovo, antibakteri\u00e1lne a hepatoprotekt\u00edvne. Toto rastlinn\u00e9 antibiotikum sa pou\u017e\u00edva najm\u00e4 pri infekci\u00e1ch a chronick\u00fdch z\u00e1paloch. Rastlina obsahuje cenn\u00e9 zlo\u017eky, ako s\u00fa kyanid\u00edn, flavonoidy a \u00e9terick\u00e9 oleje.<\/p>\n<h3>Dextr\u00edn<\/h3>\n<p>Dextr\u00edn je akt\u00edvna zlo\u017eka, ktor\u00e1 funguje ako doplnok vl\u00e1kniny a zvy\u0161uje \u00fa\u010dinok ostatn\u00fdch zlo\u017eiek. T\u00e1to l\u00e1tka pom\u00e1ha rastu zdraviu prospe\u0161n\u00fdch bakt\u00e9ri\u00ed v \u010drev\u00e1ch a podporuje imunitn\u00fd syst\u00e9m. Okrem toho dextr\u00edn zlep\u0161uje schopnos\u0165 regener\u00e1cie organizmu.<\/p>\n<\/div><\/div>\n<p>&nbsp;<\/p>\n<h2>Kde k\u00fapi\u0165 n\u00e1plasti Nuubu?<\/h2>\n<p><strong>Nuubu Slovakia<\/strong><\/p>\n<p><strong>Kde k\u00fapi\u0165? Tu z\u00edskate najlep\u0161iu cenu:<\/strong><\/p>\n<div class=\"su-button-center\"><a href=\"https:\/\/www.eco-innovation.eu\/go\/nuubu-sk\" class=\"su-button su-button-style-soft\" style=\"color:#FFFFFF;background-color:#fb5a00;border-color:#c94800;border-radius:9px;-moz-border-radius:9px;-webkit-border-radius:9px\" target=\"_blank\" rel=\"nofollow\"><span style=\"color:#FFFFFF;padding:8px 24px;font-size:18px;line-height:27px;border-color:#fd8c4d;border-radius:9px;-moz-border-radius:9px;-webkit-border-radius:9px;text-shadow:none;-moz-text-shadow:none;-webkit-text-shadow:none\"><i class=\"sui sui-check-circle\" style=\"font-size:18px;color:#FFFFFF\"><\/i> K\u00fapte si NUUBU priamo od v\u00fdrobcu. Z\u00edskajte 70% z\u013eavu<\/span><\/a><\/div>\n<p>&nbsp;<\/p>\n<h2>N\u00e1vod na pou\u017eitie: Aplik\u00e1cia a pou\u017eitie<\/h2>\n<p>Tox\u00edny v \u013eudskom tele sp\u00f4sobuj\u00fa mno\u017estvo pr\u00edznakov. Patr\u00ed medzi ne nedostato\u010dn\u00e1 koncentr\u00e1cia, podr\u00e1\u017edenos\u0165, vy\u010derpanos\u0165 alebo \u00fanava, ako aj boles\u0165 svalov a vn\u00fatorn\u00fd nepokoj vyvolan\u00fd stresom. Detoxika\u010dn\u00e1 n\u00e1plas\u0165 sa aplikuje na chodidlo a aktivovan\u00edm potn\u00fdch \u017eliaz odv\u00e1dza tox\u00edny z tela. N\u00e1plasti po aplik\u00e1cii absorbuj\u00fa \u0161kodliv\u00e9 ne\u010distoty. \u013dudsk\u00e9 telo je za\u0165a\u017een\u00e9 tox\u00ednmi a metabolick\u00fdm odpadom. To vedie k stresu a probl\u00e9mom s krvn\u00fdm obehom.<\/p>\n<p>Met\u00f3da detoxik\u00e1cie zlep\u0161uje celkov\u00fa pohodu. Hlavn\u00fdm cie\u013eom je holistick\u00fd sp\u00f4sob lie\u010dby. Lie\u010di\u0165 treba pr\u00ed\u010dinu, a nie sympt\u00f3my, aby sa telo, du\u0161a a duch dostali do harm\u00f3nie. N\u00e1plasti obsahuj\u00fa r\u00f4zne rastlinn\u00e9 lie\u010div\u00e1, ktor\u00e9 naplno \u00fa\u010dinkuj\u00fa nieko\u013eko hod\u00edn po aplik\u00e1cii na chodidlo a absorbuj\u00fa tox\u00edny. Produkt je vyroben\u00fd z \u010dist\u00fdch pr\u00edrodn\u00fdch byl\u00edn a bez chemick\u00fdch pr\u00edsad. N\u00e1plasti nemaj\u00fa \u017eiadnu \u0161kodliv\u00fa toxicitu ani ved\u013eaj\u0161ie \u00fa\u010dinky. V\u010faka starostliv\u00e9mu v\u00fdberu najlep\u0161\u00edch zlo\u017eiek s bylinkami z od\u013eahl\u00fdch horsk\u00fdch oblast\u00ed v\u00fdchodnej \u00c1zie je v\u00fdrobok dobre zn\u00e1\u0161an\u00fd. Pomocou n\u00e1plast\u00ed sa m\u00f4\u017eete vr\u00e1ti\u0165 k harmonickej\u0161iemu \u017eivotn\u00e9mu \u0161t\u00fdlu.<\/p>\n<h2>N\u00e1vod na pou\u017eitie<\/h2>\n<ol>\n<li>V prvom kroku aplik\u00e1cie umiestnite n\u00e1plas\u0165 na stred chodidla m\u00e4kkou stranou na poko\u017eku.Potom v druhom kroku aplikujte \u010fal\u0161iu n\u00e1plas\u0165 na druh\u00fa nohu alebo in\u00fa \u010das\u0165 tela.<\/li>\n<li>Sami sa rozhodnete, z ktorej \u010dasti tela tox\u00edny vytiahnete. Najlep\u0161ie je to v oblasti n\u00f4h, kde sa nach\u00e1dza najviac \u0161kodliv\u00fdch l\u00e1tok v tele.<\/li>\n<li>V tre\u0165om kroku nech\u00e1te n\u00e1plas\u0165 nalepen\u00fa 6 a\u017e 8 hod\u00edn. Najlep\u0161ie je pou\u017e\u00edva\u0165 v\u00fdrobok pred span\u00edm.<\/li>\n<li>Na ukon\u010denie lie\u010dby odstr\u00e1\u0148te n\u00e1plasti po uplynut\u00ed \u00fa\u010dinn\u00e9ho \u010dasu. O\u0161etren\u00e9 miesta potom d\u00f4kladne umyte, aby na poko\u017eke nezostali \u017eiadne zvy\u0161ky.<\/li>\n<\/ol>\n<p>Po ka\u017edodennom pou\u017e\u00edvan\u00ed po\u010das 10 dn\u00ed sa mno\u017estvo tox\u00ednov, ktor\u00e9 sa odv\u00e1dzaj\u00fa z tela, v\u00fdrazne zni\u017euje. Odpadov\u00e9 produkty a tox\u00edny sa daj\u00fa rozpozna\u0165 pod\u013ea tmav\u00e9ho zafarbenia n\u00e1plasti. Najnesk\u00f4r po 10. dni pou\u017e\u00edvania by sa po pou\u017eit\u00ed n\u00e1plasti malo zmen\u0161i\u0165 sfarbenie.<\/p>\n<h2>Testovanie \u00fa\u010dinnosti v\u00fdrobku<\/h2>\n<p>Produkt Nuubu Stiftung Warentest je pln\u00fd u\u017eito\u010dn\u00fdch vitam\u00ednov a stopov\u00fdch prvkov. Ke\u010f sa dostan\u00fa do kontaktu s potom, prvky obsiahnut\u00e9 v n\u00e1plasti zmenia farbu. To v\u00e1m umo\u017en\u00ed zisti\u0165, \u010di v\u00fdrobok funguje a odv\u00e1dza tox\u00edny z tela. N\u00e1plasti Nuubu dm pom\u00e1haj\u00fa svojim pou\u017e\u00edvate\u013eom zn\u00ed\u017ei\u0165 stres a zlep\u0161i\u0165 sp\u00e1nok, vy\u010derpanos\u0165 a podr\u00e1\u017edenos\u0165.<\/p>\n<h2>Lek\u00e1re\u0148<\/h2>\n<p><strong>K\u00fapte si n\u00e1plasti Nuubu v ofici\u00e1lnej lek\u00e1rni:<\/strong><\/p>\n<p>K\u00fapi\u0165 NUUBU priamo od v\u00fdrobcu<br \/>\nZ\u00edskajte 70% z\u013eavu<\/p>\n<p>&nbsp;<\/p>\n<div class=\"sue-section\" data-url=\"\" data-target=\"blank\" style=\"margin:0px 0px 0px 0px;border-top:1px solid #cccccc;border-bottom:1px solid #cccccc\"><div class=\"sue-section-background\" style=\"background-color:#ebebeb;background-position:left top;\"><\/div><div class=\"sue-section-content sue-content-wrap\" style=\"padding:30px 0px 30px 0px;max-width:960px;text-align:left;color:#333333;text-shadow:0px 1px 10px #ffffff\">\n<h2>Nuubu posudky, hodnotenia a recenzie vo f\u00f3re<\/h2>\n<p><strong>N\u00e1plasti sa daj\u00fa \u013eahko objedna\u0165 online a z\u00e1kazn\u00edk ich dostane do dvoch a\u017e troch pracovn\u00fdch dn\u00ed. Okrem toho m\u00e1te mo\u017enos\u0165 zaplati\u0165 prostredn\u00edctvom slu\u017eby Klarna a\u017e po prevzat\u00ed tovaru.<\/strong><\/p>\n<div class=\"su-list\" style=\"margin-left:0px\">\n<ul>\n<li><i class=\"sui sui-user\" style=\"color:#113116\"><\/i> Ve\u013ek\u00fd po\u010det pozit\u00edvnych recenzi\u00ed potvrdzuje s\u013eubn\u00fd \u00fa\u010dinok produktov Nuubu. Uv\u00e1dza sa, \u017ee pravideln\u00fdm pou\u017e\u00edvan\u00edm sa v\u00fdrazne zlep\u0161ilo fyzick\u00e9 a du\u0161evn\u00e9 zdravie z\u00e1kazn\u00edkov.<\/li>\n<li><i class=\"sui sui-user\" style=\"color:#113116\"><\/i> Detoxika\u010dn\u00e1 n\u00e1plas\u0165 na nohy dm presved\u010d\u00ed z\u00e1kazn\u00edkov svojou jednoduchou aplik\u00e1ciou a \u00fa\u010dinn\u00fdm sp\u00f4sobom p\u00f4sobenia. Pou\u017e\u00edvatelia s\u00fa presved\u010den\u00ed o kvalite v\u00fdrobku a nad\u0161en\u00ed z \u00fa\u010dinnosti n\u00e1plast\u00ed. N\u00e1plas\u0165 m\u00e1 \u010disto pr\u00edrodn\u00e9 zlo\u017eky a met\u00f3da detoxik\u00e1cie m\u00e1 tradi\u010dn\u00fa hodnotu, ktor\u00fa z\u00e1kazn\u00edci oce\u0148uj\u00fa.<\/li>\n<li><i class=\"sui sui-user\" style=\"color:#113116\"><\/i> Zvy\u0161uje sa celkov\u00e1 pohoda a neust\u00e1le sa hl\u00e1sia pozit\u00edvne \u00fa\u010dinky na zdravie. Pod\u013ea pou\u017e\u00edvate\u013eov ide o \u00fa\u010dinn\u00fa met\u00f3du lie\u010dby, ktor\u00e1 zlep\u0161uje zdravotn\u00fd stav bez vidite\u013en\u00fdch ved\u013eaj\u0161\u00edch \u00fa\u010dinkov. Z\u00e1kazn\u00edcky servis je ve\u013emi uspokojiv\u00fd a reaguje r\u00fdchlo.<\/li>\n<li><i class=\"sui sui-user\" style=\"color:#113116\"><\/i> Ak sa vyskytn\u00fa ak\u00e9ko\u013evek probl\u00e9my s objedn\u00e1vkou, platbou alebo tovarom v n\u00e1plas\u0165ovej lek\u00e1rni Nuubu, kontaktujeme v\u00e1s priamo a spolo\u010dnos\u0165 Nuubu \u010dasto rozhoduje ve\u013ekoryso v prospech z\u00e1kazn\u00edka.<br \/>\nPou\u017e\u00edvatelia opisuj\u00fa v\u00fdrazn\u00e9 zlep\u0161enie sp\u00e1nku a pr\u00edjemn\u00fd n\u00e1sledn\u00fd \u00fa\u010dinok n\u00e1plast\u00ed po ich odstr\u00e1nen\u00ed z nohy.<\/li>\n<\/ul>\n<\/div>\n<p><strong>Z\u00e1kazn\u00edci spolo\u010dnosti Nuubu s\u00fa celkovo spokojn\u00ed s aspektmi kvality, \u00fa\u010dinku, pomeru ceny a v\u00fdkonu a z\u00e1kazn\u00edckeho servisu a odporu\u010dili by v\u00fdrobok ostatn\u00fdm.<\/strong><\/p>\n<h3>Negat\u00edvne sk\u00fasenosti?<\/h3>\n<p>Negat\u00edvne sk\u00fasenosti s detoxika\u010dn\u00fdmi n\u00e1plas\u0165ami Nuubu mo\u017eno na f\u00f3re n\u00e1js\u0165 len sporadicky. Niektor\u00ed \u013eudia sa s\u0165a\u017euj\u00fa, \u017ee v\u00fdrobok je \u010dasto vypredan\u00fd.<\/p>\n<\/div><\/div>\n<h2>K\u00fapi\u0165 Nuubu Omietka za najlep\u0161iu cenu<\/h2>\n<div class=\"su-button-center\"><a href=\"https:\/\/www.eco-innovation.eu\/go\/nuubu-sk\" class=\"su-button su-button-style-soft\" style=\"color:#FFFFFF;background-color:#fb5a00;border-color:#c94800;border-radius:9px;-moz-border-radius:9px;-webkit-border-radius:9px\" target=\"_blank\" rel=\"nofollow\"><span style=\"color:#FFFFFF;padding:8px 24px;font-size:18px;line-height:27px;border-color:#fd8c4d;border-radius:9px;-moz-border-radius:9px;-webkit-border-radius:9px;text-shadow:none;-moz-text-shadow:none;-webkit-text-shadow:none\"><i class=\"sui sui-check-circle\" style=\"font-size:18px;color:#FFFFFF\"><\/i> K\u00fapte si NUUBU priamo od v\u00fdrobcu. Z\u00edskajte 70% z\u013eavu<\/span><\/a><\/div>\n","protected":false},"excerpt":{"rendered":"<p>&nbsp; N\u00e1plasti Nuubu pom\u00e1haj\u00fa detoxikova\u0165 telo. Prirodzen\u00fd \u00e1zijsk\u00fd sp\u00f4sob odv\u00e1dzania tox\u00ednov z tela zlep\u0161uje celkov\u00fa pohodu. Met\u00f3da je pr\u00edrodn\u00e1 a ekologick\u00e1 lie\u010dba, ktor\u00e1 alternat\u00edvne odstra\u0148uje tox\u00edny z tela a podporuje zdravie pou\u017e\u00edvate\u013ea. Ak sa c\u00edtite unaven\u00ed, vystresovan\u00ed alebo vy\u010derpan\u00ed, nie ste sami. &nbsp; &nbsp; V\u00e1\u017ene alebo falo\u0161ne? Je Nuubu seri\u00f3zny alebo falo\u0161n\u00fd? Nuubu pre\u0161iel falo\u0161nou &#8230; <a title=\"Nuubu detox naplaste recenzie &#8211; Najlep\u0161ia cena &#8211; Deep Cleansing\" class=\"read-more\" href=\"https:\/\/www.eco-innovation.eu\/sk\/nuubu-detox-naplaste\/\" aria-label=\"More on Nuubu detox naplaste recenzie &#8211; Najlep\u0161ia cena &#8211; Deep Cleansing\">Read more<\/a><\/p>\n","protected":false},"author":1,"featured_media":0,"parent":0,"menu_order":0,"comment_status":"closed","ping_status":"closed","template":"","meta":{"footnotes":""},"class_list":["post-1538","page","type-page","status-publish"],"_links":{"self":[{"href":"https:\/\/www.eco-innovation.eu\/sk\/wp-json\/wp\/v2\/pages\/1538","targetHints":{"allow":["GET"]}}],"collection":[{"href":"https:\/\/www.eco-innovation.eu\/sk\/wp-json\/wp\/v2\/pages"}],"about":[{"href":"https:\/\/www.eco-innovation.eu\/sk\/wp-json\/wp\/v2\/types\/page"}],"author":[{"embeddable":true,"href":"https:\/\/www.eco-innovation.eu\/sk\/wp-json\/wp\/v2\/users\/1"}],"replies":[{"embeddable":true,"href":"https:\/\/www.eco-innovation.eu\/sk\/wp-json\/wp\/v2\/comments?post=1538"}],"version-history":[{"count":6,"href":"https:\/\/www.eco-innovation.eu\/sk\/wp-json\/wp\/v2\/pages\/1538\/revisions"}],"predecessor-version":[{"id":1568,"href":"https:\/\/www.eco-innovation.eu\/sk\/wp-json\/wp\/v2\/pages\/1538\/revisions\/1568"}],"wp:attachment":[{"href":"https:\/\/www.eco-innovation.eu\/sk\/wp-json\/wp\/v2\/media?parent=1538"}],"curies":[{"name":"wp","href":"https:\/\/api.w.org\/{rel}","templated":true}]}}