{"id":1863,"date":"2022-12-24T12:14:56","date_gmt":"2022-12-24T12:14:56","guid":{"rendered":"https:\/\/www.eco-innovation.eu\/?page_id=1863"},"modified":"2022-12-24T12:23:38","modified_gmt":"2022-12-24T12:23:38","slug":"c-plus","status":"publish","type":"page","link":"https:\/\/www.eco-innovation.eu\/pl\/c-plus\/","title":{"rendered":"C+ Triple Performance Testosterone Capsules &#8211; recenzja &#038; cena"},"content":{"rendered":"<p><img loading=\"lazy\" decoding=\"async\" class=\"aligncenter size-full wp-image-89\" src=\"https:\/\/www.eco-innovation.eu\/wp-content\/uploads\/2021\/12\/c-testosteron-kapseln.jpg\" alt=\"kapsu\u0142ki testosteronu c+\" width=\"504\" height=\"380\" srcset=\"https:\/\/www.eco-innovation.eu\/wp-content\/uploads\/2021\/12\/c-testosteron-kapseln.jpg 504w, https:\/\/www.eco-innovation.eu\/wp-content\/uploads\/2021\/12\/c-testosteron-kapseln-300x226.jpg 300w\" sizes=\"auto, (max-width: 504px) 100vw, 504px\" \/><strong>Z m\u0119\u017cczyznami i ich &#8222;m\u0119sko\u015bci\u0105&#8221; zawsze tak jest. Jest to cecha, kt\u00f3r\u0105 ka\u017cdy m\u0119\u017cczyzna (i ka\u017cda kobieta) definiuje inaczej. Dla jednych szczeg\u00f3lnie m\u0119ska jest ci\u0119\u017cka praca fizyczna, podczas gdy inni czuj\u0105 si\u0119 szczeg\u00f3lnie m\u0119scy, gdy potrafi\u0105 wytrzyma\u0107 z innymi m\u0119\u017cczyznami &#8211; czy to werbalnie, czy fizycznie.<\/strong><\/p>\n<div class=\"sue-section\" data-url=\"\" data-target=\"blank\" style=\"margin:0px 0px 0px 0px;border-top:1px solid #cccccc;border-bottom:1px solid #cccccc\"><div class=\"sue-section-background\" style=\"background-color:#f1fffc;background-position:left top;\"><\/div><div class=\"sue-section-content sue-content-wrap\" style=\"padding:30px 0px 30px 0px;max-width:960px;text-align:left;color:#333333;text-shadow:0px 1px 10px #ffff\">\n<h2>C+ Testosterone Capsules Test i recenzja<\/h2>\n<ul>\n<li><strong>Niezwykle udany produkt testosteronowy (ponad 200 000 klient\u00f3w)<\/strong><\/li>\n<li><strong>\ud83c\udf31 100% naturalnych i bezpiecznych sk\u0142adnik\u00f3w<\/strong>\n<ul>\n<li>L-Karnityna<\/li>\n<li>L-Arginina<\/li>\n<li>Garcinia Cambogia<\/li>\n<\/ul>\n<\/li>\n<li>Dzia\u0142anie jest potwierdzone <strong>badaniami<\/strong> klinicznymi<\/li>\n<li><strong>Zwi\u0119ksza m\u0119sk\u0105 energi\u0119, wydajno\u015b\u0107, wzrost mi\u0119\u015bni i libido<\/strong><\/li>\n<li>Dzia\u0142a r\u00f3wnie\u017c jako wzmacniacz seksualny<\/li>\n<li>Bezp\u0142atna dostawa ekspresowa<\/li>\n<li>Kapsu\u0142ki C+ s\u0105 dost\u0119pne bez recepty w Niemczech, Austrii i Szwajcarii.<\/li>\n<li>Bardzo dobre referencje od klient\u00f3w na forum i na Youtube<\/li>\n<li><strong>Dost\u0119pne przez kr\u00f3tki czas z wysokim rabatem<\/strong><\/li>\n<li>Nasza ocena: <span style=\"color: #008000;\"><strong>produkt godny polecenia dla m\u0119\u017cczyzn<\/strong><\/span><\/li>\n<\/ul>\n<a href=\"javascript:;\" class=\"sue-icon sue-icon-no-url\" style=\"font-size:16px;color:#333333;margin:0px 20px 20px 0px\" target=\"_blank\"><i class=\"sui sui-star\" style=\"font-size:32px;line-height:32px;background:#3636;color:#f2f600;-webkit-border-radius:256px;-moz-border-radius:256px;border-radius:256px;padding:4px\"><\/i><\/a><a href=\"javascript:;\" class=\"sue-icon sue-icon-no-url\" style=\"font-size:16px;color:#333333;margin:0px 20px 20px 0px\" target=\"_blank\"><i class=\"sui sui-star\" style=\"font-size:32px;line-height:32px;background:#3636;color:#f2f600;-webkit-border-radius:256px;-moz-border-radius:256px;border-radius:256px;padding:4px\"><\/i><\/a><a href=\"javascript:;\" class=\"sue-icon sue-icon-no-url\" style=\"font-size:16px;color:#333333;margin:0px 20px 20px 0px\" target=\"_blank\"><i class=\"sui sui-star\" style=\"font-size:32px;line-height:32px;background:#3636;color:#f2f600;-webkit-border-radius:256px;-moz-border-radius:256px;border-radius:256px;padding:4px\"><\/i><\/a><a href=\"javascript:;\" class=\"sue-icon sue-icon-no-url\" style=\"font-size:16px;color:#333333;margin:0px 20px 20px 0px\" target=\"_blank\"><i class=\"sui sui-star\" style=\"font-size:32px;line-height:32px;background:#3636;color:#f2f600;-webkit-border-radius:256px;-moz-border-radius:256px;border-radius:256px;padding:4px\"><\/i><\/a><a href=\"javascript:;\" class=\"sue-icon sue-icon-no-url\" style=\"font-size:16px;color:#333333;margin:0px 20px 20px 0px\" target=\"_blank\"><i class=\"sui sui-star\" style=\"font-size:32px;line-height:32px;background:#3636;color:#f2f600;-webkit-border-radius:256px;-moz-border-radius:256px;border-radius:256px;padding:4px\"><\/i><\/a> (5 gwiazdek)<\/p>\n<h2>Kup kapsu\u0142ki C+ Testosteron w Polsce<\/h2>\n<div class=\"su-button-center\"><a href=\"https:\/\/www.eco-innovation.eu\/go\/cplus-pl\" class=\"su-button su-button-style-3d\" style=\"color:#FFFFFF;background-color:#2D89EF;border-color:#246ec0;border-radius:9px;-moz-border-radius:9px;-webkit-border-radius:9px\" target=\"_blank\" rel=\"nofollow\"><span style=\"color:#FFFFFF;padding:0px 24px;font-size:18px;line-height:36px;border-color:#6cadf4;border-radius:9px;-moz-border-radius:9px;-webkit-border-radius:9px;text-shadow:none;-moz-text-shadow:none;-webkit-text-shadow:none\"> Kup C+ Testosterone Capsules z rabatem<\/span><\/a><\/div>.<\/p>\n<\/div><\/div>\n\n<p><a href=\"https:\/\/www.eco-innovation.eu\/go\/cplus-pl\" target=\"_blank\" rel=\"nofollow noopener\"><img loading=\"lazy\" decoding=\"async\" class=\"aligncenter size-full wp-image-1865\" src=\"https:\/\/www.eco-innovation.eu\/wp-content\/uploads\/2022\/12\/cplus-testosterone-polska.jpg\" alt=\"cplus testosterone polska\" width=\"700\" height=\"832\" srcset=\"https:\/\/www.eco-innovation.eu\/wp-content\/uploads\/2022\/12\/cplus-testosterone-polska.jpg 700w, https:\/\/www.eco-innovation.eu\/wp-content\/uploads\/2022\/12\/cplus-testosterone-polska-252x300.jpg 252w\" sizes=\"auto, (max-width: 700px) 100vw, 700px\" \/><\/a><\/p>\n<h2>Cena<\/h2>\n<ul>\n<li>C+ Testosterone Capsules Cena: Od 36,65 \u20ac za opakowanie<\/li>\n<li>1x: 49,49 \u20ac<\/li>\n<li>2x: 79,95 \u20ac<\/li>\n<li>3x: 109,95 \u20ac<\/li>\n<li style=\"list-style-type: none;\">\n<ul>\n<li style=\"list-style-type: none;\"><\/li>\n<\/ul>\n<\/li>\n<\/ul>\n<h2>C+ Testosterone Capsules Experience Report<\/h2>\n<p>Jednak ca\u0142kiem sporo m\u0119\u017cczyzn prawdopodobnie poczuje si\u0119 wzmocniony w swojej m\u0119sko\u015bci, je\u015bli jest w stanie zadowoli\u0107 kobiet\u0119 na poziomie intymnym. W rzeczywisto\u015bci wielu m\u0119\u017cczyzn nawet si\u0119 tym chwali, zw\u0142aszcza swoim kolegom z p\u0142ci. S\u0105 jednak sytuacje i momenty w \u017cyciu m\u0119\u017cczyzny, kiedy z powodu przeszk\u00f3d fizycznych (lub emocjonalnych) nie jest w stanie zadowoli\u0107 kobiety w ten spos\u00f3b.<\/p>\n<p>Takie fizyczne i psychiczne blokady mog\u0105 mie\u0107 wiele przyczyn. Z biegiem czasu powsta\u0142 jednak pewien suplement diety, kt\u00f3ry ma pom\u00f3c dotkni\u0119tym tym problemem m\u0119\u017cczyznom w pokonaniu takich blokad, aby w ko\u0144cu m\u00f3c uszcz\u0119\u015bliwi\u0107 w takich przypadkach kobiet\u0119. Te suplementy diety to kapsu\u0142ki z testosteronem (zwane r\u00f3wnie\u017c &#8222;<strong>C+ Triple Performance Capsules<\/strong>&#8222;). Producenci tego produktu podaj\u0105 na swojej stronie internetowej, \u017ce ten booster testosteronu mo\u017ce mie\u0107 ogromnie pozytywny wp\u0142yw na &#8222;\u017cycie intymne&#8221; m\u0119\u017cczyzny, je\u015bli taki m\u0119\u017cczyzna mia\u0142 wcze\u015bniej problemy ze swoj\u0105 sprawno\u015bci\u0105 intymn\u0105. Kapsu\u0142ki podobno zapewniaj\u0105 znacznie d\u0142u\u017csz\u0105 wytrzyma\u0142o\u015b\u0107, wi\u0119ksz\u0105 witalno\u015b\u0107, a co najwa\u017cniejsze twardsz\u0105 erekcj\u0119.<\/p>\n<h2>C+ Capsules Testosterone Capsules Do\u015bwiadczenia<\/h2>\n<p>Jak wyja\u015bniono wcze\u015bniej, <strong>C+ Testosterone Capsules<\/strong> to suplementy diety, kt\u00f3re maj\u0105 przyczyni\u0107 si\u0119 do zwi\u0119kszenia ilo\u015bci testosteronu w organizmie. Ich celem jest przede wszystkim poprawa m\u0119skiego (a w konsekwencji kobiecego) \u017cycia. Maj\u0105 te\u017c pozytywny wp\u0142yw na witalno\u015b\u0107, a tak\u017ce na postrzegan\u0105 przez siebie m\u0119sko\u015b\u0107.<\/p>\n<p>Poprzez spo\u017cywanie tej kapsu\u0142ki mo\u017cliwe jest dla wielu m\u0119\u017cczyzn zbudowanie <strong>znacznie wi\u0119cej energii i pewno\u015bci siebie<\/strong>, poniewa\u017c ewentualne blokady staj\u0105 si\u0119 znacznie mniej prawdopodobne poprzez spo\u017cywanie tych kapsu\u0142ek. Formu\u0142a w ramach tego suplementu zwi\u0119ksza zar\u00f3wno <strong>poziom estosteronu<\/strong> w m\u0119skim organizmie, jak i kr\u0105\u017cenie krwi &#8211; szczeg\u00f3lnie w m\u0119skich okolicach intymnych, co pozwala na znaczne zwi\u0119kszenie libido.<\/p>\n<p>Oznacza to, \u017ce m\u0119\u017cczy\u017ani, kt\u00f3rzy maj\u0105 trudno\u015bci ze swoj\u0105 wydolno\u015bci\u0105, mog\u0105 j\u0105 ponownie znacz\u0105co poprawi\u0107 z pomoc\u0105 C+ Testosterone Capsules, dzi\u0119ki czemu mo\u017cna ponownie cieszy\u0107 si\u0119 satysfakcjonuj\u0105cymi stosunkami mi\u0142osnymi ze swoj\u0105 lepsz\u0105 po\u0142ow\u0105, co ostatecznie mo\u017ce r\u00f3wnie\u017c pozytywnie wp\u0142yn\u0105\u0107 na sam zwi\u0105zek.<\/p>\n<h2>Efekt<\/h2>\n<p>Spos\u00f3b dzia\u0142ania kapsu\u0142ek z testosteronem w organizmie cz\u0142owieka jest stosunkowo prosty i r\u00f3wnie \u0142atwy do zrozumienia. Przede wszystkim kapsu\u0142ki te wp\u0142ywaj\u0105 przede wszystkim na <strong>kr\u0105\u017cenie krwi<\/strong>, znacznie je pobudzaj\u0105c.<\/p>\n<p><strong>Pozwala to na dop\u0142yw znacznie wi\u0119kszej ilo\u015bci krwi do cia\u0142 jamistych<\/strong>, dzi\u0119ki czemu znacznie wi\u0119cej krwi mo\u017ce dop\u0142yn\u0105\u0107 do okolic intymnych m\u0119\u017cczyzny, aby zwi\u0119kszy\u0107 zar\u00f3wno rozmiar, jak i obw\u00f3d cz\u0142onka, aby utrzyma\u0107 erekcj\u0119 tak d\u0142ugo, jak to mo\u017cliwe (o ile pozostaje w zdrowych granicach). Wok\u00f3\u0142 tkanki erekcyjnej masywnie poprawia si\u0119 tworzenie kom\u00f3rek, tworz\u0105c prawid\u0142ow\u0105 \u015bcian\u0119 wok\u00f3\u0142 tkanki erekcyjnej. \u015acianka ta zapewnia zmagazynowanie wi\u0119kszej ilo\u015bci kr\u0105\u017c\u0105cej krwi, kt\u00f3r\u0105 mo\u017cna wys\u0142a\u0107 bezpo\u015brednio do okolic intymnych m\u0119\u017cczyzny.<\/p>\n<h3>C+ Testosterone Tablets Review<\/h3>\n<p>Ten suplement diety zwykle wyst\u0119puje w formie kapsu\u0142ek lub tabletek. W szczeg\u00f3\u0142ach efekt jest taki, \u017ce suplement ten znacznie zwi\u0119ksza st\u0119\u017cenie testosteronu w organizmie. Testosteron to hormon, kt\u00f3ry odpowiada za funkcjonuj\u0105cy pop\u0119d u m\u0119\u017cczyzn. Ma pozytywny wp\u0142yw na erekcje, libido i wreszcie na orgazmy, kt\u00f3rych m\u0119\u017cczyzna mo\u017ce do\u015bwiadczy\u0107. Ponadto kapsu\u0142ki s\u0105 r\u00f3wnie\u017c bardzo niezawodnymi dawcami energii dla ludzkiego organizmu, dzi\u0119ki pomocy kt\u00f3rych m\u0119\u017cczyzna mo\u017ce bez problemu wytrzyma\u0107 ca\u0142\u0105 noc.<\/p>\n<div class=\"su-button-center\"><a href=\"https:\/\/www.eco-innovation.eu\/go\/cplus-pl\" class=\"su-button su-button-style-3d\" style=\"color:#FFFFFF;background-color:#2D89EF;border-color:#246ec0;border-radius:9px;-moz-border-radius:9px;-webkit-border-radius:9px\" target=\"_blank\" rel=\"nofollow\"><span style=\"color:#FFFFFF;padding:0px 24px;font-size:18px;line-height:36px;border-color:#6cadf4;border-radius:9px;-moz-border-radius:9px;-webkit-border-radius:9px;text-shadow:none;-moz-text-shadow:none;-webkit-text-shadow:none\"> Kup C+ Testosterone Capsules z rabatem<\/span><\/a><\/div>.<\/p>\n<p>&nbsp;<\/p>\n<h2>Sk\u0142adniki<\/h2>\n<p>Sk\u0142adniki aktywne zawarte w tych kapsu\u0142kach z testosteronem charakteryzuj\u0105 si\u0119 przede wszystkim tym, \u017ce dzia\u0142aj\u0105 stymuluj\u0105co na dzia\u0142anie konsumenta. Ponadto, m\u00f3wi si\u0119, \u017ce maj\u0105 <strong>brak skutk\u00f3w ubocznych<\/strong>, wi\u0119c bezpieczne spo\u017cycie tych kapsu\u0142ek jest zawsze gwarantowane.<\/p>\n<p>Jednym z powod\u00f3w jest fakt, \u017ce kapsu\u0142ki C+ sexual enhancer s\u0105 wykonane <strong>wy\u0142\u0105cznie z naturalnych sk\u0142adnik\u00f3w<\/strong>, aby maksymalnie zminimalizowa\u0107 prawdopodobie\u0144stwo wyst\u0105pienia skutk\u00f3w ubocznych. Lista sk\u0142adnik\u00f3w tych kapsu\u0142ek jest nast\u0119puj\u0105ca:<\/p>\n<h3>L-Karnityna<\/h3>\n<p>Jest to zwi\u0105zek aminokwas\u00f3w, kt\u00f3re r\u00f3wnie\u017c mo\u017cna znale\u017a\u0107 naturalnie w ludzkim metabolizmie. Substancja ta jest podobna w budowie do klasycznych witamin i odpowiada g\u0142\u00f3wnie za transport d\u0142ugo\u0142a\u0144cuchowych kwas\u00f3w t\u0142uszczowych z krwiobiegu do mitochondri\u00f3w. Znajduj\u0105 si\u0119 one w kom\u00f3rkach cz\u0142owieka i zapewniaj\u0105 spalanie kwas\u00f3w t\u0142uszczowych, co powoduje przekszta\u0142cenie ich w energi\u0119.<\/p>\n<h3>Garcinia Cambogia (ekstrakt)<\/h3>\n<p>Jest to w zasadzie owoc, kt\u00f3ry wyst\u0119puje g\u0142\u00f3wnie w po\u0142udniowo-wschodniej Azji. I z tego owocu mo\u017cna uzyska\u0107 pewien ekstrakt, kt\u00f3ry jest r\u00f3wnie\u017c przetwarzany w licznych suplementach diety &#8211; tak jak w kapsu\u0142kach C++ Triple Performance. Dodatkowo ekstrakt ten niesie ze sob\u0105 r\u00f3wnie\u017c tzw. kwas hydroksycytrynowy (HCA), kt\u00f3ry szczeg\u00f3lnie pozytywnie wp\u0142ywa na og\u00f3lny pop\u0119d u m\u0119\u017cczyzn, co z kolei przyczynia si\u0119 do znacznie bardziej aktywnego trybu \u017cycia.<\/p>\n<h3>L-arginina<\/h3>\n<p>Ten aminokwas r\u00f3wnie\u017c jest ju\u017c produkowany w organizmie i zapewnia znacznie lepsze kr\u0105\u017cenie krwi w organizmie. Opr\u00f3cz zmniejszenia zaburze\u0144 erekcji, L-arginina zapewnia r\u00f3wnie\u017c mniejsze ryzyko zachorowania na nadci\u015bnienie lub choroby serca.<\/p>\n<h2>Fundacja Warentest<\/h2>\n<p>Kapsu\u0142ki C+ nie zosta\u0142y jeszcze przetestowane przez Stiftung Warentest. Nie pojawili si\u0119 r\u00f3wnie\u017c na H\u00f6hle der L\u00f6wen. Doniesienia o nich s\u0105 fa\u0142szywe.<\/p>\n<h2>Przyjmowanie i dawkowanie<\/h2>\n<p>Aby kapsu\u0142ki mog\u0142y w pe\u0142ni rozwin\u0105\u0107 swoje dzia\u0142anie i rzeczywi\u015bcie poprawi\u0107 \u017cycie intymne konsumenta, tabletki z testosteronem C+ nale\u017cy przyjmowa\u0107 w nast\u0119puj\u0105cy spos\u00f3b: Wed\u0142ug producenta zalecana dzienna dawka to oko\u0142o 2 kapsu\u0142ki dziennie, kt\u00f3re najlepiej przyjmowa\u0107 oko\u0142o p\u00f3\u0142 godziny przed aktem.<\/p>\n<p>Wa\u017cne jest r\u00f3wnie\u017c regularne przyjmowanie kapsu\u0142ek C+ Testsoteron. I nale\u017cy to robi\u0107 przez okres co najmniej dw\u00f3ch do trzech miesi\u0119cy. W okresie spo\u017cywania nale\u017cy r\u00f3wnie\u017c zawsze skonsultowa\u0107 si\u0119 z lekarzem, aby unikn\u0105\u0107 ewentualnego przedawkowania.<\/p>\n<h2>zam\u00f3wienie C+ Testosterone Capsules w najlepszej cenie<\/h2>\n<div class=\"su-button-center\"><a href=\"https:\/\/www.eco-innovation.eu\/go\/cplus-kapseln\" class=\"su-button su-button-style-3d\" style=\"color:#FFFFFF;background-color:#2D89EF;border-color:#246ec0;border-radius:9px;-moz-border-radius:9px;-webkit-border-radius:9px\" target=\"_blank\" rel=\"nofollow\"><span style=\"color:#FFFFFF;padding:0px 24px;font-size:18px;line-height:36px;border-color:#6cadf4;border-radius:9px;-moz-border-radius:9px;-webkit-border-radius:9px;text-shadow:none;-moz-text-shadow:none;-webkit-text-shadow:none\"> Kup C+ Testosterone Capsules z rabatem<\/span><\/a><\/div>.<\/p>\n","protected":false},"excerpt":{"rendered":"<p>Z m\u0119\u017cczyznami i ich &#8222;m\u0119sko\u015bci\u0105&#8221; zawsze tak jest. Jest to cecha, kt\u00f3r\u0105 ka\u017cdy m\u0119\u017cczyzna (i ka\u017cda kobieta) definiuje inaczej. Dla jednych szczeg\u00f3lnie m\u0119ska jest ci\u0119\u017cka praca fizyczna, podczas gdy inni czuj\u0105 si\u0119 szczeg\u00f3lnie m\u0119scy, gdy potrafi\u0105 wytrzyma\u0107 z innymi m\u0119\u017cczyznami &#8211; czy to werbalnie, czy fizycznie. Cena C+ Testosterone Capsules Cena: Od 36,65 \u20ac za &#8230; <a title=\"C+ Triple Performance Testosterone Capsules &#8211; recenzja &#038; cena\" class=\"read-more\" href=\"https:\/\/www.eco-innovation.eu\/pl\/c-plus\/\" aria-label=\"More on C+ Triple Performance Testosterone Capsules &#8211; recenzja &#038; cena\">Czytaj dalej<\/a><\/p>\n","protected":false},"author":1,"featured_media":0,"parent":0,"menu_order":0,"comment_status":"closed","ping_status":"closed","template":"","meta":{"footnotes":""},"class_list":["post-1863","page","type-page","status-publish"],"_links":{"self":[{"href":"https:\/\/www.eco-innovation.eu\/pl\/wp-json\/wp\/v2\/pages\/1863","targetHints":{"allow":["GET"]}}],"collection":[{"href":"https:\/\/www.eco-innovation.eu\/pl\/wp-json\/wp\/v2\/pages"}],"about":[{"href":"https:\/\/www.eco-innovation.eu\/pl\/wp-json\/wp\/v2\/types\/page"}],"author":[{"embeddable":true,"href":"https:\/\/www.eco-innovation.eu\/pl\/wp-json\/wp\/v2\/users\/1"}],"replies":[{"embeddable":true,"href":"https:\/\/www.eco-innovation.eu\/pl\/wp-json\/wp\/v2\/comments?post=1863"}],"version-history":[{"count":4,"href":"https:\/\/www.eco-innovation.eu\/pl\/wp-json\/wp\/v2\/pages\/1863\/revisions"}],"predecessor-version":[{"id":1881,"href":"https:\/\/www.eco-innovation.eu\/pl\/wp-json\/wp\/v2\/pages\/1863\/revisions\/1881"}],"wp:attachment":[{"href":"https:\/\/www.eco-innovation.eu\/pl\/wp-json\/wp\/v2\/media?parent=1863"}],"curies":[{"name":"wp","href":"https:\/\/api.w.org\/{rel}","templated":true}]}}