{"id":1762,"date":"2022-12-11T15:59:08","date_gmt":"2022-12-11T15:59:08","guid":{"rendered":"https:\/\/www.eco-innovation.eu\/?page_id=1762"},"modified":"2022-12-11T16:12:30","modified_gmt":"2022-12-11T16:12:30","slug":"huusk","status":"publish","type":"page","link":"https:\/\/www.eco-innovation.eu\/pl\/huusk\/","title":{"rendered":"Huusk Japan N\u00f3\u017c &#8211; Opinie Forum, Cena &#8211; Kup no\u017ce Huusk w Polsce"},"content":{"rendered":"<p><strong>N\u00f3\u017c kuchenny Huusk to wszechstronny n\u00f3\u017c pochodz\u0105cy z Japonii. Ostrze wykonane jest z wysokiej jako\u015bci stali nierdzewnej i gwarantuje d\u0142ug\u0105 \u017cywotno\u015b\u0107. Stal jest nierdzewna. Dodatkowo, wysokiej jako\u015bci n\u00f3\u017c posiada bardzo por\u0119czn\u0105, lekko zakrzywion\u0105 d\u0119bow\u0105 r\u0119koje\u015b\u0107. Jest to twarde drewno w odcieniu ciemnego br\u0105zu.<\/strong>.<\/p>\n<div class=\"sue-section\" data-url=\"\" data-target=\"blank\" style=\"margin:0px 0px 0px 0px;border-top:1px solid #cccccc;border-bottom:1px solid #cccccc\"><div class=\"sue-section-background\" style=\"background-color:#f8f8f8;background-position:left top;\"><\/div><div class=\"sue-section-content sue-content-wrap\" style=\"padding:30px 0px 30px 0px;max-width:960px;text-align:left;color:#333333;text-shadow:0px 1px 10px #ffff\">\n<h2>Test no\u017ca HUUSK<\/h2>\n<div class=\"su-list\" style=\"margin-left:0px\">\n<ul>\n<li><i class=\"sui sui-caret-right\" style=\"color:#113116\"><\/i> Wykonane zgodnie z tradycyjn\u0105 japo\u0144sk\u0105 metod\u0105 kucia<\/li>\n<li><i class=\"sui sui-caret-right\" style=\"color:#113116\"><\/i> Uniwersalny n\u00f3\u017c do wszystkich zada\u0144 w kuchni<\/li>\n<li><i class=\"sui sui-caret-right\" style=\"color:#113116\"><\/i> Huusk bardzo dobrze le\u017cy w d\u0142oni &#8211; Bardzo dobra kontrola podczas krojenia potraw<\/li>\n<li><i class=\"sui sui-caret-right\" style=\"color:#113116\"><\/i> Bardzo dobra jako\u015b\u0107.\u00a0 Zastosowanie materia\u0142\u00f3w najwy\u017cszej klasy<\/li>\n<li><i class=\"sui sui-caret-right\" style=\"color:#113116\"><\/i> Robione r\u0119cznie, ze \u015bcis\u0142\u0105 kontrol\u0105 jako\u015bci<\/li>\n<li><i class=\"sui sui-caret-right\" style=\"color:#113116\"><\/i> Bardzo pozytywne recenzje na forach kulinarnych oraz od szef\u00f3w kuchni na Instagramie i Youtube<\/li>\n<\/ul>\n<\/div>\n<h2>Rating<\/h2>\n<p style=\"text-align: center;\"><big><strong>\u2b50\u2b50\u2b50\u2b50\u2b50 (4,9 na 5 gwiazdek &#8211; <span style=\"color: #008000;\">EXCELLENT<\/span><\/strong><\/big>)<\/p>\n<h2>Kupuj no\u017ce Huusk<\/h2>\n<div class=\"su-button-center\"><a href=\"https:\/\/www.eco-innovation.eu\/go\/huusk-pl\" class=\"su-button su-button-style-soft\" style=\"color:#FFFFFF;background-color:#fb5a00;border-color:#c94800;border-radius:9px;-moz-border-radius:9px;-webkit-border-radius:9px\" target=\"_blank\" rel=\"nofollow\"><span style=\"color:#FFFFFF;padding:8px 24px;font-size:18px;line-height:27px;border-color:#fd8c4d;border-radius:9px;-moz-border-radius:9px;-webkit-border-radius:9px;text-shadow:none;-moz-text-shadow:none;-webkit-text-shadow:none\"><i class=\"sui sui-check-circle\" style=\"font-size:18px;color:#FFFFFF\"><\/i> Zam\u00f3w no\u017ce HUUSK bezpo\u015brednio u producenta (obni\u017cka ceny)<\/span><\/a><\/div>.<\/p>\n<p>&nbsp;<\/p>\n<\/div><\/div>\n<p>&nbsp;<\/p>\n\n<h2>N\u00f3\u017c kuchenny Huusk recenzja, opinie i do\u015bwiadczenia<\/h2>\n<p>Materia\u0142 premium wygodnie le\u017cy w d\u0142oni, pewnie si\u0119 trzyma i zapewnia doskona\u0142y chwyt. N\u00f3\u017c posiada czarne m\u0142otkowane ostrze ze srebrn\u0105 powierzchni\u0105 tn\u0105c\u0105. Ostrze no\u017ca zako\u0144czone jest szpicem. Marka Huusk wykonuje swoje no\u017ce przy u\u017cyciu technik inspirowanych wielowiekowym japo\u0144skim kowalstwem.<\/p>\n<h3>Produkcja<\/h3>\n<p>Proces produkcyjny sk\u0142ada si\u0119 ze 138 etap\u00f3w i obejmuje starannie wykonane czynno\u015bci produkcyjne, a tak\u017ce szeroko zakrojone testy materia\u0142\u00f3w i produkt\u00f3w. Marka Huusk jest synonimem towar\u00f3w wysokiej jako\u015bci i stawia na sprawdzone techniki po\u0142\u0105czone z najnowszymi metodami produkcji. N\u00f3\u017c symbolizuje pasj\u0119 do sztuki gotowania i w tym celu zosta\u0142 zaprojektowany. Produkt ma zrewolucjonizowa\u0107 rynek jako specjalistyczny n\u00f3\u017c kuchenny o wyj\u0105tkowym ostrzu.<\/p>\n<p><a href=\"https:\/\/www.eco-innovation.eu\/go\/huusk-pl\" target=\"_blank\" rel=\"nofollow noopener\"><img loading=\"lazy\" decoding=\"async\" class=\"aligncenter size-full wp-image-1320\" src=\"https:\/\/www.eco-innovation.eu\/wp-content\/uploads\/2022\/10\/huusk.jpg\" alt=\"Huusk\" width=\"600\" height=\"423\" srcset=\"https:\/\/www.eco-innovation.eu\/wp-content\/uploads\/2022\/10\/huusk.jpg 600w, https:\/\/www.eco-innovation.eu\/wp-content\/uploads\/2022\/10\/huusk-300x212.jpg 300w\" sizes=\"auto, (max-width: 600px) 100vw, 600px\" \/><\/a><\/p>\n<h3>Waga i wymiary<\/h3>\n<p>N\u00f3\u017c wa\u017cy oko\u0142o 252 gramy i ma d\u0142ugo\u015b\u0107 oko\u0142o 28 centymetr\u00f3w. D\u0142ugo\u015b\u0107 ostrza wynosi 15,5 centymetra, a jego maksymalna grubo\u015b\u0107 w tylnej cz\u0119\u015bci wynosi 5 milimetr\u00f3w. Grubo\u015b\u0107 uchwytu wynosi 27 milimetr\u00f3w, a r\u0119koje\u015b\u0107 jest nitowana z wysokiej jako\u015bci drewna d\u0119bowego. R\u0119koje\u015b\u0107 no\u017ca Huusk ma kszta\u0142t sto\u017cka i doskonale uk\u0142ada si\u0119 w d\u0142oni. Twardo\u015b\u0107 ostrza wynosi od 58 do 60 HRC (twardo\u015b\u0107 Rockwella).<\/p>\n<h3>Sztuka i materia\u0142<\/h3>\n<p>Przeci\u0119tny n\u00f3\u017c kuchenny ma warto\u015b\u0107 od 53 do 57 HRC. Od warto\u015bci 60 HRC, jest to wy\u017csza kategoria stali ostrzowej. Dzi\u0119ki temu ostrze obiecuje szczeg\u00f3lnie tward\u0105 kraw\u0119d\u017a i d\u0142ug\u0105 trwa\u0142o\u015b\u0107 ci\u0119cia.<\/p>\n<h3>Ostrzenie no\u017cy huskich<\/h3>\n<p>N\u00f3\u017c o tej twardo\u015bci Rockwella mo\u017cna ostrzy\u0107 za pomoc\u0105 kamienia szlifierskiego z ziarnem diamentowym. Ze wzgl\u0119du na korzystne w\u0142a\u015bciwo\u015bci no\u017ca, rzadko wymaga on ostrzenia i honowania. Materia\u0142 ostrza wykonany jest z mocno szlifowanej stali 5Cr15, kt\u00f3ra idealnie nadaje si\u0119 do produkcji no\u017cy kuchennych.<\/p>\n<h3>Ostrze Santoku<\/h3>\n<p>Kszta\u0142t ostrza w uniwersalnych no\u017cach kuchennych w Japonii nazywany jest santoku, no\u017cem trzech cn\u00f3t. Trzy cnoty to kategorie pokarmowe: mi\u0119so, ryby i warzywa. Szczeg\u00f3ln\u0105 dyscyplin\u0105 tego typu no\u017ca kuchennego jest szybkie ci\u0119cie najcie\u0144szych pask\u00f3w. Stal, z kt\u00f3rej wykonano ostrze, jest kilkakrotnie sk\u0142adana, dzi\u0119ki czemu uzyskuje szczeg\u00f3ln\u0105 twardo\u015b\u0107, solidno\u015b\u0107 i odporno\u015b\u0107 na z\u0142amania. Materia\u0142em no\u017cy santoku jest najcz\u0119\u015bciej stal damasce\u0144ska, kt\u00f3ra znana jest ze swojej elastyczno\u015bci i zachowania kraw\u0119dzi.<\/p>\n<div class=\"su-button-center\"><a href=\"https:\/\/www.eco-innovation.eu\/go\/huusk-pl\" class=\"su-button su-button-style-soft\" style=\"color:#FFFFFF;background-color:#fb5a00;border-color:#c94800;border-radius:9px;-moz-border-radius:9px;-webkit-border-radius:9px\" target=\"_blank\" rel=\"nofollow\"><span style=\"color:#FFFFFF;padding:8px 24px;font-size:18px;line-height:27px;border-color:#fd8c4d;border-radius:9px;-moz-border-radius:9px;-webkit-border-radius:9px;text-shadow:none;-moz-text-shadow:none;-webkit-text-shadow:none\"><i class=\"sui sui-check-circle\" style=\"font-size:18px;color:#FFFFFF\"><\/i> Zam\u00f3w no\u017ce HUUSK bezpo\u015brednio u producenta (obni\u017cka ceny)<\/span><\/a><\/div>.<\/p>\n<p>&nbsp;<\/p>\n<h2>Huusk Japan test no\u017cy kuchennych<\/h2>\n<p>N\u00f3\u017c kuchenny jest absolutnie wyj\u0105tkowy pod wieloma wzgl\u0119dami. Charakteryzuje si\u0119 wyj\u0105tkow\u0105 r\u00f3wnowag\u0105 i kontrol\u0105. Ostrze posiada precyzyjnie wyci\u0119ty otw\u00f3r na styku z r\u0119koje\u015bci\u0105, kt\u00f3ry jest tworzony przez laser. Jest on przeznaczony dla palca wskazuj\u0105cego i umo\u017cliwia szczeg\u00f3lnie dobr\u0105 kontrol\u0119. Ponadto ostrze jest szczeg\u00f3lnie ostre, dzi\u0119ki czemu ma wszechstronne zastosowanie w kuchni.<\/p>\n<p>Konwencjonalne no\u017ce kuchenne bywaj\u0105 ostre, ale s\u0105 bardziej podatne na rdz\u0119 czy odpryski i \u0142atwiej si\u0119 \u0142ami\u0105. Marce Huusk uda\u0142o si\u0119 po\u0142\u0105czy\u0107 ostro\u015b\u0107 i solidno\u015b\u0107 w jednym no\u017cu. Oryginalne Santoku powinno \u0142\u0105czy\u0107 w sobie te warto\u015bci, w tym wygod\u0119, i zapewnia\u0107 optymalne efekty ci\u0119cia podczas u\u017cytkowania w kuchni. Szczeg\u00f3lnie rzuca si\u0119 w oczy wyra\u017any krzywy kszta\u0142t ostrza oraz r\u0119koje\u015b\u0107 wykonana z drewna d\u0119bowego zawieraj\u0105ca p\u0119tl\u0119 do zawieszenia no\u017ca.<\/p>\n<p>R\u0119koje\u015b\u0107 jest olejowana metod\u0105 open-pore, co nadaje d\u0119bowi przystojny odcie\u0144. Grzbiet ostrza i bolster s\u0105 stosunkowo szerokie i dobrze wyko\u0144czone. Palce maj\u0105 optymaln\u0105 powierzchni\u0119 styku, a n\u00f3\u017c doskonale uk\u0142ada si\u0119 w d\u0142oni. Ponadto n\u00f3\u017c ma pi\u0119kny wygl\u0105d i sprawia solidne, a tak\u017ce nieskazitelne wra\u017cenie. Produkt znany jest ze swojej jako\u015bci i dost\u0119pny jest w Niemczech w przyst\u0119pnej cenie, zw\u0142aszcza gdy n\u00f3\u017c kupowany jest w zestawie.<\/p>\n<h2>Do czego mo\u017cna go wykorzysta\u0107?<\/h2>\n<div class=\"su-list\" style=\"margin-left:0px\">\n<ul>\n<li><i class=\"sui sui-caret-right\" style=\"color:#113116\"><\/i> N\u00f3\u017c kuchenny przeznaczony jest w zasadzie do <strong>u\u017cywania w kuchni<\/strong> i uwa\u017cany jest za przedstawiciela tradycyjnego santoku. Cieszy si\u0119 popularno\u015bci\u0105 g\u0142\u00f3wnie w\u015br\u00f3d kucharzy amator\u00f3w i fan\u00f3w kuchni japo\u0144skiej. Ostrze sieka \u017cywno\u015b\u0107 ka\u017cdego rodzaju niezawodnie i bez trudno\u015bci.<\/li>\n<li><i class=\"sui sui-caret-right\" style=\"color:#113116\"><\/i> Ci\u0119\u017ckie i ostre ostrze no\u017ca sprawia, \u017ce doskonale nadaje si\u0119 on do <strong>rozdrabniania zi\u00f3\u0142<\/strong>. Cebul\u0119 mo\u017cna r\u00f3wnie\u017c szybko i skutecznie posieka\u0107. Niezale\u017cnie od tego, czy chcesz posieka\u0107 pomidory, papryk\u0119 czy marchewk\u0119, dzi\u0119ki swojej ostro\u015bci n\u00f3\u017c jest w stanie pokroi\u0107 cienkie jak wafel paski.<\/li>\n<li><i class=\"sui sui-caret-right\" style=\"color:#113116\"><\/i> N\u00f3\u017c Huusk to absolutny <strong>all-rounder<\/strong> w\u015br\u00f3d r\u00f3\u017cnych typ\u00f3w no\u017cy. Mo\u017ce by\u0107 u\u017cywany w kuchni, w ogrodzie, a nawet w wielkim plenerze do krojenia owoc\u00f3w lub warzyw. Ryby i produkty mi\u0119sne mo\u017cna \u0142atwo kroi\u0107 no\u017cem.<\/li>\n<li><i class=\"sui sui-caret-right\" style=\"color:#113116\"><\/i> Mo\u017ce by\u0107 r\u00f3wnie\u017c u\u017cywany jako <strong>n\u00f3\u017c do stek\u00f3w<\/strong> i robi dobre wra\u017cenie bezpo\u015brednio przy stole. Dla mi\u0142o\u015bnik\u00f3w stek\u00f3w produkt jest pomocnym i praktycznym narz\u0119dziem w kuchni. Ze wzgl\u0119du na grubo\u015b\u0107 ostrza i jego stabilno\u015b\u0107, n\u00f3\u017c Huusk optymalnie nadaje si\u0119 do trybowania.<\/li>\n<li><i class=\"sui sui-caret-right\" style=\"color:#113116\"><\/i> W sektorze <strong>outdoor<\/strong>, n\u00f3\u017c mo\u017ce by\u0107 elastycznie u\u017cywany w naturze lub w lesie. Szczeg\u00f3lnie podczas biwakowania jest to cenne i popularne narz\u0119dzie. Solidno\u015b\u0107 ostrza sprawia, \u017ce n\u00f3\u017c jest praktyczny w u\u017cyciu na zewn\u0105trz i ma wszechstronne zastosowanie. Jego efektowny wygl\u0105d jest cz\u0119stym tematem rozm\u00f3w w\u015br\u00f3d znajomych, gdy jest wyjmowany.<\/li>\n<\/ul>\n<\/div>\n<h2>Huusk referencje i opinie klient\u00f3w na forum<\/h2>\n<div class=\"su-list\" style=\"margin-left:0px\">\n<ul>\n<li><i class=\"sui sui-user\" style=\"color:#113116\"><\/i> Klienci zg\u0142aszaj\u0105 pozytywne do\u015bwiadczenia z produktem. N\u00f3\u017c jest bardzo ostry na pocz\u0105tek i w razie potrzeby mo\u017cna go \u0142atwo ponownie naostrzy\u0107. Jako\u015b\u0107 i wykonanie s\u0105 nienaganne. N\u00f3\u017c rustykalny przekonuje stosunkiem ceny do jako\u015bci. Ceny za produkt w zestawach po 2, 3 lub 4 s\u0105 kusz\u0105ce i doskona\u0142e jak na oferowan\u0105 jako\u015b\u0107. Wygl\u0105d przekonuje oryginalnym i typowym wygl\u0105dem r\u0119cznie kutego japo\u0144skiego no\u017ca kuchennego.<\/li>\n<li><i class=\"sui sui-user\" style=\"color:#113116\"><\/i> Dalej, ergonomia r\u0119koje\u015bci jest powszechnie chwalona, podobnie jak to jak dobrze wywa\u017cony jest n\u00f3\u017c. R\u0119koje\u015b\u0107 jest bardzo g\u0142adka i wygodnie le\u017cy w d\u0142oni. Jedn\u0105 z rad, jak utrzyma\u0107 dobry wygl\u0105d drewnianej r\u0105czki jest regularne nacieranie jej odpowiednim olejem. Ponadto, pomimo solidno\u015bci, n\u00f3\u017c nale\u017cy traktowa\u0107 z nale\u017cyt\u0105 staranno\u015bci\u0105, aby zachowa\u0107 jego ostro\u015b\u0107.<\/li>\n<li><i class=\"sui sui-user\" style=\"color:#113116\"><\/i> Waga no\u017ca dobrze czuje si\u0119 w d\u0142oni i przyczynia si\u0119 do \u0142atwej obs\u0142ugi, a tak\u017ce doskona\u0142ej kontroli podczas ci\u0119cia. Ostra kraw\u0119d\u017a produktu Huusk opanowuje wszystkie zadania w kuchni i pozostaje ostra przez d\u0142ugi czas. Dla wielu klient\u00f3w jest to n\u00f3\u017c z wyboru do wszystkich kuchennych ci\u0119\u0107.<\/li>\n<\/ul>\n<ul>\n<li><i class=\"sui sui-user\" style=\"color:#113116\"><\/i> Opr\u00f3cz wysokiej jako\u015bci, konsument\u00f3w ca\u0142kowicie przekonuje og\u00f3lne opakowanie produktu. Klasyczny wygl\u0105d japo\u0144skiego no\u017ca kuchennego sprawia, \u017ce produkt jest wyj\u0105tkowy. N\u00f3\u017c Huusk jest trwa\u0142y i imponuj\u0105co wykonany.<\/li>\n<li><i class=\"sui sui-user\" style=\"color:#113116\"><\/i> Produkt jest niezawodny i wszechstronny w kuchni. Doskonale nadaje si\u0119 do siekania warzyw i zi\u00f3\u0142. N\u00f3\u017c jest r\u00f3wnie\u017c idealnym prezentem dla przyjaci\u00f3\u0142 na specjalne okazje. Szczeg\u00f3lnie dla w\u0119dkarzy, my\u015bliwych lub kucharzy hobbyst\u00f3w, stanowi idealny prezent lub pami\u0105tk\u0119. Wysy\u0142ka no\u017ca z Huusk jest szybka i pewna. Og\u00f3lnie rzecz bior\u0105c, n\u00f3\u017c kuchenny jest polecany przez bardzo wielu klient\u00f3w.<\/li>\n<\/ul>\n<\/div>\n<h2>Kupuj n\u00f3\u017c Huusk w najlepszej cenie<\/h2>\n<div class=\"su-button-center\"><a href=\"https:\/\/www.eco-innovation.eu\/go\/huusk-pl\" class=\"su-button su-button-style-soft\" style=\"color:#FFFFFF;background-color:#fb5a00;border-color:#c94800;border-radius:9px;-moz-border-radius:9px;-webkit-border-radius:9px\" target=\"_blank\" rel=\"nofollow\"><span style=\"color:#FFFFFF;padding:8px 24px;font-size:18px;line-height:27px;border-color:#fd8c4d;border-radius:9px;-moz-border-radius:9px;-webkit-border-radius:9px;text-shadow:none;-moz-text-shadow:none;-webkit-text-shadow:none\"><i class=\"sui sui-check-circle\" style=\"font-size:18px;color:#FFFFFF\"><\/i> Zam\u00f3w no\u017ce HUUSK bezpo\u015brednio u producenta (obni\u017cka ceny)<\/span><\/a><\/div>.<\/p>\n","protected":false},"excerpt":{"rendered":"<p>N\u00f3\u017c kuchenny Huusk to wszechstronny n\u00f3\u017c pochodz\u0105cy z Japonii. Ostrze wykonane jest z wysokiej jako\u015bci stali nierdzewnej i gwarantuje d\u0142ug\u0105 \u017cywotno\u015b\u0107. Stal jest nierdzewna. Dodatkowo, wysokiej jako\u015bci n\u00f3\u017c posiada bardzo por\u0119czn\u0105, lekko zakrzywion\u0105 d\u0119bow\u0105 r\u0119koje\u015b\u0107. Jest to twarde drewno w odcieniu ciemnego br\u0105zu.. &nbsp; N\u00f3\u017c kuchenny Huusk recenzja, opinie i do\u015bwiadczenia Materia\u0142 premium wygodnie le\u017cy &#8230; <a title=\"Huusk Japan N\u00f3\u017c &#8211; Opinie Forum, Cena &#8211; Kup no\u017ce Huusk w Polsce\" class=\"read-more\" href=\"https:\/\/www.eco-innovation.eu\/pl\/huusk\/\" aria-label=\"More on Huusk Japan N\u00f3\u017c &#8211; Opinie Forum, Cena &#8211; Kup no\u017ce Huusk w Polsce\">Czytaj dalej<\/a><\/p>\n","protected":false},"author":1,"featured_media":1750,"parent":0,"menu_order":0,"comment_status":"closed","ping_status":"closed","template":"","meta":{"footnotes":""},"class_list":["post-1762","page","type-page","status-publish","has-post-thumbnail"],"_links":{"self":[{"href":"https:\/\/www.eco-innovation.eu\/pl\/wp-json\/wp\/v2\/pages\/1762","targetHints":{"allow":["GET"]}}],"collection":[{"href":"https:\/\/www.eco-innovation.eu\/pl\/wp-json\/wp\/v2\/pages"}],"about":[{"href":"https:\/\/www.eco-innovation.eu\/pl\/wp-json\/wp\/v2\/types\/page"}],"author":[{"embeddable":true,"href":"https:\/\/www.eco-innovation.eu\/pl\/wp-json\/wp\/v2\/users\/1"}],"replies":[{"embeddable":true,"href":"https:\/\/www.eco-innovation.eu\/pl\/wp-json\/wp\/v2\/comments?post=1762"}],"version-history":[{"count":3,"href":"https:\/\/www.eco-innovation.eu\/pl\/wp-json\/wp\/v2\/pages\/1762\/revisions"}],"predecessor-version":[{"id":1765,"href":"https:\/\/www.eco-innovation.eu\/pl\/wp-json\/wp\/v2\/pages\/1762\/revisions\/1765"}],"wp:featuredmedia":[{"embeddable":true,"href":"https:\/\/www.eco-innovation.eu\/pl\/wp-json\/wp\/v2\/media\/1750"}],"wp:attachment":[{"href":"https:\/\/www.eco-innovation.eu\/pl\/wp-json\/wp\/v2\/media?parent=1762"}],"curies":[{"name":"wp","href":"https:\/\/api.w.org\/{rel}","templated":true}]}}