{"id":1570,"date":"2022-12-07T14:57:16","date_gmt":"2022-12-07T14:57:16","guid":{"rendered":"https:\/\/www.eco-innovation.eu\/?page_id=1570"},"modified":"2022-12-07T14:57:16","modified_gmt":"2022-12-07T14:57:16","slug":"figur","status":"publish","type":"page","link":"https:\/\/www.eco-innovation.eu\/no\/figur\/","title":{"rendered":"Kj\u00f8p FIGUR-kapsler &#8211; Erfaringer, anmeldelser, pris \u2013 piller &#038; tablet Norge"},"content":{"rendered":"<p><strong>Alle vet det: Mat- og drikkeverdenen har mange fristelser i vente, nesten n\u00e5r som helst og hvor som helst. Det v\u00e6re seg i restauranter, snackbarer eller i supermarkedet rundt hj\u00f8rnet. Det er ofte vanskelig \u00e5 motst\u00e5 deilige kaker, kjeks og andre s\u00f8tsaker, sukkerholdige drikker eller alkohol og solid mat.<\/strong><\/p>\n<p>Hvis det i tillegg er mangel p\u00e5 trening, sliter mange raskt med vekten. Dietter hjelper kun i begrenset grad, fordi det ofte er slik at kiloene tumler skikkelig under en diett, men man g\u00e5r raskt opp i vekt igjen n\u00e5r dietten er erkl\u00e6rt over. Dessuten er det ofte slik at vektnedgangen tar slutt p\u00e5 et tidspunkt og du kan rett og slett ikke g\u00e5 ned mer, selv om du enn\u00e5 ikke er forn\u00f8yd med resultatet. For \u00e5 motvirke disse to problemene p\u00e5 en m\u00e5lrettet m\u00e5te, kan preparater fra feltet kosttilskudd, som de nye FIGUR-kapslene, v\u00e6re nyttige.<\/p>\n<div class=\"sue-section\" data-url=\"\" data-target=\"blank\" style=\"margin:0px 0px 0px 0px;border-top:1px solid #cccccc;border-bottom:1px solid #cccccc\"><div class=\"sue-section-background\" style=\"background-color:#f8f8f8;background-position:left top;\"><\/div><div class=\"sue-section-content sue-content-wrap\" style=\"padding:30px 0px 30px 0px;max-width:960px;text-align:left;color:#333333;text-shadow:0px 1px 10px #ffffff\">\n<h2>FIGUR Kapseltest &#8211; fakta<\/h2>\n<div class=\"su-list\" style=\"margin-left:0px\">\n<ul>\n<li><i class=\"sui sui-caret-right\" style=\"color:#FE9408\"><\/i> <strong>De mulige effektene av preparatet<\/strong>\n<ul>\n<li><i class=\"sui sui-caret-right\" style=\"color:#FE9408\"><\/i> Reduser matlyst og sultf\u00f8lelse<\/li>\n<li><i class=\"sui sui-caret-right\" style=\"color:#FE9408\"><\/i> Forbrenn fett og reduser kroppsfettprosenten<\/li>\n<li><i class=\"sui sui-caret-right\" style=\"color:#FE9408\"><\/i> vekttap<\/li>\n<li><i class=\"sui sui-caret-right\" style=\"color:#FE9408\"><\/i> Hum\u00f8rforbedring er mulig<\/li>\n<li><i class=\"sui sui-caret-right\" style=\"color:#FE9408\"><\/i> Det er mer energi i menneskekroppen<\/li>\n<\/ul>\n<\/li>\n<li><i class=\"sui sui-caret-right\" style=\"color:#FE9408\"><\/i> Med <strong>syv<\/strong> effektive ingredienser<\/li>\n<li><i class=\"sui sui-caret-right\" style=\"color:#FE9408\"><\/i> Passer for menn og kvinner<\/li>\n<li><i class=\"sui sui-caret-right\" style=\"color:#FE9408\"><\/i> <strong>N\u00e5 i en begrenset periode med 46 % rabatt<\/strong><\/li>\n<li><i class=\"sui sui-caret-right\" style=\"color:#FE9408\"><\/i> Tilgjengelig uten resept i Tyskland, Sveits og \u00d8sterrike<\/li>\n<li><i class=\"sui sui-caret-right\" style=\"color:#FE9408\"><\/i> <strong>Veldig positive attester fra brukere i forumet<\/strong><\/li>\n<li><i class=\"sui sui-caret-right\" style=\"color:#FE9408\"><\/i> ekspressfrakt<\/li>\n<\/ul>\n<\/div>\n<h2>FIGUR 30\u00a0 kapsler gjennomgang<\/h2>\n<p><strong>Vurdering: \u2b50\u2b50\u2b50\u2b50\u2b50 (5 av 5 stjerner)<\/strong><\/p>\n<h2>Kj\u00f8p FIGUR-kapsler<\/h2>\n<div class=\"su-button-center\"><a href=\"https:\/\/www.eco-innovation.eu\/go\/figur-no\" class=\"su-button su-button-style-3d\" style=\"color:#FFFFFF;background-color:#2D89EF;border-color:#246ec0;border-radius:9px;-moz-border-radius:9px;-webkit-border-radius:9px\" target=\"_blank\" rel=\"nofollow\"><span style=\"color:#FFFFFF;padding:0px 24px;font-size:18px;line-height:36px;border-color:#6cadf4;border-radius:9px;-moz-border-radius:9px;-webkit-border-radius:9px;text-shadow:none;-moz-text-shadow:none;-webkit-text-shadow:none\"> FIGUR kj\u00f8p med 46 % rabatt<\/span><\/a><\/div>\n<\/div><\/div>\n<p>&nbsp;<\/p>\n<div class=\"sue-section\" data-url=\"\" data-target=\"blank\" style=\"margin:0px 0px 0px 0px;border-top:1px solid #cccccc;border-bottom:1px solid #cccccc\"><div class=\"sue-section-background\" style=\"background-color:#f8f8f8;background-position:left top;\"><\/div><div class=\"sue-section-content sue-content-wrap\" style=\"padding:30px 0px 30px 0px;max-width:960px;text-align:left;color:#333333;text-shadow:0px 1px 10px #ffffff\">\n<h2>Figur pris<\/h2>\n<p><strong>Figur Kapeln priser og kostnader:<\/strong><\/p>\n<ul>\n<li>1 pakke: \u20ac49,95<\/li>\n<li>3 pakker: \u20ac79,95<\/li>\n<li>6 pakker: \u20ac 109,95 (st\u00f8rste rabatt)<\/li>\n<\/ul>\n<div class=\"su-button-center\"><a href=\"https:\/\/www.eco-innovation.eu\/go\/figur-no\" class=\"su-button su-button-style-3d\" style=\"color:#FFFFFF;background-color:#2D89EF;border-color:#246ec0;border-radius:9px;-moz-border-radius:9px;-webkit-border-radius:9px\" target=\"_blank\" rel=\"nofollow\"><span style=\"color:#FFFFFF;padding:0px 24px;font-size:18px;line-height:36px;border-color:#6cadf4;border-radius:9px;-moz-border-radius:9px;-webkit-border-radius:9px;text-shadow:none;-moz-text-shadow:none;-webkit-text-shadow:none\"> Den Spar rabattpris<\/span><\/a><\/div>\n<\/div><\/div>\n<p><a href=\"https:\/\/www.eco-innovation.eu\/go\/figur-no\" target=\"_blank\" rel=\"nofollow noopener\"><img loading=\"lazy\" decoding=\"async\" class=\"aligncenter size-full wp-image-1427\" src=\"https:\/\/www.eco-innovation.eu\/wp-content\/uploads\/2022\/10\/figur-capsules.jpg\" alt=\"figur kapsler\" width=\"500\" height=\"454\" srcset=\"https:\/\/www.eco-innovation.eu\/wp-content\/uploads\/2022\/10\/figur-capsules.jpg 500w, https:\/\/www.eco-innovation.eu\/wp-content\/uploads\/2022\/10\/figur-capsules-300x272.jpg 300w\" sizes=\"auto, (max-width: 500px) 100vw, 500px\" \/><\/a><\/p>\n<p>&nbsp;<\/p>\n\n<h2>FIGUR Slankekapsler &#8211; anmeldelser og erfaringer<\/h2>\n<p>FIG Kapsler bekjemper f\u00f8rst og fremst fett som har samlet seg i kroppen over lang tid. Pounds som du vurderer for mye vil forsvinne n\u00e5r du tar FIG Capsules. I tillegg er FIG-kapsler ikke bare egnet for for eksempel \u00e5 st\u00f8tte et p\u00e5g\u00e5ende kosthold eller for \u00e5 f\u00e5 den rette strandfiguren for sommerm\u00e5nedene p\u00e5 kort varsel.<\/p>\n<p>Hvis de tas over lengre tid, har FIG-kapsler ogs\u00e5 en forebyggende effekt. Dette betyr at FIG-kapsler ogs\u00e5 kan brukes til \u00e5 dempe eller til og med helt forhindre opphopning av nytt kroppsfett, dvs. fremtidig vekt\u00f8kning. FIGUR kapsler kan derfor tas av alle som \u00f8nsker \u00e5 ta vare p\u00e5 figuren sin \u2013 uavhengig av om raskt vekttap er dagens hovedm\u00e5l eller \u00f8nsket om \u00e5 forbli slank p\u00e5 lang sikt er prioritet.<\/p>\n<p>I tillegg er FIG-kapsler like egnet for menn og kvinner i alle aldre, forutsatt at brukerne er minst 18 \u00e5r gamle. Det er like irrelevant om personen som tar FIGUR slankekapsler er sporty eller heller inaktiv, om de f\u00f8lger en sunn eller snarere en usunn livsstil. For \u00e5 v\u00e6re p\u00e5 den sikre siden b\u00f8r gravide og personer som m\u00e5 ta medisiner permanent diskutere bruken av FIGUR-tabletter p\u00e5 forh\u00e5nd med legen sin.<\/p>\n<h2>Effekt<\/h2>\n<p>FIGURE slankepiller har blitt vitenskapelig bevist \u00e5 v\u00e6re effektive. Produktet lover kundene \u00e5 kunne redusere prosentandelen av kroppsfettet uten ytterligere handling. Dietter og et balansert trenings- eller idrettsprogram kan selvf\u00f8lgelig st\u00f8tte og fremskynde den positive effekten av FIGURE slanketabletter.<\/p>\n<p>Det er viktig for kundene \u00e5 vite at suksess ikke trenger \u00e5 sees umiddelbart etter \u00e5 ha tatt FIGUR slankekapsler for f\u00f8rste gang. Snarere b\u00f8r FIG-kapsler tas kontinuerlig, dvs. uten avbrudd, over en periode p\u00e5 minst \u00e5tte til tolv uker. Da kan de utfolde sin effekt i kroppen til brukeren og f\u00f8re til en godt synlig reduksjon i fett. FIGUR tabletter har en spesielt synlig effekt p\u00e5 kroppsfett som har samlet seg i mageregionen.<\/p>\n<p>Alle som tar FIGURE slankekapsler regelmessig vil merke at det er mindre appetitt over tid. Dermed fungerer FIG-kapsler blant annet som et appetittdempende middel. I tillegg s\u00f8rger FIG-kapsler for at du f\u00f8ler deg mett lenger etter et m\u00e5ltid, slik at mindre mat blir inntatt totalt sett. Egget st\u00f8tter detteInntaket av FIG-kapsler \u00f8ker fettforbrenningen, og derfor forbrennes fett som allerede er i kroppen, eller ogs\u00e5 nyopptatt fett.<\/p>\n<h2>ingredienser og sammensetning<\/h2>\n<p>FIGUR Kapsler inneholder L-karnitin, L-arginin, Garcinia Cambogia HCA-ekstrakt, Cayennepepper, L-Prolin, L-Theanine og L-Leucin. F\u00f8lgende forklaring av effekten av disse ingrediensene gj\u00f8r det klart hvorfor de er inneholdt i FIG-kapsler.<\/p>\n<h3>L-karnitin<\/h3>\n<p>L-karnitin er en forbindelse av aminosyrer som forekommer naturlig i menneskekroppen og er ansvarlig for fettmetabolismen der. L-karnitin oppf\u00f8rer seg p\u00e5 samme m\u00e5te som vitaminer og har en transportfunksjon. Kort sagt, L-karnitin er ansvarlig for raskt \u00e5 kanalisere fettsyrer, som inntas gjennom mat, gjennom kroppen til deres destinasjon som en del av metabolismen.<\/p>\n<p>Fettsyrene presset av L-karnitin b\u00f8r transporteres fra blodet til mitokondriene s\u00e5 raskt som mulig. Mitokondriene har p\u00e5 sin side en forbrenningsfunksjon. For \u00e5 f\u00e5 energi som menneskekroppen trenger for sin hverdagsfunksjon, forbrenner mitokondriene energien som finnes i fettsyrene. Hvis det inntas mindre fett gjennom maten enn det som er n\u00f8dvendig for kroppens n\u00e5v\u00e6rende energibehov, s\u00e5 forbrenner kroppen proteiner i stedet.<\/p>\n<h3>L-arginin<\/h3>\n<p>L-arginin er ogs\u00e5 klassifisert som en aminosyre. De bidrar ogs\u00e5 til metabolismen av menneskelige celler og er spesielt viktige for \u00e5 bygge muskler. I tillegg har L-arginin ogs\u00e5 en positiv effekt p\u00e5 ytelsen til menneskekroppen. En tilsvarende konsentrasjon av L-arginin kan bety at muskler i kroppen kan bygges opp raskere og treningssuksesser kan registreres raskere.<\/p>\n<h3>Garcinia Cambogia HCA-ekstrakt<\/h3>\n<p>Garcinia Cambogia HCA Extract er en naturlig fruktsyre ogs\u00e5 kjent som et appetittdempende middel. Av denne grunn kan Garcinia Cambogia HCA-ekstraktet finnes i en rekke produkter som tar for seg temaet vekttap, for eksempel FIG-kapsler.<\/p>\n<h3>kajennepepper<\/h3>\n<p>De fleste er mer kjent med cayennepepper fra kj\u00f8kkenet, for der brukes cayennepepper som krydder. Fra et vitenskapelig synspunkt har cayennepepper en veldig positiv effekt p\u00e5 stoffskiftet, fordi cayennepepper kan booste det og dermed akselerere det.<\/p>\n<p>I tillegg reduserer kajennepepper ogs\u00e5 sultf\u00f8lelsen og s\u00f8rger dermed for at mindre porsjoner spises. I tillegg har kajennepepper en betennelsesdempende effekt og hjelper kroppen med \u00e5 skylle ut giftstoffer. Jo sunnere og fri for giftstoffer ford\u00f8yelseskanalen er, jo lettere er det \u00e5 holde vekten nede.<\/p>\n<h3>L-prolin<\/h3>\n<p>L-Proline st\u00f8tter muskelbygging og er ogs\u00e5 viktig for en sterk beinstruktur. Fremfor alt trenger de som st\u00f8tter kostholdet sitt med sport, eller de som i utgangspunktet \u00f8nsker \u00e5 holde seg i form, sunn og slank gjennom sport, et tilstrekkelig niv\u00e5 av L-prolin i kroppen.<\/p>\n<h3>L-Theanin<\/h3>\n<p>L-Theanine er en av aminosyrene som p\u00e5virker den menneskelige hjernen. De virker avstressende og beroligende uten ubehagelige bivirkninger som d\u00f8sighet eller sl\u00f8vhet. L-Theanine hjelper ogs\u00e5 mot angst og hyperaktivitet, som begge kan f\u00f8re til s\u00f8vnl\u00f8shet.<\/p>\n<h3>L-leucin<\/h3>\n<p>L-leucin lar muskelmassen i kroppen \u00f8ke litt og s\u00f8rger samtidig for at mer fett brytes ned. Spesielt hos eldre kan L-leucin ha en sv\u00e6rt positiv effekt, siden kroppens egen muskelmasse minker mer og mer hos eldre.<\/p>\n<p>Et pluss i L-leucin kan motvirke dette tapet av muskelmasse eller i det minste bremse det. L-leucin kan ogs\u00e5 bidra til \u00e5 regulere blodsukkerniv\u00e5et i kroppen.<\/p>\n<h2>Studier og opplevelser av figurnettbrett<\/h2>\n<p>Kliniske studier er utf\u00f8rt p\u00e5 inntak og effekter av FIG-kapsler. De overvektige testpersonene var et tverrsnitt av samfunnet: menn og kvinner, en blandet aldersgruppe, noen aktive i idrett, noen inaktive. Studiene sl\u00e5r fast at FIGUR slankekapsler kan bidra til \u00e5 regulere kroppsvekten p\u00e5 lang sikt hvis de tas regelmessig.<\/p>\n<p>Imidlertid viste FIGURE-kapsler ogs\u00e5 suksess i studiene for kortsiktig suksess i forhold til vekttap. If\u00f8lge studier oppst\u00e5r synlig suksess etter \u00e5tte uker med inntak av FIGUR-tabletter. Vekttapet etter \u00e5 ha tatt kapslene i tolv uker var 24 kilo. If\u00f8lge studier kan du g\u00e5 ned i vekt kontinuerlig ved \u00e5 bruke FIG-kapsler over en periode p\u00e5 seks m\u00e5neder.<\/p>\n<p>Disse resultatene ble sammenlignet med resultatene fra en placebogruppe. Denne sammenligningen fullf\u00f8rerstabiliserer bildet av studiene. Placebogruppen gikk ogs\u00e5 ned i vekt, men fetttapet er betydelig h\u00f8yere n\u00e5r man faktisk tar FIG-kapsler. I tillegg gikk fors\u00f8kspersonene som fikk FIG-kapsler ned i vekt raskere.<\/p>\n<h2>Pakningsvedlegg: inntak, p\u00e5f\u00f8ring og dosering<\/h2>\n<p>FIGUR Kapsler b\u00f8r tas daglig over en lengre periode. Anbefalt dose er \u00e9n kapsel per dag. Dette b\u00f8r tas f\u00f8r dagens hovedm\u00e5ltid. Dette refererer til m\u00e5ltidet som forbruker st\u00f8rst mengde kalorier og fett. Ideelt sett b\u00f8r det tas ca. 15 til 30 minutter f\u00f8r dette m\u00e5ltidet. FIGUR kapsler skal alltid svelges hele.<\/p>\n<p>Etter svelging b\u00f8r to store glass vann drikkes. Dette tilsvarer \u00e5 drikke minst en halv liter. Personer som har problemer med \u00e5 svelge medisiner i kapselform, kan \u00e5pne FIG-kapslene p\u00e5 midten med miniatyrbildet og r\u00f8re innholdet i FIG-kapslene ut i et glass vann. Denne blandingen skal s\u00e5 drikkes i sm\u00e5 slurker.<\/p>\n<h2>Priser og prissammenligning<\/h2>\n<p>FIG Kapsler er tilgjengelige i pakningsst\u00f8rrelser p\u00e5 30 kapsler per pakning. Det tilsvarer omtrent en m\u00e5nedlig rasjon. En pakke er tilgjengelig for EUR 49,95. Jo flere pakker som kj\u00f8pes sammen, jo mer reduseres prisen p\u00e5 FIG-kapsler. To pakker bestilt sammen koster 39,97 euro per pakke, tre er tilgjengelige for 36,65 euro per pakke. Maksimalt tre pakker med FIG-kapsler kan bestilles og leveres per bestilling.<\/p>\n<h2>anmeldelser og attester fra brukere<\/h2>\n<p><strong>Brukere som allerede har pr\u00f8vd FIG Capsules har positive ting \u00e5 si om effektiviteten til dette produktet.<\/strong><\/p>\n<div class=\"su-list\" style=\"margin-left:0px\">\n<ul>\n<li><i class=\"sui sui-bruker\" style=\"color:#005300\"><\/i> De rapporterer at vekttap er merkbart raskt, hos noen brukere etter bare noen f\u00e5 dager. Brukere merker vanligvis etter to dager at appetitten avtar n\u00e5r de tar FIG-kapsler.<\/li>\n<li><i class=\"sui sui-bruker\" style=\"color:#005300\"><\/i> De rapporterer at de spiste mindre veldig raskt. Brukere som ikke har endret livsstil bortsett fra \u00e5 ta FIG-kapsler, rapporterer at de likevel har g\u00e5tt ned i vekt kontinuerlig, i gjennomsnitt to kilo per m\u00e5ned.<\/li>\n<li><i class=\"sui sui-bruker\" style=\"color:#005300\"><\/i> Folk som har pr\u00f8vd andre kosttilskudd for \u00e5 g\u00e5 ned i vekt oppgir at de fant FIG Capsules \u00e5 v\u00e6re mer effektive enn tidligere pr\u00f8vde vekttapprodukter.<\/li>\n<\/ul>\n<\/div>\n<h2>Kj\u00f8p FIGURE kapsler til den beste prisen<\/h2>\n<p>Laveste pris i Norge.<\/p>\n<div class=\"su-button-center\"><a href=\"https:\/\/www.eco-innovation.eu\/go\/figur-no\" class=\"su-button su-button-style-3d\" style=\"color:#FFFFFF;background-color:#2D89EF;border-color:#246ec0;border-radius:9px;-moz-border-radius:9px;-webkit-border-radius:9px\" target=\"_blank\" rel=\"nofollow\"><span style=\"color:#FFFFFF;padding:0px 24px;font-size:18px;line-height:36px;border-color:#6cadf4;border-radius:9px;-moz-border-radius:9px;-webkit-border-radius:9px;text-shadow:none;-moz-text-shadow:none;-webkit-text-shadow:none\"> FIGUR kj\u00f8p med 46 % rabatt<\/span><\/a><\/div>\n","protected":false},"excerpt":{"rendered":"<p>Alle vet det: Mat- og drikkeverdenen har mange fristelser i vente, nesten n\u00e5r som helst og hvor som helst. Det v\u00e6re seg i restauranter, snackbarer eller i supermarkedet rundt hj\u00f8rnet. Det er ofte vanskelig \u00e5 motst\u00e5 deilige kaker, kjeks og andre s\u00f8tsaker, sukkerholdige drikker eller alkohol og solid mat. Hvis det i tillegg er mangel &#8230; <a title=\"Kj\u00f8p FIGUR-kapsler &#8211; Erfaringer, anmeldelser, pris \u2013 piller &#038; tablet Norge\" class=\"read-more\" href=\"https:\/\/www.eco-innovation.eu\/no\/figur\/\" aria-label=\"Mer p\u00e5 Kj\u00f8p FIGUR-kapsler &#8211; Erfaringer, anmeldelser, pris \u2013 piller &#038; tablet Norge\">Les mer<\/a><\/p>\n","protected":false},"author":1,"featured_media":1413,"parent":0,"menu_order":0,"comment_status":"closed","ping_status":"closed","template":"","meta":{"footnotes":""},"class_list":["post-1570","page","type-page","status-publish","has-post-thumbnail"],"_links":{"self":[{"href":"https:\/\/www.eco-innovation.eu\/no\/wp-json\/wp\/v2\/pages\/1570","targetHints":{"allow":["GET"]}}],"collection":[{"href":"https:\/\/www.eco-innovation.eu\/no\/wp-json\/wp\/v2\/pages"}],"about":[{"href":"https:\/\/www.eco-innovation.eu\/no\/wp-json\/wp\/v2\/types\/page"}],"author":[{"embeddable":true,"href":"https:\/\/www.eco-innovation.eu\/no\/wp-json\/wp\/v2\/users\/1"}],"replies":[{"embeddable":true,"href":"https:\/\/www.eco-innovation.eu\/no\/wp-json\/wp\/v2\/comments?post=1570"}],"version-history":[{"count":2,"href":"https:\/\/www.eco-innovation.eu\/no\/wp-json\/wp\/v2\/pages\/1570\/revisions"}],"predecessor-version":[{"id":1574,"href":"https:\/\/www.eco-innovation.eu\/no\/wp-json\/wp\/v2\/pages\/1570\/revisions\/1574"}],"wp:featuredmedia":[{"embeddable":true,"href":"https:\/\/www.eco-innovation.eu\/no\/wp-json\/wp\/v2\/media\/1413"}],"wp:attachment":[{"href":"https:\/\/www.eco-innovation.eu\/no\/wp-json\/wp\/v2\/media?parent=1570"}],"curies":[{"name":"wp","href":"https:\/\/api.w.org\/{rel}","templated":true}]}}