{"id":670,"date":"2022-07-04T12:31:01","date_gmt":"2022-07-04T12:31:01","guid":{"rendered":"https:\/\/www.eco-innovation.eu\/?page_id=670"},"modified":"2022-07-04T12:31:01","modified_gmt":"2022-07-04T12:31:01","slug":"gluconol","status":"publish","type":"page","link":"https:\/\/www.eco-innovation.eu\/it\/gluconol\/","title":{"rendered":"Comprare Gluconol contro il diabete &#8211; Opinioni, recensioni, valutazione e farmacia"},"content":{"rendered":"<p><img loading=\"lazy\" decoding=\"async\" class=\"aligncenter size-full wp-image-669\" src=\"https:\/\/www.eco-innovation.eu\/wp-content\/uploads\/2022\/07\/Gluconol.jpg\" alt=\"Gluconol\" width=\"540\" height=\"523\" srcset=\"https:\/\/www.eco-innovation.eu\/wp-content\/uploads\/2022\/07\/Gluconol.jpg 540w, https:\/\/www.eco-innovation.eu\/wp-content\/uploads\/2022\/07\/Gluconol-300x291.jpg 300w\" sizes=\"auto, (max-width: 540px) 100vw, 540px\" \/><\/p>\n<p><strong>Il diabete di tipo 2 \u00e8 diventato una malattia molto diffusa nei Paesi industrializzati. Gli esperti prevedono che la nostra dieta ricca di carboidrati porter\u00e0 a un drammatico aumento del numero di persone colpite entro pochi anni.<\/strong><\/p>\n<p>Solo nel 2019 sono morti 1,6 milioni di diabetici. La met\u00e0 di tutti i decessi per diabete riguarda persone di et\u00e0 inferiore ai 60 anni. Un livello di zucchero nel sangue costantemente alto comporta un rischio elevato di sviluppare il diabete di tipo 2. Se nel 1980 i diabetici nel mondo erano &#8220;solo&#8221; 108 milioni, nel 2019 erano 463 milioni. A ci\u00f2 si accompagnano elevati oneri per il sistema sanitario ed elevati rischi conseguenti per le persone colpite.<\/p>\n<p>Nel corso di questa malattia cronica, c&#8217;\u00e8 la minaccia di gravi conseguenze per la salute. Si va dal piede diabetico all&#8217;insufficienza renale e alla cecit\u00e0, fino a un aumento del rischio di morte per infarto o ictus. \u00c8 logico che molti organismi stiano cercando di fare qualcosa per questa condizione. Gluconol \u00e8 un integratore alimentare a base di ingredienti naturali che hanno dimostrato di ridurre i livelli di zucchero nel sangue.<\/p>\n<p>I diabetici che utilizzano il Gluconol e seguono una dieta a basso contenuto di carboidrati hanno le migliori possibilit\u00e0 di evitare gli effetti del diabete mellito.<\/p>\n<div class=\"sue-section\" data-url=\"\" data-target=\"blank\" style=\"margin:0px 0px 0px 0px;border-top:1px solid #cccccc;border-bottom:1px solid #cccccc\"><div class=\"sue-section-background\" style=\"background-color:#f8f8f8;background-position:left top;\"><\/div><div class=\"sue-section-content sue-content-wrap\" style=\"padding:30px 0px 30px 0px;max-width:960px;text-align:left;color:#333333;text-shadow:0px 1px 10px #ffffff\">\n<h2>Comprare Gluconol<\/h2>\n<div class=\"su-list\" style=\"margin-left:0px\">\n<ul>\n<li><i class=\"sui sui-check\" style=\"color:#004AAD\"><\/i> Acquistare Gluconol direttamente dal produttore<\/li>\n<li><i class=\"sui sui-check\" style=\"color:#004AAD\"><\/i> Senza prescrizione medica<\/li>\n<li><i class=\"sui sui-check\" style=\"color:#004AAD\"><\/i> Attualmente disponibile con il 50% di sconto<\/li>\n<\/ul>\n<\/div>\n<div class=\"su-button-center\"><a href=\"https:\/\/www.eco-innovation.eu\/go\/gluconol-it\" class=\"su-button su-button-style-soft\" style=\"color:#FFFFFF;background-color:#008908;border-color:#006e07;border-radius:9px;-moz-border-radius:9px;-webkit-border-radius:9px\" target=\"_blank\" rel=\"nofollow\"><span style=\"color:#FFFFFF;padding:8px 24px;font-size:18px;line-height:27px;border-color:#4dad53;border-radius:9px;-moz-border-radius:9px;-webkit-border-radius:9px;text-shadow:none;-moz-text-shadow:none;-webkit-text-shadow:none\"><i class=\"sui sui-check-circle-o\" style=\"font-size:18px;color:#FFFFFF\"><\/i> Ordina Gluconol con il 50% di sconto<\/span><\/a><\/div>\n<\/div><\/div>\n<p>&nbsp;<\/p>\n\n<h2>Ambito di applicazione<\/h2>\n<p><strong>Il Gluconol \u00e8 un preparato per diabetici e pazienti a rischio predisposti ereditariamente. Questo integratore alimentare \u00e8 indicato per contribuire a normalizzare i livelli di zucchero nel sangue. Il Gluconol \u00e8 quindi indicato per<\/strong><\/p>\n<div class=\"su-list\" style=\"margin-left:0px\">\n<ul>\n<li><i class=\"sui sui-caret-right\" style=\"color:#113116\"><\/i> Persone con predisposizioni ereditarie<\/li>\n<li><i class=\"sui sui-caret-right\" style=\"color:#113116\"><\/i> Persone con problemi al pancreas<\/li>\n<li><i class=\"sui sui-caret-right\" style=\"color:#113116\"><\/i> Persone che seguono una dieta ad alto contenuto di carboidrati<\/li>\n<li><i class=\"sui sui-caret-right\" style=\"color:#113116\"><\/i> anziani in sovrappeso<\/li>\n<li><i class=\"sui sui-caret-right\" style=\"color:#113116\"><\/i> e le persone che sono costantemente sotto stress.<\/li>\n<\/ul>\n<\/div>\n<p>Gluconol Forum pu\u00f2 contrastare efficacemente l&#8217;effetto iperglicemizzante. \u00c8 facilmente digeribile e, se si segue una dieta a ridotto contenuto di carboidrati, migliora significativamente le condizioni delle persone colpite.<\/p>\n<h2>Farmacia<\/h2>\n<p>Il Gluconol non \u00e8 disponibile in farmacia e pu\u00f2 essere ordinato senza prescrizione medica.<\/p>\n<h2>Gluconol Recensioni &amp; Opinioni<\/h2>\n<p>Il gluconolo ha funzioni che contrastano il diabete. Le capsule di Gluconol bilanciano il livello di zucchero nel sangue. Normalizzano la produzione di insulina influenzando il lavoro delle cellule beta nelle cosiddette &#8220;isole di Langerhans&#8221; del pancreas. Il metabolismo degli zuccheri \u00e8 equilibrato. I sintomi secondari del diabete mellito, minacciosi a medio e lungo termine, vengono prevenuti.<\/p>\n<p>L&#8217;assunzione di capsule di Gluconol consente di ottenere altri effetti oltre a quelli direttamente correlati al diabete. Ad esempio, il sistema immunitario non \u00e8 pi\u00f9 gravato da alti livelli di zucchero nel sangue. Si previene l&#8217;ipoglicemia. La capacit\u00e0 di vedere viene conservata pi\u00f9 a lungo. Il pancreas e il fegato non sono pi\u00f9 sovraccarichi. Le pareti vascolari si stabilizzano grazie all&#8217;assunzione di Gluconol Forum. I livelli di colesterolo si normalizzano. Si riduce il rischio di morire prematuramente per ictus o infarto.<\/p>\n<p>Diversi fattori portano alla sindrome metabolica. Ci\u00f2 deriva dalla presenza di diabete di tipo 2, obesit\u00e0, pressione alta, livelli elevati di colesterolo e un metabolismo dei grassi disturbato. La secrezione di insulina \u00e8 disturbata. \u00c8 importante tenere sotto controllo tutti gli altri fattori quando il rischio di diabete aumenta. Non a caso gli inglesi chiamano la sindrome metabolica &#8220;quartetto mortale&#8221;.<\/p>\n<h3>Valutazione del gluconolo<\/h3>\n<p>Le persone a maggior rischio di diabete di tipo 2 e con livelli di colesterolo insufficienti possono lavorare per una vita pi\u00f9 sana scegliendo di assumere le capsule di Gluconol. \u00c8 opportuno che l&#8217;assunzione di capsule di Gluconol vada di pari passo con un cambiamento duraturo dello stile di vita. Ci\u00f2 significa mangiare meno carboidrati e fare esercizio fisico dopo aver consumato un pasto ricco di carboidrati.<\/p>\n<p>Lo sviluppo del diabete di tipo 2 si basa su un disturbo del pancreas e su una conseguente alterazione della secrezione di insulina. In secondo luogo, si sviluppa l&#8217;insulino-resistenza. Le cellule dell&#8217;organismo perdono la loro abituale sensibilit\u00e0 all&#8217;insulina. L&#8217;assunzione di capsule di Gluconol stimola la secrezione di insulina. Il pancreas viene alleggerito e le sue cellule pre-danneggiate possono rigenerarsi. La ricettivit\u00e0 delle cellule all&#8217;insulina migliora. Di conseguenza, l&#8217;intero organismo trae beneficio dall&#8217;assunzione delle capsule di Gluconol.<\/p>\n<p>La pressione alta migliora, cos\u00ec come i livelli di colesterolo. Gli organi possono recuperare. Il sistema immunitario torna a funzionare meglio. \u00c8 utile per perdere il peso in eccesso. Anche le capsule di gluconolo aiutano in questo senso. Gli ingredienti non solo contrastano lo sviluppo e gli effetti fatali del diabete, ma inibiscono anche l&#8217;appetito per i carboidrati e le calorie.<\/p>\n<p>Le papille gustative sulla lingua vengono regolate dalle capsule di Gluconol contro i dolci. In questo modo \u00e8 molto pi\u00f9 facile perdere il peso in eccesso, uno dei fattori che favoriscono il diabete e la sindrome metabolica. Per questo motivo molti diabetologi ed endocrinologi considerano il Gluconol uno dei preparati pi\u00f9 efficaci contro il diabete. Tratta con successo il complesso di fattori che contribuiscono allo sviluppo del diabete.<\/p>\n<p>Mentre altri preparati per diabetici si limitano ad alleviare i sintomi, il concetto delle capsule di Gluconol si basa sull&#8217;eliminazione dei fattori scatenanti. \u00c8 logico che scompaiano anche i sintomi tipici che hanno contribuito allo sviluppo del diabete.<\/p>\n<h2>Ingredienti<\/h2>\n<p>Le capsule di Gluconol contro il diabete contengono sostanze sperimentate e testate, note per la loro efficacia contro i sintomi associati allo sviluppo del diabete.<\/p>\n<h3>Cannella<\/h3>\n<p>La cannella \u00e8 una delle spezie pi\u00f9 efficaci per quanto riguarda i livelli di zucchero nel sangue. La cannella favorisce il metabolismo. Abbassa i livelli di zucchero nel sangue e regola il colesterolo LDL. La cannella migliora anche l&#8217;elasticit\u00e0 dei vasi sanguigni e la sensibilit\u00e0 all&#8217;insulina delle cellule.<\/p>\n<h3>Tribulus terrestris<\/h3>\n<p>La spina di terra, nota anche come Tribulus terrestris, contiene resine, saponine, glicosidi, alcaloidi, steroidi, nonch\u00e9 acido ascorbico e tannini. I glicosidi del tribulus agiscono in modo simile all&#8217;insulina.<\/p>\n<h3>Banaba<\/h3>\n<p>Le sostanze curative contenute nelle foglie di banaba (Lagerstroemia speciosa) sono in grado di abbassare i livelli di zucchero nel sangue. Possono ridurre la produzione di glucosio nell&#8217;organismo del 20-30%. Un livello di zucchero nel sangue normalizzato facilita la perdita di peso in eccesso. Le foglie di banaba sostengono l&#8217;organismo in caso di problemi renali e infiammazioni delle vie urinarie, entrambi effetti collaterali frequenti del diabete mellito.<\/p>\n<h3>Gingko Biloba<\/h3>\n<p>L&#8217;estratto di ginkgo biloba normalizza il metabolismo in caso di livelli elevati di zucchero nel sangue. Allevia il sovraccarico del pancreas, dilata i vasi sanguigni e ne rafforza le pareti. In combinazione, i vari stimoli hanno un effetto sull&#8217;organismo che contrasta lo sviluppo del diabete di tipo 2.<\/p>\n<h3>Uso e assunzione<\/h3>\n<p>Una capsula di Gluconol al giorno \u00e8 sufficiente per contrastare le conseguenze del diabete. \u00c8 importante bere successivamente una quantit\u00e0 sufficiente di acqua potabile per far defluire i principi attivi verso il luogo di utilizzo. Nel caso degli integratori alimentari, l&#8217;effetto si manifesta solo dopo qualche giorno.<\/p>\n<h2>Truffa o negozio falso<\/h2>\n<p>Non \u00e8 un falso. Il prodotto viene consegnato anche dopo l&#8217;ordine.<\/p>\n<h2>Testimonianze e recensioni dei clienti<\/h2>\n<div class=\"su-list\" style=\"margin-left:0px\">\n<ul>\n<li><i class=\"sui sui-user\" style=\"color:#004AAD\"><\/i> Nel forum ci sono numerosi commenti sulle capsule di Gluconol da parte degli acquirenti.<\/li>\n<li><i class=\"sui sui-user\" style=\"color:#004AAD\"><\/i> Klaus Zimmermann di Bad Sassendorf, ad esempio, ha scritto: &#8220;Dopo un ciclo di assunzione di Gluconol, la stanchezza e la sonnolenza sono scomparse, lo zucchero nel sangue si \u00e8 normalizzato. Mi sento sano e normale&#8221;.<\/li>\n<li><i class=\"sui sui-user\" style=\"color:#004AAD\"><\/i> Johanna Wildsch\u00fctz vive a Ratisbona. Soffriva da anni di diabete di tipo 2. Un giorno la cognata port\u00f2 il Gluconol. Riferisce: &#8220;Sai, ho sentito subito dei cambiamenti. Lo zucchero \u00e8 cambiato entro i limiti di 5-8, praticamente bene&#8221;.<\/li>\n<\/ul>\n<\/div>\n<h2>Ordinare Gluconol<\/h2>\n<a href=\"https:\/\/www.eco-innovation.eu\/go\/gluconol-it\" class=\"su-button su-button-style-soft\" style=\"color:#FFFFFF;background-color:#008908;border-color:#006e07;border-radius:9px;-moz-border-radius:9px;-webkit-border-radius:9px\" target=\"_blank\" rel=\"nofollow\"><span style=\"color:#FFFFFF;padding:8px 24px;font-size:18px;line-height:27px;border-color:#4dad53;border-radius:9px;-moz-border-radius:9px;-webkit-border-radius:9px;text-shadow:none;-moz-text-shadow:none;-webkit-text-shadow:none\"><i class=\"sui sui-check-circle-o\" style=\"font-size:18px;color:#FFFFFF\"><\/i> Ordina Gluconol con il 50% di sconto<\/span><\/a>\n","protected":false},"excerpt":{"rendered":"<p>Il diabete di tipo 2 \u00e8 diventato una malattia molto diffusa nei Paesi industrializzati. Gli esperti prevedono che la nostra dieta ricca di carboidrati porter\u00e0 a un drammatico aumento del numero di persone colpite entro pochi anni. Solo nel 2019 sono morti 1,6 milioni di diabetici. La met\u00e0 di tutti i decessi per diabete riguarda &#8230; <a title=\"Comprare Gluconol contro il diabete &#8211; Opinioni, recensioni, valutazione e farmacia\" class=\"read-more\" href=\"https:\/\/www.eco-innovation.eu\/it\/gluconol\/\" aria-label=\"More on Comprare Gluconol contro il diabete &#8211; Opinioni, recensioni, valutazione e farmacia\">Leggi tutto<\/a><\/p>\n","protected":false},"author":1,"featured_media":0,"parent":0,"menu_order":0,"comment_status":"closed","ping_status":"closed","template":"","meta":{"footnotes":""},"class_list":["post-670","page","type-page","status-publish"],"_links":{"self":[{"href":"https:\/\/www.eco-innovation.eu\/it\/wp-json\/wp\/v2\/pages\/670","targetHints":{"allow":["GET"]}}],"collection":[{"href":"https:\/\/www.eco-innovation.eu\/it\/wp-json\/wp\/v2\/pages"}],"about":[{"href":"https:\/\/www.eco-innovation.eu\/it\/wp-json\/wp\/v2\/types\/page"}],"author":[{"embeddable":true,"href":"https:\/\/www.eco-innovation.eu\/it\/wp-json\/wp\/v2\/users\/1"}],"replies":[{"embeddable":true,"href":"https:\/\/www.eco-innovation.eu\/it\/wp-json\/wp\/v2\/comments?post=670"}],"version-history":[{"count":1,"href":"https:\/\/www.eco-innovation.eu\/it\/wp-json\/wp\/v2\/pages\/670\/revisions"}],"predecessor-version":[{"id":671,"href":"https:\/\/www.eco-innovation.eu\/it\/wp-json\/wp\/v2\/pages\/670\/revisions\/671"}],"wp:attachment":[{"href":"https:\/\/www.eco-innovation.eu\/it\/wp-json\/wp\/v2\/media?parent=670"}],"curies":[{"name":"wp","href":"https:\/\/api.w.org\/{rel}","templated":true}]}}