{"id":1449,"date":"2022-10-27T11:19:59","date_gmt":"2022-10-27T11:19:59","guid":{"rendered":"https:\/\/www.eco-innovation.eu\/?page_id=1449"},"modified":"2022-12-21T09:42:43","modified_gmt":"2022-12-21T09:42:43","slug":"figur","status":"publish","type":"page","link":"https:\/\/www.eco-innovation.eu\/it\/figur\/","title":{"rendered":"FIGUR 30 Pillole dimagranti &#8211; Capsule Opinioni, recensioni, valutazione e farmacia &#8211; Italia"},"content":{"rendered":"<p><strong>Lo sanno tutti: il mondo del cibo e delle bevande riserva numerose tentazioni, quasi sempre e ovunque. Che si tratti di ristoranti, snack bar o anche del supermercato dietro l&#8217;angolo. Spesso \u00e8 difficile resistere a torte deliziose, biscotti e altri dolci, bevande zuccherate o alcoliche e pasti abbondanti.<\/strong><\/p>\n<p>Se a questo si aggiunge la mancanza di esercizio fisico, molte persone si trovano rapidamente in difficolt\u00e0 con il loro peso. Le diete aiutano solo in misura limitata, perch\u00e9 spesso accade che, sebbene i chili diminuiscano durante la dieta, si riprendano rapidamente quando si dichiara che la dieta \u00e8 terminata. Inoltre, spesso la perdita di peso termina a un certo punto e non \u00e8 pi\u00f9 possibile perdere altro peso, anche se non si \u00e8 ancora soddisfatti dei risultati ottenuti. <strong>Per contrastare questi due problemi, possono essere utili i preparati del settore degli integratori alimentari, come le nuove capsule FIGUR.<\/strong><\/p>\n<div class=\"sue-section\" data-url=\"\" data-target=\"blank\" style=\"margin:0px 0px 0px 0px;border-top:1px solid #cccccc;border-bottom:1px solid #cccccc\"><div class=\"sue-section-background\" style=\"background-color:#f8f8f8;background-position:left top;\"><\/div><div class=\"sue-section-content sue-content-wrap\" style=\"padding:30px 0px 30px 0px;max-width:960px;text-align:left;color:#333333;text-shadow:0px 1px 10px #ffffff\">\n<h2>Test sulle capsule FIGUR: i fatti<\/h2>\n<div class=\"su-list\" style=\"margin-left:0px\">\n<ul>\n<li><i class=\"sui sui-caret-right\" style=\"color:#FE9408\"><\/i> <strong>I possibili effetti del preparato<\/strong>\n<ul>\n<li><i class=\"sui sui-caret-right\" style=\"color:#FE9408\"><\/i> Ridurre le voglie e i morsi della fame<\/li>\n<li><i class=\"sui sui-caret-right\" style=\"color:#FE9408\"><\/i> Brucia i grassi e riduce la percentuale di grasso corporeo<\/li>\n<li><i class=\"sui sui-caret-right\" style=\"color:#FE9408\"><\/i> Perdita di peso<\/li>\n<li><i class=\"sui sui-caret-right\" style=\"color:#FE9408\"><\/i> Migliorare l&#8217;umore \u00e8 possibile<\/li>\n<li><i class=\"sui sui-caret-right\" style=\"color:#FE9408\"><\/i> Il corpo umano dispone di una maggiore quantit\u00e0 di energia<\/li>\n<\/ul>\n<\/li>\n<li><i class=\"sui sui-caret-right\" style=\"color:#FE9408\"><\/i> Con <strong>sette<\/strong> ingredienti efficaci<\/li>\n<li><i class=\"sui sui-caret-right\" style=\"color:#FE9408\"><\/i> Adatto a uomini e donne<\/li>\n<li><i class=\"sui sui-caret-right\" style=\"color:#FE9408\"><\/i> <strong>Ora per un breve periodo con il 46% di sconto<\/strong><\/li>\n<li><i class=\"sui sui-caret-right\" style=\"color:#FE9408\"><\/i> Disponibile senza prescrizione medica in Italia<\/li>\n<li><i class=\"sui sui-caret-right\" style=\"color:#FE9408\"><\/i> <strong>Rapporti molto positivi degli utenti nel forum<\/strong><\/li>\n<li><i class=\"sui sui-caret-right\" style=\"color:#FE9408\"><\/i> Spedizione espressa<\/li>\n<\/ul>\n<\/div>\n<p>&nbsp;<\/p>\n<h2 style=\"text-align: center;\">FIGUR Capsule Valutazione<\/h2>\n<p style=\"text-align: center;\"><strong>Valutazione: \u2b50\u2b50\u2b50\u2b50\u2b50 (<span style=\"color: #008000;\">5 stelle su 5<\/span>)<\/strong><\/p>\n<p>&nbsp;<\/p>\n<h2>Comprare le capsule FIGUR<\/h2>\n<div class=\"su-button-center\"><a href=\"https:\/\/www.eco-innovation.eu\/go\/figur-it\" class=\"su-button su-button-style-3d\" style=\"color:#FFFFFF;background-color:#2D89EF;border-color:#246ec0;border-radius:9px;-moz-border-radius:9px;-webkit-border-radius:9px\" target=\"_blank\" rel=\"nofollow\"><span style=\"color:#FFFFFF;padding:0px 24px;font-size:18px;line-height:36px;border-color:#6cadf4;border-radius:9px;-moz-border-radius:9px;-webkit-border-radius:9px;text-shadow:none;-moz-text-shadow:none;-webkit-text-shadow:none\"> Acquista FIGUR con il 46% di sconto<\/span><\/a><\/div>\n<p>&nbsp;<\/p>\n<\/div><\/div>\n<p>&nbsp;<\/p>\n<div class=\"sue-section\" data-url=\"\" data-target=\"blank\" style=\"margin:0px 0px 0px 0px;border-top:1px solid #cccccc;border-bottom:1px solid #cccccc\"><div class=\"sue-section-background\" style=\"background-color:#f8f8f8;background-position:left top;\"><\/div><div class=\"sue-section-content sue-content-wrap\" style=\"padding:30px 0px 30px 0px;max-width:960px;text-align:left;color:#333333;text-shadow:0px 1px 10px #ffffff\">\n<h2>Figur Prezzo<\/h2>\n<p><strong>Figur prezzi e costi delle capsule:<\/strong><\/p>\n<ul>\n<li>1 confezione: 49,95 euro<\/li>\n<li>3 confezioni: 79,95 \u20ac<\/li>\n<li>6 confezioni: 109,95 \u20ac (sconto maggiore)<\/li>\n<\/ul>\n<div class=\"su-button-center\"><a href=\"https:\/\/www.eco-innovation.eu\/go\/figur-it\" class=\"su-button su-button-style-3d\" style=\"color:#FFFFFF;background-color:#2D89EF;border-color:#246ec0;border-radius:9px;-moz-border-radius:9px;-webkit-border-radius:9px\" target=\"_blank\" rel=\"nofollow\"><span style=\"color:#FFFFFF;padding:0px 24px;font-size:18px;line-height:36px;border-color:#6cadf4;border-radius:9px;-moz-border-radius:9px;-webkit-border-radius:9px;text-shadow:none;-moz-text-shadow:none;-webkit-text-shadow:none\"> Assicurati il prezzo scontato<\/span><\/a><\/div>\n<\/div><\/div>\n<p>&nbsp;<\/p>\n<p><a href=\"https:\/\/www.eco-innovation.eu\/go\/figur-it\" target=\"_blank\" rel=\"nofollow noopener\"><img loading=\"lazy\" decoding=\"async\" class=\"aligncenter size-full wp-image-1419\" src=\"https:\/\/www.eco-innovation.eu\/wp-content\/uploads\/2022\/10\/figur-capsules.jpg\" alt=\"figur kapseln\" width=\"500\" height=\"454\" srcset=\"https:\/\/www.eco-innovation.eu\/wp-content\/uploads\/2022\/10\/figur-capsules.jpg 500w, https:\/\/www.eco-innovation.eu\/wp-content\/uploads\/2022\/10\/figur-capsules-300x272.jpg 300w\" sizes=\"auto, (max-width: 500px) 100vw, 500px\" \/><\/a><br \/>\n\n<h2>FIGUR Capsule dimagranti &#8211; Rapporto di prova ed esperienze<\/h2>\n<p>Le capsule FIGUR combattono principalmente il grasso che si \u00e8 gi\u00e0 accumulato nel corpo per un lungo periodo di tempo. Assumendo le capsule FIGUR, si perdono i chili considerati di troppo. Inoltre, le capsule FIGUR non sono solo adatte a supportare una dieta continuativa, ad esempio, o a ottenere una figura da spiaggia adeguata a breve termine per i mesi estivi.<\/p>\n<p>Se assunte per un periodo di tempo prolungato, le capsule FIGUR hanno anche un effetto preventivo. Ci\u00f2 significa che le capsule FIGUR possono essere utilizzate anche per ridurre o addirittura prevenire completamente l&#8217;accumulo di nuovo grasso corporeo, ovvero un futuro aumento di peso. Le capsule FIGUR possono quindi essere assunte da tutte le persone che desiderano tenere sotto controllo la propria linea, sia che l&#8217;obiettivo principale sia una rapida perdita di peso, sia che il desiderio di rimanere snelli a lungo termine sia in primo piano.<\/p>\n<p>Le capsule FIGUR sono adatte anche a uomini e donne di tutte le et\u00e0, purch\u00e9 l&#8217;utente abbia almeno 18 anni. Anche il fatto che la persona che assume le capsule FIGUR per la perdita di peso sia atletica o piuttosto inattiva, che segua uno stile di vita sano o piuttosto malsano, \u00e8 irrilevante. Le donne in gravidanza e le persone che devono assumere farmaci in modo continuativo dovrebbero comunque discutere preventivamente l&#8217;uso delle compresse FIGUR con il proprio medico per sicurezza.<\/p>\n<h2>FIGUR 30 Pillole dimagranti &#8211; Effetto<\/h2>\n<p>L&#8217;efficacia delle pillole dimagranti FIGUR \u00e8 stata scientificamente testata. Il prodotto promette ai clienti di ridurre il grasso corporeo senza ulteriori interventi. Una dieta e un programma equilibrato di attivit\u00e0 fisica o sportiva possono naturalmente sostenere e accelerare l&#8217;effetto positivo delle pillole dimagranti FIGUR.<\/p>\n<p>\u00c8 importante che i clienti sappiano che i successi non devono essere evidenti subito dopo la prima assunzione delle capsule FIGUR per la perdita di peso. Le capsule FIGUR devono essere assunte in modo continuativo, cio\u00e8 senza interruzioni, per un periodo di almeno otto-dodici settimane. Quindi possono dispiegare il loro effetto nel corpo dell&#8217;utente e portare a una perdita di grasso chiaramente visibile. Le compresse FIGUR hanno un effetto visibile particolarmente buono sul grasso corporeo accumulato nella regione addominale.<\/p>\n<p>Chi assume regolarmente le capsule FIGUR per la perdita di peso noter\u00e0 che nel tempo l&#8217;appetito diminuisce. Le capsule FIGUR agiscono quindi, tra l&#8217;altro, come soppressori dell&#8217;appetito. Inoltre, le capsule FIGUR assicurano un senso di saziet\u00e0 pi\u00f9 prolungato dopo il pasto, in modo da consumare complessivamente meno cibo. Inoltre, l&#8217;assunzione delle capsule FIGUR favorisce il metabolismo dei grassi, per cui i grassi gi\u00e0 presenti nell&#8217;organismo o quelli appena assorbiti vengono bruciati pi\u00f9 rapidamente.<\/p>\n<h2>Ingredienti e composizione<\/h2>\n<p>Le capsule FIGUR contengono L-carnitina, L-arginina, estratto di Garcinia Cambogia HCA, pepe di Caienna, L-prolina, L-teanina e L-leucina. La seguente spiegazione dell&#8217;effetto di questi ingredienti chiarisce perch\u00e9 sono contenuti nelle capsule FIGUR.<\/p>\n<h3>L-Carnitina<\/h3>\n<p>La L-carnitina \u00e8 un composto di aminoacidi presente naturalmente nel corpo umano e responsabile del metabolismo dei grassi. Le L-carnitine si comportano in modo simile alle vitamine e svolgono una funzione di trasporto. In breve, le L-carnitine sono responsabili del trasporto rapido degli acidi grassi, ingeriti con il cibo, attraverso l&#8217;organismo fino alla loro destinazione nel corso del metabolismo.<\/p>\n<p>Nel processo, gli acidi grassi spinti dalle L-carnitine devono essere trasportati il pi\u00f9 rapidamente possibile dal flusso sanguigno ai mitocondri. I mitocondri hanno a loro volta una funzione di combustione. Per ottenere l&#8217;energia di cui il corpo umano ha bisogno per le sue funzioni quotidiane, i mitocondri bruciano l&#8217;energia contenuta negli acidi grassi. Se con la dieta si consuma una quantit\u00e0 di grassi inferiore a quella necessaria per l&#8217;attuale fabbisogno energetico dell&#8217;organismo, quest&#8217;ultimo brucia invece le proteine.<\/p>\n<h3>L-arginina<\/h3>\n<p>Anche la L-arginina appartiene alla classe degli aminoacidi. Partecipano inoltre al metabolismo delle cellule umane e sono particolarmente importanti per la costruzione dei muscoli. Inoltre, le L-arginine hanno anche un effetto positivo sulle prestazioni del corpo umano. Una concentrazione adeguata di L-arginina pu\u00f2 far s\u00ec che i muscoli dell&#8217;organismo si sviluppino pi\u00f9 rapidamente e che i successi dell&#8217;allenamento vengano registrati pi\u00f9 velocemente.<\/p>\n<h3>Estratto di Garcinia Cambogia HCA<\/h3>\n<p>L&#8217;estratto di Garcinia Cambogia HCA \u00e8 un acido naturale della frutta, noto anche come soppressore dell&#8217;appetito. Per questo motivo, l&#8217;estratto di Garcinia Cambogia HCA si trova in numerosi prodotti che trattano il tema della perdita di peso, come le capsule FIGUR.<\/p>\n<h3>Pepe di Cayenna<\/h3>\n<p>La maggior parte delle persone conosce il pepe di Caienna in cucina, dove viene utilizzato come spezia. Da un punto di vista scientifico, il pepe di cayenna ha un effetto molto positivo sul metabolismo, perch\u00e9 \u00e8 in grado di potenziarlo e quindi di accelerarlo.<\/p>\n<p>Il pepe di Cayenna riduce anche la sensazione di fame e quindi fa s\u00ec che si mangino porzioni pi\u00f9 piccole. Il pepe di Cayenna ha anche un effetto antinfiammatorio e aiuta l&#8217;organismo a eliminare le tossine. Pi\u00f9 l&#8217;apparato digerente \u00e8 sano e privo di tossine, pi\u00f9 \u00e8 probabile che si riesca a contenere il peso.<\/p>\n<h3>L-Prolina<\/h3>\n<p>Le L-proline favoriscono la costruzione muscolare e sono importanti anche per una struttura ossea forte. Soprattutto coloro che supportano il loro programma dietetico con lo sport, o coloro che fondamentalmente vogliono mantenersi in forma, sani e snelli attraverso lo sport, hanno bisogno di una quantit\u00e0 sufficiente di L-proline nel loro corpo.<\/p>\n<h3>L-teanina<\/h3>\n<p>Le L-teanine appartengono agli aminoacidi che influenzano il cervello umano. Hanno un effetto antistress e calmante senza provocare effetti collaterali spiacevoli come sonnolenza o sonnolenza. Le L-teanine aiutano anche a combattere l&#8217;ansia e l&#8217;iperattivit\u00e0, che possono portare all&#8217;insonnia.<\/p>\n<h3>L-leucina<\/h3>\n<p>La L-leucina fa crescere leggermente la massa muscolare dell&#8217;organismo e nel contempo garantisce una maggiore disgregazione dei grassi. La L-leucina pu\u00f2 avere un effetto molto positivo soprattutto sulle persone anziane, poich\u00e9 la massa muscolare dell&#8217;organismo diminuisce sempre pi\u00f9 negli anziani.<\/p>\n<p>Un plus di L-leucine pu\u00f2 contrastare questa perdita di massa muscolare o almeno rallentarla. Le L-leucine possono anche aiutare a regolare il livello di zucchero nel sangue.<\/p>\n<h2>Figur compresse studi ed esperienze<\/h2>\n<p>Sono stati condotti studi clinici sull&#8217;assunzione e sugli effetti delle capsule FIGUR. Le persone sottoposte al test per il sovrappeso erano uno spaccato della societ\u00e0: uomini e donne, di et\u00e0 mista, in parte attivi nello sport, in parte inattivi. Gli studi dimostrano che le capsule FIGUR per la perdita di peso, se assunte regolarmente, possono aiutare a regolare il peso corporeo a lungo termine.<\/p>\n<p>Ma le capsule FIGUR hanno dimostrato di avere successo anche negli studi sulla perdita di peso a breve termine. Secondo gli studi, i successi visibili si verificano dopo otto settimane di assunzione delle compresse FIGUR. La perdita di peso dopo l&#8217;assunzione delle capsule per dodici settimane \u00e8 stata di 24 kg. Secondo gli studi, le capsule FIGUR possono essere utilizzate per perdere peso in modo continuativo per un periodo di sei mesi.<\/p>\n<p>Questi risultati sono stati confrontati con quelli di un gruppo placebo. Questo confronto completa il quadro degli studi. Anche il gruppo placebo ha perso peso, ma la perdita di grasso \u00e8 stata significativamente maggiore quando i soggetti hanno effettivamente assunto le capsule FIGUR. Inoltre, i soggetti che hanno ricevuto le capsule FIGUR hanno perso peso pi\u00f9 velocemente.<\/p>\n<h2>Foglio illustrativo: assunzione, uso e dosaggio<\/h2>\n<p>Le capsule FIGUR devono essere assunte quotidianamente per un periodo di tempo prolungato. La dose raccomandata \u00e8 di una capsula al giorno. L&#8217;assunzione deve avvenire prima del pasto principale della giornata. \u00c8 il pasto in cui si consuma la maggior quantit\u00e0 di calorie e grassi. L&#8217;ideale sarebbe assumerlo da 15 a 30 minuti prima di questo pasto. Le capsule di FIGUR devono essere sempre deglutite intere.<\/p>\n<p>Dopo la deglutizione, si devono bere due bicchieri grandi di acqua. Ci\u00f2 corrisponde a bere almeno mezzo litro. Le persone che hanno problemi a deglutire i farmaci in capsule possono aprire le capsule FIGUR al centro con l&#8217;unghia del pollice e mescolare il contenuto delle capsule FIGUR in un bicchiere d&#8217;acqua. Questa miscela deve essere bevuta a piccoli sorsi.<\/p>\n<h2>Prezzi e confronto dei prezzi<\/h2>\n<p>Le capsule FIGUR sono disponibili in confezione da 30 capsule per confezione. Ci\u00f2 equivale all&#8217;incirca a una razione mensile. Una confezione \u00e8 disponibile al prezzo di 49,95 euro. Pi\u00f9 confezioni vengono acquistate insieme, pi\u00f9 il prezzo delle capsule FIGUR si riduce. Due confezioni ordinate insieme costano 39,97 euro a confezione, tre sono disponibili a 36,65 euro a confezione. \u00c8 possibile richiedere e consegnare un massimo di tre confezioni di capsule FIGUR per ogni ordine.ruffa.<\/p>\n<h2>Recensioni e testimonianze degli utenti<\/h2>\n<p><strong>Gli utenti che hanno gi\u00e0 provato le capsule FIGUR commentano positivamente l&#8217;efficacia di questo prodotto.<\/strong><\/p>\n<div class=\"su-list\" style=\"margin-left:0px\">\n<ul>\n<li><i class=\"sui sui-user\" style=\"color:#005300\"><\/i> Gli utenti riferiscono che la perdita di peso \u00e8 rapidamente percepibile, con alcuni utenti gi\u00e0 dopo pochi giorni. Gli utenti di solito notano che l&#8217;appetito diminuisce dopo l&#8217;assunzione delle capsule FIGUR dopo soli due giorni.<\/li>\n<li><i class=\"sui sui-user\" style=\"color:#005300\"><\/i> Riferiscono di mangiare meno rapidamente. Gli utenti che non hanno modificato il proprio stile di vita oltre all&#8217;assunzione delle capsule FIGUR riferiscono di aver comunque perso peso in modo continuativo, in media due chilogrammi al mese.<\/li>\n<li><i class=\"sui sui-user\" style=\"color:#005300\"><\/i> Le persone che hanno gi\u00e0 provato altri integratori alimentari per ridurre il proprio peso affermano che l&#8217;efficacia delle capsule FIGUR \u00e8 stata, a loro avviso, migliore di quella dei prodotti per la perdita di peso che avevano provato in precedenza.<\/li>\n<\/ul>\n<\/div>\n<h2>Acquistare FIGUR Capsule al prezzo pi\u00f9 basso<\/h2>\n<p><strong>Il prezzo pi\u00f9 basso in Italia.<\/strong><\/p>\n<a href=\"https:\/\/www.eco-innovation.eu\/go\/figur-it\" class=\"su-button su-button-style-3d\" style=\"color:#FFFFFF;background-color:#2D89EF;border-color:#246ec0;border-radius:9px;-moz-border-radius:9px;-webkit-border-radius:9px\" target=\"_blank\" rel=\"nofollow\"><span style=\"color:#FFFFFF;padding:0px 24px;font-size:18px;line-height:36px;border-color:#6cadf4;border-radius:9px;-moz-border-radius:9px;-webkit-border-radius:9px;text-shadow:none;-moz-text-shadow:none;-webkit-text-shadow:none\"> Acquista FIGUR con il 46% di sconto<\/span><\/a>\n","protected":false},"excerpt":{"rendered":"<p>Lo sanno tutti: il mondo del cibo e delle bevande riserva numerose tentazioni, quasi sempre e ovunque. Che si tratti di ristoranti, snack bar o anche del supermercato dietro l&#8217;angolo. Spesso \u00e8 difficile resistere a torte deliziose, biscotti e altri dolci, bevande zuccherate o alcoliche e pasti abbondanti. Se a questo si aggiunge la mancanza &#8230; <a title=\"FIGUR 30 Pillole dimagranti &#8211; Capsule Opinioni, recensioni, valutazione e farmacia &#8211; Italia\" class=\"read-more\" href=\"https:\/\/www.eco-innovation.eu\/it\/figur\/\" aria-label=\"More on FIGUR 30 Pillole dimagranti &#8211; Capsule Opinioni, recensioni, valutazione e farmacia &#8211; Italia\">Leggi tutto<\/a><\/p>\n","protected":false},"author":1,"featured_media":1412,"parent":0,"menu_order":0,"comment_status":"closed","ping_status":"closed","template":"","meta":{"footnotes":""},"class_list":["post-1449","page","type-page","status-publish","has-post-thumbnail"],"_links":{"self":[{"href":"https:\/\/www.eco-innovation.eu\/it\/wp-json\/wp\/v2\/pages\/1449","targetHints":{"allow":["GET"]}}],"collection":[{"href":"https:\/\/www.eco-innovation.eu\/it\/wp-json\/wp\/v2\/pages"}],"about":[{"href":"https:\/\/www.eco-innovation.eu\/it\/wp-json\/wp\/v2\/types\/page"}],"author":[{"embeddable":true,"href":"https:\/\/www.eco-innovation.eu\/it\/wp-json\/wp\/v2\/users\/1"}],"replies":[{"embeddable":true,"href":"https:\/\/www.eco-innovation.eu\/it\/wp-json\/wp\/v2\/comments?post=1449"}],"version-history":[{"count":4,"href":"https:\/\/www.eco-innovation.eu\/it\/wp-json\/wp\/v2\/pages\/1449\/revisions"}],"predecessor-version":[{"id":1862,"href":"https:\/\/www.eco-innovation.eu\/it\/wp-json\/wp\/v2\/pages\/1449\/revisions\/1862"}],"wp:featuredmedia":[{"embeddable":true,"href":"https:\/\/www.eco-innovation.eu\/it\/wp-json\/wp\/v2\/media\/1412"}],"wp:attachment":[{"href":"https:\/\/www.eco-innovation.eu\/it\/wp-json\/wp\/v2\/media?parent=1449"}],"curies":[{"name":"wp","href":"https:\/\/api.w.org\/{rel}","templated":true}]}}