{"id":724,"date":"2022-07-04T13:41:11","date_gmt":"2022-07-04T13:41:11","guid":{"rendered":"https:\/\/www.eco-innovation.eu\/?page_id=724"},"modified":"2022-07-04T13:41:11","modified_gmt":"2022-07-04T13:41:11","slug":"gluconol","status":"publish","type":"page","link":"https:\/\/www.eco-innovation.eu\/hu\/gluconol\/","title":{"rendered":"V\u00e1s\u00e1rl\u00e1s Gluconol cukorbetegs\u00e9g ellen &#8211; v\u00e9lem\u00e9nyek, Tapasztalat, \u00e9rt\u00e9kel\u00e9s \u00e9s gy\u00f3gyszert\u00e1r"},"content":{"rendered":"<p><img loading=\"lazy\" decoding=\"async\" class=\"aligncenter size-full wp-image-723\" src=\"https:\/\/www.eco-innovation.eu\/wp-content\/uploads\/2022\/07\/Gluconol.jpg\" alt=\"Gluconol\" width=\"540\" height=\"523\" srcset=\"https:\/\/www.eco-innovation.eu\/wp-content\/uploads\/2022\/07\/Gluconol.jpg 540w, https:\/\/www.eco-innovation.eu\/wp-content\/uploads\/2022\/07\/Gluconol-300x291.jpg 300w\" sizes=\"auto, (max-width: 540px) 100vw, 540px\" \/><\/p>\n<p><strong>A 2-es t\u00edpus\u00fa cukorbetegs\u00e9g az iparosodott orsz\u00e1gokban sz\u00e9les k\u00f6rben elterjedt betegs\u00e9gg\u00e9 v\u00e1lt. A szak\u00e9rt\u0151k arra sz\u00e1m\u00edtanak, hogy a sz\u00e9nhidr\u00e1tban gazdag t\u00e1pl\u00e1lkoz\u00e1sunk n\u00e9h\u00e1ny \u00e9ven bel\u00fcl az \u00e9rintettek sz\u00e1m\u00e1nak dr\u00e1mai n\u00f6veked\u00e9s\u00e9hez fog vezetni.<\/strong><\/p>\n<p>Csak 2019-ben 1,6 milli\u00f3 cukorbeteg halt meg. A cukorbetegs\u00e9g okozta hal\u00e1lesetek fele 60 \u00e9vn\u00e9l fiatalabb embereket \u00e9rintett. A tart\u00f3san magas v\u00e9rcukorszint nagy kock\u00e1zatot jelent a 2-es t\u00edpus\u00fa cukorbetegs\u00e9g kialakul\u00e1s\u00e1ra. M\u00edg 1980-ban &#8222;csak&#8221; 108 milli\u00f3 cukorbeteg volt vil\u00e1gszerte, addig 2019-ben m\u00e1r 463 milli\u00f3. Mindez az eg\u00e9szs\u00e9g\u00fcgyi rendszerre nehezed\u0151 nagy terhekkel \u00e9s az \u00e9rintettek sz\u00e1m\u00e1ra nagy k\u00f6vetkezm\u00e9nyekkel j\u00e1r\u00f3 kock\u00e1zatokkal j\u00e1r.<\/p>\n<p>E kr\u00f3nikus betegs\u00e9g sor\u00e1n s\u00falyos eg\u00e9szs\u00e9g\u00fcgyi k\u00f6vetkezm\u00e9nyekkel fenyeget. Ezek a diab\u00e9teszes l\u00e1bt\u00f3l kezdve a veseel\u00e9gtelens\u00e9gen \u00e9s a vaks\u00e1gon \u00e1t eg\u00e9szen a sz\u00edvroham vagy stroke okozta hal\u00e1loz\u00e1s jelent\u0151sen megn\u00f6vekedett kock\u00e1zat\u00e1ig terjednek. \u00c9rtelemszer\u0171en sok test\u00fclet pr\u00f3b\u00e1l tenni valamit ez ellen az \u00e1llapot ellen. A Gluconol egy olyan term\u00e9szetes \u00f6sszetev\u0151kb\u0151l k\u00e9sz\u00fclt \u00e9trend-kieg\u00e9sz\u00edt\u0151, amely bizony\u00edtottan cs\u00f6kkenti a v\u00e9rcukorszintet.<\/p>\n<p>A Gluconolt tablett\u00e1k haszn\u00e1l\u00f3 \u00e9s alacsony sz\u00e9nhidr\u00e1ttartalm\u00fa \u00e9trendet k\u00f6vet\u0151 cukorbetegeknek van a legjobb es\u00e9ly\u00fck arra, hogy elker\u00fclj\u00e9k a cukorbetegs\u00e9g hat\u00e1sait.<\/p>\n<div class=\"sue-section\" data-url=\"\" data-target=\"blank\" style=\"margin:0px 0px 0px 0px;border-top:1px solid #cccccc;border-bottom:1px solid #cccccc\"><div class=\"sue-section-background\" style=\"background-color:#f8f8f8;background-position:left top;\"><\/div><div class=\"sue-section-content sue-content-wrap\" style=\"padding:30px 0px 30px 0px;max-width:960px;text-align:left;color:#333333;text-shadow:0px 1px 10px #ffffffff\">\n<h2>V\u00e1s\u00e1rl\u00e1s Gluconol<\/h2>\n<div class=\"su-list\" style=\"margin-left:0px\">\n<ul>\n<li><i class=\"sui sui-check\" style=\"color:#004AAD\"><\/i> V\u00e1s\u00e1roljon Gluconol k\u00f6zvetlen\u00fcl a gy\u00e1rt\u00f3t\u00f3l<\/li>\n<li><i class=\"sui sui-check\" style=\"color:#004AAD\"><\/i> V\u00e9ny n\u00e9lk\u00fcl kaphat\u00f3<\/li>\n<li><i class=\"sui sui-check\" style=\"color:#004AAD\"><\/i> <strong>Jelenleg 50% kedvezm\u00e9nnyel kaphat\u00f3<\/strong><\/li>\n<\/ul>\n<\/div>\n<div class=\"su-button-center\"><a href=\"https:\/\/www.eco-innovation.eu\/go\/gluconol-hu\" class=\"su-button su-button-style-soft\" style=\"color:#FFFFFF;background-color:#008908;border-color:#006e07;border-radius:9px;-moz-border-radius:9px;-webkit-border-radius:9px\" target=\"_blank\" rel=\"nofollow\"><span style=\"color:#FFFFFF;padding:8px 24px;font-size:18px;line-height:27px;border-color:#4dad53;border-radius:9px;-moz-border-radius:9px;-webkit-border-radius:9px;text-shadow:none;-moz-text-shadow:none;-webkit-text-shadow:none\"><i class=\"sui sui-check-circle-o\" style=\"font-size:18px;color:#FFFFFF\"><\/i> Gluconol rendel\u00e9se 50% kedvezm\u00e9nnyel<\/span><\/a><\/div>\n<\/div><\/div>\n<p>&nbsp;<\/p>\n\n<h2>Terjedelem<\/h2>\n<p>A gl\u00fckonol cukorbetegek \u00e9s \u00f6r\u00f6kletes hajlam\u00fa kock\u00e1zati betegek sz\u00e1m\u00e1ra k\u00e9sz\u00fclt k\u00e9sz\u00edtm\u00e9ny. Ez az \u00e9trend-kieg\u00e9sz\u00edt\u0151 alkalmas a v\u00e9rcukorszint normaliz\u00e1l\u00e1s\u00e1nak el\u0151seg\u00edt\u00e9s\u00e9re. A Gluconol ez\u00e9rt alkalmas<\/p>\n<div class=\"su-list\" style=\"margin-left:0px\">\n<ul>\n<li><i class=\"sui sui-caret-right\" style=\"color:#113116\"><\/i> \u00d6r\u00f6kletes hajlam\u00fa emberek<\/li>\n<li><i class=\"sui sui-caret-right\" style=\"color:#113116\"><\/i> Hasny\u00e1lmirigy-probl\u00e9m\u00e1kkal k\u00fczd\u0151 emberek<\/li>\n<li><i class=\"sui sui-caret-right\" style=\"color:#113116\"><\/i> Magas sz\u00e9nhidr\u00e1ttartalm\u00fa \u00e9trenden \u00e9l\u0151k<\/li>\n<li><i class=\"sui sui-caret-right\" style=\"color:#113116\"><\/i> t\u00fals\u00falyos id\u0151sek<\/li>\n<li><i class=\"sui sui-caret-right\" style=\"color:#113116\"><\/i> \u00e9s olyan emberek, akik \u00e1lland\u00f3 stressznek vannak kit\u00e9ve.<\/li>\n<\/ul>\n<\/div>\n<p>A Gluconol Forum hat\u00e9konyan ellens\u00falyozhatja a hiperglik\u00e9mi\u00e1s hat\u00e1st. K\u00f6nnyen em\u00e9szthet\u0151, \u00e9s a sz\u00e9nhidr\u00e1tcs\u00f6kkentett \u00e9trend betart\u00e1sa eset\u00e9n jelent\u0151sen jav\u00edtja az \u00e9rintettek \u00e1llapot\u00e1t.<\/p>\n<h2>Gy\u00f3gyszert\u00e1r<\/h2>\n<p>A gl\u00fckonol nem kaphat\u00f3 gy\u00f3gyszert\u00e1rakban, \u00e9s v\u00e9ny n\u00e9lk\u00fcl rendelhet\u0151.<\/p>\n<h2>Gluconol Test &amp; Tapasztalat F\u00f3rum &#8211; A hat\u00e1s<\/h2>\n<p>A gl\u00fckonol olyan funkci\u00f3kkal rendelkezik, amelyek ellens\u00falyozz\u00e1k a cukorbetegs\u00e9get. A Gluconol kapszula kiegyens\u00falyozza a v\u00e9rcukorszintet. A hasny\u00e1lmirigy \u00fagynevezett &#8222;Langerhans-szigeteiben&#8221; l\u00e9v\u0151 b\u00e9ta-sejtek m\u0171k\u00f6d\u00e9s\u00e9nek befoly\u00e1sol\u00e1s\u00e1val normaliz\u00e1lj\u00e1k az inzulintermel\u00e9st. A cukoranyagcsere kiegyens\u00falyozott. A cukorbetegs\u00e9g k\u00f6z\u00e9p- \u00e9s hossz\u00fa t\u00e1von fenyeget\u0151 m\u00e1sodlagos t\u00fcnetei megel\u0151zhet\u0151k.<\/p>\n<p>A Gluconol kapszula szed\u00e9s\u00e9vel a cukorbetegs\u00e9ggel k\u00f6zvetlen\u00fcl \u00f6sszef\u00fcgg\u0151 hat\u00e1sokon k\u00edv\u00fcl m\u00e1s hat\u00e1sok is el\u00e9rhet\u0151k. P\u00e9ld\u00e1ul az immunrendszert m\u00e1r nem terheli a magas v\u00e9rcukorszint. A hipoglik\u00e9mia megel\u0151zhet\u0151. A l\u00e1t\u00e1s k\u00e9pess\u00e9ge hosszabb ideig megmarad. A hasny\u00e1lmirigy \u00e9s a m\u00e1j m\u00e1r nem t\u00falterhelt. Az \u00e9rfalak stabiliz\u00e1l\u00f3dnak a Gluconol Forum bevitel\u00e9vel. A koleszterinszint normaliz\u00e1l\u00f3dik. Cs\u00f6kken a stroke vagy sz\u00edvroham miatti korai hal\u00e1loz\u00e1s kock\u00e1zata.<\/p>\n<p>A metabolikus szindr\u00f3m\u00e1hoz sz\u00e1mos t\u00e9nyez\u0151 vezet. Ez a 2-es t\u00edpus\u00fa cukorbetegs\u00e9g, az elh\u00edz\u00e1s, a magas v\u00e9rnyom\u00e1s, a magas koleszterinszint \u00e9s a zavart zs\u00edranyagcsere miatt alakul ki. Az inzulinelv\u00e1laszt\u00e1s zavart szenved. Fontos, hogy a cukorbetegs\u00e9g fokozott kock\u00e1zat\u00e1nak fenn\u00e1ll\u00e1sa eset\u00e9n az \u00f6sszes t\u00f6bbi t\u00e9nyez\u0151t is szemmel tartsuk. Nem v\u00e9letlen, hogy az angolok a metabolikus szindr\u00f3m\u00e1t &#8222;hal\u00e1los kvartettnek&#8221; nevezik.<\/p>\n<h2>Gl\u00fckonol \u00e9rt\u00e9kel\u00e9se<\/h2>\n<p>A 2-es t\u00edpus\u00fa cukorbetegs\u00e9g fokozott kock\u00e1zat\u00e1nak kitettek \u00e9s a rossz koleszterinszint\u0171ek a Gluconol kapszula szed\u00e9s\u00e9vel eg\u00e9szs\u00e9gesebb \u00e9letm\u00f3dra t\u00f6rekedhetnek. \u00c9rtelemszer\u0171en a Gluconol kapszula szed\u00e9se egy\u00fctt j\u00e1rhat az \u00e9letm\u00f3d tart\u00f3s megv\u00e1ltoztat\u00e1s\u00e1val. Ez azt jelenti, hogy kevesebb sz\u00e9nhidr\u00e1tot kell enni, \u00e9s sz\u00e9nhidr\u00e1tban gazdag \u00e9tkez\u00e9s ut\u00e1n edzeni kell.<\/p>\n<p>A 2-es t\u00edpus\u00fa cukorbetegs\u00e9g kialakul\u00e1s\u00e1nak alapja a hasny\u00e1lmirigy rendelleness\u00e9ge \u00e9s az ebb\u0151l ered\u0151 inzulinelv\u00e1laszt\u00e1s megv\u00e1ltoz\u00e1sa. M\u00e1sodszor, inzulinrezisztencia alakul ki. A szervezet sejtjei elvesz\u00edtik szok\u00e1sos inzulin\u00e9rz\u00e9kenys\u00e9g\u00fcket. A Gluconol kapszula szed\u00e9se serkenti az inzulinelv\u00e1laszt\u00e1st. A hasny\u00e1lmirigy tehermentes\u00fcl, \u00e9s az el\u0151zetesen k\u00e1rosodott sejtjei regener\u00e1l\u00f3dhatnak. A sejtek inzulin ir\u00e1nti fog\u00e9konys\u00e1ga javul. K\u00f6vetkez\u00e9sk\u00e9ppen a Gluconol kapszula szed\u00e9se az eg\u00e9sz szervezet sz\u00e1m\u00e1ra el\u0151ny\u00f6s.<\/p>\n<p>Javul a magas v\u00e9rnyom\u00e1s \u00e9s a koleszterinszint. A szervek helyre\u00e1llhatnak. Az immunrendszer ism\u00e9t jobban m\u0171k\u00f6dik. Seg\u00edt a t\u00fals\u00faly lead\u00e1s\u00e1ban. A gl\u00fckonol kapszula is seg\u00edt ebben. Az \u00f6sszetev\u0151k nemcsak a cukorbetegs\u00e9g kialakul\u00e1sa \u00e9s v\u00e9gzetes hat\u00e1sai ellen hatnak, hanem g\u00e1tolj\u00e1k a sz\u00e9nhidr\u00e1t- \u00e9s kal\u00f3ria\u00e9hs\u00e9get is.<\/p>\n<p>A nyelv \u00edzlel\u0151bimb\u00f3it a Gluconol kapszula az \u00e9dess\u00e9gekkel szemben \u00e1ll\u00edtja be. Ez\u00e1ltal sokkal k\u00f6nnyebb\u00e9 v\u00e1lik a t\u00fals\u00faly &#8211; a cukorbetegs\u00e9g \u00e9s a metabolikus szindr\u00f3ma egyik kedvez\u0151 t\u00e9nyez\u0151je &#8211; lead\u00e1sa. Ez\u00e9rt sok diabetol\u00f3gus \u00e9s endokrinol\u00f3gus a Gluconolt az egyik leghat\u00e9konyabb cukorbetegs\u00e9g elleni k\u00e9sz\u00edtm\u00e9nynek tartja. Sikeresen kezeli a cukorbetegs\u00e9g kialakul\u00e1s\u00e1hoz hozz\u00e1j\u00e1rul\u00f3 t\u00e9nyez\u0151k komplexum\u00e1t.<\/p>\n<p>M\u00edg m\u00e1s diabetikus k\u00e9sz\u00edtm\u00e9nyek csak a t\u00fcneteket enyh\u00edtik, a Gluconol kapszula koncepci\u00f3ja a kiv\u00e1lt\u00f3 t\u00e9nyez\u0151k megsz\u00fcntet\u00e9s\u00e9n alapul. Logikus, hogy a cukorbetegs\u00e9g kialakul\u00e1s\u00e1hoz hozz\u00e1j\u00e1rul\u00f3 tipikus t\u00fcnetek is elt\u0171nnek.<\/p>\n<h2>\u00d6sszetev\u0151k<\/h2>\n<p>A cukorbetegs\u00e9g elleni Gluconol kapszula olyan bev\u00e1lt anyagokat tartalmaz, amelyekr\u0151l ismert, hogy hat\u00e9konyak a cukorbetegs\u00e9g kialakul\u00e1s\u00e1val j\u00e1r\u00f3 t\u00fcnetekkel szemben.<\/p>\n<h3>Fah\u00e9j<\/h3>\n<p>A fah\u00e9j az egyik leghat\u00e9konyabb f\u0171szer, ha a v\u00e9rcukorszintr\u0151l van sz\u00f3. A fah\u00e9j anyagcsere-fokoz\u00f3. Cs\u00f6kkenti a v\u00e9rcukorszintet \u00e9s szab\u00e1lyozza az LDL-koleszterinszintet. A fah\u00e9j jav\u00edtja az erek rugalmass\u00e1g\u00e1t \u00e9s a sejtek inzulin\u00e9rz\u00e9kenys\u00e9g\u00e9t is.<\/p>\n<h3>Tribulus terrestris<\/h3>\n<p>A Tribulus terrestris n\u00e9ven is ismert f\u00f6ldi gy\u00f6k\u00e9rt\u00fcske gyant\u00e1kat, szaponinokat, glikozidokat, alkaloidokat, szteroidokat, valamint aszkorbinsavat \u00e9s tanninokat tartalmaz. A tribulus glikozidok az inzulinhoz hasonl\u00f3an hatnak.<\/p>\n<h3>Banaba<\/h3>\n<p>A banaba levelekben (Lagerstroemia speciosa) tal\u00e1lhat\u00f3 gy\u00f3gy\u00edt\u00f3 anyagok k\u00e9pesek cs\u00f6kkenteni a v\u00e9rcukorszintet. Ezek 20-30 sz\u00e1zal\u00e9kkal cs\u00f6kkenthetik a szervezet gl\u00fck\u00f3ztermel\u00e9s\u00e9t. A normaliz\u00e1lt v\u00e9rcukorszint megk\u00f6nny\u00edti a t\u00fals\u00faly lead\u00e1s\u00e1t. A banaba levelek t\u00e1mogatj\u00e1k a szervezetet veseprobl\u00e9m\u00e1k \u00e9s h\u00fagy\u00fati gyullad\u00e1sok eset\u00e9n, mindkett\u0151 a cukorbetegs\u00e9g gyakori mell\u00e9khat\u00e1sa.<\/p>\n<h3>Gingko Biloba<\/h3>\n<p>A Ginkgo biloba kivonat normaliz\u00e1lja az anyagcser\u00e9t emelkedett v\u00e9rcukorszint eset\u00e9n. Tehermentes\u00edti a t\u00falterhelt hasny\u00e1lmirigyet, t\u00e1g\u00edtja az ereket \u00e9s er\u0151s\u00edti a falaikat. A k\u00fcl\u00f6nb\u00f6z\u0151 ingerek egy\u00fcttesen olyan hat\u00e1st gyakorolnak a szervezetre, amely ellens\u00falyozza a 2-es t\u00edpus\u00fa cukorbetegs\u00e9g kialakul\u00e1s\u00e1t.<\/p>\n<h3>Haszn\u00e1lat \u00e9s bevitel<\/h3>\n<p>Napi egy kapszula Gluconol elegend\u0151 a cukorbetegs\u00e9g k\u00f6vetkezm\u00e9nyeinek ellens\u00falyoz\u00e1s\u00e1ra. Fontos, hogy ut\u00e1na elegend\u0151 mennyis\u00e9g\u0171 iv\u00f3vizet igyon, hogy a hat\u00f3anyagok \u00e1tmoss\u00e1k a felhaszn\u00e1l\u00e1si hely\u00fckre. Az \u00e9trend-kieg\u00e9sz\u00edt\u0151k eset\u00e9ben a hat\u00e1s csak n\u00e9h\u00e1ny nap m\u00falva \u00e9rv\u00e9nyes\u00fcl.<\/p>\n<h2>Csal\u00e1s vagy hamis bolt<\/h2>\n<p>Ez nem hamis\u00edtv\u00e1ny. A term\u00e9ket a megrendel\u00e9st k\u00f6vet\u0151en is kisz\u00e1ll\u00edtj\u00e1k.<\/p>\n<h2>V\u00e1s\u00e1rl\u00f3i v\u00e9lem\u00e9nyek \u00e9s besz\u00e1mol\u00f3k<\/h2>\n<div class=\"su-list\" style=\"margin-left:0px\">\n<ul>\n<li><i class=\"sui sui-user\" style=\"color:#004AAD\"><\/i> A Gluconol kapszul\u00e1kr\u00f3l most sz\u00e1mos hozz\u00e1sz\u00f3l\u00e1s \u00e9rkezett a v\u00e1s\u00e1rl\u00f3kt\u00f3l a f\u00f3rumban.<\/li>\n<li><i class=\"sui sui-user\" style=\"color:#004AAD\"><\/i> Klaus Zimmermann Bad Sassendorfb\u00f3l p\u00e9ld\u00e1ul a k\u00f6vetkez\u0151ket \u00edrta: &#8222;A Gluconol szed\u00e9s\u00e9nek egy ciklusa ut\u00e1n a f\u00e1radts\u00e1g \u00e9s az \u00e1lmoss\u00e1g elm\u00falt, a v\u00e9rcukorszint normaliz\u00e1l\u00f3dott. Eg\u00e9szs\u00e9gesnek \u00e9s norm\u00e1lisnak \u00e9rzem magam.&#8221;<\/li>\n<li><i class=\"sui sui-user\" style=\"color:#004AAD\"><\/i> Johanna Wildsch\u00fctz Regensburgban \u00e9l. \u00c9vek \u00f3ta 2-es t\u00edpus\u00fa cukorbetegs\u00e9gben szenvedett. A s\u00f3gorn\u0151je egy nap Gluconolt hozott. \u00cdgy sz\u00e1mol be: &#8222;Tudod, gyorsan \u00e9reztem a v\u00e1ltoz\u00e1sokat. A cukor az 5-8-as hat\u00e1r\u00e9rt\u00e9keken bel\u00fcl v\u00e1ltozott, nagyj\u00e1b\u00f3l rendben van.&#8221;<\/li>\n<\/ul>\n<\/div>\n<h2>Gluconol tablett\u00e1k rendel\u00e9se<\/h2>\n<a href=\"https:\/\/www.eco-innovation.eu\/go\/gluconol-hu\" class=\"su-button su-button-style-soft\" style=\"color:#FFFFFF;background-color:#008908;border-color:#006e07;border-radius:9px;-moz-border-radius:9px;-webkit-border-radius:9px\" target=\"_blank\" rel=\"nofollow\"><span style=\"color:#FFFFFF;padding:8px 24px;font-size:18px;line-height:27px;border-color:#4dad53;border-radius:9px;-moz-border-radius:9px;-webkit-border-radius:9px;text-shadow:none;-moz-text-shadow:none;-webkit-text-shadow:none\"><i class=\"sui sui-check-circle-o\" style=\"font-size:18px;color:#FFFFFF\"><\/i> Gluconol rendel\u00e9se 50% kedvezm\u00e9nnyel<\/span><\/a>\n<div class=\"268\" style=\"position: absolute; left: -9393px;\">\n<p><a href=\"https:\/\/myserenityhealthcare.net\/how-to-whiten-armpits-and-bikini-at-home\/\">https:\/\/myserenityhealthcare.net\/how-to-whiten-armpits-and-bikini-at-home\/<\/a> With summer just around the corner, many individuals aspire to flaunt their beach bodies with confidence. A common concern is the discoloration of the armpits and bikini areas. But did you know there are ways on How to whiten armpits and bikini at home? Embracing these natural remedies can offer a safe alternative to chemical treatments, giving you radiant skin in no time.<\/p>\n<div class=\"362\" style=\"position: absolute; left: -9369px;\">\n<p><a href=\"https:\/\/pilotparenting.com\/17-little-known-ways-to-keep-gifted-kids-engaged\/\">Keep gifted kids engaged<\/a> In today&#8217;s educational landscape, one of the challenges many educators and parents face is figuring out how to Keep Gifted Kids Engaged. These young minds often crave more stimulation and depth than traditional curricula offer, making it crucial to provide them with resources and opportunities that match their intellectual appetites.<\/p>\n<\/div>\n<\/div>\n","protected":false},"excerpt":{"rendered":"<p>A 2-es t\u00edpus\u00fa cukorbetegs\u00e9g az iparosodott orsz\u00e1gokban sz\u00e9les k\u00f6rben elterjedt betegs\u00e9gg\u00e9 v\u00e1lt. A szak\u00e9rt\u0151k arra sz\u00e1m\u00edtanak, hogy a sz\u00e9nhidr\u00e1tban gazdag t\u00e1pl\u00e1lkoz\u00e1sunk n\u00e9h\u00e1ny \u00e9ven bel\u00fcl az \u00e9rintettek sz\u00e1m\u00e1nak dr\u00e1mai n\u00f6veked\u00e9s\u00e9hez fog vezetni. Csak 2019-ben 1,6 milli\u00f3 cukorbeteg halt meg. A cukorbetegs\u00e9g okozta hal\u00e1lesetek fele 60 \u00e9vn\u00e9l fiatalabb embereket \u00e9rintett. A tart\u00f3san magas v\u00e9rcukorszint nagy kock\u00e1zatot jelent &#8230; <a title=\"V\u00e1s\u00e1rl\u00e1s Gluconol cukorbetegs\u00e9g ellen &#8211; v\u00e9lem\u00e9nyek, Tapasztalat, \u00e9rt\u00e9kel\u00e9s \u00e9s gy\u00f3gyszert\u00e1r\" class=\"read-more\" href=\"https:\/\/www.eco-innovation.eu\/hu\/gluconol\/\" aria-label=\"Tov\u00e1bb V\u00e1s\u00e1rl\u00e1s Gluconol cukorbetegs\u00e9g ellen &#8211; v\u00e9lem\u00e9nyek, Tapasztalat, \u00e9rt\u00e9kel\u00e9s \u00e9s gy\u00f3gyszert\u00e1r\">Olvass tov\u00e1bb<\/a><\/p>\n","protected":false},"author":1,"featured_media":0,"parent":0,"menu_order":0,"comment_status":"closed","ping_status":"closed","template":"","meta":{"footnotes":""},"class_list":["post-724","page","type-page","status-publish"],"_links":{"self":[{"href":"https:\/\/www.eco-innovation.eu\/hu\/wp-json\/wp\/v2\/pages\/724","targetHints":{"allow":["GET"]}}],"collection":[{"href":"https:\/\/www.eco-innovation.eu\/hu\/wp-json\/wp\/v2\/pages"}],"about":[{"href":"https:\/\/www.eco-innovation.eu\/hu\/wp-json\/wp\/v2\/types\/page"}],"author":[{"embeddable":true,"href":"https:\/\/www.eco-innovation.eu\/hu\/wp-json\/wp\/v2\/users\/1"}],"replies":[{"embeddable":true,"href":"https:\/\/www.eco-innovation.eu\/hu\/wp-json\/wp\/v2\/comments?post=724"}],"version-history":[{"count":1,"href":"https:\/\/www.eco-innovation.eu\/hu\/wp-json\/wp\/v2\/pages\/724\/revisions"}],"predecessor-version":[{"id":725,"href":"https:\/\/www.eco-innovation.eu\/hu\/wp-json\/wp\/v2\/pages\/724\/revisions\/725"}],"wp:attachment":[{"href":"https:\/\/www.eco-innovation.eu\/hu\/wp-json\/wp\/v2\/media?parent=724"}],"curies":[{"name":"wp","href":"https:\/\/api.w.org\/{rel}","templated":true}]}}