{"id":1998,"date":"2023-02-18T18:07:26","date_gmt":"2023-02-18T18:07:26","guid":{"rendered":"https:\/\/www.eco-innovation.eu\/?page_id=1998"},"modified":"2023-02-18T18:07:46","modified_gmt":"2023-02-18T18:07:46","slug":"huusk","status":"publish","type":"page","link":"https:\/\/www.eco-innovation.eu\/hu\/huusk\/","title":{"rendered":"HUUSK Jap\u00e1n k\u00e9s &#8211; Tapasztalat, \u00e1r \u00e9s \u00e9rt\u00e9kel\u00e9s &#8211; Magyarorsz\u00e1g"},"content":{"rendered":"<p><strong>A Huusk konyhak\u00e9s egy sokoldal\u00faan haszn\u00e1lhat\u00f3 k\u00e9s Jap\u00e1nb\u00f3l. A penge kiv\u00e1l\u00f3 min\u0151s\u00e9g\u0171 rozsdamentes ac\u00e9lb\u00f3l k\u00e9sz\u00fclt, \u00e9s hossz\u00fa \u00e9lettartamot garant\u00e1l. Az ac\u00e9l rozsdamentes. Ezen k\u00edv\u00fcl a min\u0151s\u00e9gi k\u00e9s nagyon praktikus, enyh\u00e9n \u00edvelt t\u00f6lgyfa ny\u00e9llel rendelkezik. Kem\u00e9nyfa, s\u00f6t\u00e9tbarna \u00e1rnyalatban.<\/strong><\/p>\n<div class=\"sue-section\" data-url=\"\" data-target=\"blank\" style=\"margin:0px 0px 0px 0px;border-top:1px solid #cccccc;border-bottom:1px solid #cccccc\"><div class=\"sue-section-background\" style=\"background-color:#f8f8f8;background-position:left top;\"><\/div><div class=\"sue-section-content sue-content-wrap\" style=\"padding:30px 0px 30px 0px;max-width:960px;text-align:left;color:#333333;text-shadow:0px 1px 10px #ffffffff\">\n<h2>HUUSK k\u00e9s teszt<\/h2>\n<div class=\"su-list\" style=\"margin-left:0px\">\n<ul>\n<li><i class=\"sui sui-caret-right\" style=\"color:#113116\"><\/i> A hagyom\u00e1nyos jap\u00e1n kov\u00e1csol\u00e1s szerint k\u00e9sz\u00fclt<\/li>\n<li><i class=\"sui sui-caret-right\" style=\"color:#113116\"><\/i> Univerz\u00e1lis k\u00e9s a konyha minden feladat\u00e1hoz<\/li>\n<li><i class=\"sui sui-caret-right\" style=\"color:#113116\"><\/i> A Huusk nagyon j\u00f3l illeszkedik a k\u00e9zbe &#8211; Nagyon j\u00f3 ir\u00e1ny\u00edthat\u00f3s\u00e1g az \u00e9telek v\u00e1g\u00e1sakor<\/li>\n<li><i class=\"sui sui-caret-right\" style=\"color:#113116\"><\/i> Nagyon j\u00f3 min\u0151s\u00e9g.\u00a0 Els\u0151 oszt\u00e1ly\u00fa anyagok haszn\u00e1lata<\/li>\n<li><i class=\"sui sui-caret-right\" style=\"color:#113116\"><\/i> K\u00e9zzel k\u00e9sz\u00edtett, szigor\u00fa min\u0151s\u00e9gellen\u0151rz\u00e9ssel<\/li>\n<li><i class=\"sui sui-caret-right\" style=\"color:#113116\"><\/i> Nagyon pozit\u00edv v\u00e9lem\u00e9nyek a f\u0151z\u00e9si f\u00f3rumokon \u00e9s a szak\u00e1csokt\u00f3l az Instagramon \u00e9s a Youtube-on<\/li>\n<\/ul>\n<\/div>\n<h2>Min\u0151s\u00edt\u00e9s<\/h2>\n<p style=\"text-align: centre;\"><big><strong>\u2b50\u2b50\u2b50\u2b50\u2b50 (4,9 az 5 csillagb\u00f3l &#8211; <span style=\"color: #008000;\">EXCELLENT<\/span><\/strong><\/big>)<\/p>\n<h2>V\u00e1s\u00e1roljon Huusk k\u00e9seket<\/h2>\n<div class=\"su-button-center\"><a href=\"https:\/\/www.eco-innovation.eu\/go\/huusk-hu\" class=\"su-button su-button-style-soft\" style=\"color:#FFFFFF;background-color:#fb5a00;border-color:#c94800;border-radius:9px;-moz-border-radius:9px;-webkit-border-radius:9px\" target=\"_blank\" rel=\"nofollow\"><span style=\"color:#FFFFFF;padding:8px 24px;font-size:18px;line-height:27px;border-color:#fd8c4d;border-radius:9px;-moz-border-radius:9px;-webkit-border-radius:9px;text-shadow:none;-moz-text-shadow:none;-webkit-text-shadow:none\"><i class=\"sui sui-check-circle\" style=\"font-size:18px;color:#FFFFFF\"><\/i> HUUSK k\u00e9sek rendel\u00e9se k\u00f6zvetlen\u00fcl a gy\u00e1rt\u00f3t\u00f3l (\u00e1rcs\u00f6kkent\u00e9s)<\/span><\/a><\/div>\n<\/div><\/div>\n<p>&nbsp;<\/p>\n\n<h2>Huusk konyhak\u00e9sek \u00e9rt\u00e9kel\u00e9se \u00e9s tapasztalatai<\/h2>\n<p>A pr\u00e9mium min\u0151s\u00e9g\u0171 anyag kellemesen fekszik a k\u00e9zben, biztons\u00e1gosan fog, \u00e9s t\u00f6k\u00e9letes fog\u00e1st biztos\u00edt. A k\u00e9snek fekete kalap\u00e1lt peng\u00e9je van, ez\u00fcst v\u00e1g\u00f3fel\u00fclettel. A k\u00e9s peng\u00e9je hegyben v\u00e9gz\u0151dik. A Huusk m\u00e1rka a k\u00e9seket az \u00e9vsz\u00e1zados jap\u00e1n kov\u00e1csmesters\u00e9g \u00e1ltal inspir\u00e1lt technik\u00e1kkal k\u00e9sz\u00edti.<\/p>\n<h3>Gy\u00e1rt\u00e1s<\/h3>\n<p>A gy\u00e1rt\u00e1si folyamat 138 l\u00e9p\u00e9sb\u0151l \u00e1ll, \u00e9s mag\u00e1ban foglalja a gondosan kivitelezett gy\u00e1rt\u00e1si l\u00e9p\u00e9seket, valamint a kiterjedt anyag- \u00e9s term\u00e9ktesztel\u00e9st. A Huusk m\u00e1rka a kiv\u00e1l\u00f3 min\u0151s\u00e9g\u0171 \u00e1rukat k\u00e9pviseli, \u00e9s az id\u0151t\u00e1ll\u00f3 technik\u00e1kra t\u00e1maszkodik, a legmodernebb gy\u00e1rt\u00e1si m\u00f3dszerekkel kombin\u00e1lva. A k\u00e9s a f\u0151z\u00e9s m\u0171v\u00e9szete ir\u00e1nti szenved\u00e9lyt szimboliz\u00e1lja, \u00e9s erre a c\u00e9lra lett tervezve. A term\u00e9k c\u00e9lja, hogy forradalmas\u00edtsa a piacot, mint egy k\u00fcl\u00f6nleges peng\u00e9j\u0171, speci\u00e1lis konyhak\u00e9s.<\/p>\n<p><a href=\"https:\/\/www.eco-innovation.eu\/go\/huusk-hu\" target=\"_blank\" rel=\"nofollow noopener\"><img loading=\"lazy\" decoding=\"async\" class=\"aligncenter size-full wp-image-1320\" src=\"https:\/\/www.eco-innovation.eu\/wp-content\/uploads\/2022\/10\/huusk.jpg\" alt=\"Huusk\" width=\"600\" height=\"423\" srcset=\"https:\/\/www.eco-innovation.eu\/wp-content\/uploads\/2022\/10\/huusk.jpg 600w, https:\/\/www.eco-innovation.eu\/wp-content\/uploads\/2022\/10\/huusk-300x212.jpg 300w\" sizes=\"auto, (max-width: 600px) 100vw, 600px\" \/><\/a><\/p>\n<p>&nbsp;<\/p>\n<a href=\"https:\/\/www.eco-innovation.eu\/go\/huusk-hu\" class=\"su-button su-button-style-soft\" style=\"color:#FFFFFF;background-color:#fb5a00;border-color:#c94800;border-radius:9px;-moz-border-radius:9px;-webkit-border-radius:9px\" target=\"_blank\" rel=\"nofollow\"><span style=\"color:#FFFFFF;padding:8px 24px;font-size:18px;line-height:27px;border-color:#fd8c4d;border-radius:9px;-moz-border-radius:9px;-webkit-border-radius:9px;text-shadow:none;-moz-text-shadow:none;-webkit-text-shadow:none\"><i class=\"sui sui-check-circle\" style=\"font-size:18px;color:#FFFFFF\"><\/i> HUUSK k\u00e9s rendel\u00e9se k\u00f6zvetlen\u00fcl a gy\u00e1rt\u00f3t\u00f3l (\u00e1rcs\u00f6kkent\u00e9s)<\/span><\/a>\n<p>&nbsp;<\/p>\n<h3>S\u00faly \u00e9s m\u00e9retek<\/h3>\n<p>A k\u00e9s s\u00falya k\u00f6r\u00fclbel\u00fcl 252 gramm, hossza pedig k\u00f6r\u00fclbel\u00fcl 28 centim\u00e9ter. A penge hossza 15,5 centim\u00e9ter, a penge h\u00e1tulj\u00e1n\u00e1l pedig maximum 5 millim\u00e9ter vastag. A markolat vastags\u00e1ga 27 millim\u00e9ter, \u00e9s a markolat kiv\u00e1l\u00f3 min\u0151s\u00e9g\u0171 t\u00f6lgyf\u00e1b\u00f3l van szegecselve. A Huusk k\u00e9s markolata k\u00fap alak\u00fa, \u00e9s t\u00f6k\u00e9letesen illeszkedik a k\u00e9zbe. A penge kem\u00e9nys\u00e9ge 58-60 HRC (Rockwell-kem\u00e9nys\u00e9g).<\/p>\n<h3>\u00c9less\u00e9g \u00e9s anyag<\/h3>\n<p>Egy \u00e1tlagos konyhak\u00e9s \u00e9less\u00e9ge 53 \u00e9s 57 HRC k\u00f6z\u00f6tti \u00e9rt\u00e9kkel rendelkezik. A 60 HRC \u00e9rt\u00e9kt\u0151l a pengeac\u00e9l magasabb kateg\u00f3ri\u00e1ba tartozik. A penge \u00edgy k\u00fcl\u00f6n\u00f6sen kem\u00e9ny \u00e9lt \u00e9s hossz\u00fa v\u00e1g\u00e1si tart\u00f3ss\u00e1got \u00edg\u00e9r.<\/p>\n<h3>Huusk k\u00e9s\u00e9lez\u00e9s<\/h3>\n<p>Egy ilyen Rockwell-kem\u00e9nys\u00e9g\u0171 k\u00e9st gy\u00e9m\u00e1ntcsiszol\u00e1s\u00fa k\u00f6sz\u00f6r\u0171k\u0151vel lehet \u00e9lezni. A k\u00e9s el\u0151ny\u00f6s tulajdons\u00e1gai miatt ritk\u00e1n van sz\u00fcks\u00e9g \u00e9lez\u00e9sre \u00e9s csiszol\u00e1sra. A penge anyaga er\u0151sen csiszolt 5Cr15 ac\u00e9l, amely ide\u00e1lis a konyhai k\u00e9sk\u00e9sz\u00edt\u00e9shez.<\/p>\n<h3>Santoku penge<\/h3>\n<p>A Jap\u00e1nban az univerz\u00e1lis konyhak\u00e9sek peng\u00e9j\u00e9nek form\u00e1j\u00e1t santokunak, a h\u00e1rom er\u00e9ny k\u00e9s\u00e9nek nevezik. A h\u00e1rom er\u00e9ny a h\u00fas, a hal \u00e9s a z\u00f6lds\u00e9g \u00e9lelmiszer-kateg\u00f3ri\u00e1kat jelenti. Ennek a konyhak\u00e9st\u00edpusnak a k\u00fcl\u00f6nleges fegyelme a legfinomabb cs\u00edkok gyors v\u00e1g\u00e1sa. A penge ac\u00e9lj\u00e1t t\u00f6bbsz\u00f6r hajtogatj\u00e1k, hogy k\u00fcl\u00f6nleges kem\u00e9nys\u00e9get, robusztuss\u00e1got \u00e9s t\u00f6r\u00e9s\u00e1ll\u00f3s\u00e1got biztos\u00edtsanak. A santoku k\u00e9sek anyaga \u00e1ltal\u00e1ban damaszkuszi ac\u00e9l, amely rugalmass\u00e1g\u00e1r\u00f3l \u00e9s \u00e9ltart\u00f3 k\u00e9pess\u00e9g\u00e9r\u0151l ismert.<\/p>\n<h2>Huusk jap\u00e1n konyhak\u00e9s teszt<\/h2>\n<p>A konyhak\u00e9s t\u00f6bb szempontb\u00f3l is teljesen egyedi. Egyed\u00fcl\u00e1ll\u00f3 egyens\u00falya \u00e9s ir\u00e1ny\u00edthat\u00f3s\u00e1ga jellemzi. A penge \u00e9s a markolat tal\u00e1lkoz\u00e1s\u00e1n\u00e1l prec\u00edzi\u00f3san kiv\u00e1gott lyuk van, amelyet l\u00e9zerrel hoztak l\u00e9tre. Ez a mutat\u00f3ujj sz\u00e1m\u00e1ra van kialak\u00edtva, \u00e9s k\u00fcl\u00f6n\u00f6sen j\u00f3 ir\u00e1ny\u00edt\u00e1st tesz lehet\u0151v\u00e9. Ezenk\u00edv\u00fcl a penge k\u00fcl\u00f6n\u00f6sen \u00e9les, ez\u00e9rt sokoldal\u00faan haszn\u00e1lhat\u00f3 a konyh\u00e1ban.<\/p>\n<p>A hagyom\u00e1nyos konyhak\u00e9sek n\u00e9ha \u00e9lesek, de hajlamosabbak a rozsd\u00e1ra vagy a forg\u00e1csol\u00e1sra, \u00e9s k\u00f6nnyebben t\u00f6rnek. A Huusk m\u00e1rk\u00e1nak siker\u00fclt az \u00e9less\u00e9get \u00e9s a robusztuss\u00e1got egy k\u00e9sben egyes\u00edteni. Egy eredeti Santokunak egyes\u00edtenie kell ezeket az \u00e9rt\u00e9keket, bele\u00e9rtve a k\u00e9nyelmet is, \u00e9s optim\u00e1lis v\u00e1g\u00e1si eredm\u00e9nyeket kell biztos\u00edtania a konyh\u00e1ban val\u00f3 haszn\u00e1lat sor\u00e1n. A penge hangs\u00falyos \u00edves form\u00e1ja \u00e9s a t\u00f6lgyf\u00e1b\u00f3l k\u00e9sz\u00fclt markolat, amely a k\u00e9s felf\u00fcggeszt\u0151 hurkot is mag\u00e1ban foglalja, k\u00fcl\u00f6n\u00f6sen felt\u0171n\u0151.<\/p>\n<p>A markolat nyitott p\u00f3rus\u00fa olajozott, ami a t\u00f6lgyf\u00e1nak sz\u00e9p \u00e1rnyalatot k\u00f6lcs\u00f6n\u00f6z. A penge h\u00e1tulja \u00e9s a boler\u00f3 viszonylag sz\u00e9les \u00e9s j\u00f3l kidolgozott. Az ujjak optim\u00e1lis \u00e9rintkez\u00e9si fel\u00fclettel rendelkeznek, \u00e9s a k\u00e9s t\u00f6k\u00e9letesen illeszkedik a k\u00e9zbe. Ezenk\u00edv\u00fcl a k\u00e9s gy\u00f6ny\u00f6r\u0171 megjelen\u00e9s\u0171, \u00e9s robusztus, valamint hib\u00e1tlan benyom\u00e1st kelt. A term\u00e9k a min\u0151s\u00e9g\u00e9r\u0151l ismert, \u00e9s N\u00e9metorsz\u00e1gban megfizethet\u0151 \u00e1ron kaphat\u00f3, k\u00fcl\u00f6n\u00f6sen, ha a k\u00e9st k\u00e9szletben v\u00e1s\u00e1rolj\u00e1k meg.<\/p>\n<h2>Mire lehet haszn\u00e1lni?<\/h2>\n<div class=\"su-list\" style=\"margin-left:0px\">\n<ul>\n<li><i class=\"sui sui-caret-right\" style=\"color:#113116\"><\/i> A konyhak\u00e9s alapvet\u0151en <strong>konyhai haszn\u00e1latra<\/strong> szolg\u00e1l, \u00e9s a hagyom\u00e1nyos santoku k\u00e9pvisel\u0151j\u00e9nek tekinthet\u0151. Els\u0151sorban az amat\u0151r szak\u00e1csok \u00e9s a jap\u00e1n konyha rajong\u00f3i k\u00f6r\u00e9ben n\u00e9pszer\u0171. A penge b\u00e1rmilyen t\u00edpus\u00fa \u00e9telt megb\u00edzhat\u00f3an \u00e9s neh\u00e9zs\u00e9g n\u00e9lk\u00fcl apr\u00edt.<\/li>\n<li><i class=\"sui sui-caret-right\" style=\"color:#113116\"><\/i> A k\u00e9s neh\u00e9z \u00e9s \u00e9les peng\u00e9je t\u00f6k\u00e9letesen alkalmas <strong>f\u0171szern\u00f6v\u00e9nyek <strong>apr\u00edt\u00e1s\u00e1ra<\/strong>. A hagyma is gyorsan \u00e9s hat\u00e9konyan apr\u00edthat\u00f3. Ak\u00e1r paradicsomot, paprik\u00e1t vagy s\u00e1rgar\u00e9p\u00e1t szeretne apr\u00edtani, a k\u00e9s \u00e9le miatt k\u00e9pes ostyav\u00e9kony cs\u00edkokat v\u00e1gni.<\/strong><\/li>\n<li><i class=\"sui sui-caret-right\" style=\"color:#113116\"><\/i> A Huusk k\u00e9s abszol\u00fat <strong>mindenes<\/strong> a k\u00fcl\u00f6nb\u00f6z\u0151 k\u00e9st\u00edpusok k\u00f6z\u00f6tt. Haszn\u00e1lhat\u00f3 a konyh\u00e1ban, a kertben vagy ak\u00e1r a szabadban is gy\u00fcm\u00f6lcs\u00f6k vagy z\u00f6lds\u00e9gek v\u00e1g\u00e1s\u00e1ra. A k\u00e9ssel gond n\u00e9lk\u00fcl lehet halat \u00e9s h\u00fasterm\u00e9keket v\u00e1gni.<\/li>\n<li><i class=\"sui sui-caret-right\" style=\"color:#113116\"><\/i> Az <strong>steak k\u00e9sk\u00e9nt<\/strong> is haszn\u00e1lhat\u00f3, \u00e9s k\u00f6zvetlen\u00fcl az asztaln\u00e1l is j\u00f3 benyom\u00e1st kelt. A steakek kedvel\u0151i sz\u00e1m\u00e1ra a term\u00e9k hasznos \u00e9s praktikus eszk\u00f6z a konyh\u00e1ban. A penge vastags\u00e1g\u00e1nak \u00e9s stabilit\u00e1s\u00e1nak k\u00f6sz\u00f6nhet\u0151en a Huusk k\u00e9s optim\u00e1lisan alkalmas a kicsontoz\u00e1sra.<\/li>\n<li><i class=\"sui sui-caret-right\" style=\"color:#113116\"><\/i> A <strong>k\u00fclt\u00e9ri szektorban<\/strong> a k\u00e9s rugalmasan haszn\u00e1lhat\u00f3 a term\u00e9szetben vagy az erd\u0151ben. K\u00fcl\u00f6n\u00f6sen kempingez\u00e9skor \u00e9rt\u00e9kes \u00e9s n\u00e9pszer\u0171 eszk\u00f6z. A penge robusztuss\u00e1ga a k\u00e9st praktikuss\u00e1 \u00e9s sokoldal\u00fav\u00e1 teszi a k\u00fclt\u00e9ri haszn\u00e1latban. Felt\u0171n\u0151 megjelen\u00e9se gyakori besz\u00e9dt\u00e9ma a bar\u00e1tok k\u00f6z\u00f6tt, amikor el\u0151veszik.<\/li>\n<\/ul>\n<\/div>\n<p>&nbsp;<\/p>\n<h2>Huusk v\u00e1s\u00e1rl\u00f3i besz\u00e1mol\u00f3k \u00e9s v\u00e9lem\u00e9nyek a f\u00f3rumban<\/h2>\n<div class=\"su-list\" style=\"margin-left:0px\">\n<ul>\n<li><i class=\"sui sui-user\" style=\"color:#113116\"><\/i> A v\u00e1s\u00e1rl\u00f3k pozit\u00edv tapasztalatokr\u00f3l sz\u00e1molnak be a term\u00e9kkel kapcsolatban. A k\u00e9s eleve nagyon \u00e9les, \u00e9s sz\u00fcks\u00e9g eset\u00e9n k\u00f6nnyen \u00fajra\u00e9lezhet\u0151. A min\u0151s\u00e9g \u00e9s a kivitelez\u00e9s kifog\u00e1stalan. A rusztikus k\u00e9s \u00e1r-\u00e9rt\u00e9k ar\u00e1ny\u00e1t tekintve meggy\u0151z\u0151. A term\u00e9k \u00e1rai 2, 3 vagy 4 darabos k\u00e9szletben cs\u00e1b\u00edt\u00f3ak \u00e9s kiv\u00e1l\u00f3ak a k\u00edn\u00e1lt min\u0151s\u00e9ghez k\u00e9pest. A megjelen\u00e9s meggy\u0151z\u0151, a k\u00e9zzel kov\u00e1csolt jap\u00e1n konyhak\u00e9sek eredeti \u00e9s jellegzetes megjelen\u00e9s\u00e9vel.<\/li>\n<li><i class=\"sui sui-user\" style=\"color:#113116\"><\/i> Ezeken t\u00falmen\u0151en a markolat ergon\u00f3mi\u00e1j\u00e1t sz\u00e9les k\u00f6rben dics\u00e9rik, valamint azt, hogy a k\u00e9s mennyire kiegyens\u00falyozott. A markolat nagyon sima \u00e9s k\u00e9nyelmes \u00e9rz\u00e9s a k\u00e9zben. Egy tipp a f\u00e1b\u00f3l k\u00e9sz\u00fclt ny\u00e9l j\u00f3 megjelen\u00e9s\u00e9nek meg\u0151rz\u00e9s\u00e9hez, hogy rendszeresen d\u00f6rzs\u00f6lje be megfelel\u0151 olajjal. Tov\u00e1bb\u00e1, robusztuss\u00e1ga ellen\u00e9re a k\u00e9st \u00f3vatosan kell kezelni, hogy \u00e9les maradjon.<\/li>\n<li><i class=\"sui sui-user\" style=\"color:#113116\"><\/i> A k\u00e9s s\u00falya j\u00f3l fekszik a k\u00e9zben, \u00e9s hozz\u00e1j\u00e1rul a k\u00f6nny\u0171 kezelhet\u0151s\u00e9ghez, valamint a v\u00e1g\u00e1s k\u00f6zbeni kiv\u00e1l\u00f3 ir\u00e1ny\u00edthat\u00f3s\u00e1ghoz. A Huusk term\u00e9k \u00e9les \u00e9le a konyh\u00e1ban v\u00e9gzett minden feladatot megbirk\u00f3zik, \u00e9s hossz\u00fa ideig \u00e9les marad. Sok v\u00e1s\u00e1rl\u00f3 sz\u00e1m\u00e1ra ez a k\u00e9st v\u00e1lasztja minden konyhai v\u00e1g\u00e1shoz.<\/li>\n<li><i class=\"sui sui-user\" style=\"color:#113116\"><\/i> A magas min\u0151s\u00e9g mellett a fogyaszt\u00f3kat teljesen meggy\u0151zte a term\u00e9k teljes csomagol\u00e1sa. A klasszikus jap\u00e1n konyhak\u00e9s kin\u00e9zete egyediv\u00e9 teszi a term\u00e9ket. A Huusk k\u00e9s tart\u00f3s \u00e9s leny\u0171g\u00f6z\u0151en megmunk\u00e1lt.<\/li>\n<li><i class=\"sui sui-user\" style=\"color:#113116\"><\/i> A term\u00e9k megb\u00edzhat\u00f3 \u00e9s sokoldal\u00faan haszn\u00e1lhat\u00f3 a konyh\u00e1ban. T\u00f6k\u00e9letesen alkalmas z\u00f6lds\u00e9gek \u00e9s f\u0171szern\u00f6v\u00e9nyek apr\u00edt\u00e1s\u00e1ra. A k\u00e9s k\u00fcl\u00f6nleges alkalmakkor t\u00f6k\u00e9letes aj\u00e1nd\u00e9k a bar\u00e1toknak is. K\u00fcl\u00f6n\u00f6sen horg\u00e1szok, vad\u00e1szok vagy hobbiszak\u00e1csok sz\u00e1m\u00e1ra ide\u00e1lis aj\u00e1nd\u00e9k vagy aj\u00e1nd\u00e9kt\u00e1rgy. A k\u00e9s sz\u00e1ll\u00edt\u00e1sa a Huusk-t\u00f3l gyors \u00e9s megb\u00edzhat\u00f3. \u00d6sszess\u00e9g\u00e9ben a konyhak\u00e9st nagyon sok v\u00e1s\u00e1rl\u00f3 aj\u00e1nlja.<\/li>\n<\/ul>\n<\/div>\n<h2>V\u00e1s\u00e1rolja meg a Huusk k\u00e9st a legjobb \u00e1ron<\/h2>\n<a href=\"https:\/\/www.eco-innovation.eu\/go\/huusk-hu\" class=\"su-button su-button-style-soft\" style=\"color:#FFFFFF;background-color:#fb5a00;border-color:#c94800;border-radius:9px;-moz-border-radius:9px;-webkit-border-radius:9px\" target=\"_blank\" rel=\"nofollow\"><span style=\"color:#FFFFFF;padding:8px 24px;font-size:18px;line-height:27px;border-color:#fd8c4d;border-radius:9px;-moz-border-radius:9px;-webkit-border-radius:9px;text-shadow:none;-moz-text-shadow:none;-webkit-text-shadow:none\"><i class=\"sui sui-check-circle\" style=\"font-size:18px;color:#FFFFFF\"><\/i> HUUSK k\u00e9s rendel\u00e9se k\u00f6zvetlen\u00fcl a gy\u00e1rt\u00f3t\u00f3l (\u00e1rcs\u00f6kkent\u00e9s)<\/span><\/a>\n","protected":false},"excerpt":{"rendered":"<p>A Huusk konyhak\u00e9s egy sokoldal\u00faan haszn\u00e1lhat\u00f3 k\u00e9s Jap\u00e1nb\u00f3l. A penge kiv\u00e1l\u00f3 min\u0151s\u00e9g\u0171 rozsdamentes ac\u00e9lb\u00f3l k\u00e9sz\u00fclt, \u00e9s hossz\u00fa \u00e9lettartamot garant\u00e1l. Az ac\u00e9l rozsdamentes. Ezen k\u00edv\u00fcl a min\u0151s\u00e9gi k\u00e9s nagyon praktikus, enyh\u00e9n \u00edvelt t\u00f6lgyfa ny\u00e9llel rendelkezik. Kem\u00e9nyfa, s\u00f6t\u00e9tbarna \u00e1rnyalatban. &nbsp; Huusk konyhak\u00e9sek \u00e9rt\u00e9kel\u00e9se \u00e9s tapasztalatai A pr\u00e9mium min\u0151s\u00e9g\u0171 anyag kellemesen fekszik a k\u00e9zben, biztons\u00e1gosan fog, \u00e9s t\u00f6k\u00e9letes &#8230; <a title=\"HUUSK Jap\u00e1n k\u00e9s &#8211; Tapasztalat, \u00e1r \u00e9s \u00e9rt\u00e9kel\u00e9s &#8211; Magyarorsz\u00e1g\" class=\"read-more\" href=\"https:\/\/www.eco-innovation.eu\/hu\/huusk\/\" aria-label=\"Tov\u00e1bb HUUSK Jap\u00e1n k\u00e9s &#8211; Tapasztalat, \u00e1r \u00e9s \u00e9rt\u00e9kel\u00e9s &#8211; Magyarorsz\u00e1g\">Olvass tov\u00e1bb<\/a><\/p>\n","protected":false},"author":1,"featured_media":1388,"parent":0,"menu_order":0,"comment_status":"closed","ping_status":"closed","template":"","meta":{"footnotes":""},"class_list":["post-1998","page","type-page","status-publish","has-post-thumbnail"],"_links":{"self":[{"href":"https:\/\/www.eco-innovation.eu\/hu\/wp-json\/wp\/v2\/pages\/1998","targetHints":{"allow":["GET"]}}],"collection":[{"href":"https:\/\/www.eco-innovation.eu\/hu\/wp-json\/wp\/v2\/pages"}],"about":[{"href":"https:\/\/www.eco-innovation.eu\/hu\/wp-json\/wp\/v2\/types\/page"}],"author":[{"embeddable":true,"href":"https:\/\/www.eco-innovation.eu\/hu\/wp-json\/wp\/v2\/users\/1"}],"replies":[{"embeddable":true,"href":"https:\/\/www.eco-innovation.eu\/hu\/wp-json\/wp\/v2\/comments?post=1998"}],"version-history":[{"count":2,"href":"https:\/\/www.eco-innovation.eu\/hu\/wp-json\/wp\/v2\/pages\/1998\/revisions"}],"predecessor-version":[{"id":2000,"href":"https:\/\/www.eco-innovation.eu\/hu\/wp-json\/wp\/v2\/pages\/1998\/revisions\/2000"}],"wp:featuredmedia":[{"embeddable":true,"href":"https:\/\/www.eco-innovation.eu\/hu\/wp-json\/wp\/v2\/media\/1388"}],"wp:attachment":[{"href":"https:\/\/www.eco-innovation.eu\/hu\/wp-json\/wp\/v2\/media?parent=1998"}],"curies":[{"name":"wp","href":"https:\/\/api.w.org\/{rel}","templated":true}]}}