{"id":986,"date":"2022-08-18T15:08:40","date_gmt":"2022-08-18T15:08:40","guid":{"rendered":"https:\/\/www.eco-innovation.eu\/?page_id=986"},"modified":"2023-01-28T07:29:44","modified_gmt":"2023-01-28T07:29:44","slug":"derila","status":"publish","type":"page","link":"https:\/\/www.eco-innovation.eu\/fr\/derila\/","title":{"rendered":"Acheter Derila Oreiller Memory Foam &#8211; Avis, Prix &#038; Review &#8211; France"},"content":{"rendered":"<p><img loading=\"lazy\" decoding=\"async\" class=\"aligncenter size-full wp-image-954\" src=\"https:\/\/www.eco-innovation.eu\/wp-content\/uploads\/2022\/08\/derila.jpg\" alt=\"Derila\" width=\"610\" height=\"545\" srcset=\"https:\/\/www.eco-innovation.eu\/wp-content\/uploads\/2022\/08\/derila.jpg 610w, https:\/\/www.eco-innovation.eu\/wp-content\/uploads\/2022\/08\/derila-300x268.jpg 300w\" sizes=\"auto, (max-width: 610px) 100vw, 610px\" \/><\/p>\n<p><strong>L&rsquo;oreiller Derila est un oreiller ergonomique \u00e0 haute r\u00e9silience. Il s&rsquo;adapte \u00e0 toutes les positions de sommeil gr\u00e2ce \u00e0 son noyau en mousse \u00e0 m\u00e9moire de forme. Le noyau en mousse sp\u00e9ciale reprend son ancienne forme apr\u00e8s chaque changement de position. Ainsi, tous les types de dormeurs disposent d&rsquo;un v\u00e9ritable soutien pour la nuque et soulagent en m\u00eame temps leur colonne vert\u00e9brale. Avec Derila, cela fonctionne effectivement dans toutes les positions de sommeil. Une telle capacit\u00e9 d&rsquo;adaptation pour un oreiller est rare.<\/strong><\/p>\n<div class=\"sue-section\" data-url=\"\" data-target=\"blank\" style=\"margin:0px 0px 0px 0px;border-top:1px solid #cccccc;border-bottom:1px solid #cccccc\"><div class=\"sue-section-background\" style=\"background-color:#f8f8f8;background-position:left top;\"><\/div><div class=\"sue-section-content sue-content-wrap\" style=\"padding:30px 0px 30px 0px;max-width:960px;text-align:left;color:#333333;text-shadow:0px 1px 10px #ffffff\">\n<h2>Coussin Derila Avis &amp; \u00e9valuation<\/h2>\n<div class=\"su-list\" style=\"margin-left:0px\">\n<ul>\n<li><i class=\"sui sui-check\" style=\"color:#113116\"><\/i> <strong>Forme ergonomique pour un sommeil r\u00e9parateur<\/strong><br \/>\nGr\u00e2ce \u00e0 sa mousse sp\u00e9ciale, la forme ergonomique s&rsquo;adapte id\u00e9alement aux contours de la t\u00eate et de la nuque. Elle soutient ainsi la position naturelle de l&rsquo;ensemble du corps.<\/li>\n<li><i class=\"sui sui-check\" style=\"color:#113116\"><\/i> <strong>Adapt\u00e9 \u00e0 toutes les positions de sommeil<\/strong><br \/>\nLe design convient parfaitement aux personnes qui dorment sur le ventre, le c\u00f4t\u00e9 ou le dos. Gr\u00e2ce \u00e0 la mousse \u00e0 m\u00e9moire de forme de haute qualit\u00e9, il \u00e9pouse la forme de leur t\u00eate et de leur nuque dans toutes les positions. Si l&rsquo;on diminue la pression, la mousse s&rsquo;\u00e9tire lentement pour reprendre sa forme initiale.<\/li>\n<li><i class=\"sui sui-check\" style=\"color:#113116\"><\/i> <strong>Lavable en machine et non toxique.<\/strong><br \/>\nUne taie d&rsquo;oreiller interchangeable est incluse dans le paquet. Celle-ci peut \u00eatre facilement lav\u00e9e en machine et ne contient pas de substances toxiques.<\/li>\n<li><i class=\"sui sui-check\" style=\"color:#113116\"><\/i> <strong>Bon rapport qualit\u00e9\/prix<\/strong><br \/>\nL&rsquo;oreiller Derila est nettement moins cher que les produits comparables sur le march\u00e9.<\/li>\n<li><i class=\"sui sui-check\" style=\"color:#113116\"><\/i> <strong>Qualit\u00e9 extr\u00eamement \u00e9lev\u00e9e<\/strong><br \/>\nGr\u00e2ce \u00e0 sa bonne fabrication, l&rsquo;oreiller a une tr\u00e8s longue dur\u00e9e de vie.<\/li>\n<li><i class=\"sui sui-check\" style=\"color:#113116\"><\/i> <strong>Disponible \u00e0 prix r\u00e9duit pendant une courte p\u00e9riode<\/strong><br \/>\nJusqu&rsquo;\u00e0 50 % de r\u00e9duction<\/li>\n<\/ul>\n<p style=\"text-align: center;\"><big><strong>Notre \u00e9valuation : <span style=\"color: #008000;\">TR\u00c8S BIEN<\/span> (\u2b50\u2b50\u2b50\u2b50\u2b50 4,9 \u00e9toiles sur 5)<\/strong><\/big><\/p>\n<\/div>\n<h2>Acheter des coussins Derila<\/h2>\n<div class=\"su-button-center\"><a href=\"https:\/\/www.eco-innovation.eu\/go\/derila-de\" class=\"su-button su-button-style-soft\" style=\"color:#FFFFFF;background-color:#fb5a00;border-color:#c94800;border-radius:9px;-moz-border-radius:9px;-webkit-border-radius:9px\" target=\"_blank\" rel=\"nofollow\"><span style=\"color:#FFFFFF;padding:8px 24px;font-size:18px;line-height:27px;border-color:#fd8c4d;border-radius:9px;-moz-border-radius:9px;-webkit-border-radius:9px;text-shadow:none;-moz-text-shadow:none;-webkit-text-shadow:none\"><i class=\"sui sui-check-circle\" style=\"font-size:18px;color:#FFFFFF\"><\/i> Commander Derila directement chez le fabricant<br \/>\n(Jusqu&rsquo;\u00e0 -50% de r\u00e9duction de prix)<\/span><\/a><\/div>\n<p>&nbsp;<\/p>\n<h2>Prix<\/h2>\n<p><strong>Co\u00fbts et prix de Derila<\/strong><\/p>\n<div class=\"su-list\" style=\"margin-left:0px\">\n<ul>\n<li><i class=\"sui sui-caret-right\" style=\"color:#113116\"><\/i> 1 coussin Derila pour 39,95 \u20ac.<\/li>\n<li><i class=\"sui sui-caret-right\" style=\"color:#113116\"><\/i> 2 Coussin Derila pour 69,96 \u20ac<\/li>\n<li><i class=\"sui sui-caret-right\" style=\"color:#113116\"><\/i> 3 Coussin Derila pour 89,94 \u20ac<\/li>\n<li><i class=\"sui sui-caret-right\" style=\"color:#113116\"><\/i> 4 Coussins Derila pour 99,96 \u20ac (r\u00e9duction maximale)<\/li>\n<\/ul>\n<\/div>\n<\/div><\/div>\n<p>&nbsp;<\/p>\n\n<p>&nbsp;<\/p>\n<p><a href=\"https:\/\/www.eco-innovation.eu\/go\/derila-fr\" target=\"_blank\" rel=\"nofollow noopener\"><img loading=\"lazy\" decoding=\"async\" class=\"aligncenter size-full wp-image-964\" src=\"https:\/\/www.eco-innovation.eu\/wp-content\/uploads\/2022\/08\/Derila-Memory-Foam-Pillow.jpg\" alt=\"Derila Memory Foam Pillow\" width=\"610\" height=\"418\" srcset=\"https:\/\/www.eco-innovation.eu\/wp-content\/uploads\/2022\/08\/Derila-Memory-Foam-Pillow.jpg 610w, https:\/\/www.eco-innovation.eu\/wp-content\/uploads\/2022\/08\/Derila-Memory-Foam-Pillow-300x206.jpg 300w\" sizes=\"auto, (max-width: 610px) 100vw, 610px\" \/><\/a><\/p>\n<p>&nbsp;<\/p>\n<h2>Oreiller Derila Avis et exp\u00e9riences<\/h2>\n<p>Alors qu&rsquo;avec les oreillers conventionnels, on est au choix trop \u00e0 plat ou avec la t\u00eate en quelque sorte en haut, <a href=\"https:\/\/derila.fr\/\" target=\"_blank\" rel=\"noopener\">avec l&rsquo;oreiller Derila<\/a>, la t\u00eate est positionn\u00e9e de mani\u00e8re \u00e0 ce que les muscles du cou ne puissent pas se contracter. Le cou est soutenu et soulag\u00e9 par la forme ergonomique de l&rsquo;oreiller. En m\u00eame temps, la partie sup\u00e9rieure de la colonne vert\u00e9brale n&rsquo;est pas tordue, \u00e9tir\u00e9e ou comprim\u00e9e, mais soulag\u00e9e. On s&rsquo;\u00e9pargne ainsi des douleurs aux \u00e9paules, des bras qui s&rsquo;endorment et des tensions douloureuses dans le haut du dos.<\/p>\n<p>Le sommeil devrait \u00eatre r\u00e9parateur pour l&rsquo;ensemble de l&rsquo;organisme. Or, dans de nombreux cas, il ne l&rsquo;est pas suffisamment. Beaucoup de gens emportent les ennuis et le stress dans leur chambre \u00e0 coucher. Le matelas est trop ferme, trop mou ou d\u00e9j\u00e0 bien affaiss\u00e9. La position de la t\u00eate n&rsquo;est pas optimale. L&rsquo;oreiller ne soutient pas du tout la nuque et la t\u00eate &#8211; ou alors il ne les soutient pas au bon endroit. Comment peut-on vouloir se reposer dans ces conditions ? Avec l&rsquo;oreiller Derila Memory Foam, vous faites le premier pas vers un sommeil meilleur et plus profond. Mais surtout, vous vous r\u00e9veillez \u00e0 nouveau sans douleurs, blocages ou tensions.<\/p>\n<p>Plus l&rsquo;\u00eatre humain vieillit, plus les douleurs s&rsquo;installent d&rsquo;elles-m\u00eames. Dans ce contexte, une personne avis\u00e9e devrait s&rsquo;\u00e9pargner les douleurs qu&rsquo;elle peut \u00e9viter. L&rsquo;oreiller Derila est compos\u00e9 de mat\u00e9riaux non toxiques et de haute qualit\u00e9. La mousse \u00e0 m\u00e9moire de forme assure une grande force de rappel. Gr\u00e2ce \u00e0 ses propri\u00e9t\u00e9s sp\u00e9ciales, il poss\u00e8de une capacit\u00e9 d&rsquo;adaptation suffisante aux diff\u00e9rentes positions de sommeil. La housse ext\u00e9rieure de l&rsquo;oreiller Derila est amovible. Elle peut \u00eatre lav\u00e9e aussi souvent que n\u00e9cessaire.<\/p>\n<p>Il se peut que vous fassiez pour la premi\u00e8re fois l&rsquo;exp\u00e9rience d&rsquo;un sommeil profond et ferme comme un b\u00e9b\u00e9 gr\u00e2ce \u00e0 l&rsquo;oreiller Derila. Mais il se peut aussi que vous deviez vous habituer \u00e0 la nouvelle forme de l&rsquo;oreiller pendant quelques jours. M\u00eame si votre corps s&rsquo;est habitu\u00e9 par la force des choses \u00e0 l&rsquo;ancien oreiller cervical et qu&rsquo;il r\u00e2le maintenant, il s&rsquo;habituera certainement bient\u00f4t \u00e0 la position ergonomique. La r\u00e9compense de l&rsquo;effort r\u00e9side dans le fait que les douleurs de tension habituelles disparaissent peu \u00e0 peu. N&rsquo;oubliez pas : vous passez un tiers de votre vie \u00e0 dormir dans votre lit.<\/p>\n<p>Lorsque vous \u00eates jeune, vous pouvez vous permettre des p\u00e9ch\u00e9s comme des oreillers inadapt\u00e9s. Mais plus tard, s&rsquo;accrocher obstin\u00e9ment \u00e0 des habitudes vous co\u00fbtera beaucoup d&rsquo;argent de poche. Gr\u00e2ce \u00e0 son adaptabilit\u00e9 et \u00e0 sa flexibilit\u00e9, la mousse de l&rsquo;oreiller Derila Memory Foam garantit un sommeil confortable, tout en offrant un soutien &#8211; et ce, exactement l\u00e0 o\u00f9 il est n\u00e9cessaire. Tenir compte de son anatomie humaine, c&rsquo;est le d\u00e9but d&rsquo;une amiti\u00e9 pour la vie.<\/p>\n<p>&nbsp;<\/p>\n<div class=\"sue-icon-panel\" data-url=\"\" data-target=\"self\" style=\"background-color:#ffffff;color:#333333;border-radius:0px;-moz-border-radius:0px;-webkit-border-radius:0px;box-shadow:0px 1px 2px #eeeeee;-moz-box-shadow:0px 1px 2px #eeeeee;-webkit-box-shadow:0px 1px 2px #eeeeee;border:1px solid #cccccc\"><div class=\"sue-icon-panel-head\"><img decoding=\"async\" src=\"icon : warning\" style=\"width:31px\" alt=\"\" \/><\/div><div class=\"sue-icon-panel-content sue-content-wrap\" style=\"text-align:center\">\n<h2>Faux et arnaques<\/h2>\n<ul>\n<li>Attention aux offres fausses et frauduleuses sur des plateformes comme Amazon et Ebay.<\/li>\n<li>Le coussin Derila original n&rsquo;est disponible que sur le site officiel.<\/li>\n<\/ul>\n<\/div><\/div>\n<p>&nbsp;<\/p>\n<h2>Derila Pillow Avis<\/h2>\n<p>Cette question n&rsquo;a pas lieu d&rsquo;\u00eatre. Contrairement \u00e0 la plupart des autres oreillers cervicaux ergonomiques, Derila convient \u00e0 toutes les positions de sommeil. Il convient donc \u00e0 tous les types de dormeurs sans distinction. Cela est d\u00fb \u00e0 sa forme ing\u00e9nieuse et \u00e0 son mode de construction. Celle-ci a \u00e9t\u00e9 d\u00e9velopp\u00e9e en fonction des connaissances ergonomiques actuelles.<\/p>\n<p>Aucun autre oreiller sur le march\u00e9 n&rsquo;est adapt\u00e9 de la m\u00eame mani\u00e8re \u00e0 toutes les positions de sommeil. Il n&rsquo;est pas impossible de d\u00e9terminer le design optimal pour tous les types de dormeurs. Il suffit de d\u00e9terminer les caract\u00e9ristiques dont un type de dormeur donn\u00e9 a besoin pour positionner confortablement sa t\u00eate, son cou et sa colonne vert\u00e9brale tout en r\u00e9duisant la pression. Au final, on constate que ces conditions peuvent \u00eatre r\u00e9unies dans un seul oreiller.<\/p>\n<p>L&rsquo;oreiller Derila garantit une qualit\u00e9 de sommeil optimale en toutes circonstances et dans toutes les positions de sommeil. Gr\u00e2ce \u00e0 sa forme ing\u00e9nieuse, il convient \u00e0 toute personne adulte.<\/p>\n<p><a href=\"https:\/\/www.eco-innovation.eu\/go\/derila-de\" target=\"_blank\" rel=\"nofollow noopener\"><img loading=\"lazy\" decoding=\"async\" class=\"aligncenter size-full wp-image-973\" src=\"https:\/\/www.eco-innovation.eu\/wp-content\/uploads\/2022\/08\/Derila-Test-Review.jpg\" alt=\"Derila Test Review\" width=\"520\" height=\"520\" srcset=\"https:\/\/www.eco-innovation.eu\/wp-content\/uploads\/2022\/08\/Derila-Test-Review.jpg 520w, https:\/\/www.eco-innovation.eu\/wp-content\/uploads\/2022\/08\/Derila-Test-Review-300x300.jpg 300w, https:\/\/www.eco-innovation.eu\/wp-content\/uploads\/2022\/08\/Derila-Test-Review-150x150.jpg 150w\" sizes=\"auto, (max-width: 520px) 100vw, 520px\" \/><\/a><\/p>\n<h2>Quels sont les avantages de l&rsquo;oreiller Derila en mousse \u00e0 m\u00e9moire de forme ?<\/h2>\n<p>Le principal avantage de l&rsquo;oreiller Derila est l&rsquo;am\u00e9lioration de la qualit\u00e9 et de la profondeur du sommeil. L&rsquo;avantage num\u00e9ro deux est l&rsquo;absence de douleurs et de tensions. Le design ergonomique de l&rsquo;oreiller y contribue. Il se distingue de l&rsquo;aspect des autres oreillers ergonomiques. Ceux-ci ont g\u00e9n\u00e9ralement une forme ondul\u00e9e plus ou moins prononc\u00e9e. Certains oreillers se disent certes ergonomiques. Ils sont toutefois compl\u00e8tement plats. Dans ce cas, l&rsquo;appellation \u00ab\u00a0ergonomique\u00a0\u00bb est difficilement compr\u00e9hensible.<\/p>\n<p>Le Derila Memory Foam Pillow pr\u00e9sente \u00e9galement une forme ondul\u00e9e reconnaissable. Celle-ci est toutefois dot\u00e9e d&rsquo;un creux plat pour le cou. Il pr\u00e9sente en outre des d\u00e9coupes adapt\u00e9es \u00e0 l&rsquo;anatomie pour les \u00e9paules. Cela donne une forme l\u00e9g\u00e8rement diff\u00e9rente, plus proche de l&rsquo;anatomie humaine. Vous reconna\u00eetrez toujours un oreiller Derila \u00e0 ces d\u00e9tails bien pens\u00e9s. Le format de l&rsquo;oreiller Derila est con\u00e7u de mani\u00e8re \u00e0 ce que vous puissiez l&#8217;emporter sans probl\u00e8me dans vos bagages.<\/p>\n<p>Comme chacun sait, les h\u00f4tels, les pensions et les chambres de vacances ne disposent jamais d&rsquo;oreillers de qualit\u00e9. La mauvaise qualit\u00e9 du sommeil et les tensions constantes peuvent g\u00e2cher les vacances &#8211; mais l&rsquo;oreiller Derila y met fin. En tant que personne \u00e2g\u00e9e, on se permet d&rsquo;\u00eatre plus \u00e0 l&rsquo;aise. De plus, on regrette de ne pas avoir renonc\u00e9 \u00e0 se d\u00e9barrasser des oreillers inconfortables quand on \u00e9tait plus jeune.<\/p>\n<h2>Comment est-il con\u00e7u ?<\/h2>\n<p>L&rsquo;oreiller Derila est compos\u00e9 de trois couches : un noyau interne en mousse \u00e0 m\u00e9moire de forme, recouvert d&rsquo;une fine couche de coutil agr\u00e9ablement douce et solidement cousue. La couche ext\u00e9rieure de l&rsquo;oreiller est constitu\u00e9e d&rsquo;une housse amovible et lavable. Vous pouvez facilement laver cette housse dans la machine \u00e0 laver. La mousse \u00e0 m\u00e9moire de forme Premium, \u00e9galement connue sous le nom de Memory Foam, garantit une adaptabilit\u00e9 flexible. Elle revient toujours \u00e0 sa forme initiale. Elle offre ainsi une profondeur d&rsquo;enfoncement suffisamment confortable, mais aussi un soutien suffisant.<\/p>\n<h2>Particularit\u00e9s<\/h2>\n<p>Derila est livr\u00e9 avec une housse amovible qui peut \u00eatre lav\u00e9e en machine. Ce n&rsquo;est pas le cas de tous les oreillers ergonomiques. Les oreillers moyens sont remplis de plumes, de duvet ou de fibres de kapok. Certains contiennent de la balle de sarrasin. Ces oreillers sont particuli\u00e8rement inconfortables. De plus, les balles prennent la poussi\u00e8re au bout d&rsquo;un certain temps.<\/p>\n<p>Le noyau de l&rsquo;oreiller Derila est compos\u00e9 de mousse \u00e0 m\u00e9moire de forme flexible et adaptable : une mousse \u00e0 haute r\u00e9silience et flexibilit\u00e9. La mousse \u00e0 m\u00e9moire de forme se d\u00e9forme sous la pression. Elle se d\u00e9tend autant que vous en avez besoin, tout en vous soutenant. Lorsque vous vous levez ou que vous vous retournez pendant votre sommeil, elle reprend sa forme initiale en quelques secondes. Il s&rsquo;en \u00ab\u00a0souvient\u00a0\u00bb &#8211; et ce, de mani\u00e8re durable.<\/p>\n<h2>Amazon ?<\/h2>\n<p><strong>Peut-on acheter l&rsquo;oreiller Derila sur Amazon ?<\/strong><\/p>\n<p>Non, on ne peut pas l&rsquo;acheter chez eux.<\/p>\n<h2>Prix de Derila<\/h2>\n<p>L&rsquo;avantage de cette mousse est qu&rsquo;elle s&rsquo;adapte encore et encore \u00e0 vos besoins individuels, \u00e0 votre position respective et \u00e0 votre anatomie. Associ\u00e9 \u00e0 la forme ergonomique et anatomiquement correcte de l&rsquo;oreiller Derila, il en r\u00e9sulte un soutien de la t\u00eate imbattable et confortable pour le sommeil. <a href=\"https:\/\/www.eco-innovation.eu\/go\/derila-fr\" target=\"_blank\" rel=\"nofollow noopener\"><strong>Actuellement, vous pouvez obtenir cet oreiller pour la somme fabuleuse de 39,95 euros avec une r\u00e9duction de 50 % sur le prix<\/strong><\/a>. Cette offre n&rsquo;est toutefois valable que pendant une courte p\u00e9riode. Ensuite, l&rsquo;oreiller Derila Memory Foam co\u00fbtera \u00e0 nouveau 79,90 euros.<\/p>\n<div class=\"sue-section\" data-url=\"\" data-target=\"blank\" style=\"margin:0px 0px 0px 0px;border-top:1px solid #cccccc;border-bottom:1px solid #cccccc\"><div class=\"sue-section-background\" style=\"background-color:#f8f8f8;background-position:left top;\"><\/div><div class=\"sue-section-content sue-content-wrap\" style=\"padding:30px 0px 30px 0px;max-width:960px;text-align:left;color:#333333;text-shadow:0px 1px 10px #ffffff\">\n<h2>Derila Critiques, t\u00e9moignages et \u00e9valuations<\/h2>\n<div class=\"su-list\" style=\"margin-left:0px\">\n<ul>\n<li><i class=\"sui sui-users\" style=\"color:#113116\"><\/i> Les questions des utilisateurs et les commentaires sont parfois tr\u00e8s int\u00e9ressants. Ainsi, quelqu&rsquo;un a demand\u00e9 au fabricant si l&rsquo;oreiller Derila pouvait \u00eatre utilis\u00e9 en cas de travail assis et de mauvaise posture. La r\u00e9ponse de l&rsquo;\u00e9quipe de fabrication a \u00e9t\u00e9 la suivante : si l&rsquo;on passe des heures assis \u00e0 son bureau dans une mauvaise posture pendant la journ\u00e9e, on a d&rsquo;autant plus besoin d&rsquo;un oreiller la nuit qui soulage la nuque et la colonne vert\u00e9brale et qui \u00e9tire \u00e0 nouveau les disques intervert\u00e9braux l\u00e0 o\u00f9 ils ne sont plus douloureux.<\/li>\n<li><i class=\"sui sui-users\" style=\"color:#113116\"><\/i> Le fabricant a r\u00e9pondu : \u00ab\u00a0Derila a \u00e9t\u00e9 con\u00e7u par les meilleurs sp\u00e9cialistes pour soutenir parfaitement votre t\u00eate et vos \u00e9paules pendant la nuit. M\u00eame si vous avez un m\u00e9tier physiquement exigeant ou si vous travaillez toute la journ\u00e9e devant un \u00e9cran, Derila peut vous offrir un repos parfait pendant la nuit\u00a0\u00bb. Cela aide \u00e0 son tour \u00e0 se d\u00e9barrasser des douleurs habituelles dans le cou, les \u00e9paules et le dos. Il est tout de m\u00eame \u00e9tonnant de voir \u00e0 quel \u00e9tat de douleur on peut s&rsquo;habituer au fil des ans. Faites-vous dire que votre niveau de douleur habituel n&rsquo;est en aucun cas immuable.<br \/>\nUne acheteuse du nom de Sienna a racont\u00e9 : \u00ab\u00a0Avant, j&rsquo;avais des probl\u00e8mes pour aller me coucher. Je me retournais pendant des heures et me r\u00e9veillais avec une douleur au cou si forte que ma qualit\u00e9 de vie en \u00e9tait affect\u00e9e. J&rsquo;ai essay\u00e9 tellement de rem\u00e8des, de matelas et d&rsquo;oreillers diff\u00e9rents. Rien ne semblait fonctionner. Jusqu&rsquo;\u00e0 ce que je trouve Derila. Apr\u00e8s la premi\u00e8re nuit, je me suis r\u00e9veill\u00e9e et j&rsquo;ai senti une \u00e9norme diff\u00e9rence. C&rsquo;\u00e9tait la folie. Depuis, je n&rsquo;ai plus aucune g\u00eane ni douleur au cou\u00a0\u00bb.<\/li>\n<li><i class=\"sui sui-users\" style=\"color:#113116\"><\/i> Paul dit : \u00ab\u00a0Vous pouvez effectivement vous reposer toute la nuit dans diff\u00e9rentes positions de sommeil sans ressentir les blocages habituels de la nuque, les douleurs aux \u00e9paules ou les douleurs dans le haut du dos. Vous souvenez-vous encore de la sensation de vous r\u00e9veiller le matin sans douleur ? Si ce n&rsquo;est pas le cas, vous devriez peut-\u00eatre essayer l&rsquo;oreiller Derila. Il se peut que vous viviez un miracle bleu. Le bleu est en effet le noyau en mousse \u00e0 m\u00e9moire de forme qui est \u00e0 l&rsquo;origine de cette sensation\u00a0\u00bb.<\/li>\n<\/ul>\n<\/div>\n<\/div><\/div>\n<h2>Acheter des oreillers Derila Memory Foam en ligne \u00e0 prix r\u00e9duit (Prix r\u00e9duit)<\/h2>\n<p>Si vous achetez plusieurs oreillers \u00e0 la fois \u00e0 un prix sp\u00e9cial, vous b\u00e9n\u00e9ficierez d&rsquo;un prix encore plus avantageux. Livraison express en France.<\/p>\n<div class=\"su-button-center\"><a href=\"https:\/\/www.eco-innovation.eu\/go\/derila-de\" class=\"su-button su-button-style-soft\" style=\"color:#FFFFFF;background-color:#fb5a00;border-color:#c94800;border-radius:9px;-moz-border-radius:9px;-webkit-border-radius:9px\" target=\"_blank\" rel=\"nofollow\"><span style=\"color:#FFFFFF;padding:8px 24px;font-size:18px;line-height:27px;border-color:#fd8c4d;border-radius:9px;-moz-border-radius:9px;-webkit-border-radius:9px;text-shadow:none;-moz-text-shadow:none;-webkit-text-shadow:none\"><i class=\"sui sui-check-circle\" style=\"font-size:18px;color:#FFFFFF\"><\/i> Commander Derila directement chez le fabricant<br \/>\n(Jusqu&rsquo;\u00e0 -50% de r\u00e9duction de prix)<\/span><\/a><\/div>\n","protected":false},"excerpt":{"rendered":"<p>L&rsquo;oreiller Derila est un oreiller ergonomique \u00e0 haute r\u00e9silience. Il s&rsquo;adapte \u00e0 toutes les positions de sommeil gr\u00e2ce \u00e0 son noyau en mousse \u00e0 m\u00e9moire de forme. Le noyau en mousse sp\u00e9ciale reprend son ancienne forme apr\u00e8s chaque changement de position. Ainsi, tous les types de dormeurs disposent d&rsquo;un v\u00e9ritable soutien pour la nuque et &#8230; <a title=\"Acheter Derila Oreiller Memory Foam &#8211; Avis, Prix &#038; Review &#8211; France\" class=\"read-more\" href=\"https:\/\/www.eco-innovation.eu\/fr\/derila\/\" aria-label=\"Plus sur Acheter Derila Oreiller Memory Foam &#8211; Avis, Prix &#038; Review &#8211; France\">Lire plus<\/a><\/p>\n","protected":false},"author":1,"featured_media":0,"parent":0,"menu_order":0,"comment_status":"closed","ping_status":"closed","template":"","meta":{"footnotes":""},"class_list":["post-986","page","type-page","status-publish"],"_links":{"self":[{"href":"https:\/\/www.eco-innovation.eu\/fr\/wp-json\/wp\/v2\/pages\/986","targetHints":{"allow":["GET"]}}],"collection":[{"href":"https:\/\/www.eco-innovation.eu\/fr\/wp-json\/wp\/v2\/pages"}],"about":[{"href":"https:\/\/www.eco-innovation.eu\/fr\/wp-json\/wp\/v2\/types\/page"}],"author":[{"embeddable":true,"href":"https:\/\/www.eco-innovation.eu\/fr\/wp-json\/wp\/v2\/users\/1"}],"replies":[{"embeddable":true,"href":"https:\/\/www.eco-innovation.eu\/fr\/wp-json\/wp\/v2\/comments?post=986"}],"version-history":[{"count":7,"href":"https:\/\/www.eco-innovation.eu\/fr\/wp-json\/wp\/v2\/pages\/986\/revisions"}],"predecessor-version":[{"id":1949,"href":"https:\/\/www.eco-innovation.eu\/fr\/wp-json\/wp\/v2\/pages\/986\/revisions\/1949"}],"wp:attachment":[{"href":"https:\/\/www.eco-innovation.eu\/fr\/wp-json\/wp\/v2\/media?parent=986"}],"curies":[{"name":"wp","href":"https:\/\/api.w.org\/{rel}","templated":true}]}}