{"id":875,"date":"2022-07-28T18:13:01","date_gmt":"2022-07-28T18:13:01","guid":{"rendered":"https:\/\/www.eco-innovation.eu\/?page_id=875"},"modified":"2022-07-28T18:13:01","modified_gmt":"2022-07-28T18:13:01","slug":"matcha-slim","status":"publish","type":"page","link":"https:\/\/www.eco-innovation.eu\/fr\/matcha-slim\/","title":{"rendered":"Matcha Slim Avis Medical, Consommateur &#038; Forum &#8211; Prix en pharmacie"},"content":{"rendered":"<p><img loading=\"lazy\" decoding=\"async\" class=\"aligncenter size-full wp-image-837\" src=\"https:\/\/www.eco-innovation.eu\/wp-content\/uploads\/2022\/07\/Matcha-Slim.jpg\" alt=\"Matcha Slim\" width=\"600\" height=\"600\" srcset=\"https:\/\/www.eco-innovation.eu\/wp-content\/uploads\/2022\/07\/Matcha-Slim.jpg 600w, https:\/\/www.eco-innovation.eu\/wp-content\/uploads\/2022\/07\/Matcha-Slim-300x300.jpg 300w, https:\/\/www.eco-innovation.eu\/wp-content\/uploads\/2022\/07\/Matcha-Slim-150x150.jpg 150w\" sizes=\"auto, (max-width: 600px) 100vw, 600px\" \/><\/p>\n<p><strong>Qui n&rsquo;a pas r\u00eav\u00e9 de perdre 15 kilos en un mois gr\u00e2ce \u00e0 une boisson di\u00e9t\u00e9tique savoureuse ? Jusqu&rsquo;\u00e0 pr\u00e9sent, de telles promesses \u00e9taient consid\u00e9r\u00e9es comme peu s\u00e9rieuses. Avec Matcha Slim, aucune promesse n&rsquo;est faite. Au contraire, une \u00e9tude prouve que de tels succ\u00e8s de perte de poids sont tout \u00e0 fait possibles. Et ce n&rsquo;est pas tout : on ne reprend pas de poids apr\u00e8s. L&rsquo;effet yo-yo est neutralis\u00e9. On dirait que toutes les personnes en surpoids devraient essayer Matcha Slim.<\/strong><\/p>\n<div class=\"sue-section\" data-url=\"\" data-target=\"blank\" style=\"margin:0px 0px 0px 0px;border-top:1px solid #cccccc;border-bottom:1px solid #cccccc\"><div class=\"sue-section-background\" style=\"background-color:#f8f8f8;background-position:left top;\"><\/div><div class=\"sue-section-content sue-content-wrap\" style=\"padding:30px 0px 30px 0px;max-width:960px;text-align:left;color:#333333;text-shadow:0px 1px 10px #ffffff\">\n<h2>Avis et \u00e9valuation<\/h2>\n<div class=\"su-list\" style=\"margin-left:0px\">\n<ul>\n<li><img decoding=\"async\" src=\"icon : caret-right\" alt=\"\" \/> Uniquement des ingr\u00e9dients naturels<\/li>\n<li><img decoding=\"async\" src=\"icon : caret-right\" alt=\"\" \/> <strong>Effets possibles<\/strong>\n<ul>\n<li><img decoding=\"async\" src=\"icon : caret-right\" alt=\"\" \/> Acc\u00e9l\u00e9ration du m\u00e9tabolisme<\/li>\n<li><img decoding=\"async\" src=\"icon : caret-right\" alt=\"\" \/> D\u00e9toxication du corps<\/li>\n<li><img decoding=\"async\" src=\"icon : caret-right\" alt=\"\" \/> R\u00e9duction de poids durable possible<\/li>\n<li><img decoding=\"async\" src=\"icon : caret-right\" alt=\"\" \/> Activation de la lipolyse et de la combustion des graisses<\/li>\n<li><img decoding=\"async\" src=\"icon : caret-right\" alt=\"\" \/> Augmentation de la vitalit\u00e9 et de la capacit\u00e9 de performance<\/li>\n<li><img decoding=\"async\" src=\"icon : caret-right\" alt=\"\" \/> R\u00e9duction de la fatigue<\/li>\n<li><img decoding=\"async\" src=\"icon : caret-right\" alt=\"\" \/> Am\u00e9lioration de la sant\u00e9 g\u00e9n\u00e9rale<\/li>\n<li><img decoding=\"async\" src=\"icon : caret-right\" alt=\"\" \/> La peau devient plus ferme<\/li>\n<li><img decoding=\"async\" src=\"icon : caret-right\" alt=\"\" \/> Meilleures habitudes et phases de sommeil<\/li>\n<li><img decoding=\"async\" src=\"icon : caret-right\" alt=\"\" \/> R\u00e9duire le taux de cholest\u00e9rol<\/li>\n<\/ul>\n<\/li>\n<li><img decoding=\"async\" src=\"icon : caret-right\" alt=\"\" \/> Commander sans frais de port<\/li>\n<li><img decoding=\"async\" src=\"icon : caret-right\" alt=\"\" \/> Non disponible chez Leclerc, Carrefour et sur Amazon.<\/li>\n<li><img decoding=\"async\" src=\"icon : caret-right\" alt=\"\" \/> Actuellement disponible <strong>avec 50% de r\u00e9duction<\/strong><\/li>\n<\/ul>\n<\/div>\n<p><strong>Note : \u2b50\u2b50\u2b50\u2b50\u2b50 (TR\u00c8S BIEN)<\/strong><\/p>\n<p>&nbsp;<\/p>\n<h2>Acheter le Matcha Slim original \u00e0 bas prix<\/h2>\n<div class=\"su-button-center\"><a href=\"https:\/\/www.eco-innovation.eu\/go\/matcha-fr\" class=\"su-button su-button-style-3d\" style=\"color:#FFFFFF;background-color:#2D89EF;border-color:#246ec0;border-radius:9px;-moz-border-radius:9px;-webkit-border-radius:9px\" target=\"_blank\" rel=\"nofollow\"><span style=\"color:#FFFFFF;padding:0px 24px;font-size:18px;line-height:36px;border-color:#6cadf4;border-radius:9px;-moz-border-radius:9px;-webkit-border-radius:9px;text-shadow:none;-moz-text-shadow:none;-webkit-text-shadow:none\"> Commander Matcha Slim avec 50% de r\u00e9duction<\/span><\/a><\/div>\n<p>&nbsp;<\/p>\n<h2>Prix<\/h2>\n<p>En ce moment, on peut acheter Matcha Slim \u00e0 un prix r\u00e9duit de 50%.<\/p>\n<\/div><\/div>\n<p>&nbsp;<\/p>\n\n<p>&nbsp;<\/p>\n<h2>Matcha Slim Avis Medical<\/h2>\n<p>La plupart des gens aimeraient savoir plus pr\u00e9cis\u00e9ment pourquoi un produit amaigrissant est cens\u00e9 fonctionner mieux que les autres. Le scepticisme est g\u00e9n\u00e9ralement justifi\u00e9 pour les produits amaigrissants qui promettent beaucoup. Mais il est frappant de constater que les Asiatiques qui boivent du th\u00e9 Matche ont g\u00e9n\u00e9ralement une silhouette \u00e9lanc\u00e9e. Cela s&rsquo;explique d&rsquo;une part par la cuisine asiatique, pauvre en graisses et riche en l\u00e9gumes. Le matcha est un extrait de th\u00e9 vert en poudre qui joue un r\u00f4le dans la c\u00e9r\u00e9monie du th\u00e9 japonaise. Cette boisson est tonifiante. Elle est riche en antioxydants. Les Asiatiques consomment du matcha en \u00e9tant conscients de se faire du bien.<\/p>\n<p><strong>Mais pour en faire un Matcha Slim, le th\u00e9 Matcha doit pr\u00e9senter des <span style=\"text-decoration: underline;\">propri\u00e9t\u00e9s particuli\u00e8res<\/span>.<\/strong><\/p>\n<p><a href=\"https:\/\/www.eco-innovation.eu\/go\/matcha-fr\" target=\"_blank\" rel=\"nofollow noopener\"><img loading=\"lazy\" decoding=\"async\" class=\"aligncenter size-full wp-image-846\" src=\"https:\/\/www.eco-innovation.eu\/wp-content\/uploads\/2022\/07\/Matcha-Slim-dm.jpg\" alt=\"Matcha Slim dm\" width=\"600\" height=\"429\" srcset=\"https:\/\/www.eco-innovation.eu\/wp-content\/uploads\/2022\/07\/Matcha-Slim-dm.jpg 600w, https:\/\/www.eco-innovation.eu\/wp-content\/uploads\/2022\/07\/Matcha-Slim-dm-300x215.jpg 300w\" sizes=\"auto, (max-width: 600px) 100vw, 600px\" \/><\/a><\/p>\n<h2>Matcha Slim Avis Forum<\/h2>\n<p>Le Matcha Slim est <strong>une boisson di\u00e9t\u00e9tique \u00e0 base de th\u00e9 vert<\/strong> qui aide \u00e0 perdre du poids. De nombreuses entreprises font des recherches dans le domaine de la perte de poids. Elles souhaitent fabriquer un produit di\u00e9t\u00e9tique comestible qui fonctionne.<\/p>\n<p>Le d\u00e9veloppement de Matcha Slim repose sur des recherches approfondies men\u00e9es \u00e0 l'\u00a0\u00bb<strong>Institut des sciences et technologies alimentaires<\/strong>\u00a0\u00bb de Munich. La question \u00e9tait la suivante : quelle est la condition pr\u00e9alable optimale pour un poids corporel d\u00e9sirable, une silhouette mince et une vie saine et longue ? Les extraits de th\u00e9 vert sont d\u00e9j\u00e0 utilis\u00e9s dans de nombreux produits di\u00e9t\u00e9tiques. Il \u00e9tait donc logique de s&rsquo;int\u00e9resser au th\u00e9 vert. Il devait s&rsquo;agir d&rsquo;un produit di\u00e9t\u00e9tique naturel.<\/p>\n<p>Les chercheurs ont remarqu\u00e9 que les moines bouddhistes semblaient toujours pleins de vitalit\u00e9, de bonne humeur et minces, malgr\u00e9 un temps de sommeil r\u00e9duit et des \u00e9tudes de texte \u00e9prouvantes. Alors que les bouddhistes tib\u00e9tains pr\u00e9f\u00e8rent le th\u00e9 au beurre sal\u00e9, les moines bouddhistes japonais boivent de pr\u00e9f\u00e9rence du th\u00e9 matcha. Apr\u00e8s de nombreuses \u00e9tudes sur le sujet, il est apparu que ce th\u00e9 vert riche en antioxydants ne fournit pas seulement de l&rsquo;\u00e9nergie \u00e0 l&rsquo;organisme, mais qu&rsquo;il stimule \u00e9galement la combustion des graisses.<\/p>\n<p>L&rsquo;\u00e9tude du th\u00e9 matcha a r\u00e9v\u00e9l\u00e9 que ce th\u00e9 vert est particuli\u00e8rement <strong>riche en substances telles que la chlorophylle, la L-th\u00e9anine, la th\u00e9ophylline<\/strong>, la riboflavine et le r\u00e9tinol ainsi que les cat\u00e9chines. Il est prouv\u00e9 que ces ingr\u00e9dients acc\u00e9l\u00e8rent la combustion des graisses, connue dans les milieux sp\u00e9cialis\u00e9s sous le nom de lipolyse. Il s&rsquo;agit de la combustion des d\u00e9p\u00f4ts de graisse propres au corps ou stock\u00e9s dans le corps pour produire de l&rsquo;\u00e9nergie.<\/p>\n<p>Alors que la constitution de d\u00e9p\u00f4ts de graisse est une mesure judicieuse en cas d&rsquo;urgence, une alimentation hypercalorique constante oblige l&rsquo;organisme \u00e0 stocker temporairement les calories graisseuses exc\u00e9dentaires. Il puise son \u00e9nergie de pr\u00e9f\u00e9rence dans les glucides disponibles en abondance. Il n&rsquo;a donc pas besoin de beaucoup de calories grasses. Les famines et les p\u00e9riodes de d\u00e9tresse n&rsquo;existent toutefois plus dans les pays civilis\u00e9s. Des aliments sont disponibles \u00e0 tous les coins de rue.<\/p>\n<p>La surabondance calorique et les r\u00e9serves de graisse stock\u00e9es de force et non utilis\u00e9es pour la production d&rsquo;\u00e9nergie entra\u00eenent \u00e0 la longue un surpoids et une ob\u00e9sit\u00e9. Toute une industrie s&rsquo;occupe entre-temps de se d\u00e9barrasser des kilos accumul\u00e9s. Le th\u00e9 matcha est en mesure d&rsquo;absorber et d&rsquo;\u00e9liminer les toxines. L&rsquo;appareil digestif en profite. Le th\u00e9 Matcha est donc d\u00e9j\u00e0 b\u00e9n\u00e9fique pour la sant\u00e9 dans sa forme pure. Sous forme de Matcha Slim, il agit encore plus efficacement. L&rsquo;enrichissement du th\u00e9 Matcha en taurine et en extrait de citron en est responsable.<\/p>\n<p><strong>Matcha Slim soutient chaque mesure de r\u00e9gime sans surcharger l&rsquo;organisme<\/strong>. Le th\u00e9 vert est connu pour \u00eatre tonifiant. Il sape la baisse de moral qui accompagne tout r\u00e9gime. Il nourrit et fournit une multitude de composants sains qui aident d\u00e9j\u00e0 naturellement \u00e0 br\u00fbler les graisses. Cette propri\u00e9t\u00e9 est encore renforc\u00e9e par la pr\u00e9paration en Matcha Slim. De plus, l&rsquo;organisme \u00e9vacue de l&rsquo;organisme les produits de d\u00e9composition dus \u00e0 la digestion. Il en r\u00e9sulte une sensation de bien-\u00eatre accrue. Les d\u00e9p\u00f4ts de graisse dans l&rsquo;organisme sont peu \u00e0 peu dissous par la consommation de Matcha Slim.<\/p>\n<p>Le Matcha Slim original fournit des r\u00e9sultats de r\u00e9gime convaincants en l&rsquo;espace d&rsquo;un mois. C&rsquo;est pourquoi l&rsquo;extrait de th\u00e9 vert est d\u00e9sormais l&rsquo;un des principaux produits di\u00e9t\u00e9tiques. Ce qui est encore plus r\u00e9jouissant, c&rsquo;est que Matcha Slim emp\u00eache une nouvelle prise de poids apr\u00e8s la fin du r\u00e9gime. C&rsquo;est unique en son genre. Il est recommand\u00e9 de proc\u00e9der deux fois par an \u00e0 une cure mensuelle de Matcha Slim Doctissimo. Cela permet de garantir que les kilos perdus ne s&rsquo;ajoutent pas \u00e0 nouveau au poids corporel.<\/p>\n<p>Le probl\u00e8me de tous les r\u00e9gimes est que la plupart des personnes reprennent du poids par la suite. Souvent, un an plus tard, elles p\u00e8sent plus qu&rsquo;avant. L&rsquo;un des objectifs des d\u00e9veloppeurs de Matcha Slim \u00e9tait d&rsquo;\u00e9liminer \u00e9galement l&rsquo;effet dit yo-yo. Il s&rsquo;agissait en outre d&rsquo;accompagner judicieusement un r\u00e9gime ou un changement d&rsquo;alimentation plut\u00f4t que de d\u00e9velopper un nouveau r\u00e9gime acc\u00e9l\u00e9r\u00e9 qui ne peut pas fonctionner d\u00e8s le d\u00e9part.<\/p>\n<h2>Champ d&rsquo;application<\/h2>\n<p>Le domaine d&rsquo;application de Matcha Slim Pharmacie est toute forme de surpoids jusqu&rsquo;\u00e0 l&rsquo;ob\u00e9sit\u00e9. De nombreuses personnes souhaitent ou devraient perdre un poids corporel exc\u00e9dentaire &#8211; par exemple \u00e0 cause du diab\u00e8te ou de l&rsquo;hypertension, \u00e0 cause d&rsquo;articulations surcharg\u00e9es ou d&rsquo;eau dans les jambes.<\/p>\n<p>Souvent, il s&rsquo;agit simplement de retrouver une silhouette attrayante en bikini. Pour cela, un r\u00e9gime normal avec un apport calorique r\u00e9duit suffit. Mais dans d&rsquo;autres cas, 15 \u00e0 30 kilos de surpoids sont accumul\u00e9s. Dans ce cas, des efforts particuliers sont n\u00e9cessaires pour atteindre la perte de poids vis\u00e9e. Matcha Slim aide les personnes souffrant d&rsquo;un surpoids important \u00e0 perdre jusqu&rsquo;\u00e0 15 kilos de poids exc\u00e9dentaire en l&rsquo;espace d&rsquo;un mois.<\/p>\n<p>L&rsquo;avantage de ce produit di\u00e9t\u00e9tique est qu&rsquo;il repose sur des substances actives naturelles et scientifiquement \u00e9tudi\u00e9es. Un th\u00e9 vert sp\u00e9cialement pr\u00e9par\u00e9 et optimis\u00e9 dans ses propri\u00e9t\u00e9s naturelles n&rsquo;est pas seulement sain, il est aussi b\u00e9n\u00e9fique pour la sant\u00e9. Il est un excellent br\u00fbleur de graisse.<\/p>\n<h2>Effet<\/h2>\n<p>Le Matcha Slim Doctissimo stimule le m\u00e9tabolisme des graisses gr\u00e2ce \u00e0 ses composants naturels. Il fournit \u00e0 l&rsquo;organisme des bases et lui procure de l&rsquo;\u00e9nergie. Comme chacun sait, une baisse d&rsquo;\u00e9nergie est l&rsquo;une des cons\u00e9quences d&rsquo;un r\u00e9gime. De plus, un r\u00e9gime provoque souvent une mauvaise humeur. Le Matcha Slim peut \u00e9galement y rem\u00e9dier. Ce th\u00e9 vert est connu pour avoir un effet vivifiant durable. De plus, il rassasie l\u00e9g\u00e8rement. Cela suffit d\u00e9j\u00e0 \u00e0 am\u00e9liorer l&rsquo;humeur. Le fait que Matche Slim br\u00fble les cellules graisseuses emmagasin\u00e9es passe inaper\u00e7u.<\/p>\n<p>Au cours de la premi\u00e8re semaine d&rsquo;utilisation de Matcha Slim, l&rsquo;organisme s&rsquo;adapte \u00e0 l&rsquo;apport des ingr\u00e9dients contenus dans le th\u00e9 Matcha. On se sent agr\u00e9ablement revigor\u00e9, mais en m\u00eame temps \u00e9quilibr\u00e9. L&rsquo;app\u00e9tit semble \u00eatre ma\u00eetris\u00e9. <strong>La qualit\u00e9 du sommeil s&rsquo;am\u00e9liore. Les calories graisseuses sont \u00e9galement \u00e9limin\u00e9es pendant le sommeil<\/strong>. Apr\u00e8s la premi\u00e8re semaine, la balance indique une perte de poids de deux \u00e0 quatre kilos.<\/p>\n<p>La phase de d\u00e9sintoxication commence \u00e0 la deuxi\u00e8me semaine. L&rsquo;effet du Matcha Slim a un effet dissolvant. Les toxines alimentaires et digestives sont \u00e9vacu\u00e9es, la r\u00e9tention d&rsquo;eau et de cellules graisseuses est r\u00e9duite. L&rsquo;activit\u00e9 digestive est optimis\u00e9e. La perte de poids totale obtenue est de cinq \u00e0 sept kilos \u00e0 la fin de la deuxi\u00e8me semaine.<\/p>\n<p><strong>L&rsquo;augmentation de la combustion des graisses<\/strong> se fait nettement sentir au cours de la troisi\u00e8me semaine. La dissolution croissante des d\u00e9p\u00f4ts de graisse et l&rsquo;oxydation acc\u00e9l\u00e9r\u00e9e se traduisent par de nouvelles pertes de poids. Le tour de taille et le tour de cuisse sont d\u00e9sormais nettement moins importants. La perte de poids s&rsquo;\u00e9l\u00e8ve au total \u00e0 huit \u00e0 12 kilogrammes &#8211; \u00e0 condition que vous ayez tenu votre r\u00e9gime, r\u00e9sist\u00e9 \u00e0 toute tentation calorique et bu votre Matcha Slim \u00e0 la place.<\/p>\n<p>Au cours de la quatri\u00e8me semaine, vous pouvez consolider les pertes de poids obtenues jusqu&rsquo;\u00e0 pr\u00e9sent. <strong>Le m\u00e9tabolisme des glucides<\/strong> est maintenant optimis\u00e9. De nouvelles calories sont br\u00fbl\u00e9es en \u00e9nergie. De nouveaux d\u00e9p\u00f4ts de graisse ne sont pas effectu\u00e9s, car le besoin \u00e9nerg\u00e9tique quotidien est augment\u00e9. M\u00eame en cas de l\u00e9g\u00e8re augmentation de l&rsquo;apport calorique, on ne remarque pas de nouvelle prise de poids. Vous pouvez m\u00eame perdre un \u00e0 trois kilos de surpoids pendant la phase de consolidation.<\/p>\n<p>Au total, ils ont perdu jusqu&rsquo;\u00e0 8 kilos en un mois gr\u00e2ce \u00e0 Matcha Slim. Sans sport, sans compter les calories, sans stress ni mauvaise humeur. N&rsquo;h\u00e9sitez pas \u00e0 r\u00e9v\u00e9ler votre secret de r\u00e9gime \u00e0 tous ceux qui vous le demandent.<\/p>\n<h2>Ingr\u00e9dients<\/h2>\n<p><strong>Quels sont les ingr\u00e9dients myst\u00e9rieux qui font d&rsquo;un th\u00e9 Matcha un Matcha Slim ?<\/strong><\/p>\n<p>Mis \u00e0 part les ingr\u00e9dients naturels de cette <strong>poudre de th\u00e9 vert riche en chlorophylle<\/strong>, seuls de la taurine et de l&rsquo;extrait de citron ont \u00e9t\u00e9 ajout\u00e9s au Matcha Slim. Le th\u00e9 Matcha vendu dans les magasins de th\u00e9 ou les supermarch\u00e9s ne contient pas ces deux substances. Dans ce cas, le Matcha ne doit pas \u00eatre un stimulant traditionnel \u00e0 caract\u00e8re vivifiant, mais devenir un soutien efficace pour le r\u00e9gime.<\/p>\n<p><strong>La taurine et l&rsquo;extrait de citron<\/strong> font du th\u00e9 traditionnel de la c\u00e9r\u00e9monie du th\u00e9 un booster de combustion des graisses riche en chlorophylle. Ces deux ingr\u00e9dients renforcent les propri\u00e9t\u00e9s naturellement pr\u00e9sentes dans le matcha. Les capacit\u00e9s naturelles de combustion des graisses du th\u00e9 Matcha agissent d\u00e9sormais six fois plus efficacement qu&rsquo;auparavant. M\u00eame avec des performances sportives optimales, vous ne pourriez pas atteindre cet effet booster.<\/p>\n<h2>Utilisation<\/h2>\n<p>L&rsquo;utilisation de Matcha Slim est simple : vous dissolvez une cuill\u00e8re \u00e0 caf\u00e9 de poudre de Matcha Slim dans 150 millilitres d&rsquo;eau bouillante et d\u00e9gustez votre boisson amincissante, gorg\u00e9e apr\u00e8s gorg\u00e9e, apr\u00e8s 5 \u00e0 7 minutes d&rsquo;infusion. L&rsquo;id\u00e9al est de consommer le Matcha Slim avant le d\u00e9jeuner. Vous vous habituerez rapidement \u00e0 l&rsquo;ar\u00f4me \u00ab\u00a0vert\u00a0\u00bb. Vous remarquerez un l\u00e9ger effet de sati\u00e9t\u00e9. Accordez-vous une pause d\u00e9tendue dans votre journ\u00e9e et savourez le fait de vous sentir bien.<\/p>\n<p>Les g\u00e9lules Matcha Slim ?<\/p>\n<p>Matcha Slim se pr\u00e9sente pour une utilisation pratique sous forme de poudre et non de g\u00e9lules.<\/p>\n<h2>Lecler et Carrefour<\/h2>\n<p>Il n&rsquo;est pas possible d&rsquo;acheter le Matcha Slim original chez Parapharmacie Leclerc, Biocoop et Carrefour.<\/p>\n<h2>En pharmacie ?<\/h2>\n<p>On ne peut pas non plus acheter Matcha Slim dans les pharmacies normales.<\/p>\n<div class=\"sue-section\" data-url=\"\" data-target=\"blank\" style=\"margin:0px 0px 0px 0px;border-top:1px solid #cccccc;border-bottom:1px solid #cccccc\"><div class=\"sue-section-background\" style=\"background-color:#f8f8f8;background-position:left top;\"><\/div><div class=\"sue-section-content sue-content-wrap\" style=\"padding:30px 0px 30px 0px;max-width:960px;text-align:left;color:#333333;text-shadow:0px 1px 10px #ffffff\">\n<h2>Matcha Slim Avis Consommateur &#8211; T\u00e9moignages et \u00e9valuations de clients<\/h2>\n<div class=\"su-list\" style=\"margin-left:0px\">\n<ul>\n<li><img decoding=\"async\" src=\"icon : user-circle\" alt=\"\" \/> <strong>Sandra237<\/strong> a rapport\u00e9 qu&rsquo;elle prenait Matcha Slim depuis 2 mois, mais qu&rsquo;elle faisait de temps en temps une pause. Malgr\u00e9 cela, elle a perdu plus de 14 kg. \u00ab\u00a0Aussi bien mon humeur que ma productivit\u00e9 n&rsquo;ont jamais \u00e9t\u00e9 aussi \u00e9lev\u00e9es. Je me sens vraiment cr\u00e9ative et j&rsquo;\u00e9tudie maintenant les arts\u00a0\u00bb.<\/li>\n<li><img decoding=\"async\" src=\"icon : user-circle\" alt=\"\" \/> <strong>Irene A.<\/strong> a comment\u00e9 : \u00ab\u00a0La boisson est exceptionnellement verte, mais elle a un go\u00fbt vraiment d\u00e9licieux. (&#8230;) Au d\u00e9but, il fallait un peu s&rsquo;y habituer, mais maintenant je l&rsquo;aime bien. J&rsquo;ai perdu 6,9 kg en deux semaines avec Matcha Slim\u00a0\u00bb.<\/li>\n<li><img decoding=\"async\" src=\"icon : user-circle\" alt=\"\" \/> <strong>Helene1990<\/strong> rapporte qu&rsquo;elle se pr\u00e9pare une tasse d\u00e8s le matin, car elle peut alors mieux se concentrer sur son travail. \u00ab\u00a0Mais surtout, cela m&rsquo;a d\u00e9j\u00e0 permis de perdre 12 kg. Ma peau est malgr\u00e9 tout rest\u00e9e ferme et je me sens dix ans plus jeune. Je le recommande vivement !\u00a0\u00bb<\/li>\n<li><img decoding=\"async\" src=\"icon : user-circle\" alt=\"\" \/> C&rsquo;est \u00e9galement ce que confirme <strong>MutterLisa2<\/strong>. Elle attire l&rsquo;attention sur les nombreuses substances naturelles contenues dans ce th\u00e9 vert. \u00ab\u00a0Matcha Slim n&rsquo;aide pas seulement \u00e0 perdre du poids, il prot\u00e8ge aussi contre les radicaux libres\u00a0\u00bb.<\/li>\n<\/ul>\n<\/div><\/div><\/div>\n<h2>Commander Matcha Slim au prix le plus avantageux<\/h2>\n<div class=\"su-button-center\"><a href=\"https:\/\/www.eco-innovation.eu\/go\/matcha-de\" class=\"su-button su-button-style-3d\" style=\"color:#FFFFFF;background-color:#2D89EF;border-color:#246ec0;border-radius:9px;-moz-border-radius:9px;-webkit-border-radius:9px\" target=\"_blank\" rel=\"nofollow\"><span style=\"color:#FFFFFF;padding:0px 24px;font-size:18px;line-height:36px;border-color:#6cadf4;border-radius:9px;-moz-border-radius:9px;-webkit-border-radius:9px;text-shadow:none;-moz-text-shadow:none;-webkit-text-shadow:none\"> Commander Matcha Slim avec 50% de r\u00e9duction<\/span><\/a><\/div>\n","protected":false},"excerpt":{"rendered":"<p>Qui n&rsquo;a pas r\u00eav\u00e9 de perdre 15 kilos en un mois gr\u00e2ce \u00e0 une boisson di\u00e9t\u00e9tique savoureuse ? Jusqu&rsquo;\u00e0 pr\u00e9sent, de telles promesses \u00e9taient consid\u00e9r\u00e9es comme peu s\u00e9rieuses. Avec Matcha Slim, aucune promesse n&rsquo;est faite. Au contraire, une \u00e9tude prouve que de tels succ\u00e8s de perte de poids sont tout \u00e0 fait possibles. Et ce &#8230; <a title=\"Matcha Slim Avis Medical, Consommateur &#038; Forum &#8211; Prix en pharmacie\" class=\"read-more\" href=\"https:\/\/www.eco-innovation.eu\/fr\/matcha-slim\/\" aria-label=\"Plus sur Matcha Slim Avis Medical, Consommateur &#038; Forum &#8211; Prix en pharmacie\">Lire plus<\/a><\/p>\n","protected":false},"author":1,"featured_media":0,"parent":0,"menu_order":0,"comment_status":"closed","ping_status":"closed","template":"","meta":{"footnotes":""},"class_list":["post-875","page","type-page","status-publish"],"_links":{"self":[{"href":"https:\/\/www.eco-innovation.eu\/fr\/wp-json\/wp\/v2\/pages\/875","targetHints":{"allow":["GET"]}}],"collection":[{"href":"https:\/\/www.eco-innovation.eu\/fr\/wp-json\/wp\/v2\/pages"}],"about":[{"href":"https:\/\/www.eco-innovation.eu\/fr\/wp-json\/wp\/v2\/types\/page"}],"author":[{"embeddable":true,"href":"https:\/\/www.eco-innovation.eu\/fr\/wp-json\/wp\/v2\/users\/1"}],"replies":[{"embeddable":true,"href":"https:\/\/www.eco-innovation.eu\/fr\/wp-json\/wp\/v2\/comments?post=875"}],"version-history":[{"count":1,"href":"https:\/\/www.eco-innovation.eu\/fr\/wp-json\/wp\/v2\/pages\/875\/revisions"}],"predecessor-version":[{"id":876,"href":"https:\/\/www.eco-innovation.eu\/fr\/wp-json\/wp\/v2\/pages\/875\/revisions\/876"}],"wp:attachment":[{"href":"https:\/\/www.eco-innovation.eu\/fr\/wp-json\/wp\/v2\/media?parent=875"}],"curies":[{"name":"wp","href":"https:\/\/api.w.org\/{rel}","templated":true}]}}