{"id":860,"date":"2022-07-22T08:31:36","date_gmt":"2022-07-22T08:31:36","guid":{"rendered":"https:\/\/www.eco-innovation.eu\/?page_id=860"},"modified":"2023-03-20T07:45:55","modified_gmt":"2023-03-20T07:45:55","slug":"diaetoxil","status":"publish","type":"page","link":"https:\/\/www.eco-innovation.eu\/fr\/diaetoxil\/","title":{"rendered":"Diaetoxil Avis Medical &#8211; Diaetoxil capsules 600 mg &#8211; G\u00e9lules Prix en pharmacie"},"content":{"rendered":"<p><img loading=\"lazy\" decoding=\"async\" class=\"aligncenter size-full wp-image-861\" src=\"https:\/\/www.eco-innovation.eu\/wp-content\/uploads\/2022\/07\/Diaetoxil-Avis.jpg\" alt=\"Diaetoxil Avis\" width=\"550\" height=\"361\" srcset=\"https:\/\/www.eco-innovation.eu\/wp-content\/uploads\/2022\/07\/Diaetoxil-Avis.jpg 550w, https:\/\/www.eco-innovation.eu\/wp-content\/uploads\/2022\/07\/Diaetoxil-Avis-300x197.jpg 300w\" sizes=\"auto, (max-width: 550px) 100vw, 550px\" \/><\/p>\n<p><strong>Pr\u00e8s de la moiti\u00e9 des citoyens souhaitent perdre du poids ou avoir un corps plus beau et plus mince. Environ 19 millions de personnes sont concern\u00e9es par un surpoids important ou une ob\u00e9sit\u00e9. Mais les objectifs des r\u00e9gimes sont souvent difficiles \u00e0 atteindre et les personnes concern\u00e9es cherchent de nouvelles approches pour perdre des kilos le plus rapidement et le plus facilement possible. Les pr\u00e9parations amaigrissantes telles que le Diaetoxil promettent pr\u00e9cis\u00e9ment ces succ\u00e8s gr\u00e2ce \u00e0 une intervention douce mais efficace sur le m\u00e9tabolisme.<\/strong><\/p>\n<div class=\"sue-section\" data-url=\"\" data-target=\"blank\" style=\"margin:0px 0px 0px 0px;border-top:1px solid #cccccc;border-bottom:1px solid #cccccc\"><div class=\"sue-section-background\" style=\"background-color:#f8f8f8;background-position:left top;\"><\/div><div class=\"sue-section-content sue-content-wrap\" style=\"padding:30px 0px 30px 0px;max-width:960px;text-align:left;color:#333333;text-shadow:0px 1px 10px #ffffff\">\n<h2>G\u00e9lules Diaetoxil Avis &#8211; Les faits<\/h2>\n<div class=\"su-list\" style=\"margin-left:0px\">\n<ul>\n<li><i class=\"sui sui-caret-right\" style=\"color:#FE9408\"><\/i> <strong>Les effets possibles<\/strong>\n<ul>\n<li><i class=\"sui sui-caret-right\" style=\"color:#FE9408\"><\/i> R\u00e9duit les fringales et la sensation de faim<\/li>\n<li><i class=\"sui sui-caret-right\" style=\"color:#FE9408\"><\/i> Br\u00fble les graisses et diminue ainsi le taux de graisse corporelle<\/li>\n<li><i class=\"sui sui-caret-right\" style=\"color:#FE9408\"><\/i> Un \u00e9claircissement de l&rsquo;humeur est possible<\/li>\n<li><i class=\"sui sui-caret-right\" style=\"color:#FE9408\"><\/i> Plus d&rsquo;\u00e9nergie dans le corps humain<\/li>\n<\/ul>\n<\/li>\n<li><i class=\"sui sui-caret-right\" style=\"color:#FE9408\"><\/i> Pour les hommes et les femmes<\/li>\n<li><i class=\"sui sui-caret-right\" style=\"color:#FE9408\"><\/i> <strong>Maintenant <a href=\"https:\/\/www.eco-innovation.eu\/go\/diaetoxil-fr\" target=\"_blank\" rel=\"nofollow noopener\">disponible avec 50% de r\u00e9duction<\/a><\/strong><\/li>\n<li><i class=\"sui sui-caret-right\" style=\"color:#FE9408\"><\/i> Sans ordonnance<\/li>\n<li><i class=\"sui sui-caret-right\" style=\"color:#FE9408\"><\/i> Livraison gratuite<\/li>\n<\/ul>\n<\/div>\n<p>&nbsp;<\/p>\n<h2>\u00c9valuation de Diaetoxil<\/h2>\n<p><big><strong>\u00c9valuation : \u2b50\u2b50\u2b50\u2b50\u2b50 (<span style=\"color: #008000;\">5 sur 5 \u00e9toiles<\/span>)<\/strong><\/big><\/p>\n<p>&nbsp;<\/p>\n<h2>Acheter Diaetoxil<\/h2>\n<div class=\"su-button-center\"><a href=\"https:\/\/www.eco-innovation.eu\/go\/diaetoxil-fr\" class=\"su-button su-button-style-3d\" style=\"color:#FFFFFF;background-color:#2D89EF;border-color:#246ec0;border-radius:9px;-moz-border-radius:9px;-webkit-border-radius:9px\" target=\"_blank\" rel=\"nofollow\"><span style=\"color:#FFFFFF;padding:0px 24px;font-size:18px;line-height:36px;border-color:#6cadf4;border-radius:9px;-moz-border-radius:9px;-webkit-border-radius:9px;text-shadow:none;-moz-text-shadow:none;-webkit-text-shadow:none\"> Acheter Diaetoxil avec 50% de r\u00e9duction<\/span><\/a><\/div>\n<p>&nbsp;<\/p>\n<\/div><\/div>\n<p>&nbsp;<\/p>\n<div class=\"sue-section\" data-url=\"\" data-target=\"blank\" style=\"margin:0px 0px 0px 0px;border-top:1px solid #cccccc;border-bottom:1px solid #cccccc\"><div class=\"sue-section-background\" style=\"background-color:#f8f8f8;background-position:left top;\"><\/div><div class=\"sue-section-content sue-content-wrap\" style=\"padding:30px 0px 30px 0px;max-width:960px;text-align:left;color:#333333;text-shadow:0px 1px 10px #ffffff\">\n<h2>Prix du dia\u00e9toxil<\/h2>\n<p><strong>Prix et co\u00fbts du Diaetoxil :<\/strong><\/p>\n<ul>\n<li>1 bo\u00eete : 49,90 \u20ac<\/li>\n<li>3 bo\u00eetes : 99,90 \u20ac.<\/li>\n<li>6 bo\u00eetes : 149,90 \u20ac (plus de 50% de r\u00e9duction)<\/li>\n<\/ul>\n<div class=\"su-button-center\"><a href=\"https:\/\/www.eco-innovation.eu\/go\/diaetoxil-fr\" class=\"su-button su-button-style-3d\" style=\"color:#FFFFFF;background-color:#2D89EF;border-color:#246ec0;border-radius:9px;-moz-border-radius:9px;-webkit-border-radius:9px\" target=\"_blank\" rel=\"nofollow\"><span style=\"color:#FFFFFF;padding:0px 24px;font-size:18px;line-height:36px;border-color:#6cadf4;border-radius:9px;-moz-border-radius:9px;-webkit-border-radius:9px;text-shadow:none;-moz-text-shadow:none;-webkit-text-shadow:none\"> Obtenir le prix discount<\/span><\/a><\/div>\n<\/div><\/div>\n<p>&nbsp;<\/p>\n\n<h2>Diaetoxil Avis Forum<\/h2>\n<p><strong>Qu&rsquo;est-ce que Diaetoxil et \u00e0 qui est-il destin\u00e9 ?<\/strong><\/p>\n<p>Selon les indications du fabricant, le produit a \u00e9t\u00e9 d\u00e9velopp\u00e9 par une \u00e9quipe d&rsquo;experts compos\u00e9e de nutritionnistes et de m\u00e9decins.<\/p>\n<p><strong>La formule est destin\u00e9e aux personnes,<\/strong><\/p>\n<ul>\n<li>qui souhaitent perdre du poids<\/li>\n<li>sont confront\u00e9es \u00e0 des fluctuations de poids<\/li>\n<li>souffrent d&rsquo;ob\u00e9sit\u00e9.<\/li>\n<\/ul>\n<p>La formule active vise \u00e0 r\u00e9duire l&rsquo;absorption de nouvelles calories et \u00e0 stimuler la combustion des graisses par le biais de diff\u00e9rentes approches.<\/p>\n<p>Diaetoxil 600 mg est donc une aide \u00e0 la perte de poids qui doit aider les personnes concern\u00e9es par le surpoids \u00e0 perdre du poids le plus facilement possible chez elles et de mani\u00e8re autonome.<\/p>\n<p>Le principe consiste \u00e0 prendre une \u00e0 deux g\u00e9lules de Diaetoxil par jour.<\/p>\n<p><strong>Selon le fabricant, les personnes qui prennent r\u00e9guli\u00e8rement Diaetoxil devraient obtenir les effets suivants :<\/strong><\/p>\n<ul>\n<li>r\u00e9duire l&rsquo;app\u00e9tit<\/li>\n<li>pr\u00e9vention des fringales<\/li>\n<li>Activation du m\u00e9tabolisme<\/li>\n<li>Am\u00e9lioration de l&rsquo;humeur gr\u00e2ce \u00e0 la diminution de la faim<\/li>\n<li>augmentation du m\u00e9tabolisme des graisses<\/li>\n<li>r\u00e9duction significative du poids<\/li>\n<li>atteindre un poids stable.<\/li>\n<\/ul>\n<p>Les clients obtiennent tout cela gr\u00e2ce \u00e0 une composition d&rsquo;ingr\u00e9dients purement naturels. Diaetoxil ne contient pas d&rsquo;additifs chimiques, d&rsquo;agents de remplissage, d&rsquo;agents gonflants ou d&rsquo;ajouts de prot\u00e9ines.<\/p>\n<h2>S\u00e9rieux<\/h2>\n<p><strong>Diaetoxil est-il s\u00e9rieux ?<\/strong><\/p>\n<p>Diaetoxil est un produit de perte de poids s\u00e9rieux avec des ingr\u00e9dients \u00e9prouv\u00e9s d&rsquo;un fabricant allemand.<\/p>\n<h2>Fabricant<\/h2>\n<p>Le fabricant de <a href=\"https:\/\/diaetoxil-fr.fr\/\" target=\"_blank\" rel=\"noopener\">Diaetoxil<\/a>, Best Media Web Ltd, commercialise actuellement le produit exclusivement en ligne.<\/p>\n<h2>Effet<\/h2>\n<p>Le mode d&rsquo;action de Diaetoxil 620 mg vise tout d&rsquo;abord \u00e0 augmenter la sensation de sati\u00e9t\u00e9. Ainsi, d\u00e8s les premiers jours de prise, les utilisateurs constatent les premiers r\u00e9sultats encourageants.<br \/>\nLorsque l&rsquo;app\u00e9tit et les fringales disparaissent, le calme revient dans la vie des personnes en surpoids et la mauvaise conscience permanente li\u00e9e \u00e0 la nourriture dispara\u00eet.<\/p>\n<p>La formule pr\u00e9voit en outre une intervention douce dans le m\u00e9tabolisme. Des acides amin\u00e9s sont ajout\u00e9s pour am\u00e9liorer le transport des nutriments et des graisses.<\/p>\n<p>De cette mani\u00e8re, le corps est encourag\u00e9 \u00e0 utiliser les graisses stock\u00e9es comme source d&rsquo;\u00e9nergie. Si l&rsquo;organisme peut \u00e0 nouveau reconna\u00eetre les d\u00e9p\u00f4ts comme un pr\u00e9cieux r\u00e9servoir d&rsquo;\u00e9nergie, l&rsquo;absorption de nouvelles graisses est automatiquement att\u00e9nu\u00e9e.<\/p>\n<p>Les acides amin\u00e9s stimulent l&rsquo;ensemble du m\u00e9tabolisme et peuvent compenser les d\u00e9s\u00e9quilibres caus\u00e9s par un mauvais comportement alimentaire.<\/p>\n<p>Gr\u00e2ce \u00e0 l&rsquo;apport d&rsquo;un acide de fruit tr\u00e8s particulier et de pr\u00e9cieux antioxydants, le corps se purifie et se s\u00e9pare des toxines m\u00e9taboliques et des substances qui ne lui sont pas b\u00e9n\u00e9fiques.<\/p>\n<div class=\"su-button-center\"><a href=\"https:\/\/www.eco-innovation.eu\/go\/diaetoxil-fr\" class=\"su-button su-button-style-3d\" style=\"color:#FFFFFF;background-color:#2D89EF;border-color:#246ec0;border-radius:9px;-moz-border-radius:9px;-webkit-border-radius:9px\" target=\"_blank\" rel=\"nofollow\"><span style=\"color:#FFFFFF;padding:0px 24px;font-size:18px;line-height:36px;border-color:#6cadf4;border-radius:9px;-moz-border-radius:9px;-webkit-border-radius:9px;text-shadow:none;-moz-text-shadow:none;-webkit-text-shadow:none\"> Acheter Diaetoxil avec 50% de r\u00e9duction<\/span><\/a><\/div>\n<p>&nbsp;<\/p>\n<h2>Composition<\/h2>\n<p>Heureusement, le produit se contente d&rsquo;ingr\u00e9dients purement naturels.<\/p>\n<p><strong>Une g\u00e9lule de Diaetoxil contient :<\/strong><\/p>\n<ul>\n<li>100 mg de L-arginine<\/li>\n<li>100 mg de L-carnitine<\/li>\n<li>50 mg d&rsquo;extrait de garcinia cambogia.<\/li>\n<\/ul>\n<h3>Qu&rsquo;est-ce que la L-arginine ?<\/h3>\n<p>La L-arginine est un acide amin\u00e9 semi-essentiel naturellement pr\u00e9sent dans le corps humain. Elle est consid\u00e9r\u00e9e comme semi-essentielle parce qu&rsquo;un organisme peut, au sens strict, survivre sans elle. N\u00e9anmoins, la L-arginine est indispensable aux personnes qui souhaitent avoir un corps mince et bien irrigu\u00e9.<\/p>\n<p>Cet acide amin\u00e9 joue un r\u00f4le dans le m\u00e9tabolisme cellulaire et dans la formation des fibres tissulaires, y compris les cellules musculaires. Il a \u00e9t\u00e9 d\u00e9montr\u00e9 que la L-arginine peut am\u00e9liorer la circulation sanguine dans le corps. Cet effet est probablement d\u00fb \u00e0 une am\u00e9lioration de la structure cellulaire dans les vaisseaux sanguins.<\/p>\n<p>Les sportifs professionnels utilisent de pr\u00e9f\u00e9rence la L-arginine pour d\u00e9velopper rapidement des muscles fermes et am\u00e9liorer leurs performances.<\/p>\n<p>Des scientifiques asiatiques ont \u00e9tudi\u00e9 le mode d&rsquo;action de la L-arginine en cas d&rsquo;ob\u00e9sit\u00e9. Il s&rsquo;est av\u00e9r\u00e9 que l&rsquo;ajout de cet acide amin\u00e9 permettait de r\u00e9duire consid\u00e9rablement l&rsquo;absorption de graisse de l&rsquo;intestin dans le m\u00e9tabolisme. La masse musculaire des volontaires a augment\u00e9 de 13 % \u00e0 30 % sans programme sportif particulier et les taux de lipides et de glyc\u00e9mie se sont normalis\u00e9s.<\/p>\n<h3>Qu&rsquo;est-ce que la L-carnitine ?<\/h3>\n<p>La L-carnitine est \u00e9galement un acide amin\u00e9 semi-essentiel qui est normalement form\u00e9 dans le corps \u00e0 partir d&rsquo;autres acides amin\u00e9s.<\/p>\n<p>Les fonctions de la L-carnitine sont des fonctions de transport. Cet acide amin\u00e9 est notamment responsable du transport des graisses via la circulation sanguine vers les fours \u00e0 combustible des cellules. Si le corps manque de L-carnitine, les graisses stock\u00e9es ne peuvent pas \u00eatre reconverties en \u00e9nergie.<\/p>\n<p>Le corps peut en outre utiliser toutes les r\u00e9serves de L-carnitine pour absorber de nouvelles graisses dans l&rsquo;intestin. Si ce processus est frein\u00e9 par la L-arginine, les suppl\u00e9ments de L-carnitine peuvent se consacrer enti\u00e8rement \u00e0 la d\u00e9gradation des graisses endog\u00e8nes.<\/p>\n<p>Les \u00e9tudes consacr\u00e9es \u00e0 l&rsquo;effet de la L-carnitine seule ont abouti \u00e0 des r\u00e9sultats diff\u00e9rents.<br \/>\nAinsi, certaines personnes test\u00e9es n&rsquo;ont pratiquement pas perdu de poids en prenant 4 grammes de L-carnitine par jour.<br \/>\nEn revanche, dans un groupe t\u00e9moin, les participants ont perdu jusqu&rsquo;\u00e0 25 % de graisse corporelle en quatre semaines en prenant 3 grammes de L-carnitine par jour.<\/p>\n<p>En plus de la prise de L-carnitine, le groupe de comparaison qui a r\u00e9ussi a suivi un programme d&rsquo;exercices physiques l\u00e9gers et a re\u00e7u une alimentation l\u00e9g\u00e8rement r\u00e9duite en hydrates de carbone. Ces petits changements ont \u00e9t\u00e9 suffisants pour am\u00e9liorer nettement l&rsquo;effet de l&rsquo;acide amin\u00e9.<\/p>\n<p>Pour que les utilisateurs de Diaetoxil H\u00f6hle der L\u00f6wen puissent b\u00e9n\u00e9ficier de tous les effets de la L-carnitine, les experts misent sur une administration combin\u00e9e avec de la L-arginine. La prise de Diaetoxil ne n\u00e9cessite pas de programme sportif ou de changement d&rsquo;alimentation. Le fabricant l&rsquo;indique express\u00e9ment.<\/p>\n<h3>Qu&rsquo;est-ce que l&rsquo;extrait de garcinia cambogia ?<\/h3>\n<p>Le garcinia cambogia est un arbre originaire d&rsquo;Asie, parfois appel\u00e9 tamarin de Malabar. Les fruits de cet arbre \u00e0 feuilles persistantes, qui peut atteindre 20 m\u00e8tres de haut, sont consid\u00e9r\u00e9s comme une sp\u00e9cialit\u00e9 dans la cuisine de l&rsquo;Inde et du Sri Lanka.<\/p>\n<p>Dans l&rsquo;Ayurveda, le garcinia cambogia sert de rem\u00e8de naturel contre les troubles digestifs, les parasites intestinaux, les \u00e9tats douloureux chroniques et pour augmenter la force vitale.<\/p>\n<p>En Occident, le fruit a \u00e9t\u00e9 rendu c\u00e9l\u00e8bre par le Dr \u00d6z, m\u00e9decin am\u00e9ricano-turc et sp\u00e9cialiste de la minceur. Celui-ci a pr\u00e9sent\u00e9 le fruit Garcinia Cambogia dans le cadre d&rsquo;un livre et de son \u00e9mission t\u00e9l\u00e9vis\u00e9e, ce qui a permis au fruit de se faire conna\u00eetre dans le monde entier.<\/p>\n<p>La principale substance active du fruit est connue et \u00e9tudi\u00e9e depuis bien plus longtemps. En 1965, des scientifiques am\u00e9ricains ont \u00e9tudi\u00e9 le garcinia cambogia et l&rsquo;acide hydroxycitrique (HCA) du fruit.<br \/>\nD\u00e9j\u00e0 \u00e0 l&rsquo;\u00e9poque, d&rsquo;excellents r\u00e9sultats ont \u00e9t\u00e9 obtenus dans la r\u00e9duction de l&rsquo;app\u00e9tit, si bien que le g\u00e9ant pharmaceutique suisse La Roche s&rsquo;est rapidement assur\u00e9 les droits de l&rsquo;acide hydroxycitrique de synth\u00e8se.<\/p>\n<p>Gr\u00e2ce \u00e0 ce nouveau boom, le fruit a de nouveau \u00e9t\u00e9 examin\u00e9 \u00e0 la loupe par les scientifiques. Il s&rsquo;est av\u00e9r\u00e9 que le garcinia cambogia contient un nombre inhabituellement \u00e9lev\u00e9 d&rsquo;antioxydants. Ces substances sont connues pour \u00e9liminer les d\u00e9chets du m\u00e9tabolisme et d\u00e9toxifier le corps. Cet effet contribue \u00e9galement \u00e0 la perte de poids, car un corps purifi\u00e9 dispose d&rsquo;un m\u00e9tabolisme plus rapide qui transforme plus de calories.<\/p>\n<h2>Capsules amaigrissantes Diaetoxil : utilisation et prise<\/h2>\n<p>Le fabricant recommande la prise d&rsquo;une \u00e0 deux g\u00e9lules par jour.<\/p>\n<p>Les utilisateurs souffrant d&rsquo;un l\u00e9ger surpoids peuvent obtenir de bons r\u00e9sultats avec une seule capsule. Les personnes souffrant d&rsquo;un fort surpoids ou d&rsquo;ob\u00e9sit\u00e9 obtiennent de meilleurs r\u00e9sultats et plus rapidement avec deux g\u00e9lules.<\/p>\n<p>Il ne faut pas utiliser plus de Diaetoxil par jour. Une augmentation de la quantit\u00e9 prise n&rsquo;am\u00e9liorerait pas les effets.<\/p>\n<p>Les g\u00e9lules de Diaetoxil sont prises environ 15 \u00e0 30 minutes avant le d\u00e9jeuner ou le d\u00eener. Il est pr\u00e9f\u00e9rable de prendre les g\u00e9lules avant le repas contenant le plus grand nombre de calories.<\/p>\n<p>Les g\u00e9lules Diaetoxil seri\u00f6s sont g\u00e9n\u00e9ralement tr\u00e8s digestes, mais doivent \u00eatre prises avec 250 ml d&rsquo;eau. Juste apr\u00e8s la prise et pendant le repas, il faut boire 250 ml d&rsquo;eau suppl\u00e9mentaires. Ce n&rsquo;est qu&rsquo;ainsi que les g\u00e9lules se dissolvent de mani\u00e8re optimale dans l&rsquo;estomac et l&rsquo;intestin et d\u00e9ploient leur pleine efficacit\u00e9.<\/p>\n<p>Les utilisateurs qui ont des difficult\u00e9s \u00e0 avaler les g\u00e9lules ou qui souhaitent \u00e9viter la g\u00e9latine (v\u00e9g\u00e9taliens et v\u00e9g\u00e9tariens) peuvent ouvrir les g\u00e9lules Diaetoxil et m\u00e9langer la poudre dans un verre d&rsquo;eau plate.<\/p>\n<p>Les premiers r\u00e9sultats apparaissent d\u00e9j\u00e0 apr\u00e8s quelques jours. L&rsquo;app\u00e9tit diminue et un sentiment de satisfaction s&rsquo;installe. Apr\u00e8s une \u00e0 deux semaines, la balance commence alors \u00e0 indiquer des pertes de poids significatives. La plupart des utilisateurs obtiennent de meilleurs r\u00e9sultats entre quatre et douze semaines.<\/p>\n<p>En moyenne, les clients ach\u00e8tent trois bo\u00eetes de g\u00e9lules Diaetoxil jusqu&rsquo;\u00e0 ce qu&rsquo;ils atteignent le poids souhait\u00e9.<\/p>\n<p>Apr\u00e8s la perte de poids, il est possible de continuer \u00e0 prendre Diaetoxil pour maintenir le poids. Une capsule tous les deux ou trois jours suffit alors.<\/p>\n<h2>Les g\u00e9lules Diaetoxil ont-elles des interactions et des effets secondaires ?<\/h2>\n<p>Diaetoxil 620 mg\u00a0 est une pr\u00e9paration amaigrissante tr\u00e8s douce, bas\u00e9e sur des ingr\u00e9dients tr\u00e8s digestes et naturels.<\/p>\n<p>Les substances actives ont fait l&rsquo;objet de recherches m\u00e9dicales et ont \u00e9t\u00e9 test\u00e9es. Des \u00e9tudes sur l&rsquo;administration de L-arginine et de L-carnitine n&rsquo;ont r\u00e9v\u00e9l\u00e9 aucun effet secondaire, m\u00eame en cas d&rsquo;administration de quantit\u00e9s \u00e9lev\u00e9es. Les quantit\u00e9s excessives sont simplement \u00e9limin\u00e9es par le corps.<\/p>\n<p>Dans le cas du garcinia cambogia, des \u00e9tudes ont montr\u00e9 une l\u00e9g\u00e8re interaction avec des m\u00e9dicaments qui modifient l&rsquo;\u00e9quilibre de la s\u00e9rotonine (entre autres les antid\u00e9presseurs). En outre, des quantit\u00e9s excessives de garcinia cambogia peuvent irriter le foie.<\/p>\n<p>Les utilisateurs doivent donc s&rsquo;en tenir strictement \u00e0 la dose maximale recommand\u00e9e de deux g\u00e9lules par jour (en cas de fort surpoids).<\/p>\n<p>La vid\u00e9o est introuvable sur Youtube, mais on entend r\u00e9guli\u00e8rement la rumeur selon laquelle Diaetoxil aurait \u00e9t\u00e9 pr\u00e9sent\u00e9 dans l&rsquo;\u00e9mission \u00ab\u00a0H\u00f6hle der L\u00f6wen\u00a0\u00bb.<\/p>\n<h2>Qui ne doit pas utiliser le produit ?<\/h2>\n<p>Les compl\u00e9ments alimentaires tels que Diaetoxil ne conviennent pas aux enfants et aux adolescents. Les client(e)s qui souhaitent acheter Diaetoxil de mani\u00e8re s\u00e9rieuse doivent avoir plus de 18 ans, preuve \u00e0 l&rsquo;appui.<\/p>\n<p>Les femmes enceintes et les m\u00e8res qui allaitent ne devraient pas suivre de r\u00e9gime et donc ne pas prendre de produits comme Diaetoxil. Les femmes qui ont pris du poids pendant leur grossesse peuvent prendre du Diaetoxil apr\u00e8s avoir sevr\u00e9 leur b\u00e9b\u00e9.<\/p>\n<p>Les personnes souffrant de maladies graves ou de troubles organiques et prenant des m\u00e9dicaments puissants doivent toujours consulter leur m\u00e9decin traitant au pr\u00e9alable avant de prendre des compl\u00e9ments alimentaires comme le Diaetoxil.<\/p>\n<h2>Pharmacie<\/h2>\n<p>Diaetoxil en pharmacie ? &#8211; Le produit n&rsquo;est disponible que dans la boutique en ligne officielle du fabricant.<\/p>\n<h2>T\u00e9moignages et \u00e9valuations des clients<\/h2>\n<p>La distribution de Diaetoxil composition est exclusivement assur\u00e9e par les sites Internet et les boutiques en ligne du fabricant.<\/p>\n<p>Dans les syst\u00e8mes d&rsquo;\u00e9valuation de la boutique en ligne, le produit obtient 4,8 \u00e9toiles sur 5.<\/p>\n<p>Si l&rsquo;on regarde les \u00e9valuations de plus pr\u00e8s, on constate tr\u00e8s vite que l&rsquo;efficacit\u00e9 de Diaetoxil est confirm\u00e9e sans exception. Les seules critiques portent parfois sur le fait que le produit ne peut pas \u00eatre achet\u00e9 sur facture et que des retards de livraison ont \u00e9t\u00e9 constat\u00e9s dans certains cas.<\/p>\n<p>Diaetoxil peut donc \u00eatre consid\u00e9r\u00e9 comme une pr\u00e9paration s\u00e9rieuse et efficace pour la perte de poids.<\/p>\n<p>&nbsp;<\/p>\n<h2>Acheter du Diaetoxil \u00e0 bas prix en pharmacie<\/h2>\n<div class=\"su-button-center\"><a href=\"https:\/\/www.eco-innovation.eu\/go\/diaetoxil-de\" class=\"su-button su-button-style-3d\" style=\"color:#FFFFFF;background-color:#2D89EF;border-color:#246ec0;border-radius:9px;-moz-border-radius:9px;-webkit-border-radius:9px\" target=\"_blank\" rel=\"nofollow\"><span style=\"color:#FFFFFF;padding:0px 24px;font-size:18px;line-height:36px;border-color:#6cadf4;border-radius:9px;-moz-border-radius:9px;-webkit-border-radius:9px;text-shadow:none;-moz-text-shadow:none;-webkit-text-shadow:none\"> Acheter Diaetoxil avec 50% de r\u00e9duction<\/span><\/a><\/div>\n","protected":false},"excerpt":{"rendered":"<p>Pr\u00e8s de la moiti\u00e9 des citoyens souhaitent perdre du poids ou avoir un corps plus beau et plus mince. Environ 19 millions de personnes sont concern\u00e9es par un surpoids important ou une ob\u00e9sit\u00e9. Mais les objectifs des r\u00e9gimes sont souvent difficiles \u00e0 atteindre et les personnes concern\u00e9es cherchent de nouvelles approches pour perdre des kilos &#8230; <a title=\"Diaetoxil Avis Medical &#8211; Diaetoxil capsules 600 mg &#8211; G\u00e9lules Prix en pharmacie\" class=\"read-more\" href=\"https:\/\/www.eco-innovation.eu\/fr\/diaetoxil\/\" aria-label=\"Plus sur Diaetoxil Avis Medical &#8211; Diaetoxil capsules 600 mg &#8211; G\u00e9lules Prix en pharmacie\">Lire plus<\/a><\/p>\n","protected":false},"author":1,"featured_media":0,"parent":0,"menu_order":0,"comment_status":"closed","ping_status":"closed","template":"","meta":{"footnotes":""},"class_list":["post-860","page","type-page","status-publish"],"_links":{"self":[{"href":"https:\/\/www.eco-innovation.eu\/fr\/wp-json\/wp\/v2\/pages\/860","targetHints":{"allow":["GET"]}}],"collection":[{"href":"https:\/\/www.eco-innovation.eu\/fr\/wp-json\/wp\/v2\/pages"}],"about":[{"href":"https:\/\/www.eco-innovation.eu\/fr\/wp-json\/wp\/v2\/types\/page"}],"author":[{"embeddable":true,"href":"https:\/\/www.eco-innovation.eu\/fr\/wp-json\/wp\/v2\/users\/1"}],"replies":[{"embeddable":true,"href":"https:\/\/www.eco-innovation.eu\/fr\/wp-json\/wp\/v2\/comments?post=860"}],"version-history":[{"count":5,"href":"https:\/\/www.eco-innovation.eu\/fr\/wp-json\/wp\/v2\/pages\/860\/revisions"}],"predecessor-version":[{"id":2023,"href":"https:\/\/www.eco-innovation.eu\/fr\/wp-json\/wp\/v2\/pages\/860\/revisions\/2023"}],"wp:attachment":[{"href":"https:\/\/www.eco-innovation.eu\/fr\/wp-json\/wp\/v2\/media?parent=860"}],"curies":[{"name":"wp","href":"https:\/\/api.w.org\/{rel}","templated":true}]}}