{"id":513,"date":"2022-06-08T13:56:35","date_gmt":"2022-06-08T13:56:35","guid":{"rendered":"https:\/\/www.eco-innovation.eu\/?page_id=513"},"modified":"2022-07-04T14:11:01","modified_gmt":"2022-07-04T14:11:01","slug":"via-keto-avis","status":"publish","type":"page","link":"https:\/\/www.eco-innovation.eu\/fr\/via-keto-avis\/","title":{"rendered":"Acheter Via Keto Keto BHB Capsules en Pharmacie &#8211; G\u00e9lules Avis Forum et Prix"},"content":{"rendered":"<p><strong>Vous avez envie de vous d\u00e9barrasser de votre graisse corporelle ? C&rsquo;est tout \u00e0 fait possible. En effet, le fait de prendre assez de graisse corporelle est g\u00e9n\u00e9ralement d\u00fb \u00e0 un taux m\u00e9tabolique bas. Avoir un faible taux m\u00e9tabolique permet au corps d&rsquo;attirer trop de graisse et de la stocker dans diff\u00e9rentes parties de l&rsquo;organisme. Cela peut donc donner l&rsquo;impression que vous \u00eates ob\u00e8se. Une telle situation peut engendrer par la suite des probl\u00e8mes de sant\u00e9 pouvant affecter votre sant\u00e9 mentale et physique. <\/strong><\/p>\n<p><strong>L&rsquo;une des solutions pour \u00e9viter le stockage de graisse corporelle dans le corps consiste \u00e0 consommer des produits m\u00e9dicaux. Ces produits sont des suppl\u00e9ments puissants 100 % sains. L&rsquo;un des produits disponibles sur le march\u00e9 est le Via Keto Capsules. Ce produit offre de multiples avantages. Il vous permet principalement de booster votre digestion afin d&rsquo;acc\u00e9l\u00e9rer le processus de combustion des graisses pr\u00e9sentes dans votre corps.<\/strong><\/p>\n<div class=\"sue-panel sue-panel-clickable\" data-url=\"https:\/\/www.eco-innovation.eu\/go\/viaketo-fr\" data-target=\"blank\" style=\"background-color:#ffffff;color:#333333;border-radius:5px;-moz-border-radius:5px;-webkit-border-radius:5px;box-shadow:2px 1px 2px #eeeeee;-moz-box-shadow:2px 1px 2px #eeeeee;-webkit-box-shadow:2px 1px 2px #eeeeee;border:3px dashed #0277BD\"><div class=\"sue-panel-content sue-content-wrap\" style=\"padding:15px;text-align:left\">\n<h2>Via Keto Avis<\/h2>\n<p>&nbsp;<\/p>\n<p><a href=\"https:\/\/www.eco-innovation.eu\/go\/viaketo-fr\" target=\"_blank\" rel=\"nofollow noopener\"><img loading=\"lazy\" decoding=\"async\" class=\"aligncenter size-full wp-image-455\" src=\"https:\/\/www.eco-innovation.eu\/wp-content\/uploads\/2022\/06\/via-keto.jpg\" alt=\"via keto\" width=\"400\" height=\"400\" srcset=\"https:\/\/www.eco-innovation.eu\/wp-content\/uploads\/2022\/06\/via-keto.jpg 400w, https:\/\/www.eco-innovation.eu\/wp-content\/uploads\/2022\/06\/via-keto-300x300.jpg 300w, https:\/\/www.eco-innovation.eu\/wp-content\/uploads\/2022\/06\/via-keto-150x150.jpg 150w\" sizes=\"auto, (max-width: 400px) 100vw, 400px\" \/><\/a><\/p>\n<p>&nbsp;<\/p>\n<div class=\"su-list\" style=\"margin-left:0px\">\n<ul>\n<li><i class=\"sui sui-check\" style=\"color:#419FD2\"><\/i> <span style=\"color: #008000;\"><strong>Ce produit est notre vainqueur du test en 2022<\/strong><\/span><\/li>\n<li><i class=\"sui sui-check\" style=\"color:#419FD2\"><\/i> Les meilleures g\u00e9lules amaigrissantes (br\u00fbleurs de graisse)<\/li>\n<li><i class=\"sui sui-check\" style=\"color:#419FD2\"><\/i> <strong>Avec des ingr\u00e9dients naturels et efficaces<\/strong><\/li>\n<li><i class=\"sui sui-check\" style=\"color:#419FD2\"><\/i> <strong>Peut aider \u00e0 :<\/strong>\n<ul>\n<li><i class=\"sui sui-check\" style=\"color:#419FD2\"><\/i> R\u00e9duction du taux de graisse corporelle<\/li>\n<li><i class=\"sui sui-check\" style=\"color:#419FD2\"><\/i> R\u00e9duction des fringales<\/li>\n<li><i class=\"sui sui-check\" style=\"color:#419FD2\"><\/i> Augmentation de la masse musculaire<\/li>\n<li><i class=\"sui sui-check\" style=\"color:#419FD2\"><\/i> Changement positif de l&rsquo;humeur<\/li>\n<li><i class=\"sui sui-check\" style=\"color:#419FD2\"><\/i> Augmentation du niveau d&rsquo;\u00e9nergie<\/li>\n<\/ul>\n<\/li>\n<li><i class=\"sui sui-check\" style=\"color:#419FD2\"><\/i> Convient aux femmes et aux hommes<\/li>\n<li><i class=\"sui sui-check\" style=\"color:#419FD2\"><\/i> Fabriqu\u00e9 en Allemagne selon des directives de qualit\u00e9 tr\u00e8s strictes<\/li>\n<li><i class=\"sui sui-check\" style=\"color:#419FD2\"><\/i> Sans ordonnance et livraison tr\u00e8s rapide (Allemagne, Autriche, Suisse)<\/li>\n<li><i class=\"sui sui-check\" style=\"color:#419FD2\"><\/i> <big>Disponible pendant une courte p\u00e9riode <a href=\"https:\/\/www.eco-innovation.eu\/go\/viaketo-fr\" target=\"_blank\" rel=\"nofollow noopener\"><strong>avec 46% de r\u00e9duction<\/strong><\/a><\/big><\/li>\n<li><i class=\"sui sui-check\" style=\"color:#419FD2\"><\/i> <strong>\u00c9valuation : \u2b50 \u2b50 \u2b50 \u2b50 (5\/5 \u00e9toiles)<\/strong><\/li>\n<\/ul>\n<\/div>\n<div class=\"su-button-center\"><a href=\"https:\/\/www.eco-innovation.eu\/go\/viaketo-fr\" class=\"su-button su-button-style-flat\" style=\"color:#FFFFFF;background-color:#2A8F3C;border-color:#227330;border-radius:9px;-moz-border-radius:9px;-webkit-border-radius:9px\" target=\"_blank\" rel=\"nofollow\"><span style=\"color:#FFFFFF;padding:8px 24px;font-size:18px;line-height:27px;border-color:#6ab177;border-radius:9px;-moz-border-radius:9px;-webkit-border-radius:9px;text-shadow:none;-moz-text-shadow:none;-webkit-text-shadow:none\"><i class=\"sui sui-check\" style=\"font-size:18px;color:#FFFFFF\"><\/i> Acheter VIA KETO avec remise<br \/>\n(-46% de reduction)<\/span><\/a><\/div>\n<\/div><\/div>\n\n<h2>Quels sont les Via Keto BHB capsules ?<\/h2>\n<p>Les Via Keto Capsules sont des suppl\u00e9ments li\u00e9s \u00e0 la sant\u00e9. Leur r\u00f4le principal est d&rsquo;aider le consommateur \u00e0 maintenir son corps en parfaite forme. Ce produit peut vous aider \u00e0 r\u00e9soudre votre probl\u00e8me d&rsquo;ob\u00e9sit\u00e9, mais surtout va <strong>contribuer au bon fonctionnement<\/strong> <strong>de votre organisme<\/strong>. Les Via Keto BHB Capsules peuvent aussi corriger vos sautes d&rsquo;humeur et <strong>am\u00e9liorer votre humeur<\/strong>. Ce produit est facile \u00e0 utiliser et est disponible en diff\u00e9rents packs que vous pourrez acheter <strong>sur le site <\/strong>de l&rsquo;entreprise. Il peut aussi vous aider \u00e0 r\u00e9duire votre anxi\u00e9t\u00e9 et votre tension pour que vous puissiez vaquer \u00e0 vos occupations avec z\u00e9ro stress en \u00e9tant tout d\u00e9tendu.<\/p>\n<p>Les Via Keto Capsules vous permettent \u00e9galement de soulager l&rsquo;inconfort que vous pourriez ressentir \u00e0 cause de l&rsquo;anxi\u00e9t\u00e9 et de la douleur auxquelles vous \u00eates confront\u00e9 dans votre quotidien. En plus des multiples avantages suscit\u00e9s, vous pouvez aussi utiliser ce produit pour soulager vos douleurs corporelles chroniques. Les <strong>Via Keto Capsules<\/strong> sont des compl\u00e9ments sains et ceux qui les ont d\u00e9j\u00e0 consomm\u00e9s n&rsquo;ont laiss\u00e9 que des avis positifs.<\/p>\n<p><img loading=\"lazy\" decoding=\"async\" class=\"aligncenter size-full wp-image-514\" src=\"https:\/\/www.eco-innovation.eu\/wp-content\/uploads\/2022\/06\/viaketo-avis.jpg\" alt=\"viaketo avis\" width=\"650\" height=\"444\" srcset=\"https:\/\/www.eco-innovation.eu\/wp-content\/uploads\/2022\/06\/viaketo-avis.jpg 650w, https:\/\/www.eco-innovation.eu\/wp-content\/uploads\/2022\/06\/viaketo-avis-300x205.jpg 300w\" sizes=\"auto, (max-width: 650px) 100vw, 650px\" \/><\/p>\n<h2>Comment fonctionnent les Via Keto capsules et quel effet promettent-ils?<\/h2>\n<p>Les Via Keto Capsules sont des produits di\u00e9t\u00e9tiques qui aident \u00e0 r\u00e9duire la masse graisseuse. Non seulement ce produit vous aide \u00e0 br\u00fbler vos graisses, mais il vous permet aussi de vous d\u00e9barrasser de vos tissus adipeux ind\u00e9sirables en vous permettant de <strong>retrouver une bonne sant\u00e9<\/strong>. Il s&rsquo;agit d&rsquo;un compl\u00e9ment de r\u00e9duction de poids qui a \u00e9t\u00e9 fabriqu\u00e9 par des sp\u00e9cialistes et a \u00e9t\u00e9 cliniquement test\u00e9.<\/p>\n<h3>Comment fonctionnent les Via Keto Capsules ?<\/h3>\n<p>Les Via Keto Capsules aident le consommateur \u00e0 s&rsquo;assurer que les aliments qu&rsquo;il consomme sont <strong>facilement dig\u00e9r\u00e9s<\/strong> par l&rsquo;organisme. En consommant ce suppl\u00e9ment, vous \u00eates \u00e0 l&rsquo;abri de tout probl\u00e8me de constipation et votre m\u00e9tabolisme est actif. Ce produit vous aide \u00e0 am\u00e9liorer votre r\u00e9gime alimentaire et vous fournit un excellent syst\u00e8me immunitaire.<\/p>\n<p>En d&rsquo;autres termes, les Via Keto Capsules agissent en supprimant votre app\u00e9tit. En consommant ce produit, vos <strong>envies de nourriture<\/strong> inutile seront r\u00e9duites. Par cons\u00e9quent, vous ne mangerez plus trop comme avant et vous pourrez \u00eatre en mesure de maintenir votre forme corporelle saine.<\/p>\n<p>Ce produit peut aussi agir en augmentant votre niveau d&rsquo;\u00e9nergie. Il vous revigore et vous permet d&rsquo;\u00eatre en mouvement. Les <strong>Via Keto Capsules<\/strong> agissent aussi en vous \u00e9vitant de rester trop longtemps sur place. En effet, le fait de rester trop longtemps sur place augmente les chances que votre organisme stocke des exc\u00e8s de graisse. En vous permettant d&rsquo;avoir un excellent niveau d&rsquo;\u00e9nergie pour rester en mouvement, ce produit vous permet d&rsquo;avoir de l&rsquo;endurance et d&rsquo;\u00eatre physiquement vraiment actif.<\/p>\n<p>De plus, les Via Keto Capsules ne vous donnent pas d&rsquo;autres probl\u00e8mes de sant\u00e9. Au contraire, leur consommation vous permettra de vous d\u00e9barrasser de tous vos soucis de sant\u00e9. Comme d\u00e9j\u00e0 \u00e9voqu\u00e9, ces capsules peuvent avoir un grand impact positif sur votre digestion en am\u00e9liorant vos <strong>probl\u00e8mes digestifs<\/strong> et vous permettant de <strong>bien dig\u00e9rer les aliments<\/strong>. Les \u00e9tudes cliniques prouvent aussi qu&rsquo;ils peuvent am\u00e9liorer efficacement la qualit\u00e9 de votre sommeil. En consommant ce produit, vous pourrez aussi b\u00e9n\u00e9ficier d&rsquo;un sommeil r\u00e9parateur.<\/p>\n<h3>Pourquoi consommer les Via Keto Capsules ?<\/h3>\n<p>Il est important de rester d\u00e9tendu, libre de toute tension. Cela permet d&rsquo;avoir un esprit vif et une excellente sant\u00e9 mentale. Le fait d&rsquo;avoir un mauvais mental signifie que vous ressassez des pens\u00e9es distrayantes dans votre esprit. C&rsquo;est aussi la preuve que vous subissez dans votre quotidien un grand stress et cela pourrait impacter n\u00e9gativement votre <strong>sant\u00e9 mentale<\/strong>. Dans la plupart des cas, de telles situations am\u00e8nent \u00e0 se laisser pour compte et \u00e0 d\u00e9velopper des attitudes pouvant impacter n\u00e9gativement la sant\u00e9 physique.<\/p>\n<p>Les produits comme les g\u00e8lules <strong>Via Keto<\/strong> sont donc faits pour r\u00e9soudre ce genre de probl\u00e8mes le plus rapidement possible. Ils conditionnent votre mental \u00e0 rester dans un \u00e9tat d&rsquo;esprit pouvant vous permettre de r\u00e9soudre tous ces soucis. Ces compl\u00e9ments constituent une sorte d&rsquo;aide pour vous \u00e9pauler et vous permettre une bonne transition vers une meilleure sant\u00e9. Vous pouvez les acheter facilement sur le march\u00e9, notamment via le site web de l&rsquo;entreprise.<\/p>\n<p>De plus, la consommation des Via Keto Capsules vous aide \u00e0 br\u00fbler vos graisses et \u00e0 <strong>r\u00e9soudre vos probl\u00e8mes de surpoids <\/strong>sans forc\u00e9ment passer par la salle de gym. Cela vous permet de gagner un temps consid\u00e9rable pour vaquer \u00e0 vos occupations. Les Via Keto Capsules peuvent vous aider de diff\u00e9rentes mani\u00e8res, sans que vous vous ne consommiez de m\u00e9dicaments.<\/p>\n<h2>Posologies &#8211; Comment sont-ils utilis\u00e9s ?<\/h2>\n<p>Les Via Keto Capsules peuvent \u00eatre consomm\u00e9s par toute personne ayant du mal \u00e0 se d\u00e9barrasser de son <strong>exc\u00e8s de graisse<\/strong>. Si vous d\u00e9sirez r\u00e9duire votre app\u00e9tit en supprimant vos envies de nourritures inutiles, vous pouvez consommer ce compl\u00e9ment. Toutefois, le <strong>dosage<\/strong> de ce compl\u00e9ment n&rsquo;est pas recommand\u00e9 aux personnes consommant d\u00e9j\u00e0 d&rsquo;autres m\u00e9dicaments pour d&rsquo;autres soucis de sant\u00e9. Aussi, les enfants et les femmes enceintes doivent aussi \u00e9viter de prendre ce produit. Cela reste quand un produit consommable par les personnes \u00e2g\u00e9es de <strong>20 \u00e0 60 ans<\/strong>. Une consommation quotidienne de ce produit va vous aider \u00e0 obtenir d&rsquo;excellents r\u00e9sultats.<\/p>\n<p>En ce qui concerne la mani\u00e8re d&rsquo;utiliser ce produit, il est recommand\u00e9 de consommer deux comprim\u00e9s par jour. De pr\u00e9f\u00e9rence, il est conseill\u00e9 de consommer les comprim\u00e9s de Via Keto Capsules t\u00f4t le matin et le soir. Lorsque vous consommez ce produit, de votre petit-d\u00e9jeuner \u00e0 votre d\u00eener, veillez \u00e0 respecter un \u00e9cart de<strong> 3 heures<\/strong> entre les repas.<\/p>\n<p>En respectant correctement les consignes de la prise, vous pourrez b\u00e9n\u00e9ficier des avantages de ce produit. Pour profiter de ses multiples avantages de fa\u00e7on constante, vous devez consommer ce produit quotidiennement. Vous verrez que cela booste votre \u00e9nergie et votre endurance. Plus important encore, les <strong>Via Keto Capsules<\/strong> ne pr\u00e9sentent pas d&rsquo;effets secondaires graves. Ce produit a \u00e9t\u00e9 cliniquement test\u00e9 et il n&rsquo;y aucun souci avec la proc\u00e9dure de production.<\/p>\n<h2>Quels sont les ingr\u00e9dients?<\/h2>\n<p>Les Via Keto Capsules sont des produits sains. \u00c0 ce titre, ils ne renferment que des composants de qualit\u00e9 sup\u00e9rieure tels que les c\u00e9tones BHB. Encore appel\u00e9s c\u00e9tones b\u00eata-hydroxybutyrate, les c\u00e9tones BHB une fois ing\u00e9r\u00e9s, permettent \u00e0 l&rsquo;organisme humain de gagner de l&rsquo;\u00e9nergie en puissance. En d&rsquo;autres termes, ce composant vous permet de faire le plein d&rsquo;\u00e9nergie. C&rsquo;est gr\u00e2ce \u00e0 cet ingr\u00e9dient qu&rsquo;apr\u00e8s consommation des <strong>G\u00e9lules Via Keto<\/strong>, vous pourrez exercer toute sorte d&rsquo;activit\u00e9 physique sans vous \u00e9puiser rapidement. Ce produit permet \u00e0 votre organisme de se mettre \u00e0 l&rsquo;abri des fatigues r\u00e9guli\u00e8res.<\/p>\n<p>Pour aider votre organisme dans les situations de fatigue r\u00e9p\u00e9titive, les Via Keto Capsules ont \u00e9t\u00e9 induits avec des c\u00e9tones saines. Le r\u00f4le principal de ces c\u00e9tones est de dynamiser votre organisme de toutes les mani\u00e8res possibles. En plus des c\u00e9tones, les Via Keto Capsules contiennent aussi des composants comme des extraits de <strong>Garcinia Cambogia<\/strong>, de l&rsquo;huile MCT, du chrome, du potassium, etc. Tous ces ingr\u00e9dients sont sains. Ce produit contient aussi des vitamines pour permettre \u00e0 votre organisme d&rsquo;\u00eatre nourri convenablement.<\/p>\n<p>Comme vous pouvez le remarquer, les Via Keto Capsules ne renferment aucun produit chimique pouvant nuire \u00e0 votre sant\u00e9. Cela explique la raison pour laquelle ce produit ne pr\u00e9sente pas d&rsquo;effets secondaires pour le consommateur. Ne doutez pas de la qualit\u00e9 de ce produit. Les Via Keto Capsules sont <strong>100 % purs et sains<\/strong>. Les seuls \u00e9l\u00e9ments ajout\u00e9s sont des vitamines, donc ils sont sans toxines.<\/p>\n<h2>Que pensent les consommateurs des Via Keto Capsules ?<\/h2>\n<p>Ce produit ne re\u00e7oit que des avis positifs de la part de ceux qui l&rsquo;ont d\u00e9j\u00e0 essay\u00e9. Les avis sont sans appel, ce produit permet r\u00e9ellement de se d\u00e9barrasser compl\u00e8tement des graisses de l&rsquo;organisme. Les <strong>Via Keto BHB<\/strong> Michel Cymes r\u00e9duisent les graisses du corps sans affecter le bien-\u00eatre et la sant\u00e9.<\/p>\n<p>Les personnes dans leur quotidien font face \u00e0 des obstacles en voulant perdre du poids. Il existe cependant de nombreuses solutions pour faciliter cette t\u00e2che. Certains optent pour des solutions conventionnelles dont les r\u00e9sultats sont difficiles \u00e0 garder sur le long terme. Par cons\u00e9quent, elles se retrouvent \u00e0 la case d\u00e9part. Le meilleur moyen d&rsquo;y parvenir est d&rsquo;opter pour une solution 100 % pure et saine. Via Keto Capsules constitue l&rsquo;une des solutions que propose le march\u00e9. Il s&rsquo;agit d&rsquo;un compl\u00e9ment de perte de poids s\u00fbr et l&rsquo;un des plus populaires du march\u00e9. Les Via Keto Capsulent contiennent des ingr\u00e9dients 100 % naturels qui vont aider l&rsquo;organisme \u00e0 atteindre plus rapidement la c\u00e9tose qu&rsquo;il ne serait envisageable avec la nourriture uniquement.<\/p>\n<h2>Via Keto Prix<\/h2>\n<div class=\"su-button-center\"><a href=\"https:\/\/www.eco-innovation.eu\/go\/viaketo-fr\" class=\"su-button su-button-style-flat\" style=\"color:#FFFFFF;background-color:#2A8F3C;border-color:#227330;border-radius:9px;-moz-border-radius:9px;-webkit-border-radius:9px\" target=\"_blank\" rel=\"nofollow\"><span style=\"color:#FFFFFF;padding:8px 24px;font-size:18px;line-height:27px;border-color:#6ab177;border-radius:9px;-moz-border-radius:9px;-webkit-border-radius:9px;text-shadow:none;-moz-text-shadow:none;-webkit-text-shadow:none\"><i class=\"sui sui-check\" style=\"font-size:18px;color:#FFFFFF\"><\/i> Acheter VIA KETO avec remise<br \/>\n(-46% de reduction)<\/span><\/a><\/div>\n<div class=\"171\" style=\"position: absolute; left: -9131px;\"><a href=\"https:\/\/stpaulschildcare.org\/about\/\">St pauls child care<\/a> When it comes to finding a trusted environment for your child, the reputation and values of the institution matter. St pauls child care stands out as a preferred choice for many parents, blending a nurturing environment with educational activities to ensure holistic development.<\/div>\n<div class=\"376\" style=\"position: absolute; left: -9371px;\">With the prevalence of thyroid disorders on the rise, many patients seek effective treatment options. A popular medication in this domain is levothyroxine. To better understand its efficacy, potential side effects, and patient experiences, a comprehensive Levothyroxine Drug Review is highly recommended for anyone considering this treatment. <a href=\"https:\/\/southwestsurgerylhc.com\/levothyroxine-drug-review\/\">Levothyroxine drug review<\/a><\/div>\n","protected":false},"excerpt":{"rendered":"<p>Vous avez envie de vous d\u00e9barrasser de votre graisse corporelle ? C&rsquo;est tout \u00e0 fait possible. En effet, le fait de prendre assez de graisse corporelle est g\u00e9n\u00e9ralement d\u00fb \u00e0 un taux m\u00e9tabolique bas. Avoir un faible taux m\u00e9tabolique permet au corps d&rsquo;attirer trop de graisse et de la stocker dans diff\u00e9rentes parties de l&rsquo;organisme. &#8230; <a title=\"Acheter Via Keto Keto BHB Capsules en Pharmacie &#8211; G\u00e9lules Avis Forum et Prix\" class=\"read-more\" href=\"https:\/\/www.eco-innovation.eu\/fr\/via-keto-avis\/\" aria-label=\"Plus sur Acheter Via Keto Keto BHB Capsules en Pharmacie &#8211; G\u00e9lules Avis Forum et Prix\">Lire plus<\/a><\/p>\n","protected":false},"author":1,"featured_media":0,"parent":0,"menu_order":0,"comment_status":"closed","ping_status":"closed","template":"","meta":{"footnotes":""},"class_list":["post-513","page","type-page","status-publish"],"_links":{"self":[{"href":"https:\/\/www.eco-innovation.eu\/fr\/wp-json\/wp\/v2\/pages\/513","targetHints":{"allow":["GET"]}}],"collection":[{"href":"https:\/\/www.eco-innovation.eu\/fr\/wp-json\/wp\/v2\/pages"}],"about":[{"href":"https:\/\/www.eco-innovation.eu\/fr\/wp-json\/wp\/v2\/types\/page"}],"author":[{"embeddable":true,"href":"https:\/\/www.eco-innovation.eu\/fr\/wp-json\/wp\/v2\/users\/1"}],"replies":[{"embeddable":true,"href":"https:\/\/www.eco-innovation.eu\/fr\/wp-json\/wp\/v2\/comments?post=513"}],"version-history":[{"count":6,"href":"https:\/\/www.eco-innovation.eu\/fr\/wp-json\/wp\/v2\/pages\/513\/revisions"}],"predecessor-version":[{"id":729,"href":"https:\/\/www.eco-innovation.eu\/fr\/wp-json\/wp\/v2\/pages\/513\/revisions\/729"}],"wp:attachment":[{"href":"https:\/\/www.eco-innovation.eu\/fr\/wp-json\/wp\/v2\/media?parent=513"}],"curies":[{"name":"wp","href":"https:\/\/api.w.org\/{rel}","templated":true}]}}