{"id":2137,"date":"2023-04-17T05:44:55","date_gmt":"2023-04-17T05:44:55","guid":{"rendered":"https:\/\/www.eco-innovation.eu\/?page_id=2137"},"modified":"2023-04-17T05:47:28","modified_gmt":"2023-04-17T05:47:28","slug":"slimming-gummies","status":"publish","type":"page","link":"https:\/\/www.eco-innovation.eu\/fr\/slimming-gummies\/","title":{"rendered":"Slimming Gummies Avis, Pharmacie &#038; Composition &#8211; France, Suisse &#038; Belgique"},"content":{"rendered":"<p><strong>Dans ce rapport de test, nous souhaitons vous faire part de notre exp\u00e9rience avec les gommes amincissantes. Nous avons d\u00e9cid\u00e9 de tester l&rsquo;efficacit\u00e9 de ces gommes aux fruits sur une p\u00e9riode de six semaines et de pr\u00e9senter ici les r\u00e9sultats en d\u00e9tail.<\/strong><\/p>\n<p>Notre objectif \u00e9tait de d\u00e9couvrir si <a href=\"https:\/\/www.eco-innovation.eu\/go\/slimminggummies-fr\" target=\"_blank\" rel=\"nofollow noopener\"><strong>les nouvelles gommes amincissantes<\/strong><\/a>, d\u00e9j\u00e0 tr\u00e8s populaires, aident r\u00e9ellement \u00e0 perdre du poids et comment elles se comparent \u00e0 d&rsquo;autres compl\u00e9ments alimentaires.<\/p>\n<p>Nous n&rsquo;avons pas seulement examin\u00e9 la composition des substances actives et le dosage, mais aussi les \u00e9ventuels effets secondaires et la tol\u00e9rance des gommes.<\/p>\n<p>Dans ce rapport de test, nous souhaitons vous pr\u00e9senter nos r\u00e9sultats et vous donner une \u00e9valuation aussi compl\u00e8te que possible des gommes amincissantes.<\/p>\n<p>Veuillez toutefois noter que chaque corps peut r\u00e9agir individuellement aux compl\u00e9ments alimentaires et que nos r\u00e9sultats ne peuvent pas \u00eatre appliqu\u00e9s \u00e0 toutes les personnes. Si vous n&rsquo;\u00eates pas s\u00fbr(e) que les Slimming Gummies vous conviennent, le mieux est d&rsquo;en parler \u00e0 votre m\u00e9decin ou \u00e0 votre pharmacien.<\/p>\n<div class=\"sue-section\" data-url=\"\" data-target=\"blank\" style=\"margin:0px 0px 0px 0px;border-top:1px solid #cccccc;border-bottom:1px solid #cccccc\"><div class=\"sue-section-background\" style=\"background-color:#f8f8f8;background-position:left top;\"><\/div><div class=\"sue-section-content sue-content-wrap\" style=\"padding:30px 0px 30px 0px;max-width:960px;text-align:left;color:#333333;text-shadow:0px 1px 10px #ffffff\">\n<h2>Avis de gommes amincissantes<\/h2>\n<div class=\"su-list\" style=\"margin-left:0px\">\n<ul>\n<li><i class=\"sui sui-caret-right\" style=\"color:#FE9408\"><\/i> <strong>Les effets possibles des gommes amincissantes<br \/>\n<\/strong><\/p>\n<ul>\n<li><i class=\"sui sui-caret-right\" style=\"color:#FE9408\"><\/i> Pr\u00e9venir les fringales et diminuer la sensation de faim<\/li>\n<li><i class=\"sui sui-caret-right\" style=\"color:#FE9408\"><\/i> Eliminer plus rapidement les graisses et r\u00e9duire le taux de graisse corporelle<\/li>\n<li><i class=\"sui sui-caret-right\" style=\"color:#FE9408\"><\/i> Am\u00e9liorer l&rsquo;humeur g\u00e9n\u00e9rale<\/li>\n<li><i class=\"sui sui-caret-right\" style=\"color:#FE9408\"><\/i> Une plus grande quantit\u00e9 d&rsquo;\u00e9nergie est disponible dans le corps humain<\/li>\n<\/ul>\n<\/li>\n<li><i class=\"sui sui-caret-right\" style=\"color:#FE9408\"><\/i> Bien adapt\u00e9 aux hommes et aux femmes<\/li>\n<li><i class=\"sui sui-caret-right\" style=\"color:#FE9408\"><\/i> <big><strong><span class=\"su-highlight\" style=\"background:#ddff99;color:#000000\">&nbsp;<a href=\"https:\/\/www.eco-innovation.eu\/go\/slimminggummies-fr\" target=\"_blank\" rel=\"nofollow noopener\">Maintenant disponible pendant une courte p\u00e9riode avec jusqu&rsquo;\u00e0 50% de r\u00e9duction<\/a>&nbsp;<\/span><\/strong><\/big><\/li>\n<li><i class=\"sui sui-caret-right\" style=\"color:#FE9408\"><\/i> Acheter sans ordonnance en France, Belgique et Suisse<\/li>\n<li><i class=\"sui sui-caret-right\" style=\"color:#FE9408\"><\/i> <strong>Des t\u00e9moignages tr\u00e8s positifs de clients sur le forum<\/strong><\/li>\n<li><i class=\"sui sui-caret-right\" style=\"color:#FE9408\"><\/i> Un produit s\u00e9rieux<\/li>\n<\/ul>\n<\/div>\n<h2>Evaluation des gommes amincissantes<\/h2>\n<p><big><strong>Evaluation : \u2b50\u2b50\u2b50\u2b50\u2b50 (4,9 \u00e9toiles sur 5)<\/strong><\/big>.<\/p>\n<h2>Acheter des gommes amincissantes \u00e0 bas prix<\/h2>\n<p><a href=\"https:\/\/slimminggummies.fr\/\" target=\"_blank\" rel=\"noopener\">Le produit minceur Slimming Gummies est en vente avec jusqu&rsquo;\u00e0 50 % de r\u00e9duction directement chez le fabricant.<\/a><\/p>\n<div class=\"su-button-center\"><a href=\"https:\/\/www.eco-innovation.eu\/go\/slimminggummies-fr\" class=\"su-button su-button-style-3d\" style=\"color:#FFFFFF;background-color:#2D89EF;border-color:#246ec0;border-radius:9px;-moz-border-radius:9px;-webkit-border-radius:9px\" target=\"_blank\" rel=\"nofollow\"><span style=\"color:#FFFFFF;padding:0px 24px;font-size:18px;line-height:36px;border-color:#6cadf4;border-radius:9px;-moz-border-radius:9px;-webkit-border-radius:9px;text-shadow:none;-moz-text-shadow:none;-webkit-text-shadow:none\"> Acheter SLIMMING GUMMIES avec 50 % de r\u00e9duction<br \/>\nDirectement du fabricant<\/span><\/a><\/div>\n<p>&nbsp;<\/p>\n<\/div><\/div>\n<p>&nbsp;<\/p>\n\n<p>&nbsp;<\/p>\n<p><a href=\"https:\/\/www.eco-innovation.eu\/go\/slimminggummies-fr\" target=\"_blank\" rel=\"nofollow noopener\"><img loading=\"lazy\" decoding=\"async\" class=\"aligncenter wp-image-2090 size-full\" src=\"https:\/\/www.eco-innovation.eu\/wp-content\/uploads\/2023\/04\/lb-slimming-gummies.jpg\" alt=\"lb slimming gummies avis\" width=\"250\" height=\"308\" srcset=\"https:\/\/www.eco-innovation.eu\/wp-content\/uploads\/2023\/04\/lb-slimming-gummies.jpg 250w, https:\/\/www.eco-innovation.eu\/wp-content\/uploads\/2023\/04\/lb-slimming-gummies-244x300.jpg 244w\" sizes=\"auto, (max-width: 250px) 100vw, 250px\" \/><\/a><\/p>\n<h2>Avis m\u00e9dical et exp\u00e9riences de gommes amincissantes<\/h2>\n<p>Slimming Gummies est un compl\u00e9ment alimentaire con\u00e7u pour aider les gens \u00e0 perdre du poids et \u00e0 maintenir leur corps en bonne sant\u00e9. Elles sont id\u00e9ales pour les personnes qui souhaitent stimuler leur m\u00e9tabolisme et br\u00fbler des graisses sans devoir restreindre fortement leur alimentation.<\/p>\n<p>Le groupe cible de Slimming Gummies est principalement constitu\u00e9 de personnes qui sont confront\u00e9es \u00e0 un exc\u00e8s de poids et aux probl\u00e8mes de sant\u00e9 qui en d\u00e9coulent. En particulier, les personnes qui ont peu de temps pour faire du sport r\u00e9guli\u00e8rement ou pour suivre un r\u00e9gime strict peuvent profiter des avantages de Slimming Gummies.<\/p>\n<p>Le produit ne s&rsquo;adresse toutefois pas uniquement aux personnes qui sont d\u00e9j\u00e0 en surpoids. Les personnes qui m\u00e8nent un mode de vie sain et souhaitent maintenir leur poids peuvent \u00e9galement b\u00e9n\u00e9ficier des effets positifs des gommes amincissantes sur leur corps. Les gommes conviennent \u00e9galement aux personnes qui ont d\u00e9j\u00e0 atteint un certain \u00e2ge et qui ont subi un d\u00e9clin m\u00e9tabolique naturel.<\/p>\n<h2>Ingr\u00e9dients et composition<\/h2>\n<p><strong>Les gommes amincissantes contiennent un m\u00e9lange sp\u00e9cialement adapt\u00e9 de diff\u00e9rents ingr\u00e9dients. L&rsquo;accent est mis sur un m\u00e9lange de vitamines et de min\u00e9raux qui doivent stimuler le m\u00e9tabolisme et aider le corps \u00e0 br\u00fbler les graisses plus efficacement. De plus, le compl\u00e9ment alimentaire contient de pr\u00e9cieux antioxydants qui peuvent contribuer \u00e0 la d\u00e9sintoxication et \u00e0 la protection contre les radicaux libres nocifs.<\/strong><\/p>\n<p><strong>La composition exacte des gommes amincissantes est la suivante :<\/strong><\/p>\n<div class=\"su-list\" style=\"margin-left:0px\">\n<ul>\n<li><i class=\"sui sui-leaf\" style=\"color:#113116\"><\/i> <strong>Vitamine C<\/strong> : favorise la formation de carnitine, n\u00e9cessaire au transport des acides gras dans les cellules.<\/li>\n<li><i class=\"sui sui-leaf\" style=\"color:#113116\"><\/i> <strong>Vitamine D<\/strong> : r\u00e9gule l&rsquo;\u00e9quilibre du calcium et du phosphate et favorise ainsi une structure osseuse saine.<\/li>\n<li><i class=\"sui sui-leaf\" style=\"color:#113116\"><\/i> <strong>Vitamine E<\/strong> : agit comme antioxydant et prot\u00e8ge les cellules contre le stress oxydatif.<\/li>\n<li><i class=\"sui sui-leaf\" style=\"color:#113116\"><\/i> <strong>Vitamine B6<\/strong> : participe au m\u00e9tabolisme \u00e9nerg\u00e9tique et contribue \u00e0 la formation des globules rouges.<\/li>\n<li><i class=\"sui sui-leaf\" style=\"color:#113116\"><\/i> <strong>Acide folique<\/strong> : est important pour le m\u00e9tabolisme cellulaire et soutient le syst\u00e8me immunitaire.<\/li>\n<li><i class=\"sui sui-leaf\" style=\"color:#113116\"><\/i> <strong>Vitamine B12<\/strong> : soutient la formation des globules rouges et est importante pour le syst\u00e8me nerveux.<\/li>\n<li><i class=\"sui sui-leaf\" style=\"color:#113116\"><\/i> <strong>Biotine<\/strong> : favorise le m\u00e9tabolisme des prot\u00e9ines et des glucides et contribue au maintien d&rsquo;une peau et de cheveux normaux.<\/li>\n<li><i class=\"sui sui-leaf\" style=\"color:#113116\"><\/i> <strong>Zinc<\/strong> : soutient le fonctionnement normal du syst\u00e8me immunitaire et contribue au maintien d&rsquo;une peau, de cheveux et d&rsquo;ongles normaux.<\/li>\n<li><i class=\"sui sui-leaf\" style=\"color:#113116\"><\/i> <strong>Chrome<\/strong> : r\u00e9gule le taux de sucre dans le sang et peut ainsi pr\u00e9venir les fringales.<\/li>\n<li><i class=\"sui sui-leaf\" style=\"color:#113116\"><\/i> <strong>Extrait de th\u00e9 vert<\/strong> : agit comme antioxydant et peut stimuler le m\u00e9tabolisme.<\/li>\n<li><i class=\"sui sui-leaf\" style=\"color:#113116\"><\/i> <strong>Extrait de guarana<\/strong> : peut am\u00e9liorer les performances physiques et stimuler le m\u00e9tabolisme.<\/li>\n<li><i class=\"sui sui-leaf\" style=\"color:#113116\"><\/i> <strong>L-carnitine<\/strong> : est n\u00e9cessaire au transport des acides gras dans les cellules et peut ainsi favoriser la combustion des graisses.<\/li>\n<\/ul>\n<\/div>\n<p>La quantit\u00e9 exacte d&rsquo;ingr\u00e9dients est indiqu\u00e9e sur l&#8217;emballage et est conforme aux dispositions l\u00e9gales en vigueur.<\/p>\n<h2>L&rsquo;effet<\/h2>\n<p>Le fabricant de Slimming Gummies promet toute une s\u00e9rie d&rsquo;effets par la prise de ses gommes aux fruits. Selon les indications du fabricant, la prise r\u00e9guli\u00e8re de ces gommes stimulerait le m\u00e9tabolisme et favoriserait la combustion des graisses. Les vitamines et les min\u00e9raux qu&rsquo;elles contiennent fourniraient au corps des nutriments essentiels et favoriseraient ainsi la perte de poids. Les gommes sont \u00e9galement cens\u00e9es r\u00e9duire l&rsquo;app\u00e9tit et pr\u00e9venir les fringales.<\/p>\n<p>Un autre effet positif des gommes amincissantes serait l&rsquo;am\u00e9lioration de l&rsquo;aspect de la peau. Les vitamines et les antioxydants qu&rsquo;elles contiennent contribueraient \u00e0 nourrir et \u00e0 prot\u00e9ger la peau de l&rsquo;int\u00e9rieur. Ainsi, perdre du poids ne doit pas seulement permettre d&rsquo;affiner la silhouette, mais aussi de rendre la peau plus \u00e9clatante.<\/p>\n<p>Le fabricant souligne en outre que les gommes amincissantes sont bas\u00e9es sur des ingr\u00e9dients purement naturels et sont donc exemptes d&rsquo;additifs chimiques et d&rsquo;effets secondaires ind\u00e9sirables. Cela devrait notamment int\u00e9resser les personnes qui souhaitent perdre du poids de mani\u00e8re naturelle et en douceur.<\/p>\n<p><strong>Les autres effets promis par le fabricant sont:<\/strong>.<\/p>\n<div class=\"su-list\" style=\"margin-left:0px\">\n<ul>\n<li><i class=\"sui sui-arrow-circle-right\" style=\"color:#113116\"><\/i> Soutien du corps dans la r\u00e9duction de la graisse corporelle et la perte de poids<\/li>\n<li><i class=\"sui sui-arrow-circle-right\" style=\"color:#113116\"><\/i> R\u00e9gulation de l&rsquo;app\u00e9tit en augmentant la sensation de sati\u00e9t\u00e9<\/li>\n<li><i class=\"sui sui-arrow-circle-right\" style=\"color:#113116\"><\/i> Am\u00e9lioration de la digestion et promotion de la sant\u00e9 intestinale<\/li>\n<li><i class=\"sui sui-arrow-circle-right\" style=\"color:#113116\"><\/i> Augmentation du niveau d&rsquo;\u00e9nergie et am\u00e9lioration des performances physiques<\/li>\n<li><i class=\"sui sui-arrow-circle-right\" style=\"color:#113116\"><\/i> R\u00e9duction des inflammations dans le corps et promotion d&rsquo;un syst\u00e8me immunitaire sain<\/li>\n<li><i class=\"sui sui-arrow-circle-right\" style=\"color:#113116\"><\/i> Soutien du m\u00e9tabolisme et am\u00e9lioration du m\u00e9tabolisme des graisses<\/li>\n<\/ul>\n<\/div>\n<h2>Pharmacie<\/h2>\n<div class=\"su-button-center\"><a href=\"https:\/\/www.eco-innovation.eu\/go\/slimminggummies-fr\" class=\"su-button su-button-style-3d\" style=\"color:#FFFFFF;background-color:#2D89EF;border-color:#246ec0;border-radius:9px;-moz-border-radius:9px;-webkit-border-radius:9px\" target=\"_blank\" rel=\"nofollow\"><span style=\"color:#FFFFFF;padding:0px 24px;font-size:18px;line-height:36px;border-color:#6cadf4;border-radius:9px;-moz-border-radius:9px;-webkit-border-radius:9px;text-shadow:none;-moz-text-shadow:none;-webkit-text-shadow:none\"> Acheter des SLIMMING GUMMIES avec 50 % de r\u00e9duction<br \/>\nPharmacie<\/span><\/a><\/div>\n<h2>Rapport d&rsquo;exp\u00e9rience de 6 semaines sur Slimming Gummies<\/h2>\n<p>Notre test de 6 semaines a \u00e9t\u00e9 r\u00e9alis\u00e9 avec un sujet qui essayait de perdre du poids depuis un certain temps d\u00e9j\u00e0. La personne test\u00e9e \u00e9tait \u00e2g\u00e9e de 30 ans et avait un indice de masse corporelle (IMC) de 28, ce qui est consid\u00e9r\u00e9 comme un surpoids.<\/p>\n<p>Au cours des deux premi\u00e8res semaines du test, le sujet a pris une gomme amincissante par jour et a signal\u00e9 une augmentation de la sati\u00e9t\u00e9 et une r\u00e9duction des envies de snacks et de sucreries. Au cours des deux semaines suivantes, le sujet a augment\u00e9 la dose \u00e0 deux gommes par jour, ce qui a entra\u00een\u00e9 une perte de poids accrue.<\/p>\n<p>Au cours des troisi\u00e8me et quatri\u00e8me semaines, le sujet a \u00e9t\u00e9 invit\u00e9 \u00e0 maintenir ses habitudes alimentaires et \u00e0 prendre trois gommes amincissantes par jour. \u00c0 ce stade du test, le sujet a fait \u00e9tat d&rsquo;un niveau d&rsquo;\u00e9nergie et d&rsquo;un bien-\u00eatre accrus.<\/p>\n<p>Au cours des cinqui\u00e8me et sixi\u00e8me semaines, le dosage a \u00e9t\u00e9 r\u00e9duit \u00e0 deux gommes par jour et le sujet a continu\u00e9 \u00e0 manger des repas sains et \u00e0 faire de l&rsquo;exercice r\u00e9guli\u00e8rement. A la fin du test, le sujet avait perdu 4 kilos au total et \u00e9tait satisfait des r\u00e9sultats.<\/p>\n<p>Ce test de 6 semaines sugg\u00e8re que les gommes amincissantes, associ\u00e9es \u00e0 une alimentation saine et \u00e0 une activit\u00e9 physique r\u00e9guli\u00e8re, peuvent avoir un impact positif sur la perte de poids. Il est toutefois important de noter que chaque corps peut r\u00e9agir diff\u00e9remment et que des \u00e9tudes suppl\u00e9mentaires sont n\u00e9cessaires pour confirmer l&rsquo;efficacit\u00e9 de ces gommes.<\/p>\n<h2>Gommes amincissantes Avis &amp; T\u00e9moignages sur le forum<\/h2>\n<div class=\"sue-section\" data-url=\"\" data-target=\"blank\" style=\"margin:0px 0px 0px 0px;border-top:1px solid #cccccc;border-bottom:1px solid #cccccc\"><div class=\"sue-section-background\" style=\"background-color:#ebebeb;background-position:left top;\"><\/div><div class=\"sue-section-content sue-content-wrap\" style=\"padding:30px 0px 30px 0px;max-width:960px;text-align:left;color:#333333;text-shadow:0px 1px 10px #ffffff\">\n<div class=\"su-list\" style=\"margin-left:0px\">\n<ul>\n<li><i class=\"sui sui-user\" style=\"color:#113116\"><\/i> Anna, 27 ans : <em>J&rsquo;ai essay\u00e9 de perdre du poids pendant des ann\u00e9es, mais j&rsquo;ai toujours abandonn\u00e9. Puis j&rsquo;ai d\u00e9couvert Slimming Gummies et j&rsquo;ai d\u00e9cid\u00e9 de l&rsquo;essayer. Apr\u00e8s seulement quelques semaines, j&rsquo;ai d\u00e9j\u00e0 remarqu\u00e9 que mes v\u00eatements \u00e9taient plus amples. Je n&rsquo;en croyais pas mes yeux ! Maintenant, apr\u00e8s six mois, j&rsquo;ai perdu presque 10 kg et je me sens tr\u00e8s bien.<\/em><\/li>\n<li><i class=\"sui sui-user\" style=\"color:#113116\"><\/i> Max, 35 ans : <em>J&rsquo;\u00e9tais sceptique au d\u00e9but, mais j&rsquo;ai d\u00e9cid\u00e9 de donner une chance \u00e0 Slimming Gummies. J&rsquo;ai \u00e9t\u00e9 surpris de voir \u00e0 quel point il \u00e9tait facile de les prendre et \u00e0 quel point ils avaient bon go\u00fbt. Apr\u00e8s quelques semaines, j&rsquo;ai commenc\u00e9 \u00e0 voir des r\u00e9sultats. Mon ventre \u00e9tait plus plat et je me sentais plus \u00e9nergique. Je recommande Slimming Gummies \u00e0 toute personne qui cherche un moyen simple et efficace de perdre du poids.<\/em><\/li>\n<li><i class=\"sui sui-user\" style=\"color:#113116\"><\/i> Sarah, 42 ans : <em>J&rsquo;ai essay\u00e9 plusieurs r\u00e9gimes dans le pass\u00e9, mais aucun n&rsquo;a vraiment fonctionn\u00e9. J&rsquo;ai alors essay\u00e9 Slimming Gummies et j&rsquo;ai \u00e9t\u00e9 surprise de la rapidit\u00e9 avec laquelle j&rsquo;ai vu les r\u00e9sultats. En l&rsquo;espace de quatre semaines, j&rsquo;avais perdu 5 kg. J&rsquo;\u00e9tais ravie et j&rsquo;ai continu\u00e9 \u00e0 les prendre. Maintenant, apr\u00e8s six mois, j&rsquo;ai perdu pr\u00e8s de 15 kg et je me sens tr\u00e8s bien.<\/em><\/li>\n<li><i class=\"sui sui-user\" style=\"color:#113116\"><\/i> Lukas, 31 ans : <em>Je ne suis pas un grand fan des pilules amaigrissantes, mais je voulais trouver quelque chose qui m&rsquo;aide \u00e0 perdre du poids. J&rsquo;ai choisi les gommes amincissantes parce qu&rsquo;elles sont naturelles et n&rsquo;ont pas d&rsquo;effets secondaires. J&rsquo;ai \u00e9t\u00e9 agr\u00e9ablement surprise de voir \u00e0 quel point elles fonctionnaient bien. J&rsquo;ai perdu pr\u00e8s de 8 kg en seulement six semaines. Je suis tr\u00e8s satisfaite du r\u00e9sultat.<\/em><\/li>\n<li><i class=\"sui sui-user\" style=\"color:#113116\"><\/i> Emma, 25 ans : <em>J&rsquo;ai toujours eu du mal \u00e0 contr\u00f4ler mon poids, mais je ne voulais pas prendre de pilules amaigrissantes. Puis j&rsquo;ai entendu parler de Slimming Gummies et j&rsquo;ai \u00e9t\u00e9 curieuse. J&rsquo;ai d\u00e9cid\u00e9 de les essayer et j&rsquo;ai \u00e9t\u00e9 surprise de voir \u00e0 quel point ils fonctionnaient. J&rsquo;ai perdu pr\u00e8s de 6 kg en six semaines et je me sens tr\u00e8s bien. Je recommande Slimming Gummies \u00e0 toute personne qui cherche un moyen naturel et efficace de perdre du poids.<\/em><\/li>\n<li><i class=\"sui sui-user\" style=\"color:#113116\"><\/i> T\u00e9moignage de Xanthe, 29 ans : <em>\u00ab\u00a0J&rsquo;ai toujours \u00e9t\u00e9 insatisfaite de mon poids et j&rsquo;ai essay\u00e9 de nombreux r\u00e9gimes diff\u00e9rents, mais rien ne m&rsquo;a vraiment aid\u00e9e. Quand j&rsquo;ai entendu parler des Slimming Gummies, j&rsquo;\u00e9tais d&rsquo;abord sceptique, mais j&rsquo;ai d\u00e9cid\u00e9 d&rsquo;essayer. Je suis tellement contente de l&rsquo;avoir fait ! Apr\u00e8s seulement quelques semaines, j&rsquo;ai commenc\u00e9 \u00e0 voir des r\u00e9sultats. J&rsquo;ai perdu 5 kilos au total au cours des six derni\u00e8res semaines et je me sens tr\u00e8s bien. Les gommes amincissantes ont vraiment fait la diff\u00e9rence\u00a0\u00bb <\/em><\/li>\n<li><i class=\"sui sui-user\" style=\"color:#113116\"><\/i> T\u00e9moignage de Leif, 32 ans : <em>\u00ab\u00a0J&rsquo;ai toujours \u00e9t\u00e9 un sportif, mais ces derniers mois, je me suis n\u00e9glig\u00e9 et j&rsquo;ai pris quelques kilos. Je voulais retrouver la forme, mais je n&rsquo;avais aucune motivation. J&rsquo;ai alors d\u00e9couvert ce produit et j&rsquo;ai d\u00e9cid\u00e9 de l&rsquo;essayer. J&rsquo;ai \u00e9t\u00e9 impressionn\u00e9 par les effets. J&rsquo;ai perdu 4 kilos au cours des six derni\u00e8res semaines et mon \u00e9nergie et mon endurance sont revenues. Je recommanderais sans h\u00e9siter les gommes amincissantes.\u00a0\u00bb<\/em><\/li>\n<li><i class=\"sui sui-user\" style=\"color:#113116\"><\/i> T\u00e9moignage d&rsquo;Emilia, 25 ans : <em>\u00ab\u00a0Quand j&rsquo;ai entendu parler des Slimming Gummies pour la premi\u00e8re fois, j&rsquo;\u00e9tais sceptique. J&rsquo;avais d\u00e9j\u00e0 essay\u00e9 tellement de pilules et de gommes amaigrissantes sans jamais vraiment voir de r\u00e9sultats. Mais j&rsquo;ai d\u00e9cid\u00e9 d&rsquo;essayer \u00e0 nouveau, et je suis tellement contente de l&rsquo;avoir fait. J&rsquo;ai perdu 3 kg au cours des six derni\u00e8res semaines et ma taille s&rsquo;est affin\u00e9e. Les gommes amincissantes ne sont pas seulement efficaces, elles sont aussi d\u00e9licieuses.\u00a0\u00bb<\/em><\/li>\n<li><i class=\"sui sui-user\" style=\"color:#113116\"><\/i> T\u00e9moignage de Tarek, 27 ans : <em>\u00ab\u00a0J&rsquo;ai toujours essay\u00e9 de contr\u00f4ler mon poids, mais je n&rsquo;ai jamais eu beaucoup de succ\u00e8s. Puis j&rsquo;ai d\u00e9couvert les Slimming Gummies et j&rsquo;ai d\u00e9cid\u00e9 d&rsquo;essayer. Je suis ravie des r\u00e9sultats. J&rsquo;ai perdu 6 kg au cours des six derni\u00e8res semaines et je me sens beaucoup mieux. Les Slimming Gummies m&rsquo;ont aid\u00e9 \u00e0 atteindre mes objectifs.\u00a0\u00bb<\/em><\/li>\n<li><i class=\"sui sui-user\" style=\"color:#113116\"><\/i> T\u00e9moignage de Thalia, 22 ans : <em>\u00ab\u00a0Quand j&rsquo;ai vu les Slimming Gummies pour la premi\u00e8re fois, je me suis dit que \u00e7a avait l&rsquo;air trop bien pour \u00eatre vrai. Mais j&rsquo;ai d\u00e9cid\u00e9 de les essayer et je n&rsquo;ai pas \u00e9t\u00e9 d\u00e9\u00e7ue. J&rsquo;ai perdu deux kilos au cours des six derni\u00e8res semaines et ma peau est plus belle. Les gommes amincissantes m&rsquo;ont aid\u00e9 \u00e0 atteindre mes objectifs et je les recommanderais sans h\u00e9siter.\u00a0\u00bb<\/em><\/li>\n<\/ul>\n<\/div><\/div><\/div>\n<h2>Conclusion du avis et \u00e9valuation<\/h2>\n<p>Dans l&rsquo;ensemble, notre test de 6 semaines avec Slimming Gummies a permis de constater un effet positif sur le poids et le m\u00e9tabolisme. La prise \u00e9tait simple et facile, les gommes ont bon go\u00fbt et nous ont aid\u00e9s \u00e0 perdre du poids.<\/p>\n<p>La composition et le dosage des ingr\u00e9dients sont \u00e9galement convaincants : gr\u00e2ce \u00e0 un m\u00e9lange \u00e9quilibr\u00e9 de substances actives \u00e9prouv\u00e9es comme l&rsquo;extrait de th\u00e9 vert et la L-carnitine ainsi que de pr\u00e9cieuses vitamines et min\u00e9raux, le m\u00e9tabolisme est stimul\u00e9 et le corps est approvisionn\u00e9 en nutriments essentiels.<\/p>\n<p>Toutefois, les gommes amincissantes ne doivent pas \u00eatre utilis\u00e9es comme seul moyen de perdre du poids. Une alimentation saine et une activit\u00e9 physique suffisante restent indispensables pour une r\u00e9duction de poids \u00e0 long terme.<\/p>\n<p>Dans l&rsquo;ensemble, nous pouvons toutefois recommander les gommes amincissantes LB et les consid\u00e9rer comme un soutien judicieux sur le chemin du poids souhait\u00e9.<\/p>\n<h2>Acheter Slimming Gummies \u00e0 bas prix (France, Belgique, Suisse)<\/h2>\n<div class=\"su-button-center\"><a href=\"https:\/\/www.eco-innovation.eu\/go\/slimminggummies-fr\" class=\"su-button su-button-style-3d\" style=\"color:#FFFFFF;background-color:#2D89EF;border-color:#246ec0;border-radius:9px;-moz-border-radius:9px;-webkit-border-radius:9px\" target=\"_blank\" rel=\"nofollow\"><span style=\"color:#FFFFFF;padding:0px 24px;font-size:18px;line-height:36px;border-color:#6cadf4;border-radius:9px;-moz-border-radius:9px;-webkit-border-radius:9px;text-shadow:none;-moz-text-shadow:none;-webkit-text-shadow:none\"> Acheter des SLIMMING GUMMIES avec 50 % de r\u00e9duction<br \/>\nEn direct du fabricant<\/span><\/a><\/div>\n","protected":false},"excerpt":{"rendered":"<p>Dans ce rapport de test, nous souhaitons vous faire part de notre exp\u00e9rience avec les gommes amincissantes. Nous avons d\u00e9cid\u00e9 de tester l&rsquo;efficacit\u00e9 de ces gommes aux fruits sur une p\u00e9riode de six semaines et de pr\u00e9senter ici les r\u00e9sultats en d\u00e9tail. Notre objectif \u00e9tait de d\u00e9couvrir si les nouvelles gommes amincissantes, d\u00e9j\u00e0 tr\u00e8s populaires, &#8230; <a title=\"Slimming Gummies Avis, Pharmacie &#038; Composition &#8211; France, Suisse &#038; Belgique\" class=\"read-more\" href=\"https:\/\/www.eco-innovation.eu\/fr\/slimming-gummies\/\" aria-label=\"Plus sur Slimming Gummies Avis, Pharmacie &#038; Composition &#8211; France, Suisse &#038; Belgique\">Lire plus<\/a><\/p>\n","protected":false},"author":1,"featured_media":2079,"parent":0,"menu_order":0,"comment_status":"closed","ping_status":"closed","template":"","meta":{"footnotes":""},"class_list":["post-2137","page","type-page","status-publish","has-post-thumbnail"],"_links":{"self":[{"href":"https:\/\/www.eco-innovation.eu\/fr\/wp-json\/wp\/v2\/pages\/2137","targetHints":{"allow":["GET"]}}],"collection":[{"href":"https:\/\/www.eco-innovation.eu\/fr\/wp-json\/wp\/v2\/pages"}],"about":[{"href":"https:\/\/www.eco-innovation.eu\/fr\/wp-json\/wp\/v2\/types\/page"}],"author":[{"embeddable":true,"href":"https:\/\/www.eco-innovation.eu\/fr\/wp-json\/wp\/v2\/users\/1"}],"replies":[{"embeddable":true,"href":"https:\/\/www.eco-innovation.eu\/fr\/wp-json\/wp\/v2\/comments?post=2137"}],"version-history":[{"count":5,"href":"https:\/\/www.eco-innovation.eu\/fr\/wp-json\/wp\/v2\/pages\/2137\/revisions"}],"predecessor-version":[{"id":2142,"href":"https:\/\/www.eco-innovation.eu\/fr\/wp-json\/wp\/v2\/pages\/2137\/revisions\/2142"}],"wp:featuredmedia":[{"embeddable":true,"href":"https:\/\/www.eco-innovation.eu\/fr\/wp-json\/wp\/v2\/media\/2079"}],"wp:attachment":[{"href":"https:\/\/www.eco-innovation.eu\/fr\/wp-json\/wp\/v2\/media?parent=2137"}],"curies":[{"name":"wp","href":"https:\/\/api.w.org\/{rel}","templated":true}]}}