{"id":1768,"date":"2022-12-11T16:40:44","date_gmt":"2022-12-11T16:40:44","guid":{"rendered":"https:\/\/www.eco-innovation.eu\/?page_id=1768"},"modified":"2023-04-15T07:21:55","modified_gmt":"2023-04-15T07:21:55","slug":"huusk","status":"publish","type":"page","link":"https:\/\/www.eco-innovation.eu\/fr\/huusk\/","title":{"rendered":"Acheter Huusk Couteau japonais &#8211; Avis Forum et Prix le plus bas"},"content":{"rendered":"<p><strong>Le couteau de cuisine Huusk est un couteau japonais polyvalent. La lame est fabriqu\u00e9e en acier inoxydable de haute qualit\u00e9 et garantit une longue dur\u00e9e de vie. L&rsquo;acier est inoxydable. De plus, ce couteau de qualit\u00e9 dispose d&rsquo;un manche en bois de ch\u00eane tr\u00e8s maniable et l\u00e9g\u00e8rement bomb\u00e9. Il s&rsquo;agit de bois dur d&rsquo;une teinte marron fonc\u00e9.<\/strong><\/p>\n<div class=\"sue-section\" data-url=\"\" data-target=\"blank\" style=\"margin:0px 0px 0px 0px;border-top:1px solid #cccccc;border-bottom:1px solid #cccccc\"><div class=\"sue-section-background\" style=\"background-color:#f8f8f8;background-position:left top;\"><\/div><div class=\"sue-section-content sue-content-wrap\" style=\"padding:30px 0px 30px 0px;max-width:960px;text-align:left;color:#333333;text-shadow:0px 1px 10px #ffffff\">\n<h2>Huusk Couteau Avis<\/h2>\n<div class=\"su-list\" style=\"margin-left:0px\">\n<ul>\n<li><i class=\"sui sui-caret-right\" style=\"color:#113116\"><\/i> Fabriqu\u00e9 selon la forge japonaise traditionnelle<\/li>\n<li><i class=\"sui sui-caret-right\" style=\"color:#113116\"><\/i> Couteau universel pour toutes les t\u00e2ches dans la cuisine<\/li>\n<li><i class=\"sui sui-caret-right\" style=\"color:#113116\"><\/i> Le Huusk tient tr\u00e8s bien dans la main &#8211; Tr\u00e8s bon contr\u00f4le lors de la d\u00e9coupe des aliments<\/li>\n<li><i class=\"sui sui-caret-right\" style=\"color:#113116\"><\/i> Tr\u00e8s bonne qualit\u00e9.\u00a0 Utilisation de mat\u00e9riaux de premi\u00e8re qualit\u00e9<\/li>\n<li><i class=\"sui sui-caret-right\" style=\"color:#113116\"><\/i> Fabriqu\u00e9 \u00e0 la main, avec un contr\u00f4le de qualit\u00e9 strict<\/li>\n<li><i class=\"sui sui-caret-right\" style=\"color:#113116\"><\/i> Evaluations tr\u00e8s positives sur les forums de cuisine et par les chefs sur Instagram et Youtube<\/li>\n<\/ul>\n<\/div>\n<h2>Evaluation<\/h2>\n<p style=\"text-align: center;\"><big><strong>\u2b50\u2b50\u2b50\u2b50\u2b50 (4,9 \u00e9toiles sur 5 &#8211; <span style=\"color: #008000;\">EXCELLENT<\/span><\/strong><\/big>)<\/p>\n<h2>Acheter un couteau Huusk<\/h2>\n<div class=\"su-button-center\"><a href=\"https:\/\/www.eco-innovation.eu\/go\/huusk-fr\" class=\"su-button su-button-style-soft\" style=\"color:#FFFFFF;background-color:#fb5a00;border-color:#c94800;border-radius:9px;-moz-border-radius:9px;-webkit-border-radius:9px\" target=\"_blank\" rel=\"nofollow\"><span style=\"color:#FFFFFF;padding:8px 24px;font-size:18px;line-height:27px;border-color:#fd8c4d;border-radius:9px;-moz-border-radius:9px;-webkit-border-radius:9px;text-shadow:none;-moz-text-shadow:none;-webkit-text-shadow:none\"><i class=\"sui sui-check-circle\" style=\"font-size:18px;color:#FFFFFF\"><\/i> Commander des couteaux HUUSK directement aupr\u00e8s du fabricant<br \/>\n(prix r\u00e9duit)<\/span><\/a><\/div>\n<\/div><\/div>\n<p>&nbsp;<\/p>\n\n<h2>Couteau de cuisine Huusk : Avis et exp\u00e9rience<\/h2>\n<p>Le mat\u00e9riau premium est agr\u00e9able dans la main, se laisse saisir en toute s\u00e9curit\u00e9 et offre une prise en main parfaite. Le couteau a une lame martel\u00e9e noire avec une surface de coupe argent\u00e9e. La lame du couteau se termine par une pointe. La marque <a href=\"https:\/\/huusk.fr\/\" target=\"_blank\" rel=\"noopener\">Huusk<\/a> fabrique ses couteaux \u00e0 l&rsquo;aide de techniques inspir\u00e9es de l&rsquo;art s\u00e9culaire de la forge japonaise.<\/p>\n<h3>Fabrication<\/h3>\n<p>Le processus de fabrication comprend 138 \u00e9tapes et inclut des \u00e9tapes de fabrication soigneusement ex\u00e9cut\u00e9es ainsi que des tests approfondis des mat\u00e9riaux et des produits. La marque Huusk est synonyme de produits de haute qualit\u00e9 et s&rsquo;appuie sur des techniques \u00e9prouv\u00e9es, combin\u00e9es aux derni\u00e8res approches de fabrication. Le couteau symbolise la passion pour l&rsquo;art culinaire et a \u00e9t\u00e9 con\u00e7u dans ce but. Le produit vise \u00e0 r\u00e9volutionner le march\u00e9 en tant que couteau de cuisine sp\u00e9cialis\u00e9 dot\u00e9 d&rsquo;une lame exceptionnelle.<\/p>\n<p><a href=\"https:\/\/www.eco-innovation.eu\/go\/huusk-fr\" target=\"_blank\" rel=\"nofollow noopener\"><img loading=\"lazy\" decoding=\"async\" class=\"aligncenter size-full wp-image-1320\" src=\"https:\/\/www.eco-innovation.eu\/wp-content\/uploads\/2022\/10\/huusk.jpg\" alt=\"Huusk\" width=\"600\" height=\"423\" srcset=\"https:\/\/www.eco-innovation.eu\/wp-content\/uploads\/2022\/10\/huusk.jpg 600w, https:\/\/www.eco-innovation.eu\/wp-content\/uploads\/2022\/10\/huusk-300x212.jpg 300w\" sizes=\"auto, (max-width: 600px) 100vw, 600px\" \/><\/a><\/p>\n<h3>Poids et dimensions<\/h3>\n<p>Le couteau p\u00e8se environ 252 grammes et a une longueur d&rsquo;environ 28 centim\u00e8tres. La longueur de la lame est de 15,5 centim\u00e8tres et son \u00e9paisseur maximale est de 5 millim\u00e8tres au dos de la lame. L&rsquo;\u00e9paisseur du manche est de 27 millim\u00e8tres et le manche est rivet\u00e9 en bois de ch\u00eane de haute qualit\u00e9. Le manche du couteau Huusk est de forme conique et offre une excellente prise en main. La duret\u00e9 de la lame est de 58 \u00e0 60 HRC (duret\u00e9 Rockwell).<\/p>\n<h3>Aiguisage et mat\u00e9riau<\/h3>\n<p>Un couteau de cuisine moyen a une valeur de 53 \u00e0 57 HRC. \u00c0 partir d&rsquo;une valeur de 60 HRC, il s&rsquo;agit d&rsquo;une cat\u00e9gorie sup\u00e9rieure de l&rsquo;acier de la lame. La lame promet ainsi un tranchant particuli\u00e8rement dur et une longue tenue de coupe.<\/p>\n<h3>Aiguiser un couteau Huusk<\/h3>\n<p>Un couteau d&rsquo;une telle duret\u00e9 Rockwell peut \u00eatre aiguis\u00e9 avec une pierre \u00e0 aiguiser au grain de diamant. En raison de ses caract\u00e9ristiques avantageuses, le couteau ne doit \u00eatre aiguis\u00e9 et aff\u00fbt\u00e9 que rarement. La lame est en acier 5Cr15 fortement aff\u00fbt\u00e9, qui convient parfaitement \u00e0 la fabrication de couteaux de cuisine.<\/p>\n<h3>Lame santoku<\/h3>\n<p>La forme de la lame des couteaux de cuisine polyvalents au Japon est appel\u00e9e Santoku, couteau des trois vertus. Les trois vertus sont les cat\u00e9gories d&rsquo;aliments que sont la viande, le poisson et les l\u00e9gumes. La sp\u00e9cialit\u00e9 de ce type de couteau de cuisine est la d\u00e9coupe rapide de fines lamelles. L&rsquo;acier de la lame est pli\u00e9 plusieurs fois afin de cr\u00e9er une duret\u00e9, une robustesse et une r\u00e9sistance \u00e0 la rupture particuli\u00e8res. Le mat\u00e9riau des couteaux santoku est g\u00e9n\u00e9ralement de l&rsquo;acier damass\u00e9, connu pour sa flexibilit\u00e9 et sa facilit\u00e9 de coupe.<\/p>\n<h2>Couteau Huusk pas cher<\/h2>\n<div class=\"su-button-center\"><a href=\"https:\/\/www.eco-innovation.eu\/go\/huusk-fr\" class=\"su-button su-button-style-soft\" style=\"color:#FFFFFF;background-color:#fb5a00;border-color:#c94800;border-radius:9px;-moz-border-radius:9px;-webkit-border-radius:9px\" target=\"_blank\" rel=\"nofollow\"><span style=\"color:#FFFFFF;padding:8px 24px;font-size:18px;line-height:27px;border-color:#fd8c4d;border-radius:9px;-moz-border-radius:9px;-webkit-border-radius:9px;text-shadow:none;-moz-text-shadow:none;-webkit-text-shadow:none\"><i class=\"sui sui-check-circle\" style=\"font-size:18px;color:#FFFFFF\"><\/i> Commander des couteaux HUUSK directement aupr\u00e8s du fabricant (prix r\u00e9duit)<\/span><\/a><\/div>\n<p>&nbsp;<\/p>\n<h2>Avis des couteaux de cuisine Huusk Japan<\/h2>\n<p>Le couteau de cuisine est \u00e0 bien des \u00e9gards une pi\u00e8ce absolument unique. Il se distingue par son \u00e9quilibre et son contr\u00f4le uniques. La lame poss\u00e8de, \u00e0 la jonction avec le manche, un trou d\u00e9coup\u00e9 avec pr\u00e9cision au laser. Ce trou est destin\u00e9 \u00e0 l&rsquo;index et permet un contr\u00f4le particuli\u00e8rement efficace. De plus, la lame est particuli\u00e8rement tranchante, ce qui permet de l&rsquo;utiliser dans de nombreuses cuisines.<\/p>\n<p>Les couteaux de cuisine traditionnels sont certes partiellement tranchants, mais ils sont plus sensibles \u00e0 la rouille ou aux \u00e9clats et se cassent plus facilement. La marque Huusk a r\u00e9ussi \u00e0 combiner le tranchant et la robustesse dans un seul couteau. Un santoku original doit combiner ces valeurs, y compris le confort, et assurer des r\u00e9sultats de coupe optimaux lors de l&rsquo;utilisation en cuisine. Une forme courbe prononc\u00e9e de la lame et le manche en bois de ch\u00eane, y compris une boucle de suspension pour le couteau, sont particuli\u00e8rement remarquables.<\/p>\n<p>Le manche est huil\u00e9 \u00e0 pores ouverts, ce qui conf\u00e8re au bois de ch\u00eane une teinte agr\u00e9able. Le dos de la lame et la mitre sont relativement larges et bien finis. Les doigts disposent d&rsquo;une surface d&rsquo;appui optimale, ce qui permet une excellente prise en main du couteau. De plus, le couteau a un bel aspect et donne une impression de robustesse et d&rsquo;impeccabilit\u00e9. Le produit est r\u00e9put\u00e9 pour sa qualit\u00e9 et est disponible en Allemagne \u00e0 un prix abordable, surtout si le couteau est achet\u00e9 en set.<\/p>\n<h2>Quelle est son utilisation ?<\/h2>\n<div class=\"su-list\" style=\"margin-left:0px\">\n<ul>\n<li><i class=\"sui sui-caret-right\" style=\"color:#113116\"><\/i> Le couteau de cuisine est fondamentalement destin\u00e9 \u00e0 <strong>l&rsquo;usage en cuisine<\/strong> et est consid\u00e9r\u00e9 comme un repr\u00e9sentant du santoku traditionnel. Il est surtout appr\u00e9ci\u00e9 des cuisiniers amateurs et des fans de la cuisine japonaise. La lame hache de mani\u00e8re fiable et sans difficult\u00e9 des aliments de toutes sortes.<\/li>\n<li><i class=\"sui sui-caret-right\" style=\"color:#113116\"><\/i> Gr\u00e2ce \u00e0 sa lame lourde et tranchante, ce couteau est parfait pour <strong>hacher des herbes<\/strong>. Les oignons peuvent \u00e9galement \u00eatre coup\u00e9s en petits morceaux de mani\u00e8re rapide et efficace. Que vous souhaitiez hacher des tomates, des poivrons ou des carottes, le couteau est capable de couper des lamelles tr\u00e8s fines gr\u00e2ce \u00e0 son tranchant.<\/li>\n<li><i class=\"sui sui-caret-right\" style=\"color:#113116\"><\/i> Le couteau Huusk est un <strong>tout-venant<\/strong> absolu parmi les diff\u00e9rents types de couteaux. Il peut \u00eatre utilis\u00e9 dans la cuisine, au jardin ou m\u00eame en pleine nature pour couper des fruits ou des l\u00e9gumes. Les produits \u00e0 base de poisson et de viande peuvent \u00eatre d\u00e9coup\u00e9s sans probl\u00e8me avec le couteau.<\/li>\n<li><i class=\"sui sui-caret-right\" style=\"color:#113116\"><\/i> Il peut \u00e9galement \u00eatre utilis\u00e9 comme <strong>couteau \u00e0 steak<\/strong> et fait bonne impression directement \u00e0 table. Pour les amateurs de steak, ce produit est un outil utile et pratique dans la cuisine. Gr\u00e2ce \u00e0 l&rsquo;\u00e9paisseur de sa lame et \u00e0 sa stabilit\u00e9, le couteau Huusk est parfaitement adapt\u00e9 au d\u00e9sossage.<\/li>\n<li><i class=\"sui sui-caret-right\" style=\"color:#113116\"><\/i> Dans le domaine <strong>du plein air<\/strong>, le couteau peut \u00eatre utilis\u00e9 de mani\u00e8re flexible dans la nature ou m\u00eame dans la for\u00eat. C&rsquo;est surtout en camping qu&rsquo;il est un outil pr\u00e9cieux et appr\u00e9ci\u00e9. La robustesse de la lame rend le couteau pratique dans le domaine de l&rsquo;outdoor et permet une utilisation polyvalente. Son aspect remarquable est un sujet de conversation fr\u00e9quent entre amis lorsqu&rsquo;on le sort.<\/li>\n<\/ul>\n<\/div>\n<p>&nbsp;<\/p>\n<h2>T\u00e9moignages et \u00e9valuations de clients Huusk sur le forum<\/h2>\n<div class=\"su-list\" style=\"margin-left:0px\">\n<ul>\n<li><i class=\"sui sui-user\" style=\"color:#113116\"><\/i> Les clients font part d&rsquo;exp\u00e9riences positives avec le produit. Le couteau est tr\u00e8s tranchant au d\u00e9but et peut \u00eatre facilement aff\u00fbt\u00e9 si n\u00e9cessaire. La qualit\u00e9 et la finition sont irr\u00e9prochables. Le couteau rustique convainc en ce qui concerne son rapport qualit\u00e9-prix. Le prix du produit en set de 2, 3 ou 4 pi\u00e8ces est all\u00e9chant et excellent pour la qualit\u00e9 offerte. L&rsquo;aspect visuel est convaincant avec un aspect original et typique d&rsquo;un couteau de cuisine japonais forg\u00e9 \u00e0 la main.<\/li>\n<li><i class=\"sui sui-user\" style=\"color:#113116\"><\/i> En outre, l&rsquo;ergonomie du manche est souvent lou\u00e9e, tout comme le bon \u00e9quilibre du couteau. Le manche est tr\u00e8s lisse et agr\u00e9able au toucher. Un conseil pour conserver durablement un bel aspect au manche en bois est de l&rsquo;enduire r\u00e9guli\u00e8rement d&rsquo;une huile appropri\u00e9e. De plus, malgr\u00e9 sa robustesse, le couteau doit \u00eatre trait\u00e9 avec soin afin de le garder tranchant.<\/li>\n<li><i class=\"sui sui-user\" style=\"color:#113116\"><\/i> Le poids du couteau est agr\u00e9able dans la main et contribue \u00e0 une manipulation facile ainsi qu&rsquo;\u00e0 un excellent contr\u00f4le lors de la d\u00e9coupe. Le tranchant de ce produit Huusk vient \u00e0 bout de toutes les t\u00e2ches en cuisine et reste aiguis\u00e9 pendant longtemps. Pour de nombreux clients, il s&rsquo;agit du couteau de choix pour toutes les coupes de cuisine.<\/li>\n<li><i class=\"sui sui-user\" style=\"color:#113116\"><\/i> En plus de la qualit\u00e9 \u00e9lev\u00e9e, les consommateurs sont totalement convaincus par l&rsquo;ensemble du produit. L&rsquo;aspect classique du couteau de cuisine japonais rend le produit unique. Le couteau Huusk a une longue dur\u00e9e de vie et une finition impressionnante.<\/li>\n<li><i class=\"sui sui-user\" style=\"color:#113116\"><\/i> Le produit est fiable et peut \u00eatre utilis\u00e9 de mani\u00e8re polyvalente dans la cuisine. Il est parfait pour hacher des l\u00e9gumes et des herbes. Le couteau est en outre un cadeau parfait pour les occasions sp\u00e9ciales pour les amis. Les p\u00eacheurs, les chasseurs ou les cuisiniers amateurs trouveront en lui un cadeau ou un pr\u00e9sent id\u00e9al. L&rsquo;exp\u00e9dition du couteau de la soci\u00e9t\u00e9 Huusk est rapide et fiable. Dans l&rsquo;ensemble, le couteau de cuisine est recommand\u00e9 par de nombreux clients.<\/li>\n<\/ul>\n<\/div>\n<h2>Acheter des couteaux Huusk au meilleur prix (France, Belgique, Suisse)<\/h2>\n<div class=\"su-button-center\"><a href=\"https:\/\/www.eco-innovation.eu\/go\/huusk-fr\" class=\"su-button su-button-style-soft\" style=\"color:#FFFFFF;background-color:#fb5a00;border-color:#c94800;border-radius:9px;-moz-border-radius:9px;-webkit-border-radius:9px\" target=\"_blank\" rel=\"nofollow\"><span style=\"color:#FFFFFF;padding:8px 24px;font-size:18px;line-height:27px;border-color:#fd8c4d;border-radius:9px;-moz-border-radius:9px;-webkit-border-radius:9px;text-shadow:none;-moz-text-shadow:none;-webkit-text-shadow:none\"><i class=\"sui sui-check-circle\" style=\"font-size:18px;color:#FFFFFF\"><\/i> Commander des couteaux HUUSK directement aupr\u00e8s du fabricant (r\u00e9duction de prix)<\/span><\/a><\/div>\n","protected":false},"excerpt":{"rendered":"<p>Le couteau de cuisine Huusk est un couteau japonais polyvalent. La lame est fabriqu\u00e9e en acier inoxydable de haute qualit\u00e9 et garantit une longue dur\u00e9e de vie. L&rsquo;acier est inoxydable. De plus, ce couteau de qualit\u00e9 dispose d&rsquo;un manche en bois de ch\u00eane tr\u00e8s maniable et l\u00e9g\u00e8rement bomb\u00e9. Il s&rsquo;agit de bois dur d&rsquo;une teinte &#8230; <a title=\"Acheter Huusk Couteau japonais &#8211; Avis Forum et Prix le plus bas\" class=\"read-more\" href=\"https:\/\/www.eco-innovation.eu\/fr\/huusk\/\" aria-label=\"Plus sur Acheter Huusk Couteau japonais &#8211; Avis Forum et Prix le plus bas\">Lire plus<\/a><\/p>\n","protected":false},"author":1,"featured_media":1387,"parent":0,"menu_order":0,"comment_status":"closed","ping_status":"closed","template":"","meta":{"footnotes":""},"class_list":["post-1768","page","type-page","status-publish","has-post-thumbnail"],"_links":{"self":[{"href":"https:\/\/www.eco-innovation.eu\/fr\/wp-json\/wp\/v2\/pages\/1768","targetHints":{"allow":["GET"]}}],"collection":[{"href":"https:\/\/www.eco-innovation.eu\/fr\/wp-json\/wp\/v2\/pages"}],"about":[{"href":"https:\/\/www.eco-innovation.eu\/fr\/wp-json\/wp\/v2\/types\/page"}],"author":[{"embeddable":true,"href":"https:\/\/www.eco-innovation.eu\/fr\/wp-json\/wp\/v2\/users\/1"}],"replies":[{"embeddable":true,"href":"https:\/\/www.eco-innovation.eu\/fr\/wp-json\/wp\/v2\/comments?post=1768"}],"version-history":[{"count":5,"href":"https:\/\/www.eco-innovation.eu\/fr\/wp-json\/wp\/v2\/pages\/1768\/revisions"}],"predecessor-version":[{"id":2061,"href":"https:\/\/www.eco-innovation.eu\/fr\/wp-json\/wp\/v2\/pages\/1768\/revisions\/2061"}],"wp:featuredmedia":[{"embeddable":true,"href":"https:\/\/www.eco-innovation.eu\/fr\/wp-json\/wp\/v2\/media\/1387"}],"wp:attachment":[{"href":"https:\/\/www.eco-innovation.eu\/fr\/wp-json\/wp\/v2\/media?parent=1768"}],"curies":[{"name":"wp","href":"https:\/\/api.w.org\/{rel}","templated":true}]}}