{"id":170,"date":"2022-04-07T14:14:18","date_gmt":"2022-04-07T14:14:18","guid":{"rendered":"https:\/\/www.eco-innovation.eu\/?page_id=170"},"modified":"2022-05-16T14:51:29","modified_gmt":"2022-05-16T14:51:29","slug":"gelule-plus-maigrir","status":"publish","type":"page","link":"https:\/\/www.eco-innovation.eu\/fr\/gelule-plus-maigrir\/","title":{"rendered":"Acheter G\u00e9lule PLUS pour maigrir &#8211; Plus Capsules Prognose minceur Avis"},"content":{"rendered":"<p><a href=\"https:\/\/www.eco-innovation.eu\/go\/plus-fr\" target=\"_blank\" rel=\"nofollow noopener\"><img loading=\"lazy\" decoding=\"async\" class=\"size-full wp-image-171 aligncenter\" src=\"https:\/\/www.eco-innovation.eu\/wp-content\/uploads\/2022\/04\/plus-capsules-maigrir.jpg\" alt=\"plus capsules maigrir\" width=\"480\" height=\"256\" srcset=\"https:\/\/www.eco-innovation.eu\/wp-content\/uploads\/2022\/04\/plus-capsules-maigrir.jpg 480w, https:\/\/www.eco-innovation.eu\/wp-content\/uploads\/2022\/04\/plus-capsules-maigrir-300x160.jpg 300w\" sizes=\"auto, (max-width: 480px) 100vw, 480px\" \/><\/a><\/p>\n<p><strong>La maladie de civilisation la plus dangereuse du si\u00e8cle est l&rsquo;ob\u00e9sit\u00e9. Le surpoids ne signifie pas seulement avoir quelques kilos de trop sur les c\u00f4tes, mais entra\u00eene \u00e9galement de nombreuses maladies secondaires comme le diab\u00e8te ou l&rsquo;hypertension. Il n&rsquo;est donc pas rare que les gens aient recours \u00e0 diff\u00e9rents compl\u00e9ments alimentaires cens\u00e9s les aider \u00e0 perdre du poids. Les g\u00e9lules Plus offrent \u00e9galement ce soutien. Vous d\u00e9couvrirez chez nous si elles tiennent vraiment leurs promesses ou si elles ne font qu&rsquo;amincir votre porte-monnaie.<\/strong><\/p>\n<div class=\"sue-section\" data-url=\"\" data-target=\"blank\" style=\"margin:0px 0px 0px 0px;border-top:1px solid #cccccc;border-bottom:1px solid #cccccc\"><div class=\"sue-section-background\" style=\"background-color:#f8f8f8;background-position:left top;\"><\/div><div class=\"sue-section-content sue-content-wrap\" style=\"padding:30px 0px 30px 0px;max-width:960px;text-align:left;color:#333333;text-shadow:0px 1px 10px #ffffff\">\n<h2>Acheter Plus Capsules<\/h2>\n<p><strong>Commander les g\u00e9lules amaigrissantes Original Plus au prix le plus avantageux :<\/strong><\/p>\n<div class=\"su-button-center\"><a href=\"https:\/\/www.eco-innovation.eu\/go\/plus-fr\" class=\"su-button su-button-style-3d\" style=\"color:#FFFFFF;background-color:#2D89EF;border-color:#246ec0;border-radius:9px;-moz-border-radius:9px;-webkit-border-radius:9px\" target=\"_blank\" rel=\"nofollow\"><span style=\"color:#FFFFFF;padding:0px 24px;font-size:18px;line-height:36px;border-color:#6cadf4;border-radius:9px;-moz-border-radius:9px;-webkit-border-radius:9px;text-shadow:none;-moz-text-shadow:none;-webkit-text-shadow:none\"> Acheter les g\u00e9lules PLUS avec remise<\/span><\/a><\/div>\n<p>&nbsp;<\/p>\n<\/div><\/div>\n<p>&nbsp;<\/p>\n\n<h2>Prix<\/h2>\n<p><strong>Le prix des g\u00e9lules Plus<\/strong><\/p>\n<ul>\n<li><strong>A partir de 36,65 \u20ac par bo\u00eete<\/strong><\/li>\n<li>1x : 49,49 \u20ac<\/li>\n<li>2x : 79,95 \u20ac<\/li>\n<li>3x : 109,95 \u20ac<\/li>\n<\/ul>\n<h2>Plus Capsules Maigrir \u00c9valuation et Avis<\/h2>\n<p>Les g\u00e9lules Plus sont un compl\u00e9ment alimentaire sous forme de g\u00e9lules. Gr\u00e2ce \u00e0 leur complexe de substances actives naturelles, elles sont cens\u00e9es faciliter la perte de poids sans s\u00e9ances de sport extr\u00eames ni comptage fastidieux des calories. Les g\u00e9lules ne sont pas seulement cens\u00e9es avoir un effet \u00e0 court terme, mais elles permettent \u00e9galement d&rsquo;\u00e9viter l&rsquo;effet yoyo. Cela favorise en outre la sant\u00e9.<\/p>\n<p><a href=\"https:\/\/www.eco-innovation.eu\/go\/plus-fr\" target=\"_blank\" rel=\"nofollow noopener\"><img loading=\"lazy\" decoding=\"async\" class=\"size-full wp-image-176 aligncenter\" src=\"https:\/\/www.eco-innovation.eu\/wp-content\/uploads\/2022\/04\/acheter-plus-gelules.jpg\" alt=\"acheter plus gelules\" width=\"700\" height=\"574\" srcset=\"https:\/\/www.eco-innovation.eu\/wp-content\/uploads\/2022\/04\/acheter-plus-gelules.jpg 700w, https:\/\/www.eco-innovation.eu\/wp-content\/uploads\/2022\/04\/acheter-plus-gelules-300x246.jpg 300w\" sizes=\"auto, (max-width: 700px) 100vw, 700px\" \/><\/a><\/p>\n<h2>Plus Capsules Perte de poids<\/h2>\n<p>Les g\u00e9lules Plus ont \u00e9t\u00e9 sp\u00e9cialement con\u00e7ues pour les personnes en surpoids afin de les aider dans leur r\u00e9gime. Gr\u00e2ce aux substances actives qu&rsquo;elles contiennent et \u00e0 leur action synergique, les g\u00e9lules sont tr\u00e8s efficaces. Elles sont bien tol\u00e9r\u00e9es et conviennent donc \u00e0 presque toutes les cat\u00e9gories de personnes. Les personnes souffrant d&rsquo;ob\u00e9sit\u00e9 peuvent y trouver un soutien cibl\u00e9 pour soulager leurs sympt\u00f4mes. En outre, les graisses alimentaires d\u00e9j\u00e0 stock\u00e9es dans le corps sont utilis\u00e9es comme source d&rsquo;\u00e9nergie.<\/p>\n<p>Les g\u00e9lules conviennent \u00e9galement aux personnes actives ou aux sportifs qui ne souhaitent pas vraiment perdre de poids. Dans ce cas \u00e9galement, il est possible d&rsquo;obtenir une r\u00e9duction de la graisse corporelle sans perdre de poids.<br \/>\nEffet<\/p>\n<p>Gr\u00e2ce \u00e0 plusieurs facteurs de soutien, les pilules amaigrissantes Plus facilitent la perte de poids. En utilisant r\u00e9guli\u00e8rement les g\u00e9lules, les utilisateurs ressentent plus rapidement une sensation de sati\u00e9t\u00e9.<\/p>\n<p>Par cons\u00e9quent, on consomme moins de calories. La quantit\u00e9 de colostrum peut ainsi \u00eatre mieux contr\u00f4l\u00e9e, car les fringales disparaissent. Les g\u00e9lules agissent en quelque sorte comme un v\u00e9ritable coupe-faim. Gr\u00e2ce aux graisses absorb\u00e9es dans les aliments, celles-ci sont li\u00e9es dans le corps et leur absorption est emp\u00each\u00e9e.<\/p>\n<p>Les g\u00e9lules Plus sont utilis\u00e9es dans le traitement de l&rsquo;ob\u00e9sit\u00e9 et du surpoids. Elles am\u00e9liorent le propre contr\u00f4le du poids et aident l&rsquo;utilisateur \u00e0 perdre du poids.<\/p>\n<h2>G\u00e9lules Plus Prognose Avis &#8211; Ingr\u00e9dients<\/h2>\n<h3>L-arginine<\/h3>\n<p>La L-arginine est un acide amin\u00e9 semi-essentiel. Elle est responsable d&rsquo;importants processus m\u00e9taboliques dans les cellules. Elle augmente le d\u00e9veloppement musculaire et a en outre un effet d&rsquo;am\u00e9lioration des performances. Un soutien optimal lors des s\u00e9ances de sport est ainsi garanti et offre ainsi des r\u00e9sultats d&rsquo;entra\u00eenement rapides.<\/p>\n<h3>L-Carnitine<\/h3>\n<p>La L-carnitine est un compos\u00e9 d&rsquo;acides amin\u00e9s. Elle est pr\u00e9sente dans le m\u00e9tabolisme des graisses du corps. La substance est similaire \u00e0 une vitamine et offre une fonction de transport. Les acides gras \u00e0 longue cha\u00eene sont ainsi transport\u00e9s de la circulation sanguine vers les \u00ab\u00a0fours de combustion\u00a0\u00bb des cellules (mitochondries). Les acides gras y sont transform\u00e9s en \u00e9nergie. En cas de carence, le corps a recours aux prot\u00e9ines.<\/p>\n<h3>Extrait de garcinia cambogia<\/h3>\n<p>L&rsquo;acide hydroxycitrique (HCA) contenu dans le garcinia cambogia fait partie des substances actives les plus \u00e9prouv\u00e9es lorsqu&rsquo;il s&rsquo;agit de perdre du poids.<\/p>\n<h2>Utilisation et G\u00e9lule PLUS regime<\/h2>\n<p>Pour obtenir les meilleurs r\u00e9sultats possibles, prendre une g\u00e9lule par jour. Il est pr\u00e9f\u00e9rable de prendre la capsule 15 \u00e0 30 minutes avant le repas principal. Il est recommand\u00e9 de choisir le repas au cours duquel vous consommez le plus de calories et de graisses. La g\u00e9lule doit \u00eatre aval\u00e9e sans \u00eatre m\u00e2ch\u00e9e avec au moins 500 ml d&rsquo;eau. Si vous avez des difficult\u00e9s \u00e0 avaler les g\u00e9lules, vous pouvez ouvrir la g\u00e9lule Plus et m\u00e9langer simplement son contenu dans un verre d&rsquo;eau.<\/p>\n<p>Pour obtenir un r\u00e9sultat parfait, il est recommand\u00e9 de prendre le produit sur une longue p\u00e9riode. Les g\u00e9lules Plus ont \u00e9t\u00e9 d\u00e9velopp\u00e9es par un groupe de scientifiques et de m\u00e9decins afin de r\u00e9pondre \u00e0 l&rsquo;extr\u00eame demande de traitement de l&rsquo;ob\u00e9sit\u00e9 \u00e0 domicile. Apr\u00e8s de nombreuses ann\u00e9es de d\u00e9veloppement, les g\u00e9lules Plus sont disponibles sans ordonnance.<\/p>\n<h2>T\u00e9moignage et test d&rsquo;un client<\/h2>\n<p>Une personne de sexe masculin, \u00e2g\u00e9e de 32 ans et mesurant 1,80 m pour 89 kg, a \u00e9t\u00e9 test\u00e9e pendant 4 semaines. Malgr\u00e9 diff\u00e9rentes s\u00e9ances d&rsquo;entra\u00eenement, quelques bourrelets de graisse se sont form\u00e9s chez lui ces derniers temps et il aimerait s&rsquo;en d\u00e9barrasser. Il a promis de s&rsquo;en tenir strictement aux instructions de dosage du fabricant.<\/p>\n<h3>1\u00e8re semaine<\/h3>\n<p>Le sujet a pris chaque jour une g\u00e9lule des g\u00e9lules amaigrissantes Plus. Bien entendu, avec beaucoup d&rsquo;eau comme indiqu\u00e9. Les g\u00e9lules n&rsquo;ont pas de go\u00fbt et sont faciles \u00e0 prendre.<\/p>\n<h3>2\u00e8me semaine<\/h3>\n<p>\u00c0 la fin de la 2e semaine, la personne-test a indiqu\u00e9 qu&rsquo;elle supportait bien les g\u00e9lules et qu&rsquo;elle n&rsquo;avait pas non plus de sympt\u00f4mes secondaires. Il a cependant d\u00e9j\u00e0 remarqu\u00e9 que son comportement alimentaire avait chang\u00e9 et que les portions qu&rsquo;il prenait \u00e9taient plus petites. En outre, il a d\u00e9j\u00e0 perdu 1,8 kg. Et ce, sans faire de sport ni s&rsquo;affamer.<\/p>\n<h3>3e semaine<\/h3>\n<p>Apr\u00e8s la troisi\u00e8me semaine, le sujet a \u00e9galement constat\u00e9 une r\u00e9duction de son poids. Il a d\u00e9j\u00e0 perdu 2,9 kg au total. Il se sent en outre en pleine forme. On sait que d&rsquo;autres r\u00e9gimes vous mettent rapidement de mauvaise humeur parce que vous devez vous affamer, etc. Ce n&rsquo;est pas le cas ici, bien au contraire. Comme il n&rsquo;a d\u00fb se priver de rien, il \u00e9tait de tr\u00e8s bonne humeur.<\/p>\n<h3>4\u00e8me semaine<\/h3>\n<p>Le test s&rsquo;est termin\u00e9 au bout de 4 semaines et nous regardons le changement de la personne test\u00e9e. On voit d\u00e9j\u00e0 au premier coup d&rsquo;\u0153il qu&rsquo;il a perdu du poids. Il a pu enregistrer une perte de poids totale de 4,1 kg. Ce qui lui a vraiment plu lors de la prise des g\u00e9lules, c&rsquo;est qu&rsquo;il n&rsquo;a pas ressenti de fringales et qu&rsquo;il a ainsi pu tout simplement sauter le snack quotidien de l&rsquo;apr\u00e8s-midi.<\/p>\n<p>Il \u00e9tait enti\u00e8rement satisfait du r\u00e9sultat qu&rsquo;il a obtenu et souhaite continuer \u00e0 les prendre, car il n&rsquo;a pas encore atteint son poids id\u00e9al. Pour lui, il s&rsquo;agit d&rsquo;une m\u00e9thode simple pour perdre du poids rapidement, ce qui repr\u00e9sente un avantage ind\u00e9niable pour lui. De plus, il s&rsquo;est senti \u00e9quilibr\u00e9 et en bonne sant\u00e9 tout au long du processus.<\/p>\n<h2>G\u00e9lule PLUS pour maigrir &#8211; \u00c9valuations<\/h2>\n<p>Les \u00e9valuations des utilisateurs du produit sur la page de vente sont toutes positives. Le r\u00e9sultat : 4,7 \u00e9toiles sur 5. Des m\u00e9decins g\u00e9n\u00e9ralistes enthousiastes et des clients satisfaits. Seul le d\u00e9lai de livraison un peu long a \u00e9t\u00e9 critiqu\u00e9, mais cela est sans doute d\u00fb \u00e0 l&rsquo;actualit\u00e9.<\/p>\n<h2>Commander ici &#8211; Achat en ligne<\/h2>\n<div class=\"su-button-center\"><a href=\"https:\/\/www.eco-innovation.eu\/go\/plus-fr\" class=\"su-button su-button-style-3d\" style=\"color:#FFFFFF;background-color:#2D89EF;border-color:#246ec0;border-radius:9px;-moz-border-radius:9px;-webkit-border-radius:9px\" target=\"_blank\" rel=\"nofollow\"><span style=\"color:#FFFFFF;padding:0px 24px;font-size:18px;line-height:36px;border-color:#6cadf4;border-radius:9px;-moz-border-radius:9px;-webkit-border-radius:9px;text-shadow:none;-moz-text-shadow:none;-webkit-text-shadow:none\"> Acheter des g\u00e9lules PLUS avec remise<\/span><\/a><\/div>\n","protected":false},"excerpt":{"rendered":"<p>La maladie de civilisation la plus dangereuse du si\u00e8cle est l&rsquo;ob\u00e9sit\u00e9. Le surpoids ne signifie pas seulement avoir quelques kilos de trop sur les c\u00f4tes, mais entra\u00eene \u00e9galement de nombreuses maladies secondaires comme le diab\u00e8te ou l&rsquo;hypertension. Il n&rsquo;est donc pas rare que les gens aient recours \u00e0 diff\u00e9rents compl\u00e9ments alimentaires cens\u00e9s les aider \u00e0 &#8230; <a title=\"Acheter G\u00e9lule PLUS pour maigrir &#8211; Plus Capsules Prognose minceur Avis\" class=\"read-more\" href=\"https:\/\/www.eco-innovation.eu\/fr\/gelule-plus-maigrir\/\" aria-label=\"Plus sur Acheter G\u00e9lule PLUS pour maigrir &#8211; Plus Capsules Prognose minceur Avis\">Lire plus<\/a><\/p>\n","protected":false},"author":1,"featured_media":0,"parent":0,"menu_order":0,"comment_status":"closed","ping_status":"closed","template":"","meta":{"footnotes":""},"class_list":["post-170","page","type-page","status-publish"],"_links":{"self":[{"href":"https:\/\/www.eco-innovation.eu\/fr\/wp-json\/wp\/v2\/pages\/170","targetHints":{"allow":["GET"]}}],"collection":[{"href":"https:\/\/www.eco-innovation.eu\/fr\/wp-json\/wp\/v2\/pages"}],"about":[{"href":"https:\/\/www.eco-innovation.eu\/fr\/wp-json\/wp\/v2\/types\/page"}],"author":[{"embeddable":true,"href":"https:\/\/www.eco-innovation.eu\/fr\/wp-json\/wp\/v2\/users\/1"}],"replies":[{"embeddable":true,"href":"https:\/\/www.eco-innovation.eu\/fr\/wp-json\/wp\/v2\/comments?post=170"}],"version-history":[{"count":7,"href":"https:\/\/www.eco-innovation.eu\/fr\/wp-json\/wp\/v2\/pages\/170\/revisions"}],"predecessor-version":[{"id":255,"href":"https:\/\/www.eco-innovation.eu\/fr\/wp-json\/wp\/v2\/pages\/170\/revisions\/255"}],"wp:attachment":[{"href":"https:\/\/www.eco-innovation.eu\/fr\/wp-json\/wp\/v2\/media?parent=170"}],"curies":[{"name":"wp","href":"https:\/\/api.w.org\/{rel}","templated":true}]}}