{"id":1441,"date":"2022-10-26T14:00:12","date_gmt":"2022-10-26T14:00:12","guid":{"rendered":"https:\/\/www.eco-innovation.eu\/?page_id=1441"},"modified":"2023-01-30T20:22:22","modified_gmt":"2023-01-30T20:22:22","slug":"figur-capsules","status":"publish","type":"page","link":"https:\/\/www.eco-innovation.eu\/fr\/figur-capsules\/","title":{"rendered":"FIGUR Capsules Avis Medical &#038; Forum &#8211; Figur G\u00e9lules Prix en pharmacie &#8211; France et Belgique"},"content":{"rendered":"<p><strong>Tout le monde le sait : le monde de la nourriture et des boissons offre de nombreuses tentations, et ce presque toujours et partout. Que ce soit dans les restaurants, les snacks ou m\u00eame au supermarch\u00e9 du coin. Il est souvent difficile de r\u00e9sister aux d\u00e9licieux g\u00e2teaux, biscuits et autres sucreries, aux boissons sucr\u00e9es ou \u00e0 l&rsquo;alcool, ainsi qu&rsquo;aux plats consistants.<\/strong><\/p>\n<p>Si l&rsquo;on ajoute \u00e0 cela le manque d&rsquo;activit\u00e9 physique, de nombreuses personnes se retrouvent rapidement aux prises avec leur poids. Les r\u00e9gimes n&rsquo;apportent qu&rsquo;une aide limit\u00e9e, car il arrive souvent que les kilos s&rsquo;envolent pendant un r\u00e9gime, mais que l&rsquo;on reprenne rapidement du poids une fois le r\u00e9gime d\u00e9clar\u00e9 termin\u00e9. De plus, il arrive souvent que la perte de poids s&rsquo;arr\u00eate \u00e0 un moment donn\u00e9 et que l&rsquo;on ne puisse pas perdre plus de poids, m\u00eame si l&rsquo;on n&rsquo;est pas encore satisfait du r\u00e9sultat. Pour rem\u00e9dier de mani\u00e8re cibl\u00e9e \u00e0 ces deux probl\u00e8mes, des pr\u00e9parations issues du domaine des compl\u00e9ments alimentaires, comme les nouvelles g\u00e9lules FIGUR, peuvent donc \u00eatre utiles.<\/p>\n<div class=\"sue-section\" data-url=\"\" data-target=\"blank\" style=\"margin:0px 0px 0px 0px;border-top:1px solid #cccccc;border-bottom:1px solid #cccccc\"><div class=\"sue-section-background\" style=\"background-color:#f8f8f8;background-position:left top;\"><\/div><div class=\"sue-section-content sue-content-wrap\" style=\"padding:30px 0px 30px 0px;max-width:960px;text-align:left;color:#333333;text-shadow:0px 1px 10px #ffffff\">\n<h2>G\u00e9lules FIGUR Avis medical &#8211; Les faits<\/h2>\n<div class=\"su-list\" style=\"margin-left:0px\">\n<ul>\n<li><i class=\"sui sui-caret-right\" style=\"color:#FE9408\"><\/i> <strong>Les effets possibles de la pr\u00e9paration<\/strong>\n<ul>\n<li><i class=\"sui sui-caret-right\" style=\"color:#FE9408\"><\/i> R\u00e9duire les fringales et la sensation de faim<\/li>\n<li><i class=\"sui sui-caret-right\" style=\"color:#FE9408\"><\/i> Br\u00fbler les graisses et ainsi r\u00e9duire le taux de graisse corporelle<\/li>\n<li><i class=\"sui sui-caret-right\" style=\"color:#FE9408\"><\/i> Perte de poids<\/li>\n<li><i class=\"sui sui-caret-right\" style=\"color:#FE9408\"><\/i> Am\u00e9lioration possible de l&rsquo;humeur<\/li>\n<li><i class=\"sui sui-caret-right\" style=\"color:#FE9408\"><\/i> Plus d&rsquo;\u00e9nergie est disponible dans le corps humain<\/li>\n<\/ul>\n<\/li>\n<li><i class=\"sui sui-caret-right\" style=\"color:#FE9408\"><\/i> Avec <strong>sept<\/strong> ingr\u00e9dients efficaces<\/li>\n<li><i class=\"sui sui-caret-right\" style=\"color:#FE9408\"><\/i> Convient aux hommes et aux femmes<\/li>\n<li><i class=\"sui sui-caret-right\" style=\"color:#FE9408\"><\/i> <strong>Maintenant pour une courte p\u00e9riode <a href=\"https:\/\/www.eco-innovation.eu\/go\/figur-fr\" target=\"_blank\" rel=\"nofollow noopener\">avec 46% de r\u00e9duction<\/a><\/strong><\/li>\n<li><i class=\"sui sui-caret-right\" style=\"color:#FE9408\"><\/i> Disponible sans ordonnance en France<\/li>\n<li><i class=\"sui sui-caret-right\" style=\"color:#FE9408\"><\/i> Rapports d&rsquo;exp\u00e9rience tr\u00e8s positifs des utilisateurs sur le forum<\/li>\n<li><i class=\"sui sui-caret-right\" style=\"color:#FE9408\"><\/i> Livraison express<\/li>\n<\/ul>\n<\/div>\n<p>&nbsp;<\/p>\n<h2 style=\"text-align: center;\">\u00c9valuation des g\u00e9lules FIGUR<\/h2>\n<p style=\"text-align: center;\"><strong>\u00c9valuation : \u2b50\u2b50\u2b50\u2b50\u2b50 (<span style=\"color: #008000;\">5 sur 5 \u00e9toiles<\/span>)<\/strong><\/p>\n<p>&nbsp;<\/p>\n<h2>Acheter des g\u00e9lules FIGUR<\/h2>\n<div class=\"su-button-center\"><a href=\"https:\/\/www.eco-innovation.eu\/go\/figur-fr\" class=\"su-button su-button-style-3d\" style=\"color:#FFFFFF;background-color:#2D89EF;border-color:#246ec0;border-radius:9px;-moz-border-radius:9px;-webkit-border-radius:9px\" target=\"_blank\" rel=\"nofollow\"><span style=\"color:#FFFFFF;padding:0px 24px;font-size:18px;line-height:36px;border-color:#6cadf4;border-radius:9px;-moz-border-radius:9px;-webkit-border-radius:9px;text-shadow:none;-moz-text-shadow:none;-webkit-text-shadow:none\"> Acheter FIGUR avec 46% de r\u00e9duction<\/span><\/a><\/div>\n<p>&nbsp;<\/p>\n<\/div><\/div>\n<p>&nbsp;<\/p>\n<div class=\"sue-section\" data-url=\"\" data-target=\"blank\" style=\"margin:0px 0px 0px 0px;border-top:1px solid #cccccc;border-bottom:1px solid #cccccc\"><div class=\"sue-section-background\" style=\"background-color:#f8f8f8;background-position:left top;\"><\/div><div class=\"sue-section-content sue-content-wrap\" style=\"padding:30px 0px 30px 0px;max-width:960px;text-align:left;color:#333333;text-shadow:0px 1px 10px #ffffff\">\n<h2>FIGUR g\u00e9lules Prix<\/h2>\n<p><strong>Figur diet capsules Prix\u00a0 :<\/strong><\/p>\n<ul>\n<li>1 paquet : 49,95 \u20ac<\/li>\n<li>3 paquets : 79,95 \u20ac.<\/li>\n<li>6 paquets : 109,95 \u20ac (la plus grande r\u00e9duction)<\/li>\n<\/ul>\n<div class=\"su-button-center\"><a href=\"https:\/\/www.eco-innovation.eu\/go\/figur-fr\" class=\"su-button su-button-style-3d\" style=\"color:#FFFFFF;background-color:#2D89EF;border-color:#246ec0;border-radius:9px;-moz-border-radius:9px;-webkit-border-radius:9px\" target=\"_blank\" rel=\"nofollow\"><span style=\"color:#FFFFFF;padding:0px 24px;font-size:18px;line-height:36px;border-color:#6cadf4;border-radius:9px;-moz-border-radius:9px;-webkit-border-radius:9px;text-shadow:none;-moz-text-shadow:none;-webkit-text-shadow:none\"> Obtenir le prix discount<\/span><\/a><\/div>\n<\/div><\/div>\n<p><a href=\"https:\/\/www.eco-innovation.eu\/go\/figur-fr\" target=\"_blank\" rel=\"nofollow noopener\"><img loading=\"lazy\" decoding=\"async\" class=\"aligncenter size-full wp-image-1419\" src=\"https:\/\/www.eco-innovation.eu\/wp-content\/uploads\/2022\/10\/figur-capsules.jpg\" alt=\"figur kapseln\" width=\"500\" height=\"454\" srcset=\"https:\/\/www.eco-innovation.eu\/wp-content\/uploads\/2022\/10\/figur-capsules.jpg 500w, https:\/\/www.eco-innovation.eu\/wp-content\/uploads\/2022\/10\/figur-capsules-300x272.jpg 300w\" sizes=\"auto, (max-width: 500px) 100vw, 500px\" \/><\/a><\/p>\n\n<h2>FIGUR g\u00e9lules pour maigrir &#8211; rapport de test et exp\u00e9riences<\/h2>\n<p>Les g\u00e9lules FIGUR luttent en premier lieu contre la graisse qui s&rsquo;est d\u00e9j\u00e0 accumul\u00e9e dans le corps pendant une longue p\u00e9riode. En prenant des g\u00e9lules FIGUR, les kilos que l&rsquo;on consid\u00e8re comme \u00e9tant en trop disparaissent. En outre, les g\u00e9lules FIGUR ne sont pas uniquement destin\u00e9es \u00e0 soutenir un r\u00e9gime en cours ou \u00e0 obtenir une silhouette de plage pour les mois d&rsquo;\u00e9t\u00e9.<\/p>\n<p>En cas de prise prolong\u00e9e, les g\u00e9lules FIGUR ont \u00e9galement un effet pr\u00e9ventif. Cela signifie que les g\u00e9lules FIGUR peuvent \u00e9galement \u00eatre utilis\u00e9es pour limiter l&rsquo;accumulation de nouvelles graisses corporelles, donc une future prise de poids, ou m\u00eame pour l&#8217;emp\u00eacher compl\u00e8tement. Les g\u00e9lules FIGUR peuvent donc \u00eatre prises par toutes les personnes qui souhaitent faire attention \u00e0 leur ligne, que leur objectif principal soit une perte de poids rapide ou qu&rsquo;elles souhaitent rester minces \u00e0 long terme.<\/p>\n<p>En outre, les g\u00e9lules FIGUR conviennent aussi bien aux hommes qu&rsquo;aux femmes de tout \u00e2ge, \u00e0 condition que les utilisateurs soient \u00e2g\u00e9s d&rsquo;au moins 18 ans. Le fait que la personne qui prend les g\u00e9lules amaigrissantes FIGUR soit sportive ou plut\u00f4t inactive, qu&rsquo;elle ait un style de vie sain ou plut\u00f4t malsain, n&rsquo;a pas non plus d&rsquo;importance. Les femmes enceintes ainsi que les personnes qui doivent prendre des m\u00e9dicaments de fa\u00e7on permanente devraient toutefois, par mesure de s\u00e9curit\u00e9, discuter au pr\u00e9alable de l&rsquo;utilisation des comprim\u00e9s FIGUR avec leur m\u00e9decin traitant.<\/p>\n<h2>Figur Diet Capsules Avis &#8211; Effet<\/h2>\n<p>L&rsquo;efficacit\u00e9 des pilules amaigrissantes FIGUR a \u00e9t\u00e9 test\u00e9e scientifiquement. Le produit promet aux clients de pouvoir r\u00e9duire leur taux de graisse corporelle sans autre intervention. Les r\u00e9gimes et un programme d&rsquo;exercice physique ou de sport \u00e9quilibr\u00e9 peuvent bien entendu soutenir et acc\u00e9l\u00e9rer l&rsquo;effet positif des comprim\u00e9s amaigrissants FIGUR.<\/p>\n<p>Il est important que les clients sachent que les succ\u00e8s ne doivent pas se manifester directement apr\u00e8s la premi\u00e8re prise de g\u00e9lules amaigrissantes FIGUR. Les g\u00e9lules FIGUR doivent plut\u00f4t \u00eatre prises de mani\u00e8re continue, c&rsquo;est-\u00e0-dire sans interruption, sur une p\u00e9riode d&rsquo;au moins huit \u00e0 douze semaines. C&rsquo;est alors qu&rsquo;elles peuvent d\u00e9ployer leur effet dans le corps des utilisateurs et entra\u00eener une r\u00e9duction nettement visible de la graisse. Les comprim\u00e9s FIGUR ont un effet particuli\u00e8rement visible sur la graisse corporelle qui s&rsquo;est accumul\u00e9e dans la r\u00e9gion abdominale.<\/p>\n<p>Les personnes qui prennent r\u00e9guli\u00e8rement les g\u00e9lules amaigrissantes FIGUR remarqueront qu&rsquo;avec le temps, elles ont moins d&rsquo;app\u00e9tit. Ainsi, les g\u00e9lules FIGUR agissent entre autres comme coupe-faim. En outre, les g\u00e9lules FIGUR font en sorte que l&rsquo;on se sente rassasi\u00e9 plus longtemps apr\u00e8s un repas, ce qui fait que l&rsquo;on absorbe moins de nourriture. De plus, la prise de g\u00e9lules FIGUR soutient le m\u00e9tabolisme des graisses, ce qui permet de br\u00fbler plus rapidement les graisses d\u00e9j\u00e0 pr\u00e9sentes dans le corps, mais aussi les nouvelles graisses absorb\u00e9es.<\/p>\n<h2>Figur Perte de poids &#8211; Ingr\u00e9dients et composition<\/h2>\n<p>Les g\u00e9lules FIGUR contiennent de la L-carnitine, de la L-arginine, du Garcinia Cambogia HCA Extract, du poivre de Cayenne, de la L-proline, de la L-th\u00e9anine et de la L-leucine. L&rsquo;explication suivante sur l&rsquo;effet de ces ingr\u00e9dients permet de comprendre pourquoi ils sont pr\u00e9sents dans les g\u00e9lules FIGUR.<\/p>\n<h3>L-carnitine<\/h3>\n<p>La L-carnitine est une combinaison d&rsquo;acides amin\u00e9s qui est naturellement pr\u00e9sente dans le corps humain et qui est responsable du m\u00e9tabolisme des graisses. Les L-carnitines se comportent comme des vitamines et assurent une fonction de transport. En bref, les L-carnitines sont donc charg\u00e9es d&rsquo;acheminer rapidement les acides gras absorb\u00e9s par l&rsquo;alimentation vers leur destination \u00e0 travers le corps dans le cadre du m\u00e9tabolisme.<\/p>\n<p>Les acides gras stimul\u00e9s par la L-carnitine doivent \u00eatre achemin\u00e9s le plus rapidement possible de la circulation sanguine vers les mitochondries. Les mitochondries ont \u00e0 leur tour une fonction de combustion. Pour produire l&rsquo;\u00e9nergie dont le corps humain a besoin pour ses fonctions vitales quotidiennes, les mitochondries br\u00fblent l&rsquo;\u00e9nergie contenue dans les acides gras. Si la quantit\u00e9 de graisse absorb\u00e9e par l&rsquo;alimentation est inf\u00e9rieure \u00e0 celle qui est n\u00e9cessaire pour couvrir les besoins \u00e9nerg\u00e9tiques actuels du corps, celui-ci br\u00fble des prot\u00e9ines \u00e0 la place.<\/p>\n<h3>L-arginine<\/h3>\n<p>Les L-arginines appartiennent \u00e9galement \u00e0 la classe des acides amin\u00e9s. Elles participent \u00e9galement au m\u00e9tabolisme des cellules humaines et sont surtout importantes pour la construction des muscles. En outre, les L-arginines ont \u00e9galement un effet positif sur la performance du corps humain. Une concentration appropri\u00e9e de L-arginines peut permettre de d\u00e9velopper plus rapidement les muscles du corps et d&rsquo;obtenir plus rapidement des r\u00e9sultats \u00e0 l&rsquo;entra\u00eenement.<\/p>\n<h3>Extrait de garcinia cambogia HCA<\/h3>\n<p>Le Garcinia Cambogia HCA Extract est un acide de fruit naturel qui est \u00e9galement connu comme coupe-faim. C&rsquo;est pourquoi on trouve le Garcinia Cambogia HCA Extract dans de nombreux produits qui traitent de la perte de poids, comme par exemple dans les g\u00e9lules FIGUR.<\/p>\n<h3>Poivre de Cayenne<\/h3>\n<p>La plupart des gens connaissent le poivre de Cayenne plut\u00f4t par la cuisine, o\u00f9 il est utilis\u00e9 comme \u00e9pice. D&rsquo;un point de vue scientifique, le poivre de Cayenne a un effet tr\u00e8s positif sur le m\u00e9tabolisme, il peut en effet le stimuler et donc l&rsquo;acc\u00e9l\u00e9rer.<\/p>\n<p>En outre, le piment de Cayenne r\u00e9duit \u00e9galement la sensation de faim et permet ainsi de manger de plus petites portions. En outre, le piment de Cayenne a un effet anti-inflammatoire et aide le corps \u00e0 \u00e9liminer les toxines. Plus le syst\u00e8me digestif est sain et exempt de toxines, plus il est facile de maintenir le poids \u00e0 un niveau bas.<\/p>\n<h3>L-Proline<\/h3>\n<p>Les L-prolines favorisent le d\u00e9veloppement musculaire et sont \u00e9galement importantes pour une structure osseuse solide. Les personnes qui soutiennent leur programme de r\u00e9gime par le sport ou qui souhaitent rester en forme, en bonne sant\u00e9 et minces gr\u00e2ce au sport ont besoin d&rsquo;une quantit\u00e9 suffisante de L-prolines dans leur corps.<\/p>\n<h3>L-Th\u00e9anine<\/h3>\n<p>Les L-th\u00e9anines font partie des acides amin\u00e9s qui influencent le cerveau humain. Elles ont un effet antistress et calmant, sans pour autant provoquer d&rsquo;effets secondaires d\u00e9sagr\u00e9ables, comme par exemple la somnolence ou la mollesse. Les L-th\u00e9anines aident \u00e9galement \u00e0 lutter contre l&rsquo;anxi\u00e9t\u00e9 et l&rsquo;hyperactivit\u00e9, qui peuvent toutes deux entra\u00eener des insomnies.<\/p>\n<h3>L-leucine<\/h3>\n<p>La L-leucine augmente l\u00e9g\u00e8rement la masse musculaire dans le corps et permet \u00e9galement de r\u00e9duire la graisse. La L-leucine peut avoir un effet tr\u00e8s positif, surtout chez les personnes \u00e2g\u00e9es, car la masse musculaire du corps diminue de plus en plus chez les seniors.<\/p>\n<p>Un suppl\u00e9ment de L-leucines peut contrecarrer cette perte de masse musculaire ou du moins la ralentir. La L-leucine peut \u00e9galement aider \u00e0 r\u00e9guler le taux de glyc\u00e9mie dans le corps.<\/p>\n<h2>Comprim\u00e9s pour la silhouette : \u00e9tudes et exp\u00e9riences<\/h2>\n<p>Des \u00e9tudes cliniques ont \u00e9t\u00e9 men\u00e9es sur la prise et l&rsquo;effet des g\u00e9lules FIGUR. Les sujets en surpoids repr\u00e9sentaient un \u00e9chantillon de la soci\u00e9t\u00e9 : des hommes et des femmes, d&rsquo;\u00e2ges vari\u00e9s, parfois sportifs, parfois inactifs. Les \u00e9tudes indiquent que les g\u00e9lules amaigrissantes FIGUR, prises r\u00e9guli\u00e8rement, peuvent aider \u00e0 r\u00e9guler le poids corporel \u00e0 long terme.<\/p>\n<p>Mais les \u00e9tudes ont \u00e9galement montr\u00e9 que les g\u00e9lules FIGUR pouvaient avoir un effet \u00e0 court terme sur la perte de poids. Apr\u00e8s huit semaines de prise de comprim\u00e9s FIGUR, des r\u00e9sultats visibles apparaissent selon les \u00e9tudes. La perte de poids apr\u00e8s une prise de g\u00e9lules de douze semaines \u00e9tait de 24 kilogrammes. Selon les \u00e9tudes, l&rsquo;utilisation des g\u00e9lules FIGUR permet de perdre du poids de mani\u00e8re continue sur une p\u00e9riode de six mois.<\/p>\n<p>Ces r\u00e9sultats ont \u00e9t\u00e9 compar\u00e9s \u00e0 ceux d&rsquo;un groupe placebo. Cette comparaison compl\u00e8te le tableau des \u00e9tudes. Le groupe placebo a certes \u00e9galement perdu du poids, mais la perte de graisse est significativement plus \u00e9lev\u00e9e lors de la prise effective des capsules FIGUR. De plus, les sujets ayant re\u00e7u les g\u00e9lules FIGUR ont perdu du poids plus rapidement.<\/p>\n<h2>Notice d&#8217;emballage : prise, utilisation &amp; dosage<\/h2>\n<p>Les capsules FIGUR doivent \u00eatre prises quotidiennement pendant une p\u00e9riode prolong\u00e9e. La dose recommand\u00e9e est d&rsquo;une g\u00e9lule par jour. Celle-ci doit \u00eatre prise avant le repas principal de la journ\u00e9e. Il s&rsquo;agit du repas au cours duquel la quantit\u00e9 de calories et de graisses ing\u00e9r\u00e9es est la plus importante. Id\u00e9alement, la prise doit avoir lieu 15 \u00e0 30 minutes avant ce repas. <a href=\"https:\/\/startup.info\/fr\/figur-gelules-avis-46-reduction-de-prix-perte-de-poids\/\" target=\"_blank\" rel=\"noopener\">Les g\u00e9lules FIGUR<\/a> doivent toujours \u00eatre aval\u00e9es en entier.<\/p>\n<p>Apr\u00e8s les avoir aval\u00e9es, il convient de boire deux grands verres d&rsquo;eau. Cela correspond \u00e0 une quantit\u00e9 de boisson d&rsquo;au moins un demi-litre. Les personnes qui ont des difficult\u00e9s \u00e0 avaler les m\u00e9dicaments sous forme de g\u00e9lules peuvent ouvrir les g\u00e9lules FIGUR en deux avec l&rsquo;ongle du pouce et m\u00e9langer le contenu des g\u00e9lules FIGUR dans un verre d&rsquo;eau. Ce m\u00e9lange doit ensuite \u00eatre bu \u00e0 petites gorg\u00e9es.<\/p>\n<h2>Prix et comparaison des prix<\/h2>\n<p>Les g\u00e9lules FIGUR sont vendues par bo\u00eete de 30 g\u00e9lules. Cela correspond donc \u00e0 peu pr\u00e8s \u00e0 une ration mensuelle. Une bo\u00eete est vendue au prix de 49,95 euros. Plus le nombre de paquets achet\u00e9s ensemble est \u00e9lev\u00e9, plus le prix des g\u00e9lules FIGUR est r\u00e9duit. Deux bo\u00eetes command\u00e9es ensemble co\u00fbtent 39,97 euros par bo\u00eete, trois sont disponibles pour 36,65 euros par bo\u00eete. Un maximum de trois paquets de capsules FIGUR peuvent \u00eatre demand\u00e9s et livr\u00e9s par commande.<\/p>\n<h2>Les g\u00e9lules Figur perte de poids Avis : arnaque ?<\/h2>\n<p>Les g\u00e9lules amaigrissantes ont-elles \u00e9t\u00e9 pr\u00e9sent\u00e9es dans l&rsquo;\u00e9mission t\u00e9l\u00e9vis\u00e9e \u00ab\u00a0H\u00f6hle der L\u00f6wen\u00a0\u00bb ?<\/p>\n<p>La vid\u00e9o de la pr\u00e9sentation est introuvable sur Youtube et dans la m\u00e9diath\u00e8que, mais on entend r\u00e9guli\u00e8rement la rumeur selon laquelle les g\u00e9lules Figurine auraient \u00e9t\u00e9 pr\u00e9sent\u00e9es dans l&rsquo;\u00e9mission \u00ab\u00a0H\u00f6hle der L\u00f6wen\u00a0\u00bb. On ne peut pas dire avec certitude que cette information est fausse ou qu&rsquo;il s&rsquo;agit d&rsquo;une escroquerie.<\/p>\n<h2>Critiques et t\u00e9moignages d&rsquo;utilisateurs<\/h2>\n<p><strong>Les utilisateurs qui ont d\u00e9j\u00e0 essay\u00e9 les g\u00e9lules FIGUR s&rsquo;expriment positivement sur l&rsquo;efficacit\u00e9 de ce produit.<\/strong><\/p>\n<div class=\"su-list\" style=\"margin-left:0px\">\n<ul>\n<li><i class=\"sui sui-user\" style=\"color:#005300\"><\/i> Ils rapportent qu&rsquo;une perte de poids est rapidement perceptible, chez certains utilisateurs d\u00e9j\u00e0 apr\u00e8s quelques jours. Les utilisateurs remarquent g\u00e9n\u00e9ralement que l&rsquo;app\u00e9tit diminue apr\u00e8s la prise des g\u00e9lules FIGUR au bout de deux jours seulement.<\/li>\n<li><i class=\"sui sui-user\" style=\"color:#005300\"><\/i> Ils rapportent qu&rsquo;ils mangent moins tr\u00e8s rapidement. Les utilisateurs qui n&rsquo;ont pas modifi\u00e9 leur mode de vie en dehors de la prise de FIGUR Capsules indiquent qu&rsquo;ils ont tout de m\u00eame enregistr\u00e9 une perte de poids continue, en moyenne de deux kilos par mois.<\/li>\n<li><i class=\"sui sui-user\" style=\"color:#005300\"><\/i> Les personnes qui ont d\u00e9j\u00e0 essay\u00e9 d&rsquo;autres compl\u00e9ments alimentaires pour perdre du poids affirment que l&rsquo;efficacit\u00e9 de FIGUR Capsules \u00e9tait, de leur point de vue, sup\u00e9rieure \u00e0 celle des produits de perte de poids essay\u00e9s auparavant.<\/li>\n<\/ul>\n<\/div>\n<h2>Acheter FIGUR g\u00e9lules au meilleur prix<\/h2>\n<p>Le prix le plus avantageux en France et Belgique (Figur Diet capsules site officiel)<\/p>\n<div class=\"su-button-center\"><a href=\"https:\/\/www.eco-innovation.eu\/go\/figur-fr\" class=\"su-button su-button-style-3d\" style=\"color:#FFFFFF;background-color:#2D89EF;border-color:#246ec0;border-radius:9px;-moz-border-radius:9px;-webkit-border-radius:9px\" target=\"_blank\" rel=\"nofollow\"><span style=\"color:#FFFFFF;padding:0px 24px;font-size:18px;line-height:36px;border-color:#6cadf4;border-radius:9px;-moz-border-radius:9px;-webkit-border-radius:9px;text-shadow:none;-moz-text-shadow:none;-webkit-text-shadow:none\"> Acheter FIGUR avec 46% de r\u00e9duction<\/span><\/a><\/div>\n","protected":false},"excerpt":{"rendered":"<p>Tout le monde le sait : le monde de la nourriture et des boissons offre de nombreuses tentations, et ce presque toujours et partout. Que ce soit dans les restaurants, les snacks ou m\u00eame au supermarch\u00e9 du coin. Il est souvent difficile de r\u00e9sister aux d\u00e9licieux g\u00e2teaux, biscuits et autres sucreries, aux boissons sucr\u00e9es ou &#8230; <a title=\"FIGUR Capsules Avis Medical &#038; Forum &#8211; Figur G\u00e9lules Prix en pharmacie &#8211; France et Belgique\" class=\"read-more\" href=\"https:\/\/www.eco-innovation.eu\/fr\/figur-capsules\/\" aria-label=\"Plus sur FIGUR Capsules Avis Medical &#038; Forum &#8211; Figur G\u00e9lules Prix en pharmacie &#8211; France et Belgique\">Lire plus<\/a><\/p>\n","protected":false},"author":1,"featured_media":1410,"parent":0,"menu_order":0,"comment_status":"closed","ping_status":"closed","template":"","meta":{"footnotes":""},"class_list":["post-1441","page","type-page","status-publish","has-post-thumbnail"],"_links":{"self":[{"href":"https:\/\/www.eco-innovation.eu\/fr\/wp-json\/wp\/v2\/pages\/1441","targetHints":{"allow":["GET"]}}],"collection":[{"href":"https:\/\/www.eco-innovation.eu\/fr\/wp-json\/wp\/v2\/pages"}],"about":[{"href":"https:\/\/www.eco-innovation.eu\/fr\/wp-json\/wp\/v2\/types\/page"}],"author":[{"embeddable":true,"href":"https:\/\/www.eco-innovation.eu\/fr\/wp-json\/wp\/v2\/users\/1"}],"replies":[{"embeddable":true,"href":"https:\/\/www.eco-innovation.eu\/fr\/wp-json\/wp\/v2\/comments?post=1441"}],"version-history":[{"count":10,"href":"https:\/\/www.eco-innovation.eu\/fr\/wp-json\/wp\/v2\/pages\/1441\/revisions"}],"predecessor-version":[{"id":1960,"href":"https:\/\/www.eco-innovation.eu\/fr\/wp-json\/wp\/v2\/pages\/1441\/revisions\/1960"}],"wp:featuredmedia":[{"embeddable":true,"href":"https:\/\/www.eco-innovation.eu\/fr\/wp-json\/wp\/v2\/media\/1410"}],"wp:attachment":[{"href":"https:\/\/www.eco-innovation.eu\/fr\/wp-json\/wp\/v2\/media?parent=1441"}],"curies":[{"name":"wp","href":"https:\/\/api.w.org\/{rel}","templated":true}]}}