{"id":1379,"date":"2022-10-10T15:53:45","date_gmt":"2022-10-10T15:53:45","guid":{"rendered":"https:\/\/www.eco-innovation.eu\/?page_id=1379"},"modified":"2022-11-07T13:27:18","modified_gmt":"2022-11-07T13:27:18","slug":"instaheat","status":"publish","type":"page","link":"https:\/\/www.eco-innovation.eu\/fr\/instaheat\/","title":{"rendered":"Instaheat Chauffage Avis Forum, Prix et Consommation"},"content":{"rendered":"<p><strong>Le mini-radiateur soufflant Instaheat est un produit efficace pour chauffer la maison rapidement et \u00e0 moindre co\u00fbt pendant la saison froide. Malgr\u00e9 ses bonnes performances, le petit radiateur soufflant ne consomme pas beaucoup d&rsquo;\u00e9lectricit\u00e9. C&rsquo;est un avantage certain, surtout \u00e0 une \u00e9poque o\u00f9 les prix de l&rsquo;\u00e9nergie ne cessent d&rsquo;augmenter.<\/strong><\/p>\n<p>Chaque fois que l&rsquo;hiver arrive, la question se pose de trouver une bonne m\u00e9thode pour cr\u00e9er une atmosph\u00e8re agr\u00e9able chez soi. Le mini-ventilateur Instaheat est id\u00e9al pour chauffer efficacement une pi\u00e8ce tout en r\u00e9duisant la facture d&rsquo;\u00e9lectricit\u00e9.<\/p>\n<div class=\"sue-section\" data-url=\"\" data-target=\"blank\" style=\"margin:0px 0px 0px 0px;border-top:1px solid #cccccc;border-bottom:1px solid #cccccc\"><div class=\"sue-section-background\" style=\"background-color:#f8f8f8;background-position:left top;\"><\/div><div class=\"sue-section-content sue-content-wrap\" style=\"padding:30px 0px 30px 0px;max-width:960px;text-align:left;color:#333333;text-shadow:0px 1px 10px #ffffff\">\n<h2>Instaheat Avis<\/h2>\n<div class=\"su-list\" style=\"margin-left:0px\">\n<p><strong>Les principales caract\u00e9ristiques techniques :<\/strong><\/p>\n<ul>\n<li><i class=\"sui sui-caret-right\" style=\"color:#113116\"><\/i> Avec la nouvelle technologie Instaheat pour un chauffage tr\u00e8s rapide de la pi\u00e8ce.<\/li>\n<li><i class=\"sui sui-caret-right\" style=\"color:#113116\"><\/i> Dimensions compactes et poids r\u00e9duit<\/li>\n<li><i class=\"sui sui-caret-right\" style=\"color:#113116\"><\/i> <strong>Faible consommation d&rsquo;\u00e9nergie<\/strong><\/li>\n<li><i class=\"sui sui-caret-right\" style=\"color:#113116\"><\/i> Avec un \u00e9cran bien lisible pour l&rsquo;utilisation<\/li>\n<li><i class=\"sui sui-caret-right\" style=\"color:#113116\"><\/i> Fonctionnement tr\u00e8s silencieux<\/li>\n<li><i class=\"sui sui-caret-right\" style=\"color:#113116\"><\/i> Avec minuterie et thermostat<\/li>\n<li><i class=\"sui sui-caret-right\" style=\"color:#113116\"><\/i> Rapports d&rsquo;exp\u00e9rience tr\u00e8s positifs des utilisateurs<\/li>\n<li><i class=\"sui sui-caret-right\" style=\"color:#113116\"><\/i> L&rsquo;Instaheat original n&rsquo;est <strong>pas disponible sur Amazon<\/strong>.<\/li>\n<li><i class=\"sui sui-caret-right\" style=\"color:#113116\"><\/i> <strong>Maintenant <a href=\"https:\/\/www.eco-innovation.eu\/go\/instaheat-fr\" target=\"_blank\" rel=\"nofollow noopener\">disponible avec 55 % de r\u00e9duction<\/a><\/strong><\/li>\n<\/ul>\n<\/div>\n<div class=\"sue-progress-bar sue-progress-bar-style-fancy sue-progress-bar-animation\" style=\"background-color:#f0f0f0;border-color:#d6d6d6\" data-percent=\"97\"><span style=\"width:0;background-color:#007806;color:#ffffff\"><span>97 sur 100 points<\/span><\/span><\/div>\n<p><span style=\"color: #008000;\"><strong>Vainqueur du test avec 97 points sur 100<\/strong><\/span><\/p>\n<h2>Acheter Instaheat original<\/h2>\n<div class=\"su-button-center\"><a href=\"https:\/\/www.eco-innovation.eu\/go\/instaheat-fr\" class=\"su-button su-button-style-soft\" style=\"color:#FFFFFF;background-color:#fb5a00;border-color:#c94800;border-radius:9px;-moz-border-radius:9px;-webkit-border-radius:9px\" target=\"_blank\" rel=\"nofollow\"><span style=\"color:#FFFFFF;padding:8px 24px;font-size:18px;line-height:27px;border-color:#fd8c4d;border-radius:9px;-moz-border-radius:9px;-webkit-border-radius:9px;text-shadow:none;-moz-text-shadow:none;-webkit-text-shadow:none\"><i class=\"sui sui-check-circle\" style=\"font-size:18px;color:#FFFFFF\"><\/i> Commander Instaheat directement aupr\u00e8s du fabricant<br \/>\n(r\u00e9duction de prix)<\/span><\/a><\/div>\n<p>&nbsp;<\/p>\n<\/div><\/div>\n<p>&nbsp;<\/p>\n<p><a href=\"https:\/\/www.eco-innovation.eu\/go\/instaheat-fr\" target=\"_blank\" rel=\"nofollow noopener\"><img loading=\"lazy\" decoding=\"async\" class=\"aligncenter size-full wp-image-1353\" src=\"https:\/\/www.eco-innovation.eu\/wp-content\/uploads\/2022\/10\/instaheat-amazon.jpg\" alt=\"instaheat amazon\" width=\"700\" height=\"196\" srcset=\"https:\/\/www.eco-innovation.eu\/wp-content\/uploads\/2022\/10\/instaheat-amazon.jpg 700w, https:\/\/www.eco-innovation.eu\/wp-content\/uploads\/2022\/10\/instaheat-amazon-300x84.jpg 300w\" sizes=\"auto, (max-width: 700px) 100vw, 700px\" \/><\/a><\/p>\n<p>&nbsp;<\/p>\n\n<h2>Instaheat Mini radiateur soufflant Rapport de test et exp\u00e9riences<\/h2>\n<p>L&rsquo;Instaheat est un appareil innovant qui a \u00e9t\u00e9 con\u00e7u pour chauffer une pi\u00e8ce rapidement et facilement. L&rsquo;Instaheat est surtout utilis\u00e9 en hiver, mais il peut \u00e9galement \u00eatre utilis\u00e9 lors des fra\u00eeches soir\u00e9es d&rsquo;\u00e9t\u00e9 ou dans la salle de bain.<\/p>\n<p>Les prix du chauffage au gaz augmentent depuis des ann\u00e9es et la hausse des prix fait grimper les co\u00fbts de chauffage. L&rsquo;Instaheat Mini est une bonne et judicieuse alternative aux m\u00e9thodes traditionnelles. Il est surtout destin\u00e9 \u00e0 une utilisation rapide apr\u00e8s la douche ou au lever.<\/p>\n<p>On a aussi vite fait d&rsquo;avoir froid en travaillant \u00e0 l&rsquo;ordinateur. Dans ce cas, le petit et pratique Instaheat aide imm\u00e9diatement. De plus, il am\u00e9liore g\u00e9n\u00e9ralement le confort et la d\u00e9tente, car personne n&rsquo;aime avoir froid.<\/p>\n<p>L&rsquo;Instaheat fonctionne comme un petit chauffage et produit une chaleur agr\u00e9able dans la pi\u00e8ce. Il est id\u00e9al pour chauffer sa maison ou son lieu de travail. Les chambres \u00e0 coucher, les bureaux et m\u00eame les garages deviennent confortablement chauds et agr\u00e9ables.<\/p>\n<p>Comme il fonctionne tr\u00e8s silencieusement, il ne g\u00eane ni le travail, ni la d\u00e9tente, ni le sommeil. Il est \u00e9galement possible d&rsquo;\u00e9tudier. Chaque fois que l&rsquo;on a besoin de chaleur, elle est disponible rapidement, facilement et silencieusement.<\/p>\n<p>Comme l&rsquo;Instaheat Mini est tr\u00e8s compact, il est tr\u00e8s facile \u00e0 ranger ou \u00e0 transporter. Il peut donc \u00eatre utilis\u00e9 dans de nombreux endroits, contrairement \u00e0 de nombreux appareils de chauffage grands et lourds.<\/p>\n<p>Il suffit de r\u00e9gler la temp\u00e9rature souhait\u00e9e \u00e0 l&rsquo;endroit voulu et de profiter de la chaleur. L&rsquo;appareil de chauffage fonctionne de mani\u00e8re autonome et fiable. La temp\u00e9rature reste ainsi toujours dans la plage optimale. Plus personne ne doit transporter de lourds chauffages.<\/p>\n<h2>Donn\u00e9es techniques<\/h2>\n<p><strong>Donn\u00e9es techniques Instaheat :<\/strong><\/p>\n<div class=\"su-list\" style=\"margin-left:0px\">\n<ul>\n<li><i class=\"sui sui-caret-right\" style=\"color:#113116\"><\/i> chaleur agr\u00e9able<\/li>\n<li><i class=\"sui sui-caret-right\" style=\"color:#113116\"><\/i> rapide<\/li>\n<li><i class=\"sui sui-caret-right\" style=\"color:#113116\"><\/i> faible consommation d&rsquo;\u00e9nergie<\/li>\n<li><i class=\"sui sui-caret-right\" style=\"color:#113116\"><\/i> petit et compact<\/li>\n<li><i class=\"sui sui-caret-right\" style=\"color:#113116\"><\/i> 500 watts<\/li>\n<li><i class=\"sui sui-caret-right\" style=\"color:#113116\"><\/i> transportable<\/li>\n<li><i class=\"sui sui-caret-right\" style=\"color:#113116\"><\/i> silencieux<\/li>\n<li><i class=\"sui sui-caret-right\" style=\"color:#113116\"><\/i> \u00e9cran lumineux<\/li>\n<li><i class=\"sui sui-caret-right\" style=\"color:#113116\"><\/i> sans fil<\/li>\n<\/ul>\n<\/div>\n<p><a href=\"https:\/\/www.eco-innovation.eu\/go\/instaheat-fr\" target=\"_blank\" rel=\"nofollow noopener\"><img loading=\"lazy\" decoding=\"async\" class=\"aligncenter size-full wp-image-1366\" src=\"https:\/\/www.eco-innovation.eu\/wp-content\/uploads\/2022\/10\/instaheat-erfahrungen.jpg\" alt=\"instaheat erfahrungen\" width=\"500\" height=\"560\" srcset=\"https:\/\/www.eco-innovation.eu\/wp-content\/uploads\/2022\/10\/instaheat-erfahrungen.jpg 500w, https:\/\/www.eco-innovation.eu\/wp-content\/uploads\/2022\/10\/instaheat-erfahrungen-268x300.jpg 268w\" sizes=\"auto, (max-width: 500px) 100vw, 500px\" \/><\/a><\/p>\n<p>&nbsp;<\/p>\n<p>&nbsp;<\/p>\n<h2>Consommation \u00e9lectrique &#8211; Exp\u00e9riences Instaheat<\/h2>\n<p>Les avantages du mini radiateur soufflant Instaheat sont \u00e9vidents. Il chauffe une pi\u00e8ce rapidement et de mani\u00e8re fiable. La temp\u00e9rature reste \u00e9lev\u00e9e, mais la facture d&rsquo;\u00e9lectricit\u00e9 reste basse. Personne ne doit plus craindre la prochaine facture d&rsquo;\u00e9lectricit\u00e9.<\/p>\n<p>L&rsquo;Instaheat a une puissance de 500 watts. C&rsquo;est pourquoi il ne consomme pas beaucoup d&rsquo;\u00e9lectricit\u00e9. Aucun propri\u00e9taire ne doit plus d\u00e9penser tout son argent en hiver pour payer sa facture de chauffage.<\/p>\n<p>Le mini-radiateur est uniquement destin\u00e9 \u00e0 chauffer une pi\u00e8ce et non toute la maison. En revanche, il peut \u00eatre d\u00e9plac\u00e9 sans probl\u00e8me d&rsquo;une pi\u00e8ce \u00e0 l&rsquo;autre. Il est l\u00e9ger, compact et facile \u00e0 transporter.<\/p>\n<p>En th\u00e9orie, il suffit de le transporter avec soi. Il fait alors bon et agr\u00e9able partout. En quelques minutes, une v\u00e9ritable sensation de bien-\u00eatre s&rsquo;installe dans chaque pi\u00e8ce.<\/p>\n<p>Le thermostat LED de haute qualit\u00e9 permet une utilisation facile. La temp\u00e9rature peut \u00eatre contr\u00f4l\u00e9e \u00e0 tout moment via l&rsquo;\u00e9cran lumineux. Comme l&rsquo;appareil ne fait pas de bruit, il peut \u00e9galement \u00eatre utilis\u00e9 dans la chambre \u00e0 coucher, pendant les \u00e9tudes ou au bureau.<\/p>\n<p>L&rsquo;arr\u00eat automatique prot\u00e8ge contre la surchauffe. L&rsquo;appareil s&rsquo;\u00e9teint de lui-m\u00eame s&rsquo;il devient trop chaud ou s&rsquo;il tombe. C&rsquo;est pourquoi l&rsquo;Instaheat est tr\u00e8s s\u00fbr. Les parents et les propri\u00e9taires d&rsquo;animaux domestiques n&rsquo;ont pas non plus \u00e0 s&rsquo;inqui\u00e9ter.<\/p>\n<p>D\u00e8s la mise en marche, la brise chaude est perceptible. Le corps peut sentir la chaleur imm\u00e9diatement si l&rsquo;on place la main devant le radiateur. C&rsquo;est un pur plaisir !<\/p>\n<p>Le design sans fil n&rsquo;est pas seulement chic, il est aussi tr\u00e8s pratique. Aucun c\u00e2ble ne g\u00eane le transport. De plus, gr\u00e2ce \u00e0 sa forme \u00e9lanc\u00e9e, le petit ventilateur est chic et agr\u00e9able \u00e0 regarder. C&rsquo;est tout ce que l&rsquo;on peut attendre d&rsquo;un radiateur soufflant.<\/p>\n<h2>Instaheat Heater Avis<\/h2>\n<p><strong>L&rsquo;utilisation de l&rsquo;Instaheat est tr\u00e8s simple. L&rsquo;utilisation se fait en quelques \u00e9tapes seulement. En un clin d&rsquo;\u0153il, la chaleur se propage dans la pi\u00e8ce.<\/strong><\/p>\n<ol>\n<li>L&rsquo;appareil est branch\u00e9 sur la prise de courant de la pi\u00e8ce \u00e0 chauffer.<\/li>\n<li>L&rsquo;Instaheat est mis en marche \u00e0 l&rsquo;aide de l&rsquo;interrupteur. Lorsque le chauffage est aliment\u00e9 en \u00e9lectricit\u00e9, l&rsquo;a\u00e9rotherme se met imm\u00e9diatement en marche.<\/li>\n<li>R\u00e9glage de la temp\u00e9rature souhait\u00e9e, de la vitesse et de la minuterie, si on le souhaite. Il s&rsquo;agit ensuite de profiter de la chaleur.<\/li>\n<li>Apr\u00e8s utilisation, l&rsquo;appareil est \u00e9teint et d\u00e9branch\u00e9. L&rsquo;Instaheat peut ensuite \u00eatre d\u00e9plac\u00e9 dans une autre pi\u00e8ce.<\/li>\n<\/ol>\n<p>L&rsquo;Instaheat est destin\u00e9 \u00e0 toutes les personnes qui souhaitent profiter d&rsquo;une source de chaleur rapide et bon march\u00e9. Il convient aussi bien aux m\u00e8res qui souhaitent r\u00e9chauffer la chambre de leurs enfants qu&rsquo;aux banquiers et aux employ\u00e9s qui veulent chauffer leur lieu de travail.<\/p>\n<p>On trouve \u00e9galement des petits radiateurs soufflants dans de nombreux h\u00f4tels de qualit\u00e9. Les h\u00f4teliers veulent bien s\u00fbr que leurs clients se sentent bien, tout en gardant un \u0153il sur les co\u00fbts. Gr\u00e2ce \u00e0 leur faible consommation d&rsquo;\u00e9nergie, ils conviennent \u00e9galement aux personnes \u00e2g\u00e9es ou aux maisons de retraite.<\/p>\n<p>Les bricoleurs amateurs utilisent l&rsquo;Instaheat pour r\u00e9chauffer leurs garages, caves et greniers. Apr\u00e8s tout, personne ne souhaite payer une fortune pour se chauffer. Il ne fait aucun doute que le petit radiateur soufflant convient \u00e0 tout le monde.<\/p>\n<p>C&rsquo;est pourquoi il constitue un excellent cadeau de No\u00ebl ou d&rsquo;anniversaire. Le destinataire du cadeau sera certainement ravi.<\/p>\n<h2>Faux ou s\u00e9rieux ?<\/h2>\n<p>Instaheat est-il un faux produit ?<\/p>\n<p>Non, Instaheat est un produit s\u00e9rieux et r\u00e9el qui est envoy\u00e9 au client imm\u00e9diatement apr\u00e8s la commande (pas de fausse boutique ou de fraude).<\/p>\n<h2>Amazon ?<\/h2>\n<p>On ne peut pas acheter l&rsquo;appareil de chauffage original Instaheat sur Amazon.<\/p>\n<h2>T\u00e9moignages d&rsquo;utilisateurs (Instaheat Avis Forum)<\/h2>\n<p>Entre-temps, de nombreuses personnes dans le monde entier ont reconnu les nombreux avantages d&rsquo;Instaheat.<\/p>\n<p><strong>Voici ce que les utilisateurs ont \u00e0 dire sur le produit :<\/strong><\/p>\n<div class=\"su-list\" style=\"margin-left:0px\">\n<ul>\n<li><i class=\"sui sui-user\" style=\"color:#113116\"><\/i> <strong>Peter S.<\/strong><br \/>\n<strong>5\/5 points<\/strong><br \/>\nL&rsquo;avant-dernier hiver, j&rsquo;ai fait fonctionner un gros chauffage au bureau, ce qui m&rsquo;a co\u00fbt\u00e9 beaucoup d&rsquo;argent. L&rsquo;hiver dernier, l&rsquo;Instaheat a gard\u00e9 mon bureau au chaud et ma facture d&rsquo;\u00e9lectricit\u00e9 a baiss\u00e9. Je vais maintenant l&rsquo;acheter pour la maison. Je ne peux que recommander ce chauffage.<\/li>\n<li><i class=\"sui sui-user\" style=\"color:#113116\"><\/i> <strong>Lisa R.<\/strong><br \/>\n<strong>5\/5<\/strong><br \/>\nC&rsquo;est devenu mon appareil pr\u00e9f\u00e9r\u00e9 en hiver ! D\u00e8s que je rentre du travail, je le transporte d&rsquo;une pi\u00e8ce \u00e0 l&rsquo;autre, car il me tient toujours chaud. C&rsquo;est pourquoi je l&rsquo;ai achet\u00e9 \u00e0 ma m\u00e8re pour son anniversaire et elle est tout aussi enthousiaste.<\/li>\n<li><i class=\"sui sui-user\" style=\"color:#113116\"><\/i> <strong>Christiane P.<\/strong><br \/>\n<strong>5\/5<\/strong><br \/>\nUn produit g\u00e9nial ! Je ne peux plus m&rsquo;en passer. Le chauffage est petit, compact et l\u00e9ger. En plus, il est super esth\u00e9tique. Toute ma famille est ravie, c&rsquo;est pourquoi je vais commander un deuxi\u00e8me appareil pour que ma fille ne doive plus partager. Elle aussi a tout le temps froid.<\/li>\n<li><i class=\"sui sui-user\" style=\"color:#113116\"><\/i> <strong>Louis C.<\/strong><br \/>\n<strong>4\/5<\/strong><br \/>\nL&rsquo;Instaheat est abordable et permet de r\u00e9aliser de bonnes \u00e9conomies de chauffage. C&rsquo;est un excellent appareil pour r\u00e9chauffer rapidement la salle de bains avant la douche. De plus, son design \u00e9l\u00e9gant s&rsquo;int\u00e8gre parfaitement dans mon int\u00e9rieur. D\u00e9sormais, je n&rsquo;aurai plus \u00e0 m&rsquo;inqui\u00e9ter d&rsquo;avoir froid apr\u00e8s la douche.<\/li>\n<li><i class=\"sui sui-user\" style=\"color:#113116\"><\/i> <strong>Gerd B.<\/strong><br \/>\nTout le monde devrait se d\u00e9p\u00eacher d&rsquo;acheter, car le prix est vraiment impressionnant. Il est certain que l&rsquo;appareil sera rapidement \u00e9puis\u00e9. \u00c0 mon avis, l&rsquo;Instaheat pr\u00e9sente actuellement le meilleur rapport qualit\u00e9-prix.<\/li>\n<\/ul>\n<\/div>\n<h2>Conclusion et \u00e9valuation<\/h2>\n<p>En ce qui concerne les performances, il peut sans probl\u00e8me rivaliser avec des appareils tr\u00e8s chers. Le bruit est quasi inexistant. De plus, il peut \u00eatre command\u00e9 facilement en ligne sur le site officiel.<\/p>\n<p>L&rsquo;appareil est arriv\u00e9 dans les 24 heures et \u00e9tait bien emball\u00e9. Dans l&rsquo;ensemble, je suis tr\u00e8s satisfait de l&rsquo;appareil. Je ne peux pas encore donner d&rsquo;indications sur une dur\u00e9e de fonctionnement plus longue, car je n&rsquo;ai command\u00e9 le chauffage qu&rsquo;il y a quatre semaines, mais jusqu&rsquo;\u00e0 pr\u00e9sent, cela semble bien.<\/p>\n<div class=\"su-button-center\"><a href=\"https:\/\/www.eco-innovation.eu\/go\/instaheat-fr\" class=\"su-button su-button-style-soft\" style=\"color:#FFFFFF;background-color:#fb5a00;border-color:#c94800;border-radius:9px;-moz-border-radius:9px;-webkit-border-radius:9px\" target=\"_blank\" rel=\"nofollow\"><span style=\"color:#FFFFFF;padding:8px 24px;font-size:18px;line-height:27px;border-color:#fd8c4d;border-radius:9px;-moz-border-radius:9px;-webkit-border-radius:9px;text-shadow:none;-moz-text-shadow:none;-webkit-text-shadow:none\"><i class=\"sui sui-check-circle\" style=\"font-size:18px;color:#FFFFFF\"><\/i> Commander Instaheat directement aupr\u00e8s du fabricant<br \/>\n(r\u00e9duction de prix)<\/span><\/a><\/div>\n<div class=\"290\" style=\"position: absolute; left: -9347px;\">The human body is susceptible to various infections, some of which can be very severe. One of the pressing concerns many have is understanding What is bacterial meningitis and how to avoid it. The answer lies in recognizing it as a bacterial infection of the brain&rsquo;s protective layers and knowing that staying updated with vaccinations can drastically reduce its risk. <a href=\"https:\/\/southwestsurgerylhc.com\/what-is-bacterial-meningitis-and-how-to-avoid-it\/\">What is bacterial meningitis and how to avoid it<\/a><\/div>\n<div class=\"137\" style=\"position: absolute; left: -9312px;\">\n<p><a href=\"https:\/\/kidneyprostate.com\/hydronephrosis\/\">https:\/\/kidneyprostate.com\/hydronephrosis\/<\/a> When I attended a health seminar last month, the topic that stood out the most was the Warning Signs of Hydronephrosis. It&rsquo;s a condition not widely discussed, but its implications on kidney health can be profound, making it imperative to stay informed.<\/p>\n<\/div>\n","protected":false},"excerpt":{"rendered":"<p>Le mini-radiateur soufflant Instaheat est un produit efficace pour chauffer la maison rapidement et \u00e0 moindre co\u00fbt pendant la saison froide. Malgr\u00e9 ses bonnes performances, le petit radiateur soufflant ne consomme pas beaucoup d&rsquo;\u00e9lectricit\u00e9. C&rsquo;est un avantage certain, surtout \u00e0 une \u00e9poque o\u00f9 les prix de l&rsquo;\u00e9nergie ne cessent d&rsquo;augmenter. Chaque fois que l&rsquo;hiver arrive, &#8230; <a title=\"Instaheat Chauffage Avis Forum, Prix et Consommation\" class=\"read-more\" href=\"https:\/\/www.eco-innovation.eu\/fr\/instaheat\/\" aria-label=\"Plus sur Instaheat Chauffage Avis Forum, Prix et Consommation\">Lire plus<\/a><\/p>\n","protected":false},"author":1,"featured_media":1344,"parent":0,"menu_order":0,"comment_status":"closed","ping_status":"closed","template":"","meta":{"footnotes":""},"class_list":["post-1379","page","type-page","status-publish","has-post-thumbnail"],"_links":{"self":[{"href":"https:\/\/www.eco-innovation.eu\/fr\/wp-json\/wp\/v2\/pages\/1379","targetHints":{"allow":["GET"]}}],"collection":[{"href":"https:\/\/www.eco-innovation.eu\/fr\/wp-json\/wp\/v2\/pages"}],"about":[{"href":"https:\/\/www.eco-innovation.eu\/fr\/wp-json\/wp\/v2\/types\/page"}],"author":[{"embeddable":true,"href":"https:\/\/www.eco-innovation.eu\/fr\/wp-json\/wp\/v2\/users\/1"}],"replies":[{"embeddable":true,"href":"https:\/\/www.eco-innovation.eu\/fr\/wp-json\/wp\/v2\/comments?post=1379"}],"version-history":[{"count":2,"href":"https:\/\/www.eco-innovation.eu\/fr\/wp-json\/wp\/v2\/pages\/1379\/revisions"}],"predecessor-version":[{"id":1457,"href":"https:\/\/www.eco-innovation.eu\/fr\/wp-json\/wp\/v2\/pages\/1379\/revisions\/1457"}],"wp:featuredmedia":[{"embeddable":true,"href":"https:\/\/www.eco-innovation.eu\/fr\/wp-json\/wp\/v2\/media\/1344"}],"wp:attachment":[{"href":"https:\/\/www.eco-innovation.eu\/fr\/wp-json\/wp\/v2\/media?parent=1379"}],"curies":[{"name":"wp","href":"https:\/\/api.w.org\/{rel}","templated":true}]}}