{"id":132,"date":"2022-03-29T14:40:20","date_gmt":"2022-03-29T14:40:20","guid":{"rendered":"https:\/\/www.eco-innovation.eu\/?page_id=132"},"modified":"2023-03-17T09:26:04","modified_gmt":"2023-03-17T09:26:04","slug":"prima-capsules-avis","status":"publish","type":"page","link":"https:\/\/www.eco-innovation.eu\/fr\/prima-capsules-avis\/","title":{"rendered":"Prima Capsules amincissantes Avis &#038; Prix &#8211; G\u00e9lules Minceur efficace"},"content":{"rendered":"<p><big><strong>Les compl\u00e9ments alimentaires Prima sont destin\u00e9s \u00e0 tout individu qui souhaite perdre du poids efficacement. Elles viennent vous aider dans le r\u00e9gime alimentaire que vous avez choisi pour atteindre vos objectifs plus rapidement. Ainsi, elles constituent un soutien pour les personnes atteintes d&rsquo;ob\u00e9sit\u00e9 ou de troubles alimentaires. Elles peuvent \u00e9galement s&rsquo;adresser aux sportifs qui veulent perdre plus vite leur graisse corporelle sans impacter leur masse musculaire. <\/strong><\/big><\/p>\n<p><a href=\"https:\/\/www.eco-innovation.eu\/go\/prima-fr\" target=\"_blank\" rel=\"nofollow noopener\"><img loading=\"lazy\" decoding=\"async\" class=\"aligncenter size-full wp-image-142\" src=\"https:\/\/www.eco-innovation.eu\/wp-content\/uploads\/2022\/03\/prima-capsules-perdre-du-poids.jpg\" alt=\"prima capsules perdre du poids\" width=\"600\" height=\"420\" srcset=\"https:\/\/www.eco-innovation.eu\/wp-content\/uploads\/2022\/03\/prima-capsules-perdre-du-poids.jpg 600w, https:\/\/www.eco-innovation.eu\/wp-content\/uploads\/2022\/03\/prima-capsules-perdre-du-poids-300x210.jpg 300w\" sizes=\"auto, (max-width: 600px) 100vw, 600px\" \/><\/a><\/p>\n<p><strong>Les pilules sont destin\u00e9es aussi bien aux hommes qu&rsquo;aux femmes. En revanche, en ce qui concernent les adolescents, il est recommand\u00e9 d&rsquo;en parler au m\u00e9decin traitant pour d\u00e9velopper un programme adapt\u00e9 et int\u00e9grant les Prima Capsules.<\/strong><\/p>\n<p>Selon les \u00e9tudes men\u00e9es par l&rsquo;entreprise pharmaceutique qui fabrique les g\u00e9lules, les sujets ayant int\u00e9gr\u00e9 les compl\u00e9ments dans leur alimentation ont not\u00e9 une perte de poids effective entre 8 \u00e0 12 semaines. Pour conserver le m\u00eame poids apr\u00e8s votre r\u00e9gime, la prise des Prima Plus Capsules peut se poursuivre \u00e0 raison d&rsquo;une g\u00e9lule tous les deux jours. Leurs b\u00e9n\u00e9fices sont encore plus appr\u00e9ciables si vous vous \u00eates engag\u00e9 dans un processus de r\u00e9\u00e9quilibrage alimentaire avec l&rsquo;adjonction d&rsquo;une pratique sportive.<\/p>\n<div class=\"sue-section\" data-url=\"\" data-target=\"blank\" style=\"margin:0px 0px 0px 0px;border-top:1px solid #cccccc;border-bottom:1px solid #cccccc\"><div class=\"sue-section-background\" style=\"background-color:#f8f8f8;background-position:left top;\"><\/div><div class=\"sue-section-content sue-content-wrap\" style=\"padding:30px 0px 30px 0px;max-width:960px;text-align:left;color:#333333;text-shadow:0px 1px 10px #ffffff\">\n<h2>Acheter Prima pour maigrir<\/h2>\n<div class=\"su-list\" style=\"margin-left:0px\">\n<ul>\n<li><i class=\"sui sui-arrow-right\" style=\"color:#333\"><\/i> <strong>Acheter les g\u00e9lules Prima avec remise<\/strong><\/li>\n<li><i class=\"sui sui-arrow-right\" style=\"color:#333\"><\/i> <strong>Pharmacie officiel<\/strong><\/li>\n<\/ul>\n<\/div>\n<div class=\"su-button-center\"><a href=\"https:\/\/www.eco-innovation.eu\/go\/prima-fr\" class=\"su-button su-button-style-3d\" style=\"color:#FFFFFF;background-color:#2D89EF;border-color:#246ec0;border-radius:9px;-moz-border-radius:9px;-webkit-border-radius:9px\" target=\"_blank\" rel=\"nofollow\"><span style=\"color:#FFFFFF;padding:0px 24px;font-size:18px;line-height:36px;border-color:#6cadf4;border-radius:9px;-moz-border-radius:9px;-webkit-border-radius:9px;text-shadow:none;-moz-text-shadow:none;-webkit-text-shadow:none\"> Acheter PRIMA avec remise (-50%)<\/span><\/a><\/div>\n<\/div><\/div>\n<p>&nbsp;<\/p>\n\n<h2>Prix<\/h2>\n<p><strong>le prix des g\u00e9lules Prima pour maigrir<br \/>\n<\/strong><\/p>\n<ul>\n<li><strong>A partir de 36,65 \u20ac par bo\u00eete<\/strong><\/li>\n<li>1x : 49,49 \u20ac<\/li>\n<li>2x : 79,95 \u20ac<\/li>\n<li>3x : 109,95 \u20ac<\/li>\n<\/ul>\n<h2>Prima Capsules amincissantes Avis<\/h2>\n<p>Une fois ing\u00e9r\u00e9es, les pilules dissoutes dans votre organisme vont favoriser votre m\u00e9tabolisme. De fait, la quantit\u00e9 de calories n\u00e9cessaire au bon fonctionnement de votre corps est r\u00e9duite au fil des jours et des semaines mais, de surcro\u00eet, elles sont plus rapidement br\u00fbl\u00e9es gr\u00e2ce aux Prima Capsules. Elles agissent comme un booster dans votre alimentation. C&rsquo;est pourquoi vous ne ressentirez plus la faim ou l&rsquo;envie de grignoter apr\u00e8s vos repas.<\/p>\n<p>En couplant l&rsquo;utilisation r\u00e9guli\u00e8re et le respect de la posologie, les sensations de sati\u00e9t\u00e9 vont vous permettre de r\u00e9duire le stockage des graisses. Les Prima Capsules pourront alors s&rsquo;attaquer aux cellules graisseuses pr\u00e9existantes car elles limitent l&rsquo;absorption des nouvelles graisses. La perte de poids sera acc\u00e9l\u00e9r\u00e9e jusqu&rsquo;\u00e0 ce que vous atteigniez vos objectifs.<\/p>\n<p><a href=\"https:\/\/www.eco-innovation.eu\/go\/prima-fr\" target=\"_blank\" rel=\"nofollow noopener\"><img loading=\"lazy\" decoding=\"async\" class=\"aligncenter size-full wp-image-135\" src=\"https:\/\/www.eco-innovation.eu\/wp-content\/uploads\/2022\/03\/prima-ge\u0301lules-maigrir-avis.jpg\" alt=\"prima ge\u0301lules maigrir avis\" width=\"500\" height=\"546\" srcset=\"https:\/\/www.eco-innovation.eu\/wp-content\/uploads\/2022\/03\/prima-ge\u0301lules-maigrir-avis.jpg 500w, https:\/\/www.eco-innovation.eu\/wp-content\/uploads\/2022\/03\/prima-ge\u0301lules-maigrir-avis-275x300.jpg 275w\" sizes=\"auto, (max-width: 500px) 100vw, 500px\" \/><\/a><\/p>\n<h2>Avis m\u00e9dical sur Prima<\/h2>\n<p><strong>Le laboratoire a mis au point une formule efficace pour perdre du poids gr\u00e2ce \u00e0 trois ingr\u00e9dients d&rsquo;origine naturelle :<\/strong><\/p>\n<h3>Les bienfaits des ingr\u00e9dients des Prima Capsules pour perdre du poids<\/h3>\n<ul>\n<li>La <strong>L-Arginine<\/strong> est un acide amin\u00e9 que nous retrouvons dans nos prot\u00e9ines. Elle contribue au bon fonctionnement du syst\u00e8me immunitaire et \u00e0 la gu\u00e9rison des blessures. Gr\u00e2ce \u00e0 elle, le corps fabrique les substances qui contribuent \u00e0 la dilatation des vaisseaux sanguins et au d\u00e9veloppement des muscles. Vous ressentirez les bienfaits de cet ingr\u00e9dient dans vos s\u00e9ances de sport qui seront plus efficaces et performantes.<\/li>\n<li>La <strong>L-Carnitine<\/strong> est produite par l&rsquo;organisme au moyen de deux acides amin\u00e9s, la lysine et la m\u00e9thionine, que nous retrouvons dans nos aliments. Elle participe au transport des acides gras \u00e0 longue cha\u00eene dans les mitochondries, qui sont des composantes des cellules du corps. Pour produire de l&rsquo;\u00e9nergie, ces organites intracellulaires vont favoriser la combustion des acides gras et augmenter la production d&rsquo;\u00e9nergie. Les muscles, notamment le c\u0153ur, ont besoin de la L-Carnitine pour bien fonctionner.<\/li>\n<li>Le <strong>Garcinia Cambogia<\/strong>, ou tamarinier de Malabar, est un arbre cultiv\u00e9 pour son fruit qui d\u00e9tient une haute teneur en acide hydroxycitrique. Son pouvoir stimule la production de s\u00e9rotonine dans notre cerveau ce qui renforce la sensation de sati\u00e9t\u00e9 lors des repas. De plus, il parvient \u00e0 bloquer une enzyme, la citrate lyase, qui g\u00e9n\u00e8re la lipogen\u00e8se. Ainsi, gr\u00e2ce aux extraits de ce fruit pr\u00e9sents dans les Prima Capsules, l&rsquo;oxydation des glucides est bloqu\u00e9e afin qu&rsquo;ils soient transform\u00e9s en \u00e9nergie plut\u00f4t qu&rsquo;en sucres.<\/li>\n<\/ul>\n<div class=\"su-button-center\"><a href=\"https:\/\/www.eco-innovation.eu\/go\/prima-fr\" class=\"su-button su-button-style-3d\" style=\"color:#FFFFFF;background-color:#2D89EF;border-color:#246ec0;border-radius:9px;-moz-border-radius:9px;-webkit-border-radius:9px\" target=\"_blank\" rel=\"nofollow\"><span style=\"color:#FFFFFF;padding:0px 24px;font-size:18px;line-height:36px;border-color:#6cadf4;border-radius:9px;-moz-border-radius:9px;-webkit-border-radius:9px;text-shadow:none;-moz-text-shadow:none;-webkit-text-shadow:none\"> Acheter PRIMA avec remise (-50%)<\/span><\/a><\/div>\n<p>&nbsp;<\/p>\n<h2>Comment utiliser les Prima Capsules amincissante?<\/h2>\n<p>Une bo\u00eete de Prima Capsules amincissante dispose de deux plaquettes de 15 g\u00e9lules, soit 30 pilules pour un mois. Il est indiqu\u00e9 d&rsquo;en consommer une par jour avec un grand verre d&rsquo;eau pour faciliter son absorption. Il est pr\u00e9f\u00e9rable de le faire 15 \u00e0 30 minutes avant votre repas le plus consistant de la journ\u00e9e pour permettre \u00e0 votre organisme d&rsquo;engager la stimulation de votre m\u00e9tabolisme. Il est fortement d\u00e9conseill\u00e9 d&rsquo;augmenter les doses pour esp\u00e9rer des r\u00e9sultats visibles plus rapidement. M\u00eame si les Prima Capsules sont faites \u00e0 base d&rsquo;ingr\u00e9dients naturels, la synergie a \u00e9t\u00e9 calcul\u00e9e pour une dose journali\u00e8re qui correspond \u00e0 une pilule. En cas de doute quant \u00e0 la posologie, reportez-vous \u00e0 la notice d&rsquo;utilisation.<\/p>\n<p>L&rsquo;enrobage des g\u00e9lules contient du talc et de la g\u00e9latine pour permettre une meilleure ingestion. En raison de la pr\u00e9sence de g\u00e9latine, les compl\u00e9ments sont d\u00e9conseill\u00e9s pour les personnes v\u00e9g\u00e9tariennes ou v\u00e9g\u00e9taliennes.<\/p>\n<p><a href=\"https:\/\/www.eco-innovation.eu\/go\/prima-fr\" target=\"_blank\" rel=\"nofollow noopener\"><img loading=\"lazy\" decoding=\"async\" class=\"aligncenter size-full wp-image-139\" src=\"https:\/\/www.eco-innovation.eu\/wp-content\/uploads\/2022\/03\/prima-capsules-avis.jpg\" alt=\"prima capsules avis\" width=\"500\" height=\"555\" srcset=\"https:\/\/www.eco-innovation.eu\/wp-content\/uploads\/2022\/03\/prima-capsules-avis.jpg 500w, https:\/\/www.eco-innovation.eu\/wp-content\/uploads\/2022\/03\/prima-capsules-avis-270x300.jpg 270w\" sizes=\"auto, (max-width: 500px) 100vw, 500px\" \/><\/a><\/p>\n<h2>Les t\u00e9moignages des utilisateurs des Prima Capsules (Forum &amp; Youtube)<\/h2>\n<p>Les retours d&rsquo;exp\u00e9riences des individus sont unanimes. L&rsquo;efficacit\u00e9 des Prima Capsules minceur est rapidement observable. Pour des effets encore plus probants, la patience et l&rsquo;assiduit\u00e9 sont deux facteurs qui vous permettront d&rsquo;atteindre votre but. Les sensations de sati\u00e9t\u00e9 r\u00e9duisent les quantit\u00e9s de nourriture et beaucoup notent une augmentation de la vitalit\u00e9 et du bien-\u00eatre.<\/p>\n<p><strong>Voici un t\u00e9moignage inscrit par Mira sur le site du fabricant des Prima Capsules:<\/strong><\/p>\n<h3>Prima g\u00e9lule amincissantes avis<\/h3>\n<p>\u00ab\u00a0J&rsquo;en suis maintenant \u00e0 mon deuxi\u00e8me paquet et j&rsquo;ai d&rsquo;assez bon r\u00e9sultats. J&rsquo;ai perdu 5 kilos sans changement majeur et c&rsquo;est parfait. Je peux confirmer que j&rsquo;ai moins faim !\u00a0\u00bb<\/p>\n<p>Les g\u00e9lules ont un r\u00e9el impact dans le processus d&rsquo;une perte ou d&rsquo;un maintien de poids. La qualit\u00e9 des Prima Capsules en font un produit fiable. Elles concourent \u00e0 \u00e9quilibrer votre r\u00e9gime alimentaire et votre pratique sportive. \u00c0 ce jour, aucun des utilisateurs des compl\u00e9ments ne d\u00e9plorent des effets secondaires, ce qui renforcent son caract\u00e8re recommandable. En effet, l&rsquo;association des ingr\u00e9dients naturels cit\u00e9s plus haut ne sont pas des produits dangereux, en t\u00e9moigne Caroline Meier :<\/p>\n<p>\u00ab\u00a0C&rsquo;est la troisi\u00e8me fois que j&rsquo;ach\u00e8te ces pilules. Je dois dire qu&rsquo;elles m&rsquo;ont aid\u00e9 \u00e0 perdre du poids et que les ingr\u00e9dients me font me sentir en meilleure sant\u00e9. Je ne peux que recommander les g\u00e9lules, je les prends pendant les repas et tout va bien.\u00a0\u00bb<\/p>\n<p>N&rsquo;attendez plus si vous voulez prendre en main votre sant\u00e9 et votre physique. Les Prima Capsules sont belles et bien votre alli\u00e9 minceur.<\/p>\n<h2>Acheter Prima g\u00e9lules perte de poids rapide &#8211; G\u00e9lule minceur efficace pas cher<\/h2>\n<p>Acheter les g\u00e9lules Prima en pharmacie officiel<\/p>\n<div class=\"su-button-center\"><a href=\"https:\/\/www.eco-innovation.eu\/go\/prima-fr\" class=\"su-button su-button-style-3d\" style=\"color:#FFFFFF;background-color:#2D89EF;border-color:#246ec0;border-radius:9px;-moz-border-radius:9px;-webkit-border-radius:9px\" target=\"_blank\" rel=\"nofollow\"><span style=\"color:#FFFFFF;padding:0px 24px;font-size:18px;line-height:36px;border-color:#6cadf4;border-radius:9px;-moz-border-radius:9px;-webkit-border-radius:9px;text-shadow:none;-moz-text-shadow:none;-webkit-text-shadow:none\"> Acheter PRIMA avec remise (-50%)<\/span><\/a><\/div>\n","protected":false},"excerpt":{"rendered":"<p>Les compl\u00e9ments alimentaires Prima sont destin\u00e9s \u00e0 tout individu qui souhaite perdre du poids efficacement. Elles viennent vous aider dans le r\u00e9gime alimentaire que vous avez choisi pour atteindre vos objectifs plus rapidement. Ainsi, elles constituent un soutien pour les personnes atteintes d&rsquo;ob\u00e9sit\u00e9 ou de troubles alimentaires. Elles peuvent \u00e9galement s&rsquo;adresser aux sportifs qui veulent &#8230; <a title=\"Prima Capsules amincissantes Avis &#038; Prix &#8211; G\u00e9lules Minceur efficace\" class=\"read-more\" href=\"https:\/\/www.eco-innovation.eu\/fr\/prima-capsules-avis\/\" aria-label=\"Plus sur Prima Capsules amincissantes Avis &#038; Prix &#8211; G\u00e9lules Minceur efficace\">Lire plus<\/a><\/p>\n","protected":false},"author":1,"featured_media":0,"parent":0,"menu_order":0,"comment_status":"closed","ping_status":"closed","template":"","meta":{"footnotes":""},"class_list":["post-132","page","type-page","status-publish"],"_links":{"self":[{"href":"https:\/\/www.eco-innovation.eu\/fr\/wp-json\/wp\/v2\/pages\/132","targetHints":{"allow":["GET"]}}],"collection":[{"href":"https:\/\/www.eco-innovation.eu\/fr\/wp-json\/wp\/v2\/pages"}],"about":[{"href":"https:\/\/www.eco-innovation.eu\/fr\/wp-json\/wp\/v2\/types\/page"}],"author":[{"embeddable":true,"href":"https:\/\/www.eco-innovation.eu\/fr\/wp-json\/wp\/v2\/users\/1"}],"replies":[{"embeddable":true,"href":"https:\/\/www.eco-innovation.eu\/fr\/wp-json\/wp\/v2\/comments?post=132"}],"version-history":[{"count":9,"href":"https:\/\/www.eco-innovation.eu\/fr\/wp-json\/wp\/v2\/pages\/132\/revisions"}],"predecessor-version":[{"id":2019,"href":"https:\/\/www.eco-innovation.eu\/fr\/wp-json\/wp\/v2\/pages\/132\/revisions\/2019"}],"wp:attachment":[{"href":"https:\/\/www.eco-innovation.eu\/fr\/wp-json\/wp\/v2\/media?parent=132"}],"curies":[{"name":"wp","href":"https:\/\/api.w.org\/{rel}","templated":true}]}}