{"id":1314,"date":"2022-09-28T17:21:55","date_gmt":"2022-09-28T17:21:55","guid":{"rendered":"https:\/\/www.eco-innovation.eu\/?page_id=1314"},"modified":"2022-09-28T17:21:55","modified_gmt":"2022-09-28T17:21:55","slug":"heater-pro-x","status":"publish","type":"page","link":"https:\/\/www.eco-innovation.eu\/fr\/heater-pro-x\/","title":{"rendered":"Heater Pro X Avis France &#038; Belgique &#8211; Mini chauffage electrique &#8211; r\u00e9duction de prix"},"content":{"rendered":"<p><strong>Le Heater Pro X, connu de l&rsquo;\u00e9mission t\u00e9l\u00e9vis\u00e9e \u00ab\u00a0H\u00f6hle der L\u00f6wen\u00a0\u00bb, est un appareil de chauffage portable. Compte tenu de la crise \u00e9nerg\u00e9tique qui s\u00e9vit actuellement dans le monde entier et de l&rsquo;incertitude quant \u00e0 la temp\u00e9rature des maisons et des appartements en hiver, les appareils de chauffage \u00e9lectrique sont en train de conqu\u00e9rir le march\u00e9 en France et en Belgique.<br \/>\n<\/strong><\/p>\n<p>Le march\u00e9 des chauffages radiants n&rsquo;a jamais \u00e9t\u00e9 aussi riche. Le Heater Pro X ne s\u00e9duit pas seulement par son design innovant et intemporel, il est aussi facilement portable et donc universellement utilisable partout.<\/p>\n<div class=\"sue-section\" data-url=\"\" data-target=\"blank\" style=\"margin:0px 0px 0px 0px;border-top:1px solid #cccccc;border-bottom:1px solid #cccccc\"><div class=\"sue-section-background\" style=\"background-color:#f8f8f8;background-position:left top;\"><\/div><div class=\"sue-section-content sue-content-wrap\" style=\"padding:30px 0px 30px 0px;max-width:960px;text-align:left;color:#333333;text-shadow:0px 1px 10px #ffffff\">\n<h2>\u00c9valuation Heater Pro X<\/h2>\n<div class=\"su-list\" style=\"margin-left:0px\">\n<ul>\n<li><img decoding=\"async\" src=\"icon : caret-right\" alt=\"\" \/> Technologie Instaheat pour un chauffage tr\u00e8s rapide<\/li>\n<li><img decoding=\"async\" src=\"icon : caret-right\" alt=\"\" \/> Dimensions r\u00e9duites et poids l\u00e9ger : facile \u00e0 emporter<\/li>\n<li><img decoding=\"async\" src=\"icon : caret-right\" alt=\"\" \/> Faible consommation d&rsquo;\u00e9nergie<\/li>\n<li><img decoding=\"async\" src=\"icon : caret-right\" alt=\"\" \/> \u00c9cran pour commander la minuterie et le thermostat<\/li>\n<li><img decoding=\"async\" src=\"icon : caret-right\" alt=\"\" \/> Tr\u00e8s silencieux<\/li>\n<li><img decoding=\"async\" src=\"icon : caret-right\" alt=\"\" \/> Tr\u00e8s bons t\u00e9moignages de clients<\/li>\n<li><img decoding=\"async\" src=\"icon : caret-right\" alt=\"\" \/> Maintenant disponible avec 50 % de r\u00e9duction<\/li>\n<\/ul>\n<\/div>\n<div class=\"sue-progress-bar sue-progress-bar-style-fancy sue-progress-bar-animation\" style=\"background-color:#f0f0f0;border-color:#d6d6d6\" data-percent=\"97\"><span style=\"width:0;background-color:#007806;color:#ffffff\"><span>97 sur 100 points<\/span><\/span><\/div>\n<p style=\"text-align: center;\"><strong>Vainqueur du test avec 97 points sur 100<\/strong><\/p>\n<h2>Acheter Heater Pro X<\/h2>\n<div class=\"su-button-center\"><a href=\"https:\/\/www.eco-innovation.eu\/go\/heaterprox-geo\" class=\"su-button su-button-style-soft\" style=\"color:#FFFFFF;background-color:#fb5a00;border-color:#c94800;border-radius:9px;-moz-border-radius:9px;-webkit-border-radius:9px\" target=\"_blank\" rel=\"nofollow\"><span style=\"color:#FFFFFF;padding:8px 24px;font-size:18px;line-height:27px;border-color:#fd8c4d;border-radius:9px;-moz-border-radius:9px;-webkit-border-radius:9px;text-shadow:none;-moz-text-shadow:none;-webkit-text-shadow:none\"><img decoding=\"async\" src=\"icon : check-circle\" alt=\"Commander le Heater Pro X directement chez le fabricant (r\u00e9duction de prix)\" style=\"width:27px;height:27px\" \/> Commander le Heater Pro X directement chez le fabricant (r\u00e9duction de prix)<\/span><\/a><\/div>\n<p>&nbsp;<\/p>\n<\/div><\/div>\n<p>&nbsp;<\/p>\n\n<h2>Heater Pro X Rapport Avis et exp\u00e9riences<\/h2>\n<p>Le Heater Pro X cr\u00e9e un peu d&rsquo;ind\u00e9pendance par rapport au gaz, car il fonctionne \u00e0 l&rsquo;\u00e9lectricit\u00e9. Un autre avantage qu&rsquo;il faut clairement souligner est l&rsquo;efficacit\u00e9 et la rapidit\u00e9 avec lesquelles la pi\u00e8ce est chauff\u00e9e. Ce n&rsquo;est pas pour rien que cet appareil est sorti vainqueur de nombreux tests et \u00e9valuations.<\/p>\n<p><a href=\"https:\/\/www.eco-innovation.eu\/go\/heaterprox-geo\" target=\"_blank\" rel=\"nofollow noopener\"><img loading=\"lazy\" decoding=\"async\" class=\"aligncenter size-full wp-image-1283\" src=\"https:\/\/www.eco-innovation.eu\/wp-content\/uploads\/2022\/09\/heater-pro-x.jpg\" alt=\"heater pro x\" width=\"560\" height=\"560\" srcset=\"https:\/\/www.eco-innovation.eu\/wp-content\/uploads\/2022\/09\/heater-pro-x.jpg 560w, https:\/\/www.eco-innovation.eu\/wp-content\/uploads\/2022\/09\/heater-pro-x-300x300.jpg 300w, https:\/\/www.eco-innovation.eu\/wp-content\/uploads\/2022\/09\/heater-pro-x-150x150.jpg 150w\" sizes=\"auto, (max-width: 560px) 100vw, 560px\" \/><\/a><\/p>\n<p>&nbsp;<\/p>\n<h2>Consommation \u00e9lectrique du Heater Pro X<\/h2>\n<p>Ce petit appareil procure une chaleur agr\u00e9able en peu de temps tout en m\u00e9nageant le porte-monnaie. Le Heater Pro X consomme moins d&rsquo;\u00e9nergie pour produire de la chaleur que ne le ferait un chauffage traditionnel.<\/p>\n<p>Le Heater Pro X peut \u00eatre install\u00e9 de mani\u00e8re flexible d&rsquo;abord dans le salon pour passer une agr\u00e9able soir\u00e9e devant la t\u00e9l\u00e9vision, puis dans la chambre des enfants pour y assurer une temp\u00e9rature agr\u00e9able. \u00c0 l&rsquo;heure du home office, ce petit radiateur chauffera aussi agr\u00e9ablement votre bureau. Vous pouvez poser le Heater Pro X ou l&rsquo;accrocher au mur, c&rsquo;est vous qui d\u00e9cidez.<\/p>\n<p>Le Heater Pro X est con\u00e7u pour chauffer en peu de temps les pi\u00e8ces dans lesquelles vous vous trouvez. Il n&rsquo;y a donc aucun probl\u00e8me \u00e0 faire fonctionner le Heater Pro X pendant deux heures dans le salon, par exemple, pour le transporter ensuite pendant deux heures suppl\u00e9mentaires au bureau et le brancher ensuite dans la chambre \u00e0 coucher. C&rsquo;est pr\u00e9cis\u00e9ment pour cela que le Heater Pro X a \u00e9t\u00e9 con\u00e7u. Simple et confortable, il s&rsquo;adapte \u00e0 tous les besoins.<\/p>\n<h3>Combien de watts ?<\/h3>\n<p>Avec une puissance de 350 watts, le Heater Pro X peut \u00eatre utilis\u00e9 presque partout ; il peut chauffer sans probl\u00e8me des pi\u00e8ces jusqu&rsquo;\u00e0 10m\u00b2. On peut l&rsquo;utiliser d&rsquo;une part comme chauffage mobile personnel, qui fournit de la chaleur gr\u00e2ce \u00e0 un flux d&rsquo;air chauff\u00e9, et d&rsquo;autre part comme chauffage mobile, qui chauffe des pi\u00e8ces plus petites, de sorte que d&rsquo;autres personnes puissent \u00e9galement profiter de l&rsquo;augmentation de la temp\u00e9rature. En outre, le Heater Pro X est \u00e9galement silencieux.<\/p>\n<p>Le Heater Pro X utilise une technologie unique qui lui permet de chauffer la pi\u00e8ce en un clin d&rsquo;\u0153il. Il suffit d&rsquo;une prise \u00e9lectrique et l&rsquo;appareil est imm\u00e9diatement op\u00e9rationnel. La chaleur produite est imm\u00e9diatement perceptible dans la pi\u00e8ce. La temp\u00e9rature peut \u00eatre r\u00e9gl\u00e9e et est visible \u00e0 tout moment sur l&rsquo;affichage de la temp\u00e9rature.<\/p>\n<h3>Utilisation<\/h3>\n<p>Les r\u00e9glages s&rsquo;effectuent de mani\u00e8re intuitive sur un \u00e9cran LED, sans avoir besoin de grandes connaissances techniques. Outre la temp\u00e9rature, la vitesse et la minuterie y sont \u00e9galement affich\u00e9es. La fonction pratique de minuterie permet un arr\u00eat automatique, par exemple la nuit ou quand on n&rsquo;est pas \u00e0 la maison. La t\u00e9l\u00e9commande, \u00e9galement fournie, permet d&rsquo;utiliser l&rsquo;appareil \u00e0 tout moment.<\/p>\n<p>La mise en service est tr\u00e8s simple. D\u00e9baller l&rsquo;appareil et brancher la fiche dans la prise de courant de la pi\u00e8ce souhait\u00e9e. R\u00e9gler ensuite la temp\u00e9rature souhait\u00e9e. L&rsquo;appareil se met alors \u00e0 chauffer pendant 2 minutes pour atteindre la temp\u00e9rature que vous avez r\u00e9gl\u00e9e.<\/p>\n<p>L&rsquo;appareil dispose \u00e9galement d&rsquo;une protection contre la surchauffe. Il peut donc \u00eatre utilis\u00e9 sans danger \u00e0 c\u00f4t\u00e9 d&rsquo;animaux domestiques et d&rsquo;enfants. Le Heater Pro X s&rsquo;\u00e9teint imm\u00e9diatement en cas de surchauffe dangereuse. Il ne peut donc rien arriver.<\/p>\n<h2>Donn\u00e9es techniques<\/h2>\n<p><strong>Pour les personnes int\u00e9ress\u00e9es, voici un bref r\u00e9sum\u00e9 des donn\u00e9es techniques :<\/strong><\/p>\n<ul>\n<li>\u00c9l\u00e9ment chauffant en c\u00e9ramique<\/li>\n<li>puissance de 350 watts<\/li>\n<li>Minuterie<\/li>\n<li>\u00c9cran LED<\/li>\n<li>convient parfaitement aux petites pi\u00e8ces<\/li>\n<li>silencieux<\/li>\n<li>protection contre la surchauffe<\/li>\n<li>contr\u00f4le de la temp\u00e9rature<\/li>\n<li>design intemporel<\/li>\n<li>portable<\/li>\n<li>possibilit\u00e9 de montage mural<\/li>\n<li>t\u00e9l\u00e9commande incluse<\/li>\n<\/ul>\n<p>Le Heater Pro X est certainement une bonne alternative au chauffage existant pour garantir la chaleur \u00e0 la maison pendant la saison froide. Le confort chez soi n&rsquo;a pas de prix. Notre corps ne supporte pas bien le froid, le signe le plus \u00e9vident est le tremblement. Le corps active une fonction de protection imm\u00e9diate lorsque nous avons froid. Il essaie de garder au chaud les organes importants \u00e0 l&rsquo;int\u00e9rieur, c&rsquo;est-\u00e0-dire au centre du corps, et c&rsquo;est ainsi que nos extr\u00e9mit\u00e9s, c&rsquo;est-\u00e0-dire les doigts et les orteils, se refroidissent en premier. Dans des situations extr\u00eames, cela entra\u00eenera des engelures, mais dans nos propres murs, cela conduit plut\u00f4t \u00e0 un malaise et au risque de prendre froid plus souvent et plus gravement sur une longue p\u00e9riode.<\/p>\n<h2>T\u00e9moignages, \u00e9valuations et avis des clients<\/h2>\n<p><strong>Les utilisateurs sont pour la plupart enthousiasm\u00e9s par le design et \u00e9tonn\u00e9s par la puissance de chauffage de ce petit appareil. La majorit\u00e9 attribue au Heater Pro X une note de 4,5 \u00e9toiles sur 5. Il n&rsquo;y a aucune plainte concernant l&rsquo;appareil. Le Heater Pro X tient ses promesses, \u00e0 savoir la chaleur.<\/strong><\/p>\n<p>Sa taille compacte est \u00e9galement jug\u00e9e positive. On peut sans probl\u00e8me emporter l&rsquo;appareil dans un sac au bureau ou chez des amis. La technologie intelligente permet de fournir une grande quantit\u00e9 de chaleur avec une faible quantit\u00e9 d&rsquo;\u00e9nergie.<\/p>\n<p>Le produit est \u00e9galement recommand\u00e9 aux personnes qui ne sont pas souvent \u00e0 la maison pour des raisons professionnelles, mais qui ne veulent pas renoncer \u00e0 une maison chaude. Un chauffage normal prendrait trop de temps pour chauffer les pi\u00e8ces et co\u00fbterait en outre trop cher. On ne peut pas non plus laisser le chauffage en marche permanente, ce serait un gaspillage d&rsquo;\u00e9nergie si l&rsquo;on n&rsquo;est de toute fa\u00e7on pas chez soi. C&rsquo;est l\u00e0 qu&rsquo;intervient le Heater Pro X, car comme d\u00e9crit pr\u00e9c\u00e9demment, il r\u00e9chauffe la pi\u00e8ce en peu de temps et avec peu d&rsquo;\u00e9nergie. Cet appareil est \u00e9galement indispensable pour les maisons de week-end ou de vacances pendant la saison froide.<\/p>\n<p>Si vous avez des enfants, le Heater Pro X trouve ici un autre champ d&rsquo;application. Les enfants, surtout les petits, ont besoin de plus de chaleur que les adultes. D&rsquo;autant plus lorsqu&rsquo;ils sont en \u00e2ge d&rsquo;\u00eatre chang\u00e9s. Le Heater Pro X peut \u00eatre install\u00e9 en un tour de main directement dans la chambre d&rsquo;enfant ou m\u00eame directement au-dessus de la table \u00e0 langer (gr\u00e2ce \u00e0 un montage mural) et permet ainsi aux petits de ne pas avoir froid inutilement.<\/p>\n<p>Apr\u00e8s une longue journ\u00e9e d&rsquo;hiver \u00e0 l&rsquo;ext\u00e9rieur, vous serez vous aussi heureux de rentrer chez vous en sachant qu&rsquo;il fait agr\u00e9ablement chaud en quelques minutes et qu&rsquo;il n&rsquo;est pas n\u00e9cessaire de prendre une douche chaude pendant de longues minutes ou m\u00eame de faire couler une baignoire br\u00fblante. C&rsquo;est certes agr\u00e9able, mais cela ne m\u00e9nage pas le porte-monnaie et gaspille beaucoup d&rsquo;\u00e9nergie et de ressources. Ainsi, apr\u00e8s une courte douche, vous pouvez entrer dans la salle de bain d\u00e9j\u00e0 chauff\u00e9e par le Heater Pro X et utiliser la soir\u00e9e de mani\u00e8re plus judicieuse.<\/p>\n<p>Faites-vous votre propre opinion sur le Heater Pro X. L&rsquo;essayer, c&rsquo;est l&rsquo;adopter, le tester, c&rsquo;est l&rsquo;adopter. Les r\u00e9sultats des tests effectu\u00e9s jusqu&rsquo;\u00e0 pr\u00e9sent sont en tout cas positifs.<\/p>\n<h2>Acheter Heater Pro X au meilleur prix (France &amp; Belgique)<\/h2>\n<div class=\"su-button-center\"><a href=\"https:\/\/www.eco-innovation.eu\/go\/heaterprox-geo\" class=\"su-button su-button-style-soft\" style=\"color:#FFFFFF;background-color:#fb5a00;border-color:#c94800;border-radius:9px;-moz-border-radius:9px;-webkit-border-radius:9px\" target=\"_blank\" rel=\"nofollow\"><span style=\"color:#FFFFFF;padding:8px 24px;font-size:18px;line-height:27px;border-color:#fd8c4d;border-radius:9px;-moz-border-radius:9px;-webkit-border-radius:9px;text-shadow:none;-moz-text-shadow:none;-webkit-text-shadow:none\"><img decoding=\"async\" src=\"icon : check-circle\" alt=\"Commander le Heater Pro X directement aupr\u00e8s du fabricant (r\u00e9duction de prix)\" style=\"width:27px;height:27px\" \/> Commander le Heater Pro X directement aupr\u00e8s du fabricant (r\u00e9duction de prix)<\/span><\/a><\/div>\n","protected":false},"excerpt":{"rendered":"<p>Le Heater Pro X, connu de l&rsquo;\u00e9mission t\u00e9l\u00e9vis\u00e9e \u00ab\u00a0H\u00f6hle der L\u00f6wen\u00a0\u00bb, est un appareil de chauffage portable. Compte tenu de la crise \u00e9nerg\u00e9tique qui s\u00e9vit actuellement dans le monde entier et de l&rsquo;incertitude quant \u00e0 la temp\u00e9rature des maisons et des appartements en hiver, les appareils de chauffage \u00e9lectrique sont en train de conqu\u00e9rir le &#8230; <a title=\"Heater Pro X Avis France &#038; Belgique &#8211; Mini chauffage electrique &#8211; r\u00e9duction de prix\" class=\"read-more\" href=\"https:\/\/www.eco-innovation.eu\/fr\/heater-pro-x\/\" aria-label=\"Plus sur Heater Pro X Avis France &#038; Belgique &#8211; Mini chauffage electrique &#8211; r\u00e9duction de prix\">Lire plus<\/a><\/p>\n","protected":false},"author":1,"featured_media":1302,"parent":0,"menu_order":0,"comment_status":"closed","ping_status":"closed","template":"","meta":{"footnotes":""},"class_list":["post-1314","page","type-page","status-publish","has-post-thumbnail"],"_links":{"self":[{"href":"https:\/\/www.eco-innovation.eu\/fr\/wp-json\/wp\/v2\/pages\/1314","targetHints":{"allow":["GET"]}}],"collection":[{"href":"https:\/\/www.eco-innovation.eu\/fr\/wp-json\/wp\/v2\/pages"}],"about":[{"href":"https:\/\/www.eco-innovation.eu\/fr\/wp-json\/wp\/v2\/types\/page"}],"author":[{"embeddable":true,"href":"https:\/\/www.eco-innovation.eu\/fr\/wp-json\/wp\/v2\/users\/1"}],"replies":[{"embeddable":true,"href":"https:\/\/www.eco-innovation.eu\/fr\/wp-json\/wp\/v2\/comments?post=1314"}],"version-history":[{"count":1,"href":"https:\/\/www.eco-innovation.eu\/fr\/wp-json\/wp\/v2\/pages\/1314\/revisions"}],"predecessor-version":[{"id":1315,"href":"https:\/\/www.eco-innovation.eu\/fr\/wp-json\/wp\/v2\/pages\/1314\/revisions\/1315"}],"wp:featuredmedia":[{"embeddable":true,"href":"https:\/\/www.eco-innovation.eu\/fr\/wp-json\/wp\/v2\/media\/1302"}],"wp:attachment":[{"href":"https:\/\/www.eco-innovation.eu\/fr\/wp-json\/wp\/v2\/media?parent=1314"}],"curies":[{"name":"wp","href":"https:\/\/api.w.org\/{rel}","templated":true}]}}