{"id":123,"date":"2022-03-15T15:49:06","date_gmt":"2022-03-15T15:49:06","guid":{"rendered":"https:\/\/www.eco-innovation.eu\/?page_id=123"},"modified":"2022-05-25T05:40:54","modified_gmt":"2022-05-25T05:40:54","slug":"c-plus-testosterone","status":"publish","type":"page","link":"https:\/\/www.eco-innovation.eu\/fr\/c-plus-testosterone\/","title":{"rendered":"Acheter C+ Testost\u00e9rone \u25b6\ufe0f Avis medical &#8211; Prix, Composition &#038; Bienfaits"},"content":{"rendered":"<p><strong>Les hommes et leur \u00ab\u00a0masculinit\u00e9\u00a0\u00bb, c&rsquo;est toujours une question. Il s&rsquo;agit d&rsquo;une caract\u00e9ristique que chaque homme (et chaque femme) d\u00e9finit diff\u00e9remment pour lui-m\u00eame. Pour certains, il est particuli\u00e8rement viril d&rsquo;effectuer des travaux physiques lourds, tandis qu&rsquo;un autre se sent particuli\u00e8rement viril lorsqu&rsquo;il peut s&rsquo;affirmer face \u00e0 d&rsquo;autres hommes, que ce soit verbalement ou physiquement.<\/strong><\/p>\n<p><a href=\"https:\/\/www.eco-innovation.eu\/go\/cplus-fr\" target=\"_blank\" rel=\"nofollow noopener\"><img loading=\"lazy\" decoding=\"async\" class=\"aligncenter size-full wp-image-91\" src=\"https:\/\/www.eco-innovation.eu\/wp-content\/uploads\/2021\/12\/c-testosteron-kapseln.jpg\" alt=\"acheter c+ testost\u00e9rone \" width=\"504\" height=\"380\" srcset=\"https:\/\/www.eco-innovation.eu\/wp-content\/uploads\/2021\/12\/c-testosteron-kapseln.jpg 504w, https:\/\/www.eco-innovation.eu\/wp-content\/uploads\/2021\/12\/c-testosteron-kapseln-300x226.jpg 300w\" sizes=\"auto, (max-width: 504px) 100vw, 504px\" \/><\/a><br \/>\n<br clear=\"all\" \/><div class=\"sue-section\" data-url=\"\" data-target=\"blank\" style=\"margin:0px 0px 0px 0px;border-top:1px solid #cccccc;border-bottom:1px solid #cccccc\"><div class=\"sue-section-background\" style=\"background-color:#fbfbfb;background-position:left top;\"><\/div><div class=\"sue-section-content sue-content-wrap\" style=\"padding:30px 0px 30px 0px;max-width:960px;text-align:left;color:#333333;text-shadow:0px 1px 10px #ffffff\">\n<h2>C+ Testost\u00e9rone Capsules Avis et \u00e9valuation<\/h2>\n<div class=\"su-list\" style=\"margin-left:0px\">\n<ul>\n<li><i class=\"sui sui-caret-right\" style=\"color:#113116\"><\/i> Produit de testost\u00e9rone extr\u00eamement r\u00e9ussi (plus de 200.000 clients)<\/li>\n<li><i class=\"sui sui-caret-right\" style=\"color:#113116\"><\/i> \ud83c\udf31 Ingr\u00e9dients 100% naturels et s\u00fbrs\n<ul>\n<li><i class=\"sui sui-caret-right\" style=\"color:#113116\"><\/i> L-carnitine<\/li>\n<li><i class=\"sui sui-caret-right\" style=\"color:#113116\"><\/i> L-arginine<\/li>\n<li><i class=\"sui sui-caret-right\" style=\"color:#113116\"><\/i> Garcinia cambogia<\/li>\n<\/ul>\n<\/li>\n<li><i class=\"sui sui-caret-right\" style=\"color:#113116\"><\/i> Effet prouv\u00e9 par des \u00e9tudes cliniques<\/li>\n<li><i class=\"sui sui-caret-right\" style=\"color:#113116\"><\/i> Augmente l&rsquo;\u00e9nergie masculine, les performances, la croissance musculaire, et la libido.<\/li>\n<li><i class=\"sui sui-caret-right\" style=\"color:#113116\"><\/i> Agit \u00e9galement comme stimulant de la puissance sexuelle<\/li>\n<li><i class=\"sui sui-caret-right\" style=\"color:#113116\"><\/i> Livraison express sans frais de port<\/li>\n<li><i class=\"sui sui-caret-right\" style=\"color:#113116\"><\/i> Les g\u00e9lules C+ sont disponibles sans ordonnance en Allemagne, en Autriche et en Suisse.<\/li>\n<li><i class=\"sui sui-caret-right\" style=\"color:#113116\"><\/i> Tr\u00e8s bons t\u00e9moignages de clients sur le forum et sur Youtube<\/li>\n<li><i class=\"sui sui-caret-right\" style=\"color:#113116\"><\/i> Disponible pendant une courte p\u00e9riode avec une forte r\u00e9duction<\/li>\n<li><i class=\"sui sui-caret-right\" style=\"color:#113116\"><\/i> <strong>Notre \u00e9valuation : <span style=\"color: #008000;\">un produit tr\u00e8s recommandable pour les hommes<\/span><\/strong><\/li>\n<\/ul>\n<\/div>\n<a href=\"javascript:;\" class=\"sue-icon sue-icon-no-url\" style=\"font-size:16px;color:#333333;margin:0px 20px 20px 0px\" target=\"_blank\"><i class=\"sui sui-star\" style=\"font-size:32px;line-height:32px;background:#363636;color:#f2f600;-webkit-border-radius:256px;-moz-border-radius:256px;border-radius:256px;padding:4px\"><\/i><\/a><a href=\"javascript:;\" class=\"sue-icon sue-icon-no-url\" style=\"font-size:16px;color:#333333;margin:0px 20px 20px 0px\" target=\"_blank\"><i class=\"sui sui-star\" style=\"font-size:32px;line-height:32px;background:#363636;color:#f2f600;-webkit-border-radius:256px;-moz-border-radius:256px;border-radius:256px;padding:4px\"><\/i><\/a><a href=\"javascript:;\" class=\"sue-icon sue-icon-no-url\" style=\"font-size:16px;color:#333333;margin:0px 20px 20px 0px\" target=\"_blank\"><i class=\"sui sui-star\" style=\"font-size:32px;line-height:32px;background:#363636;color:#f2f600;-webkit-border-radius:256px;-moz-border-radius:256px;border-radius:256px;padding:4px\"><\/i><\/a><a href=\"javascript:;\" class=\"sue-icon sue-icon-no-url\" style=\"font-size:16px;color:#333333;margin:0px 20px 20px 0px\" target=\"_blank\"><i class=\"sui sui-star\" style=\"font-size:32px;line-height:32px;background:#363636;color:#f2f600;-webkit-border-radius:256px;-moz-border-radius:256px;border-radius:256px;padding:4px\"><\/i><\/a><a href=\"javascript:;\" class=\"sue-icon sue-icon-no-url\" style=\"font-size:16px;color:#333333;margin:0px 20px 20px 0px\" target=\"_blank\"><i class=\"sui sui-star\" style=\"font-size:32px;line-height:32px;background:#363636;color:#f2f600;-webkit-border-radius:256px;-moz-border-radius:256px;border-radius:256px;padding:4px\"><\/i><\/a> (5 \u00e9toiles)<\/p>\n<h2>Achat C+ Testost\u00e9rone Gelules<\/h2>\n<div class=\"su-button-center\"><a href=\"https:\/\/www.eco-innovation.eu\/go\/cplus-fr\" class=\"su-button su-button-style-3d\" style=\"color:#FFFFFF;background-color:#2D89EF;border-color:#246ec0;border-radius:9px;-moz-border-radius:9px;-webkit-border-radius:9px\" target=\"_blank\" rel=\"nofollow\"><span style=\"color:#FFFFFF;padding:0px 24px;font-size:18px;line-height:36px;border-color:#6cadf4;border-radius:9px;-moz-border-radius:9px;-webkit-border-radius:9px;text-shadow:none;-moz-text-shadow:none;-webkit-text-shadow:none\"> Acheter C+ Testosteron avec remise (50%)<\/span><\/a><\/div>\n<\/div><\/div>\n\n<p><a href=\"https:\/\/www.eco-innovation.eu\/go\/cplus-fr\" target=\"_blank\" rel=\"nofollow noopener\"><img loading=\"lazy\" decoding=\"async\" class=\"aligncenter size-full wp-image-126\" src=\"https:\/\/www.eco-innovation.eu\/wp-content\/uploads\/2022\/03\/c-testosterone-avis.jpg\" alt=\"c+ testosterone avis\" width=\"600\" height=\"286\" srcset=\"https:\/\/www.eco-innovation.eu\/wp-content\/uploads\/2022\/03\/c-testosterone-avis.jpg 600w, https:\/\/www.eco-innovation.eu\/wp-content\/uploads\/2022\/03\/c-testosterone-avis-300x143.jpg 300w\" sizes=\"auto, (max-width: 600px) 100vw, 600px\" \/><\/a><\/p>\n<h2>Prix<\/h2>\n<ul>\n<li>G\u00e9lules de testost\u00e9rone C+ Prix : A partir de 36,65 \u20ac par bo\u00eete<\/li>\n<li>1x : 49,49 \u20ac<\/li>\n<li>2x : 79,95 \u20ac<\/li>\n<li>3x : 109,95 \u20ac<\/li>\n<\/ul>\n<h2>Rapport d&rsquo;exp\u00e9rience des g\u00e9lules de testost\u00e9rone C+<\/h2>\n<p>Cependant, presque tous les hommes devraient se sentir renforc\u00e9s dans leur virilit\u00e9 s&rsquo;ils sont en mesure de faire plaisir \u00e0 une femme au niveau intime. En fait, beaucoup d&rsquo;hommes s&rsquo;en vantent, en particulier devant leurs camarades de sexe. Cependant, il existe des situations et des moments dans la vie d&rsquo;un homme o\u00f9 il n&rsquo;est pas en mesure de faire plaisir \u00e0 une femme de cette mani\u00e8re en raison d&rsquo;obstacles physiques (ou \u00e9motionnels).<\/p>\n<p>Ces blocages physiques et psychologiques peuvent avoir de nombreuses causes. Au fil du temps, un compl\u00e9ment alimentaire sp\u00e9cifique a \u00e9t\u00e9 mis au point pour aider les hommes concern\u00e9s \u00e0 surmonter ces blocages et \u00e0 rendre une femme heureuse dans de tels cas. Ces compl\u00e9ments alimentaires sont des g\u00e9lules de testost\u00e9rone (\u00e9galement appel\u00e9es \u00ab\u00a0g\u00e9lules C+ Triple Performance\u00a0\u00bb). Les fabricants de ce produit indiquent sur leur site Internet que ce booster de testost\u00e9rone peut avoir une influence positive massive sur la \u00ab\u00a0vie priv\u00e9e\u00a0\u00bb d&rsquo;un homme, si un tel homme avait auparavant des difficult\u00e9s avec ses performances intimes. Les g\u00e9lules sont cens\u00e9es assurer une endurance beaucoup plus longue, une plus grande vitalit\u00e9 et surtout une \u00e9rection plus dure.<\/p>\n<h2>Avis et Exp\u00e9riences des capsules C+ de testost\u00e9rone<\/h2>\n<p>Comme nous l&rsquo;avons d\u00e9j\u00e0 expliqu\u00e9, les g\u00e9lules de testost\u00e9rone C+ sont des compl\u00e9ments alimentaires destin\u00e9s \u00e0 augmenter la quantit\u00e9 de testost\u00e9rone dans l&rsquo;organisme. Elles sont principalement destin\u00e9es \u00e0 am\u00e9liorer la vie masculine (et par cons\u00e9quent f\u00e9minine). Ils ont \u00e9galement un effet positif sur la vitalit\u00e9 et sur la virilit\u00e9 per\u00e7ue.<\/p>\n<p>La consommation de ces g\u00e9lules permet \u00e0 de nombreux hommes d&rsquo;acqu\u00e9rir beaucoup plus d&rsquo;\u00e9nergie et de confiance en soi, car les blocages \u00e9ventuels deviennent nettement moins probables. La formule au sein de ce compl\u00e9ment alimentaire augmente dans le corps masculin aussi bien le taux de testost\u00e9rone que la circulation sanguine &#8211; en particulier dans la zone intime de l&rsquo;homme, afin de permettre une libido nettement accrue.<\/p>\n<p>Ainsi, les hommes qui ont des difficult\u00e9s \u00e0 \u00eatre performants peuvent, gr\u00e2ce aux g\u00e9lules de testost\u00e9rone C+, am\u00e9liorer nettement leurs performances, de sorte qu&rsquo;ils peuvent \u00e0 nouveau profiter de rapports sexuels \u00e9panouissants avec leur moiti\u00e9, ce qui peut avoir des r\u00e9percussions positives sur la relation elle-m\u00eame.<\/p>\n<h2>C+ Triple Performance Avis &#8211; Effet<\/h2>\n<p>La mani\u00e8re dont ces g\u00e9lules de testost\u00e9rone agissent dans le corps humain est relativement simple et peut \u00e9galement \u00eatre comprise facilement. En premier lieu, ces g\u00e9lules agissent principalement sur la circulation sanguine en l&rsquo;activant de mani\u00e8re significative.<\/p>\n<p>Cela permet \u00e0 beaucoup plus de sang d&rsquo;affluer vers les corps caverneux, ce qui permet \u00e0 beaucoup plus de sang d&rsquo;affluer vers les parties intimes de l&rsquo;homme pour augmenter \u00e0 la fois la taille et la circonf\u00e9rence du membre afin de maintenir une \u00e9rection aussi longtemps que possible (tant que cela reste dans des limites saines). La formation de cellules autour des corps caverneux est massivement am\u00e9lior\u00e9e, ce qui entra\u00eene la formation d&rsquo;une v\u00e9ritable paroi autour des corps caverneux. Cette paroi permet de stocker davantage de sang circulant afin de l&rsquo;envoyer directement dans les parties intimes de l&rsquo;homme.<\/p>\n<h2>C+ Triple Performance 250 mg testost\u00e9rone avis<\/h2>\n<p>Ce compl\u00e9ment alimentaire se pr\u00e9sente g\u00e9n\u00e9ralement sous forme de capsules ou de pilules. Dans le d\u00e9tail, l&rsquo;effet se pr\u00e9sente comme suit : gr\u00e2ce \u00e0 ce produit, la concentration de testost\u00e9rone dans le corps est nettement augment\u00e9e. La testost\u00e9rone est une hormone qui est responsable du bon fonctionnement des pulsions masculines. Elle a un effet positif sur les \u00e9rections, la libido et, surtout, sur les orgasmes qu&rsquo;un homme peut conna\u00eetre. En outre, les g\u00e9lules sont \u00e9galement des sources d&rsquo;\u00e9nergie tr\u00e8s fiables pour le corps humain, gr\u00e2ce auxquelles un homme peut facilement tenir toute la nuit.<\/p>\n<h2>Ingr\u00e9dients<\/h2>\n<p>Les substances actives contenues dans ces g\u00e9lules de testost\u00e9rone se distinguent principalement par leur effet stimulant sur les performances du consommateur. En outre, elles ne doivent entra\u00eener aucun effet secondaire, de sorte qu&rsquo;une prise s\u00fbre de ces g\u00e9lules est toujours garantie.<\/p>\n<p>Cela s&rsquo;explique notamment par le fait que les g\u00e9lules C+ pour l&rsquo;impuissance sont exclusivement fabriqu\u00e9es avec des ingr\u00e9dients naturels, afin de minimiser autant que possible la probabilit\u00e9 d&rsquo;effets secondaires. La liste des ingr\u00e9dients de ces g\u00e9lules se pr\u00e9sente comme suit :<\/p>\n<h3>L-carnitine<\/h3>\n<p>Il s&rsquo;agit d&rsquo;un compos\u00e9 d&rsquo;acides amin\u00e9s que l&rsquo;on retrouve d\u00e9j\u00e0 dans le m\u00e9tabolisme humain. Cette substance ressemble aux vitamines classiques de par sa structure et assure principalement le transport des acides gras \u00e0 longue cha\u00eene du flux sanguin vers les mitochondries. Celles-ci se trouvent dans les cellules humaines et assurent la combustion des acides gras, les transformant ainsi en \u00e9nergie.<\/p>\n<h3>Garcinia Cambogia (extrait)<\/h3>\n<p>Il s&rsquo;agit en fait d&rsquo;un fruit que l&rsquo;on trouve surtout dans le sud-est de l&rsquo;Asie. De ce fruit, on peut extraire un certain extrait qui est \u00e9galement utilis\u00e9 dans de nombreux compl\u00e9ments alimentaires &#8211; comme dans les g\u00e9lules C++ Triple Performance. En outre, cet extrait apporte \u00e9galement ce que l&rsquo;on appelle de l'\u00a0\u00bbacide hydroxycitrique\u00a0\u00bb (HCA), qui a un effet particuli\u00e8rement positif sur la motivation g\u00e9n\u00e9rale chez les hommes, ce qui contribue \u00e0 son tour \u00e0 un style de vie nettement plus actif.<\/p>\n<h3>L-arginine<\/h3>\n<p>Cet acide amin\u00e9 est \u00e9galement d\u00e9j\u00e0 produit dans le corps et assure une bien meilleure circulation sanguine dans le corps. Outre la r\u00e9duction de la dysfonction \u00e9rectile, la L-arginine r\u00e9duit \u00e9galement le risque d&rsquo;hypertension et de maladies cardiaques.<\/p>\n<h2>Prise et dosage<\/h2>\n<p>Pour que les capsules puissent d\u00e9ployer pleinement leurs effets et am\u00e9liorer r\u00e9ellement la vie intime du consommateur, les comprim\u00e9s de testost\u00e9rone C+ doivent \u00eatre pris de la mani\u00e8re suivante : Selon le fabricant, la dose journali\u00e8re recommand\u00e9e est d&rsquo;environ 2 g\u00e9lules par jour, \u00e0 prendre de pr\u00e9f\u00e9rence environ une demi-heure avant l&rsquo;acte.<\/p>\n<p>En outre, il est important que les capsules de testot\u00e9rone C+ Triple Performance 250 mg soient prises r\u00e9guli\u00e8rement. Et ce, sur une p\u00e9riode d&rsquo;au moins deux \u00e0 trois mois. Pendant la p\u00e9riode de consommation, il devrait \u00e9galement toujours \u00eatre possible de consulter un m\u00e9decin afin d&rsquo;\u00e9viter d&rsquo;\u00e9ventuels surdosages.<\/p>\n<h2>Commander les g\u00e9lules de testost\u00e9rone C+ au meilleur prix<\/h2>\n<p><strong>C+ Triple Performance<\/strong><\/p>\n<div class=\"su-button-center\"><a href=\"https:\/\/www.eco-innovation.eu\/go\/cplus-fr\" class=\"su-button su-button-style-3d\" style=\"color:#FFFFFF;background-color:#2D89EF;border-color:#246ec0;border-radius:9px;-moz-border-radius:9px;-webkit-border-radius:9px\" target=\"_blank\" rel=\"nofollow\"><span style=\"color:#FFFFFF;padding:0px 24px;font-size:18px;line-height:36px;border-color:#6cadf4;border-radius:9px;-moz-border-radius:9px;-webkit-border-radius:9px;text-shadow:none;-moz-text-shadow:none;-webkit-text-shadow:none\"> Acheter C+ Testosteron avec remise (50%)<\/span><\/a><\/div>\n","protected":false},"excerpt":{"rendered":"<p>Les hommes et leur \u00ab\u00a0masculinit\u00e9\u00a0\u00bb, c&rsquo;est toujours une question. Il s&rsquo;agit d&rsquo;une caract\u00e9ristique que chaque homme (et chaque femme) d\u00e9finit diff\u00e9remment pour lui-m\u00eame. Pour certains, il est particuli\u00e8rement viril d&rsquo;effectuer des travaux physiques lourds, tandis qu&rsquo;un autre se sent particuli\u00e8rement viril lorsqu&rsquo;il peut s&rsquo;affirmer face \u00e0 d&rsquo;autres hommes, que ce soit verbalement ou physiquement. Prix &#8230; <a title=\"Acheter C+ Testost\u00e9rone \u25b6\ufe0f Avis medical &#8211; Prix, Composition &#038; Bienfaits\" class=\"read-more\" href=\"https:\/\/www.eco-innovation.eu\/fr\/c-plus-testosterone\/\" aria-label=\"Plus sur Acheter C+ Testost\u00e9rone \u25b6\ufe0f Avis medical &#8211; Prix, Composition &#038; Bienfaits\">Lire plus<\/a><\/p>\n","protected":false},"author":1,"featured_media":0,"parent":0,"menu_order":0,"comment_status":"closed","ping_status":"closed","template":"","meta":{"footnotes":""},"class_list":["post-123","page","type-page","status-publish"],"_links":{"self":[{"href":"https:\/\/www.eco-innovation.eu\/fr\/wp-json\/wp\/v2\/pages\/123","targetHints":{"allow":["GET"]}}],"collection":[{"href":"https:\/\/www.eco-innovation.eu\/fr\/wp-json\/wp\/v2\/pages"}],"about":[{"href":"https:\/\/www.eco-innovation.eu\/fr\/wp-json\/wp\/v2\/types\/page"}],"author":[{"embeddable":true,"href":"https:\/\/www.eco-innovation.eu\/fr\/wp-json\/wp\/v2\/users\/1"}],"replies":[{"embeddable":true,"href":"https:\/\/www.eco-innovation.eu\/fr\/wp-json\/wp\/v2\/comments?post=123"}],"version-history":[{"count":9,"href":"https:\/\/www.eco-innovation.eu\/fr\/wp-json\/wp\/v2\/pages\/123\/revisions"}],"predecessor-version":[{"id":366,"href":"https:\/\/www.eco-innovation.eu\/fr\/wp-json\/wp\/v2\/pages\/123\/revisions\/366"}],"wp:attachment":[{"href":"https:\/\/www.eco-innovation.eu\/fr\/wp-json\/wp\/v2\/media?parent=123"}],"curies":[{"name":"wp","href":"https:\/\/api.w.org\/{rel}","templated":true}]}}