{"id":1575,"date":"2022-12-07T16:15:15","date_gmt":"2022-12-07T16:15:15","guid":{"rendered":"https:\/\/www.eco-innovation.eu\/?page_id=1575"},"modified":"2023-02-15T16:56:44","modified_gmt":"2023-02-15T16:56:44","slug":"figur","status":"publish","type":"page","link":"https:\/\/www.eco-innovation.eu\/fi\/figur\/","title":{"rendered":"Osta FIGUR-kapselit halvalla &#8211; Figur Weight Loss testi, kokemus ja luokitus"},"content":{"rendered":"<p><strong>Kaikki tiet\u00e4v\u00e4t sen: ruoka- ja juomamaailma pit\u00e4\u00e4 sis\u00e4ll\u00e4\u00e4n lukuisia houkutuksia l\u00e4hes aina ja kaikkialla. Olipa kyse sitten ravintoloista, v\u00e4lipalabaarista tai jopa kulman takana olevasta supermarketista. Herkullisia kakkuja, keksej\u00e4 ja muita makeisia, sokeripitoisia juomia tai alkoholia ja runsaita aterioita on usein vaikea vastustaa.<\/strong><\/p>\n<p>Jos t\u00e4h\u00e4n lis\u00e4t\u00e4\u00e4n liikunnan puute, monet ihmiset kamppailevat nopeasti painonsa kanssa. Laihdutuskuurit auttavat vain rajoitetusti, sill\u00e4 usein k\u00e4y niin, ett\u00e4 vaikka kilot putoavat laihdutuskuurin aikana, paino nousee nopeasti uudelleen, kun laihdutuskuuri julistetaan p\u00e4\u00e4ttyneeksi. Lis\u00e4ksi on usein niin, ett\u00e4 laihtuminen loppuu jossain vaiheessa, eik\u00e4 en\u00e4\u00e4 ole mahdollista laihtua, vaikka et olisikaan viel\u00e4 tyytyv\u00e4inen tuloksiin. <strong>N\u00e4iden kahden ongelman torjumiseksi ravintolis\u00e4valmisteet, kuten uudet FIGUR Weight Loss-kapselit, voivat olla hy\u00f6dyllisi\u00e4.<\/strong><\/p>\n<div class=\"sue-section\" data-url=\"\" data-target=\"blank\" style=\"margin:0px 0px 0px 0px;border-top:1px solid #cccccc;border-bottom:1px solid #cccccc\"><div class=\"sue-section-background\" style=\"background-color:#f8f8f8;background-position:left top;\"><\/div><div class=\"sue-section-content sue-content-wrap\" style=\"padding:30px 0px 30px 0px;max-width:960px;text-align:left;color:#333333;text-shadow:0px 1px 10px #ffffffff\">\n<h2>FIGUR-kapselitesti &#8211; tosiasiat<\/h2>\n<div class=\"su-list\" style=\"margin-left:0px\">\n<ul>\n<li><i class=\"sui sui-caret-right\" style=\"color:#FE9408\"><\/i> <strong>Valmisteen mahdolliset vaikutukset<\/strong>\n<ul>\n<li><i class=\"sui sui-caret-right\" style=\"color:#FE9408\"><\/i> V\u00e4henn\u00e4 mielihaluja ja n\u00e4l\u00e4nh\u00e4t\u00e4\u00e4<\/li>\n<li><i class=\"sui sui-caret-right\" style=\"color:#FE9408\"><\/i> Polttaa rasvaa ja siten v\u00e4hent\u00e4\u00e4 kehon rasvaprosenttia<\/li>\n<li><i class=\"sui sui-caret-right\" style=\"color:#FE9408\"><\/i> Painonpudotus<\/li>\n<li><i class=\"sui sui-caret-right\" style=\"color:#FE9408\"><\/i> Mielialan parantaminen on mahdollista<\/li>\n<li><i class=\"sui sui-caret-right\" style=\"color:#FE9408\"><\/i> Ihmiskehossa on k\u00e4ytett\u00e4viss\u00e4 enemm\u00e4n energiaa<\/li>\n<\/ul>\n<\/li>\n<li><i class=\"sui sui-caret-right\" style=\"color:#FE9408\"><\/i> Seitsem\u00e4n tehokasta ainesosaa<\/li>\n<li><i class=\"sui sui-caret-right\" style=\"color:#FE9408\"><\/i> Sopii miehille ja naisille<\/li>\n<li><i class=\"sui sui-caret-right\" style=\"color:#FE9408\"><\/i> <a href=\"https:\/\/www.eco-innovation.eu\/go\/figur-fi\" target=\"_blank\" rel=\"nofollow noopener\"><strong>Nyt lyhyen aikaa 46% alennuksella<\/strong><\/a><\/li>\n<li><i class=\"sui sui-caret-right\" style=\"color:#FE9408\"><\/i> Saatavana ilman resepti\u00e4 Saksassa, Sveitsiss\u00e4 ja It\u00e4vallassa.<\/li>\n<li><i class=\"sui sui-caret-right\" style=\"color:#FE9408\"><\/i> <strong>Eritt\u00e4in my\u00f6nteiset k\u00e4ytt\u00e4j\u00e4raportit foorumilla<\/strong><\/li>\n<li><i class=\"sui sui-caret-right\" style=\"color:#FE9408\"><\/i> Pikakuljetus<\/li>\n<\/ul>\n<\/div>\n<p>&nbsp;<\/p>\n<h2>FIGUR-kapselit Luokitus<\/h2>\n<p style=\"text-align: center;\"><strong>Arvosana: \u2b50\u2b50\u2b50\u2b50\u2b50 (5 t\u00e4hte\u00e4 5:st\u00e4)<\/strong><\/p>\n<p>&nbsp;<\/p>\n<h2>Osta FIGUR Weight Loss kapselit<\/h2>\n<div class=\"su-button-center\"><a href=\"https:\/\/www.eco-innovation.eu\/go\/figur-fi\" class=\"su-button su-button-style-3d\" style=\"color:#FFFFFF;background-color:#2D89EF;border-color:#246ec0;border-radius:10px;-moz-border-radius:10px;-webkit-border-radius:10px\" target=\"_blank\" rel=\"nofollow\"><span style=\"color:#FFFFFF;padding:0px 26px;font-size:20px;line-height:40px;border-color:#6cadf4;border-radius:10px;-moz-border-radius:10px;-webkit-border-radius:10px;text-shadow:none;-moz-text-shadow:none;-webkit-text-shadow:none\"> Osta FIGUR 46% alennuksella<\/span><\/a><\/div>\n<p>&nbsp;<\/p>\n<\/div><\/div>\n<p>&nbsp;<\/p>\n<div class=\"sue-section\" data-url=\"\" data-target=\"blank\" style=\"margin:0px 0px 0px 0px;border-top:1px solid #cccccc;border-bottom:1px solid #cccccc\"><div class=\"sue-section-background\" style=\"background-color:#f8f8f8;background-position:left top;\"><\/div><div class=\"sue-section-content sue-content-wrap\" style=\"padding:30px 0px 30px 0px;max-width:960px;text-align:left;color:#333333;text-shadow:0px 1px 10px #ffffffff\">]\n<h2>FIGUR Weight Loss Hinta<\/h2>\n<p><strong>Figurkapselien hinnat ja kustannukset:<\/strong><\/p>\n<ul>\n<li>1 pakkaus: 49,95 \u20ac<\/li>\n<li>3 pakkausta: 79,95 \u20ac<\/li>\n<li>6 pakettia: 109,95 \u20ac (suurin alennus)<\/li>\n<\/ul>\n<a href=\"https:\/\/www.eco-innovation.eu\/go\/figur-fi\" class=\"su-button su-button-style-3d\" style=\"color:#FFFFFF;background-color:#2D89EF;border-color:#246ec0;border-radius:9px;-moz-border-radius:9px;-webkit-border-radius:9px\" target=\"_blank\" rel=\"nofollow\"><span style=\"color:#FFFFFF;padding:0px 24px;font-size:18px;line-height:36px;border-color:#6cadf4;border-radius:9px;-moz-border-radius:9px;-webkit-border-radius:9px;text-shadow:none;-moz-text-shadow:none;-webkit-text-shadow:none\"> Varmista alennushinta<\/span><\/a>\n<\/div><\/div>\n<p><a href=\"https:\/\/www.eco-innovation.eu\/go\/figur-fi\" target=\"_blank\" rel=\"nofollow noopener\"><img loading=\"lazy\" decoding=\"async\" class=\"aligncenter wp-image-1419 size-full\" src=\"https:\/\/www.eco-innovation.eu\/wp-content\/uploads\/2022\/10\/figur-capsules.jpg\" alt=\"figur \" width=\"500\" height=\"454\" srcset=\"https:\/\/www.eco-innovation.eu\/wp-content\/uploads\/2022\/10\/figur-capsules.jpg 500w, https:\/\/www.eco-innovation.eu\/wp-content\/uploads\/2022\/10\/figur-capsules-300x272.jpg 300w\" sizes=\"auto, (max-width: 500px) 100vw, 500px\" \/><\/a><\/p>\n\n<h2>FIGUR-kapselit laihdutus &#8211; testiraportti ja kokemukset<\/h2>\n<p>FIGUR-kapselit torjuvat ensisijaisesti rasvaa, joka on jo kertynyt kehoon pitk\u00e4n ajan kuluessa. Ottamalla FIGUR-kapseleita menet\u00e4t kiloja, joita pid\u00e4t liikaa. FIGUR-kapselit eiv\u00e4t my\u00f6sk\u00e4\u00e4n sovellu ainoastaan esimerkiksi jatkuvan ruokavalion tukemiseen tai sopivan rantakuvion saavuttamiseen lyhyell\u00e4 aikav\u00e4lill\u00e4 kes\u00e4kuukausiksi.<\/p>\n<p>Pitk\u00e4aikaisessa k\u00e4yt\u00f6ss\u00e4 FIGUR-kapselit vaikuttavat my\u00f6s ennaltaehk\u00e4isev\u00e4sti. T\u00e4m\u00e4 tarkoittaa, ett\u00e4 FIGUR-kapseleita voidaan k\u00e4ytt\u00e4\u00e4 my\u00f6s v\u00e4hent\u00e4m\u00e4\u00e4n tai jopa kokonaan est\u00e4m\u00e4\u00e4n uuden kehon rasvan kertymist\u00e4 eli tulevaa painon nousua. FIGUR-kapseleita voivat siis k\u00e4ytt\u00e4\u00e4 kaikki, jotka haluavat pit\u00e4\u00e4 silm\u00e4ll\u00e4 vartaloaan &#8211; riippumatta siit\u00e4, onko nopea laihtuminen nykyinen p\u00e4\u00e4tavoite vai halu pysy\u00e4 hoikkana pitk\u00e4ll\u00e4 aikav\u00e4lill\u00e4.<\/p>\n<p><a href=\"https:\/\/figurweightloss.fi\/\" target=\"_blank\" rel=\"noopener\">FIGUR Weight Loss<\/a> -sopivat my\u00f6s kaikenik\u00e4isille miehille ja naisille, kunhan k\u00e4ytt\u00e4j\u00e4 on v\u00e4hint\u00e4\u00e4n 18-vuotias. Sill\u00e4, onko FIGUR-painonpudotuskapseleita k\u00e4ytt\u00e4v\u00e4 henkil\u00f6 urheilullinen vai pikemminkin passiivinen, noudattaako h\u00e4n terveellist\u00e4 vai ep\u00e4terveellist\u00e4 el\u00e4m\u00e4ntapaa, ei ole my\u00f6sk\u00e4\u00e4n merkityst\u00e4. Raskaana olevien naisten ja henkil\u00f6iden, jotka joutuvat k\u00e4ytt\u00e4m\u00e4\u00e4n l\u00e4\u00e4kkeit\u00e4 pysyv\u00e4sti, tulisi kuitenkin keskustella FIGUR-tablettien k\u00e4yt\u00f6st\u00e4 l\u00e4\u00e4k\u00e4rin kanssa etuk\u00e4teen varmuuden vuoksi.<\/p>\n<h2>Vaikutus<\/h2>\n<p>FIGUR Weight Loss-pillereiden tehokkuus on tieteellisesti testattu. Tuote lupaa asiakkaille, ett\u00e4 he pystyv\u00e4t v\u00e4hent\u00e4m\u00e4\u00e4n kehon rasvaa ilman muita toimenpiteit\u00e4. Ruokavalio ja tasapainoinen liikunta- tai urheiluohjelma voivat tietenkin tukea ja nopeuttaa FIGUR- laihdutusvalmisteiden my\u00f6nteist\u00e4 vaikutusta.<\/p>\n<p>On t\u00e4rke\u00e4\u00e4, ett\u00e4 asiakkaat tiet\u00e4v\u00e4t, ett\u00e4 menestyksen ei tarvitse n\u00e4ky\u00e4 heti ensimm\u00e4isen FIGUR-painonpudotuskapselin nauttimisen j\u00e4lkeen. FIGUR-kapseleita tulisi pikemminkin ottaa jatkuvasti eli keskeytyksett\u00e4 v\u00e4hint\u00e4\u00e4n kahdeksan tai kahdentoista viikon ajan. Sen j\u00e4lkeen ne voivat kehitt\u00e4\u00e4 vaikutuksensa k\u00e4ytt\u00e4j\u00e4n kehossa ja johtaa selv\u00e4sti n\u00e4kyv\u00e4\u00e4n rasvanpudotukseen. FIGUR-tableteilla on erityisen hyv\u00e4 n\u00e4kyv\u00e4 vaikutus vatsan alueelle kertyneeseen rasvaan.<\/p>\n<p>Ne, jotka ottavat FIGUR-painonpudotuskapseleita s\u00e4\u00e4nn\u00f6llisesti, huomaavat, ett\u00e4 ruokahalu v\u00e4henee ajan my\u00f6t\u00e4. FIGUR-kapselit toimivat siis muun muassa ruokahalua hillitsevin\u00e4 aineina. Lis\u00e4ksi FIGUR-kapselit takaavat, ett\u00e4 olo on kyll\u00e4inen pidemp\u00e4\u00e4n aterian j\u00e4lkeen, mik\u00e4 tarkoittaa, ett\u00e4 ruokaa kuluu kaiken kaikkiaan v\u00e4hemm\u00e4n. Lis\u00e4ksi FIGUR-kapselien ottaminen tukee rasva-aineenvaihduntaa, mink\u00e4 vuoksi elimist\u00f6ss\u00e4 jo oleva rasva tai vasta imeytynyt rasva palaa nopeammin.<\/p>\n<div class=\"su-button-center\"><a href=\"https:\/\/www.eco-innovation.eu\/go\/figur-fi\" class=\"su-button su-button-style-3d\" style=\"color:#FFFFFF;background-color:#2D89EF;border-color:#246ec0;border-radius:10px;-moz-border-radius:10px;-webkit-border-radius:10px\" target=\"_blank\" rel=\"nofollow\"><span style=\"color:#FFFFFF;padding:0px 26px;font-size:20px;line-height:40px;border-color:#6cadf4;border-radius:10px;-moz-border-radius:10px;-webkit-border-radius:10px;text-shadow:none;-moz-text-shadow:none;-webkit-text-shadow:none\"> Osta FIGUR 46% alennuksella<\/span><\/a><\/div>\n<p>&nbsp;<\/p>\n<h2>Ainesosat ja koostumus<\/h2>\n<p>FIGUR-kapselit sis\u00e4lt\u00e4v\u00e4t L-karnitiinia, L-arginiinia, Garcinia Cambogia HCA -uutetta, Cayenne-pippuria, L-proliinia, L-teaniinia ja L-leusiinia. Seuraava selitys n\u00e4iden ainesosien vaikutuksesta tekee selv\u00e4ksi, miksi ne sis\u00e4ltyv\u00e4t FIGUR-kapseleihin.<\/p>\n<h3>L-karnitiini<\/h3>\n<p>L-karnitiini on aminohappojen yhdiste, jota esiintyy luonnostaan ihmiskehossa ja joka vastaa rasvan aineenvaihdunnasta. L-karnitiinit k\u00e4ytt\u00e4ytyv\u00e4t samalla tavalla kuin vitamiinit, ja niill\u00e4 on kuljetusteht\u00e4v\u00e4. Lyhyesti sanottuna L-karnitiinit huolehtivat siit\u00e4, ett\u00e4 ruoan mukana nautitut rasvahapot kulkeutuvat nopeasti elimist\u00f6n l\u00e4pi m\u00e4\u00e4r\u00e4np\u00e4\u00e4h\u00e4ns\u00e4 aineenvaihdunnan aikana.<\/p>\n<p>Prosessissa L-karnitiinien ty\u00f6nt\u00e4m\u00e4t rasvahapot on kuljetettava mahdollisimman nopeasti verenkierrosta mitokondrioihin. Mitokondrioilla puolestaan on palamisteht\u00e4v\u00e4. Saadakseen energiaa, jota ihmiskeho tarvitsee jokap\u00e4iv\u00e4iseen el\u00e4m\u00e4\u00e4ns\u00e4, mitokondriot polttavat rasvahappojen sis\u00e4lt\u00e4m\u00e4\u00e4 energiaa. Jos ruokavaliossa kulutetaan v\u00e4hemm\u00e4n rasvaa kuin elimist\u00f6n senhetkinen energiantarve edellytt\u00e4isi, elimist\u00f6 polttaa sen sijaan proteiineja.<\/p>\n<h3>L-arginiini<\/h3>\n<p>L-arginiinit kuuluvat my\u00f6s aminohappojen luokkaan. Ne osallistuvat my\u00f6s ihmisen solujen aineenvaihduntaan ja ovat erityisen t\u00e4rkeit\u00e4 lihasten rakentamisessa. Lis\u00e4ksi L-arginiinit vaikuttavat my\u00f6nteisesti ihmiskehon suorituskykyyn. Sopiva L-arginiinipitoisuus voi johtaa siihen, ett\u00e4 kehon lihakset rakentuvat nopeammin ja harjoitusmenestys kirjataan nopeammin.<\/p>\n<h3>Garcinia Cambogia HCA uute<\/h3>\n<p>Garcinia Cambogia HCA-uute on luonnollinen hedelm\u00e4happo, joka tunnetaan my\u00f6s ruokahalua v\u00e4hent\u00e4v\u00e4n\u00e4 aineena. T\u00e4st\u00e4 syyst\u00e4 Garcinia Cambogia HCA -uutetta l\u00f6ytyy lukuisista tuotteista, jotka k\u00e4sittelev\u00e4t painonpudotusta, kuten FIGUR-kapselit.<\/p>\n<h3>Cayennepippuri<\/h3>\n<p>Useimmat tuntevat cayennepippurin keitti\u00f6st\u00e4, jossa sit\u00e4 k\u00e4ytet\u00e4\u00e4n mausteena. Tieteellisest\u00e4 n\u00e4k\u00f6kulmasta katsottuna cayennepippurilla on eritt\u00e4in my\u00f6nteinen vaikutus aineenvaihduntaan, koska cayennepippuri voi lis\u00e4t\u00e4 sit\u00e4 ja siten nopeuttaa sit\u00e4.<\/p>\n<p>Cayennepippuri v\u00e4hent\u00e4\u00e4 my\u00f6s n\u00e4l\u00e4n tunnetta ja varmistaa siten, ett\u00e4 pienempi\u00e4 annoksia sy\u00f6d\u00e4\u00e4n. Cayennepippurilla on my\u00f6s tulehdusta ehk\u00e4isev\u00e4 vaikutus ja se auttaa kehoa poistamaan myrkkyj\u00e4. Mit\u00e4 terveempi ja myrkytt\u00f6m\u00e4mpi ruoansulatuskanava on, sit\u00e4 todenn\u00e4k\u00f6isemmin paino pysyy alhaalla.<\/p>\n<h3>L-Proline<\/h3>\n<p>L-proliinit tukevat lihasten rakentamista ja ovat my\u00f6s t\u00e4rkeit\u00e4 vahvan luuston kannalta. Erityisesti ne, jotka tukevat ruokavalio-ohjelmaansa urheilulla tai jotka haluavat periaatteessa pysy\u00e4 kunnossa, terveen\u00e4 ja hoikkana urheilun avulla, tarvitsevat elimist\u00f6ss\u00e4\u00e4n riitt\u00e4v\u00e4n m\u00e4\u00e4r\u00e4n L-proteiineja.<\/p>\n<h3>L-Teaniini<\/h3>\n<p>L-teaniinit kuuluvat aminohappoihin, jotka vaikuttavat ihmisen aivoihin. Niill\u00e4 on stressi\u00e4 v\u00e4hent\u00e4v\u00e4 ja rauhoittava vaikutus aiheuttamatta ep\u00e4miellytt\u00e4vi\u00e4 sivuvaikutuksia, kuten uneliaisuutta tai uneliaisuutta. L-teaniinit auttavat my\u00f6s torjumaan ahdistusta ja hyperaktiivisuutta, jotka molemmat voivat johtaa unettomuuteen.<\/p>\n<h3>L-leusiini<\/h3>\n<p>L-leusiini saa kehon lihasmassan kasvamaan hieman ja varmistaa samalla, ett\u00e4 rasvaa hajoaa enemm\u00e4n. L-leusiinilla voi olla eritt\u00e4in my\u00f6nteinen vaikutus erityisesti i\u00e4kk\u00e4isiin ihmisiin, sill\u00e4 elimist\u00f6n oma lihasmassa v\u00e4henee yh\u00e4 enemm\u00e4n ik\u00e4\u00e4ntyneill\u00e4.<\/p>\n<p>L-leusiinien lis\u00e4ys voi torjua t\u00e4t\u00e4 lihasmassan menetyst\u00e4 tai ainakin hidastaa sit\u00e4. L-leusiinit voivat my\u00f6s auttaa s\u00e4\u00e4telem\u00e4\u00e4n elimist\u00f6n verensokeritasoa.<\/p>\n<h2>FIGUR tablettien tutkimukset ja kokemukset<\/h2>\n<p>FIGUR-kapselien saannista ja vaikutuksesta on tehty kliinisi\u00e4 tutkimuksia. Ylipainoiset koehenkil\u00f6t olivat l\u00e4pileikkaus yhteiskunnasta: miehi\u00e4 ja naisia, eri-ik\u00e4isi\u00e4, osittain aktiivisia urheilevia, osittain passiivisia. Tutkimukset osoittavat, ett\u00e4 FIGUR-painonpudotuskapselit voivat s\u00e4\u00e4nn\u00f6llisesti k\u00e4ytettyn\u00e4 auttaa s\u00e4\u00e4telem\u00e4\u00e4n kehon painoa pitk\u00e4ll\u00e4 aikav\u00e4lill\u00e4.<\/p>\n<p>Mutta FIGUR-kapselit osoittivat tutkimuksissa menestyst\u00e4 my\u00f6s lyhytaikaisessa laihtumisessa. Tutkimusten mukaan n\u00e4kyvi\u00e4 tuloksia saadaan kahdeksan viikon kuluttua FIGUR-tablettien ottamisesta. Painonpudotus kapseleiden k\u00e4yt\u00f6n j\u00e4lkeen kahdentoista viikon ajan oli 24 kiloa. Tutkimusten mukaan FIGUR-kapseleita voidaan k\u00e4ytt\u00e4\u00e4 laihduttamiseen jatkuvasti kuuden kuukauden ajan.<\/p>\n<p>N\u00e4it\u00e4 tuloksia verrattiin lumel\u00e4\u00e4keryhm\u00e4n tuloksiin. T\u00e4m\u00e4 vertailu t\u00e4ydent\u00e4\u00e4 kuvaa tutkimuksista. My\u00f6s lumel\u00e4\u00e4keryhm\u00e4 laihtui, mutta rasvan menetys oli huomattavasti suurempaa, kun koehenkil\u00f6t todella ottivat FIGUR-kapseleita. Lis\u00e4ksi FIGUR-kapseleita saaneet koehenkil\u00f6t laihtuivat nopeammin.<\/p>\n<h2>Pakkausseloste: saanti, k\u00e4ytt\u00f6 ja annostus<\/h2>\n<p>FIGUR-kapselit tulisi ottaa p\u00e4ivitt\u00e4in pidemm\u00e4n aikaa. Suositeltu annos on yksi kapseli p\u00e4iv\u00e4ss\u00e4. T\u00e4m\u00e4 tulisi ottaa ennen p\u00e4iv\u00e4n p\u00e4\u00e4ateriaa. T\u00e4ll\u00e4 aterialla kulutetaan eniten kaloreita ja rasvaa. Ihannetapauksessa se tulisi ottaa noin 15-30 minuuttia ennen ateriaa. FIGUR-kapselit on aina nielt\u00e4v\u00e4 kokonaisina.<\/p>\n<p>Nielemisen j\u00e4lkeen on juotava kaksi suurta lasillista vett\u00e4. T\u00e4m\u00e4 vastaa v\u00e4hint\u00e4\u00e4n puolen litran juomista. Henkil\u00f6t, joilla on ongelmia kapselimuotoisten l\u00e4\u00e4kkeiden nielemisess\u00e4, voivat avata FIGUR-kapselit keskelt\u00e4 peukalonkynnen avulla ja sekoittaa FIGUR-kapselien sis\u00e4ll\u00f6n vesilasiin. T\u00e4m\u00e4 seos on juotava pienin\u00e4 kulauksina.<\/p>\n<h2>Hinnat ja hintavertailu<\/h2>\n<p>FIGUR-kapselit ovat 30 kapselin pakkauksessa pakkausta kohti. T\u00e4m\u00e4 vastaa suunnilleen yhden kuukauden annosta. Yksi pakkaus on saatavilla 49,95 eurolla. Mit\u00e4 useampi pakkaus ostetaan yhdess\u00e4, sit\u00e4 enemm\u00e4n FIGUR-kapselien hinta laskee. Kaksi yhdess\u00e4 tilattua pakkausta maksaa 39,97 euroa per pakkaus, kolme pakettia on saatavilla 36,65 eurolla per pakkaus. Tilausta kohden voidaan pyyt\u00e4\u00e4 ja toimittaa enint\u00e4\u00e4n kolme pakkausta FIGUR-kapseleita.<\/p>\n<h2>K\u00e4ytt\u00e4jien arviot ja suositukset<\/h2>\n<p><strong>K\u00e4ytt\u00e4jill\u00e4, jotka ovat jo kokeilleet FIGUR-kapseleita, on positiivista sanottavaa t\u00e4m\u00e4n tuotteen tehokkuudesta.<\/strong><\/p>\n<div class=\"su-list\" style=\"margin-left:0px\">\n<ul>\n<li><i class=\"sui sui-user\" style=\"color:#005300\"><\/i> He kertovat, ett\u00e4 laihtuminen on nopeasti havaittavissa, ja jotkut k\u00e4ytt\u00e4j\u00e4t jo muutaman p\u00e4iv\u00e4n kuluttua. K\u00e4ytt\u00e4j\u00e4t huomaavat yleens\u00e4, ett\u00e4 heid\u00e4n ruokahalunsa v\u00e4henee FIGUR Weight Loss -ottamisen j\u00e4lkeen jo kahden p\u00e4iv\u00e4n kuluttua.<\/li>\n<li><i class=\"sui sui-user\" style=\"color:#005300\"><\/i> He kertovat sy\u00f6v\u00e4ns\u00e4 v\u00e4hemm\u00e4n hyvin nopeasti. K\u00e4ytt\u00e4j\u00e4t, jotka eiv\u00e4t ole muuttaneet el\u00e4m\u00e4ntapojaan FIGUR-kapselien ottamisen lis\u00e4ksi, ovat ilmoittaneet laihtuneensa jatkuvasti, keskim\u00e4\u00e4rin kaksi kiloa kuukaudessa.<\/li>\n<li><i class=\"sui sui-user\" style=\"color:#005300\"><\/i> Ihmiset, jotka ovat jo kokeilleet muita ravintolisi\u00e4 painonpudotukseen, sanovat, ett\u00e4 FIGUR-kapselien tehokkuus oli heid\u00e4n mielest\u00e4\u00e4n parempi kuin aiemmin kokeilemiensa laihdutustuotteiden tehokkuus.<\/li>\n<\/ul>\n<\/div>\n<h2>Osta FIGUR Weight Loss-kapselit edullisimpaan hintaan<\/h2>\n<p><strong>Halvin hinta Suomessa.<\/strong><\/p>\n<div class=\"su-button-center\"><a href=\"https:\/\/www.eco-innovation.eu\/go\/figur-fi\" class=\"su-button su-button-style-3d\" style=\"color:#FFFFFF;background-color:#2D89EF;border-color:#246ec0;border-radius:10px;-moz-border-radius:10px;-webkit-border-radius:10px\" target=\"_blank\" rel=\"nofollow\"><span style=\"color:#FFFFFF;padding:0px 26px;font-size:20px;line-height:40px;border-color:#6cadf4;border-radius:10px;-moz-border-radius:10px;-webkit-border-radius:10px;text-shadow:none;-moz-text-shadow:none;-webkit-text-shadow:none\"> Osta FIGUR 46% alennuksella<\/span><\/a><\/div>\n","protected":false},"excerpt":{"rendered":"<p>Kaikki tiet\u00e4v\u00e4t sen: ruoka- ja juomamaailma pit\u00e4\u00e4 sis\u00e4ll\u00e4\u00e4n lukuisia houkutuksia l\u00e4hes aina ja kaikkialla. Olipa kyse sitten ravintoloista, v\u00e4lipalabaarista tai jopa kulman takana olevasta supermarketista. Herkullisia kakkuja, keksej\u00e4 ja muita makeisia, sokeripitoisia juomia tai alkoholia ja runsaita aterioita on usein vaikea vastustaa. Jos t\u00e4h\u00e4n lis\u00e4t\u00e4\u00e4n liikunnan puute, monet ihmiset kamppailevat nopeasti painonsa kanssa. Laihdutuskuurit auttavat &#8230; <a title=\"Osta FIGUR-kapselit halvalla &#8211; Figur Weight Loss testi, kokemus ja luokitus\" class=\"read-more\" href=\"https:\/\/www.eco-innovation.eu\/fi\/figur\/\" aria-label=\"Lis\u00e4\u00e4 Osta FIGUR-kapselit halvalla &#8211; Figur Weight Loss testi, kokemus ja luokitus\">Lue lis\u00e4\u00e4<\/a><\/p>\n","protected":false},"author":1,"featured_media":1409,"parent":0,"menu_order":0,"comment_status":"closed","ping_status":"closed","template":"","meta":{"footnotes":""},"class_list":["post-1575","page","type-page","status-publish","has-post-thumbnail"],"_links":{"self":[{"href":"https:\/\/www.eco-innovation.eu\/fi\/wp-json\/wp\/v2\/pages\/1575","targetHints":{"allow":["GET"]}}],"collection":[{"href":"https:\/\/www.eco-innovation.eu\/fi\/wp-json\/wp\/v2\/pages"}],"about":[{"href":"https:\/\/www.eco-innovation.eu\/fi\/wp-json\/wp\/v2\/types\/page"}],"author":[{"embeddable":true,"href":"https:\/\/www.eco-innovation.eu\/fi\/wp-json\/wp\/v2\/users\/1"}],"replies":[{"embeddable":true,"href":"https:\/\/www.eco-innovation.eu\/fi\/wp-json\/wp\/v2\/comments?post=1575"}],"version-history":[{"count":4,"href":"https:\/\/www.eco-innovation.eu\/fi\/wp-json\/wp\/v2\/pages\/1575\/revisions"}],"predecessor-version":[{"id":1989,"href":"https:\/\/www.eco-innovation.eu\/fi\/wp-json\/wp\/v2\/pages\/1575\/revisions\/1989"}],"wp:featuredmedia":[{"embeddable":true,"href":"https:\/\/www.eco-innovation.eu\/fi\/wp-json\/wp\/v2\/media\/1409"}],"wp:attachment":[{"href":"https:\/\/www.eco-innovation.eu\/fi\/wp-json\/wp\/v2\/media?parent=1575"}],"curies":[{"name":"wp","href":"https:\/\/api.w.org\/{rel}","templated":true}]}}