{"id":1243,"date":"2022-09-05T13:07:01","date_gmt":"2022-09-05T13:07:01","guid":{"rendered":"https:\/\/www.eco-innovation.eu\/?page_id=1243"},"modified":"2023-02-28T14:48:01","modified_gmt":"2023-02-28T14:48:01","slug":"derila","status":"publish","type":"page","link":"https:\/\/www.eco-innovation.eu\/fi\/derila\/","title":{"rendered":"Derila Tyyny Memory Foam Pillow Kokemuksia, Omd\u00f6me &#038; Review &#8211; Suomi"},"content":{"rendered":"<p><img loading=\"lazy\" decoding=\"async\" class=\"aligncenter size-full wp-image-1239\" src=\"https:\/\/www.eco-innovation.eu\/wp-content\/uploads\/2022\/08\/derila.jpg\" alt=\"Derila\" width=\"610\" height=\"545\" srcset=\"https:\/\/www.eco-innovation.eu\/wp-content\/uploads\/2022\/08\/derila.jpg 610w, https:\/\/www.eco-innovation.eu\/wp-content\/uploads\/2022\/08\/derila-300x268.jpg 300w\" sizes=\"auto, (max-width: 610px) 100vw, 610px\" \/><\/p>\n<p><strong>Derila-tyyny on ergonomisesti muotoiltu tyyny, jolla on suuri palautusvoima. Se mukautuu mihin tahansa nukkuma-asentoon muistivaahtoytimen ansiosta. Erityinen vaahtomuovisyd\u00e4n palautuu vanhaan muotoonsa jokaisen uudelleenasennuksen j\u00e4lkeen. Kaikenlaiset nukkujat saavat siis todellista tukea niskalleen ja voivat samalla kevent\u00e4\u00e4 selk\u00e4rankaansa. Derilan kanssa t\u00e4m\u00e4 todella toimii kaikissa nukkuma-asennoissa. N\u00e4in suuri mukautuvuus tyynyss\u00e4 on harvinaisuus.<\/strong><\/p>\n<div class=\"sue-section\" data-url=\"\" data-target=\"blank\" style=\"margin:0px 0px 0px 0px;border-top:1px solid #cccccc;border-bottom:1px solid #cccccc\"><div class=\"sue-section-background\" style=\"background-color:#f8f8f8;background-position:left top;\"><\/div><div class=\"sue-section-content sue-content-wrap\" style=\"padding:30px 0px 30px 0px;max-width:960px;text-align:left;color:#333333;text-shadow:0px 1px 10px #ffffffff\">]\n<h2>Derilan tyynyn Omd\u00f6me ja arviointi<\/h2>\n<div class=\"su-list\" style=\"margin-left:0px\">\n<ul>\n<li><i class=\"sui sui-check\" style=\"color:#113116\"><\/i> <strong>Egonominen muoto takaa levollisen unen<\/strong><br \/>\nErgonominen muoto mukautuu ihanteellisesti p\u00e4\u00e4n ja niskan muotoihin erityisen vaahtomuovin ansiosta. N\u00e4in se tukee koko kehon luonnollista asentoa.<\/li>\n<li><i class=\"sui sui-check\" style=\"color:#113116\"><\/i> <strong>Sopii kaikkiin nukkuma-asentoihin<\/strong><br \/>\nMalli sopii erinomaisesti vatsa-, kylki- ja selk\u00e4unille. Laadukkaan muistivaahdon ansiosta se mukautuu p\u00e4\u00e4n ja niskan muotoon kaikissa asennoissa. Jos v\u00e4henn\u00e4t painetta, vaahtomuovi venyy hitaasti takaisin alkuper\u00e4iseen muotoonsa.<\/li>\n<li><i class=\"sui sui-check\" style=\"color:#113116\"><\/i> <strong>Sopii pesukoneeseen ja on myrkyt\u00f6n.<\/strong><br \/>\nPakkaukseen sis\u00e4ltyy vaihdettava tyynyliina. Se voidaan pest\u00e4 helposti pesukoneessa, ja se on myrkyt\u00f6n.<\/li>\n<li><i class=\"sui sui-check\" style=\"color:#113116\"><\/i> <strong>Hyv\u00e4 vastine rahalle<\/strong><br \/>\nDerila tyyny on huomattavasti halvempi kuin vastaavat tuotteet markkinoilla.<\/li>\n<li><i class=\"sui sui-check\" style=\"color:#113116\"><\/i> <strong>Eritt\u00e4in korkea laatu<\/strong><br \/>\nHyv\u00e4n valmistuksen ansiosta tyyny on eritt\u00e4in kest\u00e4v\u00e4.<\/li>\n<li><i class=\"sui sui-check\" style=\"color:#113116\"><\/i> <strong>Saatavilla alennettuun hintaan lyhyen aikaa<\/strong><br \/>\nJopa 50 % alennus<\/li>\n<\/ul>\n<p style=\"text-align: center;\"><big><strong>Arvosana: <span style=\"color: #008000;\">ERITT\u00c4IN HYV\u00c4<\/span> (\u2b50\u2b50\u2b50\u2b50\u2b50 4.9 t\u00e4hte\u00e4 5:st\u00e4).<\/strong><\/big><\/p>\n<\/div>\n<h2>Osta Derila tyyny<\/h2>\n<a href=\"https:\/\/www.eco-innovation.eu\/go\/derila-fi\" class=\"su-button su-button-style-soft\" style=\"color:#FFFFFF;background-color:#fb5a00;border-color:#c94800;border-radius:9px;-moz-border-radius:9px;-webkit-border-radius:9px\" target=\"_blank\" rel=\"nofollow\"><span style=\"color:#FFFFFF;padding:8px 24px;font-size:18px;line-height:27px;border-color:#fd8c4d;border-radius:9px;-moz-border-radius:9px;-webkit-border-radius:9px;text-shadow:none;-moz-text-shadow:none;-webkit-text-shadow:none\"><i class=\"sui sui-check-circle\" style=\"font-size:18px;color:#FFFFFF\"><\/i> Tilaa Derila suoraan valmistajalta<br \/>\n(Jopa -50%:n hinnanalennus)<\/span><\/a>\n<p>&nbsp;<\/p>\n<h2>Hinnat<\/h2>\n<p><strong>Derilan kustannukset ja hinnat<\/strong><\/p>\n<div class=\"su-list\" style=\"margin-left:0px\">\n<ul>\n<li><i class=\"sui sui-caret-right\" style=\"color:#113116\"><\/i> 1 Derila-tyyny 39,95 \u20ac:lla.<\/li>\n<li><i class=\"sui sui-caret-right\" style=\"color:#113116\"><\/i> 2 Derila-tyyny\u00e4 hintaan 69,96 \u20ac<\/li>\n<li><i class=\"sui sui-caret-right\" style=\"color:#113116\"><\/i> 3 Derila-tyyny\u00e4 hintaan 89,94 \u20ac.<\/li>\n<li><i class=\"sui sui-caret-right\" style=\"color:#113116\"><\/i> 4 Derila-tyyny\u00e4 hintaan 99,96 \u20ac (suurin alennus)<\/li>\n<\/ul>\n<\/div>\n<\/div><\/div>\n<p>&nbsp;<\/p>\n\n<p>&nbsp;<\/p>\n<p>&nbsp;<\/p>\n<p>&nbsp;<\/p>\n<h2>Derilan tyynyn testiraportti, Omd\u00f6me, Review ja kokemuksia<\/h2>\n<p>Kun tavallisilla tyynyill\u00e4 voit halutessasi maata liian litte\u00e4sti tai p\u00e4\u00e4 jotenkin yl\u00f6sp\u00e4in, Derila-tyynyll\u00e4 p\u00e4\u00e4 on tuettu siten, ett\u00e4 niskalihakset eiv\u00e4t p\u00e4\u00e4se j\u00e4nnittym\u00e4\u00e4n. Tyynyn ergonominen muoto tukee ja kevent\u00e4\u00e4 niskaa. Samalla selk\u00e4rangan yl\u00e4osaa ei v\u00e4\u00e4nnet\u00e4, yliojenneta tai puristeta, vaan se on kevennetty. N\u00e4in s\u00e4\u00e4styt\u00e4\u00e4n olkap\u00e4\u00e4vaivoilta, k\u00e4sien nukahtamiselta ja yl\u00e4sel\u00e4n kivuliaalta j\u00e4nnitykselt\u00e4.<\/p>\n<p>Unen pit\u00e4isi olla koko elimist\u00f6n kannalta levollinen. Monissa tapauksissa se ei kuitenkaan ole riitt\u00e4v\u00e4\u00e4. Monet ihmiset viev\u00e4t vihaa ja stressi\u00e4 makuuhuoneeseen. Patja on liian luja, liian pehme\u00e4 tai jo melko kulunut. P\u00e4\u00e4n asento on ep\u00e4optimaalinen. Niskatyyny ei joko tue niskaa ja p\u00e4\u00e4t\u00e4 lainkaan tai se tukee niskaa ja p\u00e4\u00e4t\u00e4 v\u00e4\u00e4rist\u00e4 kohdista. Miten voitte haluta toipua t\u00e4st\u00e4? Derila Memory Foam -tyynyn avulla otat ensimm\u00e4isen askeleen kohti parempaa ja syvemp\u00e4\u00e4 unta. T\u00e4rkeint\u00e4 on, ett\u00e4 her\u00e4\u00e4t j\u00e4lleen ilman kipua, tukoksia ja j\u00e4nnityst\u00e4.<\/p>\n<p>Mit\u00e4 vanhemmaksi ihminen tulee, sit\u00e4 enemm\u00e4n kipua tulee itsest\u00e4\u00e4n. Viisaana ihmisen\u00e4 ihmisen pit\u00e4isi s\u00e4\u00e4st\u00e4\u00e4 itse\u00e4\u00e4n kivulta, joka voidaan est\u00e4\u00e4. Derila-tyyny on valmistettu saasteettomista ja korkealaatuisista materiaaleista. Muistivaahto tarjoaa korkean palautusvoiman. Erityisominaisuuksiensa ansiosta se mukautuu riitt\u00e4v\u00e4sti eri nukkuma-asentoihin. Derila-tyynyn p\u00e4\u00e4llinen on irrotettava. Se voidaan pest\u00e4 niin usein kuin haluat.<\/p>\n<p>Ehk\u00e4p\u00e4 Derilan niskatyynyn avulla koet ensimm\u00e4ist\u00e4 kertaa nukkuvasi syv\u00e4sti ja vakaasti kuin vauva. Saattaa kuitenkin kest\u00e4\u00e4 muutaman p\u00e4iv\u00e4n tottua uuteen tyynyn muotoon. Vaikka kehosi olisi joutunut tottumaan vanhaan niskatyynyyn ja nyt murisee, se tottuu varmasti pian ergonomiseen asentoon. Palkintona vaivann\u00e4\u00f6st\u00e4 on, ett\u00e4 tavanomaiset j\u00e4nnityskivut katoavat v\u00e4hitellen. Muista: viet\u00e4t kolmanneksen el\u00e4m\u00e4st\u00e4si nukkumalla s\u00e4ngyss\u00e4.<\/p>\n<p>Nuorempana voit sallia itsellesi syntej\u00e4, kuten v\u00e4\u00e4r\u00e4t tyynyt. My\u00f6hempin\u00e4 vuosinaan kuitenkin se, ett\u00e4 pid\u00e4t itsep\u00e4isesti kiinni siit\u00e4, mihin olet tottunut, maksaa sinulle paljon vitsil\u00e4\u00e4kkeit\u00e4. Derila Memory Foam -tyynyn vaahtomuovi takaa mukavan unen sen mukautuvuuden ja joustavuuden ansiosta ja antaa samalla tukea &#8211; juuri siell\u00e4, miss\u00e4 sit\u00e4 tarvitaan. Ihmisen anatomian huomioon ottaminen on alku elinik\u00e4iselle yst\u00e4vyydelle.<\/p>\n<p>&nbsp;<\/p>\n<div class=\"sue-icon-panel\" data-url=\"\" data-target=\"self\" style=\"background-color:#ffffff;color:#333333;border-radius:0px;-moz-border-radius:0px;-webkit-border-radius:0px;box-shadow:0px 1px 2px #eeeeeeee;-moz-box-shadow:0px 1px 2px #eeeeeeee;-webkit-box-shadow:0px 1px 2px #eeeeeeee;border:1px solid #cccccc\"><div class=\"sue-icon-panel-head\"><i class=\"sui sui-warning\" style=\"font-size:31px;color:#a40016\"><\/i><\/div><div class=\"sue-icon-panel-content sue-content-wrap\" style=\"text-align:center\">\n<h2>V\u00e4\u00e4renn\u00f6s ja huijaus<\/h2>\n<ul>\n<li>Varo v\u00e4\u00e4rennettyj\u00e4 ja huijaustarjouksia Amazonin ja Ebayn kaltaisilla alustoilla.<\/li>\n<li>Alkuper\u00e4inen <a href=\"https:\/\/derilatyyny.fi\/\" target=\"_blank\" rel=\"noopener\"><strong>Derila-tyyny<\/strong><\/a> on saatavilla vain virallisilla verkkosivuilla.<\/li>\n<\/ul>\n<\/div><\/div>\n<p>&nbsp;<\/p>\n<h2>Kenelle Derila sopii?<\/h2>\n<p>T\u00e4m\u00e4 kysymys on tarpeeton. Toisin kuin useimmat muut ergonomiset niskatyynyt, Derila sopii mihin tahansa nukkuma-asentoon. Siksi se soveltuu erotuksetta kaikille nukkumatyypeille. T\u00e4m\u00e4 johtuu sen nerokkaasta suunnittelusta ja rakenteesta. Se on kehitetty viimeisimpien ergonomian tutkimustulosten perusteella.<\/p>\n<p>Mik\u00e4\u00e4n muu markkinoilla oleva tyyny ei sovellu yht\u00e4 hyvin kaikkiin nukkumisasentoihin. Ei ole mahdotonta l\u00f6yt\u00e4\u00e4 optimaalista muotoilua kaikentyyppisille nukkujille. Sinun on vain selvitett\u00e4v\u00e4, mit\u00e4 ominaisuuksia tietyn tyyppinen nukkuja tarvitsee, jotta h\u00e4n voi tukea mukavasti p\u00e4\u00e4t\u00e4\u00e4n, niskaansa ja selk\u00e4rankaansa ja samalla lievitt\u00e4\u00e4 rasitusta. Loppujen lopuksi havaitaan, ett\u00e4 n\u00e4m\u00e4 ehdot voidaan toteuttaa yhdell\u00e4 tyynyll\u00e4.<\/p>\n<p>Derila-unityyny takaa optimaalisen unenlaadun kaikissa tilanteissa ja kaikissa nukkumisasennoissa. Se sopii jokaiselle aikuiselle nerokkaan muotonsa ansiosta.<\/p>\n<p><a href=\"https:\/\/www.eco-innovation.eu\/go\/derila-fi\" target=\"_blank\" rel=\"nofollow noopener\"><img loading=\"lazy\" decoding=\"async\" class=\"aligncenter size-full wp-image-1241\" src=\"https:\/\/www.eco-innovation.eu\/wp-content\/uploads\/2022\/08\/Derila-Test-Review.jpg\" alt=\"Derila Test Review\" width=\"520\" height=\"520\" srcset=\"https:\/\/www.eco-innovation.eu\/wp-content\/uploads\/2022\/08\/Derila-Test-Review.jpg 520w, https:\/\/www.eco-innovation.eu\/wp-content\/uploads\/2022\/08\/Derila-Test-Review-300x300.jpg 300w, https:\/\/www.eco-innovation.eu\/wp-content\/uploads\/2022\/08\/Derila-Test-Review-150x150.jpg 150w\" sizes=\"auto, (max-width: 520px) 100vw, 520px\" \/><\/a><\/p>\n<h2>Mitk\u00e4 ovat Derila Memory Foam -tyynyn edut?<\/h2>\n<p>Derila-tyynyn suurin etu on, ett\u00e4 se parantaa unen laatua ja syvyytt\u00e4. Etu numero kaksi on kivuttomuus ja j\u00e4nnittyneisyys. Tyynyn ergonominen muotoilu takaa t\u00e4m\u00e4n. Se eroaa muiden ergonomisten tyynyjen ulkon\u00e4\u00f6st\u00e4. N\u00e4ill\u00e4 on yleens\u00e4 enemm\u00e4n tai v\u00e4hemm\u00e4n voimakas aaltomuoto. Jotkut tyynyt kutsuvat itse\u00e4\u00e4n ergonomisiksi. Ne ovat kuitenkin t\u00e4ysin litteit\u00e4. T\u00e4ss\u00e4 tapauksessa ergonominen nimitys on tuskin ymm\u00e4rrett\u00e4viss\u00e4.<\/p>\n<p>Derila-muistivaahtotyynyss\u00e4 on my\u00f6s tunnistettava aaltomuoto. T\u00e4ss\u00e4 soittimessa on kuitenkin litte\u00e4 ontto kaula. Siin\u00e4 on my\u00f6s anatomiaan mukautetut leikkaukset hartioita varten. Tuloksena on hieman erilainen muoto, joka on l\u00e4hemp\u00e4n\u00e4 ihmisen anatomiaa. Derila-tyynyn tunnistaa aina n\u00e4ist\u00e4 harkituista yksityiskohdista. Derila-tyynyn muoto on suunniteltu niin, ett\u00e4 voit ottaa sen helposti mukaan matkatavaroihin.<\/p>\n<p>Tiedet\u00e4\u00e4n hyvin, ett\u00e4 hotelleissa, majataloissa ja lomahuoneissa ei ole koskaan hyvi\u00e4 tyynyj\u00e4. Huono unenlaatu ja jatkuva j\u00e4nnitys voivat todella pilata lomasi &#8211; mutta Derila-tyyny tekee siit\u00e4 lopun. I\u00e4kk\u00e4\u00e4n\u00e4 sinulla on enemm\u00e4n mukavuutta. Lis\u00e4ksi toivot, ettet olisi luopunut hankkiutumasta eroon ep\u00e4mukavista tyynyist\u00e4 nuorempana.<\/p>\n<h2>Miten se on rakennettu?<\/h2>\n<p>Derila-tyyny koostuu kolmesta kerroksesta: muistivaahtomuovisesta sis\u00e4kerroksesta, jonka p\u00e4\u00e4ll\u00e4 on ohut, mutta miellytt\u00e4v\u00e4n pehme\u00e4 ja tukevasti ommeltu p\u00e4\u00e4llyskerros. Tyynyn ulkokerroksessa on irrotettava p\u00e4\u00e4llinen, joka on pest\u00e4v\u00e4. Voit yksinkertaisesti pest\u00e4 t\u00e4m\u00e4n suojuksen pesukoneessa. Ensiluokkainen joustava vaahtomuovi, joka tunnetaan my\u00f6s nimell\u00e4 memory foam, tarjoaa joustavan mukautuvuuden. Se palaa aina alkuper\u00e4iseen muotoonsa. T\u00e4m\u00e4n ansiosta se tarjoaa riitt\u00e4v\u00e4n syv\u00e4n uppoamissyvyyden, mutta my\u00f6s riitt\u00e4v\u00e4n tuen.<\/p>\n<h2>Erityisominaisuudet<\/h2>\n<p>Derilassa on irrotettava p\u00e4\u00e4llinen, joka voidaan pest\u00e4 pesukoneessa. N\u00e4in ei ole kaikissa ergonomisissa tyynyiss\u00e4. Tavalliset tyynyt on t\u00e4ytetty h\u00f6yhenill\u00e4, untuvilla tai kapokkikuiduilla. Jotkut sis\u00e4lt\u00e4v\u00e4t tattarikuoria. N\u00e4m\u00e4 tyynyt ovat erityisen ep\u00e4mukavia. Lis\u00e4ksi kuoret p\u00f6ly\u00e4v\u00e4t jonkin ajan kuluttua.<\/p>\n<p>Derila-tyynyn ydin on valmistettu joustavasta, mukautuvasta muistivaahdosta: vaahtomuovista, jolla on suuri joustavuus ja kimmoisuus. Muistivaahto muotoutuu paineen alaisena. Se antaa niin paljon kuin tarvitset, mutta tukee silti sinua. Kun nouset yl\u00f6s tai k\u00e4\u00e4nnyt ymp\u00e4ri nukkuessasi, se palautuu alkuper\u00e4iseen muotoonsa muutamassa sekunnissa. Se &#8221;muistaa&#8221; t\u00e4m\u00e4n muodon &#8211; pysyv\u00e4sti.<\/p>\n<h2>Amazon?<\/h2>\n<p><strong>Voinko ostaa Derila-tyynyn Amazonista?<\/strong><\/p>\n<p>Ei, sit\u00e4 ei voi ostaa sielt\u00e4.<\/p>\n<h2>Derila hinta<\/h2>\n<p>T\u00e4m\u00e4n vaahtomuovin etuna on, ett\u00e4 se mukautuu yh\u00e4 uudelleen yksil\u00f6llisiin tarpeisiisi, asentoosi ja anatomiaasi. Yhdess\u00e4 Derila-tyynyn ergonomisesti ja anatomisesti oikean muodon kanssa tuloksena on ly\u00f6m\u00e4tt\u00f6m\u00e4n mukava niskatuki nukkumiseen. Voit t\u00e4ll\u00e4 hetkell\u00e4 saada t\u00e4m\u00e4n tyynyn upeaan 39,95 euroon 50 prosentin alennuksella hinnasta. T\u00e4m\u00e4 on kuitenkin voimassa vain lyhyen aikaa. Sen j\u00e4lkeen Derila-muistivaahtotyyny maksaa j\u00e4lleen 79,90 euroa.<\/p>\n<div class=\"sue-section\" data-url=\"\" data-target=\"blank\" style=\"margin:0px 0px 0px 0px;border-top:1px solid #cccccc;border-bottom:1px solid #cccccc\"><div class=\"sue-section-background\" style=\"background-color:#f8f8f8;background-position:left top;\"><\/div><div class=\"sue-section-content sue-content-wrap\" style=\"padding:30px 0px 30px 0px;max-width:960px;text-align:left;color:#333333;text-shadow:0px 1px 10px #ffffffff\">]\n<h2>Derilan arvostelut, Omd\u00f6me, suosittelut ja arviot<\/h2>\n<div class=\"su-list\" style=\"margin-left:0px\">\n<ul>\n<li><i class=\"sui sui-users\" style=\"color:#113116\"><\/i> K\u00e4ytt\u00e4jien kysymykset ja kommentit ovat joskus hyvin mielenkiintoisia. Joku esimerkiksi kysyi valmistajalta, voisiko Derila-tyyny\u00e4 k\u00e4ytt\u00e4\u00e4 istumaty\u00f6ss\u00e4 ja huonossa asennossa. Valmistajan tiimin vastaus kuuluu: Jos istut p\u00e4ivisin tuntikausia toimistop\u00f6yd\u00e4n \u00e4\u00e4ress\u00e4 hankalassa asennossa, tarvitset sit\u00e4kin enemm\u00e4n y\u00f6ll\u00e4 tyyny\u00e4, joka kevent\u00e4\u00e4 niskan ja selk\u00e4rangan toimintaa ja venytt\u00e4\u00e4 v\u00e4lilevyt takaisin kivuttomaan asentoon.<br \/>\nValmistaja vastasi: &#8221;Parhaat asiantuntijat ovat kehitt\u00e4neet Derilan, joka tukee t\u00e4ydellisesti p\u00e4\u00e4t\u00e4 ja hartioita y\u00f6ll\u00e4. Vaikka sinulla olisi fyysisesti vaativa ty\u00f6 tai orjuuttaisit n\u00e4yt\u00f6n edess\u00e4 koko p\u00e4iv\u00e4n, Derila voi antaa sinulle t\u00e4ydellisen levon y\u00f6n aikana.&#8221; T\u00e4m\u00e4 puolestaan auttaa p\u00e4\u00e4sem\u00e4\u00e4n eroon niskan, hartioiden ja sel\u00e4n tavanomaisesta kivusta. Eik\u00f6 olekin h\u00e4mm\u00e4stytt\u00e4v\u00e4\u00e4, mihin kiputilaan voi tottua vuosien mittaan. Kerron teille, ett\u00e4 tavanomainen kiputasonne ei suinkaan ole muuttumaton.<\/li>\n<li><i class=\"sui sui-users\" style=\"color:#113116\"><\/i> Er\u00e4s Sienna-niminen ostaja kertoi: &#8221;Minulla oli ennen vaikeuksia nukahtaa. Py\u00f6rin ja k\u00e4\u00e4ntelin tuntikausia ja her\u00e4sin niin kovasta niskakivusta, ett\u00e4 el\u00e4m\u00e4nlaatuni k\u00e4rsi. Kokeilin niin monia erilaisia l\u00e4\u00e4kkeit\u00e4, patjoja ja tyynyj\u00e4. Mik\u00e4\u00e4n ei tuntunut toimivan. Kunnes l\u00f6ysin Derilan. Ensimm\u00e4isen y\u00f6n j\u00e4lkeen her\u00e4sin ja tunsin valtavan eron. Se oli uskomatonta. Sen j\u00e4lkeen minulla ei ole ollut mit\u00e4\u00e4n ep\u00e4mukavuutta tai kipua niskassani.&#8221;<\/li>\n<li><i class=\"sui sui-users\" style=\"color:#113116\"><\/i> Paul sanoo: &#8221;Voit itse asiassa lev\u00e4t\u00e4 koko y\u00f6n eri nukkuma-asennoissa ilman tavallista niskan tukkeutumista, hartiakipua tai yl\u00e4sel\u00e4n ep\u00e4mukavuutta. Muistatko, milt\u00e4 tuntuu her\u00e4t\u00e4 aamulla kivuttomana? Jos ei, kannattaa kokeilla Derila-tyyny\u00e4. Saatat juuri kokea sinisen ihmeesi. Loppujen lopuksi sininen on muistivaahtoydin, joka sai sen tuntumaan silt\u00e4.&#8221;<\/li>\n<\/ul>\n<\/div>\n<\/div><\/div>\n<h2>Derila Memory Foam Tyynyt ostaa halvalla verkossa (alennettu hinta).<\/h2>\n<p><strong>Jos ostat useita tyynyj\u00e4 kerralla erikoishintaan, se tulee viel\u00e4 halvemmaksi. Pikakuljetus Suomessa.<\/strong><\/p>\n<a href=\"https:\/\/www.eco-innovation.eu\/go\/derila-fi\" class=\"su-button su-button-style-soft\" style=\"color:#FFFFFF;background-color:#fb5a00;border-color:#c94800;border-radius:9px;-moz-border-radius:9px;-webkit-border-radius:9px\" target=\"_blank\" rel=\"nofollow\"><span style=\"color:#FFFFFF;padding:8px 24px;font-size:18px;line-height:27px;border-color:#fd8c4d;border-radius:9px;-moz-border-radius:9px;-webkit-border-radius:9px;text-shadow:none;-moz-text-shadow:none;-webkit-text-shadow:none\"><i class=\"sui sui-check-circle\" style=\"font-size:18px;color:#FFFFFF\"><\/i> Tilaa Derila suoraan valmistajalta<br \/>\n(Jopa -50%:n hinnanalennus)<\/span><\/a>\n","protected":false},"excerpt":{"rendered":"<p>Derila-tyyny on ergonomisesti muotoiltu tyyny, jolla on suuri palautusvoima. Se mukautuu mihin tahansa nukkuma-asentoon muistivaahtoytimen ansiosta. Erityinen vaahtomuovisyd\u00e4n palautuu vanhaan muotoonsa jokaisen uudelleenasennuksen j\u00e4lkeen. Kaikenlaiset nukkujat saavat siis todellista tukea niskalleen ja voivat samalla kevent\u00e4\u00e4 selk\u00e4rankaansa. Derilan kanssa t\u00e4m\u00e4 todella toimii kaikissa nukkuma-asennoissa. N\u00e4in suuri mukautuvuus tyynyss\u00e4 on harvinaisuus. &nbsp; &nbsp; &nbsp; &nbsp; Derilan tyynyn &#8230; <a title=\"Derila Tyyny Memory Foam Pillow Kokemuksia, Omd\u00f6me &#038; Review &#8211; Suomi\" class=\"read-more\" href=\"https:\/\/www.eco-innovation.eu\/fi\/derila\/\" aria-label=\"Lis\u00e4\u00e4 Derila Tyyny Memory Foam Pillow Kokemuksia, Omd\u00f6me &#038; Review &#8211; Suomi\">Lue lis\u00e4\u00e4<\/a><\/p>\n","protected":false},"author":1,"featured_media":0,"parent":0,"menu_order":0,"comment_status":"closed","ping_status":"closed","template":"","meta":{"footnotes":""},"class_list":["post-1243","page","type-page","status-publish"],"_links":{"self":[{"href":"https:\/\/www.eco-innovation.eu\/fi\/wp-json\/wp\/v2\/pages\/1243","targetHints":{"allow":["GET"]}}],"collection":[{"href":"https:\/\/www.eco-innovation.eu\/fi\/wp-json\/wp\/v2\/pages"}],"about":[{"href":"https:\/\/www.eco-innovation.eu\/fi\/wp-json\/wp\/v2\/types\/page"}],"author":[{"embeddable":true,"href":"https:\/\/www.eco-innovation.eu\/fi\/wp-json\/wp\/v2\/users\/1"}],"replies":[{"embeddable":true,"href":"https:\/\/www.eco-innovation.eu\/fi\/wp-json\/wp\/v2\/comments?post=1243"}],"version-history":[{"count":5,"href":"https:\/\/www.eco-innovation.eu\/fi\/wp-json\/wp\/v2\/pages\/1243\/revisions"}],"predecessor-version":[{"id":2010,"href":"https:\/\/www.eco-innovation.eu\/fi\/wp-json\/wp\/v2\/pages\/1243\/revisions\/2010"}],"wp:attachment":[{"href":"https:\/\/www.eco-innovation.eu\/fi\/wp-json\/wp\/v2\/media?parent=1243"}],"curies":[{"name":"wp","href":"https:\/\/api.w.org\/{rel}","templated":true}]}}