{"id":995,"date":"2022-08-25T15:07:41","date_gmt":"2022-08-25T15:07:41","guid":{"rendered":"https:\/\/www.eco-innovation.eu\/?page_id=995"},"modified":"2022-08-25T15:12:54","modified_gmt":"2022-08-25T15:12:54","slug":"derila","status":"publish","type":"page","link":"https:\/\/www.eco-innovation.eu\/es\/derila\/","title":{"rendered":"Derila almohada Memory Foam Opiniones, Precio &#038; Review Espa\u00f1a"},"content":{"rendered":"<p><img loading=\"lazy\" decoding=\"async\" class=\"aligncenter size-full wp-image-958\" src=\"https:\/\/www.eco-innovation.eu\/wp-content\/uploads\/2022\/08\/derila.jpg\" alt=\"Derila\" width=\"610\" height=\"545\" srcset=\"https:\/\/www.eco-innovation.eu\/wp-content\/uploads\/2022\/08\/derila.jpg 610w, https:\/\/www.eco-innovation.eu\/wp-content\/uploads\/2022\/08\/derila-300x268.jpg 300w\" sizes=\"auto, (max-width: 610px) 100vw, 610px\" \/><strong>La almohada Derila es una almohada de forma ergon\u00f3mica con un alto poder de recuperaci\u00f3n. Se adapta a cualquier posici\u00f3n para dormir gracias al n\u00facleo de espuma con memoria. El n\u00facleo de espuma especial vuelve a su forma anterior despu\u00e9s de cada reposicionamiento. As\u00ed, todos los tipos de durmientes tienen un apoyo real para su cuello y al mismo tiempo alivian su columna vertebral. Con Derila, esto realmente funciona en todas las posiciones para dormir. Tanta adaptabilidad en una almohada tiene valor de rareza.<\/strong><\/p>\n<div class=\"sue-section\" data-url=\"\" data-target=\"blank\" style=\"margin:0px 0px 0px 0px;border-top:1px solid #cccccc;border-bottom:1px solid #cccccc\"><div class=\"sue-section-background\" style=\"background-color:#f8f8f8;background-position:left top;\"><\/div><div class=\"sue-section-content sue-content-wrap\" style=\"padding:30px 0px 30px 0px;max-width:960px;text-align:left;color:#333333;text-shadow:0px 1px 10px #ffffff\">\n<h2>Prueba y evaluaci\u00f3n de la almohada Derila<\/h2>\n<div class=\"su-list\" style=\"margin-left:0px\">\n<ul>\n<li><i class=\"sui sui-check\" style=\"color:#113116\"><\/i> <strong>Forma egon\u00f3mica para un sue\u00f1o reparador<\/strong><br \/>\nSu forma ergon\u00f3mica se adapta perfectamente a los contornos de la cabeza y el cuello gracias a la espuma especial. De este modo, favorece la postura natural de todo el cuerpo.<\/li>\n<li><i class=\"sui sui-check\" style=\"color:#113116\"><\/i> <strong>Adecuado para todas las posiciones para dormir<\/strong><br \/>\nEl dise\u00f1o es ideal para los que duermen boca abajo, de lado o de espaldas. Gracias a la espuma con memoria de alta calidad, se adapta a la forma de su cabeza y cuello en cualquier posici\u00f3n. Si se reduce la presi\u00f3n, la espuma se estira lentamente hasta recuperar su forma original.<\/li>\n<li><i class=\"sui sui-check\" style=\"color:#113116\"><\/i> <strong>Apto para la lavadora y no t\u00f3xico<\/strong><br \/>\nEl paquete incluye una funda de almohada intercambiable. Se puede lavar f\u00e1cilmente en la lavadora y est\u00e1 libre de toxinas.<\/li>\n<li><i class=\"sui sui-check\" style=\"color:#113116\"><\/i> <strong>Buena relaci\u00f3n calidad-precio<\/strong><br \/>\nLa almohada Derila es significativamente m\u00e1s barata que otros productos similares del mercado.<\/li>\n<li><i class=\"sui sui-check\" style=\"color:#113116\"><\/i> <strong>Calidad extrema<\/strong><br \/>\nGracias a su buena elaboraci\u00f3n, la almohada es muy duradera<\/li>\n<li><i class=\"sui sui-check\" style=\"color:#113116\"><\/i> <strong>Disponible a un precio reducido por poco tiempo<\/strong><br \/>\nHasta un 50 % de descuento<\/li>\n<\/ul>\n<p><big><strong>Nuestra valoraci\u00f3n: <span style=\"color: #008000;\">MUY BUENA<\/span> (\u2b50\u2b50\u2b50\u2b50\u2b50 4,9 de 5 estrellas)<\/strong><\/big><br \/>\n<\/div>\n<h2>Comprar coj\u00edn Derila<\/h2>\n<a href=\"https:\/\/www.eco-innovation.eu\/go\/derila-es\" class=\"su-button su-button-style-soft\" style=\"color:#FFFFFF;background-color:#fb5a00;border-color:#c94800;border-radius:9px;-moz-border-radius:9px;-webkit-border-radius:9px\" target=\"_blank\" rel=\"nofollow\"><span style=\"color:#FFFFFF;padding:8px 24px;font-size:18px;line-height:27px;border-color:#fd8c4d;border-radius:9px;-moz-border-radius:9px;-webkit-border-radius:9px;text-shadow:none;-moz-text-shadow:none;-webkit-text-shadow:none\"><i class=\"sui sui-check-circle\" style=\"font-size:18px;color:#FFFFFF\"><\/i> Pida Derila directamente al fabricante (Hasta -50% de reducci\u00f3n de precio)<\/span><\/a>\n<p>&nbsp;<\/p>\n<h2>Precios<\/h2>\n<p><strong>Costes y precios de Derila<\/strong><\/p>\n<div class=\"su-list\" style=\"margin-left:0px\">\n<ul>\n<li><i class=\"sui sui-caret-right\" style=\"color:#113116\"><\/i> 1 coj\u00edn Derila por 39,95 euros<\/li>\n<li><i class=\"sui sui-caret-right\" style=\"color:#113116\"><\/i> 2 cojines Derila por 69,96 \u20ac.<\/li>\n<li><i class=\"sui sui-caret-right\" style=\"color:#113116\"><\/i> 3 cojines Derila por 89,94 euros<\/li>\n<li><i class=\"sui sui-caret-right\" style=\"color:#113116\"><\/i> 4 cojines Derila por 99,96 \u20ac (mayor descuento)<\/li>\n<\/ul>\n<\/div>\n<\/div><\/div>\n<p>&nbsp;<\/p>\n\n<p><a href=\"https:\/\/www.eco-innovation.eu\/go\/derila-es\" target=\"_blank\" rel=\"nofollow noopener\"><img loading=\"lazy\" decoding=\"async\" class=\"aligncenter size-full wp-image-968\" src=\"https:\/\/www.eco-innovation.eu\/wp-content\/uploads\/2022\/08\/Derila-Memory-Foam-Pillow.jpg\" alt=\"Derila Memory Foam Pillow\" width=\"610\" height=\"418\" srcset=\"https:\/\/www.eco-innovation.eu\/wp-content\/uploads\/2022\/08\/Derila-Memory-Foam-Pillow.jpg 610w, https:\/\/www.eco-innovation.eu\/wp-content\/uploads\/2022\/08\/Derila-Memory-Foam-Pillow-300x206.jpg 300w\" sizes=\"auto, (max-width: 610px) 100vw, 610px\" \/><\/a><\/p>\n<h2>Almohada Derila Opiniones y experiencias<\/h2>\n<p>Mientras que con las almohadas convencionales se puede optar por tumbarse demasiado plano o con la cabeza de alguna manera cuesta arriba, con la almohada Derila la cabeza se apoya de tal manera que los m\u00fasculos del cuello no pueden tensarse. La forma ergon\u00f3mica de la almohada apoya y alivia el cuello. Al mismo tiempo, la parte superior de la columna vertebral no se tuerce, ni se estira ni se comprime, sino que se alivia. As\u00ed se evitan las molestias en los hombros, los brazos que se duermen y la tensi\u00f3n dolorosa en la parte superior de la espalda.<\/p>\n<p>El sue\u00f1o debe ser reparador para todo el organismo. Sin embargo, en muchos casos no es suficiente. Muchas personas se llevan la ira y el estr\u00e9s al dormitorio. El colch\u00f3n es demasiado firme, demasiado blando o ya est\u00e1 bastante desgastado. La posici\u00f3n de la cabeza es sub\u00f3ptima. La almohada para dormir no sostiene el cuello y la cabeza en absoluto, o lo hace en lugares equivocados. \u00bfC\u00f3mo puedes querer recuperarte de esto? Con la almohada Derila Memory Foam, usted da el primer paso hacia un sue\u00f1o mejor y m\u00e1s profundo. Y lo que es m\u00e1s importante, se despierta de nuevo sin dolor, bloqueos ni tensiones.<\/p>\n<p>Cuanto m\u00e1s envejece una persona, m\u00e1s se instala el dolor por s\u00ed mismo. Como persona sabia, uno debe ahorrarse el dolor que se puede prevenir. La almohada Derila est\u00e1 fabricada con materiales libres de contaminantes y de alta calidad. La espuma viscoel\u00e1stica proporciona una gran fuerza de recuperaci\u00f3n. Debido a sus propiedades especiales, tiene suficiente adaptabilidad a diferentes posiciones para dormir. La funda exterior de la almohada Derila es extra\u00edble. Se puede lavar tan a menudo como se quiera.<\/p>\n<p>Tal vez con la almohada cervical Derila experimente por primera vez la experiencia de dormir profunda y profundamente como un beb\u00e9. Sin embargo, puede que le cueste unos d\u00edas acostumbrarse a la nueva forma de la almohada. Aunque su cuerpo se haya visto obligado a acostumbrarse a la antigua almohada cervical y ahora se queje, seguro que pronto se acostumbrar\u00e1 a la posici\u00f3n ergon\u00f3mica. La recompensa del esfuerzo es que los habituales dolores de tensi\u00f3n desaparecen gradualmente. Recuerda: pasas un tercio de tu vida durmiendo en la cama.<\/p>\n<p>En tus a\u00f1os de juventud, puedes permitirte pecados como las almohadas equivocadas. Pero en los \u00faltimos a\u00f1os, aferrarse obstinadamente a lo que est\u00e1 acostumbrado le costar\u00e1 muchos medicamentos de broma. La espuma de la almohada Derila Memory Foam garantiza un sue\u00f1o confortable gracias a su adaptabilidad y flexibilidad, a la vez que proporciona apoyo, exactamente donde se necesita. Ser considerado con la propia anatom\u00eda humana es el comienzo de una amistad para toda la vida.<\/p>\n<p>&nbsp;<\/p>\n<div class=\"sue-icon-panel\" data-url=\"\" data-target=\"self\" style=\"background-color:#ffffff;color:#333333;border-radius:0px;-moz-border-radius:0px;-webkit-border-radius:0px;box-shadow:0px 1px 2px #eeeeee;-moz-box-shadow:0px 1px 2px #eeeeee;-webkit-box-shadow:0px 1px 2px #eeeeee;border:1px solid #cccccc\"><div class=\"sue-icon-panel-head\"><i class=\"sui sui-warning\" style=\"font-size:31px;color:#a40016\"><\/i><\/div><div class=\"sue-icon-panel-content sue-content-wrap\" style=\"text-align:center\">\n<h2>Falso y estafa<\/h2>\n<ul>\n<li>Cuidado con las ofertas falsas y estafadoras en plataformas como Amazon y Ebay.<\/li>\n<li>El coj\u00edn original de Derila s\u00f3lo est\u00e1 disponible en el sitio web oficial.<\/li>\n<\/ul>\n<\/div><\/div>\n<p>&nbsp;<\/p>\n<h2>\u00bfPara qui\u00e9n es adecuada Derila?<\/h2>\n<p>Esta pregunta es superflua. A diferencia de la mayor\u00eda de las almohadas cervicales ergon\u00f3micas, Derila es adecuada para cualquier posici\u00f3n de sue\u00f1o. Por lo tanto, es adecuado para todo tipo de durmientes sin distinci\u00f3n. Esto se debe a su ingenioso dise\u00f1o y construcci\u00f3n. Se ha desarrollado de acuerdo con los \u00faltimos descubrimientos ergon\u00f3micos.<\/p>\n<p>Ninguna otra almohada del mercado es igual de adecuada para todas las posiciones de sue\u00f1o. No es imposible encontrar el dise\u00f1o \u00f3ptimo para todo tipo de durmientes. S\u00f3lo hay que averiguar qu\u00e9 caracter\u00edsticas necesita un determinado tipo de durmiente para apoyar c\u00f3modamente su cabeza, su cuello y su columna vertebral al mismo tiempo que alivia la tensi\u00f3n. Al final, uno se encuentra con que estas condiciones se pueden aplicar en una sola almohada.<\/p>\n<p>La almohada para dormir Derila garantiza una calidad de sue\u00f1o \u00f3ptima en cualquier situaci\u00f3n y en cualquier posici\u00f3n para dormir. Es adecuado para cualquier adulto gracias a su ingeniosa forma.<\/p>\n<p><a href=\"https:\/\/www.eco-innovation.eu\/go\/derila-es\" target=\"_blank\" rel=\"nofollow noopener\"><img loading=\"lazy\" decoding=\"async\" class=\"aligncenter size-full wp-image-977\" src=\"https:\/\/www.eco-innovation.eu\/wp-content\/uploads\/2022\/08\/Derila-Test-Review.jpg\" alt=\"Derila Test Review\" width=\"520\" height=\"520\" srcset=\"https:\/\/www.eco-innovation.eu\/wp-content\/uploads\/2022\/08\/Derila-Test-Review.jpg 520w, https:\/\/www.eco-innovation.eu\/wp-content\/uploads\/2022\/08\/Derila-Test-Review-300x300.jpg 300w, https:\/\/www.eco-innovation.eu\/wp-content\/uploads\/2022\/08\/Derila-Test-Review-150x150.jpg 150w\" sizes=\"auto, (max-width: 520px) 100vw, 520px\" \/><\/a><\/p>\n<h2>\u00bfCu\u00e1les son las ventajas de la almohada Derila Memory Foam?<\/h2>\n<p>La mayor ventaja de la almohada Derila es que mejora la calidad y la profundidad del sue\u00f1o. La segunda ventaja es la ausencia de dolor y tensi\u00f3n. El dise\u00f1o ergon\u00f3mico de la almohada lo garantiza. Se diferencia del aspecto de otras almohadas ergon\u00f3micas. Suelen tener una forma de onda m\u00e1s o menos pronunciada. Algunas almohadas se autodenominan ergon\u00f3micas. Sin embargo, son completamente planas. En este caso, la denominaci\u00f3n de ergon\u00f3mico es dif\u00edcilmente comprensible.<\/p>\n<p>La almohada de espuma con memoria Derila tambi\u00e9n tiene una forma ondulada reconocible. Sin embargo, este tiene un hueco plano para el cuello. Tambi\u00e9n tiene recortes para los hombros que se adaptan a la anatom\u00eda. El resultado es una forma ligeramente diferente que se acerca m\u00e1s a la anatom\u00eda humana. Siempre se puede reconocer una almohada Derila por estos detalles bien pensados. El formato de la almohada Derila est\u00e1 dise\u00f1ado para que pueda llevarla f\u00e1cilmente en su equipaje.<\/p>\n<p>Es bien sabido que los hoteles, pensiones y habitaciones de vacaciones nunca tienen buenas almohadas. La mala calidad del sue\u00f1o y la tensi\u00f3n constante pueden estropear sus vacaciones, pero la almohada Derila pone fin a esto. Como persona mayor, te permites m\u00e1s comodidad. Es m\u00e1s, desear\u00edas no haber renunciado a deshacerte de las inc\u00f3modas almohadas cuando eras m\u00e1s joven.<\/p>\n<h2>\u00bfC\u00f3mo se construye?<\/h2>\n<p>La almohada Derila consta de tres capas: un n\u00facleo interior de espuma viscoel\u00e1stica, sobre el que se encuentra una capa de funda fina pero agradablemente suave y firmemente cosida. Como capa exterior, la almohada tiene una funda extra\u00edble y lavable. Esta funda se puede lavar simplemente en la lavadora. La espuma resistente de primera calidad, tambi\u00e9n conocida como espuma con memoria, proporciona una adaptabilidad flexible. Siempre vuelve a su forma original. Como resultado, proporciona una profundidad de hundimiento suficientemente c\u00f3moda, pero tambi\u00e9n un apoyo suficiente.<\/p>\n<h2>Caracter\u00edsticas especiales<\/h2>\n<p>Derila viene con una funda extra\u00edble que se puede lavar en la lavadora. Este no es el caso de todas las almohadas ergon\u00f3micas. Las almohadas normales est\u00e1n rellenas de plumas, plum\u00f3n o fibras de ceiba. Algunos contienen c\u00e1scaras de trigo sarraceno. Estas almohadas son especialmente inc\u00f3modas. Adem\u00e1s, las c\u00e1scaras se convierten en polvo despu\u00e9s de un tiempo.<\/p>\n<p>El n\u00facleo de la almohada Derila est\u00e1 hecho de espuma de memoria flexible y adaptable: una espuma con gran resiliencia y flexibilidad. La espuma con memoria se deforma bajo presi\u00f3n. Da todo lo que necesitas, pero sigue apoy\u00e1ndote. Cuando te levantas o te das la vuelta mientras duermes, vuelve a su forma original en cuesti\u00f3n de segundos. Recuerda esta forma de forma permanente.<\/p>\n<h2>\u00bfAmazon?<\/h2>\n<p>\u00bfPuedo comprar la almohada Derila en Amazon?<\/p>\n<p>No, no se puede comprar all\u00ed.<\/p>\n<h2>Precio de Derila<\/h2>\n<p>La ventaja de esta espuma es que se adapta una y otra vez a sus necesidades individuales, a su posici\u00f3n particular y a su anatom\u00eda. Junto con la forma ergon\u00f3mica y anat\u00f3mica de la almohada Derila, el resultado es un reposacabezas insuperablemente c\u00f3modo para dormir. <a href=\"https:\/\/www.eco-innovation.eu\/go\/derila-es\" target=\"_blank\" rel=\"nofollow noopener\"><strong>Actualmente puedes conseguir esta almohada por unos fabulosos 39,95 euros con un descuento del 50 por ciento sobre el precio<\/strong><\/a>. Sin embargo, esto s\u00f3lo es v\u00e1lido durante un corto periodo de tiempo. Despu\u00e9s, la Almohada de Espuma con Memoria Derila volver\u00e1 a costar 79,90 euros.<\/p>\n<div class=\"sue-section\" data-url=\"\" data-target=\"blank\" style=\"margin:0px 0px 0px 0px;border-top:1px solid #cccccc;border-bottom:1px solid #cccccc\"><div class=\"sue-section-background\" style=\"background-color:#f8f8f8;background-position:left top;\"><\/div><div class=\"sue-section-content sue-content-wrap\" style=\"padding:30px 0px 30px 0px;max-width:960px;text-align:left;color:#333333;text-shadow:0px 1px 10px #ffffff\">\n<h2>Rese\u00f1as, testimonios y valoraciones de Derila<\/h2>\n<div class=\"su-list\" style=\"margin-left:0px\">\n<ul>\n<li><i class=\"sui sui-users\" style=\"color:#113116\"><\/i> Las preguntas y comentarios de los usuarios son a veces muy interesantes. Por ejemplo, alguien pregunt\u00f3 al fabricante si la almohada Derila pod\u00eda utilizarse para trabajos sedentarios y malas posturas. La respuesta del equipo del fabricante fue: Si durante el d\u00eda te sientas en el escritorio de la oficina en una postura inc\u00f3moda, necesitas a\u00fan m\u00e1s una almohada por la noche que alivie el cuello y la columna vertebral y estire los discos intervertebrales hasta que no haya dolor.<br \/>\nEl fabricante respondi\u00f3: \u00abDerila ha sido desarrollado por los mejores especialistas para apoyar perfectamente la cabeza y los hombros durante la noche. Incluso si tiene un trabajo f\u00edsicamente exigente o se esclaviza frente a una pantalla todo el d\u00eda, Derila puede proporcionarle un descanso perfecto durante la noche\u00bb. Esto, a su vez, ayuda a deshacerse del dolor habitual en el cuello, los hombros y la espalda. Es incre\u00edble, \u00bfverdad?, a qu\u00e9 estado de dolor te puedes acostumbrar con los a\u00f1os. Perm\u00edtame decirle que su nivel de dolor habitual no es en absoluto inmutable.<\/li>\n<li><i class=\"sui sui-users\" style=\"color:#113116\"><\/i> Una compradora llamada Sienna dijo: \u00abAntes me costaba dormirme. Daba vueltas en la cama durante horas y me despertaba con un dolor de cuello tan intenso que mi calidad de vida se ve\u00eda afectada. Prob\u00e9 muchos remedios, colchones y almohadas diferentes. Nada parec\u00eda funcionar. Hasta que encontr\u00e9 a Derila. Despu\u00e9s de la primera noche me despert\u00e9 y sent\u00ed una gran diferencia. Fue incre\u00edble. Desde entonces no tengo ninguna molestia ni dolor en el cuello\u00bb.<\/li>\n<li><i class=\"sui sui-users\" style=\"color:#113116\"><\/i> Paul dice: \u00abRealmente puedes descansar toda la noche en diferentes posiciones para dormir sin el habitual bloqueo del cuello, el dolor de hombros o las molestias en la parte superior de la espalda. \u00bfRecuerda lo que se siente al levantarse por la ma\u00f1ana sin dolor? Si no es as\u00ed, quiz\u00e1 quieras probar la almohada Derila. Puede que experimentes tu milagro azul. Al fin y al cabo, el azul es el n\u00facleo de espuma con memoria que hizo que se sintiera as\u00ed\u00bb.<\/li>\n<\/ul>\n<\/div>\n<\/div><\/div>\n<p>&nbsp;<\/p>\n<p>&nbsp;<\/p>\n<p>&nbsp;<\/p>\n<h2>Almohadas de espuma con memoria Derila comprar barato en l\u00ednea (Precio reducido).<\/h2>\n<p>Si compras varios cojines a la vez al precio especial, te saldr\u00e1 a\u00fan m\u00e1s barato. Env\u00edo urgente en Alemania, Austria y Suiza.<\/p>\n<a href=\"https:\/\/www.eco-innovation.eu\/go\/derila-es\" class=\"su-button su-button-style-soft\" style=\"color:#FFFFFF;background-color:#fb5a00;border-color:#c94800;border-radius:9px;-moz-border-radius:9px;-webkit-border-radius:9px\" target=\"_blank\" rel=\"nofollow\"><span style=\"color:#FFFFFF;padding:8px 24px;font-size:18px;line-height:27px;border-color:#fd8c4d;border-radius:9px;-moz-border-radius:9px;-webkit-border-radius:9px;text-shadow:none;-moz-text-shadow:none;-webkit-text-shadow:none\"><i class=\"sui sui-check-circle\" style=\"font-size:18px;color:#FFFFFF\"><\/i> Pida Derila directamente al fabricante (Hasta -50% de reducci\u00f3n de precio)<\/span><\/a>\n","protected":false},"excerpt":{"rendered":"<p>La almohada Derila es una almohada de forma ergon\u00f3mica con un alto poder de recuperaci\u00f3n. Se adapta a cualquier posici\u00f3n para dormir gracias al n\u00facleo de espuma con memoria. El n\u00facleo de espuma especial vuelve a su forma anterior despu\u00e9s de cada reposicionamiento. As\u00ed, todos los tipos de durmientes tienen un apoyo real para su &#8230; <a title=\"Derila almohada Memory Foam Opiniones, Precio &#038; Review Espa\u00f1a\" class=\"read-more\" href=\"https:\/\/www.eco-innovation.eu\/es\/derila\/\" aria-label=\"M\u00e1s en Derila almohada Memory Foam Opiniones, Precio &#038; Review Espa\u00f1a\">Leer m\u00e1s<\/a><\/p>\n","protected":false},"author":1,"featured_media":0,"parent":0,"menu_order":0,"comment_status":"closed","ping_status":"closed","template":"","meta":{"footnotes":""},"class_list":["post-995","page","type-page","status-publish"],"_links":{"self":[{"href":"https:\/\/www.eco-innovation.eu\/es\/wp-json\/wp\/v2\/pages\/995","targetHints":{"allow":["GET"]}}],"collection":[{"href":"https:\/\/www.eco-innovation.eu\/es\/wp-json\/wp\/v2\/pages"}],"about":[{"href":"https:\/\/www.eco-innovation.eu\/es\/wp-json\/wp\/v2\/types\/page"}],"author":[{"embeddable":true,"href":"https:\/\/www.eco-innovation.eu\/es\/wp-json\/wp\/v2\/users\/1"}],"replies":[{"embeddable":true,"href":"https:\/\/www.eco-innovation.eu\/es\/wp-json\/wp\/v2\/comments?post=995"}],"version-history":[{"count":5,"href":"https:\/\/www.eco-innovation.eu\/es\/wp-json\/wp\/v2\/pages\/995\/revisions"}],"predecessor-version":[{"id":1000,"href":"https:\/\/www.eco-innovation.eu\/es\/wp-json\/wp\/v2\/pages\/995\/revisions\/1000"}],"wp:attachment":[{"href":"https:\/\/www.eco-innovation.eu\/es\/wp-json\/wp\/v2\/media?parent=995"}],"curies":[{"name":"wp","href":"https:\/\/api.w.org\/{rel}","templated":true}]}}