{"id":920,"date":"2022-08-02T15:17:58","date_gmt":"2022-08-02T15:17:58","guid":{"rendered":"https:\/\/www.eco-innovation.eu\/?page_id=920"},"modified":"2022-08-02T15:20:09","modified_gmt":"2022-08-02T15:20:09","slug":"prima","status":"publish","type":"page","link":"https:\/\/www.eco-innovation.eu\/es\/prima\/","title":{"rendered":"Comprar Prima c\u00e1psulas  &#8211; Opiniones, Precio &#8211; P\u00e9rdida de peso"},"content":{"rendered":"<p><img loading=\"lazy\" decoding=\"async\" class=\"aligncenter size-full wp-image-437\" src=\"https:\/\/www.eco-innovation.eu\/wp-content\/uploads\/2022\/06\/Prima-Kapseln.jpg\" alt=\"Prima Capsulas\" width=\"600\" height=\"408\" srcset=\"https:\/\/www.eco-innovation.eu\/wp-content\/uploads\/2022\/06\/Prima-Kapseln.jpg 600w, https:\/\/www.eco-innovation.eu\/wp-content\/uploads\/2022\/06\/Prima-Kapseln-300x204.jpg 300w\" sizes=\"auto, (max-width: 600px) 100vw, 600px\" \/><\/p>\n<p><strong>Millones de personas en Europa sufren de obesidad y desean pesar menos pronto. Pero las dietas fallan y el ejercicio hace que la gente tenga a\u00fan m\u00e1s hambre. En este caso, se promete una ayuda sin complicaciones y un \u00e9xito r\u00e1pido mediante suplementos diet\u00e9ticos especiales que suprimen el apetito y estimulan el metabolismo. Las c\u00e1psulas Prima son uno de estos productos, que ahora examinaremos con m\u00e1s detalle.<\/strong><\/p>\n<div class=\"sue-section\" data-url=\"\" data-target=\"blank\" style=\"margin:0px 0px 0px 0px;border-top:1px solid #cccccc;border-bottom:1px solid #cccccc\"><div class=\"sue-section-background\" style=\"background-color:#f8f8f8;background-position:left top;\"><\/div><div class=\"sue-section-content sue-content-wrap\" style=\"padding:30px 0px 30px 0px;max-width:960px;text-align:left;color:#333333;text-shadow:0px 1px 10px #ffffff\">\n<h2>Revisi\u00f3n y prueba de las c\u00e1psulas Prima<\/h2>\n<div class=\"su-list\" style=\"margin-left:0px\">\n<ul>\n<li><i class=\"sui sui-caret-right\" style=\"color:#FE9408\"><\/i> <strong>Posibles efectos<\/strong>\n<ul>\n<li><i class=\"sui sui-caret-right\" style=\"color:#FE9408\"><\/i> Disminuye la sensaci\u00f3n de hambre y reduce los ataques de antojos<\/li>\n<li><i class=\"sui sui-caret-right\" style=\"color:#FE9408\"><\/i> Quema la grasa del cuerpo y, por tanto, reduce el porcentaje de grasa corporal<\/li>\n<li><i class=\"sui sui-caret-right\" style=\"color:#FE9408\"><\/i> Mejora el estado de \u00e1nimo<\/li>\n<li><i class=\"sui sui-caret-right\" style=\"color:#FE9408\"><\/i> Proporciona m\u00e1s energ\u00eda en el cuerpo humano<\/li>\n<\/ul>\n<\/li>\n<li><i class=\"sui sui-caret-right\" style=\"color:#FE9408\"><\/i> Apto para hombres y mujeres<\/li>\n<li><i class=\"sui sui-caret-right\" style=\"color:#FE9408\"><\/i> <strong>Disponible por poco tiempo con un 46% de descuento<\/strong><\/li>\n<li><i class=\"sui sui-caret-right\" style=\"color:#FE9408\"><\/i> Muy buenos testimonios en el foro<\/li>\n<li><i class=\"sui sui-caret-right\" style=\"color:#FE9408\"><\/i> Disponible sin receta m\u00e9dica<\/li>\n<li><i class=\"sui sui-caret-right\" style=\"color:#FE9408\"><\/i> Producto serio, sin falsificaciones<\/li>\n<li><i class=\"sui sui-caret-right\" style=\"color:#FE9408\"><\/i> Entrega expr\u00e9s gratuita<\/li>\n<\/ul>\n<\/div>\n<h2>Comprar c\u00e1psulas Prima en la farmacia<\/h2>\n<p><strong>Vaya directamente a la farmacia oficial de Prima:<\/strong><\/p>\n<div class=\"su-button-center\"><a href=\"https:\/\/www.eco-innovation.eu\/go\/prima-es\" class=\"su-button su-button-style-3d\" style=\"color:#FFFFFF;background-color:#2D89EF;border-color:#246ec0;border-radius:9px;-moz-border-radius:9px;-webkit-border-radius:9px\" target=\"_blank\" rel=\"nofollow\"><span style=\"color:#FFFFFF;padding:0px 24px;font-size:18px;line-height:36px;border-color:#6cadf4;border-radius:9px;-moz-border-radius:9px;-webkit-border-radius:9px;text-shadow:none;-moz-text-shadow:none;-webkit-text-shadow:none\"> Compra c\u00e1psulas PRIMA y consigue un 46% de descuento<\/span><\/a><\/div>\n<\/div><\/div>\n<p>&nbsp;<\/p>\n\n<p>&nbsp;<\/p>\n<div class=\"sue-section\" data-url=\"\" data-target=\"blank\" style=\"margin:0px 0px 0px 0px;border-top:1px solid #cccccc;border-bottom:1px solid #cccccc\"><div class=\"sue-section-background\" style=\"background-color:#f8f8f8;background-position:left top;\"><\/div><div class=\"sue-section-content sue-content-wrap\" style=\"padding:30px 0px 30px 0px;max-width:960px;text-align:left;color:#333333;text-shadow:0px 1px 10px #ffffff\">\n<h2>\u00bfC\u00e1psulas Prima estafa?<\/h2>\n<div class=\"su-list\" style=\"margin-left:0px\">\n<ul>\n<li><i class=\"sui sui-caret-right\" style=\"color:#FE9408\"><\/i> Las pastillas originales para adelgazar Prima han pasado nuestro control de falsedad.<\/li>\n<li><i class=\"sui sui-caret-right\" style=\"color:#FE9408\"><\/i> Las c\u00e1psulas Prima no son una falsificaci\u00f3n.<\/li>\n<li><i class=\"sui sui-caret-right\" style=\"color:#FE9408\"><\/i> Es un producto diet\u00e9tico con ingredientes naturales que pueden ayudar a perder peso (ingredientes probados en estudios).<\/li>\n<\/ul>\n<\/div>\n<\/div><\/div>\n<p>&nbsp;<\/p>\n<p><a class=\"aligncenter size-full wp-image-443\" href=\"https:\/\/www.eco-innovation.eu\/go\/prima-es\" target=\"_blank\" rel=\"nofollow noopener\"><img loading=\"lazy\" decoding=\"async\" class=\"aligncenter size-full wp-image-443\" src=\"https:\/\/www.eco-innovation.eu\/wp-content\/uploads\/2022\/06\/prima.jpg\" alt=\"prima capsulas opiniones\" width=\"700\" height=\"357\" srcset=\"https:\/\/www.eco-innovation.eu\/wp-content\/uploads\/2022\/06\/prima.jpg 700w, https:\/\/www.eco-innovation.eu\/wp-content\/uploads\/2022\/06\/prima-300x153.jpg 300w\" sizes=\"auto, (max-width: 700px) 100vw, 700px\" \/><\/a><\/p>\n<p>&nbsp;<\/p>\n<h2>\u00bfQu\u00e9 son exactamente las c\u00e1psulas Prima y para qui\u00e9n son adecuadas?<\/h2>\n<p>Las c\u00e1psulas Prima son una ayuda para la p\u00e9rdida de peso. Seg\u00fan el fabricante, la f\u00f3rmula activa de las c\u00e1psulas fue dise\u00f1ada con expertos en ciencia, medicina y nutrici\u00f3n.<br \/>\nAfortunadamente, el equipo de Prima encontr\u00f3 una combinaci\u00f3n de ingredientes puramente naturales.<\/p>\n<p><strong>Se dice que:<\/strong><\/p>\n<ul>\n<li>Reduce significativamente el apetito.<\/li>\n<li>Estimular el proceso de quema de grasas del propio cuerpo.<\/li>\n<li>Restringir la ingesta de calor\u00edas directamente desde el intestino.<\/li>\n<\/ul>\n<p><strong>Esto hace que las c\u00e1psulas Prima sean un producto dirigido a todas las personas que<\/strong><\/p>\n<ul>\n<li>sufren de sobrepeso<\/li>\n<li>sufren de obesidad<\/li>\n<li>quieren mantener su peso bajo control.<\/li>\n<\/ul>\n<h2>Opiniones, experiencia y evaluaci\u00f3n de las c\u00e1psulas Prima<\/h2>\n<p>El tema de la obesidad ha cobrado mucha importancia en nuestra sociedad. Debido a nuestros h\u00e1bitos de vida modernos, el n\u00famero de personas cuyo peso corporal ha superado el nivel saludable est\u00e1 aumentando. Casi uno de cada dos ciudadanos tiene que lidiar con el sobrepeso.<\/p>\n<p>Pero, \u00bfcu\u00e1l es la raz\u00f3n de esto? Los expertos sospechan que, adem\u00e1s de nuestros h\u00e1bitos alimenticios modernos, aspectos como el estr\u00e9s, las condiciones de vida antinaturales, los cambios hormonales y la falta cr\u00f3nica de ejercicio son las razones de los problemas de exceso de kilos.<\/p>\n<p>El estr\u00e9s, los horarios de trabajo inusuales, la tensi\u00f3n emocional y la ansiedad social pueden contribuir a los desequilibrios hormonales y metab\u00f3licos. Hoy en d\u00eda, muchas personas apenas se toman el tiempo para comer, o comen porque se sienten vac\u00edas y solas por dentro.<\/p>\n<p>Un equilibrio hormonal confuso puede desequilibrar el metabolismo hasta tal punto que el hambre voraz y la sensaci\u00f3n constante de no estar nunca saciado se convierten en parte de la vida cotidiana.<\/p>\n<p>Si luego la gente ayuna, hace dietas duras o se esfuerza por deshacerse de su peso o controlarlo, el estr\u00e9s de perder peso puede echar m\u00e1s le\u00f1a al fuego.<\/p>\n<p>En lugar del \u00e9xito, se produce la frustraci\u00f3n y la lucha contra el propio cuerpo y sus antojos.<br \/>\nMuchos defensores de los suplementos para la p\u00e9rdida de peso como Prima saben que el cuerpo quema la grasa y suelta el peso mejor cuando est\u00e1 completamente relajado y c\u00f3modo. Si toma s\u00f3lo una o dos c\u00e1psulas al d\u00eda como complemento de su dieta habitual y equilibra as\u00ed su metabolismo, no se sentir\u00e1 estresado ni bajo presi\u00f3n.<\/p>\n<p><strong>La p\u00e9rdida de peso se produce de forma incidental y sin el temido efecto yo-yo.<\/strong><\/p>\n<p>Los expertos de Prima subrayan que no es necesario seguir una dieta adicional. El cambio en los h\u00e1bitos alimentarios suele producirse por s\u00ed solo en el transcurso del uso del preparado.<\/p>\n<p>Debido a los cambios en el metabolismo, el deseo de consumir grandes cantidades de carbohidratos y az\u00facar desaparecer\u00e1 lentamente. En cambio, el cuerpo puede informar de repente de un deseo de verduras y productos frescos.<\/p>\n<h2>Efecto<\/h2>\n<p><strong>El principio activo es sencillo pero eficaz. Las c\u00e1psulas contienen dos amino\u00e1cidos y un concentrado de frutas.<\/strong><\/p>\n<p>Se supone que la mezcla asegura que se pongan en marcha de nuevo los procesos en un metabolismo aflojado que reducen el az\u00facar en sangre, equilibran la grasa en sangre y estimulan la quema de grasa.<\/p>\n<p>En Prima se parte de la base de que la mayor\u00eda de las personas con sobrepeso simplemente carecen de algunos nutrientes esenciales. A trav\u00e9s de a\u00f1os de sobrealimentaci\u00f3n y desnutrici\u00f3n, el cuerpo ha olvidado c\u00f3mo producirlas o utilizarlas adecuadamente. Si se suministran desde el exterior, el metabolismo pr\u00e1cticamente se despierta de nuevo y vuelve a su estado natural y efectivo.<\/p>\n<p><strong>Poco a poco, el organismo se reajusta. Hay que alcanzar un ideal en el que:<\/strong><\/p>\n<ul>\n<li>El cuerpo reconoce autom\u00e1ticamente los alimentos sanos y beneficiosos.<\/li>\n<li>La digesti\u00f3n vuelve a funcionar de forma \u00f3ptima.<\/li>\n<li>El nivel de az\u00facar en sangre y los valores de grasa en sangre est\u00e1n en un nivel saludable.<\/li>\n<li>Se experimenta un rendimiento \u00f3ptimo y alegr\u00eda de vivir.<\/li>\n<\/ul>\n<h2>Ingredientes &#8211; \u00bfQu\u00e9 contienen las c\u00e1psulas Prima?<\/h2>\n<p>Los ingredientes de alta dosis de Prima Capsules dm son de origen puramente natural. Prima no contiene productos qu\u00edmicos ni sustancias muy modificadas.<\/p>\n<p><strong>El principio activo se basa en dos amino\u00e1cidos:<\/strong><\/p>\n<ul>\n<li>L-arginina (100 mg)<\/li>\n<li>L-carnitina (100 mg).<\/li>\n<\/ul>\n<p><strong>Tambi\u00e9n contiene una fruta asi\u00e1tica:<\/strong><\/p>\n<ul>\n<li>Extracto de Garcinia Cambogia (50 mg).<\/li>\n<\/ul>\n<p>Otros ingredientes de este producto son estearato de magnesio, talco y gelatina.<\/p>\n<h3>\u00bfC\u00f3mo ayuda la L-arginina a perder peso?<\/h3>\n<p>La L-arginina es un amino\u00e1cido semi-esencial que interviene en importantes procesos de construcci\u00f3n del organismo.<br \/>\nAdem\u00e1s de crear tejido muscular, se ha demostrado que la L-arginina aumenta el n\u00famero de mitocondrias en las c\u00e9lulas. Cuando hay muchas mitocondrias, tambi\u00e9n se convierte mucha energ\u00eda.<\/p>\n<p>Pr\u00e1cticamente, el cuerpo utiliza entonces m\u00e1s energ\u00eda y, por lo tanto, tambi\u00e9n carbohidratos, el cuerpo tiene m\u00e1s energ\u00eda disponible y construye m\u00e1s tejido sano.<\/p>\n<p>Por estas razones, la L-arginina es muy popular entre los atletas para mejorar el rendimiento y la construcci\u00f3n muscular.<\/p>\n<p>Normalmente, el cuerpo produce L-arginina por s\u00ed mismo. En situaciones especiales de la vida, el estr\u00e9s o incluso el sobrepeso, el suministro propio del cuerpo puede no ser suficiente. Si se suministra entonces L-arginina desde el exterior, el organismo puede reanudar las funciones metab\u00f3licas que antes se hab\u00edan paralizado.<\/p>\n<h3>\u00bfC\u00f3mo ayuda la L-carnitina a perder peso?<\/h3>\n<p>La L-carnitina es tambi\u00e9n un amino\u00e1cido semi-esencial. Semiesencial significa que el cuerpo no lo necesita para la supervivencia real, o s\u00f3lo lo necesita en una medida muy limitada. Sin embargo, necesitamos la L-arginina, as\u00ed como la L-carnitina, para tener cuerpos bellos y saludables que se sientan bien.<\/p>\n<p>La L-carnitina puede ser producida normalmente por el propio metabolismo. Las personas que comen carne consumen el amino\u00e1cido principalmente a trav\u00e9s de estos platos. Sin embargo, tambi\u00e9n puede haber una deficiencia aqu\u00ed si el cuerpo est\u00e1 muy desequilibrado o permanentemente bajo estr\u00e9s.<\/p>\n<p>La L-carnitina es la principal responsable del transporte de grasas y otros nutrientes en el organismo. Si falta carnitina, el cuerpo no puede transportar las grasas y otros nutrientes a las c\u00e9lulas a trav\u00e9s de la sangre.<\/p>\n<h3>Los beneficios de la Garcinia Cambogia para la p\u00e9rdida de peso<\/h3>\n<p>Esta fruta asi\u00e1tica se utiliza desde hace mucho tiempo en la medicina tradicional india, el Ayurveda, como remedio para los problemas gastrointestinales y para promover la vitalidad en general. Tanto la pulpa como la c\u00e1scara contienen un tipo de \u00e1cido c\u00edtrico muy poco frecuente.<\/p>\n<p>El \u00e1cido hidroxic\u00edtrico ya se investig\u00f3 en los a\u00f1os 60. Los cient\u00edficos descubrieron que puede equilibrar importantes procesos metab\u00f3licos y frenar el apetito. Al mismo tiempo, el \u00e1cido hidroxic\u00edtrico estimula la formaci\u00f3n de ciertas enzimas en el h\u00edgado que son cruciales para quemar grasa.<\/p>\n<h2>\u00bfC\u00f3mo se utilizan las c\u00e1psulas Prima?<\/h2>\n<p>Las c\u00e1psulas Prima (no falsas) contienen los tres ingredientes activos en una concentraci\u00f3n muy alta. Por lo tanto, basta con tomar una sola c\u00e1psula al d\u00eda.<br \/>\nEn el transcurso de 24 horas, el cuerpo toma los ingredientes activos que necesita y simplemente excreta el resto.<\/p>\n<p>El mejor momento para tomar la c\u00e1psula diaria de Prima es de 20 a 30 minutos antes de la comida principal, preferiblemente la de mayor contenido cal\u00f3rico.<br \/>\nLa c\u00e1psula se toma con una gran cantidad de agua. Se aconseja beber 500 ml para acompa\u00f1ar la ingesta. Esto asegura una liberaci\u00f3n \u00f3ptima de la c\u00e1psula en el est\u00f3mago y una absorci\u00f3n m\u00e1s r\u00e1pida de los ingredientes activos.<\/p>\n<p><strong>Como demuestran las numerosas opiniones de clientes satisfechos, los efectos de las c\u00e1psulas Prima se sienten despu\u00e9s de unas pocas dosis:<\/strong><\/p>\n<ul>\n<li>Se reduce el apetito.<\/li>\n<li>Se produce una agradable sensaci\u00f3n de saciedad.<\/li>\n<li>Los usuarios sienten m\u00e1s fuerza y alegr\u00eda de vivir.<\/li>\n<li>El deseo de continuar aumenta.<\/li>\n<\/ul>\n<p>En estudios internos con sujetos de prueba masculinos y femeninos, el fabricante pudo determinar que la mayor p\u00e9rdida de peso se registr\u00f3 despu\u00e9s de un per\u00edodo de uso de cuatro a seis semanas.<\/p>\n<p>El tiempo que hay que utilizar Prima para conseguir la figura so\u00f1ada depende de la situaci\u00f3n inicial personal y de la velocidad del metabolismo.<br \/>\nLa mayor\u00eda de los usuarios compran entre tres y seis paquetes hasta alcanzar su objetivo. Los clientes satisfechos suelen tomar Prima incluso m\u00e1s all\u00e1 para mantener el peso deseado. En este caso, basta con tomar una c\u00e1psula cada dos o tres d\u00edas.<\/p>\n<h2>\u00bfTienen las c\u00e1psulas Prima efectos secundarios?<\/h2>\n<p>Las c\u00e1psulas Prima no son un medicamento, sino un complemento alimenticio de venta libre. Contienen ingredientes puramente naturales y de calidad probada.<\/p>\n<p>La eficacia de la L-arginina y la L-carnitina se ha investigado adecuadamente. Ambos amino\u00e1cidos no pueden ser objeto de sobredosis y no muestran efectos secundarios incluso cuando se toman en grandes cantidades.<\/p>\n<p>En el caso de la Garcinia Cambogia, puede producirse una irritaci\u00f3n del h\u00edgado en caso de sobredosis, por lo que los usuarios deber\u00edan tomar \u00fanicamente una c\u00e1psula Prima al d\u00eda. Intentar aumentar el \u00e9xito incrementando la cantidad tomada ser\u00eda m\u00e1s perjudicial que \u00fatil. Una c\u00e1psula al d\u00eda es suficiente para alcanzar los objetivos deseados.<\/p>\n<p>El \u00e1cido hidroxic\u00edtrico tambi\u00e9n puede interactuar con medicamentos que interfieren en el equilibrio de la serotonina. Estos incluyen, entre otros, medicamentos para la depresi\u00f3n.<\/p>\n<p>Las personas con una enfermedad preexistente o con trastornos org\u00e1nicos graves deben coordinar siempre las dietas y la ingesta de productos como Prima con su m\u00e9dico. Lo mismo ocurre cuando se toman medicamentos fuertes de cualquier tipo.<\/p>\n<p>Las mujeres embarazadas y las madres lactantes no deben hacer dieta ni tomar productos como Prima. Las mujeres que han ganado peso durante el embarazo deben esperar hasta que el beb\u00e9 sea destetado antes de intentar perder peso con productos para adelgazar.<\/p>\n<h2>Youtube y Foro<\/h2>\n<p><strong>Prima Capsules en Youtube y en el foro: Hay muchos testimonios positivos de influencers en YouTube.<\/strong><\/p>\n<h2>Fabricante<\/h2>\n<p>Fabricante de c\u00e1psulas Prima &#8211; Haga clic aqu\u00ed para ir directamente a la p\u00e1gina web del fabricante. All\u00ed podr\u00e1 comprar el producto al mejor precio.<\/p>\n<h2>Testimonios de Prima Capsules<\/h2>\n<p>\u00bfQu\u00e9 dicen los antiguos clientes sobre las c\u00e1psulas Prima?<\/p>\n<p>Hasta ahora, las c\u00e1psulas Prima s\u00f3lo se han vendido en los portales de la tienda. All\u00ed, el producto recibi\u00f3 una media de 4,6 de 5 puntos posibles.<\/p>\n<p>Afortunadamente, los clientes confirman la plena eficacia de Prima casi sin excepci\u00f3n. Los usuarios informan de grandes resultados sin hacer dieta o como acompa\u00f1amiento de un ligero cambio de dieta.<\/p>\n<p>Hay deducciones ocasionales por el hecho de que las c\u00e1psulas Prima no pueden comprarse actualmente a cuenta y por obst\u00e1culos organizativos como los retrasos en la entrega.<\/p>\n<p><strong>Conclusi\u00f3n: Las c\u00e1psulas Prima parecen ser un producto realmente eficaz y de buena reputaci\u00f3n para la p\u00e9rdida de peso sin complicaciones.<\/strong><\/p>\n<h2>Farmacia<\/h2>\n<p>Compre las c\u00e1psulas originales de Prima en la farmacia:<\/p>\n<a href=\"https:\/\/www.eco-innovation.eu\/go\/prima-es\" class=\"su-button su-button-style-3d\" style=\"color:#FFFFFF;background-color:#2D89EF;border-color:#246ec0;border-radius:9px;-moz-border-radius:9px;-webkit-border-radius:9px\" target=\"_blank\" rel=\"nofollow\"><span style=\"color:#FFFFFF;padding:0px 24px;font-size:18px;line-height:36px;border-color:#6cadf4;border-radius:9px;-moz-border-radius:9px;-webkit-border-radius:9px;text-shadow:none;-moz-text-shadow:none;-webkit-text-shadow:none\"> Compra c\u00e1psulas PRIMA y consigue un 46% de descuento<\/span><\/a>\n","protected":false},"excerpt":{"rendered":"<p>Millones de personas en Europa sufren de obesidad y desean pesar menos pronto. Pero las dietas fallan y el ejercicio hace que la gente tenga a\u00fan m\u00e1s hambre. En este caso, se promete una ayuda sin complicaciones y un \u00e9xito r\u00e1pido mediante suplementos diet\u00e9ticos especiales que suprimen el apetito y estimulan el metabolismo. Las c\u00e1psulas &#8230; <a title=\"Comprar Prima c\u00e1psulas  &#8211; Opiniones, Precio &#8211; P\u00e9rdida de peso\" class=\"read-more\" href=\"https:\/\/www.eco-innovation.eu\/es\/prima\/\" aria-label=\"M\u00e1s en Comprar Prima c\u00e1psulas  &#8211; Opiniones, Precio &#8211; P\u00e9rdida de peso\">Leer m\u00e1s<\/a><\/p>\n","protected":false},"author":1,"featured_media":0,"parent":0,"menu_order":0,"comment_status":"closed","ping_status":"closed","template":"","meta":{"footnotes":""},"class_list":["post-920","page","type-page","status-publish"],"_links":{"self":[{"href":"https:\/\/www.eco-innovation.eu\/es\/wp-json\/wp\/v2\/pages\/920","targetHints":{"allow":["GET"]}}],"collection":[{"href":"https:\/\/www.eco-innovation.eu\/es\/wp-json\/wp\/v2\/pages"}],"about":[{"href":"https:\/\/www.eco-innovation.eu\/es\/wp-json\/wp\/v2\/types\/page"}],"author":[{"embeddable":true,"href":"https:\/\/www.eco-innovation.eu\/es\/wp-json\/wp\/v2\/users\/1"}],"replies":[{"embeddable":true,"href":"https:\/\/www.eco-innovation.eu\/es\/wp-json\/wp\/v2\/comments?post=920"}],"version-history":[{"count":3,"href":"https:\/\/www.eco-innovation.eu\/es\/wp-json\/wp\/v2\/pages\/920\/revisions"}],"predecessor-version":[{"id":924,"href":"https:\/\/www.eco-innovation.eu\/es\/wp-json\/wp\/v2\/pages\/920\/revisions\/924"}],"wp:attachment":[{"href":"https:\/\/www.eco-innovation.eu\/es\/wp-json\/wp\/v2\/media?parent=920"}],"curies":[{"name":"wp","href":"https:\/\/api.w.org\/{rel}","templated":true}]}}