{"id":1855,"date":"2022-12-19T08:45:00","date_gmt":"2022-12-19T08:45:00","guid":{"rendered":"https:\/\/www.eco-innovation.eu\/?page_id=1855"},"modified":"2022-12-19T08:59:56","modified_gmt":"2022-12-19T08:59:56","slug":"figur-capsulas","status":"publish","type":"page","link":"https:\/\/www.eco-innovation.eu\/es\/figur-capsulas\/","title":{"rendered":"Comprar FIGUR c\u00e1psulas \u2013 Opiniones, Precio \u2013 P\u00e9rdida de peso &#8211; Espa\u00f1a"},"content":{"rendered":"<p><strong>Todo el mundo lo sabe: el mundo de la comida y la bebida depara numerosas tentaciones, casi siempre y en todas partes. Ya sea en restaurantes, bares o incluso en el supermercado de la esquina. A menudo es dif\u00edcil resistirse a deliciosos pasteles, galletas y otros dulces, bebidas azucaradas o alcohol y comidas copiosas.<\/strong><\/p>\n<p>Si adem\u00e1s hay falta de ejercicio, muchas personas luchan r\u00e1pidamente contra su peso. Las dietas s\u00f3lo ayudan hasta cierto punto, porque a menudo ocurre que, aunque los kilos caen durante una dieta, r\u00e1pidamente se vuelve a engordar cuando se declara que la dieta ha terminado. Adem\u00e1s, a menudo ocurre que la p\u00e9rdida de peso termina en alg\u00fan momento y simplemente no es posible perder m\u00e1s peso, incluso si todav\u00eda no est\u00e1 satisfecho con los resultados. <strong>Para contrarrestar estos dos problemas de forma espec\u00edfica, pueden ser \u00fatiles los preparados del campo de los complementos alimenticios, como las nuevas c\u00e1psulas FIGUR.<\/strong><\/p>\n<div class=\"sue-section\" data-url=\"\" data-target=\"blank\" style=\"margin:0px 0px 0px 0px;border-top:1px solid #cccccc;border-bottom:1px solid #cccccc\"><div class=\"sue-section-background\" style=\"background-color:#f8f8f8;background-position:left top;\"><\/div><div class=\"sue-section-content sue-content-wrap\" style=\"padding:30px 0px 30px 0px;max-width:960px;text-align:left;color:#333333;text-shadow:0px 1px 10px #ffffff\">\n<h2>FIGUR Capsulas &#8211; pruebas y experiencias<\/h2>\n<div class=\"su-list\" style=\"margin-left:0px\">\n<ul>\n<li><i class=\"sui sui-caret-right\" style=\"color:#FE9408\"><\/i> <strong>Los posibles efectos del preparado.<br \/>\n<\/strong><\/p>\n<ul>\n<li><i class=\"sui sui-caret-right\" style=\"color:#FE9408\"><\/i> Reducir los ataques de antojos y la sensaci\u00f3n de hambre<\/li>\n<li><i class=\"sui sui-caret-right\" style=\"color:#FE9408\"><\/i> Quemar grasa y as\u00ed disminuir el porcentaje de grasa corporal<\/li>\n<li><i class=\"sui sui-caret-right\" style=\"color:#FE9408\"><\/i> Perder peso<\/li>\n<li><i class=\"sui sui-caret-right\" style=\"color:#FE9408\"><\/i> Es posible mejorar el estado de \u00e1nimo<\/li>\n<li><i class=\"sui sui-caret-right\" style=\"color:#FE9408\"><\/i> M\u00e1s energ\u00eda disponible en el cuerpo humano<\/li>\n<\/ul>\n<\/li>\n<li><i class=\"sui sui-caret-right\" style=\"color:#FE9408\"><\/i> Con <strong>siete<\/strong> ingredientes eficaces.<\/li>\n<li><i class=\"sui sui-caret-right\" style=\"color:#FE9408\"><\/i> Adecuado para hombres y mujeres<\/li>\n<li><i class=\"sui sui-caret-right\" style=\"color:#FE9408\"><\/i> <strong>Ahora por un corto periodo <a href=\"https:\/\/www.eco-innovation.eu\/go\/figur-es\" target=\"_blank\" rel=\"nofollow noopener\">con un 46% de descuento<\/a>.<br \/>\n<\/strong><\/li>\n<li><i class=\"sui sui-caret-right\" style=\"color:#FE9408\"><\/i> Disponible sin receta en Alemania, Suiza y Austria<\/li>\n<li><i class=\"sui sui-caret-right\" style=\"color:#FE9408\"><\/i> <strong>Testimonios muy positivos de los usuarios en el foro<\/strong><\/li>\n<li><i class=\"sui sui-caret-right\" style=\"color:#FE9408\"><\/i> Env\u00edo urgente<\/li>\n<\/ul>\n<\/div>\n<p>&nbsp;<\/p>\n<h2 style=\"text-align: center;\">Examen de las c\u00e1psulas de FIGUR<\/h2>\n<p style=\"text-align: center;\"><big><strong>Calificaci\u00f3n: \u2b50\u2b50\u2b50\u2b50\u2b50 (<span style=\"color: #008000;\">5 de 5 estrellas<\/span>)<\/strong><\/big><\/p>\n<p>&nbsp;<\/p>\n<h2>Comprar c\u00e1psulas FIGUR<\/h2>\n<div class=\"su-button-center\"><a href=\"https:\/\/www.eco-innovation.eu\/go\/figur-es\" class=\"su-button su-button-style-3d\" style=\"color:#FFFFFF;background-color:#2D89EF;border-color:#246ec0;border-radius:9px;-moz-border-radius:9px;-webkit-border-radius:9px\" target=\"_blank\" rel=\"nofollow\"><span style=\"color:#FFFFFF;padding:0px 24px;font-size:18px;line-height:36px;border-color:#6cadf4;border-radius:9px;-moz-border-radius:9px;-webkit-border-radius:9px;text-shadow:none;-moz-text-shadow:none;-webkit-text-shadow:none\"> Compra FIGUR con un 46% de descuento<\/span><\/a><\/div>\n<p>&nbsp;<\/p>\n<\/div><\/div>\n<p>&nbsp;<\/p>\n<div class=\"sue-section\" data-url=\"\" data-target=\"blank\" style=\"margin:0px 0px 0px 0px;border-top:1px solid #cccccc;border-bottom:1px solid #cccccc\"><div class=\"sue-section-background\" style=\"background-color:#f8f8f8;background-position:left top;\"><\/div><div class=\"sue-section-content sue-content-wrap\" style=\"padding:30px 0px 30px 0px;max-width:960px;text-align:left;color:#333333;text-shadow:0px 1px 10px #ffffff\">\n<h2>Precio en cifras<\/h2>\n<p><strong>Precios y costes de las c\u00e1psulas Figure:<\/strong><\/p>\n<ul>\n<li>1 paquete: 49,95 \u20ac<\/li>\n<li>3 paquetes: 79,95 \u20ac<\/li>\n<li>6 packs: 109,95 \u20ac (mayor descuento)<\/li>\n<\/ul>\n<a href=\"https:\/\/www.eco-innovation.eu\/go\/figur-es\" class=\"su-button su-button-style-3d\" style=\"color:#FFFFFF;background-color:#2D89EF;border-color:#246ec0;border-radius:9px;-moz-border-radius:9px;-webkit-border-radius:9px\" target=\"_blank\" rel=\"nofollow\"><span style=\"color:#FFFFFF;padding:0px 24px;font-size:18px;line-height:36px;border-color:#6cadf4;border-radius:9px;-moz-border-radius:9px;-webkit-border-radius:9px;text-shadow:none;-moz-text-shadow:none;-webkit-text-shadow:none\"> Aseg\u00farate el precio con descuento<\/span><\/a>\n<\/div><\/div>\n<p>&nbsp;<\/p>\n<p><a href=\"https:\/\/www.eco-innovation.eu\/go\/figur-es\" target=\"_blank\" rel=\"nofollow noopener\"><img loading=\"lazy\" decoding=\"async\" class=\"aligncenter size-full wp-image-1419\" src=\"https:\/\/www.eco-innovation.eu\/wp-content\/uploads\/2022\/10\/figur-capsules.jpg\" alt=\"figura capsulas\" width=\"500\" height=\"454\" srcset=\"https:\/\/www.eco-innovation.eu\/wp-content\/uploads\/2022\/10\/figur-capsules.jpg 500w, https:\/\/www.eco-innovation.eu\/wp-content\/uploads\/2022\/10\/figur-capsules-300x272.jpg 300w\" sizes=\"auto, (max-width: 500px) 100vw, 500px\" \/><\/a>\n<h2>FIGUR C\u00e1psulas Adelgazantes &#8211; Informe de prueba y opiniones<\/h2>\n<p>Las c\u00e1psulas FIGUR combaten principalmente la grasa que ya se ha acumulado en el organismo durante un largo periodo de tiempo. Tomando las c\u00e1psulas FIGUR, perder\u00e1 los kilos que considere de m\u00e1s. Adem\u00e1s, las c\u00e1psulas FIGUR no s\u00f3lo son adecuadas para apoyar una dieta continuada, por ejemplo, o para conseguir una figura de playa adecuada a corto plazo para los meses de verano.<\/p>\n<p>Si se toman durante un periodo de tiempo prolongado, las c\u00e1psulas FIGUR tambi\u00e9n tienen un efecto preventivo. Esto significa que las c\u00e1psulas FIGUR tambi\u00e9n pueden utilizarse para reducir o incluso prevenir por completo la acumulaci\u00f3n de nueva grasa corporal, es decir, un futuro aumento de peso. Por lo tanto, las c\u00e1psulas FIGUR pueden ser tomadas por todas las personas que deseen vigilar su silueta, tanto si el objetivo principal actual es perder peso r\u00e1pidamente como si lo que prima es el deseo de mantenerse delgado a largo plazo.<\/p>\n<p>Las c\u00e1psulas FIGUR tambi\u00e9n son adecuadas para hombres y mujeres de todas las edades, siempre que el usuario tenga al menos 18 a\u00f1os. Tambi\u00e9n es irrelevante si la persona que toma las c\u00e1psulas para adelgazar FIGUR es deportista o m\u00e1s bien inactiva, si sigue un estilo de vida saludable o m\u00e1s bien poco saludable. No obstante, las mujeres embarazadas y las personas que deban tomar medicaci\u00f3n de forma permanente deben consultar previamente con su m\u00e9dico el uso de los comprimidos FIGUR.<\/p>\n<h2>Efecto<\/h2>\n<p>La eficacia de las p\u00edldoras diet\u00e9ticas FIGUR ha sido cient\u00edficamente probada. El producto promete a los clientes que pueden reducir su grasa corporal sin ninguna otra acci\u00f3n. Las dietas y un programa equilibrado de ejercicio o deporte pueden, por supuesto, apoyar y acelerar el efecto positivo de los comprimidos adelgazantes FIGUR.<\/p>\n<p>Es importante que los clientes sepan que los \u00e9xitos no tienen por qu\u00e9 manifestarse inmediatamente despu\u00e9s de la primera toma de las c\u00e1psulas adelgazantes FIGUR. Por el contrario, las c\u00e1psulas FIGUR deben tomarse de forma continuada, es decir, sin interrupci\u00f3n, durante un periodo de al menos ocho a doce semanas. Entonces pueden desplegar su efecto en el cuerpo del usuario y conducir a una p\u00e9rdida de grasa claramente visible. Los comprimidos FIGUR tienen un efecto especialmente visible sobre la grasa corporal acumulada en la regi\u00f3n abdominal.<\/p>\n<p>Quienes tomen regularmente las c\u00e1psulas adelgazantes FIGUR notar\u00e1n que con el tiempo tienen menos apetito. As\u00ed pues, las c\u00e1psulas de FIGUR act\u00faan, entre otras cosas, como supresores del apetito. Adem\u00e1s, las c\u00e1psulas FIGUR garantizan una sensaci\u00f3n de saciedad durante m\u00e1s tiempo despu\u00e9s de una comida, lo que significa que se consume menos comida en general. Adem\u00e1s, la ingesta de c\u00e1psulas FIGUR favorece el metabolismo de las grasas, por lo que la grasa que ya est\u00e1 en el cuerpo, o la grasa reci\u00e9n absorbida, se quema m\u00e1s r\u00e1pidamente.<\/p>\n<div class=\"su-button-center\"><a href=\"https:\/\/www.eco-innovation.eu\/go\/figur-es\" class=\"su-button su-button-style-3d\" style=\"color:#FFFFFF;background-color:#2D89EF;border-color:#246ec0;border-radius:9px;-moz-border-radius:9px;-webkit-border-radius:9px\" target=\"_blank\" rel=\"nofollow\"><span style=\"color:#FFFFFF;padding:0px 24px;font-size:18px;line-height:36px;border-color:#6cadf4;border-radius:9px;-moz-border-radius:9px;-webkit-border-radius:9px;text-shadow:none;-moz-text-shadow:none;-webkit-text-shadow:none\"> Compra FIGUR con un 46% de descuento<\/span><\/a><\/div>\n<p>&nbsp;<\/p>\n<h2>Ingredientes y composici\u00f3n<\/h2>\n<p>Las c\u00e1psulas FIGUR contienen L-Carnitina, L-Arginina, Extracto de Garcinia Cambogia HCA, Pimienta de Cayena, L-Prolina, L-Teanina y L-Leucina. La siguiente explicaci\u00f3n del efecto de estos ingredientes aclara por qu\u00e9 est\u00e1n contenidos en las c\u00e1psulas FIGUR.<\/p>\n<h3>L-Carnitina<\/h3>\n<p>Las L-carnitinas son un compuesto de amino\u00e1cidos que se produce de forma natural en el cuerpo humano, donde son responsables del metabolismo de las grasas. Las L-carnitinas se comportan de forma similar a las vitaminas y desempe\u00f1an una funci\u00f3n de transporte. En resumen, las L-carnitinas se encargan de transportar los \u00e1cidos grasos, que se ingieren con los alimentos, r\u00e1pidamente por el organismo hasta su destino en el curso del metabolismo.<\/p>\n<p>En el proceso, los \u00e1cidos grasos que son empujados por las L-carnitinas deben ser transportados lo m\u00e1s r\u00e1pidamente posible del torrente sangu\u00edneo a la mitocondria. A su vez, las mitocondrias tienen una funci\u00f3n de combusti\u00f3n. Para obtener la energ\u00eda que el cuerpo humano necesita para su funcionamiento cotidiano, las mitocondrias queman la energ\u00eda contenida en los \u00e1cidos grasos. Si en la dieta se consume menos grasa de la que ser\u00eda necesaria para las necesidades energ\u00e9ticas actuales del organismo, \u00e9ste quema prote\u00ednas en su lugar.<\/p>\n<h3>L-arginina<\/h3>\n<p>Las L-argininas tambi\u00e9n pertenecen a la clase de los amino\u00e1cidos. Tambi\u00e9n act\u00faan sobre el metabolismo de las c\u00e9lulas humanas y son especialmente importantes para desarrollar los m\u00fasculos. Adem\u00e1s, las L-argininas tambi\u00e9n tienen un efecto positivo en el rendimiento del cuerpo humano. Una concentraci\u00f3n adecuada de L-argininas puede hacer que los m\u00fasculos del cuerpo se desarrollen m\u00e1s r\u00e1pidamente y que los \u00e9xitos del entrenamiento se registren con mayor rapidez.<\/p>\n<h3>Extracto de Garcinia Cambogia HCA<\/h3>\n<p>Garcinia Cambogia HCA Extracto es un \u00e1cido natural de la fruta que tambi\u00e9n se conoce como un supresor del apetito. Por esta raz\u00f3n, el extracto de Garcinia Cambogia HCA puede encontrarse en numerosos productos que abordan el tema de la p\u00e9rdida de peso, como las c\u00e1psulas FIGUR.<\/p>\n<h3>Pimienta de Cayena<\/h3>\n<p>La mayor\u00eda de la gente probablemente conoce la cayena de la cocina, donde se utiliza como especia. Desde un punto de vista cient\u00edfico, la pimienta de cayena tiene un efecto muy positivo sobre el metabolismo, ya que puede impulsarlo y, por tanto, acelerarlo.<\/p>\n<p>La pimienta de cayena tambi\u00e9n reduce la sensaci\u00f3n de hambre y, por tanto, hace que se coman raciones m\u00e1s peque\u00f1as. La pimienta de cayena tambi\u00e9n tiene un efecto antiinflamatorio y ayuda al organismo a eliminar toxinas. Cuanto m\u00e1s sano y libre de toxinas est\u00e9 el tracto digestivo, m\u00e1s probabilidades habr\u00e1 de mantener el peso.<\/p>\n<h3>L-prolina<\/h3>\n<p>Las L-prolinas ayudan a construir m\u00fasculo y tambi\u00e9n son importantes para una estructura \u00f3sea fuerte. Especialmente aquellos que apoyan su programa de dieta con deporte, o aquellos que b\u00e1sicamente quieren mantenerse en forma, sanos y delgados a trav\u00e9s del deporte, necesitan un nivel suficiente de L-prolinas en su cuerpo.<\/p>\n<h3>L-teanina<\/h3>\n<p>Las L-teaninas se encuentran entre los amino\u00e1cidos que influyen en el cerebro humano. Tienen un efecto inhibidor del estr\u00e9s y calmante sin causar efectos secundarios desagradables como somnolencia o sue\u00f1o. Las L-teaninas tambi\u00e9n ayudan a combatir la ansiedad y la hiperactividad, que pueden provocar insomnio.<\/p>\n<h3>L-leucina<\/h3>\n<p>Las L-leucinas hacen que la masa muscular del cuerpo aumente ligeramente y, mientras tanto, tambi\u00e9n hacen que la grasa se descomponga m\u00e1s. La L-leucina puede tener un efecto muy positivo sobre todo en las personas mayores, ya que la masa muscular propia del organismo disminuye cada vez m\u00e1s en la tercera edad.<\/p>\n<p>Un plus de L-leucinas puede contrarrestar esta p\u00e9rdida de masa muscular o al menos ralentizarla. Las L-leucinas tambi\u00e9n pueden ayudar a regular los niveles de az\u00facar en sangre del organismo.<\/p>\n<h2>Estudios y experiencias con tabletas de cifras<\/h2>\n<p>Se han realizado estudios cl\u00ednicos sobre la ingesta y el efecto de las c\u00e1psulas FIGUR. Los sujetos con sobrepeso eran una muestra representativa de la sociedad: hombres y mujeres, de distintas edades, algunos deportistas activos y otros inactivos. Los estudios demuestran que las c\u00e1psulas adelgazantes FIGUR, tomadas regularmente, pueden ayudar a regular el peso corporal a largo plazo.<\/p>\n<p>Pero incluso para el \u00e9xito a corto plazo en t\u00e9rminos de p\u00e9rdida de peso las c\u00e1psulas de FIGUR mostraron \u00e9xito en los estudios. Seg\u00fan los estudios, tras ocho semanas de toma de comprimidos FIGUR se producen \u00e9xitos visibles. La p\u00e9rdida de peso tras tomar las c\u00e1psulas durante doce semanas fue de 24 kilogramos. Seg\u00fan los estudios, las c\u00e1psulas FIGUR pueden utilizarse para perder peso de forma continuada durante un periodo de seis meses.<\/p>\n<p>Estos resultados se compararon con los de un grupo placebo. Esta comparaci\u00f3n completa el panorama de los estudios. El grupo placebo tambi\u00e9n perdi\u00f3 peso, pero la p\u00e9rdida de grasa fue significativamente mayor cuando los sujetos tomaron realmente las c\u00e1psulas FIGUR. Adem\u00e1s, los sujetos que recibieron c\u00e1psulas FIGUR perdieron peso m\u00e1s r\u00e1pidamente.<\/p>\n<h2>Folleto de instrucciones: ingesta, uso y dosificaci\u00f3n<\/h2>\n<p>Las c\u00e1psulas FIGUR deben tomarse diariamente durante un periodo de tiempo prolongado. La dosis recomendada es de una c\u00e1psula al d\u00eda. Debe tomarse antes de la comida principal del d\u00eda. Es la comida en la que se consume la mayor cantidad de calor\u00edas y grasas. Lo ideal es tomarlo entre 15 y 30 minutos antes de esta comida. Las c\u00e1psulas de FIGUR deben tragarse siempre enteras.<\/p>\n<p>Despu\u00e9s de tragar, se deben beber dos vasos grandes de agua. Esto corresponde a beber al menos medio litro. Las personas que tienen problemas para tragar medicamentos en forma de c\u00e1psulas pueden abrir las c\u00e1psulas de FIGUR por la mitad con la u\u00f1a del pulgar y remover el contenido de las c\u00e1psulas de FIGUR en un vaso de agua. Esta mezcla debe beberse a peque\u00f1os sorbos.<\/p>\n<h2>Precios y comparaci\u00f3n de precios<\/h2>\n<p>El envase de las c\u00e1psulas FIGUR contiene 30 c\u00e1psulas. Por tanto, equivale aproximadamente a la raci\u00f3n de un mes. Un paquete est\u00e1 disponible por 49,95 euros. Cuantos m\u00e1s paquetes se compren juntos, m\u00e1s se reduce el precio de las c\u00e1psulas FIGUR. Dos envases pedidos juntos cuestan 39,97 euros por envase, tres est\u00e1n disponibles por 36,65 euros por envase. Se puede solicitar y entregar un m\u00e1ximo de tres paquetes de c\u00e1psulas FIGUR por pedido.<\/p>\n<h2>Rese\u00f1as y testimonios de usuarios<\/h2>\n<p><strong>Los usuarios que ya han probado las c\u00e1psulas FIGUR comentan positivamente la eficacia de este producto<\/strong>.<\/p>\n<div class=\"su-list\" style=\"margin-left:0px\">\n<ul>\n<li><i class=\"sui sui-user\" style=\"color:#005300\"><\/i> Informan que la p\u00e9rdida de peso se nota r\u00e1pidamente, con algunos usuarios despu\u00e9s de s\u00f3lo unos d\u00edas. Los usuarios suelen notar que su apetito disminuye tras tomar las c\u00e1psulas FIGUR despu\u00e9s de s\u00f3lo dos d\u00edas.<\/li>\n<li><i class=\"sui sui-user\" style=\"color:#005300\"><\/i> Informan que muy r\u00e1pidamente se comi\u00f3 menos. Los usuarios que no han cambiado su estilo de vida aparte de tomar las c\u00e1psulas FIGUR informan de que, no obstante, han experimentado una p\u00e9rdida de peso continua, con una media de dos kilos al mes.<\/li>\n<li><i class=\"sui sui-user\" style=\"color:#005300\"><\/i> Las personas que ya han probado otros suplementos diet\u00e9ticos para reducir su peso afirman que, desde su punto de vista, la eficacia de las c\u00e1psulas FIGUR fue mejor que la de los productos para adelgazar que hab\u00edan probado anteriormente.<\/li>\n<li><i class=\"sui sui-user\" style=\"color:#005300\"><\/i> Las personas que ya han probado otros suplementos diet\u00e9ticos para reducir su peso afirman que<\/li>\n<\/ul>\n<\/div>\n<h2>Compra FIGUR C\u00e1psulas al mejor precio<\/h2>\n<p><strong>Precio favorable en Espa\u00f1a<\/strong><\/p>\n<div class=\"su-button-center\"><a href=\"https:\/\/www.eco-innovation.eu\/go\/figur-es\" class=\"su-button su-button-style-3d\" style=\"color:#FFFFFF;background-color:#2D89EF;border-color:#246ec0;border-radius:9px;-moz-border-radius:9px;-webkit-border-radius:9px\" target=\"_blank\" rel=\"nofollow\"><span style=\"color:#FFFFFF;padding:0px 24px;font-size:18px;line-height:36px;border-color:#6cadf4;border-radius:9px;-moz-border-radius:9px;-webkit-border-radius:9px;text-shadow:none;-moz-text-shadow:none;-webkit-text-shadow:none\"> Compra el FIGUR con un 46% de descuento<\/span><\/a><\/div>\n<p>&nbsp;<\/p>\n","protected":false},"excerpt":{"rendered":"<p>Todo el mundo lo sabe: el mundo de la comida y la bebida depara numerosas tentaciones, casi siempre y en todas partes. Ya sea en restaurantes, bares o incluso en el supermercado de la esquina. A menudo es dif\u00edcil resistirse a deliciosos pasteles, galletas y otros dulces, bebidas azucaradas o alcohol y comidas copiosas. Si &#8230; <a title=\"Comprar FIGUR c\u00e1psulas \u2013 Opiniones, Precio \u2013 P\u00e9rdida de peso &#8211; Espa\u00f1a\" class=\"read-more\" href=\"https:\/\/www.eco-innovation.eu\/es\/figur-capsulas\/\" aria-label=\"M\u00e1s en Comprar FIGUR c\u00e1psulas \u2013 Opiniones, Precio \u2013 P\u00e9rdida de peso &#8211; Espa\u00f1a\">Leer m\u00e1s<\/a><\/p>\n","protected":false},"author":1,"featured_media":1415,"parent":0,"menu_order":0,"comment_status":"closed","ping_status":"closed","template":"","meta":{"footnotes":""},"class_list":["post-1855","page","type-page","status-publish","has-post-thumbnail"],"_links":{"self":[{"href":"https:\/\/www.eco-innovation.eu\/es\/wp-json\/wp\/v2\/pages\/1855","targetHints":{"allow":["GET"]}}],"collection":[{"href":"https:\/\/www.eco-innovation.eu\/es\/wp-json\/wp\/v2\/pages"}],"about":[{"href":"https:\/\/www.eco-innovation.eu\/es\/wp-json\/wp\/v2\/types\/page"}],"author":[{"embeddable":true,"href":"https:\/\/www.eco-innovation.eu\/es\/wp-json\/wp\/v2\/users\/1"}],"replies":[{"embeddable":true,"href":"https:\/\/www.eco-innovation.eu\/es\/wp-json\/wp\/v2\/comments?post=1855"}],"version-history":[{"count":4,"href":"https:\/\/www.eco-innovation.eu\/es\/wp-json\/wp\/v2\/pages\/1855\/revisions"}],"predecessor-version":[{"id":1859,"href":"https:\/\/www.eco-innovation.eu\/es\/wp-json\/wp\/v2\/pages\/1855\/revisions\/1859"}],"wp:featuredmedia":[{"embeddable":true,"href":"https:\/\/www.eco-innovation.eu\/es\/wp-json\/wp\/v2\/media\/1415"}],"wp:attachment":[{"href":"https:\/\/www.eco-innovation.eu\/es\/wp-json\/wp\/v2\/media?parent=1855"}],"curies":[{"name":"wp","href":"https:\/\/api.w.org\/{rel}","templated":true}]}}