{"id":945,"date":"2022-08-18T09:53:32","date_gmt":"2022-08-18T09:53:32","guid":{"rendered":"https:\/\/www.eco-innovation.eu\/?page_id=945"},"modified":"2022-08-18T10:00:44","modified_gmt":"2022-08-18T10:00:44","slug":"derila","status":"publish","type":"page","link":"https:\/\/www.eco-innovation.eu\/de\/derila\/","title":{"rendered":"Derila Nackenkissen zum g\u00fcnstigsten Preis kaufen &#8211; Test, Erfahrungen und Bewertung"},"content":{"rendered":"<p><strong><img loading=\"lazy\" decoding=\"async\" class=\"aligncenter size-full wp-image-950\" src=\"https:\/\/www.eco-innovation.eu\/wp-content\/uploads\/2022\/08\/derila.jpg\" alt=\"Derila\" width=\"610\" height=\"545\" srcset=\"https:\/\/www.eco-innovation.eu\/wp-content\/uploads\/2022\/08\/derila.jpg 610w, https:\/\/www.eco-innovation.eu\/wp-content\/uploads\/2022\/08\/derila-300x268.jpg 300w\" sizes=\"auto, (max-width: 610px) 100vw, 610px\" \/>Das Derila Kopfkissen ist ein ergonomisch geformtes Kopfkissen mit hoher R\u00fcckstellkraft. Es passt sich durch den Kern aus Memory Foam jeder Schlafposition an. Der spezielle Schaumstoffkern kehrt nach jeder Umlagerung wieder in seine alte Form zur\u00fcck. So haben alle Schl\u00e4fertypen eine echte St\u00fctze f\u00fcr den Nacken und entlasten zugleich ihre Wirbels\u00e4ule. Das funktioniert mit Derila tats\u00e4chlich in jeder Schlafposition. So viel Anpassungsf\u00e4higkeit bei einem Kopfkissen hat Seltenheitswert.<\/strong><\/p>\n<div class=\"sue-section\" data-url=\"\" data-target=\"blank\" style=\"margin:0px 0px 0px 0px;border-top:1px solid #cccccc;border-bottom:1px solid #cccccc\"><div class=\"sue-section-background\" style=\"background-color:#f8f8f8;background-position:left top;\"><\/div><div class=\"sue-section-content sue-content-wrap\" style=\"padding:30px 0px 30px 0px;max-width:960px;text-align:left;color:#333333;text-shadow:0px 1px 10px #ffffff\">\n<h2>Derila Kissen Test &amp; Bewertung<\/h2>\n<div class=\"su-list\" style=\"margin-left:0px\">\n<ul>\n<li><i class=\"sui sui-check\" style=\"color:#113116\"><\/i> <strong>Egonomische Form f\u00fcr erholsamen Schlaf<\/strong><br \/>\nDie ergonomische Form passt sich dank des speziellen Schaums ideal an die Konturen von Kopf und Nacken an. So unterst\u00fctzt es die nat\u00fcrliche Haltung des gesamten K\u00f6rpers.<\/li>\n<li><i class=\"sui sui-check\" style=\"color:#113116\"><\/i> <strong>F\u00fcr alle Schlafpositionen geeignet<br \/>\n<\/strong>Das Design ist f\u00fcr Bauch-, Seiten- und R\u00fcckenschl\u00e4fer bestens geeignet. Durch den hochwertigen Memory Foam schmiegt es sich ihrer Kopf- und Nackenform in jeder Position an. Verringert man den Druck, dehnt sich der Schaum langsam in seine urspr\u00fcngliche Form zur\u00fcck.<\/li>\n<li><i class=\"sui sui-check\" style=\"color:#113116\"><\/i> <strong>F\u00fcr die Waschmaschine geeignet und ungiftig<\/strong><br \/>\nIm Paket ist ein wechselbarer Kopfkissenbezug enthalten. Diesen kann man einfach in der Waschmaschine waschen und er ist frei von Giftstoffen.<\/li>\n<li><i class=\"sui sui-check\" style=\"color:#113116\"><\/i> <strong>Gutes Preis-Leistungs-Verh\u00e4ltnis<br \/>\n<\/strong>Das Derila Kopfkissenist deutlich g\u00fcnstiger als vergleichbare Produkte auf dem Markt.<\/li>\n<li><i class=\"sui sui-check\" style=\"color:#113116\"><\/i> <strong>Extem hohe Qualit\u00e4t<br \/>\n<\/strong>Durch die gute Verarbeitung ist das Kissen sehr langlebig<\/li>\n<li><i class=\"sui sui-check\" style=\"color:#113116\"><\/i> <strong>F\u00fcr kurze Zeit zum reduzierten Preis erh\u00e4ltlich<\/strong><br \/>\nBis zu 50 % Rabatt<\/li>\n<\/ul>\n<p><big><strong>Unsere Bewertung: <span style=\"color: #008000;\">SEHR GUT<\/span> (\u2b50\u2b50\u2b50\u2b50\u2b50 4,9 von 5 Sternen)<\/strong><\/big><\/p>\n<\/div>\n<h2>Derila Kissen kaufen<\/h2>\n<div class=\"su-button-center\"><a href=\"https:\/\/www.eco-innovation.eu\/go\/derila-de\" class=\"su-button su-button-style-soft\" style=\"color:#FFFFFF;background-color:#fb5a00;border-color:#c94800;border-radius:9px;-moz-border-radius:9px;-webkit-border-radius:9px\" target=\"_blank\" rel=\"nofollow\"><span style=\"color:#FFFFFF;padding:8px 24px;font-size:18px;line-height:27px;border-color:#fd8c4d;border-radius:9px;-moz-border-radius:9px;-webkit-border-radius:9px;text-shadow:none;-moz-text-shadow:none;-webkit-text-shadow:none\"><i class=\"sui sui-check-circle\" style=\"font-size:18px;color:#FFFFFF\"><\/i> Derila direkt beim Hersteller bestellen (Bis zu -50% Preis Reduktion)<\/span><\/a><\/div>\n<p>&nbsp;<\/p>\n<h2>Preise<\/h2>\n<p><strong>Derila Kosten und Preise<\/strong><\/p>\n<div class=\"su-list\" style=\"margin-left:0px\">\n<ul>\n<li><i class=\"sui sui-caret-right\" style=\"color:#113116\"><\/i> 1 Derila-Kissen f\u00fcr 39,95 \u20ac<\/li>\n<li><i class=\"sui sui-caret-right\" style=\"color:#113116\"><\/i> 2 Derila Kissen f\u00fcr 69,96 \u20ac<\/li>\n<li><i class=\"sui sui-caret-right\" style=\"color:#113116\"><\/i> 3 Derila Kissen f\u00fcr 89,94 \u20ac<\/li>\n<li><i class=\"sui sui-caret-right\" style=\"color:#113116\"><\/i> 4 Derila Kissen f\u00fcr 99,96 \u20ac (h\u00f6chster Rabatt)<\/li>\n<\/ul>\n<\/div>\n<\/div><\/div>\n<p>&nbsp;<\/p>\n\n<p>&nbsp;<\/p>\n<p><a href=\"https:\/\/www.eco-innovation.eu\/go\/derila-de\" target=\"_blank\" rel=\"nofollow noopener\"><img loading=\"lazy\" decoding=\"async\" class=\"aligncenter size-full wp-image-960\" src=\"https:\/\/www.eco-innovation.eu\/wp-content\/uploads\/2022\/08\/Derila-Memory-Foam-Pillow.jpg\" alt=\"Derila Memory Foam Pillow\" width=\"610\" height=\"418\" srcset=\"https:\/\/www.eco-innovation.eu\/wp-content\/uploads\/2022\/08\/Derila-Memory-Foam-Pillow.jpg 610w, https:\/\/www.eco-innovation.eu\/wp-content\/uploads\/2022\/08\/Derila-Memory-Foam-Pillow-300x206.jpg 300w\" sizes=\"auto, (max-width: 610px) 100vw, 610px\" \/><\/a><\/p>\n<h2>Derila Kopfkissen Testbericht und Erfahrungen<\/h2>\n<p>W\u00e4hrend man bei konventionellen Kopfkissen wahlweise zu flach oder mit dem Kopf irgendwie bergauf liegt, wird der Kopf mit dem Derila Kissen so gelagert, dass die Nackenmuskulatur sich nicht verspannen kann. Der Hals wird durch die ergonomische Kissenform gest\u00fctzt und entlastet. Zugleich wird der obere Teil der Wirbels\u00e4ule nicht verdreht, \u00fcberdehnt oder gestaucht, sondern entlastet. Damit erspart man sich Schulterbeschwerden, eingeschlafene Arme und schmerzhafte Verspannungen im oberen R\u00fccken.<\/p>\n<p>Schlaf sollte f\u00fcr den gesamten Organismus erholsam sein. In vielen F\u00e4llen ist er das aber nicht in ausreichendem Ma\u00dfe. Viele Menschen nehmen \u00c4rger und Stress mit ins Schlafzimmer. Die Matratze ist zu fest, zu weich oder schon ziemlich durchgelegen. Die Lage des Kopfes ist suboptimal. Das Schlafkissen st\u00fctzt Nacken und Kopf entweder gar nicht &#8211; oder es st\u00fctzt an den falschen Stellen. Wie kann man sich dabei erholen wollen? Mit dem Derila Memory Foam Kissen gehen Sie den ersten Schritt zum besseren und tieferen Schlaf. Vor allem aber wachen Sie wieder ohne Schmerzen, Blockaden und Verspannungen auf.<\/p>\n<p>Je \u00e4lter der Mensch wird, desto mehr Schmerzen stellen sich von ganz alleine ein. Da sollte man sich doch als kluger Mensch die Schmerzen ersparen, die man verhindern kann. Das Derila Kopfkissen besteht aus schadstofffreien und qualitativ hochwertigen Materialien. Der Memory Foam sorgt f\u00fcr die hohe R\u00fcckstellkraft. Er besitzt durch seine speziellen Eigenschaften ausreichend Anpassungsf\u00e4higkeit an unterschiedliche Schlafpositionen. Der \u00e4u\u00dfere Bezug des Derila Kissens ist abnehmbar. Er kann beliebig oft gewaschen werden.<\/p>\n<p>Vielleicht erleben Sie mit dem Derila Nackenkissen das erste Mal auf Anhieb, tief und fest zu schlafen wie ein Baby. M\u00f6glicherweise m\u00fcssen Sie sich aber auch erst ein paar Tage an die neue Kissenform gew\u00f6hnen. Auch wenn Ihr K\u00f6rper sich zwangsweise an das alte Nackenkissen gew\u00f6hnt hatte und nun mosert, wird er sich mit Sicherheit bald an die ergonomische Lagerung gew\u00f6hnen. Der Lohn der M\u00fche liegt darin, dass die gewohnten Verspannungsschmerzen nach und nach verschwinden. Denken Sie daran: Ein Drittel Ihres Lebens verbringen Sie schlafend im Bett.<\/p>\n<p>In jungen Jahren k\u00f6nnen Sie sich S\u00fcnden wie falsche Kopfkissen erlauben. In sp\u00e4teren Jahren kostet Sie das hartn\u00e4ckige Festhalten an Gewohntem aber eine Menge Scherzmittel. Der Schaum im Derila Memory Foam Kissen garantiert durch seine Anpassungsf\u00e4higkeit und Flexibilit\u00e4t bequemes Schlafen, bei gleichzeitiger St\u00fctzung &#8211; und zwar genau dort, wo es gebraucht wird. Auf seine menschliche Anatomie R\u00fccksicht zu nehmen, ist der Beginn einer lebenslangen Freundschaft.<\/p>\n<p>&nbsp;<\/p>\n<div class=\"sue-icon-panel\" data-url=\"\" data-target=\"self\" style=\"background-color:#ffffff;color:#333333;border-radius:0px;-moz-border-radius:0px;-webkit-border-radius:0px;box-shadow:0px 1px 2px #eeeeee;-moz-box-shadow:0px 1px 2px #eeeeee;-webkit-box-shadow:0px 1px 2px #eeeeee;border:1px solid #cccccc\"><div class=\"sue-icon-panel-head\"><i class=\"sui sui-warning\" style=\"font-size:31px;color:#a40016\"><\/i><\/div><div class=\"sue-icon-panel-content sue-content-wrap\" style=\"text-align:center\">\n<h2>Fake und Betrug<\/h2>\n<ul>\n<li>Achtung vor Fake und Betrug Angeboten auf Plattformen wie Amazon und Ebay.<\/li>\n<li>Das Original Derila Kissen ist nur auf der offiziellen Webseite erh\u00e4ltlich.<\/li>\n<\/ul>\n<\/div><\/div>\n<p>&nbsp;<\/p>\n<h2>F\u00fcr wen ist Derila geeignet?<\/h2>\n<p>Diese Frage er\u00fcbrigt sich. Im Gegensatz zu den meisten anderen ergonomischen Nackenkissen ist Derila f\u00fcr jede Schlafposition geeignet. Daher eignet es sich unterschiedslos f\u00fcr alle Schl\u00e4fertypen. Das ist seiner genialen Formgebung und seiner Konstruktionsweise zu verdanken. Diese wurde gem\u00e4\u00df aktueller ergonomischer Erkenntnisse entwickelt.<\/p>\n<p>Kein anderes Kopfkissen auf dem Markt wird allen Schlafpositionen gleicherma\u00dfen gerecht. Dabei ist es kein Ding der Unm\u00f6glichkeit, das optimale Design f\u00fcr alle Schl\u00e4fertypen zu ermitteln. Man muss einfach nur herausbekommen, welche Features ein bestimmter Schl\u00e4fertyp ben\u00f6tigt, um Kopf, Nacken und Wirbels\u00e4ule bequem zu lagern und dabei zu entlasten. Am Ende stellt man fest, dass diese Bedingungen in einem einzigen Kissen umgesetzt werden k\u00f6nnen.<\/p>\n<p><a href=\"https:\/\/sharingheritage.de\/derila-kopfkissen\/\" target=\"_blank\" rel=\"noopener\">Das Derila Schlafkissen<\/a> garantiert optimale Schlafqualit\u00e4t in jeder Lebenslage und in jeder Schlafposition. Es eignet sich dank seiner genialen Form f\u00fcr jeden erwachsenen Menschen.<\/p>\n<p><a href=\"https:\/\/www.eco-innovation.eu\/go\/derila-de\" target=\"_blank\" rel=\"nofollow noopener\"><img loading=\"lazy\" decoding=\"async\" class=\"aligncenter size-full wp-image-969\" src=\"https:\/\/www.eco-innovation.eu\/wp-content\/uploads\/2022\/08\/Derila-Test-Review.jpg\" alt=\"Derila Test Review\" width=\"520\" height=\"520\" srcset=\"https:\/\/www.eco-innovation.eu\/wp-content\/uploads\/2022\/08\/Derila-Test-Review.jpg 520w, https:\/\/www.eco-innovation.eu\/wp-content\/uploads\/2022\/08\/Derila-Test-Review-300x300.jpg 300w, https:\/\/www.eco-innovation.eu\/wp-content\/uploads\/2022\/08\/Derila-Test-Review-150x150.jpg 150w\" sizes=\"auto, (max-width: 520px) 100vw, 520px\" \/><\/a><\/p>\n<h2>Welche Vorteile bietet das Derila Memory Foam Kissen?<\/h2>\n<p>Der gr\u00f6\u00dfte Vorteil des Derila Kopfkissens liegt in der Verbesserung der Schlafqualit\u00e4t und -tiefe. Vorteil Nummer zwei ist Schmerz- und Verspannungsfreiheit. Daf\u00fcr sorgt das ergonomische Design des Kopfkissens. Es unterscheidet sich von der Optik anderer ergonomischer Kissen. Diese haben meist eine mehr oder minder ausgepr\u00e4gte Wellenform. Manche Kopfkissen nennen sich zwar ergonomisch. Sie sind aber komplett flach. In diesem Fall ist die Bezeichnung als ergonomisch kaum nachvollziehbar.<\/p>\n<p>Das Derila Memory Foam Pillow hat ebenfalls eine erkennbare Wellenform. Diese ist jedoch mit einer flachen Mulde f\u00fcr den Hals ausgestattet. Es weist au\u00dferdem der Anatomie angepasste Ausschnitte f\u00fcr die Schultern auf. Das ergibt eine etwas andere Form, die der menschlichen Anatomie n\u00e4her kommt. An diesen durchdachten Details erkennen Sie ein Derila Kopfkissen in jedem Fall. Das Format des Derila Kopfkissens ist so angelegt, dass Sie es problemlos im Reisegep\u00e4ck mitnehmen k\u00f6nnen.<\/p>\n<p>Bekanntlich verf\u00fcgen Hotels, Pensionen und Ferienzimmer nie \u00fcber gute Kopfkissen. Die schlechte Schlafqualit\u00e4t und die st\u00e4ndigen Verspannungen k\u00f6nnen einem den Urlaub ziemlich vermiesen &#8211; aber <a href=\"https:\/\/derila.kaufen\/\" target=\"_blank\" rel=\"noopener\">das Derila Kopfkissen<\/a> macht damit Schluss. Als \u00e4lterer Mensch leistet man sich mehr Bequemlichkeit. Zudem w\u00fcnscht man sich, man h\u00e4tte schon in jungen Jahren nicht darauf verzichtet, unbequeme Kopfkissen zu entsorgen.<\/p>\n<h2>Wie ist es aufgebaut?<\/h2>\n<p>Das Derila Kissen besteht aus drei Lagen: einem Memory Foam Innenkern, dar\u00fcber eine d\u00fcnne, aber angenehm weiche und fest vern\u00e4hte Bezugsschicht. Als Au\u00dfenschicht weist das Kopfkissen einen abnehmbaren Bezug auf, der waschbar ist. Sie k\u00f6nnen diesen Bezug einfach in der Waschmaschine waschen. Der Premium R\u00fcckstellschaum, auch als Memory Foam bekannt, sorgt f\u00fcr flexible Anpassungsf\u00e4higkeit. Er kehrt immer wieder in seine Ursprungsform zur\u00fcck. Dadurch bietet er eine gen\u00fcgend bequeme Einsinktiefe, aber auch ausreichend St\u00fctze.<\/p>\n<h2>Besonderheiten<\/h2>\n<p>Derila wird mit einem abnehmbaren Bezug geliefert, der in der Waschmaschine gewaschen werden kann. Das ist nicht bei jedem ergonomischen Kopfkissen der Fall. Durchschnittliche Kopfkissen werden mit Federn, Daunen oder Kapokfasern bef\u00fcllt. Manche enthalten Buchweizenspelzen. Diese Kopfkissen sind besonders unbequem. Zudem stauben die Spelzen nach einiger Zeit.<\/p>\n<p>Das Derila Kopfkissen besteht im Kern aus flexiblem, anpassungsf\u00e4higem Memory Foam: einem Schaum mit hoher R\u00fcckstellkraft und Flexibilit\u00e4t. Memory Foam verformt sich unter Druck. Er gibt so viel nach, wie Sie es brauchen, st\u00fctzt aber trotzdem. Wenn Sie aufstehen oder sich im Schlaf umdrehen, kehrt er binnen weniger Sekunden in seine eigentliche Form zur\u00fcck. An dieser &#8222;erinnert&#8220; er sich &#8211; und zwar dauerhaft.<\/p>\n<h2>Amazon?<\/h2>\n<p><strong>Kann man das Derila Kopfkissen bei Amazon kaufen?<\/strong><\/p>\n<p>Nein, dort kann man es nicht kaufen.<\/p>\n<h2>dm und Rossmann<\/h2>\n<p><strong>Kann man das Derila Kopfkissen bei dm und Rossmann kaufen?<\/strong><\/p>\n<p>Nein, dort kann man es auch nicht kaufen.<\/p>\n<h2>Stiftung Warentest<\/h2>\n<p><strong>Hat die Stiftung Warentest das Derila Memory Foam Kissen bereits getestet?<\/strong><\/p>\n<p>Nein, bisher hat es keinen Derila Testbericht der Stiftung Warentest gegeben.<\/p>\n<h2>Derila Preis<\/h2>\n<p>Der Vorteil dieses Schaumstoffs ist, dass er sich wieder und wieder Ihren individuellen Bed\u00fcrfnissen, Ihrer jeweiligen Lagerung und Ihrer Anatomie anpasst. Zusammen mit der ergonomischen und anatomisch korrekten Form des Derila Kopfkissens ergibt das eine unschlagbar bequeme Kopfst\u00fctze f\u00fcr den Schlaf. <a href=\"https:\/\/www.eco-innovation.eu\/go\/derila-de\" target=\"_blank\" rel=\"nofollow noopener\"><strong>Derzeit erhalten Sie dieses Kopfkissen f\u00fcr sagenhafte 39,95 Euro mit 50 Prozent Rabatt auf den Preis<\/strong><\/a>. Dieser gilt jedoch nur f\u00fcr kurze Zeit. Danach kostet das Derila Memory Foam Kissen wieder 79,90 Euro.<\/p>\n<div class=\"sue-section\" data-url=\"\" data-target=\"blank\" style=\"margin:0px 0px 0px 0px;border-top:1px solid #cccccc;border-bottom:1px solid #cccccc\"><div class=\"sue-section-background\" style=\"background-color:#f8f8f8;background-position:left top;\"><\/div><div class=\"sue-section-content sue-content-wrap\" style=\"padding:30px 0px 30px 0px;max-width:960px;text-align:left;color:#333333;text-shadow:0px 1px 10px #ffffff\">\n<h2>Derila Rezensionen, Erfahrungsberichte und Bewertungen<\/h2>\n<div class=\"su-list\" style=\"margin-left:0px\">\n<ul>\n<li><i class=\"sui sui-users\" style=\"color:#113116\"><\/i> Nutzerfragen und Kommentare sind manchmal sehr interessant. So fragte jemand den Hersteller, ob man das Derila Kopfkissen bei sitzender T\u00e4tigkeit und schlechter K\u00f6rperhaltung brauchen kann. Die Antwort des Herstellerteams besagte: Wer tags\u00fcber in unguter Haltung stundenlang am B\u00fcro-Schreibtisch sitzt, braucht nachts umso mehr ein Kopfkissen, das den Nacken und die Wirbels\u00e4ule entlastet und die Bandscheiben wieder dahin dehnt, wo es schmerzfrei ist.<br \/>\nDer Hersteller antwortete: &#8222;Derila wurde von den besten Spezialisten entwickelt, um Ihren Kopf und Ihre Schultern in der Nacht perfekt zu st\u00fctzen. Selbst wenn Sie einen k\u00f6rperlich anstrengenden Beruf haben oder den ganzen Tag vor dem Bildschirm schuften, kann Derila Ihnen eine perfekte Erholung w\u00e4hrend der Nacht bieten.&#8220; Das wiederum hilft, um die gewohnten Schmerzen in Nacken, Schultern und R\u00fccken loszuwerden. Es ist doch erstaunlich, an welchen Schmerz-Zustand man sich mit den Jahren gew\u00f6hnen kann. Lassen Sie sich sagen, dass Ihr gewohnter Schmerzgrad keinesfalls unab\u00e4nderlich ist.<\/li>\n<li><i class=\"sui sui-users\" style=\"color:#113116\"><\/i> Eine K\u00e4uferin namens Sienna berichtete: &#8222;Fr\u00fcher hatte ich Probleme mit dem Schlafengehen. Ich w\u00e4lzte mich stundenlang hin und her und wachte mit so starken Nackenschmerzen auf, dass meine Lebensqualit\u00e4t beeintr\u00e4chtigt war. Ich habe so viele verschiedene Mittel, Matratzen und Kissen ausprobiert. Nichts schien zu funktionieren. Bis ich Derila fand. Nach der ersten Nacht wachte ich auf und sp\u00fcrte einen gewaltigen Unterschied. Es war der Wahnsinn. Seitdem habe ich keine Beschwerden oder Schmerzen mehr in meinem Nacken.&#8220;<\/li>\n<li><i class=\"sui sui-users\" style=\"color:#113116\"><\/i> Paul sagt: &#8222;Sie k\u00f6nnen tats\u00e4chlich die ganze Nacht in unterschiedlichen Schlafpositionen ruhen, ohne dass es zu den gewohnten Nackenblockaden, Schulterschmerzen oder Beschwerden im oberen R\u00fccken kommt. Erinnern Sie sich noch daran, wie es sich anf\u00fchlt, morgens schmerzfrei zu erwachen? Falls nicht, sollten Sie es vielleicht einmal mit dem Derila Kopfkissen versuchen. Es k\u00f6nnte sein, dass Sie Ihr blaues Wunder erleben. Blau ist n\u00e4mlich der Memory Foam-Kern, der dieses Gef\u00fchl bewirkt hat.&#8220;<\/li>\n<\/ul>\n<\/div>\n<\/div><\/div>\n<p>&nbsp;<\/p>\n<p>&nbsp;<\/p>\n<h2>Derila Memory Foam Kissen g\u00fcnstig online kaufen (Reduzierter Preis)<\/h2>\n<p>Wenn Sie gleich mehrere Kissen zum Sonderpreis kaufen, wird es noch g\u00fcnstiger. Express Versand in Deutschland, \u00d6sterreich und der Schweiz.<\/p>\n<div class=\"su-button-center\"><a href=\"https:\/\/www.eco-innovation.eu\/go\/derila-de\" class=\"su-button su-button-style-soft\" style=\"color:#FFFFFF;background-color:#fb5a00;border-color:#c94800;border-radius:9px;-moz-border-radius:9px;-webkit-border-radius:9px\" target=\"_blank\" rel=\"nofollow\"><span style=\"color:#FFFFFF;padding:8px 24px;font-size:18px;line-height:27px;border-color:#fd8c4d;border-radius:9px;-moz-border-radius:9px;-webkit-border-radius:9px;text-shadow:none;-moz-text-shadow:none;-webkit-text-shadow:none\"><i class=\"sui sui-check-circle\" style=\"font-size:18px;color:#FFFFFF\"><\/i> Derila direkt beim Hersteller bestellen (Bis zu -50% Preis Reduktion)<\/span><\/a><\/div>\n","protected":false},"excerpt":{"rendered":"<p>Das Derila Kopfkissen ist ein ergonomisch geformtes Kopfkissen mit hoher R\u00fcckstellkraft. Es passt sich durch den Kern aus Memory Foam jeder Schlafposition an. Der spezielle Schaumstoffkern kehrt nach jeder Umlagerung wieder in seine alte Form zur\u00fcck. So haben alle Schl\u00e4fertypen eine echte St\u00fctze f\u00fcr den Nacken und entlasten zugleich ihre Wirbels\u00e4ule. Das funktioniert mit Derila &#8230; <a title=\"Derila Nackenkissen zum g\u00fcnstigsten Preis kaufen &#8211; Test, Erfahrungen und Bewertung\" class=\"read-more\" href=\"https:\/\/www.eco-innovation.eu\/de\/derila\/\" aria-label=\"Mehr zu Derila Nackenkissen zum g\u00fcnstigsten Preis kaufen &#8211; Test, Erfahrungen und Bewertung\">Weiterlesen &#8230;<\/a><\/p>\n","protected":false},"author":1,"featured_media":0,"parent":0,"menu_order":0,"comment_status":"closed","ping_status":"closed","template":"","meta":{"footnotes":""},"class_list":["post-945","page","type-page","status-publish"],"_links":{"self":[{"href":"https:\/\/www.eco-innovation.eu\/de\/wp-json\/wp\/v2\/pages\/945","targetHints":{"allow":["GET"]}}],"collection":[{"href":"https:\/\/www.eco-innovation.eu\/de\/wp-json\/wp\/v2\/pages"}],"about":[{"href":"https:\/\/www.eco-innovation.eu\/de\/wp-json\/wp\/v2\/types\/page"}],"author":[{"embeddable":true,"href":"https:\/\/www.eco-innovation.eu\/de\/wp-json\/wp\/v2\/users\/1"}],"replies":[{"embeddable":true,"href":"https:\/\/www.eco-innovation.eu\/de\/wp-json\/wp\/v2\/comments?post=945"}],"version-history":[{"count":8,"href":"https:\/\/www.eco-innovation.eu\/de\/wp-json\/wp\/v2\/pages\/945\/revisions"}],"predecessor-version":[{"id":984,"href":"https:\/\/www.eco-innovation.eu\/de\/wp-json\/wp\/v2\/pages\/945\/revisions\/984"}],"wp:attachment":[{"href":"https:\/\/www.eco-innovation.eu\/de\/wp-json\/wp\/v2\/media?parent=945"}],"curies":[{"name":"wp","href":"https:\/\/api.w.org\/{rel}","templated":true}]}}