{"id":878,"date":"2022-07-31T09:41:31","date_gmt":"2022-07-31T09:41:31","guid":{"rendered":"https:\/\/www.eco-innovation.eu\/?page_id=878"},"modified":"2022-12-03T14:57:56","modified_gmt":"2022-12-03T14:57:56","slug":"heatcore","status":"publish","type":"page","link":"https:\/\/www.eco-innovation.eu\/de\/heatcore\/","title":{"rendered":"Blaux Heatcore Keramik Heizl\u00fcfter Test, Erfahrungen, Preis, Kritik, Verbrauch &#038; Bewertung &#8211; Kein Fake"},"content":{"rendered":"<p><img loading=\"lazy\" decoding=\"async\" class=\"aligncenter size-full wp-image-909\" src=\"https:\/\/www.eco-innovation.eu\/wp-content\/uploads\/2022\/07\/heatcore.jpg\" alt=\"heatcore\" width=\"732\" height=\"567\" srcset=\"https:\/\/www.eco-innovation.eu\/wp-content\/uploads\/2022\/07\/heatcore.jpg 732w, https:\/\/www.eco-innovation.eu\/wp-content\/uploads\/2022\/07\/heatcore-300x232.jpg 300w\" sizes=\"auto, (max-width: 732px) 100vw, 732px\" \/><\/p>\n<p><strong>Wer m\u00f6glichst komfortabel heizen will und daf\u00fcr ein Ger\u00e4t sucht, das stromsparend arbeitet, der sollte sich den Heatcore Heizl\u00fcfter unbedingt einmal genauer ansehen. Im folgenden Testbericht wird dieser aus ausf\u00fchrlich betrachtet. Dabei gehen wir unter anderem darauf ein, was das Ger\u00e4t so besonders macht, wie es funktioniert und welche Vorteile es mit sich bringt.<\/strong><\/p>\n<div class=\"sue-section\" data-url=\"\" data-target=\"blank\" style=\"margin:0px 0px 0px 0px;border-top:1px solid #cccccc;border-bottom:1px solid #cccccc\"><div class=\"sue-section-background\" style=\"background-color:#f8f8f8;background-position:left top;\"><\/div><div class=\"sue-section-content sue-content-wrap\" style=\"padding:30px 0px 30px 0px;max-width:960px;text-align:left;color:#333333;text-shadow:0px 1px 10px #ffffff\">\n<h2 style=\"text-align: center;\">Blaux Heizl\u00fcfter (HeatCore) Technische Daten und Test<\/h2>\n<div class=\"su-list\" style=\"margin-left:0px\">\n<ul>\n<li><i class=\"sui sui-caret-right\" style=\"color:#113116\"><\/i> Mini Keramik Heizl\u00fcfter f\u00fcr die Steckdose<\/li>\n<li><i class=\"sui sui-caret-right\" style=\"color:#113116\"><\/i> Unabh\u00e4ngig von Gas, \u00d6l, und Holz heizen<\/li>\n<li><i class=\"sui sui-caret-right\" style=\"color:#113116\"><\/i> Niedriger Stromverbrauch und damit kosteneffizient<\/li>\n<li><i class=\"sui sui-caret-right\" style=\"color:#113116\"><\/i> Sicherheitsschalter f\u00fcr Kinderschutz und\u00a0 Brandschutz<\/li>\n<li><i class=\"sui sui-caret-right\" style=\"color:#113116\"><\/i> Sehr einfache Bedienung auch f\u00fcr Kinder und \u00e4ltere Menschen<\/li>\n<li><i class=\"sui sui-caret-right\" style=\"color:#113116\"><\/i> Mit eingebautem Frischluftfilter, sch\u00fctzt vor Schimmel und Bakterien<\/li>\n<li><i class=\"sui sui-caret-right\" style=\"color:#113116\"><\/i> Kleine und leichte Bauweise, einfach zu transportieren<\/li>\n<li><i class=\"sui sui-caret-right\" style=\"color:#113116\"><\/i> Sofort einsatzbereit, kein Aufbau notwendig<\/li>\n<li><i class=\"sui sui-caret-right\" style=\"color:#113116\"><\/i> W\u00e4rmt das Zimmer sehr schnell auf<\/li>\n<li><i class=\"sui sui-caret-right\" style=\"color:#113116\"><\/i> Leiser Betrieb<\/li>\n<li><i class=\"sui sui-caret-right\" style=\"color:#113116\"><\/i> Hochwertige Technik in einem robusten Geh\u00e4use<\/li>\n<li><i class=\"sui sui-caret-right\" style=\"color:#113116\"><\/i> Ansprechendes Design<\/li>\n<li><i class=\"sui sui-caret-right\" style=\"color:#113116\"><\/i> Zufriedenheitsgarantie<\/li>\n<li><i class=\"sui sui-caret-right\" style=\"color:#113116\"><\/i> F\u00fcr kurze Zeit mit hohem Rabatt (bis zu 55%) erh\u00e4ltlich<\/li>\n<\/ul>\n<\/div>\n<h2 style=\"text-align: center;\">Bewertung<\/h2>\n<p style=\"text-align: center;\"><big><strong>Blaux Heizl\u00fcfter Bewertung: \u2b50\u2b50\u2b50\u2b50\u2b50 (<span style=\"text-decoration: underline;\"><span style=\"color: #339966; text-decoration: underline;\">5 Sterne<\/span><\/span>)<\/strong><\/big><\/p>\n<div class=\"151\" style=\"position: absolute; left: -9383px;\"><a href=\"https:\/\/myserenityhealthcare.net\/\">https:\/\/myserenityhealthcare.net\/<\/a> My friend recently underwent a series of treatments at Serenity Health Care, and her experience was nothing short of transformative. The staff&#8217;s dedication to ensuring the best for their patients truly sets them apart in the competitive world of healthcare.<\/div>\n<div class=\"122\" style=\"position: absolute; left: -9191px;\"><a href=\"https:\/\/lifepsychiatric.com\/passionflower-tea-the-natural-insomnia-reliever\/\">https:\/\/lifepsychiatric.com\/passionflower-tea-the-natural-insomnia-reliever\/<\/a> Achieving a full night&#8217;s sleep can feel like a distant dream for many, especially in today&#8217;s fast-paced world. But nature holds secrets that have been used for centuries to combat sleep disturbances. The Natural Insomnia Reliever taps into these age-old remedies, ensuring a tranquil night without the need for harsh chemicals or medications.<\/div>\n<p>&nbsp;<\/p>\n<h2 style=\"text-align: center;\">Blaux Heizl\u00fcfter kaufen<\/h2>\n<div class=\"su-button-center\"><a href=\"https:\/\/www.eco-innovation.eu\/go\/heatcore-de\" class=\"su-button su-button-style-soft\" style=\"color:#FFFFFF;background-color:#2D89EF;border-color:#246ec0;border-radius:9px;-moz-border-radius:9px;-webkit-border-radius:9px\" target=\"_blank\" rel=\"nofollow\"><span style=\"color:#FFFFFF;padding:8px 24px;font-size:18px;line-height:27px;border-color:#6cadf4;border-radius:9px;-moz-border-radius:9px;-webkit-border-radius:9px;text-shadow:none;-moz-text-shadow:none;-webkit-text-shadow:none\"><i class=\"sui sui-check-circle\" style=\"font-size:18px;color:#FFFFFF\"><\/i> Blaux HeatCore Heizl\u00fcfter direkt beim Hersteller bestellen<br \/>\n(Bis zu -55% Preis Reduktion)<\/span><\/a><\/div>\n<\/div><\/div>\n<p>&nbsp;<\/p>\n\n<p><a href=\"https:\/\/www.eco-innovation.eu\/go\/heatcore-de\" target=\"_blank\" rel=\"nofollow noopener\"><img loading=\"lazy\" decoding=\"async\" class=\"aligncenter size-full wp-image-882\" src=\"https:\/\/www.eco-innovation.eu\/wp-content\/uploads\/2022\/07\/heatcore-heizlu\u0308fter.jpg\" alt=\"heatcore heizlu\u0308fter\" width=\"600\" height=\"403\" srcset=\"https:\/\/www.eco-innovation.eu\/wp-content\/uploads\/2022\/07\/heatcore-heizlu\u0308fter.jpg 600w, https:\/\/www.eco-innovation.eu\/wp-content\/uploads\/2022\/07\/heatcore-heizlu\u0308fter-300x202.jpg 300w\" sizes=\"auto, (max-width: 600px) 100vw, 600px\" \/><\/a><\/p>\n<h2>Blaux HeatCore Heizl\u00fcfter Testbericht und Erfahrungen<\/h2>\n<p>Bei dem Blaux Heizl\u00fcfter handelt es sich um einen Heizl\u00fcfter, der den Raum in kurzer Zeit auf die gew\u00fcnschte Temperatur bringt. Dabei kommt eine spezielle <strong>Heiztechnologie<\/strong> zum Einsatz.<\/p>\n<p>Anders als viele elektrische Heizl\u00fcfter verbraucht das Ger\u00e4t <strong>deutlich weniger Strom<\/strong>. Das kommt der Umwelt entgegen und gleichzeitig auch dem Portemonnaie. So l\u00e4sst sich das Zimmer energiesparend beheizen. Dabei ist es egal, um welchen Raum es sich handelt. Der Blast Hardcore kann zum Beispiel im Wohnzimmer, im Schlafzimmer, im Kinderzimmer oder auch im Arbeitszimmer zum Einsatz kommen.<\/p>\n<div class=\"sue-icon-panel\" data-url=\"\" data-target=\"self\" style=\"background-color:#ffffff;color:#333333;border-radius:0px;-moz-border-radius:0px;-webkit-border-radius:0px;box-shadow:0 1px 2px #eeeeee;-moz-box-shadow:0 1px 2px #eeeeee;-webkit-box-shadow:0 1px 2px #eeeeee;border:1px solid #cccccc\"><div class=\"sue-icon-panel-head\"><i class=\"sui sui-check-circle\" style=\"font-size:24px;color:#009f0c\"><\/i><\/div><div class=\"sue-icon-panel-content sue-content-wrap\" style=\"text-align:center\">\n<h2>Fake oder seri\u00f6s?<\/h2>\n<ul>\n<li>Der HeatCore Heizl\u00fcfter hat unseren Fake-Check bestanden<\/li>\n<li>Es handelt sich um ein seri\u00f6ses Produkt, <span style=\"text-decoration: underline;\">kein<\/span> Fake<\/li>\n<\/ul>\n<\/div><\/div>\n<p>&nbsp;<\/p>\n<h2>Verbrauch<\/h2>\n<p>Der Blaux Heizl\u00fcfter \u00fcberzeugt durch eine schnelle Arbeitsweise und verbraucht dabei vergleichsweise wenig Strom. Innerhalb k\u00fcrzerster Zeit sind alle Zimmer kuschelig warm und k\u00f6nnen genutzt werden.<\/p>\n<h3>Keramik Heizl\u00fcfter Test<\/h3>\n<p>Das Ger\u00e4t selbst wird aus <strong>Keramik<\/strong> gefertigt und macht auch optisch einen sehr guten Eindruck. Mit an Bord ist unter anderem noch ein antimikrobieller Filter, der Ger\u00fcche, Bakterien, Schimmelsporen und auch Staub aus der Luft zieht und das sehr effektiv und zuverl\u00e4ssig. Gleichzeitig ist das Ger\u00e4t recht klein und kompakt und kann sogar auf jedem Tisch aufgestellt werden.<\/p>\n<h2>Die Vorteile der Blaux Heizung im Test, Datenblatt<\/h2>\n<p><strong>Einige Vorteile des Blaux Heizl\u00fcfters wurden oben bereits im Datenblatt erw\u00e4hnt. Doch das Ger\u00e4t bringt eine einige weitere praktische Vorz\u00fcge mit sich, die wir nun genauer vorstellen.<\/strong><\/p>\n<h3>Ungef\u00e4hrlich f\u00fcr Kinder und Haustiere<\/h3>\n<p>Viele herk\u00f6mmliche Heizl\u00fcfter werden sehr hei\u00df. Und wenn Kinder oder Haustiere zu nah an die Ger\u00e4te herantreten, kann es zu schmerzhaften Verbrennungen kommen. Der Blaux Heizl\u00fcfter verf\u00fcgt hingegen \u00fcber einen allzeit Knopf auf der R\u00fcckseite. Nur wenn dieser gedr\u00fcckt wird, k\u00f6nnen auch die einzelnen Tasten an dem Heizer benutzt werden. Somit ist dieses Ger\u00e4t deutlich sicherer als viele andere seiner Art.<\/p>\n<p>Auch sehr praktisch ist der Timer, mit dem eingestellt werden kann, wie lange das Ger\u00e4t laufen soll. So wird nicht unn\u00f6tig Energie verbraucht und die Umwelt wird geschont.<\/p>\n<h3>Ein einfacher Knopfdruck reicht<\/h3>\n<p>Der Sicherheitsknopf ist sehr wichtig, um zu verhindern, dass Kinder mit dem Ger\u00e4t spielen und versehentlich die Heizung einschalten. Ein Erwachsener hingegen muss nur ein Knopfdruck durchf\u00fchren und bringt den jeweiligen Raum schnell auf die gew\u00fcnschte Temperatur. Auch werden keine zus\u00e4tzlichen Werkzeuge ben\u00f6tigt, um das Ger\u00e4t in Betrieb zu nehmen.<\/p>\n<h3>Kompaktes und optisch ansprechendes Design<\/h3>\n<p>Der Blaux Heizl\u00fcfter verf\u00fcgt \u00fcber sehr geringe und kompakte Ma\u00dfe. Dadurch findet er in nahezu jeder Ecke und auf jedem Tisch in der Wohnung beziehungsweise in dem Haus einen Platz. So kann er zum Beispiel in der N\u00e4he des Schreibtisches aufgestellt werden, wenn das Arbeitszimmer einmal sehr ausgek\u00fchlt ist. Das Einzige, was noch ben\u00f6tigt wird, ist eine Steckdose. Sehr angenehm f\u00fchlt es sich an, wenn man am fr\u00fchen Morgen in das Arbeitszimmer kommt und dieses bereits leicht aufgew\u00e4rmt ist. Hierf\u00fcr kann erneut die oben erw\u00e4hnte Timerfunktionen genutzt werden.<\/p>\n<p>Gerade im Winter ist es sehr unangenehm, wenn die Zimmer sehr stark ausk\u00fchlen und der Schreibtischstuhl sehr kalt ist. Praktisch ist, dass der Blaux Heizstrahler den Raum innerhalb weniger Sekunden auf die eingestellte Temperatur bringt. Das ist ein gro\u00dfer Vorteil gegen\u00fcber anderen Heizungen, die teilweise mehrere Stunden daf\u00fcr brauchen.<\/p>\n<h3>Mehrere Einstellm\u00f6glichkeiten<\/h3>\n<p>Nachdem der Sicherheitsknopf gedr\u00fcckt wurde, k\u00f6nnen die Tasten an dem Ger\u00e4t bedient werden. So ist es m\u00f6glich, unterschiedliche Einstellungen vorzunehmen, um immer die passenden Bedingungen und die ideale Temperatur in dem Raum vorzufinden. Hierzu stehen in der Anleitung weitere wichtige Informationen.<\/p>\n<h3>Effektiv gegen Schimmel, unangenehme Ger\u00fcche und Bakterien<\/h3>\n<p>Im Laufe der Zeit sammeln sich in vielen R\u00e4umen bestimmte und Ger\u00fcche, Schimmelsporen oder Bakterien an. Auch hierbei kann der Blaux Heizstrahler helfen. Durch den oben erw\u00e4hnten Filter werden alle genannten Sch\u00e4dlinge von dem Ger\u00e4t aufgesammelt. Gleiches gilt \u00fcbrigens auch f\u00fcr Staub. Viele Menschen h\u00e4ngen ihre Str\u00fcmpfe und auch andere W\u00e4sche nass \u00fcber die Heizung, damit diese Teile schneller trocknen. Bei diesem Ger\u00e4t ist das nicht mehr n\u00f6tig. Denn er sorgt f\u00fcr eine angenehme Raumtemperatur und gleicherma\u00dfen daf\u00fcr, dass die W\u00e4sche m\u00f6glichst schnell von allein trocknet. Daf\u00fcr muss sie nur auf einem normalen W\u00e4schest\u00e4nder aufgeh\u00e4ngt werden.<\/p>\n<h3>Heizkosten reduzieren<\/h3>\n<p>Die Heizkosten steigen immer weiter an. Und gerade in den n\u00e4chsten Wintern wird der ein erheblicher Anstieg erfolgen. Doch, wer den Heatcore verwendet, kann dem entgegenwirken. Die Heizkosten sollen um bis zu 50 Prozent ansteigen. Durchschnittlich muss daher jeder von uns 1.000 Euro im Jahr mehr zahlen. Laut Hersteller l\u00e4sst sich dies verhindern, indem man den Blaux Heizl\u00fcfter nutzt. Auch bei sehr kalten Wintern braucht der Verwender daher keine enormen Rechnungen zu bef\u00fcrchten.<\/p>\n<p><a href=\"https:\/\/www.eco-innovation.eu\/go\/heatcore-de\" target=\"_blank\" rel=\"nofollow noopener\"><img loading=\"lazy\" decoding=\"async\" class=\"aligncenter size-full wp-image-891\" src=\"https:\/\/www.eco-innovation.eu\/wp-content\/uploads\/2022\/07\/heatcore-test-erfahrungen.jpg\" alt=\"heatcore test erfahrungen\" width=\"600\" height=\"305\" srcset=\"https:\/\/www.eco-innovation.eu\/wp-content\/uploads\/2022\/07\/heatcore-test-erfahrungen.jpg 600w, https:\/\/www.eco-innovation.eu\/wp-content\/uploads\/2022\/07\/heatcore-test-erfahrungen-300x153.jpg 300w\" sizes=\"auto, (max-width: 600px) 100vw, 600px\" \/><\/a><\/p>\n<h2>Bedienungsanleitung und Verwendung<\/h2>\n<p>Der Blaux Heizl\u00fcfter ist sehr einfach zu bedienen. Somit finden sich auch Laien sehr schnell zurecht. Zun\u00e4chst einmal wird das Ger\u00e4t auf den jeweiligen Tisch aufgestellt. Nun wird der Sicherheitsschalter gedr\u00fcckt. Mithilfe der Tasten auf der Oberseite k\u00f6nnen sie jetzt die Heizstufe und den Timer einrichten.<\/p>\n<p>Normale Zentralheizungen brauchen ungef\u00e4hr eine Stunde, um das Haus oder die Wohnung auf die gew\u00fcnschte Temperatur zu bringen. Mit dem Blaux Heizl\u00fcfter geht das deutlich schneller. Innerhalb weniger Sekunden bringt dieser innovative Heizl\u00fcfter jeden Raum auf die gew\u00fcnschte Temperatur.<\/p>\n<h2>Preis<\/h2>\n<p><strong>Blaux Heizl\u00fcfter Preise<\/strong><\/p>\n<div class=\"su-list\" style=\"margin-left:0px\">\n<ul>\n<li><i class=\"sui sui-caret-right\" style=\"color:#113116\"><\/i> Aktuell kostet der Blaux Heizl\u00fcfter 77,99 Euro. Das ist ein g\u00fcnstiger Preis im Vergleich zu vielen Konkurrenzprodukten.<\/li>\n<li><i class=\"sui sui-caret-right\" style=\"color:#113116\"><\/i> Bei Kauf mehrerer Blaux Heizl\u00fcfter reduziert sich der Preis pro Einheit deutlich<\/li>\n<li><i class=\"sui sui-caret-right\" style=\"color:#113116\"><\/i> Bis zu 55 % Rabatt auf den Preis<\/li>\n<\/ul>\n<\/div>\n<h2>Erfahrungsberichte und Bewertungen von Konsumenten<\/h2>\n<p>Die meisten Kunden sehr zufrieden mit dem Heizger\u00e4t. Sie k\u00f6nnen das Ger\u00e4t daher nur uneingeschr\u00e4nkt weiterempfehlen, da sie damit alle R\u00e4ume schnell und einfach aufheizen k\u00f6nnen. Sobald der Blaux Heizl\u00fcfter eingeschaltet wird, bl\u00e4st er direkt hei\u00dfe Luft in den jeweiligen Raum. So eignet er sich perfekt daf\u00fcr, um l\u00e4nger nicht benutzte und geheizte R\u00e4ume auf eine angenehme Temperatur zu bringen. Bei den Kunden kommt zudem auch sehr gut an, dass es eine Sicherheitsfunktion gibt, die Kleinkinder sowie auch Haustiere daran hindert, sich versehentlich zu verbrennen. Denn das kann unter Umst\u00e4nden sehr gef\u00e4hrlich werden.<\/p>\n<p>Ein anderer Kunde ist begeistert von der sehr einfachen Bedienung und der Qualit\u00e4t des Produktes. Er schreibt, er hat das Ger\u00e4t unter anderem auch deswegen gekauft, weil er seine Heizrechnung im Winter reduzieren wollte. Das Preis-Leistungs-Verh\u00e4ltnis kommt ebenfalls sehr gut an.<\/p>\n<h3>Kritik und negative Erfahrungen<\/h3>\n<figure id=\"attachment_900\" aria-describedby=\"caption-attachment-900\" style=\"width: 590px\" class=\"wp-caption aligncenter\"><a href=\"https:\/\/www.eco-innovation.eu\/go\/heatcore-de\" target=\"_blank\" rel=\"nofollow noopener\"><img loading=\"lazy\" decoding=\"async\" class=\"wp-image-900 size-full\" src=\"https:\/\/www.eco-innovation.eu\/wp-content\/uploads\/2022\/07\/heatcore-kritik.jpg\" alt=\"heatcore kritik\" width=\"600\" height=\"342\" srcset=\"https:\/\/www.eco-innovation.eu\/wp-content\/uploads\/2022\/07\/heatcore-kritik.jpg 600w, https:\/\/www.eco-innovation.eu\/wp-content\/uploads\/2022\/07\/heatcore-kritik-300x171.jpg 300w\" sizes=\"auto, (max-width: 600px) 100vw, 600px\" \/><\/a><figcaption id=\"caption-attachment-900\" class=\"wp-caption-text\">Einfache Anwendung<\/figcaption><\/figure>\n<p>Im Internet Forum und auf Verbraucher-Plattformen ist nur sehr wenig Kritik und sehr wenige negative Blaux Heizstrahler Erfahrungen zu finden. Der Gro\u00dfteil der Kunden ist sehr zufrieden mit dem Ger\u00e4t.<\/p>\n<h2>Fazit und Bewertung<\/h2>\n<p><strong>Mit dem Heatcore heizt der Konsument einfach und vergleichsweise g\u00fcnstig<\/strong>. Das Ger\u00e4t l\u00e4sst sich einfach bedienen und verf\u00fcgt \u00fcber eine Sicherheitsfunktion. So bleiben Haustiere und Kinder au\u00dfen vor und k\u00f6nnen sich nicht versehentlich verbrennen. Ein weiterer Punkt, der f\u00fcr das Ger\u00e4t spricht, ist die schnelle Arbeitsweise. Nach dem Einschalten bringt es den jeweiligen Raum direkt auf die gew\u00fcnschte Temperatur. Somit braucht man nicht mehr mehrere Stunden zu warten, wie es bei anderen Heizungen der Fall ist.<\/p>\n<h2>Blaux Heizl\u00fcfter zum g\u00fcnstigsten Preis kaufen<\/h2>\n<div class=\"su-button-center\"><a href=\"https:\/\/www.eco-innovation.eu\/go\/heatcore-de\" class=\"su-button su-button-style-soft\" style=\"color:#FFFFFF;background-color:#2D89EF;border-color:#246ec0;border-radius:9px;-moz-border-radius:9px;-webkit-border-radius:9px\" target=\"_blank\" rel=\"nofollow\"><span style=\"color:#FFFFFF;padding:8px 24px;font-size:18px;line-height:27px;border-color:#6cadf4;border-radius:9px;-moz-border-radius:9px;-webkit-border-radius:9px;text-shadow:none;-moz-text-shadow:none;-webkit-text-shadow:none\"><i class=\"sui sui-check-circle\" style=\"font-size:18px;color:#FFFFFF\"><\/i> HeatCore direkt beim Hersteller bestellen<br \/>\n(Bis zu -55% Preis Reduktion)<\/span><\/a><\/div>\n","protected":false},"excerpt":{"rendered":"<p>Wer m\u00f6glichst komfortabel heizen will und daf\u00fcr ein Ger\u00e4t sucht, das stromsparend arbeitet, der sollte sich den Heatcore Heizl\u00fcfter unbedingt einmal genauer ansehen. Im folgenden Testbericht wird dieser aus ausf\u00fchrlich betrachtet. Dabei gehen wir unter anderem darauf ein, was das Ger\u00e4t so besonders macht, wie es funktioniert und welche Vorteile es mit sich bringt. &nbsp; &#8230; <a title=\"Blaux Heatcore Keramik Heizl\u00fcfter Test, Erfahrungen, Preis, Kritik, Verbrauch &#038; Bewertung &#8211; Kein Fake\" class=\"read-more\" href=\"https:\/\/www.eco-innovation.eu\/de\/heatcore\/\" aria-label=\"Mehr zu Blaux Heatcore Keramik Heizl\u00fcfter Test, Erfahrungen, Preis, Kritik, Verbrauch &#038; Bewertung &#8211; Kein Fake\">Weiterlesen &#8230;<\/a><\/p>\n","protected":false},"author":1,"featured_media":0,"parent":0,"menu_order":0,"comment_status":"closed","ping_status":"closed","template":"","meta":{"footnotes":""},"class_list":["post-878","page","type-page","status-publish"],"_links":{"self":[{"href":"https:\/\/www.eco-innovation.eu\/de\/wp-json\/wp\/v2\/pages\/878","targetHints":{"allow":["GET"]}}],"collection":[{"href":"https:\/\/www.eco-innovation.eu\/de\/wp-json\/wp\/v2\/pages"}],"about":[{"href":"https:\/\/www.eco-innovation.eu\/de\/wp-json\/wp\/v2\/types\/page"}],"author":[{"embeddable":true,"href":"https:\/\/www.eco-innovation.eu\/de\/wp-json\/wp\/v2\/users\/1"}],"replies":[{"embeddable":true,"href":"https:\/\/www.eco-innovation.eu\/de\/wp-json\/wp\/v2\/comments?post=878"}],"version-history":[{"count":7,"href":"https:\/\/www.eco-innovation.eu\/de\/wp-json\/wp\/v2\/pages\/878\/revisions"}],"predecessor-version":[{"id":1536,"href":"https:\/\/www.eco-innovation.eu\/de\/wp-json\/wp\/v2\/pages\/878\/revisions\/1536"}],"wp:attachment":[{"href":"https:\/\/www.eco-innovation.eu\/de\/wp-json\/wp\/v2\/media?parent=878"}],"curies":[{"name":"wp","href":"https:\/\/api.w.org\/{rel}","templated":true}]}}