{"id":86,"date":"2021-12-08T15:59:44","date_gmt":"2021-12-08T15:59:44","guid":{"rendered":"https:\/\/www.eco-innovation.eu\/?page_id=86"},"modified":"2023-02-14T19:34:29","modified_gmt":"2023-02-14T19:34:29","slug":"cplus-testosteron-kapseln","status":"publish","type":"page","link":"https:\/\/www.eco-innovation.eu\/de\/cplus-testosteron-kapseln\/","title":{"rendered":"C+ Testosteron Kapseln kaufen \u25b6\ufe0f Rabatt, Test &#038; Erfahrungen"},"content":{"rendered":"<p><img loading=\"lazy\" decoding=\"async\" class=\"aligncenter size-full wp-image-89\" src=\"https:\/\/www.eco-innovation.eu\/wp-content\/uploads\/2021\/12\/c-testosteron-kapseln.jpg\" alt=\"c+ testosteron kapseln\" width=\"504\" height=\"380\" srcset=\"https:\/\/www.eco-innovation.eu\/wp-content\/uploads\/2021\/12\/c-testosteron-kapseln.jpg 504w, https:\/\/www.eco-innovation.eu\/wp-content\/uploads\/2021\/12\/c-testosteron-kapseln-300x226.jpg 300w\" sizes=\"auto, (max-width: 504px) 100vw, 504px\" \/><\/p>\n<p><strong>Mit M\u00e4nnern und ihrer &#8222;M\u00e4nnlichkeit&#8220; ist es immer so eine Sache. Dabei handelt es sich um eine Eigenschaft, die jeder Mann (und auch jede Frau) f\u00fcr sich selbst anders definiert. F\u00fcr manche z\u00e4hlt es als besonders m\u00e4nnlich, k\u00f6rperlich schwere Arbeiten zu verrichten, w\u00e4hrend der andere sich dann besonders m\u00e4nnlich f\u00fchlt, wenn er sich gegen\u00fcber anderen M\u00e4nnern behaupten kann &#8211; ob verbal oder k\u00f6rperlich.<\/strong><\/p>\n<div class=\"sue-section\" data-url=\"\" data-target=\"blank\" style=\"margin:0px 0px 0px 0px;border-top:1px solid #cccccc;border-bottom:1px solid #cccccc\"><div class=\"sue-section-background\" style=\"background-color:#f1fffc;background-position:left top;\"><\/div><div class=\"sue-section-content sue-content-wrap\" style=\"padding:30px 0px 30px 0px;max-width:960px;text-align:left;color:#333333;text-shadow:0px 1px 10px #ffffff\">\n<h2>C+ Testosteron Kapseln Test und Bewertung<\/h2>\n<ul>\n<li><strong>Extrem erfolgreiches Testosteron Produkt (\u00dcber 200.000 Kunden)<\/strong><\/li>\n<li><strong>\ud83c\udf31 100% nat\u00fcrliche und sichere Inhaltsstoffe<\/strong>\n<ul>\n<li>L-Carnitin<\/li>\n<li>L-Arginin<\/li>\n<li>Garcinia Cambogia<\/li>\n<\/ul>\n<\/li>\n<li>Wirkung ist durch klinische <strong>Studien<\/strong> bewiesen<\/li>\n<li><strong>Erh\u00f6ht die m\u00e4nnliche Energie, Leistungsf\u00e4higkeit, das Muskelwachstum, und die Libido<\/strong><\/li>\n<li>Wirkt auch als Potenzmittel<\/li>\n<li>Versandkostenfreie Express-Lieferung<\/li>\n<li>C+ Kapseln sind rezeptfrei in Deutschland, \u00d6sterreich und Schweiz<\/li>\n<li>Sehr gute Erfahrungsberichte von Kunden im Forum und auf Youtube<\/li>\n<li>F\u00fcr kurze Zeit <strong>mit hohem Rabatt erh\u00e4ltlich<\/strong><\/li>\n<li><strong>Unsere Bewertung: <span style=\"color: #008000;\">Ein sehr empfehlenswertes Produkt f\u00fcr M\u00e4nner <\/span><\/strong><\/li>\n<\/ul>\n<a href=\"javascript:;\" class=\"sue-icon sue-icon-no-url\" style=\"font-size:16px;color:#333333;margin:0px 20px 20px 0px\" target=\"_blank\"><i class=\"sui sui-star\" style=\"font-size:32px;line-height:32px;background:#363636;color:#f2f600;-webkit-border-radius:256px;-moz-border-radius:256px;border-radius:256px;padding:4px\"><\/i><\/a><a href=\"javascript:;\" class=\"sue-icon sue-icon-no-url\" style=\"font-size:16px;color:#333333;margin:0px 20px 20px 0px\" target=\"_blank\"><i class=\"sui sui-star\" style=\"font-size:32px;line-height:32px;background:#363636;color:#f2f600;-webkit-border-radius:256px;-moz-border-radius:256px;border-radius:256px;padding:4px\"><\/i><\/a><a href=\"javascript:;\" class=\"sue-icon sue-icon-no-url\" style=\"font-size:16px;color:#333333;margin:0px 20px 20px 0px\" target=\"_blank\"><i class=\"sui sui-star\" style=\"font-size:32px;line-height:32px;background:#363636;color:#f2f600;-webkit-border-radius:256px;-moz-border-radius:256px;border-radius:256px;padding:4px\"><\/i><\/a><a href=\"javascript:;\" class=\"sue-icon sue-icon-no-url\" style=\"font-size:16px;color:#333333;margin:0px 20px 20px 0px\" target=\"_blank\"><i class=\"sui sui-star\" style=\"font-size:32px;line-height:32px;background:#363636;color:#f2f600;-webkit-border-radius:256px;-moz-border-radius:256px;border-radius:256px;padding:4px\"><\/i><\/a><a href=\"javascript:;\" class=\"sue-icon sue-icon-no-url\" style=\"font-size:16px;color:#333333;margin:0px 20px 20px 0px\" target=\"_blank\"><i class=\"sui sui-star\" style=\"font-size:32px;line-height:32px;background:#363636;color:#f2f600;-webkit-border-radius:256px;-moz-border-radius:256px;border-radius:256px;padding:4px\"><\/i><\/a> (5 Sterne)<\/p>\n<h2>C+ Testosteron Kapseln kaufen<\/h2>\n<div class=\"su-button-center\"><a href=\"https:\/\/www.eco-innovation.eu\/go\/cplus-kapseln\" class=\"su-button su-button-style-3d\" style=\"color:#FFFFFF;background-color:#2D89EF;border-color:#246ec0;border-radius:9px;-moz-border-radius:9px;-webkit-border-radius:9px\" target=\"_blank\" rel=\"nofollow\"><span style=\"color:#FFFFFF;padding:0px 24px;font-size:18px;line-height:36px;border-color:#6cadf4;border-radius:9px;-moz-border-radius:9px;-webkit-border-radius:9px;text-shadow:none;-moz-text-shadow:none;-webkit-text-shadow:none\"> C+ Testosteron Kapseln mit Rabatt kaufen<\/span><\/a><\/div>\n<\/div><\/div>\n\n<p><a href=\"https:\/\/www.eco-innovation.eu\/go\/cplus-kapseln\" target=\"_blank\" rel=\"nofollow noopener\"><img loading=\"lazy\" decoding=\"async\" class=\"aligncenter size-full wp-image-97\" src=\"https:\/\/www.eco-innovation.eu\/wp-content\/uploads\/2021\/12\/c-testosteron-kapseln-kaufen.jpg\" alt=\"c+ testosteron kapseln kaufen\" width=\"800\" height=\"387\" srcset=\"https:\/\/www.eco-innovation.eu\/wp-content\/uploads\/2021\/12\/c-testosteron-kapseln-kaufen.jpg 800w, https:\/\/www.eco-innovation.eu\/wp-content\/uploads\/2021\/12\/c-testosteron-kapseln-kaufen-300x145.jpg 300w, https:\/\/www.eco-innovation.eu\/wp-content\/uploads\/2021\/12\/c-testosteron-kapseln-kaufen-768x372.jpg 768w\" sizes=\"auto, (max-width: 800px) 100vw, 800px\" \/><\/a><\/p>\n<h2>Preis<\/h2>\n<ul>\n<li>C+ Testosteron Kapseln Preis: Ab 36,65 \u20ac pro Packung<\/li>\n<li>1x: 49,49 \u20ac<\/li>\n<li>2x: 79,95 \u20ac<\/li>\n<li>3x: 109,95 \u20ac<\/li>\n<li>(Bei dm und Rossmann kann man die C+ Triple Performance Kapseln nicht kaufen)<\/li>\n<\/ul>\n<h2>C+ Testosteron Kapseln Erfahrungsbericht<\/h2>\n<p>Allerdings d\u00fcrfte sich so ziemlich jeder Mann in seiner M\u00e4nnlichkeit best\u00e4rkt f\u00fchlen, wenn er dazu in der Lage ist, eine Frau auf intimer Ebene erfreuen zu k\u00f6nnen. Tats\u00e4chlich prahlen viele M\u00e4nner sogar damit, insbesondere vor ihren Geschlechtsgenossen. Allerdings gibt es im Leben eines Mannes durchaus auch Situationen und Momente, an denen er aufgrund k\u00f6rperlicher (oder emotionaler) Hindernisse nicht dazu in der Lage ist, eine Frau auf diese Weise zu begl\u00fccken.<\/p>\n<p>Solche physischen und psychischen Blockaden k\u00f6nnen viele Ursachen haben. Im Laufe der Zeit ist jedoch ein bestimmtes Nahrungserg\u00e4nzungsmittel entwickelt worden, das betroffenen M\u00e4nnern dabei helfen soll, derartige Blockaden zu \u00fcberwinden, um in solchen F\u00e4llen eine Frau doch noch gl\u00fccklich machen zu k\u00f6nnen. Bei diesen Nahrungserg\u00e4nzungsmitteln handelt es sich um Testosteron Kapseln (auch &#8222;<strong>C+ Triple Performance Kapseln<\/strong>&#8222;) genannt. Die Hersteller dieses Mittels geben auf ihrer Website an, dass dieser Testosteronverst\u00e4rker das &#8222;Privatleben&#8220; eines Mannes massiv positiv beeinflussen kann, wenn solch ein Mann im Vorfeld Schwierigkeiten mit seiner intimen Leistungsf\u00e4higkeit hatte. Die Kapseln sollen f\u00fcr eine wesentlich l\u00e4ngere Ausdauer, gr\u00f6\u00dfere Vitalit\u00e4t, und vor allem f\u00fcr eine h\u00e4rtere Erektion sorgen.<\/p>\n<h2>C+ Kapseln Testosteron Kapseln Erfahrungen<\/h2>\n<p>Wie bereits erl\u00e4utert, handelt es sich bei den <strong>C+ Testosteron Kapseln<\/strong> um Nahrungserg\u00e4nzungsmittel, die zu einer gr\u00f6\u00dferen Menge an Testosteron im K\u00f6rper beitragen sollen. Ihr Verwendungszweck besteht in erster Linie aus der Verbesserung des m\u00e4nnlichen (und demzufolge auch weiblichen) Lebens. Sie wirken sich zudem positiv auf die Vitalit\u00e4t, und auf die selbst empfundene M\u00e4nnlichkeit aus.<\/p>\n<p>Durch den Konsum dieser Kapsel ist es vielen M\u00e4nnern m\u00f6glich, <strong>wesentlich mehr Energie und Selbstvertrauen<\/strong> aufzubauen, da m\u00f6gliche Blockaden durch den Konsum dieser Kapseln deutlich unwahrscheinlicher werden. Die Formel innerhalb dieses Nahrungserg\u00e4nzungsmittels erh\u00f6ht im m\u00e4nnlichen K\u00f6rper sowohl den <strong>Testosteronspiegel<\/strong>, als auch die Blutzirkulation &#8211; insbesondere im Intimbereich des Mannes, um eine deutlich erh\u00f6hte Libido zu erm\u00f6glichen.<\/p>\n<p>Damit k\u00f6nnen M\u00e4nner, die Schwierigkeiten mit ihrer Leistungsf\u00e4higkeit haben, diese mithilfe von C+ Testosteron Kapseln wieder deutlich verbessern, sodass man wieder erf\u00fcllenden Liebesverkehr mit der besseren H\u00e4lfte genie\u00dfen kann, was sich schlie\u00dflich wiederum auch positiv auf die Beziehung an sich auswirken kann.<\/p>\n<h2>Wirkung<\/h2>\n<p>Die Art und Weise, wie derartige Testosteron-Kapseln im menschlichen K\u00f6rper wirken, verl\u00e4uft relativ simpel, und ist auch ebenso einfach zu verstehen. In erster Linie wirken sich diese Kapseln haupts\u00e4chlich auf die <strong>Blutzirkulation<\/strong> aus, indem diese deutlich angekurbelt wird.<\/p>\n<p><strong>Dadurch kann wesentlich mehr Blut in die Schwellk\u00f6rper flie\u00dfen<\/strong>, sodass wesentlich mehr Blut in den Intimbereich des Mannes flie\u00dfen kann, um sowohl die Gr\u00f6\u00dfe, als auch den Umfang des Gliedes zu erh\u00f6hen, um eine Erektion so lange wie m\u00f6glich aufrechtzuerhalten (solange es im gesunden Rahmen bleibt). Um die Schwellk\u00f6rper herum wird die Zellbildung massiv verbessert, wodurch sich eine regelrechte Wand um die Schwellk\u00f6rper herum bildet. Diese Wand sorgt daf\u00fcr, dass mehr zirkulierendes Blut gespeichert wird, um es direkt in den Intimbereich des Mannes zu schicken.<\/p>\n<h3>C+ Testosteron Tabletten Testbericht<\/h3>\n<p>Dieses Nahrungserg\u00e4nzungsmittel kommt in der Regel in Kapsel- oder Pillenform daher. Im Detail sieht die Wirkung so aus, dass durch dieses Mittel die Konzentration von Testosteron im K\u00f6rper deutlich erh\u00f6ht wird. Testosteron ist ein Hormon, das f\u00fcr den funktionierenden Antrieb des Mannes zust\u00e4ndig ist. Es wirkt sich positiv auf die Erektionen, die Libido, und nicht zuletzt auf die Orgasmen aus, die ein Mann erleben kann. Des Weiteren sind die Kapseln f\u00fcr den menschlichen K\u00f6rper auch sehr zuverl\u00e4ssige Energiespender, durch deren Hilfe man als Mann auch gut und gerne mal die ganze Nacht \u00fcber durchhalten kann.<\/p>\n<h2>Inhaltsstoffe<\/h2>\n<p>Die enthaltenen Wirkstoffe dieser Testosteron-Kapseln zeichnen sich haupts\u00e4chlich dadurch aus, dass sie sich anregend auf die\u00a0 Leistungsf\u00e4higkeit des Konsumenten auswirken. Des Weiteren sollen sie <strong>keinerlei Nebenwirkungen<\/strong> mitbringen, sodass stets eine sichere Einnahme dieser Kapseln gew\u00e4hrleistet sein soll.<\/p>\n<p>Ein Grund daf\u00fcr ist die Tatsache, dass die C+ Potenzmittel Kapseln <strong>ausschlie\u00dflich mit nat\u00fcrlichen Inhaltsstoffen<\/strong> hergestellt werden, um die Wahrscheinlichkeit f\u00fcr Nebenwirkungen so gut es geht zu minimieren. Die Liste der Inhaltsstoffe dieser Kapseln sieht wie folgt aus:<\/p>\n<h3>L-Carnitin<\/h3>\n<p>Dies ist eine Verbindung aus Aminos\u00e4uren, die sich auch von Haus aus schon selbst im menschlichen Stoffwechsel wiederfinden l\u00e4sst. Diese Substanz \u00e4hnelt vom Aufbau her klassischen Vitaminen, und sorgt haupts\u00e4chlich f\u00fcr den Transport von langkettigen Fetts\u00e4uren aus dem Blutstrom in die Mitochondrien. Diese befinden sich in den menschlichen Zellen, und sorgen f\u00fcr die Verbrennung der Fetts\u00e4uren, wodurch diese in Energie umgewandelt werden.<\/p>\n<h3>Garcinia Cambogia (Extrakt)<\/h3>\n<p>Hierbei handelt es sich im Grunde um eine Frucht, die vor allem im s\u00fcd\u00f6stlichen Asien vorkommt. Und von dieser Frucht kann ein bestimmtes Extrakt gewonnen werden, welches auch in zahlreichen Nahrungserg\u00e4nzungsmitteln verarbeitet wird &#8211; genau wie in den C++ Triple Performance Kapseln. Dar\u00fcber hinaus bringt dieses Extrakt auch die sogenannte &#8222;Hydroxyzitronens\u00e4ure&#8220; (HCA) mit sich, welche sich besonders positiv auf den allgemeinen Antrieb bei M\u00e4nnern auswirkt, was wiederum zu einem deutlich aktiveren Lebensstil beitr\u00e4gt.<\/p>\n<h3>L-Arginin<\/h3>\n<p>Diese Aminos\u00e4ure wird ebenfalls schon im eigenen K\u00f6rper hergestellt, und sorgt f\u00fcr eine wesentlich bessere Durchblutung im K\u00f6rper. Neben einer verringerten erektilen Dysfunktion sorgt L-Arginin noch f\u00fcr ein geringeres Risiko, Bluthochdruck oder Herzerkrankungen zu bekommen.<\/p>\n<h2>Stiftung Warentest<\/h2>\n<p>Die C+ Kapseln wurden von Stiftung Warentest noch nicht getestet. Sie wurden auch nicht bei H\u00f6hle der L\u00f6wen vorgestellt. Berichte dar\u00fcber sind fake.<\/p>\n<h2>Einnahme und Dosierung<\/h2>\n<p>Damit die Kapseln auch ihre volle Wirkung entfalten k\u00f6nnen, um auch wirklich das Intimleben des Konsumenten zu verbessern, sollten die C+ Testosteron Tabletten folgenderma\u00dfen eingenommen werden: Laut dem Hersteller bel\u00e4uft sich die empfohlene Tagesdosis auf ca. 2 Kapseln pro Tag, die optimalerweise etwa eine halbe Stunde vor dem\u00a0 Akt eingenommen werden sollten.<\/p>\n<p>Au\u00dferdem ist es wichtig, dass C+ Testsoteron Kapseln vor allem regelm\u00e4\u00dfig eingenommen werden. Und zwar \u00fcber einen Zeitraum von mindestens zwei bis drei Monaten hinweg. \u00dcber den Zeitraum des Konsums sollte auch stets ein Arzt zurate gezogen werden k\u00f6nnen, um m\u00f6gliche \u00dcberdosierungen zu vermeiden.<\/p>\n<h2>C+ Testosteron Kapseln zum g\u00fcnstigsten Preis bestellen<\/h2>\n<div class=\"su-button-center\"><a href=\"https:\/\/www.eco-innovation.eu\/go\/cplus-kapseln\" class=\"su-button su-button-style-3d\" style=\"color:#FFFFFF;background-color:#2D89EF;border-color:#246ec0;border-radius:9px;-moz-border-radius:9px;-webkit-border-radius:9px\" target=\"_blank\" rel=\"nofollow\"><span style=\"color:#FFFFFF;padding:0px 24px;font-size:18px;line-height:36px;border-color:#6cadf4;border-radius:9px;-moz-border-radius:9px;-webkit-border-radius:9px;text-shadow:none;-moz-text-shadow:none;-webkit-text-shadow:none\"> C+ Testosteron Kapseln mit Rabatt kaufen<\/span><\/a><\/div>\n","protected":false},"excerpt":{"rendered":"<p>Mit M\u00e4nnern und ihrer &#8222;M\u00e4nnlichkeit&#8220; ist es immer so eine Sache. Dabei handelt es sich um eine Eigenschaft, die jeder Mann (und auch jede Frau) f\u00fcr sich selbst anders definiert. F\u00fcr manche z\u00e4hlt es als besonders m\u00e4nnlich, k\u00f6rperlich schwere Arbeiten zu verrichten, w\u00e4hrend der andere sich dann besonders m\u00e4nnlich f\u00fchlt, wenn er sich gegen\u00fcber anderen &#8230; <a title=\"C+ Testosteron Kapseln kaufen \u25b6\ufe0f Rabatt, Test &#038; Erfahrungen\" class=\"read-more\" href=\"https:\/\/www.eco-innovation.eu\/de\/cplus-testosteron-kapseln\/\" aria-label=\"Mehr zu C+ Testosteron Kapseln kaufen \u25b6\ufe0f Rabatt, Test &#038; Erfahrungen\">Weiterlesen &#8230;<\/a><\/p>\n","protected":false},"author":1,"featured_media":0,"parent":0,"menu_order":0,"comment_status":"closed","ping_status":"closed","template":"","meta":{"footnotes":""},"class_list":["post-86","page","type-page","status-publish"],"_links":{"self":[{"href":"https:\/\/www.eco-innovation.eu\/de\/wp-json\/wp\/v2\/pages\/86","targetHints":{"allow":["GET"]}}],"collection":[{"href":"https:\/\/www.eco-innovation.eu\/de\/wp-json\/wp\/v2\/pages"}],"about":[{"href":"https:\/\/www.eco-innovation.eu\/de\/wp-json\/wp\/v2\/types\/page"}],"author":[{"embeddable":true,"href":"https:\/\/www.eco-innovation.eu\/de\/wp-json\/wp\/v2\/users\/1"}],"replies":[{"embeddable":true,"href":"https:\/\/www.eco-innovation.eu\/de\/wp-json\/wp\/v2\/comments?post=86"}],"version-history":[{"count":10,"href":"https:\/\/www.eco-innovation.eu\/de\/wp-json\/wp\/v2\/pages\/86\/revisions"}],"predecessor-version":[{"id":101,"href":"https:\/\/www.eco-innovation.eu\/de\/wp-json\/wp\/v2\/pages\/86\/revisions\/101"}],"wp:attachment":[{"href":"https:\/\/www.eco-innovation.eu\/de\/wp-json\/wp\/v2\/media?parent=86"}],"curies":[{"name":"wp","href":"https:\/\/api.w.org\/{rel}","templated":true}]}}