{"id":829,"date":"2022-07-15T16:20:36","date_gmt":"2022-07-15T16:20:36","guid":{"rendered":"https:\/\/www.eco-innovation.eu\/?page_id=829"},"modified":"2022-07-15T16:20:36","modified_gmt":"2022-07-15T16:20:36","slug":"matcha-slim","status":"publish","type":"page","link":"https:\/\/www.eco-innovation.eu\/de\/matcha-slim\/","title":{"rendered":"Matcha Slim kaufen: Test, Erfahrungen &#038; Bewertung &#8211; dm, Rossmann (Kein Fake)"},"content":{"rendered":"<p><img loading=\"lazy\" decoding=\"async\" class=\"aligncenter size-full wp-image-833\" src=\"https:\/\/www.eco-innovation.eu\/wp-content\/uploads\/2022\/07\/Matcha-Slim.jpg\" alt=\"Matcha Slim\" width=\"600\" height=\"600\" srcset=\"https:\/\/www.eco-innovation.eu\/wp-content\/uploads\/2022\/07\/Matcha-Slim.jpg 600w, https:\/\/www.eco-innovation.eu\/wp-content\/uploads\/2022\/07\/Matcha-Slim-300x300.jpg 300w, https:\/\/www.eco-innovation.eu\/wp-content\/uploads\/2022\/07\/Matcha-Slim-150x150.jpg 150w\" sizes=\"auto, (max-width: 600px) 100vw, 600px\" \/><\/p>\n<p><strong>Wer tr\u00e4umt nicht davon, durch einen wohlschmeckenden Di\u00e4t-Drink innerhalb eines Monats 15 Kilo weniger zu wiegen? Bisher galten solche Versprechungen als unseri\u00f6s. Bei Matcha Slim wird nichts versprochen. Es wird vielmehr durch eine Studie bewiesen, dass solche Abnahmeerfolge durchaus m\u00f6glich sind. Nicht nur das: Man nimmt hinterher nicht wieder zu. Der Jo-Jo-Effekt wird ausgehebelt. Das klingt ganz so, als sollten alle \u00dcbergewichtigen <a href=\"https:\/\/www.eco-innovation.eu\/go\/matcha-de\" target=\"_blank\" rel=\"nofollow noopener\">Matcha Slim probieren<\/a>.<\/strong><\/p>\n<div class=\"sue-section\" data-url=\"\" data-target=\"blank\" style=\"margin:0px 0px 0px 0px;border-top:1px solid #cccccc;border-bottom:1px solid #cccccc\"><div class=\"sue-section-background\" style=\"background-color:#f8f8f8;background-position:left top;\"><\/div><div class=\"sue-section-content sue-content-wrap\" style=\"padding:30px 0px 30px 0px;max-width:960px;text-align:left;color:#333333;text-shadow:0px 1px 10px #ffffff\">\n<h2>Test und Bewertung<\/h2>\n<div class=\"su-list\" style=\"margin-left:0px\">\n<ul>\n<li><i class=\"sui sui-caret-right\" style=\"color:#113116\"><\/i> Nur nat\u00fcrliche Inhaltsstoffe<\/li>\n<li><i class=\"sui sui-caret-right\" style=\"color:#113116\"><\/i> <strong>M\u00f6gliche Wirkungen<\/strong>\n<ul>\n<li><i class=\"sui sui-caret-right\" style=\"color:#113116\"><\/i> Beschleunigung des Stoffwechsels<\/li>\n<li><i class=\"sui sui-caret-right\" style=\"color:#113116\"><\/i> Entgiftung des K\u00f6rpers<\/li>\n<li><i class=\"sui sui-caret-right\" style=\"color:#113116\"><\/i> Dauerhafte Gewichtsreduktion m\u00f6glich<\/li>\n<li><i class=\"sui sui-caret-right\" style=\"color:#113116\"><\/i> Lipolyse und Fettverbrennung werden aktiviert<\/li>\n<li><i class=\"sui sui-caret-right\" style=\"color:#113116\"><\/i> Mehr Vitalit\u00e4t und h\u00f6heres Leistungsverm\u00f6gens<\/li>\n<li><i class=\"sui sui-caret-right\" style=\"color:#113116\"><\/i> M\u00fcdigkeit wird verringert<\/li>\n<li><i class=\"sui sui-caret-right\" style=\"color:#113116\"><\/i> Verbesserung der allgemeinen Gesundheit<\/li>\n<li><i class=\"sui sui-caret-right\" style=\"color:#113116\"><\/i> Die Haut wird straffer<\/li>\n<li><i class=\"sui sui-caret-right\" style=\"color:#113116\"><\/i> Besseres Schlafverhaltens und Schlafphasen<\/li>\n<li><i class=\"sui sui-caret-right\" style=\"color:#113116\"><\/i> Cholesterinspiegels senken<\/li>\n<\/ul>\n<\/li>\n<li><i class=\"sui sui-caret-right\" style=\"color:#113116\"><\/i> Versandkostenfrei bestellen<\/li>\n<li><i class=\"sui sui-caret-right\" style=\"color:#113116\"><\/i> <strong>Nicht<\/strong> erh\u00e4ltlich bei dm, Rossmann, M\u00fcller, Rewe, Apotheke und Amazon<\/li>\n<li><i class=\"sui sui-caret-right\" style=\"color:#113116\"><\/i> Momentan mit <a href=\"https:\/\/www.eco-innovation.eu\/go\/matcha-de\" target=\"_blank\" rel=\"noopener\"><strong>50% Rabatt<\/strong><\/a> erh\u00e4ltlich<\/li>\n<\/ul>\n<\/div>\n<p><big><strong>Bewertung: \u2b50\u2b50\u2b50\u2b50\u2b50 (SEHR GUT)<\/strong><\/big><\/p>\n<p>&nbsp;<\/p>\n<h2>Original Matcha Slim g\u00fcnstig kaufen<\/h2>\n<div class=\"su-button-center\"><a href=\"https:\/\/www.eco-innovation.eu\/go\/matcha-de\" class=\"su-button su-button-style-3d\" style=\"color:#FFFFFF;background-color:#2D89EF;border-color:#246ec0;border-radius:9px;-moz-border-radius:9px;-webkit-border-radius:9px\" target=\"_blank\" rel=\"nofollow\"><span style=\"color:#FFFFFF;padding:0px 24px;font-size:18px;line-height:36px;border-color:#6cadf4;border-radius:9px;-moz-border-radius:9px;-webkit-border-radius:9px;text-shadow:none;-moz-text-shadow:none;-webkit-text-shadow:none\"> Matcha Slim mit 50% Rabatt bestellen<\/span><\/a><\/div>\n<p>&nbsp;<\/p>\n<h2>Preis<\/h2>\n<p>Momentan kann man Matcha Slim zum 50% reduzierten Preis kaufen.<\/p>\n<\/div><\/div>\n<p>&nbsp;<\/p>\n\n<p>&nbsp;<\/p>\n<h2>Fake?<\/h2>\n<p>Ist Matcha Slim ein Fake Produkt?<\/p>\n<p>Nein. Matcha Slim hat unseren Fake-Check bestanden. Es handelt sich um ein seri\u00f6ses Produkt.<\/p>\n<h2>Matcha Slim Testbericht und Erfahrungen<\/h2>\n<p>Die meisten Menschen m\u00f6chten genauer wissen, warum ein Di\u00e4tmittel besser funktionieren soll als andere. Skepsis ist bei Di\u00e4tmitteln, die viel versprechen, in der Regel berechtigt. Doch es f\u00e4llt auf, dass Asiaten, die Matche Tee trinken, meist eine schlanke Figur haben. Das liegt zum einen an der asiatischen K\u00fcche, die fettarm und gem\u00fcsereich ist. Matcha ist ein pulvriger Gr\u00fcntee-Extrakt, der bei der japanischen Teezeremonie eine Rolle spielt. Das Getr\u00e4nk belebt. Es ist reich an Antioxidantien. Asiaten genie\u00dfen Matcha in dem Bewusstsein, sich etwas Gutes zu tun.<\/p>\n<p><strong>Um daraus einen Matcha Slim zu machen, muss der Matcha Tee aber <span style=\"text-decoration: underline;\">besondere Eigenschaften<\/span> mitbringen.<\/strong><\/p>\n<p><a href=\"https:\/\/www.eco-innovation.eu\/go\/matcha-de\" target=\"_blank\" rel=\"nofollow noopener\"><img loading=\"lazy\" decoding=\"async\" class=\"aligncenter size-full wp-image-842\" src=\"https:\/\/www.eco-innovation.eu\/wp-content\/uploads\/2022\/07\/Matcha-Slim-dm.jpg\" alt=\"Matcha Slim dm\" width=\"600\" height=\"429\" srcset=\"https:\/\/www.eco-innovation.eu\/wp-content\/uploads\/2022\/07\/Matcha-Slim-dm.jpg 600w, https:\/\/www.eco-innovation.eu\/wp-content\/uploads\/2022\/07\/Matcha-Slim-dm-300x215.jpg 300w\" sizes=\"auto, (max-width: 600px) 100vw, 600px\" \/><\/a><\/p>\n<h2>Was ist Matcha Slim?<\/h2>\n<p>Matcha Slim ist ein <strong>Gr\u00fcntee-haltiges Di\u00e4t-Getr\u00e4nk<\/strong>, das beim Abnehmen unterst\u00fctzt. Viele Unternehmen forschen auf dem Gebiet der Gewichtsabnahme. Sie m\u00f6chten ein genie\u00dfbares Di\u00e4t-Produkt herstellen, das funktioniert.<\/p>\n<p>Die Entwicklung von Matcha Slim basiert auf ausgiebigen Forschungen, die im M\u00fcnchner &#8222;<strong>Institut f\u00fcr Lebensmittelwissenschaft und Technologie<\/strong>&#8220; vorgenommen wurden. Die Frage war: Was ist die optimale Vorbedingung f\u00fcr ein erstrebenswertes K\u00f6rpergewicht, eine schlanke Figur und ein gesundes und langes Leben? Gr\u00fcntee-Extrakte werden bereits in vielen Di\u00e4tmitteln genutzt. Der Blick auf den Gr\u00fcntee lag also nahe. Es sollte um ein nat\u00fcrliches Di\u00e4tmittel gehen.<\/p>\n<p>Die Forscher bemerkten, dass buddhistische M\u00f6nche trotz geringer Schlafdauer und anstrengenden Textstudien stets vital, gut gelaunt und schlank wirkten. W\u00e4hrend tibetische Buddhisten gesalzenen Buttertee bevorzugen, trinken buddhistische M\u00f6nche in Japan bevorzugt Matcha Tee. Nach vielen Studien zum Thema wurde erkennbar, dass dieser antioxidantienreiche Gr\u00fcntee den Organismus nicht nur mit Energie versorgt, sondern auch die Fettverbrennung stimuliert.<\/p>\n<p>Die Untersuchung von Matcha Tee ergab, dass dieser Gr\u00fcntee <strong>besonders reich an Substanzen wie Chlorophyll, L-Theanin, Theophyllin, Riboflavin und Retinol sowie Katechinen<\/strong> ist. Diese Inhaltsstoffe beschleunigen nachweislich die Fettverbrennung, in Fachkreisen als Lipolyse bekannt. Es geht dabei um die Verbrennung k\u00f6rpereigener bzw. im K\u00f6rper eingelagerter Fettdepots zur Energiegewinnung.<\/p>\n<p>W\u00e4hrend die Anlage von Fettdepots f\u00fcr Notzeiten eine sinnvolle Ma\u00dfnahme darstellt, wird der Organismus durch eine best\u00e4ndig hochkalorische Ern\u00e4hrungsweise dazu gezwungen, \u00fcbersch\u00fcssige Fettkalorien zwischenzuspeichern. Er gewinnt seine Energie bevorzugt aus den reichlich vorhandenen Kohlenhydraten. Viele der aufgenommenen Fettkalorien ben\u00f6tigt er daher nicht. Hungersn\u00f6te und Notzeiten gibt es jedoch in zivilisierten Staaten nicht mehr. An buchst\u00e4blich jeder Stra\u00dfenecke stehen Nahrungsmittel zur Verf\u00fcgung.<\/p>\n<p>Das kalorische \u00dcberangebot und die zwangsweise eingelagerten, nicht f\u00fcr die Energiegewinnung ben\u00f6tigten Fettreserven f\u00fchren auf Dauer zu \u00dcbergewicht und Adipositas. Die angefutterten Kilos wieder loszuwerden, besch\u00e4ftigt mittlerweile eine ganze Industrie. Matcha Tee ist in der Lage, Giftstoffe zu absorbieren und auszuleiten. Davon profitiert der Verdauungsapparat. Matcha Tee ist also schon in seiner Reinform gesundheitsf\u00f6rderlich. Als Matcha Slim wirkt er noch effektiver. Verantwortlich daf\u00fcr ist die Anreicherung des Matcha Tees mit Taurin und Zitronenextrakt.<\/p>\n<p><strong>Matcha Slim unterst\u00fctzt jede Di\u00e4tma\u00dfnahme, ohne den Organismus zu belasten<\/strong>. Gr\u00fcntee belebt bekanntlich. Er untergr\u00e4bt das Laune-Tief, das jede Di\u00e4t begleitet. Er n\u00e4hrt und liefert jede Menge gesunder Inhaltsstoffe, die schon von Natur aus der Fettverbrennung auf die Spr\u00fcnge helfen. Durch die Aufbereitung zu Matcha Slim wird diese Eigenschaft noch verst\u00e4rkt. Zudem leitet der Organismus verdauungsbedingte Spaltprodukte aus dem Organismus. Die Folge ist erh\u00f6htes Wohlbefinden. Fetteinlagerungen im Organismus werden durch den Genuss von Matcha Slim nach und nach aufgel\u00f6st.<\/p>\n<p>Original Matcha Slim liefert binnen eines Monats \u00fcberzeugende Di\u00e4t-Ergebnisse. Deswegen ist Gr\u00fcntee-Extrakt mittlerweile eines der f\u00fchrenden Di\u00e4tmittel. Noch erfreulicher ist, dass Matcha Slim nach Ende der Di\u00e4t eine neuerliche Gewichtszunahme unterbindet. Das ist einzigartig. Empfohlen wird, zweimal im Jahr eine Monatskur mit Matcha Slim vorzunehmen. Damit ist gew\u00e4hrleistet, dass die verlorenen Kilos nicht wieder auf das K\u00f6rpergewicht addiert werden.<\/p>\n<p>Das Problem aller Di\u00e4ten ist, dass die meisten Menschen in der Folge wieder zunehmen. Oft wiegen sie ein Jahr sp\u00e4ter mehr als zuvor. Den sogenannten Jo-Jo-Effekt ebenfalls auszuschalten, war ein Bestreben der Entwickler von Matcha Slim. Zudem ging es darum, eine Di\u00e4t oder eine Ern\u00e4hrungsumstellung sinnvoll zu begleiten statt eine neue Crash-Di\u00e4t zu entwickeln, die vor vorneherein nicht funktionieren kann.<\/p>\n<h2>Anwendungsbereich<\/h2>\n<p>Der Anwendungsbereich von Matcha Slim ist <strong>jede Form von \u00dcbergewicht bis hin zu Adipositas<\/strong>. Viele Menschen m\u00f6chten oder m\u00fcssten \u00fcbersch\u00fcssiges K\u00f6rpergewicht abbauen &#8211; zum Beispiel wegen Diabetes oder Bluthochdruck, wegen \u00fcberlasteter Gelenke oder Wasser in den Beinen.<\/p>\n<p>Oft geht es nur um das <strong>Wiedererlangen einer attraktiven Bikini-Figur<\/strong>. Daf\u00fcr gen\u00fcgt eine normale Di\u00e4t mit reduzierter Kalorienaufnahme. In anderen F\u00e4llen sind jedoch 15-30 Kilo an \u00dcbergewicht zusammengekommen. Hier bedarf es dann besonderer Anstrengungen, um den angestrebten Gewichtsverlust zu erreichen. Matcha Slim unterst\u00fctzt Menschen mit erheblichem \u00dcbergewicht dabei, binnen eines Monates bis zu 15 Kilo \u00dcbergewicht abzubauen.<\/p>\n<p>Der Vorteil dieses Di\u00e4tmittels ist, dass es auf nat\u00fcrlichen und <strong>wissenschaftlich erforschten Wirkstoffen<\/strong> beruht. Ein speziell aufbereiteter, in seinen nat\u00fcrlichen Eigenschaften optimierter Gr\u00fcntee ist nicht nur gesund, sondern gesundheitsf\u00f6rderlich. Er ist ein exzellenter Fettverbrenner.<\/p>\n<h2>Wirkung<\/h2>\n<p>Matcha Slim regt durch seine nat\u00fcrlichen Inhaltsstoffe den <strong>Fettstoffwechsel<\/strong> an. Er versorgt den Organismus mit Basen und spendet ihm Energie. Wie jeder wei\u00df, ist ein Energie-Tief eine der Folgen einer Di\u00e4t. Au\u00dferdem verursacht eine Di\u00e4t oft schlechte Laune. Auch daran kann Matcha Slim etwas \u00e4ndern. Dieser Gr\u00fcntee ist daf\u00fcr bekannt, eine anhaltend belebende Wirkung zu haben. Zudem s\u00e4ttigt er leicht. Schon das verbessert die Laune. Dass Matche Slim eingespeicherte Fettzellen verbrennt, passiert unbemerkt.<\/p>\n<p>In der ersten Woche, in der Matcha Slim genutzt wird, passt sich der Organismus der Zufuhr der im Matcha Tee enthaltenen Zutaten an. <strong>Man f\u00fchlt sich angenehm belebt, zugleich aber ausgeglichen<\/strong>. Der <strong>Appetit scheint gez\u00fcgelt zu werden<\/strong>. Die <strong>Schlafqualit\u00e4t verbessert sich<\/strong>. Auch im Schlaf werden Fettkalorien abgebaut. Nach der ersten Woche zeigt die Waage einen Gewichtsverlust von zwei bis vier Kilo an.<\/p>\n<p><strong>In Woche zwei beginnt die Entgiftungsphase<\/strong>. Der Effekt des Matcha Slim wirkt l\u00f6send. Nahrungs- und Verdauungstoxine werden ausgeleitet, die Einlagerung von Wasser und Fettzellen reduziert sich. Die Verdauungst\u00e4tigkeit wird optimiert. Der in der Summe erzielte Gewichtsverlust liegt am Ende der zweiten Woche bei f\u00fcnf bis sieben Kilogramm.<\/p>\n<p>Die <strong>gesteigerte Fettverbrennung<\/strong> macht sich in der dritten Woche deutlich bemerkbar. Die zunehmende Aufl\u00f6sung von Fettpolstern und die beschleunigte Oxidation machen sich an weiteren Gewichtsverlusten bemerkbar. Bauch- oder Schenkelumfang fallen nun messbar geringer aus. Der Gewichtsverlust betr\u00e4gt in der Summe acht bis 12 Kilogramm &#8211; vorausgesetzt, Sie haben Ihre Di\u00e4t durchgehalten, jeder kalorischen Versuchung widerstanden und stattdessen Ihren Matcha Slim getrunken.<\/p>\n<p>In Woche vier k\u00f6nnen Sie die bisher erzielten Gewichtsverluste konsolidieren. Nun wird der <strong>Kohlenhydrat-Stoffwechsel<\/strong> optimiert. Weitere Kalorien werden zu Energie verbrannt. Neue Fetteinlagerungen werden nicht vorgenommen, weil der t\u00e4gliche Energiebedarf erh\u00f6ht ist. Selbst bei leicht erh\u00f6hter Kalorienaufnahme wird keine neuerliche Gewichtszunahme bemerkt. Sie k\u00f6nnen sogar in der Konsolidierungsphase ein bis drei Kilo \u00dcbergewicht abbauen.<\/p>\n<p>Insgesamt sind sie mit Matcha Slim binnen eines Monats bis zu 8 Kilo leichter geworden. Ohne Sport, ohne Kalorienz\u00e4hlerei, ohne Stress und miese Laune. Verraten Sie Ihr Di\u00e4t-Geheimnis ruhig jedem, der Sie danach fragt.<\/p>\n<h2>Inhaltsstoffe<\/h2>\n<p><strong>Was sind die geheimnisvollen Zutaten, die einen Matcha Tee zum Matcha Slim machen?<\/strong><\/p>\n<p>Abgesehen von den naturgegebenen Inhaltsstoffen dieses <strong>chlorophyllreichen Gr\u00fcntee-Pulvers<\/strong> wurden dem Matcha Slim nur <strong>Taurin<\/strong> und <strong>Zitronenextrakt<\/strong> hinzugef\u00fcgt. Matcha Tee aus dem Tee-Gesch\u00e4ft oder dem Supermarkt enth\u00e4lt diese beiden Substanzen nicht. Der Matcha soll in diesem Fall kein traditionelles Genussmittel mit belebendem Charakter sein, sondern ein effektiver Di\u00e4tunterst\u00fctzer werden.<\/p>\n<p>Taurin und Zitronenextrakt machen aus dem traditionellen Teezeremonie-Tee einen chlorophyllreichen <strong>Fettverbrennungs-Booster<\/strong>. Beide Zutaten \u00fcberst\u00fctzen die von Natur aus im Matcha angelegten Eigenschaften. Die nat\u00fcrlichen Fettverbrennungs-Kapazit\u00e4ten des Matcha Tees wirken nun sechsmal effektiver als zuvor. Selbst mit sportlichen Bestleistungen k\u00f6nnten Sie diesen Booster-Effekt nicht erreichen.<\/p>\n<h2>Anwendung<\/h2>\n<p><strong>Die Anwendung von Matcha Slim ist einfach<\/strong>: Sie l\u00f6sen einen Teel\u00f6ffel des Matcha Slim-Pulvers in 150 Millilitern kochendem Wasser auf und genie\u00dfen nach 5-7 Minuten Ziehzeit Schluck f\u00fcr Schluck Ihren Abnehm-Drink. Ideal ist es, den Matcha Slim vor dem Mittagessen zu sich zu nehmen. An das &#8222;gr\u00fcne&#8220; Aroma gew\u00f6hnen Sie sich schnell. Sie bemerken einen leichten S\u00e4ttigungseffekt. G\u00f6nnen Sie sich eine entspannte Auszeit vom Tag und genie\u00dfen Sie, sich wohl zu f\u00fchlen.<\/p>\n<h2>Matcha Slim Kapseln?<\/h2>\n<p>Matcha Slim kommt zur praktischen Anwendung als Pulver, nicht als Kapseln.<\/p>\n<h2>dm und Rossmann<\/h2>\n<p>Bei dm und Rossmann kann man Original Matcha Slim nicht kaufen.<\/p>\n<h2>Rewe und M\u00fcller<\/h2>\n<p>Bei Rewe und M\u00fcller kann man Original Matcha Slim auch fnicht kaufen.<\/p>\n<h2>Apotheke?<\/h2>\n<p>Auch in der normalen Apotheke kann man Matcha Slim nicht kaufen.<\/p>\n<div class=\"sue-section\" data-url=\"\" data-target=\"blank\" style=\"margin:0px 0px 0px 0px;border-top:1px solid #cccccc;border-bottom:1px solid #cccccc\"><div class=\"sue-section-background\" style=\"background-color:#f8f8f8;background-position:left top;\"><\/div><div class=\"sue-section-content sue-content-wrap\" style=\"padding:30px 0px 30px 0px;max-width:960px;text-align:left;color:#333333;text-shadow:0px 1px 10px #ffffff\">\n<h2>Erfahrungsberichte und Bewertungen von Kunden<\/h2>\n<div class=\"su-list\" style=\"margin-left:0px\">\n<ul>\n<li><i class=\"sui sui-user-circle\" style=\"color:#113116\"><\/i> <strong>Sandra237<\/strong> berichtete, dass sie Matcha Slim seit 2 Monaten zu sich nimmt, hin und wieder aber mal eine Pause eingelegt hat. Trotzdem hat sie \u00fcber 14 kg abgenommen. &#8222;Sowohl meine Stimmung als auch meine Produktivit\u00e4t sind so hoch wie nie zuvor. Ich f\u00fchle mich richtig kreativ und studiere jetzt Kunst.&#8220;<\/li>\n<li><i class=\"sui sui-user-circle\" style=\"color:#113116\"><\/i> <strong>Irene A.<\/strong> kommentierte: &#8222;Der Drink ist au\u00dfergew\u00f6hnlich gr\u00fcn, schmeckt aber richtig lecker. (&#8230;) Zuerst war es ein wenig gew\u00f6hnungsbed\u00fcrftig, doch nun mag ich ihn. Ich habe mit Matcha Slim in zwei Wochen 6,9 kg abgenommen.&#8220;<\/li>\n<li><i class=\"sui sui-user-circle\" style=\"color:#113116\"><\/i> <strong>Helene1990!<\/strong> berichtet, dass sie sich schon morgens eine Tasse zubereitet, weil sie sich dann besser auf ihre Arbeit konzentrieren kann. &#8222;Vor allem aber habe ich damit schon 12 kg abgenommen. Meine Haut blieb trotzdem straff und ich f\u00fchle mich 10 Jahre j\u00fcnger. Sehr empfehlenswert!&#8220;<\/li>\n<li><i class=\"sui sui-user-circle\" style=\"color:#113116\"><\/i> Das best\u00e4tigt auch <strong>MutterLisa2<\/strong>. Sie weist auf die vielen nat\u00fcrlichen Inhaltsstoffe dieses Gr\u00fcntees hin. &#8222;Matcha Slim hilft nicht nur beim Abnehmen, sondern sch\u00fctzt vor freien Radikalen.&#8220;<\/li>\n<\/ul>\n<\/div><\/div><\/div>\n<h2>Matcha Slim zum g\u00fcnstigsten Preis bestellen<\/h2>\n<div class=\"su-button-center\"><a href=\"https:\/\/www.eco-innovation.eu\/go\/matcha-de\" class=\"su-button su-button-style-3d\" style=\"color:#FFFFFF;background-color:#2D89EF;border-color:#246ec0;border-radius:9px;-moz-border-radius:9px;-webkit-border-radius:9px\" target=\"_blank\" rel=\"nofollow\"><span style=\"color:#FFFFFF;padding:0px 24px;font-size:18px;line-height:36px;border-color:#6cadf4;border-radius:9px;-moz-border-radius:9px;-webkit-border-radius:9px;text-shadow:none;-moz-text-shadow:none;-webkit-text-shadow:none\"> Matcha Slim mit 50% Rabatt bestellen<\/span><\/a><\/div>\n","protected":false},"excerpt":{"rendered":"<p>Wer tr\u00e4umt nicht davon, durch einen wohlschmeckenden Di\u00e4t-Drink innerhalb eines Monats 15 Kilo weniger zu wiegen? Bisher galten solche Versprechungen als unseri\u00f6s. Bei Matcha Slim wird nichts versprochen. Es wird vielmehr durch eine Studie bewiesen, dass solche Abnahmeerfolge durchaus m\u00f6glich sind. Nicht nur das: Man nimmt hinterher nicht wieder zu. Der Jo-Jo-Effekt wird ausgehebelt. Das &#8230; <a title=\"Matcha Slim kaufen: Test, Erfahrungen &#038; Bewertung &#8211; dm, Rossmann (Kein Fake)\" class=\"read-more\" href=\"https:\/\/www.eco-innovation.eu\/de\/matcha-slim\/\" aria-label=\"Mehr zu Matcha Slim kaufen: Test, Erfahrungen &#038; Bewertung &#8211; dm, Rossmann (Kein Fake)\">Weiterlesen &#8230;<\/a><\/p>\n","protected":false},"author":1,"featured_media":0,"parent":0,"menu_order":0,"comment_status":"closed","ping_status":"closed","template":"","meta":{"footnotes":""},"class_list":["post-829","page","type-page","status-publish"],"_links":{"self":[{"href":"https:\/\/www.eco-innovation.eu\/de\/wp-json\/wp\/v2\/pages\/829","targetHints":{"allow":["GET"]}}],"collection":[{"href":"https:\/\/www.eco-innovation.eu\/de\/wp-json\/wp\/v2\/pages"}],"about":[{"href":"https:\/\/www.eco-innovation.eu\/de\/wp-json\/wp\/v2\/types\/page"}],"author":[{"embeddable":true,"href":"https:\/\/www.eco-innovation.eu\/de\/wp-json\/wp\/v2\/users\/1"}],"replies":[{"embeddable":true,"href":"https:\/\/www.eco-innovation.eu\/de\/wp-json\/wp\/v2\/comments?post=829"}],"version-history":[{"count":5,"href":"https:\/\/www.eco-innovation.eu\/de\/wp-json\/wp\/v2\/pages\/829\/revisions"}],"predecessor-version":[{"id":852,"href":"https:\/\/www.eco-innovation.eu\/de\/wp-json\/wp\/v2\/pages\/829\/revisions\/852"}],"wp:attachment":[{"href":"https:\/\/www.eco-innovation.eu\/de\/wp-json\/wp\/v2\/media?parent=829"}],"curies":[{"name":"wp","href":"https:\/\/api.w.org\/{rel}","templated":true}]}}