{"id":60,"date":"2021-09-18T08:22:30","date_gmt":"2021-09-18T08:22:30","guid":{"rendered":"https:\/\/www.eco-innovation.eu\/?page_id=60"},"modified":"2023-10-24T19:12:52","modified_gmt":"2023-10-24T19:12:52","slug":"entgiftungspflaster-fuesse-testsieger","status":"publish","type":"page","link":"https:\/\/www.eco-innovation.eu\/de\/entgiftungspflaster-fuesse-testsieger\/","title":{"rendered":"Entgiftungspflaster f\u00fcr die F\u00fc\u00dfe Test, Erfahrungen &#038; Wirkung &#8211; Testsieger Nuubu"},"content":{"rendered":"<p><strong>Die Haut ist unser gr\u00f6\u00dftes Entgiftungsorgan und die moderne Lebensweise mit sch\u00e4dlichen Angewohnheiten wie Fehlern\u00e4hrung, Bewegungsmangel oder Genussmittel Missbrauch f\u00fchrt schnell dazu, dass die Stoffwechselmechanismen des Organismus \u00fcberlastet sind. Ma\u00dfnahmen zu Detox und Entgiftung sind dazu geeignet, das harmonische Gleichgewicht wieder herzustellen.<\/strong><\/p>\n<p><span style=\"text-decoration: underline;\">Entgiftungspflaster f\u00fcr die F\u00fc\u00dfe<\/span> sind ein bew\u00e4hrtes und traditionsreiches Heilmittel der Naturheilkunde aus der Traditionellen Chinesischen Medizin. Diese praktischen Pflaster werden an der Fu\u00dfsohle angebracht und entziehen dem K\u00f6rper sch\u00e4dliche Stoffe und das \u00fcber eine Einwirkzeit von mehreren Stunden. Entgiftungspflaster f\u00fcr die F\u00fc\u00dfe sind ganz leicht und einfach in der Anwendung und werden in der Regel \u00fcber Nacht an der Fu\u00dfsohle angebracht.<\/p>\n<div class=\"sue-section\" data-url=\"\" data-target=\"blank\" style=\"margin:0px 0px 0px 0px;border-top:1px solid #cccccc;border-bottom:1px solid #cccccc\"><div class=\"sue-section-background\" style=\"background-color:#ecfff9;background-position:left top;\"><\/div><div class=\"sue-section-content sue-content-wrap\" style=\"padding:30px 0px 30px 0px;max-width:960px;text-align:left;color:#333333;text-shadow:0px 1px 10px #ffffff\">\n<h2>Testsieger Nuubu<\/h2>\n<p><img loading=\"lazy\" decoding=\"async\" class=\"aligncenter size-full wp-image-63\" src=\"https:\/\/www.eco-innovation.eu\/wp-content\/uploads\/2021\/09\/nuubu-Entgiftungspflaster-testsieger.jpg\" alt=\"nuubu Entgiftungspflaster testsieger\" width=\"228\" height=\"221\" \/><\/p>\n<p><strong>Unser Entgiftungspflaster Testsieger tr\u00e4gt den Namen Nuubu.<\/strong><\/p>\n<p><strong>Sie k\u00f6nnen das Produkt hier zum besonders g\u00fcnstigen Preis kaufen: <a href=\"https:\/\/www.eco-innovation.eu\/go\/nuubu-rabatt\" target=\"_blank\" rel=\"nofollow noopener\">www.nuubu.com\/angebot-rabatt-70<\/a><\/strong><\/p>\n<\/div><\/div>\n\n<h2>Nuubu Pflaster Wirkung und Erfahrungen<\/h2>\n<p>Angeklebt an der <strong>Fu\u00dfunterseite<\/strong> st\u00f6ren die Entgiftungspflaster nicht den Schlaf. Es sind insbesondere sogenannte Schlacken, welche durch den einzigartigen Wirkmechanismus der Entgiftungspflaster f\u00fcr die F\u00fc\u00dfe praktisch \u00fcber Nacht entfernt werden k\u00f6nnen. Diese Schlacken als Zwischenzellprodukte des Gewebestoffwechsels k\u00f6nnen sich \u00fcberall im Organismus anreichern, besonders aber im Fettgewebe. Deshalb eignen sich Entgiftungspflaster f\u00fcr die F\u00fc\u00dfe traditionell auch zur Unterst\u00fctzung einer Di\u00e4t. Denn w\u00e4hrend eines Nahrungsentzugs reichern sich sch\u00e4dliche Schlacken und Giftstoffe vermehrt auch im Blut an. Diese m\u00f6chte der K\u00f6rper dann so schnell wie m\u00f6glich wieder loswerden, Entgiftungspflaster f\u00fcr die F\u00fc\u00dfe k\u00f6nnen diesen Prozess wirksam und nachhaltig unterst\u00fctzen.<\/p>\n<p>Detox Pflaster f\u00fcr die F\u00fc\u00dfe lassen sich nur ein einziges Mal anwenden, zur nachhaltigen Entgiftung wird jedoch empfohlen, nacheinander an verschiedenen Tagen mehrere Pflaster anzuwenden, um den gew\u00fcnschten Effekt zu erzielen. Nachdem der Organismus auf wohltuende Weise von Giftstoffen und Schlacken gereinigt worden ist, hat das auch Auswirkungen auf das allgemeine Wohlbefinden.<\/p>\n<h3>Ein v\u00f6llig neues K\u00f6rpergef\u00fchl<\/h3>\n<p>Anwender der Entgiftungspflaster f\u00fcr die F\u00fc\u00dfe berichten immer wieder \u00fcber ein v\u00f6llig neues K\u00f6rpergef\u00fchl sowie auch \u00fcber das Nachlassen von gesundheitlichen Beschwerden. Eine Anwendung ist insbesondere bei Kopfschmerzen, Migr\u00e4ne oder Gelenkproblemen empfehlenswert. Bei der Anwendung eines Entgiftungspflasters f\u00fcr die F\u00fc\u00dfe sollten stets die Vorschriften des pharmazeutischen Herstellers genau beachtet werden. Insbesondere ist es wichtig, dass das Entgiftungspflaster korrekt an der Fu\u00dfsohle befestigt und die maximale Einwirkzeit nicht \u00fcberschritten wird.<\/p>\n<h2>TCM Detox Pflaster entdecken<\/h2>\n<p>Gem\u00e4\u00df der Europ\u00e4ischen Naturheilkunde sowie der Rezepturen der Traditionellen Chinesischen Medizin k\u00f6nnen sich in einem Entgiftungspflaster f\u00fcr die F\u00fc\u00dfe ganz unterschiedliche Substanzen befinden. Es handelt sich dabei in der Regel um Kr\u00e4utergemische, welche sich in ihrer Zusammensetzung gut dazu eignen, Entgiftungsprozesse und Entschlackung zu unterst\u00fctzen. Au\u00dferdem k\u00f6nnen auch unterschiedliche Mineralien, Vitamine, Heilpilze oder Spurenelemente enthalten sein sowie wohlriechende Pflanzenextrakte, um w\u00e4hrend der Behandlung einen angenehmen Duft zu erzeugen. Typische Inhaltsstoffe von Entgiftungspflastern f\u00fcr die F\u00fc\u00dfe sind beispielsweise Lavendel, chinesische Kr\u00e4uterextrakte, Cayenne Pfeffer und Vitamine.<\/p>\n<h2>Aktivierung der Selbstheilungskr\u00e4fte<\/h2>\n<p>Dadurch, dass Entgiftungspflaster f\u00fcr die F\u00fc\u00dfe dem Organismus Schlacken entziehen, werden auch die Selbstheilungskr\u00e4fte in einzigartiger Art und Weise angeregt. Eine Verf\u00e4rbung des Pflasters nach der Einwirkzeit kommt durch den Entgiftungsprozess zustande und ist absolut unsch\u00e4dlich. Mit den Entgiftungspflastern werden nicht nur die F\u00fc\u00dfe, sondern der gesamte Organismus auf wohltuende Weise gereinigt. Stress kann abgebaut und der Stoffwechsel verbessert werden. Im Rahmen eines ganzheitlichen Detox Konzeptes sollten Entgiftungspflaster f\u00fcr die F\u00fc\u00dfe immer integriert werden. Auch zur Unterst\u00fctzung von Wellnessanwendungen sind Entgiftungspflaster f\u00fcr die F\u00fc\u00dfe gut geeignet. Es handelt sich also um eine komplett nat\u00fcrliche und dazu noch umweltschonende M\u00f6glichkeit, den K\u00f6rper von Giften zu befreien.<\/p>\n<h3>Pflaster h\u00f6chster Qualit\u00e4t<\/h3>\n<p>Es sollten nur Pflaster h\u00f6chster Qualit\u00e4t verwendet werden mit m\u00f6glichst rein biologischen Zutaten. In der Traditionellen Chinesischen Medizin spielen auch die sogenannten Fu\u00dfreflexzonen f\u00fcr die positive Beeinflussung von gesundheitlichen St\u00f6rungen eine gro\u00dfe Rolle. Entgiftungspflaster f\u00fcr die F\u00fc\u00dfe werden an der Fu\u00dfsohle angebracht und wirken daher unmittelbar auch auf diese Fu\u00dfreflexzonen. Bereits nach der ersten Nacht sind die entsprechenden gesundheitsf\u00f6rdernden Effekte sp\u00fcrbar in Form von mehr Energie und einem angenehmen K\u00f6rpergef\u00fchl. Die Anwendung der Entgiftungspflaster f\u00fcr die F\u00fc\u00dfe ist denkbar einfach.<\/p>\n<h2>Nuubu Pflaster Anwendung und Anleitung<\/h2>\n<p>Zun\u00e4chst ist es erforderlich, <a href=\"https:\/\/nuubupflaster.kaufen\/\" target=\"_blank\" rel=\"noopener\">das Nuubu Pflaster<\/a> aus der Verpackung zu entnehmen und vorsichtig an beiden Seiten festzuhalten. Im n\u00e4chsten Schritt wird das Entgiftungspflaster m\u00f6glichst mittig an der Fu\u00dfsohle angebracht, es erfolgt ein leichtes Ausstreichen nach au\u00dfen, um das Pflaster so korrekt wie m\u00f6glich zu befestigen, sodass es sich nicht mehr von der Hautoberfl\u00e4che l\u00f6sen kann.<\/p>\n<p>Die Schutzfolie muss abgezogen sowie die Klebefl\u00e4chen leicht angedr\u00fcckt werden. Am n\u00e4chsten Morgen kann das Pflaster dann einfach wieder entfernt und im Hausm\u00fcll entsorgt werden. Wer die Entgiftungspflaster f\u00fcr die F\u00fc\u00dfe lieber tags\u00fcber anwenden m\u00f6chte, kann dies nat\u00fcrlich tun, damit die Pflaster an den F\u00fc\u00dfen dann gut halten, sollten nicht zu enge Socken getragen werden. Ein normales Gehen ist mit den Entgiftungspflastern an den F\u00fc\u00dfen gut m\u00f6glich, Laufen ist jedoch nicht zu empfehlen.<\/p>\n<h2>Entgiftungspflaster f\u00fcr die F\u00fc\u00dfe: Nebenwirkungen<\/h2>\n<p>Es gibt auch einige Kontraindikationen, bei denen Entgiftungspflaster f\u00fcr die F\u00fc\u00dfe nicht benutzt werden sollten. Bei einer nachgewiesenen Allergie oder \u00dcberempfindlichkeit gegen einen der Inhaltsstoffe des Plasters sollte dessen Anwendung unterbleiben. Auch Tr\u00e4ger von Herzschrittmachern, Menschen mit Herzrhythmusst\u00f6rungen oder Schwangere sollten das Entgiftungspflaster f\u00fcr die F\u00fc\u00dfe nicht anwenden. Au\u00dferdem ist darauf zu achten, das Entgiftungspflaster f\u00fcr die F\u00fc\u00dfe nur auf intakten Hautstellen aufzubringen. In die N\u00e4he von K\u00f6rper\u00f6ffnungen oder der Augen sowie auf offene Verletzungen oder auf gesch\u00e4digter Haut d\u00fcrfen die Entgiftungspflaster f\u00fcr die F\u00fc\u00dfe nicht aufgeklebt werden.<\/p>\n<h2>Entgiftungspflaster F\u00fc\u00dfe Testsieger kaufen &#8211; Nuubu zum g\u00fcnstigsten Preis<\/h2>\n<p><strong>Sie k\u00f6nnen den Testsieger Nuubu hier mit Rabatt kaufen: <a href=\"https:\/\/www.eco-innovation.eu\/go\/nuubu-rabatt\" target=\"_blank\" rel=\"nofollow noopener\">www.nuubu.com\/angebot-rabatt-70<\/a><\/strong><\/p>\n","protected":false},"excerpt":{"rendered":"<p>Die Haut ist unser gr\u00f6\u00dftes Entgiftungsorgan und die moderne Lebensweise mit sch\u00e4dlichen Angewohnheiten wie Fehlern\u00e4hrung, Bewegungsmangel oder Genussmittel Missbrauch f\u00fchrt schnell dazu, dass die Stoffwechselmechanismen des Organismus \u00fcberlastet sind. Ma\u00dfnahmen zu Detox und Entgiftung sind dazu geeignet, das harmonische Gleichgewicht wieder herzustellen. Entgiftungspflaster f\u00fcr die F\u00fc\u00dfe sind ein bew\u00e4hrtes und traditionsreiches Heilmittel der Naturheilkunde aus &#8230; <a title=\"Entgiftungspflaster f\u00fcr die F\u00fc\u00dfe Test, Erfahrungen &#038; Wirkung &#8211; Testsieger Nuubu\" class=\"read-more\" href=\"https:\/\/www.eco-innovation.eu\/de\/entgiftungspflaster-fuesse-testsieger\/\" aria-label=\"Mehr zu Entgiftungspflaster f\u00fcr die F\u00fc\u00dfe Test, Erfahrungen &#038; Wirkung &#8211; Testsieger Nuubu\">Weiterlesen &#8230;<\/a><\/p>\n","protected":false},"author":1,"featured_media":0,"parent":0,"menu_order":0,"comment_status":"closed","ping_status":"closed","template":"","meta":{"footnotes":""},"class_list":["post-60","page","type-page","status-publish"],"_links":{"self":[{"href":"https:\/\/www.eco-innovation.eu\/de\/wp-json\/wp\/v2\/pages\/60","targetHints":{"allow":["GET"]}}],"collection":[{"href":"https:\/\/www.eco-innovation.eu\/de\/wp-json\/wp\/v2\/pages"}],"about":[{"href":"https:\/\/www.eco-innovation.eu\/de\/wp-json\/wp\/v2\/types\/page"}],"author":[{"embeddable":true,"href":"https:\/\/www.eco-innovation.eu\/de\/wp-json\/wp\/v2\/users\/1"}],"replies":[{"embeddable":true,"href":"https:\/\/www.eco-innovation.eu\/de\/wp-json\/wp\/v2\/comments?post=60"}],"version-history":[{"count":7,"href":"https:\/\/www.eco-innovation.eu\/de\/wp-json\/wp\/v2\/pages\/60\/revisions"}],"predecessor-version":[{"id":2192,"href":"https:\/\/www.eco-innovation.eu\/de\/wp-json\/wp\/v2\/pages\/60\/revisions\/2192"}],"wp:attachment":[{"href":"https:\/\/www.eco-innovation.eu\/de\/wp-json\/wp\/v2\/media?parent=60"}],"curies":[{"name":"wp","href":"https:\/\/api.w.org\/{rel}","templated":true}]}}