{"id":544,"date":"2022-07-04T07:44:39","date_gmt":"2022-07-04T07:44:39","guid":{"rendered":"https:\/\/www.eco-innovation.eu\/?page_id=544"},"modified":"2022-07-04T09:04:39","modified_gmt":"2022-07-04T09:04:39","slug":"gluconol","status":"publish","type":"page","link":"https:\/\/www.eco-innovation.eu\/de\/gluconol\/","title":{"rendered":"Gluconol gegen Diabetes kaufen &#8211; Test, Erfahrungsberichte, Bewertung &#038; Apotheke"},"content":{"rendered":"<p><strong><img loading=\"lazy\" decoding=\"async\" class=\"aligncenter size-full wp-image-546\" src=\"https:\/\/www.eco-innovation.eu\/wp-content\/uploads\/2022\/07\/Gluconol.jpg\" alt=\"Gluconol\" width=\"540\" height=\"523\" srcset=\"https:\/\/www.eco-innovation.eu\/wp-content\/uploads\/2022\/07\/Gluconol.jpg 540w, https:\/\/www.eco-innovation.eu\/wp-content\/uploads\/2022\/07\/Gluconol-300x291.jpg 300w\" sizes=\"auto, (max-width: 540px) 100vw, 540px\" \/>Diabetes Typ 2 ist in industrialisierten L\u00e4ndern mittlerweile eine Volkskrankheit. Fachleute rechnen damit, dass unsere kohlenhydratlastige Ern\u00e4hrungsweise binnen weniger Jahre zu einem dramatischen Ansteigen der Betroffenenzahlen f\u00fchrt.<\/strong><\/p>\n<p>Allein 2019 starben 1,6 Millionen Diabetiker. Die H\u00e4lfte aller Todesf\u00e4lle durch Diabetes betrafen Menschen, die nicht einmal 60 Jahren alt waren. Ein dauerhaft hoher Blutzuckerspiegel birgt ein hohes Risiko, an Diabetes Typ 2 zu erkranken. W\u00e4hrend anno 1980 weltweit &#8222;nur&#8220; 108 Millionen Diabetiker diesen Planeten bewohnten, waren es 2019 schon 463 Millionen. Damit gehen hohe Belastungen f\u00fcr das Gesundheitssystem und hohe Folgerisiken f\u00fcr die Betroffenen einher.<\/p>\n<p>Im Verlauf dieser chronischen Erkrankung drohen schwere gesundheitliche Folgen. Sie reichen vom diabetischen Fu\u00df \u00fcber Nierenversagen und Erblindung bis zu einem stark erh\u00f6hten Risiko, an einem Herzinfarkt oder Hirnschlag zu sterben. Es liegt nahe, dass viele Instanzen versuchen, dieser Erkrankung etwas entgegenzusetzen. Gluconol ist ein Nahrungserg\u00e4nzungspr\u00e4parat aus nat\u00fcrlichen Zutaten, die nachweislich den Blutzuckerspiegel senken.<\/p>\n<p>Diabetiker, die Gluconol nutzen und eine kohlenhydratarme Di\u00e4t einhalten, haben die besten Chancen, den Auswirkungen eines Diabetes mellitus zu entgehen.<\/p>\n<div class=\"sue-section\" data-url=\"\" data-target=\"blank\" style=\"margin:0px 0px 0px 0px;border-top:1px solid #cccccc;border-bottom:1px solid #cccccc\"><div class=\"sue-section-background\" style=\"background-color:#f8f8f8;background-position:left top;\"><\/div><div class=\"sue-section-content sue-content-wrap\" style=\"padding:30px 0px 30px 0px;max-width:960px;text-align:left;color:#333333;text-shadow:0px 1px 10px #ffffff\">\n<h2>Gluconol kaufen<\/h2>\n<div class=\"su-list\" style=\"margin-left:0px\">\n<ul>\n<li><i class=\"sui sui-check\" style=\"color:#004AAD\"><\/i> Gluconol direkt beim Hersteller kaufen<\/li>\n<li><i class=\"sui sui-check\" style=\"color:#004AAD\"><\/i> Rezeptfrei<\/li>\n<li><i class=\"sui sui-check\" style=\"color:#004AAD\"><\/i> Momentan mit <strong>50% Rabatt<\/strong> erh\u00e4tlich<\/li>\n<\/ul>\n<\/div>\n<div class=\"su-button-center\"><a href=\"https:\/\/www.eco-innovation.eu\/go\/gluconol-de\" class=\"su-button su-button-style-soft\" style=\"color:#FFFFFF;background-color:#008908;border-color:#006e07;border-radius:9px;-moz-border-radius:9px;-webkit-border-radius:9px\" target=\"_blank\" rel=\"nofollow\"><span style=\"color:#FFFFFF;padding:8px 24px;font-size:18px;line-height:27px;border-color:#4dad53;border-radius:9px;-moz-border-radius:9px;-webkit-border-radius:9px;text-shadow:none;-moz-text-shadow:none;-webkit-text-shadow:none\"><i class=\"sui sui-check-circle-o\" style=\"font-size:18px;color:#FFFFFF\"><\/i> Gluconol mit 50% Rabatt bestellen<\/span><\/a><\/div>\n<\/div><\/div>\n<p>&nbsp;<\/p>\n\n<h2>Anwendungsbereich<\/h2>\n<p><strong>Gluconol ist ein Pr\u00e4parat f\u00fcr Diabetiker und erblich vorbelastete Risikopatienten. Dieses Nahrungserg\u00e4nzungsmittelist geeignet, dabei zu helfen die Blutzuckerwerte zu normalisieren. Demnach eignet sich Gluconol f\u00fcr<\/strong><\/p>\n<div class=\"su-list\" style=\"margin-left:0px\">\n<ul>\n<li><i class=\"sui sui-caret-right\" style=\"color:#113116\"><\/i> Personen mit erblichen Vorbelastungen<\/li>\n<li><i class=\"sui sui-caret-right\" style=\"color:#113116\"><\/i> Menschen mit Bauchspeicheldr\u00fcsenproblemen<\/li>\n<li><i class=\"sui sui-caret-right\" style=\"color:#113116\"><\/i> Menschen, die eine kohlenhydratreiche Ern\u00e4hrungsweise pflegen<\/li>\n<li><i class=\"sui sui-caret-right\" style=\"color:#113116\"><\/i> \u00e4ltere Menschen mit \u00dcbergewicht<\/li>\n<li><i class=\"sui sui-caret-right\" style=\"color:#113116\"><\/i> sowie dauergestresste Menschen.<\/li>\n<\/ul>\n<\/div>\n<p>Gluconol Forum kann dem hyperglyk\u00e4mischen Effekt wirksam entgegentreten. Es ist gut bek\u00f6mmlich und verbessert bei Einhaltung einer kohlenhydrat-reduzierten Di\u00e4t den Zustand der Betroffenen deutlich.<\/p>\n<h2>Apotheke<\/h2>\n<p>Gluconol ist nicht apothekenpflichtig und kann ohne Rezept bestellt werden.<\/p>\n<h2>dm und Rossmann<\/h2>\n<p>Gluconol kann man nicht bei dm und Rossmann kaufen.<\/p>\n<h2>Gluconol Test &amp; Erfahrungen Forum &#8211; Die Wirkung<\/h2>\n<p>Gluconol wartet mit Funktionen auf, die dem Diabetes entgegenwirken. Gluconol Kapseln gleichen den Blutzuckerspiegel aus. Sie normalisieren die Insulinproduktion, indem sie die Arbeit der Beta-Zellen in den sogenannten &#8222;Langerhans-Inseln&#8220; der Bauchspeicheldr\u00fcse beeinflussen. Der Zuckerstoffwechsel wird ausgeglichen. Die mittel- und langfristig drohenden Folgeerscheinungen eines Diabetes mellitus werden verhindert.<\/p>\n<p>Durch die Einnahme von Gluconol Kapseln lassen sich neben unmittelbar Diabetes-bezogenen Effekten noch weitere Wirkungen erzielen. Beispielsweise wird das Immunsystem nicht mehr durch hohe Blutzuckerwerte belastet. Einer Hypoglyk\u00e4mie wird vorgebeugt. Die Sehf\u00e4higkeit bleibt l\u00e4nger erhalten. Die \u00dcberlastung von Bauchspeicheldr\u00fcse und Leber wird aufgehoben. Die Gef\u00e4\u00dfw\u00e4nde stabilisieren sich durch die Einnahme von Gluconol Forum. Die Cholesterinwerte normalisieren sich. Die Risiken, vorzeitig an einem Hirnschlag oder einem Herzinfarkt zu sterben, verringern sich.<\/p>\n<p>Mehrere Faktoren f\u00fchren zu einem metabolischen Syndrom. Dieses entsteht aus dem Vorhandensein von Diabetes Typ 2, \u00dcbergewicht, Bluthochdruck, hohen Cholesterinwerten und einem gest\u00f6rten Fettstoffwechsel. Die Insulin-Aussch\u00fcttung ist gest\u00f6rt. Es gilt, bei einem erh\u00f6hten Diabates-Risiko auch alle anderen Faktoren im Auge zu behalten. Die Engl\u00e4nder nennen das metabolische Syndrom nicht zuf\u00e4llig &#8222;deadly Quartet&#8220; &#8211; t\u00f6dliches Quartett.<\/p>\n<h3>Gluconol Bewertung<\/h3>\n<p>Wer ein erh\u00f6htes Risiko f\u00fcr Diabetes Typ 2 hat und mit schlechten Cholesterinwerten gl\u00e4nzt, kann sich durch die Entscheidung f\u00fcr die Einnahme von Gluconol Kapseln ein ges\u00fcnderes Leben erarbeiten. Sinnvoll ist, die Einnahme von Gluconol Kapseln mit einer nachhaltigen Ver\u00e4nderung der Lebensgewohnheiten einhergehen zu lassen. Das bedeutet: Weniger Kohlenhydrate zu verzehren und sich nach dem Essen einer kohlenhydratreichen Mahlzeit zu bewegen.<\/p>\n<p>Die Entstehung von Diabetes Typ 2 beruht auf einer St\u00f6rung der Bauchspeicheldr\u00fcse und einer dadurch ver\u00e4nderten Insulinaussch\u00fcttung. Zweitens entsteht eine Insulinresistenz. Die K\u00f6rperzellen verlieren ihre gewohnte Empfindlichkeit gegen\u00fcber dem Insulin. Die Einnahme von Gluconol Kapseln stimuliert die Insulinaussch\u00fcttung. Der Pankreas wird entlastet, seine vorgesch\u00e4digten Zellen k\u00f6nnen sich regenerieren. Die Empf\u00e4nglichkeit der Zellen f\u00fcr Insulin verbessert sich. Folglich profiziert der gesamte Organismus von der Einnahme von Gluconol Kapseln.<\/p>\n<p>Der Bluthochdruck verbessert sich ebenso wie die Cholesterinwerte. Die Organe k\u00f6nnen sich erholen. Das Immunsystem funktioniert wieder besser. Hilfreich ist es, \u00dcbergewicht abzubauen. Auch dabei unterst\u00fctzen die Gluconol Kapseln. Die Inhaltsstoffe wirken nicht nur dem Entstehen und den fatalen Auswirkungen von Diabetes entgegen, sondern hemmen auf den Appetit auf Kohlenhydrat- und Kalorienreiches.<\/p>\n<p>Die Geschmacksknospen auf der Zunge werden durch die Gluconol Kapseln gegen S\u00fc\u00dfes eingestellt. Damit f\u00e4llt der Abbau von \u00dcbergewicht &#8211; einem der beg\u00fcnstigenden Faktoren f\u00fcr Diabetes und das metabolische Syndrom &#8211; deutlich leichter. Daher gilt Gluconol vielen Diabetologen und Endokrinologen als eines der effektivsten Pr\u00e4parate gegen Diabetes. Der Faktorenkomplex, der zur Diabetes-Entstehung beitr\u00e4gt, wird damit erfolgreich behandelt.<\/p>\n<p>W\u00e4hrend andere Diabates-Pr\u00e4parate lediglich eine Symptomlinderung bewirken, geht das Konzept der Gluconol Kapseln von einer Behebung der ausl\u00f6senden Faktoren aus. Dass sich damit auch die typischen Symptome verabschieden, die zur Diabetes-Entstehung beigetragen haben, ist logisch.<\/p>\n<h2>Inhaltsstoffe<\/h2>\n<p>In den Gluconol Kapseln gegen Diabetes wurden bew\u00e4hrte Substanzen verarbeitet, die bekannterma\u00dfen gegen Erscheinungen im Zusammenhang mit der Entstehung von Diabetes wirksam sind.<\/p>\n<h3>Zimt<\/h3>\n<p>Zimt ist eines der wirksamsten Gew\u00fcrze, wenn es um Blutzuckerwerte geht. Zimt ist ein Stoffwechsel-Booster. Er senkt den Blutzuckerspiegel und reguliert das LDL-Cholesterin. Zimt verbessert au\u00dferdem die Elastizit\u00e4t der Blutgef\u00e4\u00dfe und die Insulin-Empfindlichkeit der Zellen.<\/p>\n<h3>Tribulus terrestris<\/h3>\n<p>Der Erdburzeldorn, auch als Tribulus terrestris bekannt, birg Harze, Saponine, Glykoside, Alkaloide, Steroide sowie Ascorbins\u00e4ure und Gerbstoffe in seinem Inneren. Tribulus-Glykoside wirken \u00e4hnlich wie das Insulin.<\/p>\n<h3>Banaba<\/h3>\n<p>Heilwirksame Substanzen in Banaba Bl\u00e4ttern (Lagerstroemia speciosa) sind in der Lage, den Blutzuckerspiegel zu senken. Sie k\u00f6nnen die Glukoseproduktion im Organismus um 20 bis 30 Prozent absenken. Durch einen normalisierten Blutzuckerspiegel l\u00e4sst sich \u00dcbergewicht leichter abbauen. Banaba-Bl\u00e4tter unterst\u00fctzen den Organismus bei Nierenproblemen und Harnwegs-Entz\u00fcndungen, beide h\u00e4ufige Begleiterscheinungen eines Diabetes mellitus.<\/p>\n<h3>Gingko Biloba<\/h3>\n<p>Bei erh\u00f6hten Blutzuckerwerten normalisiert Ginkgo Biloba-Extrakt den Stoffwechsel. Er entlastet die \u00fcberlastete Bauchspeicheldr\u00fcse, erweitert die Blutgef\u00e4\u00dfe und festigt deren W\u00e4nde. Im Zusammenwirken werden diverse Stimuli auf den Organismus wirksam, die dem Entstehen von Diabetes Typ 2 entgegenwirken.<\/p>\n<h2>Anwendung und Einnahme<\/h2>\n<p>T\u00e4glich eine Kapsel Gluconol gen\u00fcgt, um Diabetes-Folgen entgegenzutreten. Wichtig ist, eine ausreichende Menge Trinkwasser hinterher zu trinken, um die Wirkstoffe dahin zu sp\u00fclen, wo sie verwertet werden. Bei Nahrungserg\u00e4nzungsmittel tritt die Wirkung erst nach einigen Tagen ein.<\/p>\n<h2>Betrug oder Fake Shop<\/h2>\n<p>Es handelt sich nicht um einen Fake. Das Produkt wird nach Bestellung auch geliefert.<\/p>\n<h2>Erfahrungsberichte und Bewertungen von Kunden<\/h2>\n<div class=\"su-list\" style=\"margin-left:0px\">\n<ul>\n<li><i class=\"sui sui-user\" style=\"color:#004AAD\"><\/i> Es gibt \u00fcber Gluconol Kapseln mittlerweile zahlreiche Kommentare von K\u00e4ufern im Forum<\/li>\n<li><i class=\"sui sui-user\" style=\"color:#004AAD\"><\/i> So schrieb Klaus Zimmermann aus Bad Sassendorf: &#8222;Nach einem Einnahmezyklus von Gluconol waren die M\u00fcdigkeit und die Schl\u00e4frigkeit weg, der Zucker im Blut hat sich normalisiert. Ich f\u00fchle mich gesund und normal.&#8220;<\/li>\n<li><i class=\"sui sui-user\" style=\"color:#004AAD\"><\/i> Johanna Wildsch\u00fctz lebt in Regensburg. Sie hatte schon jahrelang an Diabetes Typ 2 gelitten. Ihre Schw\u00e4gerin brachte eines Tages Gluconol mit. Sie berichtet &#8222;Wissen Sie, ich habe schnell Ver\u00e4nderungen gesp\u00fcrt. Der Zucker ver\u00e4nderte sich innerhalb der Grenzen von 5-8, ziemlich in Ordnung.&#8220;<\/li>\n<\/ul>\n<\/div>\n<h2>Gluconol bestellen<\/h2>\n<div class=\"su-button-center\"><a href=\"https:\/\/www.eco-innovation.eu\/go\/gluconol-de\" class=\"su-button su-button-style-soft\" style=\"color:#FFFFFF;background-color:#008908;border-color:#006e07;border-radius:9px;-moz-border-radius:9px;-webkit-border-radius:9px\" target=\"_blank\" rel=\"nofollow\"><span style=\"color:#FFFFFF;padding:8px 24px;font-size:18px;line-height:27px;border-color:#4dad53;border-radius:9px;-moz-border-radius:9px;-webkit-border-radius:9px;text-shadow:none;-moz-text-shadow:none;-webkit-text-shadow:none\"><i class=\"sui sui-check-circle-o\" style=\"font-size:18px;color:#FFFFFF\"><\/i> Gluconol mit 50% Rabatt bestellen<\/span><\/a><\/div>\n","protected":false},"excerpt":{"rendered":"<p>Diabetes Typ 2 ist in industrialisierten L\u00e4ndern mittlerweile eine Volkskrankheit. Fachleute rechnen damit, dass unsere kohlenhydratlastige Ern\u00e4hrungsweise binnen weniger Jahre zu einem dramatischen Ansteigen der Betroffenenzahlen f\u00fchrt. Allein 2019 starben 1,6 Millionen Diabetiker. Die H\u00e4lfte aller Todesf\u00e4lle durch Diabetes betrafen Menschen, die nicht einmal 60 Jahren alt waren. Ein dauerhaft hoher Blutzuckerspiegel birgt ein hohes &#8230; <a title=\"Gluconol gegen Diabetes kaufen &#8211; Test, Erfahrungsberichte, Bewertung &#038; Apotheke\" class=\"read-more\" href=\"https:\/\/www.eco-innovation.eu\/de\/gluconol\/\" aria-label=\"Mehr zu Gluconol gegen Diabetes kaufen &#8211; Test, Erfahrungsberichte, Bewertung &#038; Apotheke\">Weiterlesen &#8230;<\/a><\/p>\n","protected":false},"author":1,"featured_media":0,"parent":0,"menu_order":0,"comment_status":"closed","ping_status":"closed","template":"","meta":{"footnotes":""},"class_list":["post-544","page","type-page","status-publish"],"_links":{"self":[{"href":"https:\/\/www.eco-innovation.eu\/de\/wp-json\/wp\/v2\/pages\/544","targetHints":{"allow":["GET"]}}],"collection":[{"href":"https:\/\/www.eco-innovation.eu\/de\/wp-json\/wp\/v2\/pages"}],"about":[{"href":"https:\/\/www.eco-innovation.eu\/de\/wp-json\/wp\/v2\/types\/page"}],"author":[{"embeddable":true,"href":"https:\/\/www.eco-innovation.eu\/de\/wp-json\/wp\/v2\/users\/1"}],"replies":[{"embeddable":true,"href":"https:\/\/www.eco-innovation.eu\/de\/wp-json\/wp\/v2\/comments?post=544"}],"version-history":[{"count":7,"href":"https:\/\/www.eco-innovation.eu\/de\/wp-json\/wp\/v2\/pages\/544\/revisions"}],"predecessor-version":[{"id":616,"href":"https:\/\/www.eco-innovation.eu\/de\/wp-json\/wp\/v2\/pages\/544\/revisions\/616"}],"wp:attachment":[{"href":"https:\/\/www.eco-innovation.eu\/de\/wp-json\/wp\/v2\/media?parent=544"}],"curies":[{"name":"wp","href":"https:\/\/api.w.org\/{rel}","templated":true}]}}