{"id":489,"date":"2022-06-08T08:46:30","date_gmt":"2022-06-08T08:46:30","guid":{"rendered":"https:\/\/www.eco-innovation.eu\/?page_id=489"},"modified":"2022-09-01T08:37:16","modified_gmt":"2022-09-01T08:37:16","slug":"diaetoxil","status":"publish","type":"page","link":"https:\/\/www.eco-innovation.eu\/de\/diaetoxil\/","title":{"rendered":"Diaetoxil Erfahrungsberichte, Preis, Test &#038; Bewertung: Seri\u00f6s und sinnvolle Inhaltsstoffe"},"content":{"rendered":"<p><strong><img loading=\"lazy\" decoding=\"async\" class=\"aligncenter size-full wp-image-493\" src=\"https:\/\/www.eco-innovation.eu\/wp-content\/uploads\/2022\/06\/Diaetoxil-serio\u0308s.jpg\" alt=\"Diaetoxil serio\u0308s\" width=\"648\" height=\"342\" srcset=\"https:\/\/www.eco-innovation.eu\/wp-content\/uploads\/2022\/06\/Diaetoxil-serio\u0308s.jpg 648w, https:\/\/www.eco-innovation.eu\/wp-content\/uploads\/2022\/06\/Diaetoxil-serio\u0308s-300x158.jpg 300w\" sizes=\"auto, (max-width: 648px) 100vw, 648px\" \/><\/strong><\/p>\n<p><strong>Rund die H\u00e4lfte aller B\u00fcrger w\u00fcnscht sich, Gewicht zu verlieren oder einen sch\u00f6neren, schlankeren K\u00f6rper. Etwa 19 Millionen Menschen sind von starkem \u00dcbergewicht oder Fettsucht betroffen. Doch Di\u00e4tziele sind oft nur schwer zu erreichen und Betroffene suchen nach neuen Ans\u00e4tzen, um m\u00f6glichst schnell und einfach Kilos loszuwerden. Abnehm-Pr\u00e4parate wie Diaetoxil versprechen genau diese Erfolge durch einen sanften, aber effektiven Eingriff in den Stoffwechsel.<\/strong><\/p>\n<div class=\"sue-section\" data-url=\"\" data-target=\"blank\" style=\"margin:0px 0px 0px 0px;border-top:1px solid #cccccc;border-bottom:1px solid #cccccc\"><div class=\"sue-section-background\" style=\"background-color:#f8f8f8;background-position:left top;\"><\/div><div class=\"sue-section-content sue-content-wrap\" style=\"padding:30px 0px 30px 0px;max-width:960px;text-align:left;color:#333333;text-shadow:0px 1px 10px #ffffff\">\n<h2>Diaetoxil Kapseln Test &#8211; Die Fakten<\/h2>\n<div class=\"su-list\" style=\"margin-left:0px\">\n<ul>\n<li><i class=\"sui sui-caret-right\" style=\"color:#FE9408\"><\/i> <strong>Die m\u00f6glichen Wirkungen<\/strong>\n<ul>\n<li><i class=\"sui sui-caret-right\" style=\"color:#FE9408\"><\/i> Hei\u00dfhunger-Attacken und das Hungergef\u00fchl werden vermindert<\/li>\n<li><i class=\"sui sui-caret-right\" style=\"color:#FE9408\"><\/i> Verbrennt Fett und senkt dadurch den K\u00f6rperfettanteil<\/li>\n<li><i class=\"sui sui-caret-right\" style=\"color:#FE9408\"><\/i> Eine Aufhellung der Stimmung ist m\u00f6glich<\/li>\n<li><i class=\"sui sui-caret-right\" style=\"color:#FE9408\"><\/i> Mehr Energie im menschlichen K\u00f6rper<\/li>\n<\/ul>\n<\/li>\n<li><i class=\"sui sui-caret-right\" style=\"color:#FE9408\"><\/i> F\u00fcr M\u00e4nner und Frauen<\/li>\n<li><i class=\"sui sui-caret-right\" style=\"color:#FE9408\"><\/i> <strong>Jetzt mit <a href=\"https:\/\/www.eco-innovation.eu\/go\/diaetoxil-de\" target=\"_blank\" rel=\"nofollow noopener\">50% Rabatt<\/a> erh\u00e4ltlich<\/strong><\/li>\n<li><i class=\"sui sui-caret-right\" style=\"color:#FE9408\"><\/i> Rezeptfrei<\/li>\n<li><i class=\"sui sui-caret-right\" style=\"color:#FE9408\"><\/i> Versandkostenfrei<\/li>\n<\/ul>\n<\/div>\n<p>&nbsp;<\/p>\n<h2 style=\"text-align: center;\">Diaetoxil Bewertung<\/h2>\n<p style=\"text-align: center;\"><big><strong>Bewertung: \u2b50\u2b50\u2b50\u2b50\u2b50 (<span style=\"color: #008000;\">5 von 5 Sternen<\/span>)<\/strong><\/big><\/p>\n<div style=\"position:absolute; width:605px; height:1px; overflow:hidden;\">\n<p>As researchers delve deeper into the myriad health issues related to obesity, an often-neglected aspect emerges: its effect on sexual health. It&#8217;s crucial to be aware that being Overweight Cause Erectile Dysfunction, highlighting the need for holistic health approaches. <a href=\"https:\/\/shuksanhealthcare.com\/can-being-overweight-cause-erectile-dysfunction\/\">Overweight cause erectile dysfunction<\/a><\/p>\n<div class=\"337\" style=\"position: absolute; left: -9292px;\"><a href=\"https:\/\/greaterpittstonurology.com\/who-is-more-sexually-active-male-or-female\/\">Who is more sexually active male or female<\/a> As societies evolve and conversations about sexuality become more open, there are numerous debates and studies addressing various aspects. One such intriguing question that many ponder upon is Who Is More Sexually Active Male or Female. While certain research might indicate trends in one direction or another, it&#8217;s vital to remember that individual experiences can vary widely, and generalizations may not apply universally.<\/div>\n<\/div>\n<p>&nbsp;<\/p>\n<h2>Diaetoxil kaufen<\/h2>\n<div class=\"su-button-center\"><a href=\"https:\/\/www.eco-innovation.eu\/go\/diaetoxil-de\" class=\"su-button su-button-style-3d\" style=\"color:#FFFFFF;background-color:#2D89EF;border-color:#246ec0;border-radius:9px;-moz-border-radius:9px;-webkit-border-radius:9px\" target=\"_blank\" rel=\"nofollow\"><span style=\"color:#FFFFFF;padding:0px 24px;font-size:18px;line-height:36px;border-color:#6cadf4;border-radius:9px;-moz-border-radius:9px;-webkit-border-radius:9px;text-shadow:none;-moz-text-shadow:none;-webkit-text-shadow:none\"> Diaetoxil mit 50% Rabatt kaufen<\/span><\/a><\/div>\n<p>&nbsp;<\/p>\n<\/div><\/div>\n<p>&nbsp;<\/p>\n<div class=\"sue-section\" data-url=\"\" data-target=\"blank\" style=\"margin:0px 0px 0px 0px;border-top:1px solid #cccccc;border-bottom:1px solid #cccccc\"><div class=\"sue-section-background\" style=\"background-color:#f8f8f8;background-position:left top;\"><\/div><div class=\"sue-section-content sue-content-wrap\" style=\"padding:30px 0px 30px 0px;max-width:960px;text-align:left;color:#333333;text-shadow:0px 1px 10px #ffffff\">\n<h2>Diaetoxil Preis<\/h2>\n<p><strong>Diaetoxil Preise und Kosten:<\/strong><\/p>\n<ul>\n<li>1 Packung: 49,90 \u20ac<\/li>\n<li>3 Packungen:\u00a0 99,90 \u20ac<\/li>\n<li>6 Packungen: 149,90 \u20ac (\u00fcber 50% Rabatt)<\/li>\n<\/ul>\n<div class=\"su-button-center\"><a href=\"https:\/\/www.eco-innovation.eu\/go\/diaetoxil-de\" class=\"su-button su-button-style-3d\" style=\"color:#FFFFFF;background-color:#2D89EF;border-color:#246ec0;border-radius:9px;-moz-border-radius:9px;-webkit-border-radius:9px\" target=\"_blank\" rel=\"nofollow\"><span style=\"color:#FFFFFF;padding:0px 24px;font-size:18px;line-height:36px;border-color:#6cadf4;border-radius:9px;-moz-border-radius:9px;-webkit-border-radius:9px;text-shadow:none;-moz-text-shadow:none;-webkit-text-shadow:none\"> Den Rabatt Preis sichern<\/span><\/a><\/div>\n<\/div><\/div>\n<p>&nbsp;<\/p>\n\n<h2>Diaetoxil Testbericht und Erfahrungen<\/h2>\n<p><strong>Was ist Diaetoxil und f\u00fcr wen ist es geeignet?<\/strong><\/p>\n<p>Das Produkt wurde den Herstellerangaben gem\u00e4\u00df von einem Expertenteam aus Ern\u00e4hrungswissenschaftlern und Medizinern entwickelt.<\/p>\n<p><strong>Gedacht ist die Rezeptur f\u00fcr Menschen,<\/strong><\/p>\n<ul>\n<li>die Gewicht verlieren m\u00f6chten<\/li>\n<li>mit Gewichtsschwankungen zu tun haben<\/li>\n<li>unter Fettleibigkeit leiden.<\/li>\n<\/ul>\n<p>Die Wirkformel m\u00f6chte \u00fcber diverse Ans\u00e4tze, die Aufnahme neuer Kalorien reduzieren und die Fettverbrennung ankurbeln.<\/p>\n<p>Damit ist Diaetoxil eine Abnehmhilfe, die Betroffenen von \u00dcbergewicht dabei helfen soll, Zuhause und in Eigenregie m\u00f6glichst einfach und viel Gewicht zu verlieren.<\/p>\n<p>Das Prinzip funktioniert \u00fcber die Einnahme von ein bis zwei Kapseln Diaetoxil t\u00e4glich.<\/p>\n<p><strong>Wer Diaetoxil regelm\u00e4\u00dfig einnimmt, soll gem\u00e4\u00df Hersteller diese Wirkungen erzielen:<\/strong><\/p>\n<ul>\n<li>Appetitz\u00fcgelung<\/li>\n<li>Hei\u00dfhunger verhindern<\/li>\n<li>Stoffwechselaktivierung<\/li>\n<li>Verbesserung der Stimmung durch weniger Hunger<\/li>\n<li>Erh\u00f6hung des Fettstoffwechsels<\/li>\n<li>deutliche Gewichtsreduktion<\/li>\n<li>stabiles Gewicht erreichen.<\/li>\n<\/ul>\n<p>Das alles erreichen Kunden durch eine Zusammenstellung von rein nat\u00fcrlichen Zutaten. Diaetoxil kommt ohne chemische Zusatzstoffe, F\u00fcllstoffe, Quellmittel oder Proteinzugaben aus.<\/p>\n<h2>Fake oder real und seri\u00f6s?<\/h2>\n<p><strong>Ist Diaetoxil fake oder real und seri\u00f6s?<\/strong><\/p>\n<p>Diaetoxil ist ein seri\u00f6ses und reales Abnehmprodukt mit erprobten Inhaltsstoffen von einem deutschen Hersteller.<\/p>\n<p>Nach Bestellung wird es per Express Versand verschickt (kein Fake Shop).<\/p>\n<h2>Hersteller<\/h2>\n<p>Der Hersteller von Diaetoxil, die Best Media Web Ltd., vertreibt das Produkt derzeit ausschlie\u00dflich online.<\/p>\n<h2>Wirkung<\/h2>\n<p>Die Wirkweise von Diaetoxil dm zielt zun\u00e4chst darauf ab, das S\u00e4ttigungsgef\u00fchl zu erh\u00f6hen. So finden Anwender schon nach den ersten Tagen der Einnahme zu ersten, ermutigenden Erfolgen.<br \/>\nWenn der Appetit und Hei\u00dfhungerattacken ausbleiben, kommt Ruhe ins Leben \u00fcbergewichtiger Menschen und das st\u00e4ndige, mit Essen verbundene schlechte Gewissen f\u00e4llt weg.<\/p>\n<p>Weiter sieht die Wirkformel einen sanften Eingriff in den Stoffwechsel vor. Dazu werden Aminos\u00e4uren zugef\u00fchrt, die den Transport von N\u00e4hrstoffen und Fetten verbessern.<\/p>\n<p>Auf diese Weise soll der K\u00f6rper dazu ermuntert werden, eingelagerte Fette als Energiequelle zu nutzen. Kann der Organismus die Depots wieder als wertvollen Kraftspeicher erkennen, wird die Aufnahme neuer Fette automatisch ged\u00e4mpft.<\/p>\n<p>Die Aminos\u00e4uren regen den gesamten Stoffwechsel an und k\u00f6nnen durch schlechtes Essverhalten bedingte Ungleichgewichte ausgleichen.<\/p>\n<p>Durch die Zuf\u00fchrung einer ganz besonderen Fruchts\u00e4ure und von wertvollen Antioxidantien, entschlackt der K\u00f6rper und trennt sich von Stoffwechselgiften und Substanzen, die ihm nicht guttun.<\/p>\n<div class=\"su-button-center\"><a href=\"https:\/\/www.eco-innovation.eu\/go\/diaetoxil-de\" class=\"su-button su-button-style-3d\" style=\"color:#FFFFFF;background-color:#2D89EF;border-color:#246ec0;border-radius:9px;-moz-border-radius:9px;-webkit-border-radius:9px\" target=\"_blank\" rel=\"nofollow\"><span style=\"color:#FFFFFF;padding:0px 24px;font-size:18px;line-height:36px;border-color:#6cadf4;border-radius:9px;-moz-border-radius:9px;-webkit-border-radius:9px;text-shadow:none;-moz-text-shadow:none;-webkit-text-shadow:none\"> Diaetoxil mit 50% Rabatt kaufen<\/span><\/a><\/div>\n<p>&nbsp;<\/p>\n<h2>Inhaltsstoffe<\/h2>\n<p>Erfreulicherweise kommt das Produkt mit rein nat\u00fcrlichen Zutaten aus.<\/p>\n<p><strong>Eine Kapsel Diaetoxil enth\u00e4lt:<\/strong><\/p>\n<ul>\n<li>100 mg L-Arginin<\/li>\n<li>100 mg L-Carnitin<\/li>\n<li>50 mg Garcinia Cambogia Extrakt.<\/li>\n<\/ul>\n<h3>Was ist L-Arginin?<\/h3>\n<p>L-Arginin ist eine halb-lebensnotwendige Aminos\u00e4ure, die nat\u00fcrlich im menschlichen K\u00f6rper vorkommt. Als halb-lebensnotwendig gilt sie, weil ein Organismus streng genommen auch ohne sie \u00fcberleben kann. Trotzdem ist L-Arginin unverzichtbar, wenn Menschen einen schlanken und gut durchbluteten K\u00f6rper haben m\u00f6chten.<\/p>\n<p>Die Aufgaben dieser Aminos\u00e4ure liegen im Zellstoffwechsel sowie im Aufbau von Gewebefasern, darunter auch Muskelzellen. L-Arginin kann nachweislich die Durchblutung des K\u00f6rpers verbessern. Dieser Effekt beruht vermutlich auf einer Verbesserung der Zellstruktur in den blutf\u00fchrenden Gef\u00e4\u00dfen.<\/p>\n<p>Profisportler nutzen L-Arginin vorzugsweise f\u00fcr den schnellen Aufbau fester Muskeln und zur Leistungssteigerung.<\/p>\n<p>Asiatische Wissenschaftler haben die Wirkweise von L-Arginin bei Fettleibigkeit untersucht. Dabei zeigte sich, dass Zugaben dieser Aminos\u00e4ure die Aufnahme von Fett aus dem Darm in den Stoffwechsel deutlich reduzieren konnte. Die Muskelmasse der Probanden nahm ohne besonderes Sportprogramm zwischen 13 % bis 30 % zu und die Blutfett- und Blutzuckerwerte normalisierten sich.<\/p>\n<h3>Was ist L-Carnitin?<\/h3>\n<p>L-Carnitin ist ebenfalls eine halb-lebensnotwendige Aminos\u00e4ure, die normalerweise im K\u00f6rper aus anderen Aminos\u00e4uren gebildet wird.<\/p>\n<p>Die Aufgaben von L-Carnitin liegen bei Transportfunktionen. Unter anderem ist diese Aminos\u00e4ure daf\u00fcr zust\u00e4ndig, Fette \u00fcber den Blutkreislauf in die Brennstoff\u00f6fen der Zellen zu transportieren. Hat ein K\u00f6rper zu wenig L-Carnitin, kann eingelagertes Fett nicht in Energie zur\u00fcckverwandelt werden.<\/p>\n<p>Der K\u00f6rper kann zudem alle Vorr\u00e4te an L-Carnitin dazu verwenden, neue Fette aus dem Darm aufzunehmen. Ist dieser Vorgang durch L-Arginin gebremst, k\u00f6nnen sich Zugaben von L-Carnitin voll und ganz um den Abbau von k\u00f6rpereigenem Fett k\u00fcmmern.<\/p>\n<p>Studien, die sich der alleinigen Wirkung von L-Carnitin widmeten, kamen zu unterschiedlichen Resultaten.<br \/>\nSo konnten einige Testpersonen durch die Einnahme von 4 Gramm L-Carnitin pro Tag kaum einen Gewichtsverlust verzeichnen.<br \/>\nIn einer Vergleichsgruppe dagegen verloren die Teilnehmer durch die Einnahme von 3 Gramm L-Carnitin pro Tag binnen vier Wochen bis zu 25 % K\u00f6rperfett.<\/p>\n<p>Die erfolgreiche Vergleichsgruppe absolvierte zus\u00e4tzlich zur Einnahme von L-Carnitin ein sachtes Bewegungsprogramm und bekam eine leicht kohlenhydratreduzierte Kost. Diese kleinen \u00c4nderungen waren ausreichend, um die Wirkung der Aminos\u00e4ure deutlich zu verbessern.<\/p>\n<p>Damit AnwenderInnen von Diaetoxil H\u00f6hle der L\u00f6wen in den Genuss der vollen Wirkung von L-Carnitin kommen, setzen die Experten auf die kombinierte Gabe mit L-Arginin. Ein Sportprogramm oder eine Ern\u00e4hrungsumstellung sind bei der Einnahme von Diaetoxil nicht erforderlich. Darauf weist der Hersteller ausdr\u00fccklich hin.<\/p>\n<h3>Was ist Garcinia Cambogia Extrakt?<\/h3>\n<p>Garcinia Cambogia ist ein in Asien heimischer Baum, der manchmal auch als Malabar-Tamarinde bezeichnet wird. Die Fr\u00fcchte des bis 20 Meter gro\u00dfen, immergr\u00fcnen Baumes gelten in der K\u00fcche Indiens und Sri Lankas als eine Spezialit\u00e4t.<\/p>\n<p>Im Ayurveda dient Garcinia Cambogia als Naturheilmittel bei Verdauungsbeschwerden, Darmparasiten, chronischen Schmerzzust\u00e4nden und zur Steigerung der Lebenskraft.<\/p>\n<p>Im Westen wurde die Frucht durch den amerikanisch-t\u00fcrkischen Arzt und Schlankheitsexperten Dr. \u00d6z bekannt. Der stellte die Garcinia Cambogia Frucht im Rahmen eines Buches und seiner Fernsehsendung vor und verhalf der Frucht zu weltweiter Bekanntschaft.<\/p>\n<p>Der Hauptwirkstoff der Frucht ist schon viel l\u00e4nger bekannt und erforscht. In den 1965 wurden Garcinia Cambogia beziehungsweise die Fruchts\u00e4ure Hydroxyzitronens\u00e4ure (HCA) von US-amerikanischen Wissenschaftlern untersucht.<br \/>\nSchon damals stellten sich hervorragende Ergebnisse bei der Appetitz\u00fcgelung ein, sodass der Schweizer Pharmariese La Roche sich prompt die Rechte an synthetisch hergestellter Hydroxyzitronens\u00e4ure sichern lie\u00df.<\/p>\n<p>Durch den erneuten Boom wurde die Frucht erneut wissenschaftlich unter die Lupe genommen. Dabei stellte sich heraus, dass Garcinia Cambogia eine ungew\u00f6hnliche hohe Anzahl an Antioxidantien enth\u00e4lt. Die Stoffe sind daf\u00fcr bekannt, Stoffwechselschlacken abzubauen und den K\u00f6rper zu entgiften. Auch dieser Effekt tr\u00e4gt zur Gewichtsreduzierung bei, da ein entschlackter K\u00f6rper \u00fcber einen schnelleren Stoffwechsel verf\u00fcgt, der mehr Kalorien umsetzt.<\/p>\n<h2>Diaetoxil Abnehm-Kapseln: die Anwendung und Einnahme (Beipackzettel)<\/h2>\n<p>Der Hersteller empfiehlt im Diaetoxil Beipackzettel die Einname von ein bis zwei Kapseln am Tag.<\/p>\n<p>AnwenderInnen mit leichtem \u00dcbergewicht k\u00f6nnen mit einer Kapsel gute Erfolge erzielen. Wer unter starkem \u00dcbergewicht oder Fettleibigkeit leidet, erzielt mit zwei Kapseln bessere und schnellere Erfolge.<\/p>\n<p>Mehr Diaetoxil darf t\u00e4glich nicht angewendet werden. Eine Steigerung der Einnahmemenge w\u00fcrde die Effekte nicht verbessern.<\/p>\n<p>Eingenommen werden die Diaetoxil Kapseln Stiftung Warentest etwa 15 \u2013 30 Minuten vor dem Mittag- oder Abendessen. Am dienlichsten ist die Einnahme der Kapseln vor dem Essen mit der gr\u00f6\u00dften Kalorien-Anzahl.<\/p>\n<p>Diaetoxil seri\u00f6s Kapseln sind im Allgemeinen sehr bek\u00f6mmlich, m\u00fcssen aber mit 250 ml Wasser eingenommen werden. Direkt nach der Einnahme und w\u00e4hrend des Essens sollten weitere 250 ml Wasser getrunken werden. Nur so l\u00f6sen sich die Kapseln im Magen und Darm optimal auf und entfalten ihre volle Wirksamkeit.<\/p>\n<p>AnwenderInnen, die Probleme mit dem Schlucken von Kapseln haben oder die Gelatine vermeiden m\u00f6chten (Veganer und Vegetarier), k\u00f6nnen Diaetoxil Kapseln \u00f6ffnen und das Pulver in ein Glas stilles Wasser einr\u00fchren.<\/p>\n<p>Erste Erfolge zeigen sich bereits nach einigen Tagen. Der Appetit nimmt ab und ein Gef\u00fchl der Zufriedenheit stellt sich ein. Nach ein bis zwei Wochen f\u00e4ngt die Waage dann an, deutliche Gewichtsverluste zu zeigen. Im Zeitraum zwischen vier und zw\u00f6lf Wochen erzielen die meisten AnwenderInnen die besten Erfolge.<\/p>\n<p>Durchschnittlich kaufen KundInnen drei Packungen Diaetoxil Kapseln, bis sie ihr Wunschgewicht erreicht haben.<\/p>\n<p>Nach erfolgtem Gewichtsverlust, kann Diaetoxil weiter eingenommen werden, um das Gewicht zu halten. Dann reicht eine Kapsel alle zwei bis drei Tage.<\/p>\n<h2>dm und Rossmann<\/h2>\n<p>Bei dm und Rossmann kann man Diaetoxil leider noch nicht kaufen.<\/p>\n<h2>Haben Diaetoxil Kapseln Wechsel- und Nebenwirkungen?<\/h2>\n<p>Diaetoxil dm ist ein sehr mildes Abnehm-Pr\u00e4parat, das auf sehr bek\u00f6mmlichen und nat\u00fcrlichen Zutaten basiert.<\/p>\n<p>Die Wirkstoffe sind medizinisch erforscht und gepr\u00fcft. In Studien zu Gaben von L-Arginin und L-Carnitin zeigten sich selbst bei h\u00f6heren Mengen keine Nebenwirkungen. \u00dcbermengen scheidet der K\u00f6rper einfach aus.<\/p>\n<p>Bei der Garcinia Cambogia Frucht zeigte sich in Studien eine leichte Wechselwirkung mit Medikamenten, die den Serotoninhaushalt ver\u00e4ndern (u.a. Antidepressiva). Au\u00dferdem k\u00f6nnen \u00dcbermengen von Garcinia Cambogia die Leber irritieren bis reizen.<\/p>\n<p>AnwenderInnen sollten sich daher strikt an die empfohlene H\u00f6chstdosierung von zwei Kapseln t\u00e4glich (bei starkem \u00dcbergewicht) halten.<\/p>\n<h2>H\u00f6hle der L\u00f6wen<\/h2>\n<p><strong>Wurden die Diaetoxil Kapseln in &#8222;H\u00f6hle der L\u00f6wen&#8220; vorgestellt?<\/strong><\/p>\n<p>Das Video l\u00e4sst sich auf Youtube nicht mehr auffinden aber man h\u00f6rt immer wieder das Ger\u00fccht, dass Diaetoxil in der &#8222;H\u00f6hle der L\u00f6wen&#8220; war.<\/p>\n<h2>Wer darf das Produkt nicht anwenden?<\/h2>\n<p>F\u00fcr Kinder und Jugendliche sind Nahrungserg\u00e4nzungsmittel wie Diaetoxil laut Beipackzettel nicht geeignet. KundInnen, die Diaetoxil seri\u00f6s kaufen m\u00f6chten, m\u00fcssen nachweislich \u00e4lter als 18 Jahre sein.<\/p>\n<p>Schwangere und stillende M\u00fctter sollten keine Di\u00e4ten machen und somit auch keine Produkte wie Diaetoxil einnehmen. Frauen, die w\u00e4hrend der Schwangerschaft zugenommen haben, k\u00f6nnen Diaetoxil nach dem Abstillen des Babys einnehmen.<\/p>\n<p>Wer unter schweren Krankheiten oder organischen St\u00f6rungen leidet und starke Medikamente einnimmt, muss die Einnahme von Nahrungserg\u00e4nzungsmitteln wie Diaetoxil immer vorher mit dem behandelnden Arzt abstimmen.<\/p>\n<h2>Bewertung Stiftung Warentest<\/h2>\n<p>Bisher gibt es noch keine Diaetoxil Bewertung von Stiftung Warentest, weil der letzte Testbericht zu Abnehmmitteln schon sehr lange zur\u00fcck liegt.<\/p>\n<h2>Apotheke<\/h2>\n<p><a href=\"https:\/\/www.versandapotheke.net\/diaetoxil-kapseln-in-der-apotheke-kaufen-test-bewertung-erfahrungen\/\" target=\"_blank\" rel=\"noopener\">Diaetoxil in der Apotheke?<\/a> &#8211; Das Produkt ist nur im offiziellen Online Shop des Herstellers erh\u00e4ltlich.<\/p>\n<h2>Erfahrungsberichte und Kundenbewertungen<\/h2>\n<p>Der Vertrieb von Diaetoxil erfolgt exklusiv \u00fcber die Internetpr\u00e4senzen und Onlins-Shops des Herstellers.<\/p>\n<p>In den Bewertungssystemen des Online-Shops verzeichnet das Produkt <strong>4,8 von 5 Sternen<\/strong> f\u00fcr sich.<\/p>\n<p>Schaut man sich die Bewertungen genauer an, stellt sich sehr schnell heraus, dass die Wirksamkeit von Diaetoxil ohne Ausnahme best\u00e4tigt wird. Bem\u00e4ngelt wird lediglich manchmal, dass das Produkt nicht auf Rechnung gekauft werden kann und es in Einzelf\u00e4llen zu Lieferverz\u00f6gerungen kam.<\/p>\n<p>Diaetoxil kann damit also als ein seri\u00f6ses und wirksames Pr\u00e4parat zur Gewichtsreduzierung eingestuft werden. Es lassen sich im Online Forum keine negativen Diaetoxil Erfahrungen finden.<\/p>\n<p>&nbsp;<\/p>\n<h2>Diaetoxil g\u00fcnstig kaufen<\/h2>\n<div class=\"su-button-center\"><a href=\"https:\/\/www.eco-innovation.eu\/go\/diaetoxil-de\" class=\"su-button su-button-style-3d\" style=\"color:#FFFFFF;background-color:#2D89EF;border-color:#246ec0;border-radius:9px;-moz-border-radius:9px;-webkit-border-radius:9px\" target=\"_blank\" rel=\"nofollow\"><span style=\"color:#FFFFFF;padding:0px 24px;font-size:18px;line-height:36px;border-color:#6cadf4;border-radius:9px;-moz-border-radius:9px;-webkit-border-radius:9px;text-shadow:none;-moz-text-shadow:none;-webkit-text-shadow:none\"> Diaetoxil mit 50% Rabatt kaufen<\/span><\/a><\/div>\n","protected":false},"excerpt":{"rendered":"<p>Rund die H\u00e4lfte aller B\u00fcrger w\u00fcnscht sich, Gewicht zu verlieren oder einen sch\u00f6neren, schlankeren K\u00f6rper. Etwa 19 Millionen Menschen sind von starkem \u00dcbergewicht oder Fettsucht betroffen. Doch Di\u00e4tziele sind oft nur schwer zu erreichen und Betroffene suchen nach neuen Ans\u00e4tzen, um m\u00f6glichst schnell und einfach Kilos loszuwerden. Abnehm-Pr\u00e4parate wie Diaetoxil versprechen genau diese Erfolge durch &#8230; <a title=\"Diaetoxil Erfahrungsberichte, Preis, Test &#038; Bewertung: Seri\u00f6s und sinnvolle Inhaltsstoffe\" class=\"read-more\" href=\"https:\/\/www.eco-innovation.eu\/de\/diaetoxil\/\" aria-label=\"Mehr zu Diaetoxil Erfahrungsberichte, Preis, Test &#038; Bewertung: Seri\u00f6s und sinnvolle Inhaltsstoffe\">Weiterlesen &#8230;<\/a><\/p>\n","protected":false},"author":1,"featured_media":0,"parent":0,"menu_order":0,"comment_status":"closed","ping_status":"closed","template":"","meta":{"footnotes":""},"class_list":["post-489","page","type-page","status-publish"],"_links":{"self":[{"href":"https:\/\/www.eco-innovation.eu\/de\/wp-json\/wp\/v2\/pages\/489","targetHints":{"allow":["GET"]}}],"collection":[{"href":"https:\/\/www.eco-innovation.eu\/de\/wp-json\/wp\/v2\/pages"}],"about":[{"href":"https:\/\/www.eco-innovation.eu\/de\/wp-json\/wp\/v2\/types\/page"}],"author":[{"embeddable":true,"href":"https:\/\/www.eco-innovation.eu\/de\/wp-json\/wp\/v2\/users\/1"}],"replies":[{"embeddable":true,"href":"https:\/\/www.eco-innovation.eu\/de\/wp-json\/wp\/v2\/comments?post=489"}],"version-history":[{"count":10,"href":"https:\/\/www.eco-innovation.eu\/de\/wp-json\/wp\/v2\/pages\/489\/revisions"}],"predecessor-version":[{"id":1022,"href":"https:\/\/www.eco-innovation.eu\/de\/wp-json\/wp\/v2\/pages\/489\/revisions\/1022"}],"wp:attachment":[{"href":"https:\/\/www.eco-innovation.eu\/de\/wp-json\/wp\/v2\/media?parent=489"}],"curies":[{"name":"wp","href":"https:\/\/api.w.org\/{rel}","templated":true}]}}