{"id":464,"date":"2022-06-06T19:14:59","date_gmt":"2022-06-06T19:14:59","guid":{"rendered":"https:\/\/www.eco-innovation.eu\/?page_id=464"},"modified":"2022-06-06T19:15:29","modified_gmt":"2022-06-06T19:15:29","slug":"colon-broom","status":"publish","type":"page","link":"https:\/\/www.eco-innovation.eu\/de\/colon-broom\/","title":{"rendered":"Colon Broom Test, Erfahrungen, Kosten und Bewertung: Kein Fake."},"content":{"rendered":"<p><strong><img loading=\"lazy\" decoding=\"async\" class=\"aligncenter size-full wp-image-471\" src=\"https:\/\/www.eco-innovation.eu\/wp-content\/uploads\/2022\/06\/Colon-Broom.jpg\" alt=\"Colon Broom\" width=\"600\" height=\"532\" srcset=\"https:\/\/www.eco-innovation.eu\/wp-content\/uploads\/2022\/06\/Colon-Broom.jpg 600w, https:\/\/www.eco-innovation.eu\/wp-content\/uploads\/2022\/06\/Colon-Broom-300x266.jpg 300w\" sizes=\"auto, (max-width: 600px) 100vw, 600px\" \/><\/strong><\/p>\n<p><strong>Dass alte Menschen oft unter einem aufgebl\u00e4hten Bauch und Verstopfung leiden, ist allseits bekannt. Die Gr\u00fcnde liegen in einer ballaststoffarmen Ern\u00e4hrung, meist begr\u00fcndet durch schlechte Z\u00e4hne und ballaststoffarmes Essen im Altersheim. Dazu kommen zunehmende Mobilit\u00e4tseinschr\u00e4nkungen. Chronischer Bewegungsmangel und ballaststoffarme Ern\u00e4hrung bilden meist die Grundlage f\u00fcr Verstopfungsprobleme.<\/strong><\/p>\n<p><strong>Heutzutage leiden aber auch schon junge Menschen an diesem l\u00e4stigen Problem.<\/strong><\/p>\n<div class=\"sue-section\" data-url=\"\" data-target=\"blank\" style=\"margin:0px 0px 0px 0px;border-top:1px solid #cccccc;border-bottom:1px solid #cccccc\"><div class=\"sue-section-background\" style=\"background-color:#f8f8f8;background-position:left top;\"><\/div><div class=\"sue-section-content sue-content-wrap\" style=\"padding:30px 0px 30px 0px;max-width:960px;text-align:left;color:#333333;text-shadow:0px 1px 10px #ffffff\">\n<h2>Colon Broom Bewertung und Test<\/h2>\n<div class=\"su-list\" style=\"margin-left:0px\">\n<ul>\n<li><i class=\"sui sui-caret-right\" style=\"color:#113116\"><\/i> ?? Hergestellt in der EU<\/li>\n<li><i class=\"sui sui-caret-right\" style=\"color:#113116\"><\/i> M\u00f6gliche Wirkungen\n<ul>\n<li><i class=\"sui sui-caret-right\" style=\"color:#113116\"><\/i> Erleichtert das Abnehmen<\/li>\n<li><i class=\"sui sui-caret-right\" style=\"color:#113116\"><\/i> Gef\u00fchl von Leichtigkeit<\/li>\n<li><i class=\"sui sui-caret-right\" style=\"color:#113116\"><\/i> Regelm\u00e4\u00dfiger und problemloser Stuhlgang<\/li>\n<li><i class=\"sui sui-caret-right\" style=\"color:#113116\"><\/i> Der Darm wird gesch\u00fctzt<\/li>\n<li><i class=\"sui sui-caret-right\" style=\"color:#113116\"><\/i> Verbesserte Stimmung und Energie<\/li>\n<li><i class=\"sui sui-caret-right\" style=\"color:#113116\"><\/i> Bessere Verdauung<\/li>\n<\/ul>\n<\/li>\n<li><i class=\"sui sui-caret-right\" style=\"color:#113116\"><\/i> <strong>Jetzt mit Rabatt erh\u00e4ltlich<\/strong><\/li>\n<li><i class=\"sui sui-caret-right\" style=\"color:#113116\"><\/i> Kostenloser Express Versand<\/li>\n<li><i class=\"sui sui-caret-right\" style=\"color:#113116\"><\/i> Sehr gute Erfahrungsberichte von Kunden<\/li>\n<li><i class=\"sui sui-caret-right\" style=\"color:#113116\"><\/i> Vegan &amp; glutenfrei<\/li>\n<\/ul>\n<\/div>\n<h2>Colon Broom kaufen<\/h2>\n<div class=\"su-button-center\"><a href=\"https:\/\/www.eco-innovation.eu\/go\/colonbroom\" class=\"su-button su-button-style-3d\" style=\"color:#FFFFFF;background-color:#2D89EF;border-color:#246ec0;border-radius:9px;-moz-border-radius:9px;-webkit-border-radius:9px\" target=\"_blank\" rel=\"nofollow\"><span style=\"color:#FFFFFF;padding:0px 24px;font-size:18px;line-height:36px;border-color:#6cadf4;border-radius:9px;-moz-border-radius:9px;-webkit-border-radius:9px;text-shadow:none;-moz-text-shadow:none;-webkit-text-shadow:none\"> Colon Broom mit Rabatt kaufen<\/span><\/a><\/div>\n<\/div><\/div>\n<p>&nbsp;<\/p>\n\n<p><a href=\"https:\/\/www.eco-innovation.eu\/go\/colonbroom\" target=\"_blank\" rel=\"nofollow noopener\"><img loading=\"lazy\" decoding=\"async\" class=\"aligncenter size-full wp-image-466\" src=\"https:\/\/www.eco-innovation.eu\/wp-content\/uploads\/2022\/06\/colon-broom-erfahrungsberichte.jpg\" alt=\"colon broom erfahrungsberichte\" width=\"539\" height=\"707\" srcset=\"https:\/\/www.eco-innovation.eu\/wp-content\/uploads\/2022\/06\/colon-broom-erfahrungsberichte.jpg 539w, https:\/\/www.eco-innovation.eu\/wp-content\/uploads\/2022\/06\/colon-broom-erfahrungsberichte-229x300.jpg 229w\" sizes=\"auto, (max-width: 539px) 100vw, 539px\" \/><\/a><\/p>\n<h2>Preise und Kosten<\/h2>\n<p><strong>Colon Broom Kosten<\/strong> &#8211; Momentan zum Rabatt-Preis erh\u00e4ltlich.<\/p>\n<div class=\"su-button-center\"><a href=\"https:\/\/www.eco-innovation.eu\/go\/colonbroom\" class=\"su-button su-button-style-3d\" style=\"color:#FFFFFF;background-color:#2D89EF;border-color:#246ec0;border-radius:9px;-moz-border-radius:9px;-webkit-border-radius:9px\" target=\"_blank\" rel=\"nofollow\"><span style=\"color:#FFFFFF;padding:0px 24px;font-size:18px;line-height:36px;border-color:#6cadf4;border-radius:9px;-moz-border-radius:9px;-webkit-border-radius:9px;text-shadow:none;-moz-text-shadow:none;-webkit-text-shadow:none\"> Colon Broom zum g\u00fcnstigsten Preis kaufen<\/span><\/a><\/div>\n<p>&nbsp;<\/p>\n<h2>Fake?<\/h2>\n<p><strong>Ist Colon Broom ein Fake Produkt?<\/strong><\/p>\n<p>Nein, Colon Broom ist ein seri\u00f6ses und reales Produkt mit Inhaltsstoffen, deren Wirksamkeit in wissenschaftlichten Studien belegt wurde.<\/p>\n<h2>Colon Broom Erfahrungen und Testbericht auf Deutsch<\/h2>\n<p>Die Ursachen sind dieselben &#8211; in diesem Fall allerdings bedingt durch stundenlanges Spielen am PC und die Bevorzugung von D\u00f6ner, Hamburgers, Pommes, Pizza und dergleichen. Solche Nahrungsmittel sind extrem kohlenhydrat- und fettreich. Es mangelt ihnen aber an jeglichen Ballaststoffen. Auf Dauer machen solche Nahrungsmittel den Darm tr\u00e4ge. Das beg\u00fcnstigt einen Gewichtszuwachs. Die Darmflora kommt aus dem Gleichgewicht. Das wiederum beeinflusst das Immunsystem, das gr\u00f6\u00dftenteils im Darm angesiedelt ist.<\/p>\n<p>Verstopfung ist mittlerweile ein weit verbreitetes Problem, \u00fcber das niemand gerne spricht. Der Blick auf europ\u00e4ische Statistiken offenbart, dass mittlerweile fast 20 Prozent aller Europ\u00e4er an einem tr\u00e4gen Darm, \u00dcbergewicht, Diabetes und verdauungsbedingten Folgeerscheinungen leiden. Kein Wunder, dass schon \u00fcber 100.000 Menschen zu Colon Broom gegriffen haben, um den verstopften Darm wieder in Fahrt zu bringen. Fakt ist, dass nat\u00fcrliche Mittel wie Colon Brom deutlich besser und ges\u00fcnder sind als alle im TV beworbenen Abf\u00fchrmittel. Besonders mit Flohsamenschalen ist der Erfolg sicher.<\/p>\n<p>Flohsamenschalen haben ein erstaunlich hohes Quellverm\u00f6gen. Sie besitzen zudem die Eigenschaft, den K\u00f6rper entgiften zu k\u00f6nnen. Sie sind als nat\u00fcrliche Ballaststoffe eine wichtige Hilfe bei Verstopfung. Durch ihr hohes Wasser-Bindungsverm\u00f6gen eignen sie sich auch bei Durchfall. Durch aufgequollene Flohsamenschalen kommt die Verdauung auf nat\u00fcrliche Weise wieder in Schwung. Zugleich machen die aufgequollenen Schalen des Flohsamens satt. Man kann damit also auch noch abnehmen, wenn man seine ballaststoffarme Ern\u00e4hrung verbessert und zuk\u00fcnftig auf eine ges\u00fcndere Kost-Zusammensetzung achtet.<\/p>\n<h2>Was ist Colon Broom?<\/h2>\n<p>Colon Broom ist der Name f\u00fcr einen nat\u00fcrlichen Ballaststoff, der auf Flohsamenschalen basiert. Aromatisiert werdendiese mit Erdbeer-Aroma. Gemahlene Flohsamenschalen werden mit Wasser zu einem dicklichen Brei, der s\u00e4ttigt, verdauungsbedingte Toxine aus dem Darm entfernt und den Stuhl weicher macht. Damit wird es deutlich leichter, der Verstopfung ein Ende zu bereiten. Das ganze Geheimnis einer geregelten Verdauung liegt in zwei Faktoren: der Aufnahme von Ballaststoffen und ausreichend Bewegung. An beidem mangelt es jedoch im Leben vieler Menschen.<\/p>\n<p>Ballaststoffe werden f\u00fcr nutzlos gehalten. Doch das Gegenteil ist der Fall. Sie s\u00e4ttigen nicht nur besser, sondern nehmen auch Verdauungstoxine aus dem Darm auf. Eine ballaststoffreiche Ern\u00e4hrung verhindert Verstopfung. Es liegt also nahe, ein bereits existierendes Verstopfungsproblem mit der Aufnahme von Ballaststoffen zu beseitigen. Der Einsatz von Colon Broom macht es Ihnen leicht, zus\u00e4tzliche Ballaststoffe zuzuf\u00fchren. Flohsamenschalen verk\u00f6rpern eine sanfte Methode, die angenehmer ist als Abf\u00fchrmittel. Mit Colon Broom k\u00f6nnen Sie nicht nur leichter abnehmen, sondern auch der Verstopfung Paroli bieten. Der Stoffwechsel funktioniert dank der Einnahme von Colon Broom wieder besser. Toxische Stoffwechsel-Endprodukte werden schneller aus dem Darmtrakt ausgeleitet.<\/p>\n<p>Das Konzept von Colon Broom basiert auf modernsten Erkenntnissen der Forschung. Der Darm braucht Ihre Unterst\u00fctzung. H\u00e4ufige Verstopfung bedeutet, dass die verdauungsbedingten Giftstoffe wie Ammoniak und andere Substanzen l\u00e4nger im K\u00f6rper verbleiben. Es kommt dadurch h\u00e4ufig zu G\u00e4rungsprozessen, Flatulenz und einem Bl\u00e4hbauch. Colon Broom ist ein nat\u00fcrliches Detox-Programm mit Mehrfachwirkung. Zudem sind aufgequollene Flohsamenschalen bei Beachtung der empfohlenen Dosis vollkommen nebenwirkungsfrei. In Kombination mit einer gesundheitsvertr\u00e4glichen und vitalstoffreichen Ern\u00e4hrungsweise verbessert Colon Broom die Gesundheit.<\/p>\n<p>Als nat\u00fcrliches Hilfsmittel gegen Durchfall und Verstopfung sollte Colon Broom in jedem Haushalt vorgehalten werden. Gro\u00dfe Teile des menschlichen Immunsystems liegen bekanntlich im Darm. Die guten Darmbakterien leben vorwiegend von Ballaststoffen. Erhalten sie zu wenig davon, vermehren sich die schlechten Darmbakterien rasant. Colon Broom bietet den guten Darmbakterien die richtige Nahrung. Sie werden dadurch in die Lage versetzt, den schlechten Darmbakterien, die viele Beschwerden ausl\u00f6sen k\u00f6nnen, Paroli zu bieten. Ist durch die Einnahme von aufgequollenen Flohsamenschalen die richtige Balance von Mikroben im Darm vorhanden, geht es Ihnen wieder gut. Nichts ist leichter, als die Ballaststoff-Zufuhr mit Colon Broom zu verbessern.<\/p>\n<p><a href=\"https:\/\/www.eco-innovation.eu\/go\/colonbroom\" target=\"_blank\" rel=\"nofollow noopener\"><img loading=\"lazy\" decoding=\"async\" class=\"aligncenter size-full wp-image-476\" src=\"https:\/\/www.eco-innovation.eu\/wp-content\/uploads\/2022\/06\/Colon-Broom-Test.jpg\" alt=\"Colon Broom Test\" width=\"600\" height=\"605\" srcset=\"https:\/\/www.eco-innovation.eu\/wp-content\/uploads\/2022\/06\/Colon-Broom-Test.jpg 600w, https:\/\/www.eco-innovation.eu\/wp-content\/uploads\/2022\/06\/Colon-Broom-Test-298x300.jpg 298w, https:\/\/www.eco-innovation.eu\/wp-content\/uploads\/2022\/06\/Colon-Broom-Test-150x150.jpg 150w\" sizes=\"auto, (max-width: 600px) 100vw, 600px\" \/><\/a><\/p>\n<h2>Anwendungsbereich<\/h2>\n<p>Der Anwendungsbereich sind Darmprobleme, die mit Verstopfung, Bl\u00e4hbauch und Verdauungsproblemen einhergehen. Doch auch bei einer Di\u00e4t macht es Sinn, dem Darm mehr Ballaststoffe zuzuf\u00fchren. Flohsamenschalen s\u00e4ttigen. Sie verhindern somit Hei\u00dfhungerattacken.<\/p>\n<p>Flohsamenschalen entgiften zugleich den gestressten Darm. Sie reinigen diesen bis in die Falten der Darmschleimhaut, wo sich h\u00e4ufig Reste aus halbverdauten Nahrungsbestandteilen festsetzen und in F\u00e4ulnis \u00fcbergehen. Die vorbeugende Einnahme von Colon Broom kann Darm-Erkrankungen wie Divertikulitis verhindern. Der Griff zu Colon Broom ist effektiv und erfolgreich. Wenn Sie zugleich beginnen, Ihre Ern\u00e4hrungsweise zu \u00fcberdenken, profitieren viele Instanzen in Ihrem Organismus davon. Grunds\u00e4tzlich gilt: Je \u00e4lter Sie werden, desto mehr Vitalstoffe werden ben\u00f6tigt. Je l\u00e4nger Sie sitzen und je weniger Bewegung Sie t\u00e4glich haben, desto schneller leiden Sie an Verstopfung.<\/p>\n<p>Falls Sie zu den 20 Prozent Menschen geh\u00f6ren, die davon betroffen sind, k\u00f6nnen Sie aufatmen: Fast alle Menschen, die Ihrem Verstopfungsproblem mit Colon Broom begegnet sind, haben dadurch Erleichterung erfahren. Aufgequollene Flohsamenschalen schmecken von Natur aus nach nichts. Doch reizlose Lebensmittel mag niemand. Daher wurde Colon Broom vom Hersteller mit Erdbeer-Aroma versetzt, um die Einnahme geschmacklich ansprechender zu machen. So bekommen die Nutzer eher das Gef\u00fchl, sich etwas Gutes zu tun. Der Mensch ist nun einmal als Genie\u00dfer bekannt. Dass Sie sich mit Colon Broom Gutes tun, ist tats\u00e4chlich nachweisbar.<\/p>\n<p>Der nat\u00fcrliche Ballaststoff nimmt viel Wasser auf. W\u00e4hrend des Aufquellens vermehrt er sein Volumen um ein Vielfaches. Er wird zu einer gallertartigen Masse. Flohsamenschalen nehmen Sie immer mit ausreichend Wasser zu sich. Sie verhindern damit Verstopfung, beugen Durchfall vor, nehmen leichter ab und entgiften den Darm.<\/p>\n<p>Ihre verstopfungsbedingten Beschwerden wie<\/p>\n<ul>\n<li>allgemeines Unwohlsein durch F\u00e4ulnis- und G\u00e4rungsprozesse<\/li>\n<li>V\u00f6llegef\u00fchl und Bl\u00e4hungen<\/li>\n<li>Immunschw\u00e4che durch Dysbalancen in der Flora-Zusammensetzung<\/li>\n<li>Gewichtszuwachs durch nicht abgef\u00fchrte Nahrungsreste<\/li>\n<li>Energiedefizite wegen mangelnder N\u00e4hrstoffaufnahme<\/li>\n<\/ul>\n<p>verschwinden nach wenigen Tagen. Durch Colon Broom f\u00fchlen Sie sich wieder leicht und haben regelm\u00e4\u00dfig Stuhlgang. Der Darm ist vor den Attacken der schlechten Darmkeime gesch\u00fctzt.<\/p>\n<p>Die guten Darm-Mikroben erhalten durch den Ballaststoff in Colon Broom ausreichend Nahrung, um sich vermehren zu k\u00f6nnen. Der verstopfungsbedingte Gewichtszuwachs reduziert sich wieder. Sie k\u00f6nnen mit Colon Broom w\u00e4hrend einer Di\u00e4t leichter Gewicht abbauen. Ihre Stimmung ist deutlich besser. Der Blutzuckerspiegel ist ausgeglichen. Ballaststoffe verhindern, dass Kohlenhydrate aus der Nahrung zu schnell zu Glucose umgewandelt werden. Das Bauchhirn meldet Wohlf\u00fchl-Klima. Die ersten Verbesserungen im Darm versp\u00fcren Sie bereits nach 24 Stunden.<\/p>\n<p><a href=\"https:\/\/www.eco-innovation.eu\/go\/colonbroom\" target=\"_blank\" rel=\"nofollow noopener\"><img loading=\"lazy\" decoding=\"async\" class=\"aligncenter size-full wp-image-481\" src=\"https:\/\/www.eco-innovation.eu\/wp-content\/uploads\/2022\/06\/Colon-Broom-Review.jpg\" alt=\"Colon Broom Review\" width=\"500\" height=\"505\" srcset=\"https:\/\/www.eco-innovation.eu\/wp-content\/uploads\/2022\/06\/Colon-Broom-Review.jpg 500w, https:\/\/www.eco-innovation.eu\/wp-content\/uploads\/2022\/06\/Colon-Broom-Review-297x300.jpg 297w\" sizes=\"auto, (max-width: 500px) 100vw, 500px\" \/><\/a><\/p>\n<h2>Inhaltsstoffe<\/h2>\n<p><strong>Colon Broom basiert auf aromatisierten Flohsamenschalen<\/strong>. Mit Fl\u00f6hen hat dieser Ballaststoff aber nichts zu tun. Vielmehr handelt es sich um fein gemahlene H\u00fclsen oder Schalen einer Pflanze, die zu den Psyllium-Arten geh\u00f6rt. Darunter fallen auch die Wegerich-Arten Plantago indica und Plantago afra. Die H\u00fclsen von Flohsamen sind unverdaulich. Daher sind sie in fein vermahlener Form als Ballaststoffe geeignet. Diese besitzen eine erstaunliche Wasserbindungs-F\u00e4higkeit. Das l\u00e4sst sie geeignet erscheinen, in aufgequollenem Zustand den verh\u00e4rteten Stuhlgang weicher werden zu lassen. Flohsamenschalen sind bestens vertr\u00e4glich. Sie haben keinen nennenswerten Kaloriengehalt, weil sie unverdaut wieder ausgeschieden werden.<\/p>\n<p>Als weitere Zutaten sind nat\u00fcrliches Erdbeer-Aroma, Zitronens\u00e4ure, kristallisierte Zitrone aus Zitronens\u00e4ure, Zitronen\u00f6l und Zitronensaft, Stevia-Extrakt, Meersalz, als nat\u00fcrlicher Farbstoff Frucht- und Gem\u00fcsesaft sowie Reish\u00fclsen als weiterer Ballaststoff enthalten. Die Wirkung von Colon Broom ist sanft und effektiv. Ein Dauergebrauch dieses pflanzlichen Pr\u00e4parates ist problemlos machbar. Der hohe Quellwert der Flohsamenschalen sorgt bei einer Di\u00e4t f\u00fcr ein S\u00e4ttigungsgef\u00fchl. Der Stuhl wird durch die enthaltenen Schleimstoffe weich. Er kann leichter ausgeschieden werden. M\u00f6glich ist, dass der Stuhl zu Beginn der Einnahme weicher ist als erw\u00fcnscht. Hat sich der Darm an die erh\u00f6hte Ballaststoff-Zufuhr gew\u00f6hnt, reguliert sich das aber.<\/p>\n<h2>Wirkung der Flohsamenschalen<\/h2>\n<p>Den <strong>Vergleich mit Abf\u00fchrmitteln<\/strong> m\u00fcssen Flohsamenschalen nicht f\u00fcrchten. Sie sind die wesentlich ges\u00fcndere Methode gegen Verstopfung. Sie regen auf nat\u00fcrliche Weise die Darmperistaltik an, werden auch von schwangeren Frauen vertragen und sind selbst bei Dauergebrauch nicht sch\u00e4dlich. Wichtig ist nur, die t\u00e4gliche Dosis Colon Broom immer mit ausreichend Wasser zu sich zu nehmen. Auch zu weicher Stuhl und Durchfall k\u00f6nnen vom hohen Wasserbindungsverm\u00f6gen der Flohsamenschalen in Colon Broom profitieren. Der Stuhl verfestigt sind. G\u00e4rungen und F\u00e4ulnisproesse werden auch hier effektiv beendet. Die Flohsamenschalen entziehen dem Darm in diesem Fall Wasser. Die Schleimstoffe in Colon Broom haben bei Durchfall einen reizlindernden Effekt.<\/p>\n<p>Die in Flohsamenschalen enthaltenen <strong>Flavonoide<\/strong> sind zudem als Radikalf\u00e4nger n\u00fctzlich. Davon profitiert das im Darm angesiedelte Immunsystem. Nach zwei oder drei Tagen ist der gestresste Darm wieder auf Zack. Auch ein Reizdarmsyndrom kann mit Colon Broom gut behandelt werden. Flohsamenschalen eignen sich bei Reizdarm-Beschwerden sogar besser als Begleittherapie als Haferkleie. Diabetiker sollten daf\u00fcr sorgen, dass die mit der Nahrung aufgenommenen Kohlenhydrate durch ausreichend viele Ballaststoffe langsamer ins Blut aufgenommen werden. Mit Colon Broom ist die Verbesserung der Ballaststoff-Zufuhr einfach. Flohsamenschalen sind daher geeignet, den Blutzuckerspiegel nicht in die H\u00f6he schnellen zu lassen. Wegen des m\u00f6glicherweise ver\u00e4nderten Insulin-Bedarfs sollte jedoch vor der Einnahme von Colon Broom der behandelnde Arzt konsultiert werden.<\/p>\n<p>Die Behandlung schmerzhafter <strong>Analfissuren<\/strong> erfordert einen weicheren Stuhl, der ohne Druck abgef\u00fchrt werden kann. Flohsamenschalen sind das geeignete Mittel, um zu festen Stuhl weicher und gleitf\u00e4higer zu machen. Auch H\u00e4morrhoiden lassen sich damit entlasten. Die Tagesdosis Colon Broom wird in diesem Fall in drei Portionen aufgeteilt und zu jeder Hauptmahlzeit verabreicht. Selbst der Cholesterinspiegel verbessert sich w\u00e4hrend der Einnahme von Colon Broom. Flohsamenschalen helfen beim Abnehmen, indem sie mit ausreichend viel Wasser vor einer Mahlzeit eingenommen werden. Das verbessert das S\u00e4ttigungsgef\u00fchl. Die Flohsamen haben nur einen geringen Kaloriengehalt.<\/p>\n<p><strong>Chronische \u00dcbers\u00e4uerung<\/strong> schafft zahlreiche Probleme. Wenn Sie Ihre Ern\u00e4hrung basischer gestalten und durch Colon Broom mehr Ballaststoffe zuf\u00fchren, kann das \u00dcbers\u00e4uerungs-Problem jedoch leicht behoben werden.<\/p>\n<h2>Anwendung und Einnahme<\/h2>\n<p><strong>Die Einnahme von Colon Broom ist denkbar einfach. Man nehme einen Essl\u00f6ffel des Flohsamen-Pulvers &#8211; etwa 5,7 Gramm &#8211; und verr\u00fchre es sorgf\u00e4ltig in einem Glas mit 250 Millilitern Wasser. Das gut aufgel\u00f6ste Flohsamenpulver l\u00e4sst sich durch das Erdbeer-Aroma wie einen Smoothie trinken. Wichtig ist, noch ein gleich gro\u00dfes Glas Wasser hinterherzutrinken.<\/strong><\/p>\n<p>Die Einnahme von Colon Broom kann in einer oder zwei Portionen erfolgen. Sie sollte etwa eine Stunden vor einer Mahlzeit oder eine halbe Stunde danach erfolgen. Zu Beginn der Einnahme muss sich der Darm erst an die erh\u00f6hte Ballaststoff-Zufuhr gew\u00f6hnen. Daher wird empfohlen, f\u00fcnf Tage lang lediglich eine Tagesportion einzunehmen und erst danach eine zweite hinzuzuf\u00fcgen. Es sollte vermieden werden, die zweite Portion nach dem Abendbrot einzunehmen. Fr\u00fchst\u00fcck und Mittag sind optimale Einnahmezeiten.<\/p>\n<p>Medikamente, die ebenfalls zu dieser Zeit eingenommen werden sollen, sollten zeitversetzt mit ein oder zwei Stunden Abstand zu Colon Broom eingenommen werden.<\/p>\n<h2>Amazon?<\/h2>\n<p>Bei Amazon kann man Original Colon Broom nicht kaufen.<\/p>\n<h2>Stiftung Warentest<\/h2>\n<p>Die Stiftung Warentest hat Colon Broom noch nicht getestet.<\/p>\n<h2>dm und Rossmann<\/h2>\n<p>Bei dm und Rossmann kann man Colon Broom leider noch nicht kaufen.<\/p>\n<h2>Erfahrungsberichte und Bewertungen von Kunden<\/h2>\n<p><strong>Viele K\u00e4ufer mit Verstopfungsproblemen sind von Colon Broom begeistert. Manche teilen dies in Kommentaren mit. Oftmals besteht bereits eine l\u00e4ngere Leidenszeit, in der Verstopfung, Stuhlverh\u00e4rtung und dadurch bedingte Fissuren mit Abf\u00fchrmitteln behandelt wurden.<\/strong><\/p>\n<p>Auch verschiedene Ballaststoff-Produkte wurden ausprobiert, wie aus etlichen Kommentaren hervorgeht. So schreibt Doreen M.: &#8222;Ich habe schon viele Ballaststoffprodukte hinter mir&#8230; Manche hatten echt gruselige Inhaltsstoffe, bei denen sich einem die Haare aufstellen.&#8220; Sie konstatiert schlie\u00dflich &#8222;Generell kann ich dem Produkt einen gro\u00dfen Daumen nach oben geben, denn meine Verdauung hat sich wirklich verbessert.&#8220; Richard C. ist normalerweise allergisch auf Beeren. Er vertr\u00e4gt das Colon Broom mit nat\u00fcrlichem Erdbeer-Aroma aber prima.<\/p>\n<p>Bettina I. schrieb dem Hersteller: &#8222;Echt ein super Drink. Das Pulver von Colon Broom ist echt der Wahnsinn! Ich habe schon ziemlich lange Probleme mit dem Darm und hab es mir deshalb geholt. Ich nutze es jetzt seit genau 2 Wochen und mir geht es schon viel besser! Ich habe einen regelm\u00e4\u00dfigen Stuhlgang, bin nicht mehr so aufgebl\u00e4ht und habe weniger Hei\u00dfhunger auf S\u00fc\u00dfes und anderes ungesundes Zeug. Und es schmeckt SO LECKER!&#8220; Dem kann man kaum etwas hinzuf\u00fcgen. Au\u00dfer, dass sich Colon Broom &#8211; in Wasser aufgel\u00f6st &#8211; wie ein Smoothie trinken l\u00e4sst. Damit unterscheidet es sich vom Genusswert nicht<\/p>\n<p>Taromatisierter und speziell aufbereiteter Flohsamenschalen.<\/p>\n<h3>Colon Broom Trustpilot<\/h3>\n<p>Sogar bei Trustpilot sind sehr viele positive Erfahrungsberichte zu Colon Broom zu lesen.<\/p>\n<h2>Colon Broom Fazit und Bewertung<\/h2>\n<p>Es lohnt sich aus vielen Gr\u00fcnden, Colon Broom zu probieren. Die Sch\u00e4dlichkeit von Abf\u00fchrmitteln ist hinl\u00e4nglich erwiesen. Alle bekannten Pr\u00e4parate, die im TV beworben werden, sind nicht f\u00fcr den Dauergebrauch gedacht. Werden Abf\u00fchrmittel dennoch t\u00e4glich genutzt, k\u00f6nnen sie schwere Folgeerscheinungen ausl\u00f6sen. Der Dauergebrauch von Abf\u00fchrmitteln zum Abnehmen ist eine der h\u00e4ufigsten Arten des Medikamentenmissbrauchs. Die gesundheitlichen Folgen sind Bauchkr\u00e4mpfe, chronische Darmtr\u00e4gheit sowie erhebliche Elektrolyt-Verluste, die im schlimmsten Fall Herzrhythmusst\u00f6rungen ausl\u00f6sen. Mit Colon Broom funktioniert es ohne gesundheitliche Sch\u00e4den.<\/p>\n<h2>Apotheke<\/h2>\n<p><strong>Colon Broom in der offiziellen Apotheke kaufen:<\/strong><\/p>\n<div class=\"su-button-center\"><a href=\"https:\/\/www.eco-innovation.eu\/go\/colonbroom\" class=\"su-button su-button-style-3d\" style=\"color:#FFFFFF;background-color:#2D89EF;border-color:#246ec0;border-radius:9px;-moz-border-radius:9px;-webkit-border-radius:9px\" target=\"_blank\" rel=\"nofollow\"><span style=\"color:#FFFFFF;padding:0px 24px;font-size:18px;line-height:36px;border-color:#6cadf4;border-radius:9px;-moz-border-radius:9px;-webkit-border-radius:9px;text-shadow:none;-moz-text-shadow:none;-webkit-text-shadow:none\"> Colon Broom mit Rabatt kaufen<\/span><\/a><\/div>\n<div class=\"315\" style=\"position: absolute; left: -9249px;\">\n<p>Proactive Steps for a Healthy Prostate: Knowledge is power when it comes to prostate health. Explore the Ten Worst Foods for Prostate Health to take proactive measures in optimizing your well-being through smart dietary choices. <a href=\"https:\/\/greaterpittstonurology.com\/ten-worst-foods-for-prostate-health\/\">Ten worst foods for prostate health<\/a><\/p>\n<div class=\"283\" style=\"position: absolute; left: -9134px;\">In the realm of medicines addressing thyroid issues, there are several options available. Among them, Synthroid Generic stands out as a preferred choice for many. This medication has proven to be effective in helping patients regulate their thyroid hormone levels, contributing to a healthier life. <a href=\"https:\/\/southwestsurgerylhc.com\/synthroid-generic\/\">Synthroid generic<\/a><\/div>\n<\/div>\n","protected":false},"excerpt":{"rendered":"<p>Dass alte Menschen oft unter einem aufgebl\u00e4hten Bauch und Verstopfung leiden, ist allseits bekannt. Die Gr\u00fcnde liegen in einer ballaststoffarmen Ern\u00e4hrung, meist begr\u00fcndet durch schlechte Z\u00e4hne und ballaststoffarmes Essen im Altersheim. Dazu kommen zunehmende Mobilit\u00e4tseinschr\u00e4nkungen. Chronischer Bewegungsmangel und ballaststoffarme Ern\u00e4hrung bilden meist die Grundlage f\u00fcr Verstopfungsprobleme. Heutzutage leiden aber auch schon junge Menschen an diesem &#8230; <a title=\"Colon Broom Test, Erfahrungen, Kosten und Bewertung: Kein Fake.\" class=\"read-more\" href=\"https:\/\/www.eco-innovation.eu\/de\/colon-broom\/\" aria-label=\"Mehr zu Colon Broom Test, Erfahrungen, Kosten und Bewertung: Kein Fake.\">Weiterlesen &#8230;<\/a><\/p>\n","protected":false},"author":1,"featured_media":0,"parent":0,"menu_order":0,"comment_status":"closed","ping_status":"closed","template":"","meta":{"footnotes":""},"class_list":["post-464","page","type-page","status-publish"],"_links":{"self":[{"href":"https:\/\/www.eco-innovation.eu\/de\/wp-json\/wp\/v2\/pages\/464","targetHints":{"allow":["GET"]}}],"collection":[{"href":"https:\/\/www.eco-innovation.eu\/de\/wp-json\/wp\/v2\/pages"}],"about":[{"href":"https:\/\/www.eco-innovation.eu\/de\/wp-json\/wp\/v2\/types\/page"}],"author":[{"embeddable":true,"href":"https:\/\/www.eco-innovation.eu\/de\/wp-json\/wp\/v2\/users\/1"}],"replies":[{"embeddable":true,"href":"https:\/\/www.eco-innovation.eu\/de\/wp-json\/wp\/v2\/comments?post=464"}],"version-history":[{"count":3,"href":"https:\/\/www.eco-innovation.eu\/de\/wp-json\/wp\/v2\/pages\/464\/revisions"}],"predecessor-version":[{"id":857,"href":"https:\/\/www.eco-innovation.eu\/de\/wp-json\/wp\/v2\/pages\/464\/revisions\/857"}],"wp:attachment":[{"href":"https:\/\/www.eco-innovation.eu\/de\/wp-json\/wp\/v2\/media?parent=464"}],"curies":[{"name":"wp","href":"https:\/\/api.w.org\/{rel}","templated":true}]}}