{"id":447,"date":"2022-06-02T14:29:15","date_gmt":"2022-06-02T14:29:15","guid":{"rendered":"https:\/\/www.eco-innovation.eu\/?page_id=447"},"modified":"2022-06-13T11:59:52","modified_gmt":"2022-06-13T11:59:52","slug":"prima-kapseln","status":"publish","type":"page","link":"https:\/\/www.eco-innovation.eu\/de\/prima-kapseln\/","title":{"rendered":"Prima Kapseln dm kaufen &#8211; Erfahrungen, Apotheke, Inhaltsstoffe, Hersteller &#8211; Bewertung: Kein Fake"},"content":{"rendered":"<p><img loading=\"lazy\" decoding=\"async\" class=\"aligncenter size-full wp-image-433\" src=\"https:\/\/www.eco-innovation.eu\/wp-content\/uploads\/2022\/06\/Prima-Kapseln.jpg\" alt=\"Prima Kapseln\" width=\"600\" height=\"408\" srcset=\"https:\/\/www.eco-innovation.eu\/wp-content\/uploads\/2022\/06\/Prima-Kapseln.jpg 600w, https:\/\/www.eco-innovation.eu\/wp-content\/uploads\/2022\/06\/Prima-Kapseln-300x204.jpg 300w\" sizes=\"auto, (max-width: 600px) 100vw, 600px\" \/><\/p>\n<p><strong>Millionen von Menschen in Europa leiden an \u00dcbergewicht und w\u00fcnschen sich, bald weniger Gewicht auf die Waage zu bringen. Doch Di\u00e4ten scheitern und Sport macht eher noch hungriger. Unkomplizierte Hilfe und schnellen Erfolg versprechen in diesem Fall spezielle Nahrungserg\u00e4nzungsmittel, die den Appetit unterdr\u00fccken und den Stoffwechsel anregen sollen. Prima Kapseln sind eines dieser Produkte, das wir nun etwas genauer untersuchen werden.<\/strong><\/p>\n<div class=\"sue-section\" data-url=\"\" data-target=\"blank\" style=\"margin:0px 0px 0px 0px;border-top:1px solid #cccccc;border-bottom:1px solid #cccccc\"><div class=\"sue-section-background\" style=\"background-color:#f8f8f8;background-position:left top;\"><\/div><div class=\"sue-section-content sue-content-wrap\" style=\"padding:30px 0px 30px 0px;max-width:960px;text-align:left;color:#333333;text-shadow:0px 1px 10px #ffffff\">\n<h2>Prima Kapseln Bewertung &amp; Test<\/h2>\n<div class=\"su-list\" style=\"margin-left:0px\">\n<ul>\n<li><i class=\"sui sui-caret-right\" style=\"color:#FE9408\"><\/i> <strong>M\u00f6gliche Wirkungen<\/strong>\n<ul>\n<li><i class=\"sui sui-caret-right\" style=\"color:#FE9408\"><\/i> Verringert das Hungergef\u00fchl und vermindert Hei\u00dfhunger-Attacken<\/li>\n<li><i class=\"sui sui-caret-right\" style=\"color:#FE9408\"><\/i> Verbrennt Fett im K\u00f6rper und senkt so den K\u00f6rperfettanteil<\/li>\n<li><i class=\"sui sui-caret-right\" style=\"color:#FE9408\"><\/i> Stimmungsaufhellung<\/li>\n<li><i class=\"sui sui-caret-right\" style=\"color:#FE9408\"><\/i> Mehr Energie wird im menschlichen K\u00f6rper bereitgestellt<\/li>\n<\/ul>\n<\/li>\n<li><i class=\"sui sui-caret-right\" style=\"color:#FE9408\"><\/i> F\u00fcr M\u00e4nner und Frauen geeignet<\/li>\n<li><i class=\"sui sui-caret-right\" style=\"color:#FE9408\"><\/i> <strong>F\u00fcr kurze Zeit mit <a href=\"https:\/\/www.vascoda.de\/go\/diaetoxil\" target=\"_blank\" rel=\"nofollow noopener\">46% Rabatt<\/a> erh\u00e4ltlich<\/strong><\/li>\n<li><i class=\"sui sui-caret-right\" style=\"color:#FE9408\"><\/i> Sehr gute Erfahrungsberichte im Forum<\/li>\n<li><i class=\"sui sui-caret-right\" style=\"color:#FE9408\"><\/i> Rezeptfrei erh\u00e4ltlich<\/li>\n<li><i class=\"sui sui-caret-right\" style=\"color:#FE9408\"><\/i> Seri\u00f6ses Produkt, kein Fake<\/li>\n<li><i class=\"sui sui-caret-right\" style=\"color:#FE9408\"><\/i> Versandkostenfreie Express-Lieferung<\/li>\n<\/ul>\n<\/div>\n<h2>Prima Kapseln in der Apotheke kaufen<\/h2>\n<p><strong>Direkt zur offiziellen Prima Apotheke:<\/strong><\/p>\n<div class=\"su-button-center\"><a href=\"https:\/\/www.eco-innovation.eu\/go\/prima-de\" class=\"su-button su-button-style-3d\" style=\"color:#FFFFFF;background-color:#2D89EF;border-color:#246ec0;border-radius:9px;-moz-border-radius:9px;-webkit-border-radius:9px\" target=\"_blank\" rel=\"nofollow\"><span style=\"color:#FFFFFF;padding:0px 24px;font-size:18px;line-height:36px;border-color:#6cadf4;border-radius:9px;-moz-border-radius:9px;-webkit-border-radius:9px;text-shadow:none;-moz-text-shadow:none;-webkit-text-shadow:none\"> PRIMA Kapseln kaufen und 46% Rabatt erhalten<\/span><\/a><\/div>\n<\/div><\/div>\n<p>&nbsp;<\/p>\n\n<p>&nbsp;<\/p>\n<div class=\"sue-section\" data-url=\"\" data-target=\"blank\" style=\"margin:0px 0px 0px 0px;border-top:1px solid #cccccc;border-bottom:1px solid #cccccc\"><div class=\"sue-section-background\" style=\"background-color:#f8f8f8;background-position:left top;\"><\/div><div class=\"sue-section-content sue-content-wrap\" style=\"padding:30px 0px 30px 0px;max-width:960px;text-align:left;color:#333333;text-shadow:0px 1px 10px #ffffff\">\n<h2>Prima Kapseln Fake?<\/h2>\n<div class=\"su-list\" style=\"margin-left:0px\">\n<ul>\n<li><i class=\"sui sui-caret-right\" style=\"color:#FE9408\"><\/i> Die Original Prima Abnehmtabletten haben unseren <strong>Fake-Check bestanden<\/strong>.<\/li>\n<li><i class=\"sui sui-caret-right\" style=\"color:#FE9408\"><\/i> Es handelt sich bei Prima Kapseln <strong>nicht<\/strong> um einen Fake.<\/li>\n<li><i class=\"sui sui-caret-right\" style=\"color:#FE9408\"><\/i> Es ist ein Di\u00e4tmittel mit nat\u00fcrlichen Inhaltsstoffen, die beim Abnehmen helfen k\u00f6nnen (Inhaltsstoffe in Studien getestet)<\/li>\n<\/ul>\n<\/div>\n<\/div><\/div>\n<p>&nbsp;<\/p>\n<p><a class=\"aligncenter size-full wp-image-439\" href=\"https:\/\/www.eco-innovation.eu\/go\/prima-de\" target=\"_blank\" rel=\"nofollow noopener\"><img loading=\"lazy\" decoding=\"async\" class=\"aligncenter size-full wp-image-439\" src=\"https:\/\/www.eco-innovation.eu\/wp-content\/uploads\/2022\/06\/prima.jpg\" alt=\"prima\" width=\"700\" height=\"357\" srcset=\"https:\/\/www.eco-innovation.eu\/wp-content\/uploads\/2022\/06\/prima.jpg 700w, https:\/\/www.eco-innovation.eu\/wp-content\/uploads\/2022\/06\/prima-300x153.jpg 300w\" sizes=\"auto, (max-width: 700px) 100vw, 700px\" \/><\/a><\/p>\n<h2>Was sind Prima Kapseln genau und f\u00fcr wen sind sie geeignet?<\/h2>\n<p>Bei Prima Kapseln handelt es sich um ein Hilfsmittel zur Gewichtsreduzierung. Laut Hersteller wurde die Wirkformel der Kapseln mit Experten aus Wissenschaft, Medizin und dem Ern\u00e4hrungsbereich konzipiert.<br \/>\nErfreulicherweise fand das Prima-Team eine Wirkstoffkombination aus rein nat\u00fcrlichen Zutaten.<\/p>\n<p><strong>Sie sollen:<\/strong><\/p>\n<ul>\n<li>Den Appetit deutlich reduzieren.<\/li>\n<li>Die k\u00f6rpereigene Fettverbrennung anregen.<\/li>\n<li>Die Kalorienaufnahme direkt aus dem Darm einschr\u00e4nken.<\/li>\n<\/ul>\n<p><strong>Damit sind Prima Kapseln ein Produkt, dass sich an alle Menschen richtet, die<\/strong><\/p>\n<ul>\n<li>unter \u00dcbergewicht leiden<\/li>\n<li>unter Fettleibigkeit leiden<\/li>\n<li>ihr Gewicht unter Kontrolle halten m\u00f6chten.<\/li>\n<\/ul>\n<h2>Prima Kapseln Test, Erfahrungen und Bewertung<\/h2>\n<p>Das Thema \u00dcbergewicht hat in unserer Gesellschaft einen sehr hohen Stellenwert eingenommen. Aufgrund unserer modernen Lebensgewohnheiten steigt die Anzahl von Menschen, deren K\u00f6rpergewicht ein gesundes Ma\u00df \u00fcberschritten hat. Fast jeder zweite oder dritte B\u00fcrger hat mit \u00dcbergewicht zu tun.<\/p>\n<p>Doch woran liegt das? Experten vermuten, dass neben unseren modernen Ern\u00e4hrungsgewohnheiten Aspekte wie Stress, unnat\u00fcrliche Lebensumst\u00e4nde, hormonelle Ver\u00e4nderungen und chronischer Bewegungsmangel Gr\u00fcnde f\u00fcr die Probleme mit den \u00dcber-Pfunden sind.<\/p>\n<p>Stress, ungew\u00f6hnliche Arbeitszeiten, emotionale Belastungen und Gesellschafts-\u00c4ngste k\u00f6nnen dazu beitragen, dass das Hormonsystem und der Stoffwechsel durcheinandergeraten. Nicht wenige Menschen nehmen sich heute kaum noch Zeit zum Essen oder aber sie essen, weil sie sich innerlich leer und einsam f\u00fchlen.<\/p>\n<p>Ein verwirrter Hormonhaushalt kann den Stoffwechsel so aus dem Gleichgewicht bringen, dass Hei\u00dfhunger und das st\u00e4ndige Gef\u00fchl, niemals satt zu sein, zum Alltag werden.<\/p>\n<p>Fasten Menschen dann, machen harte Di\u00e4ten oder versuchen angestrengt alles, das Gewicht loszuwerden oder unter Kontrolle zu bekommen, kann der Abnehm-Stress weiteres \u00d6l ins Feuer gie\u00dfen.<\/p>\n<p>Statt Erfolgen stellen sich immer mehr Frust und der Kampf gegen den eigenen K\u00f6rper und seine Gel\u00fcste ein.<br \/>\nViele Bef\u00fcrworter von Abnehm-Pr\u00e4paraten wie Prima wissen, dass der K\u00f6rper am besten Fett verbrennt und Gewicht losl\u00e4sst, wenn er sich v\u00f6llig entspannt und wohlf\u00fchlt. Wer nur ein bis zwei Kapseln pro Tag erg\u00e4nzend zur herk\u00f6mmlichen Nahrung einnimmt und dadurch den Stoffwechsel balanciert, ger\u00e4t weder in Stress noch unter Druck.<\/p>\n<p><strong>Das Abnehmen passiert ganz nebenbei und ohne den gef\u00fcrchteten Jojo-Effekt.<\/strong><\/p>\n<p>Die Experten von Prima betonen, dass keine zus\u00e4tzliche Di\u00e4t eingehalten werden muss. Eine Umstellung der Ern\u00e4hrungsgewohnheiten passiert in der Regel von ganz alleine im Zuge der Anwendung des Pr\u00e4parates.<\/p>\n<p>Durch die Ver\u00e4nderungen im Stoffwechsel wird die Lust auf gro\u00dfe Mengen Kohlenhydrate und Zucker langsam verschwinden. Stattdessen kann der K\u00f6rper pl\u00f6tzlich Lust auf Gr\u00fcnes und Frisches melden.<\/p>\n<h2>Wirkung<\/h2>\n<p><strong>Das Wirkstoffprinzip ist simpel und doch effektiv. Die Kapseln enthalten zwei Aminos\u00e4uren und ein Fruchtkonzentrat.<\/strong><\/p>\n<p>Die Mischung soll daf\u00fcr sorgen, dass in einem erlahmten Stoffwechsel wieder Prozesse in Gang gesetzt werden, die den Blutzucker reduzieren, das Blutfett balancieren und die Fettverbrennung anregen.<\/p>\n<p>Im Hause Prima geht man davon aus, dass den meisten Menschen, die \u00fcbergewichtig sind, einfach ein paar essenzielle N\u00e4hrstoffe fehlen. Durch jahrelange \u00dcber- und Falschern\u00e4hrung hat der K\u00f6rper verlernt, diese herzustellen oder richtig zu nutzen. Werden sie von au\u00dfen zugef\u00fchrt, wacht der Stoffwechsel praktisch wieder auf und geht in seinen nat\u00fcrlichen und effektiven Zustand \u00fcber.<\/p>\n<p><strong>Nach und nach stellt sich der Organismus wieder um. Ein Ideal soll erreicht werden, bei dem:<\/strong><\/p>\n<ul>\n<li>Der K\u00f6rper automatisch gesunde und wohltuende Nahrung erkennt.<\/li>\n<li>Die Verdauung wieder optimal funktioniert.<\/li>\n<li>Der Blutzuckerspiegel und die Blutfettwerte auf einem gesunden Niveau sind.<\/li>\n<li>Optimale Leistungsf\u00e4higkeit und Lebensfreude empfunden werden.<\/li>\n<\/ul>\n<h2>Inhaltsstoffe &#8211; Was ist in Prima Kapseln enthalten?<\/h2>\n<p>Die hochdosierten Inhaltsstoffe von Prima Kapseln dm sind rein nat\u00fcrlichen Ursprungs. Prima kommt ohne Chemikalien oder stark ver\u00e4nderte Substanzen aus.<\/p>\n<p><strong>Das Wirkstoffprinzip basiert auf zwei Aminos\u00e4uren:<\/strong><\/p>\n<ul>\n<li>L-Arginin (100 mg)<\/li>\n<li>L-Carnitin (100 mg).<\/li>\n<\/ul>\n<p><strong>Au\u00dferdem ist eine asiatische Frucht enthalten:<\/strong><\/p>\n<ul>\n<li>Garcinia-Cambogia-Extrakt (50 mg).<\/li>\n<\/ul>\n<p>Weitere Bestandteile dieses Produktes sind Magnesium Stearate, Talkum sowie Gelatine.<\/p>\n<h3>Wie hilft L-Arginin beim Abnehmen?<\/h3>\n<p>L-Arginin ist eine semi-essenzielle Aminos\u00e4ure, die im K\u00f6rper an wichtigen Aufbauprozessen beteiligt ist.<br \/>\nNeben Aufbauarbeiten im Muskelgewebe kann L-Arginin nachweislich die Anzahl der Mitochondrien in den Zellen erh\u00f6hen. Wo viele Mitochondrien enthalten sind, wird auch viel Energie umgesetzt.<\/p>\n<p>Praktisch verbraucht der K\u00f6rper dann mehr Energie und somit auch Kohlenhydrate, dem K\u00f6rper steht mehr Kraft zur Verf\u00fcgung und er baut mehr gesundes Gewebe auf.<\/p>\n<p>Aus diesen Gr\u00fcnden ist L-Arginin bei Sportlern zur Leistungssteigerung und Muskelaufbau sehr beliebt.<\/p>\n<p>Normalerweise stellt der K\u00f6rper L-Arginin selbst her. In besonderen Lebenssituationen, bei Stress oder eben auch bei \u00dcbergewicht kann der k\u00f6rpereigene Vorrat nicht ausreichen. Wird L-Arginin dann von au\u00dfen zugef\u00fchrt, kann der Organismus Stoffwechselfunktionen wiederaufnehmen, die vorher zum Erliegen gekommen waren.<\/p>\n<h3>Wie hilft L-Carnitin beim Abnehmen?<\/h3>\n<p>Auch L-Carnitin ist eine semi-essenzielle Aminos\u00e4ure. Semi-essenziell bedeutet, dass der K\u00f6rper sie zum eigentlichen \u00dcberleben nicht oder nur in sehr eingeschr\u00e4nktem Ma\u00dfe braucht. Dennoch brauchen wir L-Arginin wie auch L-Carnitin, um sch\u00f6ne und gesunde K\u00f6rper zu haben, die sich wohlf\u00fchlen.<\/p>\n<p>L-Carnitin kann der Stoffwechsel normalerweise selbst herstellen. Menschen, die Fleisch essen, nehmen die Aminos\u00e4ure haupts\u00e4chlich \u00fcber diese Gerichte zu sich. Trotzdem kann auch hier ein Mangel vorliegen, wenn der K\u00f6rper sehr aus dem Gleichgewicht geraten ist oder dauerhaft unter Stress steht.<\/p>\n<p>L-Carnitin ist im K\u00f6rper haupts\u00e4chlich f\u00fcr den Transport von Fetten und anderen N\u00e4hrstoffen verantwortlich. Fehlt Carnitin kann der K\u00f6rper Fette und andere N\u00e4hrstoffe nicht \u00fcber das Blut in die Zellen transportieren.<\/p>\n<h3>Der Nutzen von Garcinia Cambogia beim Abnehmen<\/h3>\n<p>Diese asiatische Frucht wird in der traditionellen indischen Medizin Ayurveda schon lange als Heilmittel bei Magen-Darm-Problemen und zur allgemeinen F\u00f6rderung der Lebenskraft eingesetzt. Sowohl das Fruchtfleisch als auch die Schale enthalten eine sehr seltene Art der Zitronens\u00e4ure.<\/p>\n<p>Hydroxyzitronens\u00e4ure wurde bereits in den 1960er Jahren erforscht. Dabei fanden Wissenschaftler heraus, dass sie wichtige Stoffwechselvorg\u00e4nge balancieren und den Appetit z\u00fcgeln kann. Gleichzeitig regt Hydroxyzitronens\u00e4ure in der Leber die Bildung bestimmter Enzyme an, die f\u00fcr die Fettverbrennung von entscheidender Bedeutung sind.<\/p>\n<h2>Wie werden Prima Kapseln angewendet?<\/h2>\n<p>Prima Kapseln (kein Fake) enthalten alle drei Wirkstoffe in einer sehr hohen Konzentration. Es reicht daher, nur eine Kapsel pro Tag einzunehmen.<br \/>\nDer K\u00f6rper holt sich im Laufe von 24 Stunden die Wirkstoffe, die er braucht und den Rest scheidet er einfach wieder aus.<\/p>\n<p>Die beste Einnahmezeit f\u00fcr die t\u00e4gliche Prima Kapsel ist 20 bis 30 Minuten vor einer Hauptmahlzeit, vorzugsweise der Mahlzeit mit der h\u00f6chsten Kalorienzahl.<br \/>\nEingenommen wird die Kapsel mit einer gr\u00f6\u00dferen Menge Wasser. Es empfiehlt sich 500 ml begleitend zur Einnahme zu sich zu nehmen. Das sorgt f\u00fcr eine optimale Ausl\u00f6sung der Kapsel im Magen und zu einer schnelleren Absorption der Wirkstoffe.<\/p>\n<p><strong>Wie viele zufriedene Kundenrezensionen zeigen, stellen sich Wirkungen der Prima Kapseln schon nach wenigen Einnahmen ein:<\/strong><\/p>\n<ul>\n<li>Der Appetit mindert sich.<\/li>\n<li>Ein angenehmes S\u00e4ttigungsgef\u00fchl tritt ein.<\/li>\n<li>Die Anwender sp\u00fcren mehr Kraft und Lebensfreude.<\/li>\n<li>Die Lust weiterzumachen steigt.<\/li>\n<\/ul>\n<p>In hauseigenen Studien mit m\u00e4nnlichen und weiblichen Testpersonen konnte der Hersteller feststellen, dass der gr\u00f6\u00dfte Gewichtsverlust nach einer Anwendungsdauer von vier bis sechs Wochen zu verzeichnen war.<\/p>\n<p>Wie lange Prima angewendet werden muss, um die Traumfigur zu erreichen, h\u00e4ngt von der pers\u00f6nlichen Ausgangssituation und der Geschwindigkeit des Stoffwechsels ab.<br \/>\nDie meisten Anwender kaufen zwischen drei und sechs Packungen, bis sie ihr Ziel erreicht haben. Oft nehmen zufriedene Kunden Prima auch dar\u00fcber hinaus ein, um das Wunschgewicht zu halten. Dann reicht die Einnahme von einer Kapsel alle zwei bis drei Tage.<\/p>\n<h2>Haben Prima Kapseln Wechsel- oder Nebenwirkungen?<\/h2>\n<p>Prima Kapseln dm sind kein Medikament, sondern ein frei verk\u00e4ufliches Nahrungserg\u00e4nzungsmittel. Sie enthalten rein nat\u00fcrliche und bew\u00e4hrte Zutaten in gepr\u00fcfter Qualit\u00e4t.<\/p>\n<p>L-Arginin und L-Carnitin sind in ihrer Wirksamkeit hinreichend erforscht. Beide Aminos\u00e4uren k\u00f6nnen nicht \u00fcberdosiert werden und zeigen selbst bei gr\u00f6\u00dferen Einnahme-Mengen keine Nebenwirkungen.<\/p>\n<p>Bei Garcinia Cambogia kann es bei einer \u00dcberdosierung zu Leberirritationen kommen, weswegen Anwender unbedingt nur eine Prima Kapsel t\u00e4glich einnehmen sollten. Der Versuch, Erfolge durch eine Erh\u00f6hung der Einnahmemenge zu steigern, w\u00e4re sch\u00e4dlicher als hilfreich. Eine Kapsel pro Tag reicht v\u00f6llig, um w\u00fcnschenswerte Ziele zu erreichen.<\/p>\n<p>Hydroxyzitronens\u00e4ure kann zudem mit Medikamenten wechselwirken, die in den Serotoninhaushalt eingreifen. Dazu geh\u00f6ren unter anderem Medikamente gegen Depressionen.<\/p>\n<p>Menschen mit einer Vorerkrankung oder schweren organischen St\u00f6rungen m\u00fcssen Di\u00e4ten und die Einnahme von Produkten wie Prima immer mit dem Arzt abstimmen. Dasselbe gilt bei der Einnahme von starken Medikamenten aller Art.<\/p>\n<p>Schwangere Frauen und stillende M\u00fctter sollten weder Di\u00e4ten machen noch Produkte wie Prima einnehmen. Frauen, die durch die Schwangerschaft zugenommen haben, warten mit der Gewichtsreduktion durch Abnehm-Pr\u00e4parate am besten bis nach dem Abstillen des Kindes.<\/p>\n<h2>Stiftung Warentest<\/h2>\n<p>Bisher liegt noch kein Testbericht der Stiftung Warentest zu den Prima Kapseln vor.<\/p>\n<h2>dm<\/h2>\n<p>Bei dm und Rossmann kann man Prima Kaspeln leider nicht kaufen.<\/p>\n<h2>Youtube &amp; Forum<\/h2>\n<p><strong>Prima Kapseln bei Youtube und im Forum: Es liegen sehr viele positive Erfahrungsberichte von Influencern bei Youtube vor.<\/strong><\/p>\n<h2>Hersteller<\/h2>\n<p><strong>Prima Kapseln Hersteller<\/strong> &#8211; Hier gelangen Sie direkt zur <a href=\"https:\/\/www.eco-innovation.eu\/go\/prima-de\" target=\"_blank\" rel=\"nofollow noopener\">Webseite des Herstellers<\/a>. Dort k\u00f6nnen Sie das Produkt zum g\u00fcnstigsten Preis kaufen.<\/p>\n<h2>Prima Kapseln Erfahrungsberichte<\/h2>\n<p><strong>Was sagen ehemalige Kundinnen \u00fcber Prima Kapseln?<\/strong><\/p>\n<p><strong>Prima Kapseln werden bisher ausschlie\u00dflich auf hauseigenen Portalen des Shops vertrieben. Dort verzeichnet das Produkt durchschnittlich 4,6 von 5 m\u00f6glichen Punkten.<\/strong><\/p>\n<h2><img loading=\"lazy\" decoding=\"async\" class=\"aligncenter size-full wp-image-428\" src=\"https:\/\/www.eco-innovation.eu\/wp-content\/uploads\/2022\/06\/prima-kapseln-erfahrungsberichte.png\" alt=\"prima kapseln erfahrungsberichte\" width=\"400\" height=\"400\" srcset=\"https:\/\/www.eco-innovation.eu\/wp-content\/uploads\/2022\/06\/prima-kapseln-erfahrungsberichte.png 400w, https:\/\/www.eco-innovation.eu\/wp-content\/uploads\/2022\/06\/prima-kapseln-erfahrungsberichte-300x300.png 300w, https:\/\/www.eco-innovation.eu\/wp-content\/uploads\/2022\/06\/prima-kapseln-erfahrungsberichte-150x150.png 150w\" sizes=\"auto, (max-width: 400px) 100vw, 400px\" \/><\/h2>\n<p>KundInnen best\u00e4tigen erfreulicherweise fast ohne Ausnahme die volle Wirksamkeit von Prima. Die AnwenderInnen berichten von tollen Erfolgen ganz ohne Di\u00e4t oder begleitend zu einer leichten Ern\u00e4hrungsumstellung.<\/p>\n<p>Abz\u00fcge gibt es gelegentlich f\u00fcr den Umstand, dass Prima Kapseln derzeit nicht auf Rechnung gekauft werden k\u00f6nnen und f\u00fcr organisatorische H\u00fcrden wie Lieferverz\u00f6gerungen.<\/p>\n<h3>Seri\u00f6s<\/h3>\n<p><strong>Fazit: Damit scheint es sich bei Prima Kapseln um ein wahrhaft wirksames und seri\u00f6ses Produkt zum unkomplizierten Abnehmen zu handeln.<\/strong><\/p>\n<h2>Apotheke<\/h2>\n<p>Original Prima Kapseln in der Apotheke kaufen:<\/p>\n<div class=\"su-button-center\"><a href=\"https:\/\/www.eco-innovation.eu\/go\/prima-de\" class=\"su-button su-button-style-3d\" style=\"color:#FFFFFF;background-color:#2D89EF;border-color:#246ec0;border-radius:9px;-moz-border-radius:9px;-webkit-border-radius:9px\" target=\"_blank\" rel=\"nofollow\"><span style=\"color:#FFFFFF;padding:0px 24px;font-size:18px;line-height:36px;border-color:#6cadf4;border-radius:9px;-moz-border-radius:9px;-webkit-border-radius:9px;text-shadow:none;-moz-text-shadow:none;-webkit-text-shadow:none\"> PRIMA Kapseln kaufen und 46% Rabatt erhalten<\/span><\/a><\/div>\n","protected":false},"excerpt":{"rendered":"<p>Millionen von Menschen in Europa leiden an \u00dcbergewicht und w\u00fcnschen sich, bald weniger Gewicht auf die Waage zu bringen. Doch Di\u00e4ten scheitern und Sport macht eher noch hungriger. Unkomplizierte Hilfe und schnellen Erfolg versprechen in diesem Fall spezielle Nahrungserg\u00e4nzungsmittel, die den Appetit unterdr\u00fccken und den Stoffwechsel anregen sollen. Prima Kapseln sind eines dieser Produkte, das &#8230; <a title=\"Prima Kapseln dm kaufen &#8211; Erfahrungen, Apotheke, Inhaltsstoffe, Hersteller &#8211; Bewertung: Kein Fake\" class=\"read-more\" href=\"https:\/\/www.eco-innovation.eu\/de\/prima-kapseln\/\" aria-label=\"Mehr zu Prima Kapseln dm kaufen &#8211; Erfahrungen, Apotheke, Inhaltsstoffe, Hersteller &#8211; Bewertung: Kein Fake\">Weiterlesen &#8230;<\/a><\/p>\n","protected":false},"author":1,"featured_media":0,"parent":0,"menu_order":0,"comment_status":"closed","ping_status":"closed","template":"","meta":{"footnotes":""},"class_list":["post-447","page","type-page","status-publish"],"_links":{"self":[{"href":"https:\/\/www.eco-innovation.eu\/de\/wp-json\/wp\/v2\/pages\/447","targetHints":{"allow":["GET"]}}],"collection":[{"href":"https:\/\/www.eco-innovation.eu\/de\/wp-json\/wp\/v2\/pages"}],"about":[{"href":"https:\/\/www.eco-innovation.eu\/de\/wp-json\/wp\/v2\/types\/page"}],"author":[{"embeddable":true,"href":"https:\/\/www.eco-innovation.eu\/de\/wp-json\/wp\/v2\/users\/1"}],"replies":[{"embeddable":true,"href":"https:\/\/www.eco-innovation.eu\/de\/wp-json\/wp\/v2\/comments?post=447"}],"version-history":[{"count":4,"href":"https:\/\/www.eco-innovation.eu\/de\/wp-json\/wp\/v2\/pages\/447\/revisions"}],"predecessor-version":[{"id":531,"href":"https:\/\/www.eco-innovation.eu\/de\/wp-json\/wp\/v2\/pages\/447\/revisions\/531"}],"wp:attachment":[{"href":"https:\/\/www.eco-innovation.eu\/de\/wp-json\/wp\/v2\/media?parent=447"}],"curies":[{"name":"wp","href":"https:\/\/api.w.org\/{rel}","templated":true}]}}