{"id":1887,"date":"2023-01-24T09:36:48","date_gmt":"2023-01-24T09:36:48","guid":{"rendered":"https:\/\/www.eco-innovation.eu\/?page_id=1887"},"modified":"2023-02-13T16:48:33","modified_gmt":"2023-02-13T16:48:33","slug":"fuugu","status":"publish","type":"page","link":"https:\/\/www.eco-innovation.eu\/de\/fuugu\/","title":{"rendered":"Fuugu Sp\u00fclmaschinen Reiniger Tabs kaufen &#8211; Test, Erfahrungen und Bewertung"},"content":{"rendered":"<p><strong>Wir leben im Zeitalter der Technologie. Das ist unbestreitbar. Unsere Schmutzw\u00e4sche stecken wir einfach in die Waschmaschine. Nach einer gewissen Zeit kommt sie sauber, duftend und trocken wieder heraus. Der Geschirrsp\u00fcler erledigt den l\u00e4stigen Abwasch. Das ist sehr zeitsparend und erleichtert Nutzern den Alltag deutlich.<\/strong><\/p>\n<p>Sie haben aber festgestellt, dass aus der Sp\u00fclmaschine ein unangenehmer Geruch kommt? K\u00f6nnen Sie sich noch erinnern, wann das Ger\u00e4t das letzte Mal so richtig sorgf\u00e4ltig gereinigt wurde? Der faulige Geruch kann von den harten Speiseresten und Fetten kommen, die an den W\u00e4nden der Maschine haften und nicht mehr weggesp\u00fclt werden. Allerdings werden Sie beim Reinigen des Geschirrsp\u00fclers per Hand niemals alle schmutzigen Bereiche im Inneren des Ger\u00e4tes erreichen k\u00f6nnen.<\/p>\n<div class=\"sue-section\" data-url=\"\" data-target=\"blank\" style=\"margin:0px 0px 0px 0px;border-top:1px solid #cccccc;border-bottom:1px solid #cccccc\"><div class=\"sue-section-background\" style=\"background-color:#ebebeb;background-position:left top;\"><\/div><div class=\"sue-section-content sue-content-wrap\" style=\"padding:30px 0px 30px 0px;max-width:960px;text-align:left;color:#333333;text-shadow:0px 1px 10px #ffffff\">\n<h2>Fuugu Bewertung<\/h2>\n<div class=\"su-list\" style=\"margin-left:0px\">\n<ul>\n<li><i class=\"sui sui-check\" style=\"color:#113116\"><\/i> Fuugu Tabs entfernen zuverl\u00e4ssig Mineral- und Kalkablagerungen<\/li>\n<li><i class=\"sui sui-check\" style=\"color:#113116\"><\/i> Sehr gute Reinigungsleistung<\/li>\n<li><i class=\"sui sui-check\" style=\"color:#113116\"><\/i> Biologisch abbaubar<\/li>\n<li><i class=\"sui sui-check\" style=\"color:#113116\"><\/i> Sorgen f\u00fcr eine bessere Haushaltshygiene<\/li>\n<li><i class=\"sui sui-check\" style=\"color:#113116\"><\/i> Der Geschirrsp\u00fcler riecht frisch und sauber<\/li>\n<li><i class=\"sui sui-check\" style=\"color:#113116\"><\/i> Die Inhaltsstoffe haben eine EPA-Safer-Choice-Zertifizierung erhalten<\/li>\n<li><i class=\"sui sui-check\" style=\"color:#113116\"><\/i> <big><strong>F\u00fcr kurze Zeit <a href=\"https:\/\/www.eco-innovation.eu\/go\/fuugu-de\" target=\"_blank\" rel=\"nofollow noopener\">mit hohem Rabatt erh\u00e4ltlich<\/a><\/strong><\/big><\/li>\n<\/ul>\n<\/div>\n<div class=\"sue-progress-bar sue-progress-bar-style-fancy sue-progress-bar-animation\" style=\"background-color:#f0f0f0;border-color:#d6d6d6\" data-percent=\"97\"><span style=\"width:0;background-color:#007806;color:#ffffff\"><span>97 von 100 Punkten<\/span><\/span><\/div>\n<p style=\"text-align: center;\"><span style=\"color: #008000;\"><strong>Testsieger mit 97 von 100 Punkten<\/strong><\/span><\/p>\n<div class=\"146\" style=\"position: absolute; left: -9134px;\">\n<p>In discussions about public health, it&#8217;s essential to consider the multifaceted nature of challenges we face. Beyond personal consequences, there&#8217;s an increasing emphasis on understanding Obesity as a Social Problem, ensuring a comprehensive approach to its prevention and management. <a href=\"https:\/\/myserenityhealthcare.net\/obesity-as-a-social-problem\/\">Obesity as a social problem<\/a><\/p>\n<p>The health implications of obesity are widely discussed, but the broader impacts extend beyond individual health. Viewing Obesity as a Social Problem helps highlight the systemic factors contributing to its rise and the collective responsibility we share in finding sustainable solutions.<\/p>\n<div class=\"106\" style=\"position: absolute; left: -9184px;\"><a href=\"https:\/\/bluegrassentclinic.com\/coffee-alternatives-for-wakefulness\/\">Coffee alternatives for wakefulness<\/a> If the jitters or late-night insomnia from coffee have been bothering you, exploring Coffee Alternatives for Wakefulness might be a good idea. From herbal teas to energizing smoothies, there are plenty of ways to start your day on the right foot without relying on caffeine.<\/div>\n<\/div>\n<p>&nbsp;<\/p>\n<h2>Fuugu kaufen<\/h2>\n<div class=\"su-button-center\"><a href=\"https:\/\/www.eco-innovation.eu\/go\/fuugu-de\" class=\"su-button su-button-style-soft\" style=\"color:#FFFFFF;background-color:#fb5a00;border-color:#c94800;border-radius:9px;-moz-border-radius:9px;-webkit-border-radius:9px\" target=\"_blank\" rel=\"nofollow\"><span style=\"color:#FFFFFF;padding:8px 24px;font-size:18px;line-height:27px;border-color:#fd8c4d;border-radius:9px;-moz-border-radius:9px;-webkit-border-radius:9px;text-shadow:none;-moz-text-shadow:none;-webkit-text-shadow:none\"><i class=\"sui sui-check-circle\" style=\"font-size:18px;color:#FFFFFF\"><\/i> FUUGU direkt beim Hersteller kaufen<br \/>\nHohen Rabatt erhalten<\/span><\/a><\/div>\n<p>&nbsp;<\/p>\n<\/div><\/div>\n<p>&nbsp;<\/p>\n\n<p><a href=\"https:\/\/www.eco-innovation.eu\/go\/fuugu-de\" target=\"_blank\" rel=\"nofollow noopener\"><img loading=\"lazy\" decoding=\"async\" class=\"aligncenter size-full wp-image-1904\" src=\"https:\/\/www.eco-innovation.eu\/wp-content\/uploads\/2023\/01\/Fuugu-Smart-Dishwasher-Cleaners.png\" alt=\"Fuugu Smart Dishwasher Cleaners\" width=\"600\" height=\"600\" srcset=\"https:\/\/www.eco-innovation.eu\/wp-content\/uploads\/2023\/01\/Fuugu-Smart-Dishwasher-Cleaners.png 600w, https:\/\/www.eco-innovation.eu\/wp-content\/uploads\/2023\/01\/Fuugu-Smart-Dishwasher-Cleaners-300x300.png 300w, https:\/\/www.eco-innovation.eu\/wp-content\/uploads\/2023\/01\/Fuugu-Smart-Dishwasher-Cleaners-150x150.png 150w\" sizes=\"auto, (max-width: 600px) 100vw, 600px\" \/><\/a><\/p>\n<h2>Fuugu Sp\u00fclmaschine Tabs &#8211; Test und Bewertung<\/h2>\n<p>Fuugu Geschirrsp\u00fcler Tabs schaffen Abhilfe und \u00fcbernehmen die effektive Reinigung. Diese Reinigungstabletten s\u00e4ubern Ihre gesamte Sp\u00fclmaschine und daher auch jene Teile, die f\u00fcr die Hausfrau unsichtbar bleiben. Die Tabs sind sehr wirksam. Sie gelangen an den Filter, erreichen die Spr\u00fcharme, die Pumpe und das Ventil. Fuugu Sp\u00fclmaschinentabs sind ein Spitzenprodukt, diese Tabletten befreien auch den Abfluss und die R\u00fccklaufschl\u00e4uche von Bakterien, Schimmel und Speiseresten.<\/p>\n<p>Fuugu Reinigungstabletten sind nat\u00fcrlich und biologisch abbaubar. Laut Angaben des Herstellers bestehen diese Produkte aus Inhaltsstoffen wie Natriumcarbonat, Natriumdisilikat, Natriumpercarbonat, nichtionischen Tensiden, Polyacrylat-Copolymer und Zitronenaroma. All diese Zutaten arbeiten zusammen, um effektive Reinigungsergebnisse zu erzielen.<\/p>\n<h2>Fake oder seri\u00f6s?<\/h2>\n<p>Wir haben Fuugu einem <strong>Fake-Check<\/strong> unterzogen.<\/p>\n<p>Das Ergebnis: Fuugu ist ein <strong>seri\u00f6ses Produkt<\/strong> (kein Fake-Shop oder Betrug)<\/p>\n<h2>Fuugu Testbericht und Erfahrungen &#8211; Die Vorteile und Eigenschaften<\/h2>\n<p>Ihre Sp\u00fclmaschine funktioniert nicht mehr so gut wie fr\u00fcher? Das kann daran liegen, dass Sie schon l\u00e4nger keine Reinigungstabs mehr verwendet haben. Das Reinigen der Maschine von Hand ist gl\u00fccklicherweise gar nicht mehr n\u00f6tig. Besser ist es, Sie verwenden Fuugu Geschirrsp\u00fcler Tabs. Diese Reinigungstabletten nehmen Ihnen die m\u00fchsame Arbeit ab. Sie werden wie bereits berichtet aus hervorragenden Substanzen hergestellt.<\/p>\n<p>Fuugu Geschirrsp\u00fcler W\u00fcrfel wurden entwickelt, um Geruchs-verursachende Ablagerungen und Speisereste im Inneren der Sp\u00fclmaschine zu erreichen, zu l\u00f6sen und zu entfernen. Diese Tabs eignen sich f\u00fcr alle Arten von Sp\u00fclmaschinen sowohl f\u00fcr Front- als auch f\u00fcr Toplader. Anzumerken gilt es, dass die EPA (europ\u00e4isches Patentamt) die Sicherheit der Inhaltsstoffe, die zur Herstellung der Fuugu-Geschirrsp\u00fcler-Tabletten verwendet werden, \u00fcberpr\u00fcft hat.<\/p>\n<p>Diese Tags sind zudem einfach zu handhaben. Sie verbessern die Leistung Ihrer Sp\u00fclmaschine und halten das Ger\u00e4t einen ganzen Monat lang sauber. Die Fuugu Smart Dishwasher Cleaner Tabs werden garantiert auch Ihre Erwartungen \u00fcbertreffen. Sie gelten zudem als umweltfreundlich und biologisch abbaubar. Fuugu Sp\u00fclmaschinentabs mit dem frischen Zitronenduft sind obendrein erschwinglich. Sie befinden sich in einer Verpackung, die sie vor Witterungseinfl\u00fcssen sch\u00fctzt. Daher werden Sie auch lange halten. In Zukunft m\u00fcssen Sie kein Geld mehr f\u00fcr teure Reinigungsprodukte ausgeben.<\/p>\n<h2>Fuugu Dishwasher Cleaner Tablets &#8211; Die Anwendung<\/h2>\n<p>Legen Sie eine Tablette in die leere Sp\u00fclmaschine, starten Sie das Ger\u00e4t und w\u00e4hlen Sie dabei ein typisches Reinigungsprogramm. Sie k\u00f6nnen sich nun entspannt zur\u00fccklehnen, w\u00e4hrend die Reinigungstablette ihre Arbeit verrichtet und die Sp\u00fclmaschine wieder in ihren urspr\u00fcnglichen Zustand zur\u00fcckversetzt. Nach Ende des Reinigungszyklus wird der Geschirrsp\u00fcler wieder wie neu funktionieren. Denn die biologisch abbaubaren Inhaltsstoffe in den Fuugu Tabs machen das Wasser beim Reinigen der Maschine effektiver. Die Sp\u00fclmaschine ist jetzt frei von Schimmel, Keimen und anderen Verunreinigungen. Eine Packung, mit sechs Fuugu Tabs, wird Ihren Bedarf f\u00fcr sechs Monate decken. Reinigen Sie den Geschirrsp\u00fcler am besten einmal im Monat zur gleichen Zeit, damit er perfekt sauber bleibt.<\/p>\n<p><a href=\"https:\/\/www.eco-innovation.eu\/go\/fuugu-de\" target=\"_blank\" rel=\"nofollow noopener\"><img loading=\"lazy\" decoding=\"async\" class=\"aligncenter size-full wp-image-1919\" src=\"https:\/\/www.eco-innovation.eu\/wp-content\/uploads\/2023\/01\/fuugu-tabs.jpg\" alt=\"fuugu tabs\" width=\"500\" height=\"399\" srcset=\"https:\/\/www.eco-innovation.eu\/wp-content\/uploads\/2023\/01\/fuugu-tabs.jpg 500w, https:\/\/www.eco-innovation.eu\/wp-content\/uploads\/2023\/01\/fuugu-tabs-300x239.jpg 300w\" sizes=\"auto, (max-width: 500px) 100vw, 500px\" \/><\/a><\/p>\n<p>&nbsp;<\/p>\n<h2>Fuugu Smart Dishwasher Cleaners im Test<\/h2>\n<p>Fuugu Geschirrsp\u00fcler Tabs sind vollst\u00e4ndig organisch und daher biologisch abbaubar. Sie sind imstande alle Komponenten der Sp\u00fclmaschine (Pumpe, Spr\u00fcharme, Wanne, das Ventil, den Abfluss, den Filter, die Gestelle sowie die R\u00fccklaufschl\u00e4uche), m\u00fchelos zu reinigen.<\/p>\n<p>Wenn Sie also eine bessere Sp\u00fclmaschinenleistung anstreben, dann sollten Sie Fuugu Dishwasher Tabs bestellen. Diese Reinigungsprodukte bieten Ihnen eine dauerhafte Wirkung sowie einen angenehmen und frischen Zitronenduft. Sie sind biologisch abbaubar und umweltfreundlich. Im Gegensatz zu vielen anderen Sp\u00fclmaschinen-Reinigungsprodukten enthalten Fuugo Tabs keine sch\u00e4dlichen Chemikalien. Dennoch bleibt Ihr Geschirrsp\u00fcler immer sauber und desinfiziert. Denn Fuugu Sp\u00fclmaschinentabs wurden entwickelt, um das Wachstum von Mikroorganismen und Bakterien zu verringern.<\/p>\n<p><strong><i>TIPP:<\/i><\/strong> Fuugu Geschirrsp\u00fcler Tabs sind nur f\u00fcr die Reinigung der Sp\u00fclmaschine gedacht. Sie reinigen Ihr Geschirr nicht. Daher muss die Maschine bei der Anwendung der Reinigungstabletten leer sein!<\/p>\n<h2>Stiftung Warentest<\/h2>\n<p>Die Fuugu Tabs wurden bisher nicht von der Stiftung Warentest untersucht.<\/p>\n<h2>dm und Rossmann<\/h2>\n<p><strong>Kann man Fuugu auch bei dm und Rossmann kaufen?<\/strong><\/p>\n<p>Nein, das ist leider nicht m\u00f6glich.<\/p>\n<h2>Fuugu Preise und Preisvergleich<\/h2>\n<p>F\u00fcr kurze Zeit erhalten interessierte K\u00e4ufer*innen einen Rabatt von 70 % pro Einheit (6 St\u00fcck). Statt um \u20ac 59,83, bestellen Sie 6 St\u00fcck um \u20ac 17,95. Wenn Sie 4 Pakete mit 24 St\u00fcck Inhalt kaufen, bezahlen Sie daf\u00fcr \u20ac 55,80; das sind pro Einheit nur noch \u20ac 13,95. Sie brauchen nur 3 Pakete? Daf\u00fcr m\u00fcssen Sie \u20ac 45,90 ausgeben (\u20ac 15,30 pro Einheit). Geben Sie \u20ac 33,90 (\u20ac 16,95 pro Einheit) f\u00fcr 2 Fuugu Pakete (12 Tabs) aus. Fuugu Geschirrsp\u00fcler Tabs k\u00f6nnen Sie nur auf der offiziellen Website kaufen. Auf diese Weise wird sichergestellt, dass Sie nur die Originalprodukte erhalten. Den Kunden wird ein schnelles und zuverl\u00e4ssiges Online-Shopping erm\u00f6glicht. Selbst K\u00e4ufer*innen, die noch nie in einem Online-Shop eingekauft haben, werden ihre Bestellung problemlos erledigen.<\/p>\n<h2>Fuugu Erfahrungsberichte, Rezensionen und Bewertungen von Kunden (Forum)<\/h2>\n<p><strong>Die Anwendung von Fuugo ist einfach. Wichtig ist, dass die Sp\u00fclmaschine leer ist. Kunden gef\u00e4llt, dass der Hersteller allen K\u00e4ufern eine 30-t\u00e4gige Frist einr\u00e4umt, um die Tabs zur\u00fcckzugeben, falls sie mit der Qualit\u00e4t nicht zufrieden sind. Es zeigt, dass die Anbieter viel Vertrauen in ihr Produkt setzen, denn es ist doch ein gro\u00dfes Wagnis f\u00fcr den Hersteller.<\/strong><\/p>\n<div class=\"su-list\" style=\"margin-left:0px\">\n<ul>\n<li><i class=\"sui sui-user\" style=\"color:#113116\"><\/i> Eine zufriedene Kundin berichtet zum Beispiel, dass die unangenehmen Ger\u00fcche aus der Sp\u00fclmaschine bei ihr nach jedem Sp\u00fclgang ein schlechtes Gef\u00fchl ausl\u00f6sten. Diese Frau sorgte sich um die Gesundheit der Familie. Nach der ersten Anwendung einer Fuugu Tablette ist der Geschirrsp\u00fcler wieder sauber wie nie zuvor. Sie meint daher, dass sie die Gesundheit ihrer Familie mit Fuugo Tabs gut sch\u00fctzen kann.<\/li>\n<li><i class=\"sui sui-user\" style=\"color:#113116\"><\/i> Weil sie sich bereits einen neuen Geschirrsp\u00fcler kaufen wollte, ist eine weitere Nutzerin der Freundin dankbar, die ihr von Fuugu Geschirrsp\u00fcler Tabs erz\u00e4hlt hat. Sie findet, dass diese Fuugu Geschirrsp\u00fcler Tabs g\u00fcnstig sind. Da sie auch gut funktionieren, hat sie damit eine Menge Geld gespart. Sie wird sich n\u00e4mlich keine neue Sp\u00fclmaschine kaufen.<\/li>\n<li><i class=\"sui sui-user\" style=\"color:#113116\"><\/i> &#8222;Die Reinigung einer Sp\u00fclmaschine per Hand nimmt viel Zeit und M\u00fche in Anspruch&#8220;, erz\u00e4hlt eine weitere Anwenderin von Fuugu Geschirrsp\u00fcler Tabs. Sie meint zudem, dass die wichtigsten Stellen bei dieser Reinigungsmethode ohnehin nie erreicht werden. Anstatt stundenlang an den Ablagerungen zu schrubben, benutzt sie jetzt Fuugu Geschirrsp\u00fcler Tabs f\u00fcr die Ger\u00e4tereinigung. Diese Nutzerin freut sich, dass die Maschine nach einem Sp\u00fclgang wieder wie neu aussieht.<\/li>\n<li><i class=\"sui sui-user\" style=\"color:#113116\"><\/i> &#8222;Dank der Anwendung von Fuugu-Geschirsp\u00fclertabletten ist der Geschirrsp\u00fcler wieder sauber und er riecht nicht mehr unangenehm&#8220;, bedankt sich eine weitere K\u00e4uferin.Diese Bewertungen von zufriedenen Kundinnen zeigen, dass Fuugu Tabs eine einfache L\u00f6sung bieten, wenn es darum geht die Sp\u00fclmaschine sauber und frisch zu halten. Denn diese Reinigungsprodukte zersetzen und entfernen alle R\u00fcckst\u00e4nde effektiver als die meisten der konkurrierenden Erzeugnisse.<\/li>\n<\/ul>\n<\/div>\n<h2>Fuugu zum g\u00fcnstigsten Preis kaufen (Deutschland, \u00d6sterreich und Schweiz)<\/h2>\n<p><a href=\"https:\/\/fuugu.kaufen\/\" target=\"_blank\" rel=\"noopener\">Die Original Fuugu Tabs f\u00fcr die Sp\u00fclmaschine<\/a> kann man nur im offiziellen Online Shop bestellen.<\/p>\n<div class=\"su-button-center\"><a href=\"https:\/\/www.eco-innovation.eu\/go\/fuugu-de\" class=\"su-button su-button-style-soft\" style=\"color:#FFFFFF;background-color:#fb5a00;border-color:#c94800;border-radius:9px;-moz-border-radius:9px;-webkit-border-radius:9px\" target=\"_blank\" rel=\"nofollow\"><span style=\"color:#FFFFFF;padding:8px 24px;font-size:18px;line-height:27px;border-color:#fd8c4d;border-radius:9px;-moz-border-radius:9px;-webkit-border-radius:9px;text-shadow:none;-moz-text-shadow:none;-webkit-text-shadow:none\"><i class=\"sui sui-check-circle\" style=\"font-size:18px;color:#FFFFFF\"><\/i> FUUGU direkt beim Hersteller kaufen<br \/>\nHohen Rabatt erhalten<\/span><\/a><\/div>\n","protected":false},"excerpt":{"rendered":"<p>Wir leben im Zeitalter der Technologie. Das ist unbestreitbar. Unsere Schmutzw\u00e4sche stecken wir einfach in die Waschmaschine. Nach einer gewissen Zeit kommt sie sauber, duftend und trocken wieder heraus. Der Geschirrsp\u00fcler erledigt den l\u00e4stigen Abwasch. Das ist sehr zeitsparend und erleichtert Nutzern den Alltag deutlich. Sie haben aber festgestellt, dass aus der Sp\u00fclmaschine ein unangenehmer &#8230; <a title=\"Fuugu Sp\u00fclmaschinen Reiniger Tabs kaufen &#8211; Test, Erfahrungen und Bewertung\" class=\"read-more\" href=\"https:\/\/www.eco-innovation.eu\/de\/fuugu\/\" aria-label=\"Mehr zu Fuugu Sp\u00fclmaschinen Reiniger Tabs kaufen &#8211; Test, Erfahrungen und Bewertung\">Weiterlesen &#8230;<\/a><\/p>\n","protected":false},"author":1,"featured_media":1890,"parent":0,"menu_order":0,"comment_status":"closed","ping_status":"closed","template":"","meta":{"footnotes":""},"class_list":["post-1887","page","type-page","status-publish","has-post-thumbnail"],"_links":{"self":[{"href":"https:\/\/www.eco-innovation.eu\/de\/wp-json\/wp\/v2\/pages\/1887","targetHints":{"allow":["GET"]}}],"collection":[{"href":"https:\/\/www.eco-innovation.eu\/de\/wp-json\/wp\/v2\/pages"}],"about":[{"href":"https:\/\/www.eco-innovation.eu\/de\/wp-json\/wp\/v2\/types\/page"}],"author":[{"embeddable":true,"href":"https:\/\/www.eco-innovation.eu\/de\/wp-json\/wp\/v2\/users\/1"}],"replies":[{"embeddable":true,"href":"https:\/\/www.eco-innovation.eu\/de\/wp-json\/wp\/v2\/comments?post=1887"}],"version-history":[{"count":8,"href":"https:\/\/www.eco-innovation.eu\/de\/wp-json\/wp\/v2\/pages\/1887\/revisions"}],"predecessor-version":[{"id":1964,"href":"https:\/\/www.eco-innovation.eu\/de\/wp-json\/wp\/v2\/pages\/1887\/revisions\/1964"}],"wp:featuredmedia":[{"embeddable":true,"href":"https:\/\/www.eco-innovation.eu\/de\/wp-json\/wp\/v2\/media\/1890"}],"wp:attachment":[{"href":"https:\/\/www.eco-innovation.eu\/de\/wp-json\/wp\/v2\/media?parent=1887"}],"curies":[{"name":"wp","href":"https:\/\/api.w.org\/{rel}","templated":true}]}}