{"id":159,"date":"2022-04-06T16:08:10","date_gmt":"2022-04-06T16:08:10","guid":{"rendered":"https:\/\/www.eco-innovation.eu\/?page_id=159"},"modified":"2022-05-09T11:45:23","modified_gmt":"2022-05-09T11:45:23","slug":"plus-kapseln-abnehmen","status":"publish","type":"page","link":"https:\/\/www.eco-innovation.eu\/de\/plus-kapseln-abnehmen\/","title":{"rendered":"Plus Abnehmkapseln kaufen &#8211; Erfahrungen mit Abnehmen und Wirkung &#8211; Test &#038; Bewertung"},"content":{"rendered":"<p><strong>Die gef\u00e4hrlichste Zivilisationskrankheit des Jahrhunderts ist das \u00dcbergewicht. \u00dcbergewicht bedeutet, nicht nur ein paar Kilos zu viel auf den Rippen zu haben sondern bringen viele Folgeerkrankungen wie Diabetes oder Bluthochdruck mit sich. Nicht selten greifen Menschen deshalb zu verschiedenen Nahrungserg\u00e4nzungsmittel, die beim Abnehmen helfen sollen. Diese Unterst\u00fctzung bieten auch die Plus Kapseln. Ob sie wirklich halten was sie versprechen, oder nur den Geldbeutel schlanker machen, erfahren Sie bei uns.<\/strong><\/p>\n<p><img loading=\"lazy\" decoding=\"async\" class=\"size-full wp-image-160 aligncenter\" src=\"https:\/\/www.eco-innovation.eu\/wp-content\/uploads\/2022\/04\/plus-kapseln-abnehmen.jpg\" alt=\"plus kapseln abnehmen\" width=\"480\" height=\"256\" srcset=\"https:\/\/www.eco-innovation.eu\/wp-content\/uploads\/2022\/04\/plus-kapseln-abnehmen.jpg 480w, https:\/\/www.eco-innovation.eu\/wp-content\/uploads\/2022\/04\/plus-kapseln-abnehmen-300x160.jpg 300w\" sizes=\"auto, (max-width: 480px) 100vw, 480px\" \/><br \/>\n<br clear=\"all\" \/><br \/>\n<div class=\"sue-section\" data-url=\"\" data-target=\"blank\" style=\"margin:0px 0px 0px 0px;border-top:1px solid #cccccc;border-bottom:1px solid #cccccc\"><div class=\"sue-section-background\" style=\"background-color:#f8f8f8;background-position:left top;\"><\/div><div class=\"sue-section-content sue-content-wrap\" style=\"padding:30px 0px 30px 0px;max-width:960px;text-align:left;color:#333333;text-shadow:0px 1px 10px #ffffff\">\n<h2>Plus Kapseln kaufen<\/h2>\n<p><strong>Die Original Plus Abnehmkapseln zum g\u00fcnstigsten Preis bestellen:<\/strong><\/p>\n<div class=\"su-button-center\"><a href=\"https:\/\/www.eco-innovation.eu\/go\/plus-de\" class=\"su-button su-button-style-3d\" style=\"color:#FFFFFF;background-color:#2D89EF;border-color:#246ec0;border-radius:9px;-moz-border-radius:9px;-webkit-border-radius:9px\" target=\"_blank\" rel=\"nofollow\"><span style=\"color:#FFFFFF;padding:0px 24px;font-size:18px;line-height:36px;border-color:#6cadf4;border-radius:9px;-moz-border-radius:9px;-webkit-border-radius:9px;text-shadow:none;-moz-text-shadow:none;-webkit-text-shadow:none\"> PLUS Kapseln mit Rabatt kaufen<br \/>\nOffizielle Seite<\/span><\/a><\/div>\n<\/div><\/div>\n\n<h2>Plus Kapseln Abnehmen Bewertung<\/h2>\n<p>Bei den Plus Kapseln handelt es sich um ein Nahrungserg\u00e4nzungsmittel in Kapselform. Sie sollen durch ihren nat\u00fcrlichen Wirkstoffkomplex dabei helfen ganz ohne extreme Sporteinheiten oder nerviges Kalorienz\u00e4hlen das Abnehmen zu erleichtern. Die Kapseln sollen aber nicht nur kurzfristigen Erfolg zeigen, sondern sie stehen auch daf\u00fcr, keinen Jojo-Effekt zu erleben. Das f\u00f6rdert zus\u00e4tzlich die Gesundheit.<\/p>\n<h2>Plus Kapseln Gewichtsabnahme<\/h2>\n<p><a href=\"https:\/\/sharingheritage.de\/plus-kapseln\/\" target=\"_blank\" rel=\"noopener\">Die Plus Kapseln<\/a> wurden speziell f\u00fcr \u00fcbergewichtige Personen entwickelt, um sie bei ihrer Di\u00e4t zu unterst\u00fctzen. Durch die enthaltenen Wirkstoffe und deren synergetischen Wirkung sind die Kapseln sehr effizient. Sie sind gut vertr\u00e4glich und eignen sich daher f\u00fcr fast jeden Personenkreis. Menschen die an Adipositas leiden, k\u00f6nnen hier gezielte Unterst\u00fctzung zur Linderung der Beschwerden finden. Au\u00dferdem werden bereits eingelagerte Nahrungsfette im K\u00f6rper als Energiequelle genutzt.<\/p>\n<p>Auch f\u00fcr aktive Menschen oder Sportler, die eigentlich gar kein Gewicht verlieren m\u00f6chten, eignen sich die Kapseln. Auch hier kann eine Reduktion des K\u00f6rperfettes erzielt werden, ohne Gewicht zu verlieren.<\/p>\n<h2>Wirkung<\/h2>\n<p><strong>Durch mehrere unterst\u00fctzende Faktoren erleichtern die Plus Abnehmpillen die Gewichtsreduktion. Bei regelm\u00e4\u00dfiger Anwendung der Kapseln setzt bei den Anwendern schneller ein S\u00e4ttigungsgef\u00fchl ein.<\/strong><\/p>\n<p><strong>Die Folge: Man nimmt weniger Kalorien zu sich<\/strong>. Die Menge an Kolieren kann so besser kontrolliert werden, da die Hei\u00dfhungerattacken ausbleiben. Die Kapseln wirken sozusagen als echter Appetithemmer. Durch die in der Nahrung aufgenommenen Fette werden diese im K\u00f6rper gebunden und die Aufnahme wird verhindert.<\/p>\n<p>Plus Kapseln werden bei der Behandlung von Adipositas und \u00dcbergewicht eingesetzt. Sie verbessern die eigene Gewichtskontrolle und unterst\u00fctzen den Anwender bei der Gewichtsreduzierung.<\/p>\n<p><img loading=\"lazy\" decoding=\"async\" class=\"size-full wp-image-163 aligncenter\" src=\"https:\/\/www.eco-innovation.eu\/wp-content\/uploads\/2022\/04\/plus-abnehmkapseln-kaufen.jpg\" alt=\"plus abnehmkapseln kaufen\" width=\"700\" height=\"476\" srcset=\"https:\/\/www.eco-innovation.eu\/wp-content\/uploads\/2022\/04\/plus-abnehmkapseln-kaufen.jpg 700w, https:\/\/www.eco-innovation.eu\/wp-content\/uploads\/2022\/04\/plus-abnehmkapseln-kaufen-300x204.jpg 300w\" sizes=\"auto, (max-width: 700px) 100vw, 700px\" \/><\/p>\n<h2>Inhaltsstoffe<\/h2>\n<h3>L-Arginin<\/h3>\n<p>Bei dem L-Arginin handelt es sich um eine semi-essentielle Aminos\u00e4ure. Sie ist f\u00fcr wichtige Stoffwechselprozesse in den Zellen verantwortlich. Es steigert den Muskelaufbau und wirkt zudem leistungssteigernd. Eine optimale Unterst\u00fctzung bei den Sporteinheiten ist damit gew\u00e4hrleistet und bietet somit schnelle Trainingserfolge.<\/p>\n<h3>L-Carnitine<\/h3>\n<p>Bei dem L-Carnitine handelt es sich um eine Aminos\u00e4ureverbindung. Diese kommt im Fettstoffwechsel des K\u00f6pers vor. Die Substanz ist \u00e4hnlich eines Vitamins und bietet eine Transportfunktion. Damit werden langkettige Fetts\u00e4uren aus der Blutbahn in die sogenannten Verbrennungs\u00f6fen der Zellen (Mitochondrien) transportiert. Dort werden die Fetts\u00e4uren zu Energie umgewandelt. Besteht hier ein Mangel, greift der K\u00f6rper auf Proteine zur\u00fcck.<\/p>\n<h3>Garcinia Cambogia Extract<\/h3>\n<p>Zu den bew\u00e4hrtesten Wirkstoffen wenn es um Gewichtsreduktion geht, z\u00e4hlt die in der Garcinia Cambogia enthaltene Hydroxyzitronens\u00e4ure (HCA).<\/p>\n<h2>Anwendung<\/h2>\n<p>F\u00fcr ein bestm\u00f6gliches Ergebnis wird eine Kapsel pro Tag eingenommen. Am besten nehmen Sie die Kapsel 15 bis 30 Minuten vor Ihrer Hauptmahlzeit ein. Dabei ist es empfehlenswert die Mahlzeit zu w\u00e4hlen, bei der Sie am meisten Kalorien und Fette zu sich nehmen. Die Kapsel wir unzerkaut mit mindestens 500 ml Wasser zu sich genommen. Sollten Sie beim Schlucken von Kapseln Probleme haben, k\u00f6nnen Sie die Plus Kapsel \u00f6ffnen und den Inhalt einfach in ein Glas Wasser einr\u00fchren.<\/p>\n<p>Damit Sie ein perfektes Ergebnis erzielen k\u00f6nnen, empfiehlt sich die Einnahme \u00fcber einen l\u00e4ngeren Zeitraum. Die Plus Kapseln wurden aus einer Gruppe von Wissenschaftlern und \u00c4rzten entwickelt, um der extremen Nachfrage nach einer Behandlung von \u00dcbergewicht zu Hause gerecht zu werden. Die Plus Kapseln sind nach langj\u00e4hriger Entwicklungszeit ohne Rezept erh\u00e4ltlich.<\/p>\n<h2>H\u00f6hle der L\u00f6wen und The Biggest Loser<\/h2>\n<p>An einigen Stellen im Netz liest man, dass die Plus Kapseln zur Gewichtsabnahme in der Sendung &#8222;H\u00f6hle der L\u00f6wen&#8220; vorgestellt wurden und dass die Leute in der Show &#8222;The biggest Loser&#8220; nur mit den Di\u00e4t-Tabletten abgenommen haben. Diese Nachrichten k\u00f6nnen wir aber nicht best\u00e4tigen. M\u00f6glicherweise sind sie Fake.<\/p>\n<h3>M\u00fcller Wohlfahrt?<\/h3>\n<p>Bei der Nachricht, dass Dr. M\u00fcller Wohlfahrt f\u00fcr das Produkt wirbt handelt es sich definitiv um einen Fake.<\/p>\n<div class=\"sue-section\" data-url=\"\" data-target=\"blank\" style=\"margin:0px 0px 0px 0px;border-top:1px solid #cccccc;border-bottom:1px solid #cccccc\"><div class=\"sue-section-background\" style=\"background-color:#f8f8f8;background-position:left top;\"><\/div><div class=\"sue-section-content sue-content-wrap\" style=\"padding:30px 0px 30px 0px;max-width:960px;text-align:left;color:#333333;text-shadow:0px 1px 10px #ffffff\">\n<h2>Erfahrungsbericht und Selbsttest eines Kunden<\/h2>\n<p><strong>Getestet wurde 4 Wochen lang eine m\u00e4nnliche Person, 32 Jahre alt und 1,80 m gro\u00df mit 89 kg. Trotz verschiedenen Trainingseinheiten haben sich bei ihm in letzter Zeit ein paar Fettp\u00f6lsterchen gebildet, die er gerne wieder loswerden w\u00fcrde. Er hat versprochen, sich strikt an die Dosierungsanweisung des Herstellers zu halten.<\/strong><\/p>\n<h3>1. Woche<\/h3>\n<p>Die Testperson nahm t\u00e4glich eine Kapsel der Plus Abnehmkapseln ein. Nat\u00fcrlich mit viel Wasser wie angegeben. Die Kapseln sind geschmacksneutral und lassen sich gut einnehmen.<\/p>\n<h3>2. Woche<\/h3>\n<p>Am Ende der 2. Wochen teilte die Testperson mit, dass er die Kapseln gut vertrage und auch keine Nebenerscheinungen hat. Er merkte aber jetzt schon, dass sich sein Essverhalten ver\u00e4ndert hatte und auch die Portionen kleiner wurden, die er zu sich nahm. Au\u00dferdem hat er schon 1,8 kg abgenommen. Und das ganz ohne Sport zu treiben oder zu hungern.<\/p>\n<h3>3. Woche<\/h3>\n<p>Auch nach der 3. Woche konnte die Testperson eine Gewichtsreduzierung vernehmen. Er hat jetzt schon insgesamt 2,9 kg abgenommen. Vital und fit f\u00fchlt er sich au\u00dferdem. Von anderen Di\u00e4ten wei\u00df man, dass man schnell schlechte Laune bekommt, weil man hungern muss etc. So ist der Fall hier nicht \u2013 eher im Gegenteil. Dadurch, dass er auf nichts verzichten musste, war seine Laune bestens.<\/p>\n<h3>4. Woche<\/h3>\n<p>Der Test endete nach 4 Wochen und wir schauen auf die Ver\u00e4nderung der Testperson. Man sieht schon auf den ersten Blick, dass er abgenommen hatte. Er kann insgesamt einen <strong>Gewichtsverlust von 4,1 kg<\/strong> verzeichnen. Was ihm bei der Einnahme der Kapseln richtig gut gefiel war, dass er keine Hei\u00dfhungerattacken versp\u00fcrte und konnte so den allt\u00e4glichen Nachmittagssnack einfach auslassen.<\/p>\n<p>Er war <strong>vollumf\u00e4nglich zufrieden mit dem Ergebnis<\/strong>, welches er erzielt hat und m\u00f6chte sie auch weiterhin einnehmen, da er sein Wunschgewicht noch nicht g\u00e4nzlich erreicht hat. F\u00fcr ihn ist es eine unkomplizierte Methode, schnell Gewicht zu verlieren und stellt somit einen eindeutigen Gewinn f\u00fcr ihn dar. Au\u00dferdem f\u00fchlte er sich die ganze Zeit \u00fcber ausgeglichen und gesund.<\/p>\n<\/div><\/div>\n<p>&nbsp;<\/p>\n<div class=\"su-button-center\"><a href=\"https:\/\/www.eco-innovation.eu\/go\/plus-de\" class=\"su-button su-button-style-3d\" style=\"color:#FFFFFF;background-color:#2D89EF;border-color:#246ec0;border-radius:9px;-moz-border-radius:9px;-webkit-border-radius:9px\" target=\"_blank\" rel=\"nofollow\"><span style=\"color:#FFFFFF;padding:0px 24px;font-size:18px;line-height:36px;border-color:#6cadf4;border-radius:9px;-moz-border-radius:9px;-webkit-border-radius:9px;text-shadow:none;-moz-text-shadow:none;-webkit-text-shadow:none\"> PLUS Kapseln mit Rabatt kaufen<br \/>\nOffizielle Seite<\/span><\/a><\/div>\n<p>&nbsp;<\/p>\n<h2>Bewertungen<\/h2>\n<p>Die Bewertungen von Nutzern des Produkts auf der Verkaufsseite fallen <strong>durchweg positiv<\/strong> aus. Das Ergebnis: 4,7 von 5 Sternen. Begeisterte Haus\u00e4rzte und zufriedene Kunden. Einzig und allein die etwas l\u00e4ngere Lieferzeit wurde bem\u00e4ngelt, was aber wohl der aktuellen Geschehenslage geschuldet sein d\u00fcrfte.<\/p>\n","protected":false},"excerpt":{"rendered":"<p>Die gef\u00e4hrlichste Zivilisationskrankheit des Jahrhunderts ist das \u00dcbergewicht. \u00dcbergewicht bedeutet, nicht nur ein paar Kilos zu viel auf den Rippen zu haben sondern bringen viele Folgeerkrankungen wie Diabetes oder Bluthochdruck mit sich. Nicht selten greifen Menschen deshalb zu verschiedenen Nahrungserg\u00e4nzungsmittel, die beim Abnehmen helfen sollen. Diese Unterst\u00fctzung bieten auch die Plus Kapseln. Ob sie wirklich &#8230; <a title=\"Plus Abnehmkapseln kaufen &#8211; Erfahrungen mit Abnehmen und Wirkung &#8211; Test &#038; Bewertung\" class=\"read-more\" href=\"https:\/\/www.eco-innovation.eu\/de\/plus-kapseln-abnehmen\/\" aria-label=\"Mehr zu Plus Abnehmkapseln kaufen &#8211; Erfahrungen mit Abnehmen und Wirkung &#8211; Test &#038; Bewertung\">Weiterlesen &#8230;<\/a><\/p>\n","protected":false},"author":1,"featured_media":0,"parent":0,"menu_order":0,"comment_status":"closed","ping_status":"closed","template":"","meta":{"footnotes":""},"class_list":["post-159","page","type-page","status-publish"],"_links":{"self":[{"href":"https:\/\/www.eco-innovation.eu\/de\/wp-json\/wp\/v2\/pages\/159","targetHints":{"allow":["GET"]}}],"collection":[{"href":"https:\/\/www.eco-innovation.eu\/de\/wp-json\/wp\/v2\/pages"}],"about":[{"href":"https:\/\/www.eco-innovation.eu\/de\/wp-json\/wp\/v2\/types\/page"}],"author":[{"embeddable":true,"href":"https:\/\/www.eco-innovation.eu\/de\/wp-json\/wp\/v2\/users\/1"}],"replies":[{"embeddable":true,"href":"https:\/\/www.eco-innovation.eu\/de\/wp-json\/wp\/v2\/comments?post=159"}],"version-history":[{"count":5,"href":"https:\/\/www.eco-innovation.eu\/de\/wp-json\/wp\/v2\/pages\/159\/revisions"}],"predecessor-version":[{"id":246,"href":"https:\/\/www.eco-innovation.eu\/de\/wp-json\/wp\/v2\/pages\/159\/revisions\/246"}],"wp:attachment":[{"href":"https:\/\/www.eco-innovation.eu\/de\/wp-json\/wp\/v2\/media?parent=159"}],"curies":[{"name":"wp","href":"https:\/\/api.w.org\/{rel}","templated":true}]}}