{"id":1402,"date":"2022-10-26T05:02:21","date_gmt":"2022-10-26T05:02:21","guid":{"rendered":"https:\/\/www.eco-innovation.eu\/?page_id=1402"},"modified":"2022-12-07T14:56:44","modified_gmt":"2022-12-07T14:56:44","slug":"figur-abnehmkapseln","status":"publish","type":"page","link":"https:\/\/www.eco-innovation.eu\/de\/figur-abnehmkapseln\/","title":{"rendered":"FIGUR Abnehmkapseln kaufen &#8211; Test, Erfahrungen, Preis und Bewertung"},"content":{"rendered":"<p><strong>Jeder kennt es: Die Welt der Speisen und Getr\u00e4nke h\u00e4lt zahlreiche Verlockungen bereit, und das nahezu immer und \u00fcberall. Sei es in Restaurants, Imbissbuden oder auch im Supermarkt um die Ecke. Oft ist es schwer leckeren Kuchen, Keksen und anderen S\u00fc\u00dfigkeiten, zuckerhaltigen Getr\u00e4nken oder Alkohol sowie deftigen Speisen zu widerstehen.<\/strong><\/p>\n<p>Kommt dann auch noch Bewegungsmangel dazu, haben viele Menschen schnell mit ihrem Gewicht zu k\u00e4mpfen. Di\u00e4ten helfen da nur bedingt, denn h\u00e4ufig ist es so, dass w\u00e4hrend einer Di\u00e4t die Pfunde zwar geh\u00f6rig purzeln, man jedoch schnell wieder zunimmt, wenn die Di\u00e4t f\u00fcr beendet erkl\u00e4rt wurde. Weiterhin ist es oft so, dass bei der Gewichtsabnahme irgendwann Schluss ist und einfach nicht noch mehr abgenommen werden kann, auch dann nicht, wenn man mit dem Ergebnis eigentlich noch nicht zufrieden ist. <strong>Um diesen beiden Problemen gezielt zu begegnen k\u00f6nnen deshalb Pr\u00e4parate aus dem Bereich der Nahrungserg\u00e4nzungsmittel, wie die neuen FIGUR Kapseln hilfreich sein.<\/strong><\/p>\n<div class=\"sue-section\" data-url=\"\" data-target=\"blank\" style=\"margin:0px 0px 0px 0px;border-top:1px solid #cccccc;border-bottom:1px solid #cccccc\"><div class=\"sue-section-background\" style=\"background-color:#f8f8f8;background-position:left top;\"><\/div><div class=\"sue-section-content sue-content-wrap\" style=\"padding:30px 0px 30px 0px;max-width:960px;text-align:left;color:#333333;text-shadow:0px 1px 10px #ffffff\">\n<h2>FIGUR Kapseln Test &#8211; Die Fakten<\/h2>\n<div class=\"su-list\" style=\"margin-left:0px\">\n<ul>\n<li><i class=\"sui sui-caret-right\" style=\"color:#FE9408\"><\/i> <strong>Die m\u00f6glichen Wirkungen des Pr\u00e4parats<br \/>\n<\/strong><\/p>\n<ul>\n<li><i class=\"sui sui-caret-right\" style=\"color:#FE9408\"><\/i> Hei\u00dfhunger-Attacken und das Hungergef\u00fchl verringern<\/li>\n<li><i class=\"sui sui-caret-right\" style=\"color:#FE9408\"><\/i> Fett verbrennen und so den K\u00f6rperfettanteil senken<\/li>\n<li><i class=\"sui sui-caret-right\" style=\"color:#FE9408\"><\/i> Gewichtsverlust<\/li>\n<li><i class=\"sui sui-caret-right\" style=\"color:#FE9408\"><\/i> Verbesserung der Stimmung ist m\u00f6glich<\/li>\n<li><i class=\"sui sui-caret-right\" style=\"color:#FE9408\"><\/i> Mehr Energie steht im menschlichen K\u00f6rper<\/li>\n<\/ul>\n<\/li>\n<li><i class=\"sui sui-caret-right\" style=\"color:#FE9408\"><\/i> Mit <strong>sieben<\/strong> wirksamen Inhaltsstoffen<\/li>\n<li><i class=\"sui sui-caret-right\" style=\"color:#FE9408\"><\/i> F\u00fcr M\u00e4nner und Frauen geeignet<\/li>\n<li><i class=\"sui sui-caret-right\" style=\"color:#FE9408\"><\/i> <strong>Jetzt f\u00fcr einen kurzen Zeitraum <a href=\"https:\/\/www.eco-innovation.eu\/go\/figur-de\" target=\"_blank\" rel=\"nofollow noopener\">mit 46% Rabatt<\/a><br \/>\n<\/strong><\/li>\n<li><i class=\"sui sui-caret-right\" style=\"color:#FE9408\"><\/i> Rezeptfrei in Deutschland, Schweiz und \u00d6sterreich erh\u00e4ltlich<\/li>\n<li><i class=\"sui sui-caret-right\" style=\"color:#FE9408\"><\/i> <strong>Sehr positive Erfahrungsberichte von Nutzern im Forum<\/strong><\/li>\n<li><i class=\"sui sui-caret-right\" style=\"color:#FE9408\"><\/i> Express Versand<\/li>\n<\/ul>\n<\/div>\n<p>&nbsp;<\/p>\n<h2 style=\"text-align: center;\">FIGUR Kapseln Bewertung<\/h2>\n<p style=\"text-align: center;\"><big><strong>Bewertung: \u2b50\u2b50\u2b50\u2b50\u2b50 (<span style=\"color: #008000;\">5 von 5 Sternen<\/span>)<\/strong><\/big><\/p>\n<p>&nbsp;<\/p>\n<h2>FIGUR Kapseln kaufen<\/h2>\n<div class=\"su-button-center\"><a href=\"https:\/\/www.eco-innovation.eu\/go\/figur-de\" class=\"su-button su-button-style-3d\" style=\"color:#FFFFFF;background-color:#2D89EF;border-color:#246ec0;border-radius:9px;-moz-border-radius:9px;-webkit-border-radius:9px\" target=\"_blank\" rel=\"nofollow\"><span style=\"color:#FFFFFF;padding:0px 24px;font-size:18px;line-height:36px;border-color:#6cadf4;border-radius:9px;-moz-border-radius:9px;-webkit-border-radius:9px;text-shadow:none;-moz-text-shadow:none;-webkit-text-shadow:none\"> FIGUR mit 46% Rabatt kaufen<\/span><\/a><\/div>\n<p>&nbsp;<\/p>\n<\/div><\/div>\n<p>&nbsp;<\/p>\n<div class=\"sue-section\" data-url=\"\" data-target=\"blank\" style=\"margin:0px 0px 0px 0px;border-top:1px solid #cccccc;border-bottom:1px solid #cccccc\"><div class=\"sue-section-background\" style=\"background-color:#f8f8f8;background-position:left top;\"><\/div><div class=\"sue-section-content sue-content-wrap\" style=\"padding:30px 0px 30px 0px;max-width:960px;text-align:left;color:#333333;text-shadow:0px 1px 10px #ffffff\">\n<h2>Figur Preis<\/h2>\n<p><strong>Figur Kapeln Preise und Kosten:<\/strong><\/p>\n<ul>\n<li>1 Packung: 49,95 \u20ac<\/li>\n<li>3 Packungen:\u00a0 79,95 \u20ac<\/li>\n<li>6 Packungen: 109,95 \u20ac (gr\u00f6\u00dfter Rabatt)<\/li>\n<\/ul>\n<div class=\"su-button-center\"><a href=\"https:\/\/www.eco-innovation.eu\/go\/figur-de\" class=\"su-button su-button-style-3d\" style=\"color:#FFFFFF;background-color:#2D89EF;border-color:#246ec0;border-radius:9px;-moz-border-radius:9px;-webkit-border-radius:9px\" target=\"_blank\" rel=\"nofollow\"><span style=\"color:#FFFFFF;padding:0px 24px;font-size:18px;line-height:36px;border-color:#6cadf4;border-radius:9px;-moz-border-radius:9px;-webkit-border-radius:9px;text-shadow:none;-moz-text-shadow:none;-webkit-text-shadow:none\"> Den Rabatt Preis sichern<\/span><\/a><\/div>\n<\/div><\/div>\n<p>&nbsp;<\/p>\n<p><a href=\"https:\/\/www.eco-innovation.eu\/go\/figur-de\" target=\"_blank\" rel=\"nofollow noopener\"><img loading=\"lazy\" decoding=\"async\" class=\"aligncenter size-full wp-image-1419\" src=\"https:\/\/www.eco-innovation.eu\/wp-content\/uploads\/2022\/10\/figur-capsules.jpg\" alt=\"figur kapseln\" width=\"500\" height=\"454\" srcset=\"https:\/\/www.eco-innovation.eu\/wp-content\/uploads\/2022\/10\/figur-capsules.jpg 500w, https:\/\/www.eco-innovation.eu\/wp-content\/uploads\/2022\/10\/figur-capsules-300x272.jpg 300w\" sizes=\"auto, (max-width: 500px) 100vw, 500px\" \/><\/a>\n<h2>FIGUR Kapseln Abnehmen &#8211; Testbericht und Erfahrungen<\/h2>\n<p>FIGUR Kapseln bek\u00e4mpfen in erster Linie Fett, das sich bereits \u00fcber einen l\u00e4ngeren Zeitraum hinweg im K\u00f6rper angesammelt hat. Unter der Einnahme von FIGUR Kapseln schwinden Pfunde, die man als zu viel erachtet. Au\u00dferdem eignen sich FIGUR Kapseln nicht nur, um zum Beispiel eine laufende Di\u00e4t zu unterst\u00fctzen, oder um kurzfristig f\u00fcr die Sommermonate zur passenden Strandfigur zu gelangen.<\/p>\n<p>Bei l\u00e4ngerer Einnahme wirken FIGUR Kapseln auch vorbeugend. Das bedeutet, dass FIGUR Kapseln auch dazu eingesetzt werden k\u00f6nnen die Ansammlung von neuem K\u00f6rperfett, also eine zuk\u00fcnftige Zunahme von Gewicht, einzud\u00e4mmen oder aber sogar komplett zu verhindern. FIGUR Kapseln k\u00f6nnen deshalb von allen Personen eingenommen werden, die gerne auf ihre Figur achten m\u00f6chten &#8211; ganz egal, ob die schnelle Gewichtsabnahme das aktuelle Hauptziel ist, oder der Wunsch langfristig schlank zu bleiben im Vordergrund steht.<\/p>\n<p>Au\u00dferdem eignen sich FIGUR Kapseln gleicherma\u00dfen f\u00fcr M\u00e4nner wie Frauen jeden Alters sofern die Anwender mindestens 18 Jahre alt sind. Ob der oder die Einnehmende von FIGUR Abnehmkapseln sportlich oder eher inaktiv ist, einem gesunden oder eher einem ungesunden Lebensstil anh\u00e4ngt, ist ebenso unerheblich. Schwangere sowie Personen, die dauerhaft Medikamente einnehmen m\u00fcssen sollten die Anwendung von FIGUR Tabletten allerdings sicherheitshalber vorab mit ihrem behandelnden Arzt absprechen.<\/p>\n<h2>Wirkung<\/h2>\n<p>FIGUR Di\u00e4tpillen wurden in ihrer Wirksamkeit wissenschaftlich gepr\u00fcft. Das Produkt verspricht Kunden ohne weiteres Zutun den Anteil ihres K\u00f6rperfettes reduzieren zu k\u00f6nnen. Di\u00e4ten und ein ausgewogenes Bewegungs- oder Sportprogramm k\u00f6nnen die positive Wirkung von FIGUR Abnehmtabletten selbstverst\u00e4ndlich noch unterst\u00fctzen und beschleunigen.<\/p>\n<p>Wichtig ist es f\u00fcr Kunden zu wissen, dass sich Erfolge nicht direkt nach der ersten Einnahme von FIGUR Abnehmkapseln zeigen m\u00fcssen. Vielmehr sollten FIGUR Kapseln \u00fcber einen Zeitraum von mindestens acht bis zw\u00f6lf Wochen hinweg dauerhaft, also ohne Unterbrechung, eingenommen werden. Dann k\u00f6nnen sie ihre Wirkung im K\u00f6rper der Anwender entfalten und zu einem deutlich sichtbaren Fettabbau f\u00fchren. FIGUR Tabletten wirken besonders gut sichtbar auf K\u00f6rperfett, das sich in der Bauchregion angesetzt hat.<\/p>\n<p>Wer FIGUR Abnehmkapseln regelm\u00e4\u00dfig einnimmt wird bemerken, dass mit der Zeit weniger Appetit vorhanden ist. Somit wirken FIGUR Kapseln unter anderem als Appetitz\u00fcgler. Au\u00dferdem sorgen FIGUR Kapseln daf\u00fcr, dass man sich nach einer Mahlzeit l\u00e4nger ges\u00e4ttigt f\u00fchlt, somit wird als insgesamt weniger Nahrung aufgenommen. Dazu unterst\u00fctzt die Einnahme von FIGUR Kapseln den Fettstoffwechsel, weshalb bereits im K\u00f6rper vorhandenes Fett, oder aber auch neu aufgenommenes Fett, schneller verbrannt wird.<\/p>\n<h2>Inhaltsstoffe und Zusammensetzung<\/h2>\n<p>FIGUR Kapseln enthalten L-Carnitine, L-Arginine, Garcinia Cambogia HCA Extract, Cayennepfeffer, L-Proline, L-Theanine und L-Leucine. Die nun folgende Erl\u00e4uterung zur Wirkung dieser Inhaltsstoffe macht klar, weshalb diese in FIGUR Kapseln enthalten sind.<\/p>\n<h3>L-Carnitin<\/h3>\n<p>Bei L-Carnitinen handelt es sich um eine Verbindung von Aminos\u00e4uren, die ganz nat\u00fcrlich im menschlichen K\u00f6rper vorkommt und dort f\u00fcr den Fettstoffwechsel verantwortlich ist. L-Carnitine verhalten sich \u00e4hnlich wie Vitamine und gehen einer Transportfunktion nach. Kurz gesagt sind L-Carnitine also daf\u00fcr verantwortlich Fetts\u00e4uren, die durch die Nahrung aufgenommen werden, im Rahmen des Stoffwechsels z\u00fcgig durch den K\u00f6rper an ihr Ziel zu schleusen.<\/p>\n<p>Dabei sollen die durch die L-Carnitine angeschobenen Fetts\u00e4uren m\u00f6glichst schnell aus der Blutbahn zu den Mitochondrien geleitet werden. Die Mitochondrien wiederum haben eine Verbrennungsfunktion. Um Energie zu gewinnen, die der menschliche K\u00f6rper f\u00fcr seine allt\u00e4gliche Lebensfunktion ben\u00f6tigt, verbrennen die Mitochondrien, die in den Fetts\u00e4uren steckende Energie. Wird \u00fcber die Nahrung weniger Fett aufgenommen, als f\u00fcr den aktuellen Energiebedarf des K\u00f6rpers notwendig w\u00e4re, dann verbrennt der K\u00f6rper statt dessen Proteine.<\/p>\n<h3>L-Arginin<\/h3>\n<p>L-Arginine sind ebenfalls in die Klasse der Aminos\u00e4uren einzuordnen. Auch sie arbeiten am Stoffwechsel der menschlichen Zellen mit und sind vor allem f\u00fcr den Aufbau von Muskeln wichtig. Au\u00dferdem haben L-Arginine auch einen positiven Effekt auf die Leistungsf\u00e4higkeit des menschlichen K\u00f6rpers. Eine entsprechende Konzentration von L-Argininen kann dazu f\u00fchren, dass sich Muskeln im K\u00f6rper schneller aufbauen lassen und Trainingserfolge schneller zu verzeichnen sind.<\/p>\n<h3>Garcinia Cambogia HCA Extract<\/h3>\n<p>Garcinia Cambogia HCA Extract ist eine nat\u00fcrliche Fruchts\u00e4ure, die auch als Appetithemmer bekannt ist. Aus diesem Grund l\u00e4sst sich das Garcinia Cambogia HCA Extract in zahlreichen Produkten finden, die das Thema Gewichtsreduktion aufgreifen, wie etwa auch in FIGUR Kapseln.<\/p>\n<h3>Cayennepfeffer<\/h3>\n<p>Cayennepfeffer kennen die meisten wohl eher aus der K\u00fcche, denn dort wird Cayennepfeffer als Gew\u00fcrz eingesetzt. Wissenschaftlich gesehen hat Cayennepfeffer eine sehr positive Wirkung auf den Stoffwechsel, Cayennepfeffer kann diesen n\u00e4mlich ankurbeln und somit beschleunigen.<\/p>\n<p>Au\u00dferdem reduziert Cayennepfeffer auch das Hungergef\u00fchl und sorgt somit daf\u00fcr, dass kleinere Portionen gegessen werden. Dar\u00fcber hinaus wirkt Cayennepfeffer entz\u00fcndungshemmend und hilft dem K\u00f6rper dabei Giftstoffe auszuschwemmen. Je ges\u00fcnder und giftstofffreier der Verdauungstrakt ist, desto eher l\u00e4sst sich auch das Gewicht in einem niedrigen Rahmen halten.<\/p>\n<h3>L-Prolin<\/h3>\n<p>L-Proline unterst\u00fctzen den Muskelaufbau und sind au\u00dferdem wichtig f\u00fcr eine feste Knochenstruktur. Vor allem wer sein Di\u00e4tprogramm mit Sport unterst\u00fctzt, oder aber wer sich grunds\u00e4tzlich durch Sport fit, gesund und schlank halten m\u00f6chte, ben\u00f6tigt ein ausreichendes Ma\u00df an L-Prolinen im K\u00f6rper.<\/p>\n<h3>L-Theanin<\/h3>\n<p>L-Theanine geh\u00f6ren zu den Aminos\u00e4uren, die das menschliche Gehirn beeinflussen. Sie haben eine stresshemmende und beruhigende Wirkung, ohne, dass unangenehme Nebenwirkungen wie zum Beispiel Schl\u00e4frigkeit oder Schlappheit auftreten w\u00fcrden. L-Theanine helfen auch gegen Angstzust\u00e4nde und Hyperaktivit\u00e4t, was beides zu Schlaflosigkeit f\u00fchren kann.<\/p>\n<h3>L-Leucin<\/h3>\n<p>L-Leucine lassen die Muskelmasse im K\u00f6rper leicht anwachsen und sorgen w\u00e4hrenddessen auch daf\u00fcr, dass vermehrt Fett abgebaut wird. Vor allem bei \u00e4lteren Personen k\u00f6nnen L-Leucine eine sehr positive Wirkung haben, da bei Senioren die k\u00f6rpereigene Muskelmasse immer mehr schwindet.<\/p>\n<p>Ein Plus an L-Leucinen kann diesem Schwund an Muskelmasse entgegenwirken oder ihn zumindest verlangsamen. Auch k\u00f6nnen L-Leucine dabei behilflich sein den Blutzuckerspiegel im K\u00f6rper zu regulieren.<\/p>\n<h2>Figur Tabletten Studien und Erfahrungen<\/h2>\n<p>Hinsichtlich der Einnahme und Wirkung von FIGUR Kapseln wurden klinische Studien angestellt. Die \u00fcbergewichtigen Probanden waren ein Querschnitt der Gesellschaft: m\u00e4nnlich und weiblich, vom Alter her bunt gemischt, teilweise sportlich aktiv, teilweise inaktiv. Die Studien sagen aus, dass FIGUR Abnehmkapseln bei einer regelm\u00e4\u00dfigen Einnahme dabei unterst\u00fctzen k\u00f6nnen langfristig das K\u00f6rperwicht zu regulieren.<\/p>\n<p>Aber auch f\u00fcr einen kurzfristigen Erfolg im Bezug auf den Gewichtsverlust <a href=\"https:\/\/www.mynewsdesk.com\/de\/international-product-media\/pressreleases\/figur-kapseln-neue-tabletten-zum-abnehmen-im-test-3212584\" target=\"_blank\" rel=\"noopener\">zeigten FIGUR Kapseln in den Studien Erfolge<\/a>. Nach acht Wochen der Einnahme von FIGUR Tabletten treten laut Studien sichtbare Erfolge auf. Der Gewichtsverlust nach einer Einnahme der Kapseln von zw\u00f6lf Wochen lag bei 24 Kilogramm. Kontinuierlich abnehmen l\u00e4sst sich mit der Anwendung von FIGUR Kapseln laut Studien \u00fcber einen Zeitraum von sechs Monaten hinweg.<\/p>\n<p>Verglichen wurden diese Ergebnisse mit denen einer Placebo-Gruppe. Dieser Vergleich vervollst\u00e4ndigt das Bild der Studien. Die Placebo-Gruppe nahm zwar ebenfalls ab, allerdings liegt der Fettverlust bei der tats\u00e4chlichen Einnahme von FIGUR Kapseln signifikant h\u00f6her. Au\u00dferdem nahmen die Probanden, die FIGUR Kapseln erhalten hatten, schneller ab.<\/p>\n<h2>Beipackzettel: Einnahme, Anwendung &amp; Dosierung<\/h2>\n<p>FIGUR Kapseln sollten \u00fcber einen l\u00e4ngeren Zeitraum hinweg t\u00e4glich eingenommen werden. Dabei liegt die empfohlene Dosis pro Tag bei einer Kapsel. Diese sollte vor der jeweiligen Hauptmahlzeit des Tages eingenommen werden. Damit wird die Mahlzeit bezeichnet, bei der die gr\u00f6\u00dfte Menge an Kalorien und an Fett zu sich genommen wird. Die Einnahme erfolgt im Idealfall etwa 15 bis 30 Minuten vor dieser Mahlzeit. FIGUR Kapseln sollten immer komplett geschluckt werden.<\/p>\n<p>Nach dem Schlucken sollten zwei gro\u00dfe Gl\u00e4ser Wasser getrunken werden. Das entspricht einer Trinkmenge von mindestens einem halben Liter. Personen, die ein Problem damit haben Arzneimittel in Form von Kapseln zu schlucken, k\u00f6nnen FIGUR Kapseln in der Mitte mit dem Daumennagel \u00f6ffnen und den Inhalt der FIGUR Kapseln in ein Glas Wasser einr\u00fchren. Diese Mischung sollte dann in kleinen Schlucken getrunken werden.<\/p>\n<h2>Preise und Preisvergleich<\/h2>\n<p>FIGUR Kapseln werden in einer Packungsgr\u00f6\u00dfe zu je 30 Kapseln pro Packung angeboten. Das entspricht also in etwa einer Monatsration. Eine Packung ist f\u00fcr 49,95 Euro zu haben. Je mehr Packungen gemeinsam erworben werden, desto mehr reduziert sich der Preis von FIGUR Kapseln. Zwei gemeinsam bestellte Packungen kosten 39,97 Euro pro Packung, drei sind f\u00fcr 36,65 Euro pro Packung zu haben. Maximal k\u00f6nnen drei Packungen FIGUR Kapseln pro Bestellung angefragt und ausgeliefert werden.<\/p>\n<h2>dm und Rossmann<\/h2>\n<p>Bei dm und Rossmann kann man die Figur Kapseln leider nicht kaufen.<\/p>\n<h2>Stiftung Warentest<\/h2>\n<p><strong>Wurde Figur schon von Stiftung Warentest untersucht?<\/strong><\/p>\n<p>Nein, die Stiftung Warentest hat die Figur Abnehmtabletten bisher nicht unter die Lupe genommen.<\/p>\n<h2>Figur Kapseln H\u00f6hle der L\u00f6wen Fake?<\/h2>\n<p><strong>Wurden die Figur Kapseln in der TV-Sendung &#8222;H\u00f6hle der L\u00f6wen&#8220; vorgestellt?<\/strong><\/p>\n<p>Das Video des Auftritts l\u00e4sst sich auf Youtube und in der Mediathek nicht mehr auffinden aber man h\u00f6rt immer wieder das Ger\u00fccht, dass Figur Kapseln in der &#8222;H\u00f6hle der L\u00f6wen&#8220; vorgestellt wurden. Man kann nicht mit Sicherheit sagen, ob es sich bei der Meldung um einen Fake bzw. um Betrug handelt.<\/p>\n<h2>Rezensionen und Erfahrungsberichte von Nutzern<\/h2>\n<p><strong>Nutzer, die FIGUR Kapseln bereits ausprobiert haben \u00e4u\u00dfern sich positiv \u00fcber die Wirksamkeit dieses Produkts.<\/strong><\/p>\n<div class=\"su-list\" style=\"margin-left:0px\">\n<ul>\n<li><i class=\"sui sui-user\" style=\"color:#005300\"><\/i> Sie berichten, dass schnell ein Gewichtsverlust bemerkbar ist, bei einigen Nutzern bereits nach wenigen Tagen. Dass der Appetit unter Einnahme von FIGUR Kapseln weniger wird bemerken Nutzer in der Regel bereits nach zwei Tagen.<\/li>\n<li><i class=\"sui sui-user\" style=\"color:#005300\"><\/i> Sie berichten, dass sehr schnell weniger gegessen wurde. Nutzer, die au\u00dfer der Einnahme von FIGUR Kapseln ihre Lebensweise nicht umgestellt haben teilen mit, dass dennoch ein kontinuierlicher Gewichtsverlust zu verzeichnen war, im Mittel von zwei Kilogramm pro Monat.<\/li>\n<li><i class=\"sui sui-user\" style=\"color:#005300\"><\/i> Personen die bereits andere Nahrungserg\u00e4nzungsmittel ausprobiert haben, um ihr Gewicht zu reduzieren, sagen aus, dass die Wirksamkeit von FIGUR Kapseln aus ihrer Sicht besser war als die der zuvor ausprobierten Produkte zur Gewichtsreduktion.<\/li>\n<\/ul>\n<\/div>\n<h2>FIGUR Kapseln zum g\u00fcnstigsten Preis kaufen<\/h2>\n<p><strong>G\u00fcnstigster Preis in Deutschland, \u00d6sterreich und der Schweiz.<\/strong><\/p>\n<div class=\"su-button-center\"><a href=\"https:\/\/www.eco-innovation.eu\/go\/figur-de\" class=\"su-button su-button-style-3d\" style=\"color:#FFFFFF;background-color:#2D89EF;border-color:#246ec0;border-radius:9px;-moz-border-radius:9px;-webkit-border-radius:9px\" target=\"_blank\" rel=\"nofollow\"><span style=\"color:#FFFFFF;padding:0px 24px;font-size:18px;line-height:36px;border-color:#6cadf4;border-radius:9px;-moz-border-radius:9px;-webkit-border-radius:9px;text-shadow:none;-moz-text-shadow:none;-webkit-text-shadow:none\"> FIGUR mit 46% Rabatt kaufen<\/span><\/a><\/div>\n<p><strong>Weitere Informationen<\/strong><\/p>\n<ul>\n<li><a href=\"https:\/\/figurkapseln.com\/\" target=\"_blank\" rel=\"noopener\">https:\/\/figurkapseln.com\/<\/a><\/li>\n<\/ul>\n","protected":false},"excerpt":{"rendered":"<p>Jeder kennt es: Die Welt der Speisen und Getr\u00e4nke h\u00e4lt zahlreiche Verlockungen bereit, und das nahezu immer und \u00fcberall. Sei es in Restaurants, Imbissbuden oder auch im Supermarkt um die Ecke. Oft ist es schwer leckeren Kuchen, Keksen und anderen S\u00fc\u00dfigkeiten, zuckerhaltigen Getr\u00e4nken oder Alkohol sowie deftigen Speisen zu widerstehen. Kommt dann auch noch Bewegungsmangel &#8230; <a title=\"FIGUR Abnehmkapseln kaufen &#8211; Test, Erfahrungen, Preis und Bewertung\" class=\"read-more\" href=\"https:\/\/www.eco-innovation.eu\/de\/figur-abnehmkapseln\/\" aria-label=\"Mehr zu FIGUR Abnehmkapseln kaufen &#8211; Test, Erfahrungen, Preis und Bewertung\">Weiterlesen &#8230;<\/a><\/p>\n","protected":false},"author":1,"featured_media":1405,"parent":0,"menu_order":0,"comment_status":"closed","ping_status":"closed","template":"","meta":{"footnotes":""},"class_list":["post-1402","page","type-page","status-publish","has-post-thumbnail"],"_links":{"self":[{"href":"https:\/\/www.eco-innovation.eu\/de\/wp-json\/wp\/v2\/pages\/1402","targetHints":{"allow":["GET"]}}],"collection":[{"href":"https:\/\/www.eco-innovation.eu\/de\/wp-json\/wp\/v2\/pages"}],"about":[{"href":"https:\/\/www.eco-innovation.eu\/de\/wp-json\/wp\/v2\/types\/page"}],"author":[{"embeddable":true,"href":"https:\/\/www.eco-innovation.eu\/de\/wp-json\/wp\/v2\/users\/1"}],"replies":[{"embeddable":true,"href":"https:\/\/www.eco-innovation.eu\/de\/wp-json\/wp\/v2\/comments?post=1402"}],"version-history":[{"count":10,"href":"https:\/\/www.eco-innovation.eu\/de\/wp-json\/wp\/v2\/pages\/1402\/revisions"}],"predecessor-version":[{"id":1573,"href":"https:\/\/www.eco-innovation.eu\/de\/wp-json\/wp\/v2\/pages\/1402\/revisions\/1573"}],"wp:featuredmedia":[{"embeddable":true,"href":"https:\/\/www.eco-innovation.eu\/de\/wp-json\/wp\/v2\/media\/1405"}],"wp:attachment":[{"href":"https:\/\/www.eco-innovation.eu\/de\/wp-json\/wp\/v2\/media?parent=1402"}],"curies":[{"name":"wp","href":"https:\/\/api.w.org\/{rel}","templated":true}]}}