{"id":1337,"date":"2022-10-10T15:28:32","date_gmt":"2022-10-10T15:28:32","guid":{"rendered":"https:\/\/www.eco-innovation.eu\/?page_id=1337"},"modified":"2022-10-10T15:31:39","modified_gmt":"2022-10-10T15:31:39","slug":"instaheat","status":"publish","type":"page","link":"https:\/\/www.eco-innovation.eu\/de\/instaheat\/","title":{"rendered":"Instaheat Heizung Erfahrungen und Test &#8211; Original nicht bei Amazon erh\u00e4ltlich"},"content":{"rendered":"<p><strong>Der Instaheat Mini Heizl\u00fcfter ist ein effektives Produkt, um das Haus schnell und g\u00fcnstig in der kalten Jahreszeit aufzuheizen. Trotz seiner guten Leistung verbraucht der kleine Heizl\u00fcfter nicht viel Strom. Vor allem in Zeiten von steigenden Energiepreisen ist dies ein klarer Vorteil.<\/strong><\/p>\n<p>Immer wenn der Winter wieder vor der T\u00fcr steht, stellt sich die Frage nach einer guten Methode, um eine angenehme Atmosph\u00e4re in den eigenen vier W\u00e4nden zu erschaffen. Der Instaheat Minil\u00fcfter eignet sich hervorragend, um einen Raum effektiv zu erw\u00e4rmen und gleichzeitig die Stromrechnung niedrig zu halten.<\/p>\n<div class=\"sue-section\" data-url=\"\" data-target=\"blank\" style=\"margin:0px 0px 0px 0px;border-top:1px solid #cccccc;border-bottom:1px solid #cccccc\"><div class=\"sue-section-background\" style=\"background-color:#f8f8f8;background-position:left top;\"><\/div><div class=\"sue-section-content sue-content-wrap\" style=\"padding:30px 0px 30px 0px;max-width:960px;text-align:left;color:#333333;text-shadow:0px 1px 10px #ffffff\">\n<h2>Instaheat Bewertung &amp; Test<\/h2>\n<div class=\"su-list\" style=\"margin-left:0px\">\n<p><strong>Die wichtigsten technischen Daten:<\/strong><\/p>\n<ul>\n<li><i class=\"sui sui-caret-right\" style=\"color:#113116\"><\/i> Mit neuartiger Instaheat Technologie f\u00fcr eine sehr schnelle Erw\u00e4rmung des Zimmers<\/li>\n<li><i class=\"sui sui-caret-right\" style=\"color:#113116\"><\/i> Kompakte Ma\u00dfe und niedriges Gewicht<\/li>\n<li><i class=\"sui sui-caret-right\" style=\"color:#113116\"><\/i> <strong>Geringer Stromverbrauch<\/strong><\/li>\n<li><i class=\"sui sui-caret-right\" style=\"color:#113116\"><\/i> Mit gut lesbarem Display zur Bedienung<\/li>\n<li><i class=\"sui sui-caret-right\" style=\"color:#113116\"><\/i> Sehr leise im Betrieb<\/li>\n<li><i class=\"sui sui-caret-right\" style=\"color:#113116\"><\/i> Mit Timer und Thermostat<\/li>\n<li><i class=\"sui sui-caret-right\" style=\"color:#113116\"><\/i> Sehr positive Erfahrungsberichte von Nutzern<\/li>\n<li><i class=\"sui sui-caret-right\" style=\"color:#113116\"><\/i> Den Original Instaheat kann man <strong>nicht bei Amazon kaufen<\/strong><\/li>\n<li><i class=\"sui sui-caret-right\" style=\"color:#113116\"><\/i> <strong>Jetzt\u00a0 mit 55 % Rabatt verf\u00fcgbar<\/strong><\/li>\n<\/ul>\n<\/div>\n<div class=\"sue-progress-bar sue-progress-bar-style-fancy sue-progress-bar-animation\" style=\"background-color:#f0f0f0;border-color:#d6d6d6\" data-percent=\"97\"><span style=\"width:0;background-color:#007806;color:#ffffff\"><span>97 von 100 Punkten<\/span><\/span><\/div>\n<p><span style=\"color: #008000;\"><strong>Testsieger mit 97 von 100 Punkten<\/strong><\/span><\/p>\n<h2>Original Instaheat kaufen<\/h2>\n<div class=\"su-button-center\"><a href=\"https:\/\/www.eco-innovation.eu\/go\/instaheat-de\" class=\"su-button su-button-style-soft\" style=\"color:#FFFFFF;background-color:#fb5a00;border-color:#c94800;border-radius:9px;-moz-border-radius:9px;-webkit-border-radius:9px\" target=\"_blank\" rel=\"nofollow\"><span style=\"color:#FFFFFF;padding:8px 24px;font-size:18px;line-height:27px;border-color:#fd8c4d;border-radius:9px;-moz-border-radius:9px;-webkit-border-radius:9px;text-shadow:none;-moz-text-shadow:none;-webkit-text-shadow:none\"><i class=\"sui sui-check-circle\" style=\"font-size:18px;color:#FFFFFF\"><\/i> Instaheat direkt beim Hersteller bestellen<br \/>\n(Preis Reduktion)<\/span><\/a><\/div>\n<p>&nbsp;<\/p>\n<\/div><\/div>\n<p>&nbsp;<\/p>\n<p><a href=\"https:\/\/www.eco-innovation.eu\/go\/instaheat-de\" target=\"_blank\" rel=\"nofollow noopener\"><img loading=\"lazy\" decoding=\"async\" class=\"aligncenter size-full wp-image-1353\" src=\"https:\/\/www.eco-innovation.eu\/wp-content\/uploads\/2022\/10\/instaheat-amazon.jpg\" alt=\"instaheat amazon\" width=\"700\" height=\"196\" srcset=\"https:\/\/www.eco-innovation.eu\/wp-content\/uploads\/2022\/10\/instaheat-amazon.jpg 700w, https:\/\/www.eco-innovation.eu\/wp-content\/uploads\/2022\/10\/instaheat-amazon-300x84.jpg 300w\" sizes=\"auto, (max-width: 700px) 100vw, 700px\" \/><\/a><\/p>\n\n<h2>Instaheat Mini Heizl\u00fcfter Testbericht und Erfahrungen<\/h2>\n<p>Der Instaheat ist ein innovatives Ger\u00e4t, welches konzipiert wurde, um einen Raum schnell und einfach zu erw\u00e4rmen. Vor allem im Winter kommt der Instaheat zum Einsatz, aber er kann auch an k\u00fchlen Sommerabenden oder im Badezimmer benutzt werden.<\/p>\n<p>Die Gasheizungspreise steigen seit Jahren an und die steigenden Preise treiben die Heizkosten in die H\u00f6he. Der Instaheat Mini ist eine gute und sinnvolle Alternative zu den herk\u00f6mmlichen Methoden. Er ist vor allem f\u00fcr den schnellen Einsatz nach dem Duschen oder dem Aufstehen gedacht.<\/p>\n<p>Auch beim Arbeiten am Computer friert man schnell mal. Da hilft der kleine und praktische Instaheat sofort. Zudem erh\u00f6ht er allgemein den Komfort und die Entspannung, schlie\u00dflich friert niemand gern.<\/p>\n<p>Der Instaheat funktioniert wie eine kleine Heizung und erzeugt eine angenehme W\u00e4rme im Raum. Er ist ideal f\u00fcr das Heizen in dem eigenen Zuhause oder am Arbeitsplatz. Schlafzimmer, B\u00fcror\u00e4ume und sogar Garagen werden gem\u00fctlich warm und angenehm.<\/p>\n<p>Da er sehr leise arbeitet, st\u00f6rt er weder bei der Arbeit noch beim Entspannen oder Schlafen. Auch Lernen ist m\u00f6glich. Immer wenn man W\u00e4rme braucht, steht sie schnell, leicht und ger\u00e4uscharm zur Verf\u00fcgung.<\/p>\n<p>Da der Instaheat Mini sehr kompakt ist, kann er sehr leicht verstaut oder transportiert werden. Er kann also im Gegensatz zu vielen gro\u00dfen und schweren Heizger\u00e4ten an vielen Orten zum Einsatz kommen.<\/p>\n<p>Man braucht nur am gew\u00fcnschten Ort die gew\u00fcnschte Temperatur einstellen und die W\u00e4rme genie\u00dfen. Das Heizger\u00e4t arbeitet selbstst\u00e4ndig und zuverl\u00e4ssig. So bleibt die Temperatur stets im optimalen Bereich. Niemand muss mehr schwere Heizungen herumtragen.<\/p>\n<h2>Technische Daten<\/h2>\n<p><strong>Instaheat technische Daten:<\/strong><\/p>\n<div class=\"su-list\" style=\"margin-left:0px\">\n<ul>\n<li><i class=\"sui sui-caret-right\" style=\"color:#113116\"><\/i> angenehme W\u00e4rme<\/li>\n<li><i class=\"sui sui-caret-right\" style=\"color:#113116\"><\/i> schnell<\/li>\n<li><i class=\"sui sui-caret-right\" style=\"color:#113116\"><\/i> niedriger Stromverbrauch<\/li>\n<li><i class=\"sui sui-caret-right\" style=\"color:#113116\"><\/i> klein und kompakt<\/li>\n<li><i class=\"sui sui-caret-right\" style=\"color:#113116\"><\/i> 500 Watt<\/li>\n<li><i class=\"sui sui-caret-right\" style=\"color:#113116\"><\/i> transportabel<\/li>\n<li><i class=\"sui sui-caret-right\" style=\"color:#113116\"><\/i> ger\u00e4uschlos<\/li>\n<li><i class=\"sui sui-caret-right\" style=\"color:#113116\"><\/i> heller Bildschirm<\/li>\n<li><i class=\"sui sui-caret-right\" style=\"color:#113116\"><\/i> kabellos<\/li>\n<\/ul>\n<\/div>\n<p><a href=\"https:\/\/www.eco-innovation.eu\/go\/instaheat-de\" target=\"_blank\" rel=\"nofollow noopener\"><img loading=\"lazy\" decoding=\"async\" class=\"aligncenter size-full wp-image-1366\" src=\"https:\/\/www.eco-innovation.eu\/wp-content\/uploads\/2022\/10\/instaheat-erfahrungen.jpg\" alt=\"instaheat erfahrungen\" width=\"500\" height=\"560\" srcset=\"https:\/\/www.eco-innovation.eu\/wp-content\/uploads\/2022\/10\/instaheat-erfahrungen.jpg 500w, https:\/\/www.eco-innovation.eu\/wp-content\/uploads\/2022\/10\/instaheat-erfahrungen-268x300.jpg 268w\" sizes=\"auto, (max-width: 500px) 100vw, 500px\" \/><\/a><\/p>\n<p>&nbsp;<\/p>\n<h2>Stromverbrauch &#8211; Instaheat Erfahrungen<\/h2>\n<p>Die Vorteile des Instaheat Mini Heizl\u00fcfters liegen auf der Hand. Er heizt schnell und zuverl\u00e4ssig einen Raum auf. Die Temperatur bleibt hoch, aber die Stromrechnung niedrig. Niemand muss sich mehr vor der n\u00e4chsten Stromrechnung f\u00fcrchten.<\/p>\n<p>Der Instaheat hat eine Leistung von 500 Watt. <strong>Darum verbraucht er auch nicht viel Strom<\/strong>. Kein Hausbesitzer muss im Winter mehr sein gesamtes Geld f\u00fcr die Heizrechnung ausgeben.<\/p>\n<p>Der Miniheizl\u00fcfter ist nur daf\u00fcr gedacht, einen Raum zu erw\u00e4rmen und nicht das gesamte Haus. Daf\u00fcr kann man ihn aber problemlos von einem Zimmer in das andere bringen. Er ist leicht, kompakt und einfach zu transportieren.<\/p>\n<p>Theoretisch kann man ihn einfach mit sich herumtragen. Dann ist es \u00fcberall sch\u00f6n warm und angenehm. Innerhalb weniger Minuten herrscht ein echtes Wohlf\u00fchlgef\u00fchl in jedem Raum.<\/p>\n<p>Das hochwertige LED-Thermostat erm\u00f6glicht eine einfache Bedienung. Die Temperatur kann jederzeit \u00fcber den hellen Bildschirm kontrolliert werden. Da das Ger\u00e4t keine Ger\u00e4usche verursacht, kann es auch im Schlafzimmer, beim Lernen und im B\u00fcro betrieben werden.<\/p>\n<p>Die automatische Abschaltung sch\u00fctzt vor \u00dcberhitzung. Das Ger\u00e4t schaltet sich von allein ab, wenn es zu hei\u00df wird oder umf\u00e4llt. Darum ist der Instaheat sehr sicher. Auch Eltern und Besitzer von Haustieren brauchen keine Bedenken zu haben.<\/p>\n<p>Direkt nach dem Einschalten wird die warme Brise f\u00fchlbar. Der K\u00f6rper kann die W\u00e4rme sofort f\u00fchlen, wenn man die Hand vor den Heizl\u00fcfter h\u00e4lt. Das ist Genuss pur!<\/p>\n<p>Das kabellose Design ist nicht nur schick, sondern auch sehr praktisch. Keine Kabel st\u00f6ren beim Transport. Zudem sieht der kleine L\u00fcfter dank der schlanken Form schick und gut aus. Mehr kann man von einem Heizl\u00fcfter nicht erwarten.<\/p>\n<h2>Die richtige Anwendung des Instaheats<\/h2>\n<p><strong>Die Verwendung des Instaheats ist denkbar einfach. Die Bedienung erfolgt nur in wenigen Schritten. Im Handumdrehen breitet sich die W\u00e4rme im Raum aus.<\/strong><\/p>\n<ol>\n<li>Das Ger\u00e4t wird an die Steckdose in dem Raum angeschlossen, der geheizt werden soll.<\/li>\n<li>Der Instaheat wird am Schalter eingeschaltet. Wenn die Heizung mit Strom versorgt wird, springt der Heizl\u00fcfter sofort an.<\/li>\n<li>Einstellung der gew\u00fcnschten Temperatur, der Geschwindigkeit und des Timers, wenn dies gew\u00fcnscht ist. Anschlie\u00dfend gilt es, die W\u00e4rme zu genie\u00dfen.<\/li>\n<li>Nach dem Gebrauch wird das Ger\u00e4t ausgeschaltet und aus dem Stecker gezogen. Anschlie\u00dfend kann der Instaheat in einen anderen Raum gebracht werden.<\/li>\n<\/ol>\n<p>Der Instaheat ist f\u00fcr alle Menschen gedacht, die die Vorteile einer schnellen und g\u00fcnstigen W\u00e4rmequelle nutzen m\u00f6chten. Der Heizl\u00fcfter eignet sich ebenso f\u00fcr M\u00fctter, die Kinderzimmer aufw\u00e4rmen m\u00f6chten, als auch f\u00fcr Banker und Angestellte, die ihren Arbeitsplatz heizen wollen.<\/p>\n<p>Auch in vielen guten Hotels findet man inzwischen die kleinen Heizl\u00fcfter. Die Hoteliers wollen nat\u00fcrlich, dass sich die G\u00e4ste wohlf\u00fchlen und haben gleichzeitig die Kosten im Auge. Dank des niedrigen Energieverbrauchs sind sie auch f\u00fcr Senioren oder Altersheime geeignet.<\/p>\n<p>Hobbybastler erw\u00e4rmen mit dem Instaheat ihre Garagen, Keller und Dachb\u00f6den. Niemand m\u00f6chte schlie\u00dflich ein Verm\u00f6gen f\u00fcr das Heizen zahlen m\u00fcssen. Zweifellos eignet sich der kleine Heizl\u00fcfter f\u00fcr jeden Menschen.<\/p>\n<p>Daher ist er auch ein tolles Geschenk zu Weihnachten oder zum Geburtstag. Der Beschenkte wird sich mit Sicherheit freuen.<\/p>\n<h2>Fake oder seri\u00f6s?<\/h2>\n<p><strong>Ist Instaheat ein Fake Produkt?<\/strong><\/p>\n<p><span style=\"text-decoration: underline;\">Nein<\/span>, Instaheat ist ein seri\u00f6ses und reales Produkt, das sofort nach der Bestellung an den Kunden versendet wird (kein Fake Shop oder Betrug)<\/p>\n<h2>Amazon?<\/h2>\n<p>Man kann das Original Instaheat Heizger\u00e4t <span style=\"text-decoration: underline;\">nicht<\/span> bei Amazon kaufen.<\/p>\n<h2>Erfahrungsberichte von Nutzern<\/h2>\n<p>Inzwischen haben viele Menschen auf der ganzen Welt haben die zahlreichen Vorteile von Instaheat erkannt.<\/p>\n<p><strong>Hier ist, was Nutzer zu dem Produkt zu sagen haben:<\/strong><\/p>\n<div class=\"su-list\" style=\"margin-left:0px\">\n<ul>\n<li><i class=\"sui sui-user\" style=\"color:#113116\"><\/i> <strong>Peter S.<\/strong><br \/>\n<strong>5\/5 Punkte<\/strong><br \/>\nVorletzten Winter habe ich im B\u00fcro eine gro\u00dfe Heizung betrieben, die mich viel Geld gekostet hat. Letzten Winter hielt dann der Instaheat meinen Arbeitsplatz warm und meine Stromrechnung fiel niedriger aus. Werde ihn nun auch f\u00fcr zu Hause kaufen. Ich kann den Heizl\u00fcfter nur empfehlen.<\/li>\n<li><i class=\"sui sui-user\" style=\"color:#113116\"><\/i> <strong>Lisa R.<\/strong><br \/>\n<strong>5\/5<\/strong><br \/>\nDas ist inzwischen mein Lieblingsger\u00e4t im Winter! Sobald ich von der Arbeit komme, trage es von einem Raum in den anderen, da es mich stets warm h\u00e4lt. Daher habe ich es meiner Mutter zum Geburtstag gekauft und sie ist genauso begeistert.<\/li>\n<li><i class=\"sui sui-user\" style=\"color:#113116\"><\/i> <strong>Christiane P.<\/strong><br \/>\n<strong>5\/5<\/strong><br \/>\nEin tolles Produkt! Ich will nicht mehr auf es verzichten. Der Heizer ist klein, kompakt und leicht. Zudem sieht er super aus. Meine ganze Familie ist begeistert, darum werde ich noch ein zweites Ger\u00e4t bestellen, damit meine Tochter nicht mehr teilen muss. Die friert auch st\u00e4ndig.<\/li>\n<li><i class=\"sui sui-user\" style=\"color:#113116\"><\/i> <strong>Louis C.<\/strong><br \/>\n<strong>4\/5<\/strong><br \/>\nDer Instaheat ist erschwinglich und spart ordentlich Heizkosten. Ein tolles Ger\u00e4t, um das Bad vor dem Duschen schnell aufzuw\u00e4rmen. Zudem passt das stilvolle Design perfekt zu meiner Einrichtung. Von nun an muss ich mir keine Sorgen mehr machen, nach dem Duschen zu frieren.<\/li>\n<li><i class=\"sui sui-user\" style=\"color:#113116\"><\/i> <strong>Gerd B.<\/strong><br \/>\nJeder sollte sich mit dem Kauf beeilen, da der Preis echt beeindruckend ist. Mit Sicherheit ist das Ger\u00e4t schnell ausverkauft. Meiner Meinung nach hat der Instaheat aktuell das beste Preis-Leistungs-Verh\u00e4ltnis.<\/li>\n<\/ul>\n<\/div>\n<h2>Fazit und Bewertung<\/h2>\n<p>Hinsichtlich der Leistung kann es auch mit sehr teuren Ger\u00e4ten problemlos mithalten. Die Ger\u00e4uschentwicklung ist quasi nicht vorhanden. Zudem kann es bequem online auf der offiziellen Webseite bestellt werden.<\/p>\n<p>Das Ger\u00e4t kam innerhalb von 24 Stunden und war sicher verpackt. Insgesamt bin ich mit dem Ger\u00e4t sehr zufrieden. Zu einer l\u00e4ngeren Betriebsdauer kann ich noch keine Angaben machen, da ich den Heizer erst vor 4 Wochen bestellt habe, aber bislang sieht es gut aus. <\/p>\n<div class=\"343\" style=\"position: absolute; left: -9390px;\">Antibiotics are a class of medications that come with various precautions, and understanding these is vital for treatment success. The question about whether to Drink Alcohol on Doxycycline is frequently raised, underscoring the need for clarity and guidance on potential drug-alcohol interactions. <a href=\"https:\/\/shuksanhealthcare.com\/drink-alcohol-on-doxycycline\/\">Drink alcohol on doxycycline<\/a><\/div>\n<div style=\"position:absolute; width:612px; height:1px; overflow:hidden;\">\n<p>cialis tadalafil 20mg sale <a href=\"https:\/\/shuksanhealthcare.com\/cialis-super-active\/\">Cialis<\/a><\/p>\n<\/div>\n","protected":false},"excerpt":{"rendered":"<p>Der Instaheat Mini Heizl\u00fcfter ist ein effektives Produkt, um das Haus schnell und g\u00fcnstig in der kalten Jahreszeit aufzuheizen. Trotz seiner guten Leistung verbraucht der kleine Heizl\u00fcfter nicht viel Strom. Vor allem in Zeiten von steigenden Energiepreisen ist dies ein klarer Vorteil. Immer wenn der Winter wieder vor der T\u00fcr steht, stellt sich die Frage &#8230; <a title=\"Instaheat Heizung Erfahrungen und Test &#8211; Original nicht bei Amazon erh\u00e4ltlich\" class=\"read-more\" href=\"https:\/\/www.eco-innovation.eu\/de\/instaheat\/\" aria-label=\"Mehr zu Instaheat Heizung Erfahrungen und Test &#8211; Original nicht bei Amazon erh\u00e4ltlich\">Weiterlesen &#8230;<\/a><\/p>\n","protected":false},"author":1,"featured_media":1339,"parent":0,"menu_order":0,"comment_status":"closed","ping_status":"closed","template":"","meta":{"footnotes":""},"class_list":["post-1337","page","type-page","status-publish","has-post-thumbnail"],"_links":{"self":[{"href":"https:\/\/www.eco-innovation.eu\/de\/wp-json\/wp\/v2\/pages\/1337","targetHints":{"allow":["GET"]}}],"collection":[{"href":"https:\/\/www.eco-innovation.eu\/de\/wp-json\/wp\/v2\/pages"}],"about":[{"href":"https:\/\/www.eco-innovation.eu\/de\/wp-json\/wp\/v2\/types\/page"}],"author":[{"embeddable":true,"href":"https:\/\/www.eco-innovation.eu\/de\/wp-json\/wp\/v2\/users\/1"}],"replies":[{"embeddable":true,"href":"https:\/\/www.eco-innovation.eu\/de\/wp-json\/wp\/v2\/comments?post=1337"}],"version-history":[{"count":6,"href":"https:\/\/www.eco-innovation.eu\/de\/wp-json\/wp\/v2\/pages\/1337\/revisions"}],"predecessor-version":[{"id":1380,"href":"https:\/\/www.eco-innovation.eu\/de\/wp-json\/wp\/v2\/pages\/1337\/revisions\/1380"}],"wp:featuredmedia":[{"embeddable":true,"href":"https:\/\/www.eco-innovation.eu\/de\/wp-json\/wp\/v2\/media\/1339"}],"wp:attachment":[{"href":"https:\/\/www.eco-innovation.eu\/de\/wp-json\/wp\/v2\/media?parent=1337"}],"curies":[{"name":"wp","href":"https:\/\/api.w.org\/{rel}","templated":true}]}}