{"id":1317,"date":"2022-10-18T14:12:36","date_gmt":"2022-10-18T14:12:36","guid":{"rendered":"https:\/\/www.eco-innovation.eu\/?page_id=1317"},"modified":"2023-10-07T13:39:32","modified_gmt":"2023-10-07T13:39:32","slug":"huusk-messer","status":"publish","type":"page","link":"https:\/\/www.eco-innovation.eu\/de\/huusk-messer\/","title":{"rendered":"Original Huusk K\u00fcchenmesser kaufen &#8211; Stiftung Watentest, Erfahrungen, Preis &#038; Bewertung"},"content":{"rendered":"<p><strong>Das Huusk K\u00fcchenmesser ist ein vielseitig einsetzbares Messer aus Japan. Die Klinge wird aus hochwertigem Edelstahl hergestellt und garantiert eine lange Lebensdauer. Der Stahl ist rostfrei. Zudem verf\u00fcgt das Qualit\u00e4tsmesser \u00fcber einen sehr handlichen, leicht gew\u00f6lbten Eichenholzgriff. Es handelt sich dabei um Hartholz in einem dunklen Braunton.<\/strong><\/p>\n<div class=\"sue-section\" data-url=\"\" data-target=\"blank\" style=\"margin:0px 0px 0px 0px;border-top:1px solid #cccccc;border-bottom:1px solid #cccccc\"><div class=\"sue-section-background\" style=\"background-color:#f8f8f8;background-position:left top;\"><\/div><div class=\"sue-section-content sue-content-wrap\" style=\"padding:30px 0px 30px 0px;max-width:960px;text-align:left;color:#333333;text-shadow:0px 1px 10px #ffffff\">\n<h2>HUUSK Messer Test<\/h2>\n<div class=\"su-list\" style=\"margin-left:0px\">\n<ul>\n<li><i class=\"sui sui-caret-right\" style=\"color:#113116\"><\/i> Gefertigt nach traditioneller japanischer Schmiedekunst<\/li>\n<li><i class=\"sui sui-caret-right\" style=\"color:#113116\"><\/i> Universell einsetzbares Messer f\u00fcr alle Aufgaben in der K\u00fcche<\/li>\n<li><i class=\"sui sui-caret-right\" style=\"color:#113116\"><\/i> Das Huusk liegt sehr gut in der Hand \u2013 Sehr gute Kontrolle beim Schneiden von Lebensmitteln<\/li>\n<li><i class=\"sui sui-caret-right\" style=\"color:#113116\"><\/i> Sehr gute Qualit\u00e4t.\u00a0 Verwendung erstklassiger Materialien<\/li>\n<li><i class=\"sui sui-caret-right\" style=\"color:#113116\"><\/i> In Handarbeit gefertigt, mit strenger Qualit\u00e4tskontrolle<\/li>\n<li><i class=\"sui sui-caret-right\" style=\"color:#113116\"><\/i> Sehr positive Bewertungen in Kochforen und von K\u00f6chen auf Instagram und Youtube<\/li>\n<\/ul>\n<\/div>\n<h2>Bewertung<\/h2>\n<p style=\"text-align: center;\"><big><strong>\u2b50\u2b50\u2b50\u2b50\u2b50\u00a0 (4,9 von 5 Sternen &#8211; <span style=\"color: #008000;\">EXZELLENT<\/span><\/strong><\/big>)<\/p>\n<h2>Huusk Messer kaufen<\/h2>\n<div class=\"su-button-center\"><a href=\"https:\/\/www.eco-innovation.eu\/go\/huusk-de\" class=\"su-button su-button-style-soft\" style=\"color:#FFFFFF;background-color:#fb5a00;border-color:#c94800;border-radius:9px;-moz-border-radius:9px;-webkit-border-radius:9px\" target=\"_blank\" rel=\"nofollow\"><span style=\"color:#FFFFFF;padding:8px 24px;font-size:18px;line-height:27px;border-color:#fd8c4d;border-radius:9px;-moz-border-radius:9px;-webkit-border-radius:9px;text-shadow:none;-moz-text-shadow:none;-webkit-text-shadow:none\"><i class=\"sui sui-check-circle\" style=\"font-size:18px;color:#FFFFFF\"><\/i> HUUSK Messer direkt beim Hersteller bestellen (Preis Reduktion)<\/span><\/a><\/div>\n<\/div><\/div>\n<p>&nbsp;<\/p>\n\n<h2>Huusk K\u00fcchenmesser Testbericht und Erfahrungen<\/h2>\n<p>Das Premium-Material liegt angenehm in der Hand, l\u00e4sst sich sicher greifen und bietet einen perfekten Halt. <a href=\"https:\/\/huuskmesser.kaufen\/\" target=\"_blank\" rel=\"noopener\">Das Original Huusk Japan Messer<\/a> hat eine schwarz geh\u00e4mmerte Klinge mit einer silbernen Schnittfl\u00e4che. Die Klinge des Messers endet in einer Spitze. Die Marke Huusk stellt ihre Messer mithilfe von Techniken her, die von jahrhundertealten japanischen Schmiedek\u00fcnsten inspiriert wurden.<\/p>\n<h3>Herstellung des Original Huusk Japan Messers<\/h3>\n<p>Der Fertigungsprozess umfasst 138 Schritte und beinhaltet sorgf\u00e4ltig ausgef\u00fchrte Herstellungsschritte als auch ausgiebige Material- und Produkttests. Die Marke Huusk steht f\u00fcr qualitativ hochwertige Waren und setzt auf altbew\u00e4hrte Techniken, kombiniert mit neuesten Fertigungsans\u00e4tzen. Das Messer symbolisiert Leidenschaft f\u00fcr die Kochkunst und wurde zu diesem Zweck entworfen. Das Produkt soll den Markt als spezialisiertes K\u00fcchenmesser mit einer au\u00dfergew\u00f6hnlichen Klinge revolutionieren.<\/p>\n<p><img loading=\"lazy\" decoding=\"async\" class=\"aligncenter size-full wp-image-1320\" src=\"https:\/\/www.eco-innovation.eu\/wp-content\/uploads\/2022\/10\/huusk.jpg\" alt=\"Huusk\" width=\"600\" height=\"423\" srcset=\"https:\/\/www.eco-innovation.eu\/wp-content\/uploads\/2022\/10\/huusk.jpg 600w, https:\/\/www.eco-innovation.eu\/wp-content\/uploads\/2022\/10\/huusk-300x212.jpg 300w\" sizes=\"auto, (max-width: 600px) 100vw, 600px\" \/><\/p>\n<h3>Gewicht und Ma\u00dfe<\/h3>\n<p>Das Messer wiegt etwa 252 Gramm und hat eine L\u00e4nge von ungef\u00e4hr 28 Zentimetern. Die Klingenl\u00e4nge betr\u00e4gt 15,5 Zentimeter und besitzt eine maximale Dicke von 5 Millimetern am Klingenr\u00fccken. Die Griffst\u00e4rke liegt bei 27 Millimetern und der Griff wird aus hochwertigem Eichenholz genietet. Der Griff des Huusk Messers ist konisch geformt und liegt ausgezeichnet in der Hand. Die H\u00e4rte der Klinge betr\u00e4gt 58 bis 60 HRC (Rockwellh\u00e4rte).<\/p>\n<h3>Sch\u00e4rfe und Material<\/h3>\n<p>Ein durchschnittliches K\u00fcchenmesser hat einen Wert von 53 bis 57 HRC. Ab dem Wert von 60 HRC handelt es sich um eine gehobene Kategorie des Klingenstahls. Die Klinge verspricht dadurch eine besonders harte Schneide und lange Schnitthaltigkeit.<\/p>\n<h3>Huusk Messer Sch\u00e4rfen<\/h3>\n<p>Ein Messer dieser Rockwellh\u00e4rte l\u00e4sst sich mit einem Schleifstein mit Diamantk\u00f6rnung sch\u00e4rfen. Aufgrund der vorteilhaften Eigenschaften des Messers muss dieses nur selten geschliffen und gesch\u00e4rft werden. Das Klingenmaterial besteht aus stark geschliffenem 5Cr15 Stahl, der sich hervorragend zur K\u00fcchenmesserherstellung eignet.<\/p>\n<h3>Santoku Klinge<\/h3>\n<p>Die Form der Klinge bei Allzweckk\u00fcchenmessern in Japan wird als Santoku, Messer der drei Tugenden, bezeichnet. Die drei Tugenden sind die Lebensmittelkategorien Fleisch, Fisch und Gem\u00fcse. Als Spezialdisziplin dieser Art des K\u00fcchenmessers gilt das schnelle Schneiden von feinsten Streifen. Der Stahl der Klinge wird mehrfach gefaltet, um eine besondere H\u00e4rte, Robustheit und Bruchsicherheit zu schaffen. Bei dem Material von Santokumessern handelt es sich meist um Damaszener Stahl, der f\u00fcr seine Flexibilit\u00e4t und Schnitthaltigkeit bekannt ist.<\/p>\n<h2>Huusk Japan K\u00fcchenmesser Test und Erfahrungen<\/h2>\n<p>Das K\u00fcchenmesser ist in vielerlei Hinsicht ein absolutes Unikat. Es zeichnet sich durch seine einzigartige Balance und Kontrolle aus. Die Klinge besitzt am \u00dcbergang zum Griff ein pr\u00e4zisionsgeschnittenes Loch, das mit einem Laser erzeugt wird. Dieses ist f\u00fcr den Zeigefinger gedacht und erm\u00f6glicht eine besonders gute Kontrolle. Weiterhin ist die Klinge besonders scharf und dadurch vielseitig in K\u00fcchen einsetzbar.<\/p>\n<p>Herk\u00f6mmliche K\u00fcchenmesser sind zwar teilweise scharf, daf\u00fcr aber anf\u00e4lliger f\u00fcr Rost oder Absplitterungen und leichter zerbrechlich. Die Marke Huusk hat es geschafft, Sch\u00e4rfe und Robustheit in einem Messer zu kombinieren. Ein originales Santoku sollte diese Werte einschlie\u00dflich des Komforts verbinden und f\u00fcr optimale Schnittergebnisse bei der Benutzung in der K\u00fcche sorgen. Eine ausgepr\u00e4gte Kurvenform der Klinge und der Griff aus Eichenholz inklusive einer Aufh\u00e4ngeschlaufe f\u00fcr das Messer sind besonders auffallend.<\/p>\n<p>Der Griff ist offenporig ge\u00f6lt, was dem Eichenholz einen ansehnlichen Farbton verleiht. Der Klingenr\u00fccken und der Kropf sind vergleichsweise breit und gut verarbeitet. Die Finger haben eine optimale Auflagefl\u00e4che und das Messer liegt dadurch hervorragend in der Hand. Weiterhin hat das Messer hat eine sch\u00f6ne Optik und macht einen robusten sowie makellosen Eindruck. Das Produkt ist f\u00fcr seine Qualit\u00e4t bekannt und in Deutschland zu einem erschwinglichen Preis erh\u00e4ltlich, vor allem wenn das Messer im Set gekauft wird.<\/p>\n<h2>Wof\u00fcr l\u00e4sst es sich einsetzen?<\/h2>\n<div class=\"su-list\" style=\"margin-left:0px\">\n<ul>\n<li><i class=\"sui sui-caret-right\" style=\"color:#113116\"><\/i> Das K\u00fcchenmesser ist grunds\u00e4tzlich f\u00fcr den <strong>Gebrauch in der K\u00fcche<\/strong> gedacht und gilt als ein Vertreter des traditionellen Santoku. Es ist vorwiegend bei Hobbyk\u00f6chen und Fans der japanischen K\u00fcche beliebt. Die Klinge zerkleinert zuverl\u00e4ssig und ohne Schwierigkeiten Lebensmittel jeglicher Art.<\/li>\n<li><i class=\"sui sui-caret-right\" style=\"color:#113116\"><\/i> Das Messer eignet sich durch seine schwere und scharfe Klinge perfekt f\u00fcr das <strong>Zerkleinern von Kr\u00e4utern<\/strong>. Zwiebeln lassen sich ebenfalls schnell und effektiv klein schneiden. Ganz gleich, ob Sie Tomaten, Paprika oder Karotten zerkleinern m\u00f6chten, das Messer ist aufgrund seiner Sch\u00e4rfe in der Lage hauchfeine Streifen zu schneiden.<\/li>\n<li><i class=\"sui sui-caret-right\" style=\"color:#113116\"><\/i> Das Huusk Messer ist ein absoluter <strong>Allesk\u00f6nner<\/strong> unter den verschiedenen Messertypen. Es kann in der K\u00fcche, im Garten oder auch in der freien Natur zum Schneiden von Obst oder Gem\u00fcse verwendet werden. Fisch- und Fleischprodukte k\u00f6nnen problemlos mit dem Messer zerteilt werden.<\/li>\n<li><i class=\"sui sui-caret-right\" style=\"color:#113116\"><\/i> Es kann ebenso als <strong>Steakmesser<\/strong> genutzt werden und macht direkt am Tisch einen guten Eindruck. F\u00fcr Steak-Liebhaber ist das Produkt ein hilfreiches und praktisches Werkzeug in der K\u00fcche. Durch die Klingendicke und seine Stabilit\u00e4t ist das Huusk Messer optimal f\u00fcr das Ausbeinen geeignet.<\/li>\n<li><i class=\"sui sui-caret-right\" style=\"color:#113116\"><\/i> Im <strong>Outdoor-Bereich<\/strong> kann das Messer in der Natur oder auch im Wald flexibel eingesetzt werden. Vor allem beim Campen ist es ein wertvolles und beliebtes Werkzeug. Die Robustheit der Klinge macht das Messer praktikabel im Outdoor-Bereich und ist vielseitig einsetzbar. Seine auff\u00e4llige Optik ist beim Herausholen ein h\u00e4ufiges Gespr\u00e4chsthema unter Freunden.<\/li>\n<\/ul>\n<\/div>\n<h2>Stiftung Warentest<\/h2>\n<p>Der letzte Messer Testbericht der Stiftung Warentest liegt schon lange zur\u00fcck, deshalb hat die Stiftung Warentest das Huusk K\u00fcchenmesser bisher nicht getestet.<\/p>\n<h2>Huusk Erfahrungsberichte und Bewertungen von Kunden im Forum<\/h2>\n<div class=\"su-list\" style=\"margin-left:0px\">\n<ul>\n<li><i class=\"sui sui-user\" style=\"color:#113116\"><\/i> Kunden berichten von <strong>positiven Erfahrungen<\/strong> mit dem Produkt. Das Messer ist am Anfang sehr scharf und l\u00e4sst sich bei Bedarf einfach nachschleifen. Die Qualit\u00e4t und die Verarbeitung sind einwandfrei. Das rustikale Messer \u00fcberzeugt im Hinblick auf sein Preis-Leistungs-Verh\u00e4ltnis. Die Preise f\u00fcr das Produkt im 2er-, 3er- oder 4er-Set sind verlockend und f\u00fcr die gebotene Qualit\u00e4t hervorragend. Die Optik \u00fcberzeugt mit einem originellen und typischen Aussehen eines handgeschmiedeten japanischen K\u00fcchenmessers.<\/li>\n<li><i class=\"sui sui-user\" style=\"color:#113116\"><\/i> Weiterhin wird die <strong>Ergonomie<\/strong> des Griffes vielfach gelobt, ebenso wie gut das Messer ausbalanciert ist. Der Griff ist sehr glatt und f\u00fchlt sich angenehm in der Hand an. Ein Tipp f\u00fcr eine dauerhaft sch\u00f6ne Optik des Holzgriffes ist, diesen regelm\u00e4\u00dfig mit geeignetem \u00d6l einzureiben. Weiterhin sollte das Messer trotz seiner Robustheit pfleglich behandelt werden, um das Messer scharf zu halten.<\/li>\n<li><i class=\"sui sui-user\" style=\"color:#113116\"><\/i> Das <strong>Gewicht des Messers<\/strong> f\u00fchlt sich gut in der Hand an und tr\u00e4gt zu einem einfachen Umgang sowie einer ausgezeichneten Kontrolle beim Schneiden bei. Die scharfe Schneide des Huusk Produktes meistert alle Aufgaben in der K\u00fcche und bleibt lange scharf. F\u00fcr viele Kunden ist es das Messer der Wahl f\u00fcr alle K\u00fcchenschnitte.<\/li>\n<li><i class=\"sui sui-user\" style=\"color:#113116\"><\/i> Neben der <strong>hohen Qualit\u00e4t<\/strong> sind die Verbraucher von dem Gesamtpaket des Produktes vollkommen \u00fcberzeugt. Die klassische japanische K\u00fcchenmesser-Optik macht das Produkt einzigartig. Das Huusk Messer ist langlebig und beeindruckend verarbeitet.<\/li>\n<li><i class=\"sui sui-user\" style=\"color:#113116\"><\/i> Das Produkt ist <strong>zuverl\u00e4ssig und vielseitig in der K\u00fcche einsetzbar<\/strong>. Es eignet sich perfekt f\u00fcr das Hacken von Gem\u00fcse und Kr\u00e4utern. Das Messer ist zudem ein perfektes Geschenk zu besonderen Anl\u00e4ssen f\u00fcr Freunde. Vor allem f\u00fcr Angler, J\u00e4ger oder Hobbyk\u00f6che es sich als ideales Geschenk oder Mitbringsel an. Der Versand des Messers der Firma Huusk ist schnell und zuverl\u00e4ssig. Insgesamt wird das K\u00fcchenmesser von sehr vielen Kunden weiterempfohlen.<\/li>\n<\/ul>\n<\/div>\n<h2>Original Huusk Messer zum g\u00fcnstigsten Preis kaufen<\/h2>\n<div class=\"su-button-center\"><a href=\"https:\/\/www.eco-innovation.eu\/go\/huusk-de\" class=\"su-button su-button-style-soft\" style=\"color:#FFFFFF;background-color:#fb5a00;border-color:#c94800;border-radius:9px;-moz-border-radius:9px;-webkit-border-radius:9px\" target=\"_blank\" rel=\"nofollow\"><span style=\"color:#FFFFFF;padding:8px 24px;font-size:18px;line-height:27px;border-color:#fd8c4d;border-radius:9px;-moz-border-radius:9px;-webkit-border-radius:9px;text-shadow:none;-moz-text-shadow:none;-webkit-text-shadow:none\"><i class=\"sui sui-check-circle\" style=\"font-size:18px;color:#FFFFFF\"><\/i> HUUSK Messer direkt beim Hersteller bestellen (Preis Reduktion)<\/span><\/a><\/div>\n","protected":false},"excerpt":{"rendered":"<p>Das Huusk K\u00fcchenmesser ist ein vielseitig einsetzbares Messer aus Japan. Die Klinge wird aus hochwertigem Edelstahl hergestellt und garantiert eine lange Lebensdauer. Der Stahl ist rostfrei. Zudem verf\u00fcgt das Qualit\u00e4tsmesser \u00fcber einen sehr handlichen, leicht gew\u00f6lbten Eichenholzgriff. Es handelt sich dabei um Hartholz in einem dunklen Braunton. &nbsp; Huusk K\u00fcchenmesser Testbericht und Erfahrungen Das Premium-Material &#8230; <a title=\"Original Huusk K\u00fcchenmesser kaufen &#8211; Stiftung Watentest, Erfahrungen, Preis &#038; Bewertung\" class=\"read-more\" href=\"https:\/\/www.eco-innovation.eu\/de\/huusk-messer\/\" aria-label=\"Mehr zu Original Huusk K\u00fcchenmesser kaufen &#8211; Stiftung Watentest, Erfahrungen, Preis &#038; Bewertung\">Weiterlesen &#8230;<\/a><\/p>\n","protected":false},"author":1,"featured_media":1382,"parent":0,"menu_order":0,"comment_status":"closed","ping_status":"closed","template":"","meta":{"footnotes":""},"class_list":["post-1317","page","type-page","status-publish","has-post-thumbnail"],"_links":{"self":[{"href":"https:\/\/www.eco-innovation.eu\/de\/wp-json\/wp\/v2\/pages\/1317","targetHints":{"allow":["GET"]}}],"collection":[{"href":"https:\/\/www.eco-innovation.eu\/de\/wp-json\/wp\/v2\/pages"}],"about":[{"href":"https:\/\/www.eco-innovation.eu\/de\/wp-json\/wp\/v2\/types\/page"}],"author":[{"embeddable":true,"href":"https:\/\/www.eco-innovation.eu\/de\/wp-json\/wp\/v2\/users\/1"}],"replies":[{"embeddable":true,"href":"https:\/\/www.eco-innovation.eu\/de\/wp-json\/wp\/v2\/comments?post=1317"}],"version-history":[{"count":10,"href":"https:\/\/www.eco-innovation.eu\/de\/wp-json\/wp\/v2\/pages\/1317\/revisions"}],"predecessor-version":[{"id":2189,"href":"https:\/\/www.eco-innovation.eu\/de\/wp-json\/wp\/v2\/pages\/1317\/revisions\/2189"}],"wp:featuredmedia":[{"embeddable":true,"href":"https:\/\/www.eco-innovation.eu\/de\/wp-json\/wp\/v2\/media\/1382"}],"wp:attachment":[{"href":"https:\/\/www.eco-innovation.eu\/de\/wp-json\/wp\/v2\/media?parent=1317"}],"curies":[{"name":"wp","href":"https:\/\/api.w.org\/{rel}","templated":true}]}}