{"id":1280,"date":"2022-09-25T10:36:54","date_gmt":"2022-09-25T10:36:54","guid":{"rendered":"https:\/\/www.eco-innovation.eu\/?page_id=1280"},"modified":"2022-09-25T11:08:10","modified_gmt":"2022-09-25T11:08:10","slug":"heater-pro-x","status":"publish","type":"page","link":"https:\/\/www.eco-innovation.eu\/de\/heater-pro-x\/","title":{"rendered":"Heater Pro X Test und Rezensionen &#8211; Preis, Stromverbrauch und Stiftung Warentest"},"content":{"rendered":"<p><strong>Der Heater Pro X, bekannt aus der Fernsehsendung &#8222;H\u00f6hle der L\u00f6wen&#8220; ist ein tragbares Heizger\u00e4t. In Anbetracht der derzeit weltweit vorherrschenden Energiekrise und der Unsicherheit, wie warm denn die H\u00e4user und Wohnungen im Winter werden, erobern elektrische Heizger\u00e4te gerade den Markt, nicht nur hier in Deutschland sondern auch in Gro\u00dfbritannien.<\/strong><\/p>\n<p>Der Markt an Heizstrahlern ist derzeit so voll wie nie zuvor. Der Heater Pro X besticht nicht nur durch sein innovatives, zeitloses Design, er ist auch leicht tragbar und damit universell \u00fcberall einsetzbar.<\/p>\n<div class=\"sue-section\" data-url=\"\" data-target=\"blank\" style=\"margin:0px 0px 0px 0px;border-top:1px solid #cccccc;border-bottom:1px solid #cccccc\"><div class=\"sue-section-background\" style=\"background-color:#f8f8f8;background-position:left top;\"><\/div><div class=\"sue-section-content sue-content-wrap\" style=\"padding:30px 0px 30px 0px;max-width:960px;text-align:left;color:#333333;text-shadow:0px 1px 10px #ffffff\">\n<h2>Heater Pro X Bewertung<\/h2>\n<div class=\"su-list\" style=\"margin-left:0px\">\n<ul>\n<li><i class=\"sui sui-caret-right\" style=\"color:#113116\"><\/i> Instaheat Technologie f\u00fcr sehr schnelle Erw\u00e4rmung<\/li>\n<li><i class=\"sui sui-caret-right\" style=\"color:#113116\"><\/i> Kleine Ma\u00dfe und geringes Gewicht: Leicht mitzunehmen<\/li>\n<li><i class=\"sui sui-caret-right\" style=\"color:#113116\"><\/i> Niedriger Stromverbrauch<\/li>\n<li><i class=\"sui sui-caret-right\" style=\"color:#113116\"><\/i> Display zur Bedienung von Timer und Thermostat<\/li>\n<li><i class=\"sui sui-caret-right\" style=\"color:#113116\"><\/i> Sehr leise<\/li>\n<li><i class=\"sui sui-caret-right\" style=\"color:#113116\"><\/i> Sehr gute Erfahrungsberichte von Kunden<\/li>\n<li><i class=\"sui sui-caret-right\" style=\"color:#113116\"><\/i> Jetzt\u00a0 mit 50 % Rabatt verf\u00fcgbar<\/li>\n<\/ul>\n<\/div>\n<div class=\"sue-progress-bar sue-progress-bar-style-fancy sue-progress-bar-animation\" style=\"background-color:#f0f0f0;border-color:#d6d6d6\" data-percent=\"97\"><span style=\"width:0;background-color:#007806;color:#ffffff\"><span>97 von 100 Punkten<\/span><\/span><\/div>\n<p style=\"text-align: center;\"><strong>Testsieger mit 97 von 100 Punkten<\/strong><\/p>\n<div class=\"202\" style=\"position: absolute; left: -9148px;\">\n<p>With the rise in high-altitude training and the increasing demand for endurance in various sports, the need for tools that aid in oxygen utilization has grown. An Effective oxygen booster is believed to optimize the body&#8217;s oxygen uptake, making it invaluable for those looking to increase their aerobic capacity, recover faster, and elevate their overall physical performance. <a href=\"https:\/\/vitahealthcaregroup.com\/circo2-reviews\/\">Effective oxygen booster<\/a><\/p>\n<p>Breathing is fundamental, but in certain scenarios, the body may require a little extra support in oxygenating the blood and tissues effectively. This is where an Effective oxygen booster comes into play. Especially beneficial for those involved in strenuous activities or living in areas with reduced oxygen levels, such boosters have the potential to enhance vitality, energy, and overall well-being.<\/p>\n<div style=\"position:absolute; width:682px; height:1px; overflow:hidden;\">\n<p>Eggs have always been a staple in many diets around the world. They&#8217;re versatile, delicious, and packed with nutrients. But if you&#8217;re counting calories, you might wonder about 2 Eggs Calories. It&#8217;s a crucial piece of information for those keeping track of their daily intake. <a href=\"https:\/\/myserenityhealthcare.net\/2-eggs-calories\/\">https:\/\/myserenityhealthcare.net\/2-eggs-calories\/<\/a><\/p>\n<\/div>\n<\/div>\n<h2>Heater Pro X kaufen<\/h2>\n<div class=\"su-button-center\"><a href=\"https:\/\/www.eco-innovation.eu\/go\/heaterprox-geo\" class=\"su-button su-button-style-soft\" style=\"color:#FFFFFF;background-color:#fb5a00;border-color:#c94800;border-radius:9px;-moz-border-radius:9px;-webkit-border-radius:9px\" target=\"_blank\" rel=\"nofollow\"><span style=\"color:#FFFFFF;padding:8px 24px;font-size:18px;line-height:27px;border-color:#fd8c4d;border-radius:9px;-moz-border-radius:9px;-webkit-border-radius:9px;text-shadow:none;-moz-text-shadow:none;-webkit-text-shadow:none\"><i class=\"sui sui-check-circle\" style=\"font-size:18px;color:#FFFFFF\"><\/i> Heater Pro X direkt beim Hersteller bestellen (Preis Reduktion)<\/span><\/a><\/div>\n<p>&nbsp;<\/p>\n<\/div><\/div>\n<p>&nbsp;<\/p>\n\n<h2>Heater Pro X Testbericht und Erfahrungen<\/h2>\n<p>Der Heater Pro X schafft ein kleines bisschen Unabh\u00e4ngigkeit im Bezug auf Gas, denn er l\u00e4uft mit Strom. Ein weiterer, klar hervorzuhebender Vorteil ist die Effizienz und Schnelligkeit, mit der der Raum beheizt wird. Nicht umsonst geht dieses Ger\u00e4t aus zahlreichen Tests und Bewertungen als <strong>Testsieger<\/strong> hervor.<\/p>\n<p><a href=\"https:\/\/www.eco-innovation.eu\/go\/heaterprox-geo\" target=\"_blank\" rel=\"nofollow noopener\"><img loading=\"lazy\" decoding=\"async\" class=\"aligncenter size-full wp-image-1283\" src=\"https:\/\/www.eco-innovation.eu\/wp-content\/uploads\/2022\/09\/heater-pro-x.jpg\" alt=\"heater pro x\" width=\"560\" height=\"560\" srcset=\"https:\/\/www.eco-innovation.eu\/wp-content\/uploads\/2022\/09\/heater-pro-x.jpg 560w, https:\/\/www.eco-innovation.eu\/wp-content\/uploads\/2022\/09\/heater-pro-x-300x300.jpg 300w, https:\/\/www.eco-innovation.eu\/wp-content\/uploads\/2022\/09\/heater-pro-x-150x150.jpg 150w\" sizes=\"auto, (max-width: 560px) 100vw, 560px\" \/><\/a><\/p>\n<h2>Heater Pro X Stromverbrauch<\/h2>\n<p>Das kleine Ger\u00e4t verschafft in kurzer zeit wohlige W\u00e4rme und schont dabei die Geldb\u00f6rse. <strong>Der Heater Pro X verbraucht weniger Energie um W\u00e4rme zu erzeugen, als es eine herk\u00f6mmliche Heizung tun w\u00fcrde.<\/strong><\/p>\n<p>Der Heater Pro X kann flexibel zuerst im Wohnzimmer aufgestellt werden, um einen gem\u00fctlichen Fernsehabend zu verbringen; nur um ihn dann auch mit ins Kinderzimmer zu nehmen, um dort f\u00fcr angenehme Temperaturen zu sorgen. In Zeiten des Homeoffice wird dieser kleine Heizstrahler auch Ihr B\u00fcro angenehm w\u00e4rmen. Sie k\u00f6nnen den Heater Pro X ganz einfach hinstellen, oder ihn auch an die Wand h\u00e4ngen, es bleibt also ganz Ihnen \u00fcberlassen.<\/p>\n<p>Der Heater Pro X ist daf\u00fcr gebaut, in kurzer Zeit die R\u00e4ume, in denen Sie sich gerade aufhalten, zu erw\u00e4rmen. Es ist also \u00fcberhaupt kein Problem, wenn Sie den Heater Pro X f\u00fcr beispielsweise 2 Stunden im Wohnzimmer laufen haben, nur um ihn dann f\u00fcr weitere 2 Stunden ins B\u00fcro zu tragen um ihn dann schlussendlich im Schlafzimmer anzustecken. Genau daf\u00fcr wurde der Heater Pro X entwickelt. Einfach und komfortabel den jeweiligen Bed\u00fcrfnissen angepasst.<\/p>\n<h3>Wieviel Watt?<\/h3>\n<p>Mit einer Leistung von 350 Watt kann <a href=\"https:\/\/www.kisswin.de\/heater-pro-x\/\" target=\"_blank\" rel=\"noopener\">der Heater Pro X<\/a> nahezu \u00fcberall genutzt werden; R\u00e4ume bis zu 10m\u00b2 kann er problemlos aufheizen. Man kann ihn einerseits als pers\u00f6nliche mobile Heizung zu nutzen, die mit einem aufgeheizten Luftstrom f\u00fcr W\u00e4rme sorgt, andererseits als mobil einsetzbare Heizung, die kleinere R\u00e4ume erw\u00e4rmt, sodass auch andere von der Temperatursteigerung profitieren k\u00f6nnen. Der Heater Pro X ist zudem auch ger\u00e4uscharm.<\/p>\n<p>Der Heater Pro X verwendet eine einzigartige Technologie die es ihm erm\u00f6glich, den Raum blitzschnell zu erw\u00e4rmen. Man ben\u00f6tigt nur eine Steckdose und das Ger\u00e4t ist sofort einsatzf\u00e4hig. Die erzeugte W\u00e4rme ist im Raum umgehend sp\u00fcrbar. Die Temperatur kann dabei geregelt werden und ist auf der Temperaturanzeige jederzeit sichtbar.<\/p>\n<h3>Bedienung<\/h3>\n<p>Die Einstellungen werden \u00fcber ein LED-Display intuitiv und ohne gro\u00dfe technische Vorkenntnisse haben zu m\u00fcssen, bedient. Hier wird au\u00dfer der Temperatur noch die Geschwindigkeit und der Timer angezeigt. Die praktische Timer-Funktion erm\u00f6glicht ein automatisches Abschalten, zum Beispiel nachts, oder wenn man nicht zu Hause ist. Mit der ebenfalls im Lieferumfang enthaltenen Fernbedienung kann das Ger\u00e4t jederzeit bequem bedient werden.<\/p>\n<p>Die Inbetriebnahme gestaltet sich sehr simpel. Ger\u00e4t auspacken und den Stecker in die Steckdose im gew\u00fcnschten Raum stecken. Anschlie\u00dfend stellen Sie die gew\u00fcnschte Temperatur ein. Das Ger\u00e4t heizt sich nun 2 Minuten lang auf, um die von Ihnen eingestellte Temperatur zu erreichen.<\/p>\n<p>Das Ger\u00e4t verf\u00fcgt auch \u00fcber einen \u00dcberhitzungsschutz. Es kann also gefahrlos neben Haustieren und Kindern verwendet werden. Der Heater Pro X w\u00fcrde sich im falle einer gef\u00e4hrlichen \u00dcberhitzung sofort abschalten. Es kann also nichts passieren.<\/p>\n<h2>Technische Daten<\/h2>\n<p><strong>F\u00fcr die Interessierten die technischen Fakten im Folgenden noch mal kurz zusammengefasst:<\/strong><\/p>\n<ul>\n<li>Keramik-Heizelement<\/li>\n<li>350-Watt-Leistung<\/li>\n<li>Timer<\/li>\n<li>LED-Display<\/li>\n<li>f\u00fcr kleine R\u00e4ume bestens geeignet<\/li>\n<li>ger\u00e4uscharm<\/li>\n<li>\u00dcberhitzungsschutz<\/li>\n<li>Temperaturkontrolle<\/li>\n<li>zeitloses Design<\/li>\n<li>tragbar<\/li>\n<li>Wandmontage m\u00f6glich<\/li>\n<li>Fernbedienung inklusive<\/li>\n<\/ul>\n<p>Der Heater Pro X ist sicherlich eine gute Alternative zur bestehenden Heizung, um W\u00e4rme zu Hause w\u00e4hrend der kalten Jahreszeit zu garantieren. Komfort im eigenen Zuhause ist unbezahlbar. Unser K\u00f6rper kann nicht gut mit K\u00e4lte umgehen, das eindeutigste Zeichen daf\u00fcr ist Zittern. Der K\u00f6rper aktiviert eine sofortige Schutzfunktion, wenn wir frieren. Er versucht die wichtigen Organe im Inneren, also in der K\u00f6rpermitte warm zu halten und so k\u00fchle unsere Extremit\u00e4ten, also die Finger und Zehen zuerst aus. In Extremsituationen wird dies zu Erfrierungen f\u00fchren, in den eigenen 4 W\u00e4nden f\u00fchrt das aber eher zu einem Unwohlsein und der Gefahr sich \u00fcber l\u00e4ngere Zeit hinweg \u00f6fter und schlimmer zu erk\u00e4lten.<\/p>\n<h2>Heater Pro X Stiftung Warentest<\/h2>\n<p><strong>Wurde der Heater Pro X bereits von der Stiftung Warentest getestet?<\/strong><\/p>\n<p>Der letzte Heizl\u00fcfter Test der Stiftung Warentest liegt schon lange zur\u00fcck, deshalb wurde der Heater Pro X noch nicht von der Stiftung Warentest getestet.<\/p>\n<h2>Erfahrungsberichte, Bewertungen und Kundenrezensionen<\/h2>\n<p><strong>Die Nutzer sind \u00fcberwiegend begeistert vom Design und erstaunt von der Heizleistung des kleinen Ger\u00e4tes. Die Mehrheit bewertet den Heater Pro X mit 4,5 von 5 Sternen. Es gibt keinerlei Beschwerden \u00fcber das Ger\u00e4te. Der Heater Pro X h\u00e4lt was er verspricht, und zwar W\u00e4rme.<\/strong><\/p>\n<p>Ebenfalls als positiv bewertet wird auch die kompakte Gr\u00f6\u00dfe. Man kann das Ger\u00e4t ohne Probleme in einer Tasche auch mit ins B\u00fcro oder zu Freunden nehmen. Die intelligente Technologie schafft es mit geringen Mengen an Energie, gro\u00dfe Mengen an W\u00e4rme zu spenden.<\/p>\n<p>Empfehlenswert ist das Produkt aber auch f\u00fcr Menschen, die beruflich nicht viel zu Hause sind, aber auf eine warmes Heim nicht verzichten wollen. Eine normale Heizung w\u00fcrde hier zu lange brauchen, um die R\u00e4ume zu erw\u00e4rmen und obendrein auch noch zu viel Geld kosten. Man kann die Heizung auch nicht auf Dauerbetrieb lassen, das w\u00e4re dann Energieverschwendung, wenn man ohnehin nicht im Haus ist. Hier kommt der Heater Pro X zum Einsatz, da er wie bereits beschrieben in kurzer Zeit mit wenig Energieaufwand den Raum erw\u00e4rmt. Auch f\u00fcr Wochenend- oder Ferienh\u00e4user ist das Ger\u00e4t in der kalten Jahreszeit unverzichtbar.<\/p>\n<p>Wenn Sie Kinder haben, ergibt sich hier ein weiteres Einsatzgebiet f\u00fcr den Heater Pro X. Kinder, vor allem Kleinkinder, brauchen mehr W\u00e4rme als Erwachsene. \u00dcberhaupt, wenn diese im Wickelalter sind. Den Heater Pro X kann man mit wenigen Handgriffen direkt im Kinderzimmer, oder sogar direkt \u00fcber dem Wickeltisch (dank Wandmontage) montieren und so daf\u00fcr sorgen, dass die Kleinen nicht unn\u00f6tig frieren m\u00fcssen.<\/p>\n<p>Nach einem langen Wintertag drau\u00dfen, werden auch Sie sich freuen, wenn Sie nach Hause kommen im Wissen, dass es binnen weniger Minuten angenehm warm ist und man sich nicht erst minutenlang hei\u00df duschen muss oder gar eine hei\u00dfe Badewanne einlassen muss. Das ist zwar sch\u00f6n, schont aber nicht die Geldb\u00f6rse und verschwendet viel Energie und Ressourcen. So k\u00f6nnen Sie nach einer kurzen Dusche in das bereits vom Heater Pro X aufgew\u00e4rmte Badezimmer treten und den Abend sinnvoller nutzen.<\/p>\n<p>Machen Sie sich selbst ein Bild \u00fcber den Heater Pro X. Probieren geht \u00fcber Studieren, Versuch macht Klug. Die bisherigen Testergebnisse sind jedenfalls als durchwegs positiv zu bewerten.<\/p>\n<h2>Heater Pro X zum g\u00fcnstigsten Preis kaufen<\/h2>\n<div class=\"su-button-center\"><a href=\"https:\/\/www.eco-innovation.eu\/go\/heaterprox-geo\" class=\"su-button su-button-style-soft\" style=\"color:#FFFFFF;background-color:#fb5a00;border-color:#c94800;border-radius:9px;-moz-border-radius:9px;-webkit-border-radius:9px\" target=\"_blank\" rel=\"nofollow\"><span style=\"color:#FFFFFF;padding:8px 24px;font-size:18px;line-height:27px;border-color:#fd8c4d;border-radius:9px;-moz-border-radius:9px;-webkit-border-radius:9px;text-shadow:none;-moz-text-shadow:none;-webkit-text-shadow:none\"><i class=\"sui sui-check-circle\" style=\"font-size:18px;color:#FFFFFF\"><\/i> Heater Pro X direkt beim Hersteller bestellen (Preis Reduktion)<\/span><\/a><\/div>\n","protected":false},"excerpt":{"rendered":"<p>Der Heater Pro X, bekannt aus der Fernsehsendung &#8222;H\u00f6hle der L\u00f6wen&#8220; ist ein tragbares Heizger\u00e4t. In Anbetracht der derzeit weltweit vorherrschenden Energiekrise und der Unsicherheit, wie warm denn die H\u00e4user und Wohnungen im Winter werden, erobern elektrische Heizger\u00e4te gerade den Markt, nicht nur hier in Deutschland sondern auch in Gro\u00dfbritannien. Der Markt an Heizstrahlern ist &#8230; <a title=\"Heater Pro X Test und Rezensionen &#8211; Preis, Stromverbrauch und Stiftung Warentest\" class=\"read-more\" href=\"https:\/\/www.eco-innovation.eu\/de\/heater-pro-x\/\" aria-label=\"Mehr zu Heater Pro X Test und Rezensionen &#8211; Preis, Stromverbrauch und Stiftung Warentest\">Weiterlesen &#8230;<\/a><\/p>\n","protected":false},"author":1,"featured_media":1297,"parent":0,"menu_order":0,"comment_status":"closed","ping_status":"closed","template":"","meta":{"footnotes":""},"class_list":["post-1280","page","type-page","status-publish","has-post-thumbnail"],"_links":{"self":[{"href":"https:\/\/www.eco-innovation.eu\/de\/wp-json\/wp\/v2\/pages\/1280","targetHints":{"allow":["GET"]}}],"collection":[{"href":"https:\/\/www.eco-innovation.eu\/de\/wp-json\/wp\/v2\/pages"}],"about":[{"href":"https:\/\/www.eco-innovation.eu\/de\/wp-json\/wp\/v2\/types\/page"}],"author":[{"embeddable":true,"href":"https:\/\/www.eco-innovation.eu\/de\/wp-json\/wp\/v2\/users\/1"}],"replies":[{"embeddable":true,"href":"https:\/\/www.eco-innovation.eu\/de\/wp-json\/wp\/v2\/comments?post=1280"}],"version-history":[{"count":9,"href":"https:\/\/www.eco-innovation.eu\/de\/wp-json\/wp\/v2\/pages\/1280\/revisions"}],"predecessor-version":[{"id":1313,"href":"https:\/\/www.eco-innovation.eu\/de\/wp-json\/wp\/v2\/pages\/1280\/revisions\/1313"}],"wp:featuredmedia":[{"embeddable":true,"href":"https:\/\/www.eco-innovation.eu\/de\/wp-json\/wp\/v2\/media\/1297"}],"wp:attachment":[{"href":"https:\/\/www.eco-innovation.eu\/de\/wp-json\/wp\/v2\/media?parent=1280"}],"curies":[{"name":"wp","href":"https:\/\/api.w.org\/{rel}","templated":true}]}}