{"id":1005,"date":"2022-08-29T17:27:28","date_gmt":"2022-08-29T17:27:28","guid":{"rendered":"https:\/\/www.eco-innovation.eu\/?page_id=1005"},"modified":"2022-08-29T18:34:03","modified_gmt":"2022-08-29T18:34:03","slug":"diaetostat","status":"publish","type":"page","link":"https:\/\/www.eco-innovation.eu\/de\/diaetostat\/","title":{"rendered":"Diaetostat Erfahrungsberichte Forum, Preis, Test &#038; Bewertung: Seri\u00f6s und sinnvolle Inhaltsstoffe"},"content":{"rendered":"<p><img loading=\"lazy\" decoding=\"async\" class=\"aligncenter size-full wp-image-1007\" src=\"https:\/\/www.eco-innovation.eu\/wp-content\/uploads\/2022\/08\/Diaetostat.jpg\" alt=\"Diaetostat\" width=\"600\" height=\"364\" srcset=\"https:\/\/www.eco-innovation.eu\/wp-content\/uploads\/2022\/08\/Diaetostat.jpg 600w, https:\/\/www.eco-innovation.eu\/wp-content\/uploads\/2022\/08\/Diaetostat-300x182.jpg 300w\" sizes=\"auto, (max-width: 600px) 100vw, 600px\" \/><\/p>\n<p><strong>Der Wunsch nach einer Gewichtsabnahme besteht bei vielen Menschen. Doch eine verbesserte Ern\u00e4hrung in Kombination mit einer gesteigerten Bewegung f\u00fchrt nicht in jedem Fall zu dem gew\u00fcnschten Erfolg. Hierf\u00fcr eignen sich Mittel, die den Wunsch nach Gewichtsreduktion zuverl\u00e4ssig unterst\u00fctzen k\u00f6nnen.<\/strong><\/p>\n<p><strong>Ein sehr beliebtes Produkt hierf\u00fcr sind Diaetostat Kapseln, die den Gewichtsverlust unterst\u00fctzen k\u00f6nnen und so langfristig Erfolge beim Abnehmen sichern k\u00f6nnen.<\/strong><\/p>\n<div class=\"sue-section\" data-url=\"\" data-target=\"blank\" style=\"margin:0px 0px 0px 0px;border-top:1px solid #cccccc;border-bottom:1px solid #cccccc\"><div class=\"sue-section-background\" style=\"background-color:#f8f8f8;background-position:left top;\"><\/div><div class=\"sue-section-content sue-content-wrap\" style=\"padding:30px 0px 30px 0px;max-width:960px;text-align:left;color:#333333;text-shadow:0px 1px 10px #ffffff\">\n<h2>Diaetostat Kapseln Test &#8211; Die Fakten<\/h2>\n<div class=\"su-list\" style=\"margin-left:0px\">\n<ul>\n<li><i class=\"sui sui-caret-right\" style=\"color:#FE9408\"><\/i> <strong>Die m\u00f6glichen Wirkungen der Kapseln<\/strong>\n<ul>\n<li><i class=\"sui sui-caret-right\" style=\"color:#FE9408\"><\/i> Hei\u00dfhunger-Attacken und das Hungergef\u00fchl werden verringert<\/li>\n<li><i class=\"sui sui-caret-right\" style=\"color:#FE9408\"><\/i> Verbrennt Fett und senkt so den K\u00f6rperfettanteil<\/li>\n<li><i class=\"sui sui-caret-right\" style=\"color:#FE9408\"><\/i> Eine Verbesserung der Stimmung ist m\u00f6glich<\/li>\n<li><i class=\"sui sui-caret-right\" style=\"color:#FE9408\"><\/i> Mehr Energie steht im menschlichen K\u00f6rper zur Verf\u00fcgung<\/li>\n<\/ul>\n<\/li>\n<li><i class=\"sui sui-caret-right\" style=\"color:#FE9408\"><\/i> Mit wirksamen nat\u00fcrlichen Pflanzenextrakten<\/li>\n<li><i class=\"sui sui-caret-right\" style=\"color:#FE9408\"><\/i> F\u00fcr M\u00e4nner und Frauen geeignet<\/li>\n<li><i class=\"sui sui-caret-right\" style=\"color:#FE9408\"><\/i> <strong>Jetzt f\u00fcr kurze Zeit mit 50% Rabatt erh\u00e4ltlich<\/strong><\/li>\n<li><i class=\"sui sui-caret-right\" style=\"color:#FE9408\"><\/i> Rezeptfrei in Deutschland, Schweiz und \u00d6sterreich<\/li>\n<li><i class=\"sui sui-caret-right\" style=\"color:#FE9408\"><\/i> <strong>Sehr gute Erfahrungen von Nutzern im Forum<\/strong><\/li>\n<li><i class=\"sui sui-caret-right\" style=\"color:#FE9408\"><\/i> Express Versand<\/li>\n<\/ul>\n<\/div>\n<p>&nbsp;<\/p>\n<h2 style=\"text-align: center;\">Diaetostat Bewertung<\/h2>\n<p style=\"text-align: center;\"><big><strong>Bewertung: \u2b50\u2b50\u2b50\u2b50\u2b50 (<span style=\"color: #008000;\">5 von 5 Sternen<\/span>)<\/strong><\/big><\/p>\n<p>&nbsp;<\/p>\n<h2>Diaetostat kaufen<\/h2>\n<div class=\"su-button-center\"><a href=\"https:\/\/www.eco-innovation.eu\/go\/diaetostat-de\" class=\"su-button su-button-style-3d\" style=\"color:#FFFFFF;background-color:#2D89EF;border-color:#246ec0;border-radius:9px;-moz-border-radius:9px;-webkit-border-radius:9px\" target=\"_blank\" rel=\"nofollow\"><span style=\"color:#FFFFFF;padding:0px 24px;font-size:18px;line-height:36px;border-color:#6cadf4;border-radius:9px;-moz-border-radius:9px;-webkit-border-radius:9px;text-shadow:none;-moz-text-shadow:none;-webkit-text-shadow:none\"> Diaetostat mit 50% Rabatt kaufen<\/span><\/a><\/div>\n<p>&nbsp;<\/p>\n<\/div><\/div>\n<p>&nbsp;<\/p>\n<div class=\"sue-section\" data-url=\"\" data-target=\"blank\" style=\"margin:0px 0px 0px 0px;border-top:1px solid #cccccc;border-bottom:1px solid #cccccc\"><div class=\"sue-section-background\" style=\"background-color:#f8f8f8;background-position:left top;\"><\/div><div class=\"sue-section-content sue-content-wrap\" style=\"padding:30px 0px 30px 0px;max-width:960px;text-align:left;color:#333333;text-shadow:0px 1px 10px #ffffff\">\n<h2>Diaetostat Preis<\/h2>\n<p><strong>Diaetostat Preise und Kosten:<\/strong><\/p>\n<ul>\n<li>1 Packung: 69,90 \u20ac<\/li>\n<li>3 Packungen:\u00a0 109,90 \u20ac<\/li>\n<li>6 Packungen: 159,90 \u20ac (gr\u00f6\u00dfter Rabatt)<\/li>\n<\/ul>\n<div class=\"su-button-center\"><a href=\"https:\/\/www.eco-innovation.eu\/go\/diaetostat-de\" class=\"su-button su-button-style-3d\" style=\"color:#FFFFFF;background-color:#2D89EF;border-color:#246ec0;border-radius:9px;-moz-border-radius:9px;-webkit-border-radius:9px\" target=\"_blank\" rel=\"nofollow\"><span style=\"color:#FFFFFF;padding:0px 24px;font-size:18px;line-height:36px;border-color:#6cadf4;border-radius:9px;-moz-border-radius:9px;-webkit-border-radius:9px;text-shadow:none;-moz-text-shadow:none;-webkit-text-shadow:none\"> Den Rabatt Preis sichern<\/span><\/a><\/div>\n<\/div><\/div>\n<p>&nbsp;<\/p>\n\n<p>&nbsp;<\/p>\n<h2>Diaetostat Testbericht und Erfahrungen aus dem Forum<\/h2>\n<p>Diaetostat Tabletten wurden durch ein kompetentes Team von \u00c4rzten entwickelt, die in Zusammenarbeit mit Wissenschaftlern ein Produkt entwerfen wollten, welches den Wunsch einer Gewichtsreduktion unterst\u00fctzen kann. Nach langj\u00e4hriger Entwicklungszeit sind die Kapseln daf\u00fcr entworfen wurden, bei der Behandlung von \u00dcbergewicht zu unterst\u00fctzen.<\/p>\n<p>Diaetostat Kapseln dm dienen zur Verbesserung der Gewichtskontrolle und k\u00f6nnen die Abnahme von K\u00f6rpergewicht beschleunigen. In Verbindung mit einer gesteigerten Bewegung sowie einer Reduzierten Nahrungsaufnahme sollen sich die ersten Erfolge bereits nach einer vierw\u00f6chigen Einnahmezeit zeigen und so langfristig gesehen einen erh\u00f6hten Gewichtsverlust hervorrufen.<\/p>\n<p>Diaetostat H\u00f6hle der L\u00f6wen dient ebenfalls zu, die Anlagerung von K\u00f6rpergewicht zu reduzieren, sodass dauerhaft weniger Fett angelagert wird. Zudem wird der k\u00f6rpereigenen Grundumsatz erh\u00f6ht, wodurch der Stoffwechsel angeregt wird. Durch diesen Vorgang werden vorwiegend Fette und Kohlenhydrate verbrannt und in Energie umgewandelt. Auch Personen, die oft unter Hei\u00dfhunger leiden k\u00f6nnen durch die Kapseln ein verst\u00e4rktes Wohlbefinden entwickeln. Hei\u00dfhungerattacken sollen zuverl\u00e4ssig gemindert werden.<\/p>\n<h2>Diaetostat Fake oder seri\u00f6s?<\/h2>\n<ul>\n<li><strong>Diaetostat hat unseren <span style=\"color: #008000;\">Fake-Check bestanden<\/span>.<\/strong><\/li>\n<li>Das Produkt ist seri\u00f6s.<\/li>\n<li><span style=\"text-decoration: underline;\">Kein<\/span> Fake Shop, das Produkt wird ausgeliefert.<\/li>\n<\/ul>\n<h2>Wirkung<\/h2>\n<p>Durch das Zusammenspiel der pflanzlichen Inhaltsstoffe wird der Stoffwechsel gesteigert und somit der Grundumsatz des K\u00f6rpers erh\u00f6ht. Dadurch bauen sich angelagerte Fette schneller ab, sodass im Umkehrschluss der Gewichtsverlust verbessert werden kann. Weiterhin k\u00f6nnen sich die Kapseln senkend auf den Blutzucker sowie Cholesterinspiegel auswirken. Durch die Einnahme k\u00f6nnen Kohlenhydrate, Kalorien sowie fest angelagerte Fette abgebaut werden, wodurch es zu einer schnelleren Reduktion von K\u00f6rpergewicht kommen kann.<\/p>\n<p><a href=\"https:\/\/diaetostat.kaufen\/\" target=\"_blank\" rel=\"noopener\">Die Diaetostat Abnehmkapseln<\/a> k\u00f6nnen somit auch Menschen helfen, die durch eine alleinige Umstellung der Ern\u00e4hrung und Bewegung nicht die gew\u00fcnschten Abnehmerfolge erzielen.<\/p>\n<p>Da die Kapseln auf pflanzlicher Basis beruhen, ist die Vertr\u00e4glichkeit besonders gut, sodass es nur selten zu unerw\u00fcnschten Nebenwirkungen kommt.<\/p>\n<div class=\"sue-icon-panel\" data-url=\"\" data-target=\"self\" style=\"background-color:#ffffff;color:#333333;border-radius:0px;-moz-border-radius:0px;-webkit-border-radius:0px;box-shadow:0px 1px 2px #eeeeee;-moz-box-shadow:0px 1px 2px #eeeeee;-webkit-box-shadow:0px 1px 2px #eeeeee;border:1px solid #cccccc\"><div class=\"sue-icon-panel-head\"><i class=\"sui sui-leaf\" style=\"font-size:31px;color:#00810a\"><\/i><\/div><div class=\"sue-icon-panel-content sue-content-wrap\" style=\"text-align:center\">\n<h2>Inhaltsstoffe und deren Wirkung<\/h2>\n<p><strong>Ihre Wirkung verdanken die Diaetostat Kapseln mehreren pflanzlichen Inhaltsstoffen.<\/strong><br \/>\n<strong>Insgesamt bestehen die Kapseln aus den acht folgenden Inhaltsstoffen:<\/strong><\/p>\n<div class=\"su-list\" style=\"margin-left:0px\">\n<ul>\n<li><i class=\"sui sui-caret-right\" style=\"color:#113116\"><\/i> Gr\u00fcntee Extrakt<\/li>\n<li><i class=\"sui sui-caret-right\" style=\"color:#113116\"><\/i> Feigenkaktus Extrakt<\/li>\n<li><i class=\"sui sui-caret-right\" style=\"color:#113116\"><\/i> Bittermelonen Extrakt<\/li>\n<li><i class=\"sui sui-caret-right\" style=\"color:#113116\"><\/i> Kelp Extrakt<\/li>\n<li><i class=\"sui sui-caret-right\" style=\"color:#113116\"><\/i> Mangosamen Extrakt<\/li>\n<li><i class=\"sui sui-caret-right\" style=\"color:#113116\"><\/i> Wei\u00dfer Kidney Bohnen Extrakt<\/li>\n<li><i class=\"sui sui-caret-right\" style=\"color:#113116\"><\/i> Hagebutten Extrakt sowie<\/li>\n<li><i class=\"sui sui-caret-right\" style=\"color:#113116\"><\/i> Hafer Extrakt.<\/li>\n<\/ul>\n<\/div>\n<p><strong>Doch was steckt hinter den Inhaltsstoffen und welche Wirkung weisen sie auf?<\/strong><\/p>\n<h3>Gr\u00fcntee Extrakt<\/h3>\n<p>Gr\u00fcner Tee ist besonders bekannt, weil er eine der beliebtesten Teesorten darstellt.<\/p>\n<p>In der fern\u00f6stlichen Heilkunde wird Gr\u00fcner Tee Extrakt bereits seit vielen Jahren verwendet, da ihm einige gute Wirkungen nachgesagt werden. Haupts\u00e4chlich gilt der Extrakt des Tees als entgiftend f\u00fcr den K\u00f6rper. Durch die Einnahme vom Extrakt sollen Schadstoffe aus dem K\u00f6rper ausgesch\u00fcttet werden, die sonst Krankheiten ausl\u00f6sen oder Sch\u00e4den an den Organen hervorrufen k\u00f6nnen. Gr\u00fcner Tee Extrakt gilt dar\u00fcber hinaus als besonders wirksam bei Magenverstimmungen und Problemen mit dem Darm. Weiterhin kann gr\u00fcner Tee Extrakt bei der Behandlung von Hautproblemen unterst\u00fctzend helfen.<\/p>\n<p>Wer den Wunsch nach einem Gewichtsverlust versp\u00fcrt, der kann ebenfalls durch die Wirkung des Extraktes profitieren. Gr\u00fcner Tee kurbelt den Stoffwechsel an, sodass dieser nachhaltig mehr Fett verbrennt und so zu einem schnelleren Abnehmeerfolg verhelfen kann. Durch den beschleunigten Stoffwechsel erfolgt eine h\u00f6here Fettverbrennung, die das Abnehmen mit <a href=\"https:\/\/www.mynewsdesk.com\/de\/international-product-media\/pressreleases\/diaetostat-kaufen-mit-50-prozent-rabatt-kein-fake-erfahrungen-und-test-3199286\" target=\"_blank\" rel=\"noopener\">Diaetostat<\/a> effektiv unterst\u00fctzt.<\/p>\n<h3>Feigenkaktus Extrakt<\/h3>\n<p>Kaktusfeigen enthalten eine hohe Menge an gesunden Inhaltsstoffen wie Vitamine und Mineralstoffe. Ebenfalls enthalten sie die sehr wichtigen Aminos\u00e4uren, die der menschliche K\u00f6rper nicht eigenst\u00e4ndig produzieren kann. Sehr beliebt sind Kaktusfeigen, weil sie f\u00fcr den Organismus als Energielieferant fungieren. Durch die schnelle Bereitstellung von Energie k\u00f6nnen sie die sportliche Leistungsf\u00e4higkeit steigern und dadurch eine verbesserte Ausdauer hervorrufen. Durch zus\u00e4tzliche Energie erm\u00fcdet der K\u00f6rper langsamer, sodass langfristig gesehen mehr Kalorien durch den gesteigerten Bewegungsdrang verbrannt werden.<\/p>\n<h3>Bittermelonen Extrakt<\/h3>\n<p>Bittermelonen Extrakt ist auch als Bitterbirne sowie Balsambirne bekannt. Bekannt ist der Extrakt vor allem daf\u00fcr, dass er in der chinesischen Heilmedizin h\u00e4ufig angewendet wird. Durch die senkende Wirkung des Blutzuckers soll Bittermelonen Extrakt auch vor Diabetes sch\u00fctzen. Dadurch ist der Extrakt bei Menschen, die unter \u00dcbergewicht leiden, eine gute M\u00f6glichkeit, um einer \u00dcberzuckerung vorzubeugen. Zudem kann der Wirkstoff der Bittermelone bei Magenbeschwerden helfen und die Verdauung verbessern.<\/p>\n<h3>Kelp Extrakt<\/h3>\n<p>Kelp Extrakt wird aus Algen gewonnen, vorwiegend aus Braunalgen und Gr\u00fcnalgen. Die Anwendung von Kelp Extrakt ist vor allem in der japanischen Heilkunde weit verbreitet. Durch die vielf\u00e4ltigen Anwendungsbereiche ist Kelp Extrakt inzwischen als sogenanntes Superfood bekannt. Durch die enthaltenen Antioxidantien soll die Einnahme dabei helfen, freie Radikale aus dem K\u00f6rper auszusch\u00fctten und den K\u00f6rper bei der Entgiftung unterst\u00fctzen.<\/p>\n<p>Weiterhin soll der Extrakt die Bereitstellung von Energie beschleunigen, was zu einem verst\u00e4rkten Stoffwechsel f\u00fchrt. Dadurch werden Fette und Kalorien schneller verbrannt. Au\u00dferdem sollen die Inhaltsstoffe ein gesundes Hautbild beeinflussen und die Schilddr\u00fcse vor Erkrankungen sch\u00fctzen. Zudem soll die Einnahme von Kelp Extrakt Stress reduzieren und das Nervensystem st\u00e4rken und gesund erhalten.<\/p>\n<h3>Mangosamen Extrakt<\/h3>\n<p>Mango ist nicht nur als Obst bekannt und beliebt. Die leckere s\u00fc\u00dfe Frucht soll sich ebenfalls positiv auf einen erh\u00f6hten Cholesterienspiegel auswirken. Der Blutzuckerspiegel und Blutfettwerte k\u00f6nnen langfristig gesenkt werden, wenn regelm\u00e4\u00dfig Mangosamen Extrakt eingenommen wird. Mangosamen sollen sich aufgrund ihrer Inhaltsstoffe sehr positiv auf Bluthochdruck auswirken.<\/p>\n<h3>Wei\u00dfer Kidney Bohnen Extrakt<\/h3>\n<p>Im Bezug auf den Wunsch von Gewichtsverlust sollen sich wei\u00dfe Kidney Bohnen als besonders hilfreich erweisen. Wei\u00dfe Kidney Bohnen weisen n\u00e4mlich einen sehr hohen Anteil aus \u00fcberaus gesunden Ballaststoffen auf. Diese Ballaststoffe sind besonders gut l\u00f6slich im Magen, weshalb eine Art Paste im K\u00f6rper entsteht. Dadurch steigt das S\u00e4ttigungsgef\u00fchl stark an, was dazu f\u00fchrt, dass der Appetit deutlich verringert wird. In Folge dessen werden weniger Mahlzeiten eingenommen, was schneller zu einem Kaloriendefizit f\u00fchrt. Dadurch kann langfristig betrachtet ein h\u00f6herer Gewichtsverlust erzielt werden.<\/p>\n<h3>Hagebutten Extrakt<\/h3>\n<p>Hagebutten sind nicht nur durch Hagebutten Tee bekannt. Das Pulver der kleinen Fr\u00fcchte enth\u00e4lt ebenfalls viele gesunde Inhaltsstoffe. Besonders Vitamin C ist in den Fr\u00fcchten sehr hoch konzentriert enthalten. Die enthaltenen Gerbstoffe der Hagebutte helfen Mikroorganismen abzut\u00f6ten. Die Mineralstoffe st\u00e4rken die K\u00f6rperfunktionen. Weiterhin unterst\u00fctzt Hagebutten Extrakt den K\u00f6rper bei der Bek\u00e4mpfung von freien Radikalen. Die enthaltenen Ballaststoffe sorgen f\u00fcr eine gesunde Verdauung und k\u00f6nnen bei Magenbeschwerden Linderung hervorrufen.<\/p>\n<h3>Hafer Extrakt<\/h3>\n<p>Hafer Extrakt kann vorwiegend Menschen mit Bluthochdruck dabei helfen, diesen langfristig zu senken. Au\u00dferdem kann der Extrakt von Hafer unterst\u00fctzend beim Senken des Blutzuckers wirken. Durch die Einnahme von Hafer Extrakt kann ebenso ein zu hoher Cholesterinspiegel gesenkt werden. Aufgrund der antioxidativen Wirkung wird Zellstress reduziert, wodurch Hafer Extrakt ebenfalls entz\u00fcndungshemmend wirken kann. Durch die hohe Konzentration von Kalzium werden die Knochen und Gelenke gesund erhalten. Hafer Extrakt wirkt au\u00dferdem sehr s\u00e4ttigend, wodurch ein verst\u00e4rkter Appetit sehr gut reguliert werden kann.<\/p>\n<\/div><\/div>\n<h2>dm und Rossmann<\/h2>\n<p>Bei dm und Rossmann kann man Diaetostat leider noch nicht kaufen.<\/p>\n<h2>Stiftung Warentest<\/h2>\n<p><a href=\"https:\/\/www.kisswin.de\/diaetostat\/\" target=\"_blank\" rel=\"noopener\">Wurde Diaetostat bereits von Stiftung Warentest untersucht?<\/a><\/p>\n<p>Nein, die Stiftung Warentest hat die Diaetostat Abnehmtabletten noch nicht unter die Lupe genommen.<\/p>\n<p>&nbsp;<\/p>\n<h2>Diaetostat H\u00f6hle der L\u00f6wen Fake?<\/h2>\n<p><strong>Wurden die Diaetostat Kapseln in der TV-Sendung &#8222;H\u00f6hle der L\u00f6wen&#8220; vorgestellt?<\/strong><\/p>\n<p>Das Video der Pr\u00e4sentation l\u00e4sst sich auf Youtube und in der Mediathek nicht mehr auffinden aber man h\u00f6rt immer wieder das Ger\u00fccht, dass Diaetostat in der &#8222;H\u00f6hle der L\u00f6wen&#8220; war. Man kann nicht mit Sicherheit sagen, ob es sich bei der Meldung um einen Fake bzw. um Betrug handelt.<\/p>\n<h2>Beipackzettel: Anwendung, Einnahme und Dosierung<\/h2>\n<p>Um eine zuverl\u00e4ssige Wirkung der Kapseln zu gew\u00e4hrleistet schreibt der Hersteller die Einnahme von zwei Kapseln t\u00e4glich vor, um nachhaltig verst\u00e4rkte Abnehmerfolge zu sichern. Die Einnahme empfiehlt sich dabei zu den Hauptmahlzeiten. Im Optimalfall soll die Einnahme ca. 15 bis 30 Minuten vor der Mahlzeit erfolgen. Zur Einnahme soll eine ausreichende Menge an Wasser konsumiert werden, um die Abnehmkapseln gut zu schlucken. Empfehlenswert ist dabei eine Menge von ca. 500 ml Fl\u00fcssigkeit, um die Wirkung im Magen zu unterst\u00fctzen.<\/p>\n<p>Personen, die Probleme beim Schlucken von gr\u00f6\u00dferen Kapseln auf weisen, k\u00f6nnen die Diaetostat seri\u00f6s \u00f6ffnen und den Wirkstoff in Fl\u00fcssigkeit einr\u00fchren. Um eine langfristige Wirkung sicherzustellen, soll der Einnahmezeitraum mindestens einen Monat betragen. Die H\u00f6chstmenge der Kapseln soll nicht \u00fcberschritten werden, damit es zu keinen unerw\u00fcnschten Nebenwirkungen kommt und keine Verdauungsprobleme hervorgerufen werden.<\/p>\n<p>&nbsp;<\/p>\n<div class=\"sue-section\" data-url=\"\" data-target=\"blank\" style=\"margin:0px 0px 0px 0px;border-top:1px solid #cccccc;border-bottom:1px solid #cccccc\"><div class=\"sue-section-background\" style=\"background-color:#f8f8f8;background-position:left top;\"><\/div><div class=\"sue-section-content sue-content-wrap\" style=\"padding:30px 0px 30px 0px;max-width:960px;text-align:left;color:#333333;text-shadow:0px 1px 10px #ffffff\">\n<h2>Erfahrungsberichte, Bewertungen und Kritik von Nutzern<\/h2>\n<div class=\"su-list\" style=\"margin-left:0px\">\n<ul>\n<li><i class=\"sui sui-users\" style=\"color:#113116\"><\/i> Die Anwender der Diaetostat Kapseln berufen sich vor allem auf die sehr gute Vertr\u00e4glichkeit. Es kam nur in seltenen F\u00e4llen zu Magenproblemen, sodass auch Menschen, die unter Unvertr\u00e4glichkeiten leiden die Kapseln problemlos einnehmen k\u00f6nnen. Die Kapseln sind gut zu schlucken und positiv bewertet wurde ebenfalls, dass die Kapseln ge\u00f6ffnet und in Fl\u00fcssigkeit einger\u00fchrt werden k\u00f6nnen.<\/li>\n<li><i class=\"sui sui-users\" style=\"color:#113116\"><\/i> Weiterhin berichten die Nutzer der Kapseln \u00fcber schnell bemerkbare Erfolge. Bereits nach rund zweiw\u00f6chiger Einnahme sollen sich Hei\u00dfhungerattacken deutlich reduziert haben, sodass in Folge die eingenommenen Mahlzeiten zuverl\u00e4ssig reduziert wurden. Durch die verringerte Einnahme von Mahlzeiten berichten die Anwender durch einen erh\u00f6hten Gewichtsverlust. Erfolgte die Einnahme mit einer zus\u00e4tzlich gesteigerten Bewegung konnten bereits nach einem Monat deutliche Erfolge im Bezug auf den Gewichtsverlust realisiert werden. Diaetostat wird von Kunden als seri\u00f6s angesehen.<\/li>\n<li><i class=\"sui sui-users\" style=\"color:#113116\"><\/i> Au\u00dferdem positiv bewertet wurde der schnelle Versand des Produkts sowie der freundliche Kundenservice, sofern R\u00fcckfragen erfolgt sind. Die Einnahme von Diaetostat f\u00fchrte zu einer verst\u00e4rkten Reduktion von K\u00f6rperfett und hat sich bei Personen, die unter einem erh\u00f6hten Blutzuckerspiegel leiden sehr positiv ausgewirkt.<br \/>\nAuch ein zu hoher Cholesterinspiegel wies nach wenigen Wochen der Einnahmedauer eine deutliche Senkung auf.<\/li>\n<li><i class=\"sui sui-users\" style=\"color:#113116\"><\/i> Durch die Einnahme der Kapseln kam es bei den Anwendern zu einem deutlich gesteigerten Wohlbefinden, was sich vorwiegend durch die Lust auf mehr Bewegung einstellte. Die Nutzer berichteten von einem verst\u00e4rkten Bewegungsdran, welcher durch die verbesserte Energie und Leistungsf\u00e4higkeit hervorgerufen wurde<\/li>\n<\/ul>\n<\/div>\n<h3>Diaetostat negative Erfahrungen und Kritik<\/h3>\n<p>Es lassen sich nur sehr vereinzelt negative Erfahrungsberichte oder Kritik im Forum finden.<\/p>\n<\/div><\/div>\n<p>&nbsp;<\/p>\n<h2>Diaetostat zum g\u00fcnstigsten Preis kaufen<\/h2>\n<p><strong>Original Diaetostat seri\u00f6s in der offiziellen Apotheke kaufen:<\/strong><\/p>\n<div class=\"su-button-center\"><a href=\"https:\/\/www.eco-innovation.eu\/go\/diaetostat-de\" class=\"su-button su-button-style-3d\" style=\"color:#FFFFFF;background-color:#2D89EF;border-color:#246ec0;border-radius:9px;-moz-border-radius:9px;-webkit-border-radius:9px\" target=\"_blank\" rel=\"nofollow\"><span style=\"color:#FFFFFF;padding:0px 24px;font-size:18px;line-height:36px;border-color:#6cadf4;border-radius:9px;-moz-border-radius:9px;-webkit-border-radius:9px;text-shadow:none;-moz-text-shadow:none;-webkit-text-shadow:none\"> Diaetostat mit 50% Rabatt kaufen<\/span><\/a><\/div>\n","protected":false},"excerpt":{"rendered":"<p>Der Wunsch nach einer Gewichtsabnahme besteht bei vielen Menschen. Doch eine verbesserte Ern\u00e4hrung in Kombination mit einer gesteigerten Bewegung f\u00fchrt nicht in jedem Fall zu dem gew\u00fcnschten Erfolg. Hierf\u00fcr eignen sich Mittel, die den Wunsch nach Gewichtsreduktion zuverl\u00e4ssig unterst\u00fctzen k\u00f6nnen. Ein sehr beliebtes Produkt hierf\u00fcr sind Diaetostat Kapseln, die den Gewichtsverlust unterst\u00fctzen k\u00f6nnen und so &#8230; <a title=\"Diaetostat Erfahrungsberichte Forum, Preis, Test &#038; Bewertung: Seri\u00f6s und sinnvolle Inhaltsstoffe\" class=\"read-more\" href=\"https:\/\/www.eco-innovation.eu\/de\/diaetostat\/\" aria-label=\"Mehr zu Diaetostat Erfahrungsberichte Forum, Preis, Test &#038; Bewertung: Seri\u00f6s und sinnvolle Inhaltsstoffe\">Weiterlesen &#8230;<\/a><\/p>\n","protected":false},"author":1,"featured_media":0,"parent":0,"menu_order":0,"comment_status":"closed","ping_status":"closed","template":"","meta":{"footnotes":""},"class_list":["post-1005","page","type-page","status-publish"],"_links":{"self":[{"href":"https:\/\/www.eco-innovation.eu\/de\/wp-json\/wp\/v2\/pages\/1005","targetHints":{"allow":["GET"]}}],"collection":[{"href":"https:\/\/www.eco-innovation.eu\/de\/wp-json\/wp\/v2\/pages"}],"about":[{"href":"https:\/\/www.eco-innovation.eu\/de\/wp-json\/wp\/v2\/types\/page"}],"author":[{"embeddable":true,"href":"https:\/\/www.eco-innovation.eu\/de\/wp-json\/wp\/v2\/users\/1"}],"replies":[{"embeddable":true,"href":"https:\/\/www.eco-innovation.eu\/de\/wp-json\/wp\/v2\/comments?post=1005"}],"version-history":[{"count":6,"href":"https:\/\/www.eco-innovation.eu\/de\/wp-json\/wp\/v2\/pages\/1005\/revisions"}],"predecessor-version":[{"id":1020,"href":"https:\/\/www.eco-innovation.eu\/de\/wp-json\/wp\/v2\/pages\/1005\/revisions\/1020"}],"wp:attachment":[{"href":"https:\/\/www.eco-innovation.eu\/de\/wp-json\/wp\/v2\/media?parent=1005"}],"curies":[{"name":"wp","href":"https:\/\/api.w.org\/{rel}","templated":true}]}}