{"id":753,"date":"2022-07-07T14:20:49","date_gmt":"2022-07-07T14:20:49","guid":{"rendered":"https:\/\/www.eco-innovation.eu\/?page_id=753"},"modified":"2022-09-12T10:55:41","modified_gmt":"2022-09-12T10:55:41","slug":"cplus-testosteron","status":"publish","type":"page","link":"https:\/\/www.eco-innovation.eu\/da\/cplus-testosteron\/","title":{"rendered":"K\u00f8b C+ Testosteron Triple Performance kapsler \u25b6\ufe0f Pris, Anmeldelser, Evaluering og Erfaring"},"content":{"rendered":"<p><img loading=\"lazy\" decoding=\"async\" class=\"aligncenter size-full wp-image-754\" src=\"https:\/\/www.eco-innovation.eu\/wp-content\/uploads\/2021\/12\/c-testosteron-kapseln.jpg\" alt=\"c+ testosteron piller\" width=\"504\" height=\"380\" srcset=\"https:\/\/www.eco-innovation.eu\/wp-content\/uploads\/2021\/12\/c-testosteron-kapseln.jpg 504w, https:\/\/www.eco-innovation.eu\/wp-content\/uploads\/2021\/12\/c-testosteron-kapseln-300x226.jpg 300w\" sizes=\"auto, (max-width: 504px) 100vw, 504px\" \/><\/p>\n<p><strong>Med m\u00e6nd og deres &#8220;maskulinitet&#8221; er det altid s\u00e5dan. Det er en kvalitet, som hver mand (og kvinde) definerer forskelligt for sig selv. For nogle er det s\u00e6rligt maskulint at udf\u00f8re tungt fysisk arbejde, mens andre f\u00f8ler sig s\u00e6rligt maskuline, n\u00e5r de kan klare sig selv over for andre m\u00e6nd &#8211; b\u00e5de verbalt og fysisk.<\/strong><\/p>\n<div class=\"sue-section\" data-url=\"\" data-target=\"blank\" style=\"margin:0px 0px 0px 0px;border-top:1px solid #cccccc;border-bottom:1px solid #cccccc\"><div class=\"sue-section-background\" style=\"background-color:#f1fffc;background-position:left top;\"><\/div><div class=\"sue-section-content sue-content-wrap\" style=\"padding:30px 0px 30px 0px;max-width:960px;text-align:left;color:#333333;text-shadow:0px 1px 10px 10px #ffffffffff\">\n<h2>C+ Testosteron kapsler Test og evaluering &amp; anmeldelser<\/h2>\n<div class=\"su-list\" style=\"margin-left:0px\">\n<ul>\n<li><i class=\"sui sui-caret-right\" style=\"color:#113116\"><\/i> <strong>Ekstremt succesfuldt testosteronprodukt (over 200.000 kunder)<\/strong><\/li>\n<li><i class=\"sui sui-caret-right\" style=\"color:#113116\"><\/i> <strong>\ud83c\udf31 100% naturlige og sikre ingredienser<\/strong>\n<ul>\n<li><i class=\"sui sui-caret-right\" style=\"color:#113116\"><\/i> L-Carnitin<\/li>\n<li><i class=\"sui sui-caret-right\" style=\"color:#113116\"><\/i> L-Arginin<\/li>\n<li><i class=\"sui sui-caret-right\" style=\"color:#113116\"><\/i> Garcinia Cambogia<\/li>\n<\/ul>\n<\/li>\n<li><i class=\"sui sui-caret-right\" style=\"color:#113116\"><\/i> Virkningen er dokumenteret gennem kliniske unders\u00f8gelser<\/li>\n<li><i class=\"sui sui-caret-right\" style=\"color:#113116\"><\/i> \u00d8ger mandlig energi, ydeevne, muskelv\u00e6kst og libido<\/li>\n<li><i class=\"sui sui-caret-right\" style=\"color:#113116\"><\/i> <strong>Virker ogs\u00e5 som en seksuel forst\u00e6rker<\/strong><\/li>\n<li><i class=\"sui sui-caret-right\" style=\"color:#113116\"><\/i> Gratis ekspreslevering<\/li>\n<li><i class=\"sui sui-caret-right\" style=\"color:#113116\"><\/i> C+ kapsler kan f\u00e5s uden recept i Tyskland, \u00d8strig og Schweiz.<\/li>\n<li><i class=\"sui sui-caret-right\" style=\"color:#113116\"><\/i> Meget gode udtalelser fra kunder i forummet og p\u00e5 Youtube<\/li>\n<li><i class=\"sui sui-caret-right\" style=\"color:#113116\"><\/i> Tilg\u00e6ngelig i en kort periode <a href=\"https:\/\/www.eco-innovation.eu\/go\/cplus-dk\" target=\"_blank\" rel=\"nofollow noopener\"><strong>med h\u00f8j rabat<\/strong><\/a><\/li>\n<li><i class=\"sui sui-caret-right\" style=\"color:#113116\"><\/i> <strong>Vores vurdering: <span style=\"color: #008000;\">Et produkt, der anbefales til m\u00e6nd<\/span><\/strong><\/li>\n<\/ul>\n<\/div>\n<a href=\"javascript:;\" class=\"sue-icon sue-icon-no-url\" style=\"font-size:16px;color:#333333;margin:0px 20px 20px 0px\" target=\"_blank\"><i class=\"sui sui-star\" style=\"font-size:32px;line-height:32px;background:#363636;color:#f2f600;-webkit-border-radius:256px;-moz-border-radius:256px;border-radius:256px;padding:4px\"><\/i><\/a><a href=\"javascript:;\" class=\"sue-icon sue-icon-no-url\" style=\"font-size:16px;color:#333333;margin:0px 20px 20px 0px\" target=\"_blank\"><i class=\"sui sui-star\" style=\"font-size:32px;line-height:32px;background:#363636;color:#f2f600;-webkit-border-radius:256px;-moz-border-radius:256px;border-radius:256px;padding:4px\"><\/i><\/a><a href=\"javascript:;\" class=\"sue-icon sue-icon-no-url\" style=\"font-size:16px;color:#333333;margin:0px 20px 20px 0px\" target=\"_blank\"><i class=\"sui sui-star\" style=\"font-size:32px;line-height:32px;background:#363636;color:#f2f600;-webkit-border-radius:256px;-moz-border-radius:256px;border-radius:256px;padding:4px\"><\/i><\/a><a href=\"javascript:;\" class=\"sue-icon sue-icon-no-url\" style=\"font-size:16px;color:#333333;margin:0px 20px 20px 0px\" target=\"_blank\"><i class=\"sui sui-star\" style=\"font-size:32px;line-height:32px;background:#363636;color:#f2f600;-webkit-border-radius:256px;-moz-border-radius:256px;border-radius:256px;padding:4px\"><\/i><\/a><a href=\"javascript:;\" class=\"sue-icon sue-icon-no-url\" style=\"font-size:16px;color:#333333;margin:0px 20px 20px 0px\" target=\"_blank\"><i class=\"sui sui-star\" style=\"font-size:32px;line-height:32px;background:#363636;color:#f2f600;-webkit-border-radius:256px;-moz-border-radius:256px;border-radius:256px;padding:4px\"><\/i><\/a>\n<p>(5 stjerner)<\/p>\n<h2>K\u00f8b C+ Testosteron kapsler<\/h2>\n<div class=\"su-button-center\"><a href=\"https:\/\/www.eco-innovation.eu\/go\/cplus-dk\" class=\"su-button su-button-style-3d\" style=\"color:#FFFFFF;background-color:#2D89EF;border-color:#246ec0;border-radius:9px;-moz-border-radius:9px;-webkit-border-radius:9px\" target=\"_blank\" rel=\"nofollow\"><span style=\"color:#FFFFFF;padding:0px 24px;font-size:18px;line-height:36px;border-color:#6cadf4;border-radius:9px;-moz-border-radius:9px;-webkit-border-radius:9px;text-shadow:none;-moz-text-shadow:none;-webkit-text-shadow:none\"> K\u00f8b C+ Testosteron kapsler med rabat<\/span><\/a><\/div>\n<\/div><\/div>\n\n<p><img loading=\"lazy\" decoding=\"async\" class=\"aligncenter size-full wp-image-808\" src=\"https:\/\/www.eco-innovation.eu\/wp-content\/uploads\/2022\/07\/c-testosteron-kapslar.jpg\" alt=\"c+ testosteron kapslar\" width=\"700\" height=\"382\" srcset=\"https:\/\/www.eco-innovation.eu\/wp-content\/uploads\/2022\/07\/c-testosteron-kapslar.jpg 700w, https:\/\/www.eco-innovation.eu\/wp-content\/uploads\/2022\/07\/c-testosteron-kapslar-300x164.jpg 300w\" sizes=\"auto, (max-width: 700px) 100vw, 700px\" \/><\/p>\n<h2>Pris<\/h2>\n<ul>\n<li>C+ Testosteron tabletter Pris: Fra 36,65 \u20ac pr. pakke<\/li>\n<li>1x: 49,49 \u20ac<\/li>\n<li>2x: 79,95 \u20ac<\/li>\n<li>3x: 109,95 \u20ac<\/li>\n<\/ul>\n<h2>C+ Testosteron kapsler erfaringsrapport<\/h2>\n<p>Men stort set alle m\u00e6nd b\u00f8r f\u00f8le sig styrket i deres maskulinitet, n\u00e5r de er i stand til at tilfredsstille en kvinde p\u00e5 et intimt plan. Faktisk praler mange m\u00e6nd endda med det, is\u00e6r over for deres medmennesker. Der er dog situationer og \u00f8jeblikke i en mands liv, hvor han ikke er i stand til at tilfredsstille en kvinde p\u00e5 denne m\u00e5de p\u00e5 grund af fysiske (eller f\u00f8lelsesm\u00e6ssige) forhindringer.<\/p>\n<p>S\u00e5danne fysiske og psykologiske blokeringer kan have mange \u00e5rsager. I l\u00f8bet af tiden er der imidlertid blevet udviklet et bestemt kosttilskud, som skal hj\u00e6lpe de ber\u00f8rte m\u00e6nd med at overvinde s\u00e5danne blokeringer, s\u00e5 de trods alt kan g\u00f8re en kvinde lykkelig i s\u00e5danne tilf\u00e6lde. Disse kosttilskud er testosteronkapsler (ogs\u00e5 kaldet &#8220;C+ Triple Performance Capsules&#8221;). Producenterne af dette produkt angiver p\u00e5 deres hjemmeside, at denne testosteronbooster kan have en massiv positiv indflydelse p\u00e5 en mands &#8220;privatliv&#8221;, hvis en mand tidligere har haft problemer med sin intime pr\u00e6station. Kapslerne siges at give meget l\u00e6ngere udholdenhed, st\u00f8rre vitalitet og vigtigst af alt, en h\u00e5rdere erektion.<\/p>\n<h2>C+ Pillen Erectie Testosteron kapsler erfaring<\/h2>\n<p>Som forklaret tidligere er C+ Testosteron kapsler kosttilskud designet til at hj\u00e6lpe med at \u00f8ge m\u00e6ngden af testosteron i kroppen. De skal prim\u00e6rt bruges til at forbedre m\u00e6nds (og dermed kvinders) pr\u00e6stationer. De har ogs\u00e5 en positiv effekt p\u00e5 vitaliteten og p\u00e5 den selvopfattede maskulinitet.<\/p>\n<p>Ved at indtage denne kapsel er det muligt for mange m\u00e6nd at opbygge meget mere energi og selvtillid, da mulige blokeringer bliver meget mindre sandsynlige ved indtagelse af disse kapsler. Formlen i dette supplement \u00f8ger testosteronniveauet i den mandlige krop, samt blodcirkulationen &#8211; is\u00e6r i det mandlige intime omr\u00e5de for at give mulighed for en betydeligt \u00f8get libido.<\/p>\n<p>Det betyder, at m\u00e6nd, der har problemer med deres pr\u00e6stationer, kan forbedre dem betydeligt ved hj\u00e6lp af C+ Testosteronkapsler, s\u00e5 du igen kan nyde tilfredsstillende elskov med din bedre halvdel, hvilket i sidste ende kan have en positiv effekt p\u00e5 selve forholdet.<\/p>\n<h2>Effekt<\/h2>\n<p>Den m\u00e5de, hvorp\u00e5 disse testosteronkapsler virker i den menneskelige krop, er relativt enkel og lige s\u00e5 let at forst\u00e5. F\u00f8rst og fremmest har disse kapsler en effekt p\u00e5 blodcirkulationen ved at \u00f8ge den betydeligt.<\/p>\n<p>Dette g\u00f8r det muligt at f\u00e5 meget mere blod til at str\u00f8mme ind i corpora cavernosa, s\u00e5 meget mere blod kan str\u00f8mme ind i mandens k\u00f8nsorganer for at \u00f8ge b\u00e5de st\u00f8rrelsen og omkredsen af medlemmet for at opretholde en erektion s\u00e5 l\u00e6nge som muligt (s\u00e5 l\u00e6nge det forbliver inden for sunde gr\u00e6nser). Omkring det erektile v\u00e6v er celledannelsen massivt forbedret, hvilket skaber en ordentlig v\u00e6g omkring det erektile v\u00e6v. Denne v\u00e6g sikrer, at mere cirkulerende blod bliver lagret og sendt direkte til mandens intime omr\u00e5de.<\/p>\n<h2>C+ Testosteron Tabletter Test Report<\/h2>\n<p>Dette kosttilskud kommer normalt i kapsel- eller pilleform. I detaljer er effekten, at dette supplement \u00f8ger koncentrationen af testosteron i kroppen betydeligt. Testosteron er et hormon, der er ansvarlig for m\u00e6nds funktionelle drivkraft. Det har en positiv effekt p\u00e5 erektioner, libido og sidst men ikke mindst p\u00e5 de orgasmer, som en mand kan opleve. Desuden er kapslerne ogs\u00e5 meget p\u00e5lidelige energidispensere for den menneskelige krop, ved hj\u00e6lp af hvilke en mand nemt kan holde hele natten.<\/p>\n<h2>C+ Triple Performance anmeldelser &#8211; Ingredienser<\/h2>\n<p>De aktive ingredienser i disse testosteronkapsler er hovedsageligt kendetegnet ved, at de har en stimulerende virkning p\u00e5 forbrugerens pr\u00e6stationer. Desuden er det ikke meningen, at de skal have nogen bivirkninger, s\u00e5 et sikkert indtag af disse kapsler er altid garanteret.<\/p>\n<p>En af grundene hertil er, at C+ kapslerne til seksuel forst\u00e6rkning udelukkende er fremstillet af naturlige ingredienser for at minimere sandsynligheden for bivirkninger mest muligt. Listen over ingredienser i disse kapsler er som f\u00f8lger:<\/p>\n<h3>L-Carnitin<\/h3>\n<p>Dette er en forbindelse af aminosyrer, som ogs\u00e5 findes naturligt i det menneskelige stofskifte. Dette stof har samme struktur som klassiske vitaminer og er hovedsagelig ansvarlig for transporten af langk\u00e6dede fedtsyrer fra blodbanen til mitokondrierne. De befinder sig i de menneskelige celler og s\u00f8rger for forbr\u00e6ndingen af fedtsyrerne, hvorved de omdannes til energi.<\/p>\n<h3>Garcinia Cambogia (ekstrakt)<\/h3>\n<p>Det er grundl\u00e6ggende en frugt, der hovedsageligt findes i Syd\u00f8stasien. Og fra denne frugt kan man f\u00e5 et bestemt ekstrakt, som ogs\u00e5 bliver brugt i mange kosttilskud &#8211; ligesom i C++ Triple Performance-kapslerne. Derudover har dette ekstrakt ogs\u00e5 den s\u00e5kaldte &#8220;hydroxycitronsyre&#8221; (HCA), som har en s\u00e6rlig positiv effekt p\u00e5 den generelle drivkraft hos m\u00e6nd, hvilket igen bidrager til en betydeligt mere aktiv livsstil.<\/p>\n<h3>L-arginin<\/h3>\n<p>Denne aminosyre produceres ogs\u00e5 allerede i kroppen og sikrer en meget bedre blodcirkulation i kroppen. Ud over reduceret erektil dysfunktion reducerer L-arginin ogs\u00e5 risikoen for h\u00f8jt blodtryk og hjertesygdomme.<\/p>\n<h2>Forbrug og dosering<\/h2>\n<p>For at kapslerne kan have deres fulde virkning og virkelig forbedre forbrugerens intime liv, skal C+ testosterontabletterne tages som f\u00f8lger: If\u00f8lge producenten er den anbefalede daglige dosis ca. 2 kapsler om dagen, som ideelt set skal tages omkring en halv time f\u00f8r handlingen.<\/p>\n<p>Det er ogs\u00e5 vigtigt, at C+ Testsoteron kapsler tages regelm\u00e6ssigt. Og dette b\u00f8r ske over en periode p\u00e5 mindst to til tre m\u00e5neder. Der b\u00f8r altid konsulteres en l\u00e6ge i forbrugsperioden for at undg\u00e5 eventuelle overdoser.<\/p>\n<h2>Bestil C+ Testosteron Capsules til den lavest mulige pris<\/h2>\n<div class=\"su-button-center\"><a href=\"https:\/\/www.eco-innovation.eu\/go\/cplus-dk\" class=\"su-button su-button-style-3d\" style=\"color:#FFFFFF;background-color:#2D89EF;border-color:#246ec0;border-radius:9px;-moz-border-radius:9px;-webkit-border-radius:9px\" target=\"_blank\" rel=\"nofollow\"><span style=\"color:#FFFFFF;padding:0px 24px;font-size:18px;line-height:36px;border-color:#6cadf4;border-radius:9px;-moz-border-radius:9px;-webkit-border-radius:9px;text-shadow:none;-moz-text-shadow:none;-webkit-text-shadow:none\"> K\u00f8b C+ Testosteron kapsler med rabat<\/span><\/a><\/div>\n","protected":false},"excerpt":{"rendered":"<p>Med m\u00e6nd og deres &#8220;maskulinitet&#8221; er det altid s\u00e5dan. Det er en kvalitet, som hver mand (og kvinde) definerer forskelligt for sig selv. For nogle er det s\u00e6rligt maskulint at udf\u00f8re tungt fysisk arbejde, mens andre f\u00f8ler sig s\u00e6rligt maskuline, n\u00e5r de kan klare sig selv over for andre m\u00e6nd &#8211; b\u00e5de verbalt og fysisk. &#8230; <a title=\"K\u00f8b C+ Testosteron Triple Performance kapsler \u25b6\ufe0f Pris, Anmeldelser, Evaluering og Erfaring\" class=\"read-more\" href=\"https:\/\/www.eco-innovation.eu\/da\/cplus-testosteron\/\" aria-label=\"More on K\u00f8b C+ Testosteron Triple Performance kapsler \u25b6\ufe0f Pris, Anmeldelser, Evaluering og Erfaring\">L\u00e6s Mere<\/a><\/p>\n","protected":false},"author":1,"featured_media":0,"parent":0,"menu_order":0,"comment_status":"closed","ping_status":"closed","template":"","meta":{"footnotes":""},"class_list":["post-753","page","type-page","status-publish"],"_links":{"self":[{"href":"https:\/\/www.eco-innovation.eu\/da\/wp-json\/wp\/v2\/pages\/753","targetHints":{"allow":["GET"]}}],"collection":[{"href":"https:\/\/www.eco-innovation.eu\/da\/wp-json\/wp\/v2\/pages"}],"about":[{"href":"https:\/\/www.eco-innovation.eu\/da\/wp-json\/wp\/v2\/types\/page"}],"author":[{"embeddable":true,"href":"https:\/\/www.eco-innovation.eu\/da\/wp-json\/wp\/v2\/users\/1"}],"replies":[{"embeddable":true,"href":"https:\/\/www.eco-innovation.eu\/da\/wp-json\/wp\/v2\/comments?post=753"}],"version-history":[{"count":10,"href":"https:\/\/www.eco-innovation.eu\/da\/wp-json\/wp\/v2\/pages\/753\/revisions"}],"predecessor-version":[{"id":826,"href":"https:\/\/www.eco-innovation.eu\/da\/wp-json\/wp\/v2\/pages\/753\/revisions\/826"}],"wp:attachment":[{"href":"https:\/\/www.eco-innovation.eu\/da\/wp-json\/wp\/v2\/media?parent=753"}],"curies":[{"name":"wp","href":"https:\/\/api.w.org\/{rel}","templated":true}]}}