{"id":1026,"date":"2022-09-01T11:06:08","date_gmt":"2022-09-01T11:06:08","guid":{"rendered":"https:\/\/www.eco-innovation.eu\/?page_id=1026"},"modified":"2022-09-01T11:06:08","modified_gmt":"2022-09-01T11:06:08","slug":"derila","status":"publish","type":"page","link":"https:\/\/www.eco-innovation.eu\/da\/derila\/","title":{"rendered":"Derila Pude Memory Foam Pillow Danmark &#8211; Pris, Anmeldelser, Evaluering og Erfaring"},"content":{"rendered":"<p><img loading=\"lazy\" decoding=\"async\" class=\"aligncenter size-full wp-image-951\" src=\"https:\/\/www.eco-innovation.eu\/wp-content\/uploads\/2022\/08\/derila.jpg\" alt=\"Derila\" width=\"610\" height=\"545\" srcset=\"https:\/\/www.eco-innovation.eu\/wp-content\/uploads\/2022\/08\/derila.jpg 610w, https:\/\/www.eco-innovation.eu\/wp-content\/uploads\/2022\/08\/derila-300x268.jpg 300w\" sizes=\"auto, (max-width: 610px) 100vw, 610px\" \/><\/p>\n<p><strong>Derila puden er en ergonomisk formet pude med h\u00f8j genoprettende effekt. Den tilpasser sig til enhver sovestilling takket v\u00e6re kernen af hukommelsesskum. Den specielle skumkerne vender tilbage til sin gamle form efter hver omplacering. Alle typer af sovende f\u00e5r s\u00e5ledes reel st\u00f8tte til nakken og samtidig aflastning af rygs\u00f8jlen. Med Derila fungerer det virkelig i alle sovestillinger. S\u00e5 meget tilpasningsevne i en pude har en sj\u00e6ldenhedsv\u00e6rdi.<\/strong><\/p>\n<div class=\"sue-section\" data-url=\"\" data-target=\"blank\" style=\"margin:0px 0px 0px 0px;border-top:1px solid #cccccc;border-bottom:1px solid #cccccc\"><div class=\"sue-section-background\" style=\"background-color:#f8f8f8f8;background-position:left top;\"><\/div><div class=\"sue-section-content sue-content-wrap\" style=\"padding:30px 0px 30px 0px;max-width:960px;text-align:left;color:#333333;text-shadow:0px 1px 10px #ffffffffff\">\n<h2>Derila pude Anmeldelser og evaluering<\/h2>\n<div class=\"su-list\" style=\"margin-left:0px\">\n<ul>\n<li><i class=\"sui sui-check\" style=\"color:#113116\"><\/i> <strong>Egonomisk form for en afslappet s\u00f8vn<\/strong><br \/>\nDen ergonomiske form tilpasser sig perfekt til hovedets og nakkens konturer takket v\u00e6re det specielle skum. P\u00e5 denne m\u00e5de st\u00f8tter den hele kroppens naturlige kropsholdning.<\/li>\n<li><i class=\"sui sui-check\" style=\"color:#113116\"><\/i> <strong>Egnet til alle sovestillinger<\/strong><br \/>\nDesignet er ideelt til mave-, side- og rygsovere. Takket v\u00e6re hukommelsesskummet af h\u00f8j kvalitet tilpasser den sig dit hoved og din nakke i enhver position. Hvis du reducerer trykket, str\u00e6kker skummet sig langsomt tilbage til sin oprindelige form.<\/li>\n<li><i class=\"sui sui-check\" style=\"color:#113116\"><\/i> <strong>Velegnet til vaskemaskine og ikke giftig<\/strong><br \/>\nDer medf\u00f8lger et udskifteligt pudebetr\u00e6k i pakken. Det kan nemt vaskes i vaskemaskinen og er fri for giftstoffer.<\/li>\n<li><i class=\"sui sui-check\" style=\"color:#113116\"><\/i> <strong>God v\u00e6rdi for pengene<\/strong><br \/>\nDerila-puden er betydeligt billigere end sammenlignelige produkter p\u00e5 markedet.<\/li>\n<li><i class=\"sui sui-check\" style=\"color:#113116\"><\/i> <strong>Ekstremt h\u00f8j kvalitet<\/strong><br \/>\nP\u00e5 grund af den gode forarbejdning er puden meget holdbar<\/li>\n<li><i class=\"sui sui-check\" style=\"color:#113116\"><\/i> <strong>Tilg\u00e6ngelig til en reduceret pris i en kort periode<\/strong><br \/>\nOp til 50 % rabat<\/li>\n<\/ul>\n<p style=\"text-align: center;\"><big><strong>Vores vurdering: <span style=\"color: #008000;\">MEGET GODT<\/span> (\u2b50\u2b50\u2b50\u2b50\u2b50 4,9 ud af 5 stjerner)<\/strong><\/big><\/p>\n<\/div>\n<p>K\u00f8b Derila pude<\/p>\n<a href=\"https:\/\/www.eco-innovation.eu\/go\/derila-dk\" class=\"su-button su-button-style-soft\" style=\"color:#FFFFFF;background-color:#fb5a00;border-color:#c94800;border-radius:9px;-moz-border-radius:9px;-webkit-border-radius:9px\" target=\"_blank\" rel=\"nofollow\"><span style=\"color:#FFFFFF;padding:8px 24px;font-size:18px;line-height:27px;border-color:#fd8c4d;border-radius:9px;-moz-border-radius:9px;-webkit-border-radius:9px;text-shadow:none;-moz-text-shadow:none;-webkit-text-shadow:none\"><i class=\"sui sui-check-circle\" style=\"font-size:18px;color:#FFFFFF\"><\/i> Bestil Derila direkte fra producenten (op til -50% prisneds\u00e6ttelse)<\/span><\/a>\n<p>&nbsp;<\/p>\n<h2>Priser<\/h2>\n<p><strong>Derila omkostninger og priser<\/strong><\/p>\n<div class=\"su-list\" style=\"margin-left:0px\">\n<ul>\n<li><i class=\"sui sui-caret-right\" style=\"color:#113116\"><\/i> 1 Derila pude for \u20ac39,95<\/li>\n<li><i class=\"sui sui-caret-right\" style=\"color:#113116\"><\/i> 2 Derila pude til 69,96 \u20ac<\/li>\n<li><i class=\"sui sui-caret-right\" style=\"color:#113116\"><\/i> 3 Derila pude for \u20ac89,94<\/li>\n<li><i class=\"sui sui-caret-right\" style=\"color:#113116\"><\/i> 4 Derila pude for 99,96 \u20ac (h\u00f8jeste rabat)<\/li>\n<\/ul>\n<\/div>\n<\/div><\/div>\n<p>&nbsp;<\/p>\n\n<p>&nbsp;<\/p>\n<p><a href=\"https:\/\/www.eco-innovation.eu\/go\/derila-dk\" target=\"_blank\" rel=\"nofollow noopener\"><img loading=\"lazy\" decoding=\"async\" class=\"aligncenter size-full wp-image-961\" src=\"https:\/\/www.eco-innovation.eu\/wp-content\/uploads\/2022\/08\/Derila-Memory-Foam-Pillow.jpg\" alt=\"Derila Memory Foam Pillow\" width=\"610\" height=\"418\" srcset=\"https:\/\/www.eco-innovation.eu\/wp-content\/uploads\/2022\/08\/Derila-Memory-Foam-Pillow.jpg 610w, https:\/\/www.eco-innovation.eu\/wp-content\/uploads\/2022\/08\/Derila-Memory-Foam-Pillow-300x206.jpg 300w\" sizes=\"auto, (max-width: 610px) 100vw, 610px\" \/><\/a><\/p>\n<h2>Derila pude testrapport og erfaringer<\/h2>\n<p>Mens du med konventionelle puder kan v\u00e6lge at ligge for fladt eller med hovedet p\u00e5 en eller anden m\u00e5de opad, er hovedet med Derila-puden underst\u00f8ttet p\u00e5 en s\u00e5dan m\u00e5de, at nakkemusklerne ikke kan blive sp\u00e6ndte. Nakken st\u00f8ttes og aflastes af pudens ergonomiske form. Samtidig er den \u00f8verste del af rygs\u00f8jlen ikke vredet, overstrakt eller komprimeret, men aflastet. Det sparer skulderklager, arme, der falder i s\u00f8vn, og smertefulde sp\u00e6ndinger i den \u00f8verste del af ryggen.<\/p>\n<p>S\u00f8vnen skal v\u00e6re afslappende for hele organismen. I mange tilf\u00e6lde er det dog ikke tilstr\u00e6kkeligt. Mange mennesker tager vrede og stress med sig ind i sovev\u00e6relset. Madrassen er for fast, for bl\u00f8d eller allerede ret slidt. Hovedets stilling er ikke optimal. Enten st\u00f8tter sovepuden slet ikke nakken og hovedet &#8211; eller ogs\u00e5 st\u00f8tter den dem de forkerte steder. Hvordan kan du \u00f8nske at komme dig fra dette? Med Derila Memory Foam-puden tager du det f\u00f8rste skridt mod en bedre og dybere s\u00f8vn. Det vigtigste er, at du v\u00e5gner op igen uden smerter, blokeringer og sp\u00e6ndinger.<\/p>\n<p>Jo \u00e6ldre en person bliver, jo mere smerte opst\u00e5r af sig selv. Som et klogt menneske b\u00f8r man sk\u00e5ne sig selv for den smerte, der kan forhindres. Derila-puden er fremstillet af forureningsfrie materialer af h\u00f8j kvalitet. Hukommelsesskummet giver den h\u00f8je restitutionskraft. P\u00e5 grund af dens s\u00e6rlige egenskaber har den tilstr\u00e6kkelig tilpasningsevne til forskellige sovestillinger. Derila-pudens ydre betr\u00e6k kan tages af. Det kan vaskes s\u00e5 ofte, som du vil.<\/p>\n<p>M\u00e5ske vil du med Derila nakkepuden for f\u00f8rste gang opleve at sove dybt og godt som en baby. Det kan dog tage dig et par dage at v\u00e6nne dig til den nye pudeform. Selv om din krop har v\u00e6ret tvunget til at v\u00e6nne sig til den gamle nakkepude og nu brokker sig, vil den helt sikkert snart v\u00e6nne sig til den ergonomiske placering. Bel\u00f8nningen for indsatsen er, at de s\u00e6dvanlige sp\u00e6ndingssmerter gradvist forsvinder. Husk: du bruger en tredjedel af dit liv p\u00e5 at sove i sengen.<\/p>\n<p>N\u00e5r du er ung, har du r\u00e5d til at beg\u00e5 synder som at bruge den forkerte pude. Men senere hen vil det koste dig en masse sjov medicin, hvis du st\u00e6digt holder fast i det, du er vant til. Skummet i Derila Memory Foam-skumpude garanterer behagelig s\u00f8vn med sin tilpasningsevne og fleksibilitet, samtidig med at det giver st\u00f8tte &#8211; pr\u00e6cis hvor der er behov for det. At tage hensyn til ens menneskelige anatomi er begyndelsen p\u00e5 et livslangt venskab.<\/p>\n<p>&nbsp;<\/p>\n<div class=\"sue-icon-panel\" data-url=\"\" data-target=\"self\" style=\"background-color:#ffffff;color:#333333;border-radius:0px;-moz-border-radius:0px;-webkit-border-radius:0px;box-shadow:0px 1px 2px #eeeeeeee;-moz-box-shadow:0px 1px 2px #eeeeeeee;-webkit-box-shadow:0px 1px 2px #eeeeeeee;border:1px solid #cccccc\"><div class=\"sue-icon-panel-head\"><i class=\"sui sui-warning\" style=\"font-size:31px;color:#a40016\"><\/i><\/div><div class=\"sue-icon-panel-content sue-content-wrap\" style=\"text-align:center\">\n<h2>Fup og fidus<\/h2>\n<ul>\n<li>Pas p\u00e5 falske og falske tilbud p\u00e5 platforme som Amazon og Ebay.<\/li>\n<li>Den originale Derila-pude er kun tilg\u00e6ngelig p\u00e5 det officielle websted.<\/li>\n<\/ul>\n<\/div><\/div>\n<p>&nbsp;<\/p>\n<h2>Hvem er Derila velegnet til?<\/h2>\n<p>Dette sp\u00f8rgsm\u00e5l er overfl\u00f8digt. I mods\u00e6tning til de fleste andre ergonomiske nakkepuder er Derila velegnet til enhver sovestilling. Derfor er den velegnet til alle typer s\u00f8vnige uden forskel. Det skyldes dens geniale design og konstruktion. Den er udviklet i overensstemmelse med de seneste ergonomiske resultater.<\/p>\n<p>Ingen anden pude p\u00e5 markedet er lige velegnet til alle sovestillinger. Det er ikke umuligt at finde det optimale design til alle typer sovepladser. Du skal blot finde ud af, hvilke funktioner en bestemt type sovende har brug for for at kunne st\u00f8tte hoved, nakke og rygs\u00f8jle p\u00e5 en behagelig m\u00e5de og samtidig aflaste ham eller hende. I sidste ende finder man ud af, at disse betingelser kan gennemf\u00f8res i en enkelt pude.<\/p>\n<p>Derila-sovepuden garanterer optimal s\u00f8vnkvalitet i enhver situation og i enhver sovestilling. Den er velegnet til alle voksne takket v\u00e6re dens geniale form.<\/p>\n<p><a href=\"https:\/\/www.eco-innovation.eu\/go\/derila-dk\" target=\"_blank\" rel=\"nofollow noopener\"><img loading=\"lazy\" decoding=\"async\" class=\"aligncenter size-full wp-image-970\" src=\"https:\/\/www.eco-innovation.eu\/wp-content\/uploads\/2022\/08\/Derila-Test-Review.jpg\" alt=\"Derila Test Review\" width=\"520\" height=\"520\" srcset=\"https:\/\/www.eco-innovation.eu\/wp-content\/uploads\/2022\/08\/Derila-Test-Review.jpg 520w, https:\/\/www.eco-innovation.eu\/wp-content\/uploads\/2022\/08\/Derila-Test-Review-300x300.jpg 300w, https:\/\/www.eco-innovation.eu\/wp-content\/uploads\/2022\/08\/Derila-Test-Review-150x150.jpg 150w\" sizes=\"auto, (max-width: 520px) 100vw, 520px\" \/><\/a><\/p>\n<h2>Hvad er fordelene ved Derila Memory Foam puden?<\/h2>\n<p>Den st\u00f8rste fordel ved Derila-puden er, at den forbedrer kvaliteten og dybden af s\u00f8vnen. Fordel nummer to er at v\u00e6re fri for smerter og sp\u00e6ndinger. Det sikrer pudens ergonomiske design. Den adskiller sig fra udseendet af andre ergonomiske puder. Disse har normalt en mere eller mindre udtalt b\u00f8lgeform. Nogle puder kalder sig selv ergonomiske. De er dog helt flade. I dette tilf\u00e6lde er betegnelsen ergonomisk n\u00e6ppe forst\u00e5elig.<\/p>\n<p>Derila Memory Foam-puden har ogs\u00e5 en genkendelig b\u00f8lgeform. Denne har dog et fladt hulrum til halsen. Den har ogs\u00e5 udsk\u00e6ringer til skuldrene, som er tilpasset anatomien. Dette resulterer i en lidt anderledes form, der er t\u00e6ttere p\u00e5 den menneskelige anatomi. Du kan altid genkende en Derila-pude p\u00e5 disse gennemt\u00e6nkte detaljer. Derila-puden er udformet s\u00e5ledes, at du nemt kan tage den med i bagagen.<\/p>\n<p>Det er velkendt, at hoteller, pensionater og feriev\u00e6relser aldrig har gode puder. Den d\u00e5rlige s\u00f8vnkvalitet og konstante sp\u00e6ndinger kan virkelig \u00f8del\u00e6gge din ferie &#8211; men Derila-puden g\u00f8r en ende p\u00e5 det. Som \u00e6ldre har du mere komfort til r\u00e5dighed for dig selv. Desuden ville du \u00f8nske, at du ikke havde opgivet at slippe af med de ubehagelige puder, da du var yngre.<\/p>\n<h2>Hvordan er den konstrueret?<\/h2>\n<p>Derila-puden best\u00e5r af tre lag: en indre kerne af hukommelsesskum, hvorp\u00e5 der ligger et tyndt, men behageligt bl\u00f8dt og fast syet betr\u00e6k. Som yderste lag har puden et aftageligt betr\u00e6k, der kan vaskes. Du kan blot vaske dette betr\u00e6k i vaskemaskinen. Det f\u00f8rsteklasses elastiske skum, ogs\u00e5 kendt som hukommelsesskum, giver fleksibel tilpasningsevne. Den vender altid tilbage til sin oprindelige form. Som f\u00f8lge heraf giver den en behagelig dybde, men ogs\u00e5 tilstr\u00e6kkelig st\u00f8tte.<\/p>\n<h2>S\u00e6rlige funktioner<\/h2>\n<p>Derila leveres med et aftageligt betr\u00e6k, der kan vaskes i vaskemaskinen. Dette er ikke tilf\u00e6ldet med alle ergonomiske puder. Almindelige puder er fyldt med fjer, dun eller kapokfibre. Nogle indeholder boghvedeskaller. Disse puder er s\u00e6rligt ubehagelige. Desuden bliver skallerne st\u00f8vede efter et stykke tid.<\/p>\n<p>Kernen i Derila-puden er lavet af fleksibelt, tilpasningsdygtigt hukommelsesskum: et skum med h\u00f8j elasticitet og fleksibilitet. Memoryskum deformerer sig under tryk. Den giver s\u00e5 meget, som du har brug for, men st\u00f8tter dig stadig. N\u00e5r du rejser dig op eller vender dig om i s\u00f8vne, vender den tilbage til sin oprindelige form p\u00e5 f\u00e5 sekunder. Den &#8220;husker&#8221; denne form &#8211; permanent.<\/p>\n<h2>Amazon?<\/h2>\n<p><strong>Kan jeg k\u00f8be Derila-puden p\u00e5 Amazon?<\/strong><\/p>\n<p>Nej, du kan ikke k\u00f8be det der.<\/p>\n<h2>Derila pris<\/h2>\n<p>Fordelen ved dette skum er, at det tilpasser sig igen og igen til dine individuelle behov, din s\u00e6rlige stilling og din anatomi. Sammen med Derila-pudens ergonomiske og anatomisk korrekte form giver dette en uovertruffen komfortabel hovedst\u00f8tte til s\u00f8vn. Du kan i \u00f8jeblikket f\u00e5 denne pude for fantastiske 39,95 euro med 50 procent rabat p\u00e5 prisen. Dette g\u00e6lder dog kun i kort tid. Derefter vil Derila Memory Foam Pillow koste 79,90 euro igen.<\/p>\n<div class=\"sue-section\" data-url=\"\" data-target=\"blank\" style=\"margin:0px 0px 0px 0px;border-top:1px solid #cccccc;border-bottom:1px solid #cccccc\"><div class=\"sue-section-background\" style=\"background-color:#f8f8f8f8;background-position:left top;\"><\/div><div class=\"sue-section-content sue-content-wrap\" style=\"padding:30px 0px 30px 0px;max-width:960px;text-align:left;color:#333333;text-shadow:0px 1px 10px #ffffffffff\">\n<h2>Derila anmeldelser, vidnesbyrd og bed\u00f8mmelser<\/h2>\n<div class=\"su-list\" style=\"margin-left:0px\">\n<ul>\n<li><i class=\"sui sui-users\" style=\"color:#113116\"><\/i> Brugernes sp\u00f8rgsm\u00e5l og kommentarer er nogle gange meget interessante. For eksempel spurgte en person producenten, om Derila-puden kunne bruges til stillesiddende arbejde og d\u00e5rlig kropsholdning. Svaret fra producentens team l\u00f8d: Hvis du sidder ved dit kontorbord i timevis om dagen i en akavet stilling, har du om natten s\u00e5 meget desto mere brug for en pude, der aflaster nakke og rygs\u00f8jle og str\u00e6kker de mellemliggende b\u00e5ndskiver tilbage til et smertefrit sted.<br \/>\nProducenten svarede: &#8220;Derila er udviklet af de bedste specialister til at st\u00f8tte dit hoved og dine skuldre perfekt om natten. Selv hvis du har et fysisk kr\u00e6vende arbejde eller sidder foran en sk\u00e6rm hele dagen, kan Derila give dig perfekt hvile om natten.&#8221; Dette hj\u00e6lper igen med at slippe af med de s\u00e6dvanlige smerter i nakke, skuldre og ryg. Det er utroligt, ikke sandt, hvilken smertetilstand man kan v\u00e6nne sig til i l\u00f8bet af \u00e5rene. Lad mig fort\u00e6lle dig, at dit s\u00e6dvanlige smerteniveau p\u00e5 ingen m\u00e5de er u\u00e6ndret.<\/li>\n<li><i class=\"sui sui-users\" style=\"color:#113116\"><\/i> En kunde ved navn Sienna rapporterede: &#8220;Jeg plejede at have sv\u00e6rt ved at falde i s\u00f8vn. Jeg vendte og drejede mig i timevis og v\u00e5gnede op med s\u00e5 st\u00e6rke nakkesmerter, at min livskvalitet blev p\u00e5virket. Jeg har pr\u00f8vet s\u00e5 mange forskellige midler, madrasser og puder. Intet syntes at virke. Indtil jeg fandt Derila. Efter den f\u00f8rste nat v\u00e5gnede jeg op og m\u00e6rkede en enorm forskel. Det var fantastisk. Jeg har ikke haft nogen ubehag eller smerter i nakken siden.&#8221;<\/li>\n<li><i class=\"sui sui-users\" style=\"color:#113116\"><\/i> Paul siger: &#8220;Du kan faktisk hvile hele natten i forskellige sovestillinger uden den s\u00e6dvanlige nakkeblokering, skuldersmerter eller ubehag i den \u00f8vre del af ryggen. Kan du huske, hvordan det f\u00f8les at v\u00e5gne op om morgenen uden smerter? Hvis ikke, kan du m\u00e5ske pr\u00f8ve Derila-puden. M\u00e5ske vil du opleve dit bl\u00e5 mirakel. Det er jo trods alt den bl\u00e5 skumkerne, der fik det til at f\u00f8les s\u00e5dan.&#8221;<\/li>\n<\/ul>\n<\/div>\n<\/div><\/div>\n<h2>Derila Memory Foam puder k\u00f8ber billigt online (nedsat pris).<\/h2>\n<p>Hvis du k\u00f8ber flere puder p\u00e5 \u00e9n gang til s\u00e6rprisen, bliver det endnu billigere. Ekspresforsendelse i Danmark.<\/p>\n<a href=\"https:\/\/www.eco-innovation.eu\/go\/derila-dk\" class=\"su-button su-button-style-soft\" style=\"color:#FFFFFF;background-color:#fb5a00;border-color:#c94800;border-radius:9px;-moz-border-radius:9px;-webkit-border-radius:9px\" target=\"_blank\" rel=\"nofollow\"><span style=\"color:#FFFFFF;padding:8px 24px;font-size:18px;line-height:27px;border-color:#fd8c4d;border-radius:9px;-moz-border-radius:9px;-webkit-border-radius:9px;text-shadow:none;-moz-text-shadow:none;-webkit-text-shadow:none\"><i class=\"sui sui-check-circle\" style=\"font-size:18px;color:#FFFFFF\"><\/i> Bestil Derila direkte fra producenten (op til -50% prisneds\u00e6ttelse)<\/span><\/a>\n","protected":false},"excerpt":{"rendered":"<p>Derila puden er en ergonomisk formet pude med h\u00f8j genoprettende effekt. Den tilpasser sig til enhver sovestilling takket v\u00e6re kernen af hukommelsesskum. Den specielle skumkerne vender tilbage til sin gamle form efter hver omplacering. Alle typer af sovende f\u00e5r s\u00e5ledes reel st\u00f8tte til nakken og samtidig aflastning af rygs\u00f8jlen. Med Derila fungerer det virkelig i &#8230; <a title=\"Derila Pude Memory Foam Pillow Danmark &#8211; Pris, Anmeldelser, Evaluering og Erfaring\" class=\"read-more\" href=\"https:\/\/www.eco-innovation.eu\/da\/derila\/\" aria-label=\"More on Derila Pude Memory Foam Pillow Danmark &#8211; Pris, Anmeldelser, Evaluering og Erfaring\">L\u00e6s Mere<\/a><\/p>\n","protected":false},"author":1,"featured_media":0,"parent":0,"menu_order":0,"comment_status":"closed","ping_status":"closed","template":"","meta":{"footnotes":""},"class_list":["post-1026","page","type-page","status-publish"],"_links":{"self":[{"href":"https:\/\/www.eco-innovation.eu\/da\/wp-json\/wp\/v2\/pages\/1026","targetHints":{"allow":["GET"]}}],"collection":[{"href":"https:\/\/www.eco-innovation.eu\/da\/wp-json\/wp\/v2\/pages"}],"about":[{"href":"https:\/\/www.eco-innovation.eu\/da\/wp-json\/wp\/v2\/types\/page"}],"author":[{"embeddable":true,"href":"https:\/\/www.eco-innovation.eu\/da\/wp-json\/wp\/v2\/users\/1"}],"replies":[{"embeddable":true,"href":"https:\/\/www.eco-innovation.eu\/da\/wp-json\/wp\/v2\/comments?post=1026"}],"version-history":[{"count":2,"href":"https:\/\/www.eco-innovation.eu\/da\/wp-json\/wp\/v2\/pages\/1026\/revisions"}],"predecessor-version":[{"id":1028,"href":"https:\/\/www.eco-innovation.eu\/da\/wp-json\/wp\/v2\/pages\/1026\/revisions\/1028"}],"wp:attachment":[{"href":"https:\/\/www.eco-innovation.eu\/da\/wp-json\/wp\/v2\/media?parent=1026"}],"curies":[{"name":"wp","href":"https:\/\/api.w.org\/{rel}","templated":true}]}}